{"id":9992,"date":"2020-11-06T16:09:50","date_gmt":"2020-11-06T16:09:50","guid":{"rendered":"http:\/\/www.alquerapruebas.es\/?page_id=9992"},"modified":"2024-02-15T10:52:37","modified_gmt":"2024-02-15T10:52:37","slug":"piscinas","status":"publish","type":"page","link":"https:\/\/www.alquera.com\/en\/sulfato-de-cobre\/piscinas\/","title":{"rendered":"Copper Sulphate Swimming Pools"},"content":{"rendered":"<p><p>The&nbsp;<a href=\"https:\/\/www.alquera.com\/en\/sulfato-de-cobre\/\">Copper Sulphate<\/a>&nbsp;for swimming pools, CuSO4, is used as a&nbsp;<strong>algaecide<\/strong> in the preparation of swimming pools during the summer season. An algaecide is a chemical used to destroy algae (single or multicellular chlorophyllous microscopic plants). They reproduce by division or sporulation and encourage the growth of micro-organisms such as bacteria and fungi.<\/p>\n<p>Virtually all swimming pools require the use of an algaecide. The <strong>copper sulphate<\/strong> is one of the most widely used.<\/p><\/p>\n\n\n\n<h2 class=\"wp-block-heading\"><strong>WHEN TO USE COPPER SULPHATE IN SWIMMING POOLS<\/strong><\/h2>\n\n\n\n<p><p>In these 2 images you can see different pools. In the first image we show you 2 pools with greenish water due to algae and organic matter. The lower image shows you a pool that we are used to swimming in. The colour is often the best indicator of the state of the pool.&nbsp;<\/p>\n<p><a href=\"https:\/\/www.alquera.com\/en\/sulfato-de-cobre\/piscinas\/piscina-agua-algas\/\" rel=\"attachment wp-att-33242\"><img loading=\"lazy\" decoding=\"async\" class=\"alignnone wp-image-33242 size-full\" src=\"https:\/\/www.alquera.com\/wp-content\/uploads\/2021\/03\/piscina-agua-ALGAS.png\" alt=\"Piscina con algas\" width=\"600\" height=\"300\" srcset=\"https:\/\/www.alquera.com\/wp-content\/uploads\/2021\/03\/piscina-agua-ALGAS.png 600w, https:\/\/www.alquera.com\/wp-content\/uploads\/2021\/03\/piscina-agua-ALGAS-300x150.png 300w\" sizes=\"auto, (max-width: 600px) 100vw, 600px\" \/><\/a> <a href=\"https:\/\/www.alquera.com\/en\/sulfato-de-cobre\/piscinas\/piscina-agua-clara\/\" rel=\"attachment wp-att-33243\"><img loading=\"lazy\" decoding=\"async\" class=\"alignnone wp-image-33243 size-full\" src=\"https:\/\/www.alquera.com\/wp-content\/uploads\/2021\/03\/piscina-agua-clara.png\" alt=\"Piscina agua clara\" width=\"600\" height=\"300\" srcset=\"https:\/\/www.alquera.com\/wp-content\/uploads\/2021\/03\/piscina-agua-clara.png 600w, https:\/\/www.alquera.com\/wp-content\/uploads\/2021\/03\/piscina-agua-clara-300x150.png 300w\" sizes=\"auto, (max-width: 600px) 100vw, 600px\" \/><\/a><\/p><\/p>\n\n\n\n<p>The green colour is due to algae, which are unicellular micro-organisms of plant origin, with a great capacity to reproduce under certain conditions.<\/p>\n\n\n\n\n\n<p>To repair the pool when this happens, it is recommended to use a<strong> biocide such as Copper Sulphate<\/strong> which will act as an algaecide. Copper sulphate for swimming pools is the common copper sulphate (pentahydrate), which you will usually find commercially.<\/p>\n\n\n\n<h2 class=\"wp-block-heading\">COPPER SULPHATE DOSAGE FOR SWIMMING POOLS<\/h2>\n\n\n\n<p><p>The dose to be used will depend on the amount of organic matter in the water. It also depends on whether it is a shock treatment or if it is applied as a preventive treatment for the winter.&nbsp;<\/p>\n<p>For a summer preparation cleaning of the water, a reference dose would be <strong>5-10 grams per m3 of water. <\/strong>&nbsp;1 m3 equals 1000 litres, so for a swimming pool of <strong>100 m3 would need 0.5-1Kg<\/strong> of copper sulphate approximately. We can take these quantities as a reference.<\/p><\/p>\n\n\n\n<p>1m3 of Water - (1.000L Water) - 5-10 grams of Copper Sulphate<br>10m3 of Water - (10.000L Water) - 50-100 grams of Copper Sulphate<br>50m3 of Water - (50.000L Water)- 250-500 grams of Copper Sulphate<br>100m3 Water - (100.000L Water) - 500-1000 grams (1Kg) Copper Sulphate<br>2500m3 of Water - 12-25 Kg of Copper Sulphate<\/p>\n\n\n\n<p><\/p>\n\n\n\n<p>Dissolve the product beforehand in a small amount of water and spread over the entire surface of the pool.<\/p>\n\n\n\n<h2 class=\"wp-block-heading\">STEP BY STEP CLEANING OF ALGAE IN THE SWIMMING POOL&nbsp;<\/h2>\n\n\n\n<ul class=\"wp-block-list\">\n<li>Make a calculation of the volume of water in your pool (if you don't have it in the manufacturing plan). With this volume, estimate the quantity of copper sulphate.<\/li>\n\n\n\n<li>Dissolve the copper sulphate in a small amount of water first. Once dissolved in the small amount of water, pour the solution into the pool.<\/li>\n\n\n\n<li>Circulate the water for 1-2 hours. By circulating the water you will be dissolving all the copper sulphate in the pool.  Leave overnight (8-10h) for the copper sulphate to act on the micro-organisms. Copper sulphate is a biocide that will act on the suspended micro-organisms. Subsequently, we will need a product that will precipitate them.&nbsp;<\/li>\n\n\n\n<li>Once it has settled overnight, or at least 8-10 hours, a flocculant is needed to precipitate the suspended particles. One of the most commonly used flocculants is <a href=\"https:\/\/www.alquera.com\/en\/sulfato-de-aluminio\/\">Aluminium sulphate<\/a>. Aluminium sulphate acts as a flocculant, binding the particles and precipitating them to the bottom of the pool.<\/li>\n\n\n\n<li>Leave the aluminium sulphate to stand and act for at least 1-2 hours.<\/li>\n\n\n\n<li>Clean the impurities left on the bottom and walls with a hoover.<\/li>\n\n\n\n<li>Recirculate the pool water.<\/li>\n\n\n\n<li>Measure the pH of the water and its residual chlorine, check that all values are within the established parameters.&nbsp;<\/li>\n\n\n\n<li>To prevent the formation of micro-organisms, the use of a pool protector is recommended.&nbsp;<\/li>\n<\/ul>\n\n\n\n<p>In case the use of copper sulphate is preventive (the pool is not green, but copper sulphate is poured in when filling the pool as a preventive measure), use only as a preventive measure. <strong>2 to 4 grams per m3<\/strong> . If it is for winter maintenance (ALL YEAR ROUND), then use <strong>50 grams per m3<\/strong> of water.&nbsp;<\/p>\n\n\n\n<p>OBSERVATIONS After applying the algaecide or copper sulphate, bluish-grey stains may appear, covering an appreciable surface of the walls and bottoms. They are due to the dead protein residues of the invading micro-organisms, and disappear on their own within 1 to 4 days.<\/p>\n\n\n\n<p><p>Another use of copper sulphate is in agriculture, here you can see more:&nbsp;<a href=\"https:\/\/www.alquera.com\/en\/sulfato-de-cobre\/fungicida\/\">copper sulphate fungicide<\/a>and is also an important component in the&nbsp;<a href=\"https:\/\/www.alquera.com\/en\/sulfato-de-cobre\/alimentacion-animal\/\">animal feed<\/a>.<\/p>\n<h2>ASSOCIATED DOCUMENTATION<\/h2>\n<ul>\n<li><a href=\"https:\/\/www.alquera.com\/en\/sulfato-de-cobre\/piscinas\/ntp_690\/\" rel=\"attachment wp-att-33230\">Guide to good practice in the handling of chemical products in swimming pools.&nbsp;<\/a><\/li>\n<li><a href=\"https:\/\/www.alquera.com\/en\/sulfato-de-cobre\/piscinas\/boe-a-2013-10580-consolidado\/\" rel=\"attachment wp-att-33231\">Royal Decree 742\/2013, of 27 September, establishing the technical-sanitary criteria for swimming pools.<\/a><\/li>\n<li><a href=\"http:\/\/www.madrid.org\/cs\/Satellite?blobcol=urldata&amp;blobheader=application%2Fpdf&amp;blobheadername1=Content-Disposition&amp;blobheadervalue1=filename%3D3._MANUAL_PISCINAS_ENCARGADOS_MANTENIMIENTO_2010%5B1%5D.pdf&amp;blobkey=id&amp;blobtable=MungoBlobs&amp;blobwhere=1352885284227&amp;ssbinary=true\">Swimming Pool Maintenance Guide - Health Community of Madrid<\/a>.<\/li>\n<\/ul><\/p>\n\n\n\n<h3 class=\"widget-title\">Buy <\/h3><div><div class=\"woocommerce\"><ul class=\"products columns-4\">\n<li class=\"desktop-align-left tablet-align-left mobile-align-left ast-product-gallery-layout-horizontal-slider ast-magnify-disabled ast-product-single-variable ast-product-tabs-layout-horizontal ast-qv-on-image product type-product post-495 status-publish first instock product_cat-productos-experimentos product_cat-productos has-post-thumbnail taxable shipping-taxable purchasable product-type-variable has-default-attributes\">\n\t<a href=\"https:\/\/www.alquera.com\/en\/permanganato-de-potasio\/\" class=\"woocommerce-LoopProduct-link woocommerce-loop-product__link\"><img loading=\"lazy\" decoding=\"async\" width=\"300\" height=\"300\" src=\"https:\/\/www.alquera.com\/wp-content\/uploads\/2016\/01\/permanganato-200g-foto-nueva-300x300.png\" class=\"attachment-woocommerce_thumbnail size-woocommerce_thumbnail\" alt=\"permanganato 200g\" srcset=\"https:\/\/www.alquera.com\/wp-content\/uploads\/2016\/01\/permanganato-200g-foto-nueva-300x300.png 300w, https:\/\/www.alquera.com\/wp-content\/uploads\/2016\/01\/permanganato-200g-foto-nueva-150x150.png 150w, https:\/\/www.alquera.com\/wp-content\/uploads\/2016\/01\/permanganato-200g-foto-nueva-12x12.png 12w, https:\/\/www.alquera.com\/wp-content\/uploads\/2016\/01\/permanganato-200g-foto-nueva-100x100.png 100w\" sizes=\"auto, (max-width: 300px) 100vw, 300px\" \/><h2 class=\"woocommerce-loop-product__title\">Potassium Permanganate<\/h2><div class=\"review-rating\"><div class=\"star-rating\"><span style=\"width:100%\" data-no-translation=\"\" data-trp-gettext=\"\">Rated <strong class=\"rating\">5.00<\/strong> out of 5<\/span><\/div><\/div>\n<\/a><a href=\"https:\/\/www.alquera.com\/en\/permanganato-de-potasio\/\" aria-describedby=\"woocommerce_loop_add_to_cart_link_describedby_495\" data-quantity=\"1\" class=\"button product_type_variable add_to_cart_button\" data-product_id=\"495\" data-product_sku=\"AL100111\" aria-label=\"Select options for \u201cPermanganato de Potasio\u201d\" rel=\"nofollow\" data-no-translation=\"\" data-trp-gettext=\"\" data-no-translation-aria-label=\"\">Select options<\/a>\t<span id=\"woocommerce_loop_add_to_cart_link_describedby_495\" class=\"screen-reader-text\">\n\t\tThis product has multiple variants. The options may be chosen on the product page\t<\/span>\n<\/li>\n<\/ul>\n<\/div><\/div>\n\n\n\n<p class=\"widget-title\">Read more<\/p><a href=\"https:\/\/www.alquera.com\/en\/sulfato-de-cobre\/\">Copper Sulphate<\/a>\n<!-- Page-list plugin v.5.9 wordpress.org\/plugins\/page-list\/ -->\n<ul class=\"page-list siblings-page-list\">\n<li class=\"page_item page-item-9998 menu-item\"><a href=\"https:\/\/www.alquera.com\/en\/sulfato-de-cobre\/caldo-bordeles-agricultura\/\" class=\"menu-link\">Bordelaise Broth<\/a><\/li>\n<li class=\"page_item page-item-9989 menu-item\"><a href=\"https:\/\/www.alquera.com\/en\/sulfato-de-cobre\/alimentacion-animal\/\" class=\"menu-link\">Copper Sulphate Animal Feed<\/a><\/li>\n<li class=\"page_item page-item-331 menu-item\"><a href=\"https:\/\/www.alquera.com\/en\/sulfato-de-cobre\/fungicida\/\" class=\"menu-link\">Copper Sulphate Fungicide<\/a><\/li>\n<li class=\"page_item page-item-9992 menu-item\"><a href=\"https:\/\/www.alquera.com\/en\/sulfato-de-cobre\/piscinas\/\" class=\"menu-link\">Copper Sulphate Swimming Pools<\/a><\/li>\n<li class=\"page_item page-item-324 menu-item\"><a href=\"https:\/\/www.alquera.com\/en\/sulfato-de-cobre\/usos\/\" class=\"menu-link\">Uses Copper Sulphate<\/a><\/li>\n\n<\/ul>","protected":false},"excerpt":{"rendered":"<p>El&nbsp;Sulfato de Cobre&nbsp;para piscinas, CuSO4, es utilizado como&nbsp;alguicida en la preparaci\u00f3n de las piscinas en \u00e9poca estival. Un alguicida en un qu\u00edmico utilizado para destruir las algas (vegetales clorof\u00edlicos microsc\u00f3picos un\u00ed o pluricelulares). \u00c9stas se reproducen por divisi\u00f3n o esporulaci\u00f3n y favorecen el crecimiento de microorganismos como las bacterias y los hongos. Pr\u00e1cticamente todas las [&hellip;]<\/p>\n","protected":false},"author":1,"featured_media":0,"parent":32602,"menu_order":0,"comment_status":"open","ping_status":"closed","template":"","meta":{"_acf_changed":false,"site-sidebar-layout":"default","site-content-layout":"default","ast-site-content-layout":"default","site-content-style":"default","site-sidebar-style":"default","ast-global-header-display":"","ast-banner-title-visibility":"","ast-main-header-display":"","ast-hfb-above-header-display":"","ast-hfb-below-header-display":"","ast-hfb-mobile-header-display":"","site-post-title":"","ast-breadcrumbs-content":"","ast-featured-img":"","footer-sml-layout":"","ast-disable-related-posts":"","theme-transparent-header-meta":"default","adv-header-id-meta":"","stick-header-meta":"default","header-above-stick-meta":"","header-main-stick-meta":"","header-below-stick-meta":"","astra-migrate-meta-layouts":"default","ast-page-background-enabled":"default","ast-page-background-meta":{"desktop":{"background-color":"var(--ast-global-color-4)","background-image":"","background-repeat":"repeat","background-position":"center center","background-size":"auto","background-attachment":"scroll","background-type":"","background-media":"","overlay-type":"","overlay-color":"","overlay-opacity":"","overlay-gradient":""},"tablet":{"background-color":"","background-image":"","background-repeat":"repeat","background-position":"center center","background-size":"auto","background-attachment":"scroll","background-type":"","background-media":"","overlay-type":"","overlay-color":"","overlay-opacity":"","overlay-gradient":""},"mobile":{"background-color":"","background-image":"","background-repeat":"repeat","background-position":"center center","background-size":"auto","background-attachment":"scroll","background-type":"","background-media":"","overlay-type":"","overlay-color":"","overlay-opacity":"","overlay-gradient":""}},"ast-content-background-meta":{"desktop":{"background-color":"var(--ast-global-color-5)","background-image":"","background-repeat":"repeat","background-position":"center center","background-size":"auto","background-attachment":"scroll","background-type":"","background-media":"","overlay-type":"","overlay-color":"","overlay-opacity":"","overlay-gradient":""},"tablet":{"background-color":"var(--ast-global-color-5)","background-image":"","background-repeat":"repeat","background-position":"center center","background-size":"auto","background-attachment":"scroll","background-type":"","background-media":"","overlay-type":"","overlay-color":"","overlay-opacity":"","overlay-gradient":""},"mobile":{"background-color":"var(--ast-global-color-5)","background-image":"","background-repeat":"repeat","background-position":"center center","background-size":"auto","background-attachment":"scroll","background-type":"","background-media":"","overlay-type":"","overlay-color":"","overlay-opacity":"","overlay-gradient":""}},"footnotes":""},"class_list":["post-9992","page","type-page","status-publish","hentry"],"acf":[],"yoast_head":"<!-- This site is optimized with the Yoast SEO Premium plugin v27.1 (Yoast SEO v27.1.1) - https:\/\/yoast.com\/product\/yoast-seo-premium-wordpress\/ -->\n<title>Sulfato de Cobre: Uso en Piscinas y Comprar - Alquera.com<\/title>\n<meta name=\"description\" content=\"ENV\u00cdOS EN 24\/48H - El sulfato de cobre es un producto que actua como excelente alguicida para piscinas. Ver c\u00f3mo aplicar el sulfato de cobre\" \/>\n<meta name=\"robots\" content=\"index, follow, max-snippet:-1, max-image-preview:large, max-video-preview:-1\" \/>\n<link rel=\"canonical\" href=\"https:\/\/www.alquera.com\/en\/sulfato-de-cobre\/piscinas\/\" \/>\n<meta property=\"og:locale\" content=\"en_GB\" \/>\n<meta property=\"og:type\" content=\"article\" \/>\n<meta property=\"og:title\" content=\"Sulfato de Cobre Piscinas\" \/>\n<meta property=\"og:description\" content=\"ENV\u00cdOS EN 24\/48H - El sulfato de cobre es un producto que actua como excelente alguicida para piscinas. Ver c\u00f3mo aplicar el sulfato de cobre\" \/>\n<meta property=\"og:url\" content=\"https:\/\/www.alquera.com\/en\/sulfato-de-cobre\/piscinas\/\" \/>\n<meta property=\"og:site_name\" content=\"Alquera.com\" \/>\n<meta property=\"article:publisher\" content=\"https:\/\/www.facebook.com\/alqueraciencia\" \/>\n<meta property=\"article:modified_time\" content=\"2024-02-15T10:52:37+00:00\" \/>\n<meta property=\"og:image\" content=\"https:\/\/www.alquera.com\/wp-content\/uploads\/2021\/03\/piscina-agua-ALGAS.png\" \/>\n<meta name=\"twitter:card\" content=\"summary_large_image\" \/>\n<meta name=\"twitter:label1\" content=\"Estimated reading time\" \/>\n\t<meta name=\"twitter:data1\" content=\"4 minutes\" \/>\n<script type=\"application\/ld+json\" class=\"yoast-schema-graph\">{\"@context\":\"https:\/\/schema.org\",\"@graph\":[{\"@type\":\"WebPage\",\"@id\":\"https:\/\/www.alquera.com\/sulfato-de-cobre\/piscinas\/\",\"url\":\"https:\/\/www.alquera.com\/sulfato-de-cobre\/piscinas\/\",\"name\":\"Sulfato de Cobre: Uso en Piscinas y Comprar - Alquera.com\",\"isPartOf\":{\"@id\":\"https:\/\/www.alquera.com\/en\/#website\"},\"primaryImageOfPage\":{\"@id\":\"https:\/\/www.alquera.com\/sulfato-de-cobre\/piscinas\/#primaryimage\"},\"image\":{\"@id\":\"https:\/\/www.alquera.com\/sulfato-de-cobre\/piscinas\/#primaryimage\"},\"thumbnailUrl\":\"https:\/\/www.alquera.com\/wp-content\/uploads\/2021\/03\/piscina-agua-ALGAS.png\",\"datePublished\":\"2020-11-06T16:09:50+00:00\",\"dateModified\":\"2024-02-15T10:52:37+00:00\",\"description\":\"ENV\u00cdOS EN 24\/48H - El sulfato de cobre es un producto que actua como excelente alguicida para piscinas. Ver c\u00f3mo aplicar el sulfato de cobre\",\"breadcrumb\":{\"@id\":\"https:\/\/www.alquera.com\/sulfato-de-cobre\/piscinas\/#breadcrumb\"},\"inLanguage\":\"en-GB\",\"potentialAction\":[{\"@type\":\"ReadAction\",\"target\":[\"https:\/\/www.alquera.com\/sulfato-de-cobre\/piscinas\/\"]}]},{\"@type\":\"ImageObject\",\"inLanguage\":\"en-GB\",\"@id\":\"https:\/\/www.alquera.com\/sulfato-de-cobre\/piscinas\/#primaryimage\",\"url\":\"https:\/\/www.alquera.com\/wp-content\/uploads\/2021\/03\/piscina-agua-ALGAS.png\",\"contentUrl\":\"https:\/\/www.alquera.com\/wp-content\/uploads\/2021\/03\/piscina-agua-ALGAS.png\"},{\"@type\":\"BreadcrumbList\",\"@id\":\"https:\/\/www.alquera.com\/sulfato-de-cobre\/piscinas\/#breadcrumb\",\"itemListElement\":[{\"@type\":\"ListItem\",\"position\":1,\"name\":\"Inicio\",\"item\":\"https:\/\/www.alquera.com\/\"},{\"@type\":\"ListItem\",\"position\":2,\"name\":\"Sulfato de Cobre\",\"item\":\"https:\/\/www.alquera.com\/sulfato-de-cobre\/\"},{\"@type\":\"ListItem\",\"position\":3,\"name\":\"Sulfato de Cobre Piscinas\"}]},{\"@type\":\"WebSite\",\"@id\":\"https:\/\/www.alquera.com\/en\/#website\",\"url\":\"https:\/\/www.alquera.com\/en\/\",\"name\":\"Alquera.com\",\"description\":\"Tienda Online Productos Qu\u00edmicos y Material de Laboratorio\",\"publisher\":{\"@id\":\"https:\/\/www.alquera.com\/en\/#organization\"},\"potentialAction\":[{\"@type\":\"SearchAction\",\"target\":{\"@type\":\"EntryPoint\",\"urlTemplate\":\"https:\/\/www.alquera.com\/en\/?s={search_term_string}\"},\"query-input\":{\"@type\":\"PropertyValueSpecification\",\"valueRequired\":true,\"valueName\":\"search_term_string\"}}],\"inLanguage\":\"en-GB\"},{\"@type\":\"Organization\",\"@id\":\"https:\/\/www.alquera.com\/en\/#organization\",\"name\":\"ALQUERA CIENCIA SL\",\"url\":\"https:\/\/www.alquera.com\/en\/\",\"logo\":{\"@type\":\"ImageObject\",\"inLanguage\":\"en-GB\",\"@id\":\"https:\/\/www.alquera.com\/en\/#\/schema\/logo\/image\/\",\"url\":\"https:\/\/www.alquera.com\/wp-content\/uploads\/2020\/11\/logo_300_ancho.png\",\"contentUrl\":\"https:\/\/www.alquera.com\/wp-content\/uploads\/2020\/11\/logo_300_ancho.png\",\"width\":300,\"height\":86,\"caption\":\"ALQUERA CIENCIA SL\"},\"image\":{\"@id\":\"https:\/\/www.alquera.com\/en\/#\/schema\/logo\/image\/\"},\"sameAs\":[\"https:\/\/www.facebook.com\/alqueraciencia\",\"https:\/\/www.instagram.com\/alquera_ciencia\/\",\"https:\/\/www.youtube.com\/c\/alquera\"]}]}<\/script>\n<!-- \/ Yoast SEO Premium plugin. -->","yoast_head_json":{"title":"Copper Sulphate: Use in Swimming Pools and Buy - Alquera.com","description":"SHIPPING IN 24\/48H - Copper sulphate is a product that acts as an excellent algaecide for swimming pools. See how to apply copper sulphate","robots":{"index":"index","follow":"follow","max-snippet":"max-snippet:-1","max-image-preview":"max-image-preview:large","max-video-preview":"max-video-preview:-1"},"canonical":"https:\/\/www.alquera.com\/en\/sulfato-de-cobre\/piscinas\/","og_locale":"en_GB","og_type":"article","og_title":"Sulfato de Cobre Piscinas","og_description":"ENV\u00cdOS EN 24\/48H - El sulfato de cobre es un producto que actua como excelente alguicida para piscinas. Ver c\u00f3mo aplicar el sulfato de cobre","og_url":"https:\/\/www.alquera.com\/en\/sulfato-de-cobre\/piscinas\/","og_site_name":"Alquera.com","article_publisher":"https:\/\/www.facebook.com\/alqueraciencia","article_modified_time":"2024-02-15T10:52:37+00:00","og_image":[{"url":"https:\/\/www.alquera.com\/wp-content\/uploads\/2021\/03\/piscina-agua-ALGAS.png","type":"","width":"","height":""}],"twitter_card":"summary_large_image","twitter_misc":{"Estimated reading time":"4 minutes"},"schema":{"@context":"https:\/\/schema.org","@graph":[{"@type":"WebPage","@id":"https:\/\/www.alquera.com\/sulfato-de-cobre\/piscinas\/","url":"https:\/\/www.alquera.com\/sulfato-de-cobre\/piscinas\/","name":"Copper Sulphate: Use in Swimming Pools and Buy - Alquera.com","isPartOf":{"@id":"https:\/\/www.alquera.com\/en\/#website"},"primaryImageOfPage":{"@id":"https:\/\/www.alquera.com\/sulfato-de-cobre\/piscinas\/#primaryimage"},"image":{"@id":"https:\/\/www.alquera.com\/sulfato-de-cobre\/piscinas\/#primaryimage"},"thumbnailUrl":"https:\/\/www.alquera.com\/wp-content\/uploads\/2021\/03\/piscina-agua-ALGAS.png","datePublished":"2020-11-06T16:09:50+00:00","dateModified":"2024-02-15T10:52:37+00:00","description":"SHIPPING IN 24\/48H - Copper sulphate is a product that acts as an excellent algaecide for swimming pools. See how to apply copper sulphate","breadcrumb":{"@id":"https:\/\/www.alquera.com\/sulfato-de-cobre\/piscinas\/#breadcrumb"},"inLanguage":"en-GB","potentialAction":[{"@type":"ReadAction","target":["https:\/\/www.alquera.com\/sulfato-de-cobre\/piscinas\/"]}]},{"@type":"ImageObject","inLanguage":"en-GB","@id":"https:\/\/www.alquera.com\/sulfato-de-cobre\/piscinas\/#primaryimage","url":"https:\/\/www.alquera.com\/wp-content\/uploads\/2021\/03\/piscina-agua-ALGAS.png","contentUrl":"https:\/\/www.alquera.com\/wp-content\/uploads\/2021\/03\/piscina-agua-ALGAS.png"},{"@type":"BreadcrumbList","@id":"https:\/\/www.alquera.com\/sulfato-de-cobre\/piscinas\/#breadcrumb","itemListElement":[{"@type":"ListItem","position":1,"name":"Inicio","item":"https:\/\/www.alquera.com\/"},{"@type":"ListItem","position":2,"name":"Sulfato de Cobre","item":"https:\/\/www.alquera.com\/sulfato-de-cobre\/"},{"@type":"ListItem","position":3,"name":"Sulfato de Cobre Piscinas"}]},{"@type":"WebSite","@id":"https:\/\/www.alquera.com\/en\/#website","url":"https:\/\/www.alquera.com\/en\/","name":"Alquera.com","description":"Online Shop Chemical Products and Laboratory Equipment","publisher":{"@id":"https:\/\/www.alquera.com\/en\/#organization"},"potentialAction":[{"@type":"SearchAction","target":{"@type":"EntryPoint","urlTemplate":"https:\/\/www.alquera.com\/en\/?s={search_term_string}"},"query-input":{"@type":"PropertyValueSpecification","valueRequired":true,"valueName":"search_term_string"}}],"inLanguage":"en-GB"},{"@type":"Organization","@id":"https:\/\/www.alquera.com\/en\/#organization","name":"ALQUERA CIENCIA SL","url":"https:\/\/www.alquera.com\/en\/","logo":{"@type":"ImageObject","inLanguage":"en-GB","@id":"https:\/\/www.alquera.com\/en\/#\/schema\/logo\/image\/","url":"https:\/\/www.alquera.com\/wp-content\/uploads\/2020\/11\/logo_300_ancho.png","contentUrl":"https:\/\/www.alquera.com\/wp-content\/uploads\/2020\/11\/logo_300_ancho.png","width":300,"height":86,"caption":"ALQUERA CIENCIA SL"},"image":{"@id":"https:\/\/www.alquera.com\/en\/#\/schema\/logo\/image\/"},"sameAs":["https:\/\/www.facebook.com\/alqueraciencia","https:\/\/www.instagram.com\/alquera_ciencia\/","https:\/\/www.youtube.com\/c\/alquera"]}]}},"_links":{"self":[{"href":"https:\/\/www.alquera.com\/en\/wp-json\/wp\/v2\/pages\/9992","targetHints":{"allow":["GET"]}}],"collection":[{"href":"https:\/\/www.alquera.com\/en\/wp-json\/wp\/v2\/pages"}],"about":[{"href":"https:\/\/www.alquera.com\/en\/wp-json\/wp\/v2\/types\/page"}],"author":[{"embeddable":true,"href":"https:\/\/www.alquera.com\/en\/wp-json\/wp\/v2\/users\/1"}],"replies":[{"embeddable":true,"href":"https:\/\/www.alquera.com\/en\/wp-json\/wp\/v2\/comments?post=9992"}],"version-history":[{"count":26,"href":"https:\/\/www.alquera.com\/en\/wp-json\/wp\/v2\/pages\/9992\/revisions"}],"predecessor-version":[{"id":46316,"href":"https:\/\/www.alquera.com\/en\/wp-json\/wp\/v2\/pages\/9992\/revisions\/46316"}],"up":[{"embeddable":true,"href":"https:\/\/www.alquera.com\/en\/wp-json\/wp\/v2\/pages\/32602"}],"wp:attachment":[{"href":"https:\/\/www.alquera.com\/en\/wp-json\/wp\/v2\/media?parent=9992"}],"curies":[{"name":"wp","href":"https:\/\/api.w.org\/{rel}","templated":true}]}}