{"id":9998,"date":"2020-11-06T16:13:50","date_gmt":"2020-11-06T16:13:50","guid":{"rendered":"http:\/\/www.alquerapruebas.es\/?page_id=9998"},"modified":"2021-09-20T12:03:30","modified_gmt":"2021-09-20T12:03:30","slug":"caldo-bordeles-agricultura","status":"publish","type":"page","link":"https:\/\/www.alquera.com\/en\/sulfato-de-cobre\/caldo-bordeles-agricultura\/","title":{"rendered":"Bordelaise Broth"},"content":{"rendered":"<p>Bordeaux mixture is a preparation used as a fungicide (to control fungi) on plants. Bordeaux mixture is composed of copper sulphate and calcium hydroxide, and is used as a fungicide.&nbsp;<a href=\"http:\/\/eur-lex.europa.eu\/legal-content\/ES\/TXT\/PDF\/?uri=CELEX:32014R0354&amp;from=ES\">is allowed within organic farming<\/a>. Another fungicide permitted in organic farming is copper oxychloride.<\/p>\n\n\n\n<p>The use of the&nbsp;<a href=\"https:\/\/www.alquera.com\/en\/sulfato-de-cobre\/\">copper sulphate<\/a>&nbsp;in Bordeaux mixture in organic farming is only allowed as a bactericide and fungicide and up to 6 kg of copper per hectare per year.<\/p>\n\n\n\n<h2 class=\"wp-block-heading\">HOW TO PREPARE BORDELAISE BROTH<\/h2>\n\n\n\n<figure class=\"wp-block-image size-large\"><img loading=\"lazy\" decoding=\"async\" width=\"585\" height=\"307\" src=\"https:\/\/www.alquera.com\/wp-content\/uploads\/2020\/11\/midiendophcaldobordeles.png\" alt=\"\" class=\"wp-image-10286\" srcset=\"https:\/\/www.alquera.com\/wp-content\/uploads\/2020\/11\/midiendophcaldobordeles.png 585w, https:\/\/www.alquera.com\/wp-content\/uploads\/2020\/11\/midiendophcaldobordeles-300x157.png 300w, https:\/\/www.alquera.com\/wp-content\/uploads\/2020\/11\/midiendophcaldobordeles-64x34.png 64w\" sizes=\"auto, (max-width: 585px) 100vw, 585px\" \/><\/figure>\n\n\n\n<p>To make one litre of Bordeaux stock you will need:<\/p>\n\n\n\n<ul class=\"wp-block-list\"><li>10 grams of&nbsp;<strong>copper sulphate<\/strong>.<\/li><li>10 grams of quicklime (<strong>lime oxide<\/strong>). You can find it here.<\/li><li>pH meter<\/li><li>Water<\/li><\/ul>\n\n\n\n<ol class=\"wp-block-list\"><li>We start by making 2 dilutions.\n<ol>\n<li>A solution of 10 grams of copper sulphate in water<\/li>\n<li>A solution of 10 grams of quicklime in water.<\/li>\n<\/ol>\n<\/li><li>Let both solutions stand for several hours. Pass the lime solution through a strainer or filter to remove the small undissolved lime particles. You can use a piece of cloth as an improvised filter.<\/li><li>Pour the copper sulphate over the lime. Do not do it all at once but little by little in order to measure the&nbsp;<a href=\"https:\/\/www.experimentoscientificos.es\/ph\/\">pH<\/a>&nbsp;at the same time with a paper indicator or a pocket phmeter. Stir as the two liquids come together with wood or plastic, if you use metal it will rust.<\/li><li>As copper sulphate is added, the pH decreases (the copper sulphate decreases the alkalinity of the calcium hydroxide formed by dissolving calcium oxide in water). When the pH is close to 7, the Bordeaux stock is ready. If you find that the pH falls below 6.5, you can raise it by adding a little calcium hydroxide.<\/li><li>Pour the formed liquid, which will have the blue colour of copper sulphate, into the fumigation apparatus to be used.<\/li><li>Now, with the help of the sprayer, spray the whole plant, applying the liquid to both sides of the leaves. Avoid the hottest hours when spraying.<\/li><\/ol>\n\n\n\n<p>Sometimes only a dilution of&nbsp;<a href=\"https:\/\/www.alquera.com\/en\/sulfato-de-cobre\/fungicida\/\">copper sulphate as fungicide<\/a>without making Bordeaux mixture. Copper oxychloride is also commonly used for this purpose.<\/p>\n\n\n\n<h3 class=\"widget-title\">Buy <\/h3><div><div class=\"woocommerce\"><ul class=\"products columns-4\">\n<li class=\"desktop-align-left tablet-align-left mobile-align-left ast-product-gallery-layout-horizontal-slider ast-magnify-disabled ast-product-single-variable ast-product-tabs-layout-horizontal ast-qv-on-image product type-product post-495 status-publish first instock product_cat-productos-experimentos product_cat-productos has-post-thumbnail taxable shipping-taxable purchasable product-type-variable has-default-attributes\">\n\t<a href=\"https:\/\/www.alquera.com\/en\/permanganato-de-potasio\/\" class=\"woocommerce-LoopProduct-link woocommerce-loop-product__link\"><img loading=\"lazy\" decoding=\"async\" width=\"300\" height=\"300\" src=\"https:\/\/www.alquera.com\/wp-content\/uploads\/2016\/01\/permanganato-200g-foto-nueva-300x300.png\" class=\"attachment-woocommerce_thumbnail size-woocommerce_thumbnail\" alt=\"permanganato 200g\" srcset=\"https:\/\/www.alquera.com\/wp-content\/uploads\/2016\/01\/permanganato-200g-foto-nueva-300x300.png 300w, https:\/\/www.alquera.com\/wp-content\/uploads\/2016\/01\/permanganato-200g-foto-nueva-150x150.png 150w, https:\/\/www.alquera.com\/wp-content\/uploads\/2016\/01\/permanganato-200g-foto-nueva-12x12.png 12w, https:\/\/www.alquera.com\/wp-content\/uploads\/2016\/01\/permanganato-200g-foto-nueva-100x100.png 100w\" sizes=\"auto, (max-width: 300px) 100vw, 300px\" \/><h2 class=\"woocommerce-loop-product__title\">Potassium Permanganate<\/h2><div class=\"review-rating\"><div class=\"star-rating\"><span style=\"width:100%\" data-no-translation=\"\" data-trp-gettext=\"\">Rated <strong class=\"rating\">5.00<\/strong> out of 5<\/span><\/div><\/div>\n<\/a><a href=\"https:\/\/www.alquera.com\/en\/permanganato-de-potasio\/\" aria-describedby=\"woocommerce_loop_add_to_cart_link_describedby_495\" data-quantity=\"1\" class=\"button product_type_variable add_to_cart_button\" data-product_id=\"495\" data-product_sku=\"AL100111\" aria-label=\"Select options for \u201cPermanganato de Potasio\u201d\" rel=\"nofollow\" data-no-translation=\"\" data-trp-gettext=\"\" data-no-translation-aria-label=\"\">Select options<\/a>\t<span id=\"woocommerce_loop_add_to_cart_link_describedby_495\" class=\"screen-reader-text\">\n\t\tThis product has multiple variants. The options may be chosen on the product page\t<\/span>\n<\/li>\n<\/ul>\n<\/div><\/div>\n\n\n\n<p class=\"widget-title\">Read more<\/p><a href=\"https:\/\/www.alquera.com\/en\/sulfato-de-cobre\/\">Copper Sulphate<\/a>\n<!-- Page-list plugin v.5.9 wordpress.org\/plugins\/page-list\/ -->\n<ul class=\"page-list siblings-page-list\">\n<li class=\"page_item page-item-9998 menu-item\"><a href=\"https:\/\/www.alquera.com\/en\/sulfato-de-cobre\/caldo-bordeles-agricultura\/\" class=\"menu-link\">Bordelaise Broth<\/a><\/li>\n<li class=\"page_item page-item-9989 menu-item\"><a href=\"https:\/\/www.alquera.com\/en\/sulfato-de-cobre\/alimentacion-animal\/\" class=\"menu-link\">Copper Sulphate Animal Feed<\/a><\/li>\n<li class=\"page_item page-item-331 menu-item\"><a href=\"https:\/\/www.alquera.com\/en\/sulfato-de-cobre\/fungicida\/\" class=\"menu-link\">Copper Sulphate Fungicide<\/a><\/li>\n<li class=\"page_item page-item-9992 menu-item\"><a href=\"https:\/\/www.alquera.com\/en\/sulfato-de-cobre\/piscinas\/\" class=\"menu-link\">Copper Sulphate Swimming Pools<\/a><\/li>\n<li class=\"page_item page-item-324 menu-item\"><a href=\"https:\/\/www.alquera.com\/en\/sulfato-de-cobre\/usos\/\" class=\"menu-link\">Uses Copper Sulphate<\/a><\/li>\n\n<\/ul>","protected":false},"excerpt":{"rendered":"<p>El caldo bordeles es un preparado utilizado como fungicida (para controlar hongos) en las plantas. El caldo bordeles est\u00e1 compuesto de sulfato de cobre e hidr\u00f3xido de calcio,&nbsp;y su uso&nbsp;se permite dentro de la agricultura ecol\u00f3gica. Otro fungicida permitido en la agricultura ecol\u00f3gica es el oxicloruro de cobre. El uso del&nbsp;sulfato de cobre&nbsp;dentro del caldo [&hellip;]<\/p>\n","protected":false},"author":1,"featured_media":0,"parent":32602,"menu_order":0,"comment_status":"open","ping_status":"closed","template":"","meta":{"_acf_changed":false,"site-sidebar-layout":"default","site-content-layout":"default","ast-site-content-layout":"default","site-content-style":"default","site-sidebar-style":"default","ast-global-header-display":"","ast-banner-title-visibility":"","ast-main-header-display":"","ast-hfb-above-header-display":"","ast-hfb-below-header-display":"","ast-hfb-mobile-header-display":"","site-post-title":"","ast-breadcrumbs-content":"","ast-featured-img":"","footer-sml-layout":"","ast-disable-related-posts":"","theme-transparent-header-meta":"default","adv-header-id-meta":"","stick-header-meta":"default","header-above-stick-meta":"","header-main-stick-meta":"","header-below-stick-meta":"","astra-migrate-meta-layouts":"default","ast-page-background-enabled":"default","ast-page-background-meta":{"desktop":{"background-color":"var(--ast-global-color-4)","background-image":"","background-repeat":"repeat","background-position":"center center","background-size":"auto","background-attachment":"scroll","background-type":"","background-media":"","overlay-type":"","overlay-color":"","overlay-opacity":"","overlay-gradient":""},"tablet":{"background-color":"","background-image":"","background-repeat":"repeat","background-position":"center center","background-size":"auto","background-attachment":"scroll","background-type":"","background-media":"","overlay-type":"","overlay-color":"","overlay-opacity":"","overlay-gradient":""},"mobile":{"background-color":"","background-image":"","background-repeat":"repeat","background-position":"center center","background-size":"auto","background-attachment":"scroll","background-type":"","background-media":"","overlay-type":"","overlay-color":"","overlay-opacity":"","overlay-gradient":""}},"ast-content-background-meta":{"desktop":{"background-color":"var(--ast-global-color-5)","background-image":"","background-repeat":"repeat","background-position":"center center","background-size":"auto","background-attachment":"scroll","background-type":"","background-media":"","overlay-type":"","overlay-color":"","overlay-opacity":"","overlay-gradient":""},"tablet":{"background-color":"var(--ast-global-color-5)","background-image":"","background-repeat":"repeat","background-position":"center center","background-size":"auto","background-attachment":"scroll","background-type":"","background-media":"","overlay-type":"","overlay-color":"","overlay-opacity":"","overlay-gradient":""},"mobile":{"background-color":"var(--ast-global-color-5)","background-image":"","background-repeat":"repeat","background-position":"center center","background-size":"auto","background-attachment":"scroll","background-type":"","background-media":"","overlay-type":"","overlay-color":"","overlay-opacity":"","overlay-gradient":""}},"footnotes":""},"class_list":["post-9998","page","type-page","status-publish","hentry"],"acf":[],"yoast_head":"<!-- This site is optimized with the Yoast SEO Premium plugin v27.1 (Yoast SEO v27.1.1) - https:\/\/yoast.com\/product\/yoast-seo-premium-wordpress\/ -->\n<title>Caldo Bordel\u00e9s - Alquera.com<\/title>\n<meta name=\"description\" content=\"C\u00f3mo preparar caldo bordel\u00e9s, a base de sulfato de cobre, fungicida ideal para cultivos y plantas, aprobado en cultivo ecol\u00f3gico.\" \/>\n<meta name=\"robots\" content=\"index, follow, max-snippet:-1, max-image-preview:large, max-video-preview:-1\" \/>\n<link rel=\"canonical\" href=\"https:\/\/www.alquera.com\/en\/sulfato-de-cobre\/caldo-bordeles-agricultura\/\" \/>\n<meta property=\"og:locale\" content=\"en_GB\" \/>\n<meta property=\"og:type\" content=\"article\" \/>\n<meta property=\"og:title\" content=\"Caldo Bordel\u00e9s\" \/>\n<meta property=\"og:description\" content=\"C\u00f3mo preparar caldo bordel\u00e9s, a base de sulfato de cobre, fungicida ideal para cultivos y plantas, aprobado en cultivo ecol\u00f3gico.\" \/>\n<meta property=\"og:url\" content=\"https:\/\/www.alquera.com\/en\/sulfato-de-cobre\/caldo-bordeles-agricultura\/\" \/>\n<meta property=\"og:site_name\" content=\"Alquera.com\" \/>\n<meta property=\"article:publisher\" content=\"https:\/\/www.facebook.com\/alqueraciencia\" \/>\n<meta property=\"article:modified_time\" content=\"2021-09-20T12:03:30+00:00\" \/>\n<meta property=\"og:image\" content=\"https:\/\/www.alquera.com\/wp-content\/uploads\/2020\/11\/midiendophcaldobordeles.png\" \/>\n<meta name=\"twitter:card\" content=\"summary_large_image\" \/>\n<meta name=\"twitter:label1\" content=\"Estimated reading time\" \/>\n\t<meta name=\"twitter:data1\" content=\"2 minutes\" \/>\n<script type=\"application\/ld+json\" class=\"yoast-schema-graph\">{\"@context\":\"https:\/\/schema.org\",\"@graph\":[{\"@type\":\"WebPage\",\"@id\":\"https:\/\/www.alquera.com\/sulfato-de-cobre\/caldo-bordeles-agricultura\/\",\"url\":\"https:\/\/www.alquera.com\/sulfato-de-cobre\/caldo-bordeles-agricultura\/\",\"name\":\"Caldo Bordel\u00e9s - Alquera.com\",\"isPartOf\":{\"@id\":\"https:\/\/www.alquera.com\/en\/#website\"},\"primaryImageOfPage\":{\"@id\":\"https:\/\/www.alquera.com\/sulfato-de-cobre\/caldo-bordeles-agricultura\/#primaryimage\"},\"image\":{\"@id\":\"https:\/\/www.alquera.com\/sulfato-de-cobre\/caldo-bordeles-agricultura\/#primaryimage\"},\"thumbnailUrl\":\"https:\/\/www.alquera.com\/wp-content\/uploads\/2020\/11\/midiendophcaldobordeles.png\",\"datePublished\":\"2020-11-06T16:13:50+00:00\",\"dateModified\":\"2021-09-20T12:03:30+00:00\",\"description\":\"C\u00f3mo preparar caldo bordel\u00e9s, a base de sulfato de cobre, fungicida ideal para cultivos y plantas, aprobado en cultivo ecol\u00f3gico.\",\"breadcrumb\":{\"@id\":\"https:\/\/www.alquera.com\/sulfato-de-cobre\/caldo-bordeles-agricultura\/#breadcrumb\"},\"inLanguage\":\"en-GB\",\"potentialAction\":[{\"@type\":\"ReadAction\",\"target\":[\"https:\/\/www.alquera.com\/sulfato-de-cobre\/caldo-bordeles-agricultura\/\"]}]},{\"@type\":\"ImageObject\",\"inLanguage\":\"en-GB\",\"@id\":\"https:\/\/www.alquera.com\/sulfato-de-cobre\/caldo-bordeles-agricultura\/#primaryimage\",\"url\":\"https:\/\/www.alquera.com\/wp-content\/uploads\/2020\/11\/midiendophcaldobordeles.png\",\"contentUrl\":\"https:\/\/www.alquera.com\/wp-content\/uploads\/2020\/11\/midiendophcaldobordeles.png\"},{\"@type\":\"BreadcrumbList\",\"@id\":\"https:\/\/www.alquera.com\/sulfato-de-cobre\/caldo-bordeles-agricultura\/#breadcrumb\",\"itemListElement\":[{\"@type\":\"ListItem\",\"position\":1,\"name\":\"Inicio\",\"item\":\"https:\/\/www.alquera.com\/\"},{\"@type\":\"ListItem\",\"position\":2,\"name\":\"Sulfato de Cobre\",\"item\":\"https:\/\/www.alquera.com\/sulfato-de-cobre\/\"},{\"@type\":\"ListItem\",\"position\":3,\"name\":\"Caldo Bordel\u00e9s\"}]},{\"@type\":\"WebSite\",\"@id\":\"https:\/\/www.alquera.com\/en\/#website\",\"url\":\"https:\/\/www.alquera.com\/en\/\",\"name\":\"Alquera.com\",\"description\":\"Tienda Online Productos Qu\u00edmicos y Material de Laboratorio\",\"publisher\":{\"@id\":\"https:\/\/www.alquera.com\/en\/#organization\"},\"potentialAction\":[{\"@type\":\"SearchAction\",\"target\":{\"@type\":\"EntryPoint\",\"urlTemplate\":\"https:\/\/www.alquera.com\/en\/?s={search_term_string}\"},\"query-input\":{\"@type\":\"PropertyValueSpecification\",\"valueRequired\":true,\"valueName\":\"search_term_string\"}}],\"inLanguage\":\"en-GB\"},{\"@type\":\"Organization\",\"@id\":\"https:\/\/www.alquera.com\/en\/#organization\",\"name\":\"ALQUERA CIENCIA SL\",\"url\":\"https:\/\/www.alquera.com\/en\/\",\"logo\":{\"@type\":\"ImageObject\",\"inLanguage\":\"en-GB\",\"@id\":\"https:\/\/www.alquera.com\/en\/#\/schema\/logo\/image\/\",\"url\":\"https:\/\/www.alquera.com\/wp-content\/uploads\/2020\/11\/logo_300_ancho.png\",\"contentUrl\":\"https:\/\/www.alquera.com\/wp-content\/uploads\/2020\/11\/logo_300_ancho.png\",\"width\":300,\"height\":86,\"caption\":\"ALQUERA CIENCIA SL\"},\"image\":{\"@id\":\"https:\/\/www.alquera.com\/en\/#\/schema\/logo\/image\/\"},\"sameAs\":[\"https:\/\/www.facebook.com\/alqueraciencia\",\"https:\/\/www.instagram.com\/alquera_ciencia\/\",\"https:\/\/www.youtube.com\/c\/alquera\"]}]}<\/script>\n<!-- \/ Yoast SEO Premium plugin. -->","yoast_head_json":{"title":"Broth Bordelaise - Alquera.com","description":"How to prepare Bordeaux mixture, based on copper sulphate, an ideal fungicide for crops and plants, approved for organic farming.","robots":{"index":"index","follow":"follow","max-snippet":"max-snippet:-1","max-image-preview":"max-image-preview:large","max-video-preview":"max-video-preview:-1"},"canonical":"https:\/\/www.alquera.com\/en\/sulfato-de-cobre\/caldo-bordeles-agricultura\/","og_locale":"en_GB","og_type":"article","og_title":"Caldo Bordel\u00e9s","og_description":"C\u00f3mo preparar caldo bordel\u00e9s, a base de sulfato de cobre, fungicida ideal para cultivos y plantas, aprobado en cultivo ecol\u00f3gico.","og_url":"https:\/\/www.alquera.com\/en\/sulfato-de-cobre\/caldo-bordeles-agricultura\/","og_site_name":"Alquera.com","article_publisher":"https:\/\/www.facebook.com\/alqueraciencia","article_modified_time":"2021-09-20T12:03:30+00:00","og_image":[{"url":"https:\/\/www.alquera.com\/wp-content\/uploads\/2020\/11\/midiendophcaldobordeles.png","type":"","width":"","height":""}],"twitter_card":"summary_large_image","twitter_misc":{"Estimated reading time":"2 minutes"},"schema":{"@context":"https:\/\/schema.org","@graph":[{"@type":"WebPage","@id":"https:\/\/www.alquera.com\/sulfato-de-cobre\/caldo-bordeles-agricultura\/","url":"https:\/\/www.alquera.com\/sulfato-de-cobre\/caldo-bordeles-agricultura\/","name":"Broth Bordelaise - Alquera.com","isPartOf":{"@id":"https:\/\/www.alquera.com\/en\/#website"},"primaryImageOfPage":{"@id":"https:\/\/www.alquera.com\/sulfato-de-cobre\/caldo-bordeles-agricultura\/#primaryimage"},"image":{"@id":"https:\/\/www.alquera.com\/sulfato-de-cobre\/caldo-bordeles-agricultura\/#primaryimage"},"thumbnailUrl":"https:\/\/www.alquera.com\/wp-content\/uploads\/2020\/11\/midiendophcaldobordeles.png","datePublished":"2020-11-06T16:13:50+00:00","dateModified":"2021-09-20T12:03:30+00:00","description":"How to prepare Bordeaux mixture, based on copper sulphate, an ideal fungicide for crops and plants, approved for organic farming.","breadcrumb":{"@id":"https:\/\/www.alquera.com\/sulfato-de-cobre\/caldo-bordeles-agricultura\/#breadcrumb"},"inLanguage":"en-GB","potentialAction":[{"@type":"ReadAction","target":["https:\/\/www.alquera.com\/sulfato-de-cobre\/caldo-bordeles-agricultura\/"]}]},{"@type":"ImageObject","inLanguage":"en-GB","@id":"https:\/\/www.alquera.com\/sulfato-de-cobre\/caldo-bordeles-agricultura\/#primaryimage","url":"https:\/\/www.alquera.com\/wp-content\/uploads\/2020\/11\/midiendophcaldobordeles.png","contentUrl":"https:\/\/www.alquera.com\/wp-content\/uploads\/2020\/11\/midiendophcaldobordeles.png"},{"@type":"BreadcrumbList","@id":"https:\/\/www.alquera.com\/sulfato-de-cobre\/caldo-bordeles-agricultura\/#breadcrumb","itemListElement":[{"@type":"ListItem","position":1,"name":"Inicio","item":"https:\/\/www.alquera.com\/"},{"@type":"ListItem","position":2,"name":"Sulfato de Cobre","item":"https:\/\/www.alquera.com\/sulfato-de-cobre\/"},{"@type":"ListItem","position":3,"name":"Caldo Bordel\u00e9s"}]},{"@type":"WebSite","@id":"https:\/\/www.alquera.com\/en\/#website","url":"https:\/\/www.alquera.com\/en\/","name":"Alquera.com","description":"Online Shop Chemical Products and Laboratory Equipment","publisher":{"@id":"https:\/\/www.alquera.com\/en\/#organization"},"potentialAction":[{"@type":"SearchAction","target":{"@type":"EntryPoint","urlTemplate":"https:\/\/www.alquera.com\/en\/?s={search_term_string}"},"query-input":{"@type":"PropertyValueSpecification","valueRequired":true,"valueName":"search_term_string"}}],"inLanguage":"en-GB"},{"@type":"Organization","@id":"https:\/\/www.alquera.com\/en\/#organization","name":"ALQUERA CIENCIA SL","url":"https:\/\/www.alquera.com\/en\/","logo":{"@type":"ImageObject","inLanguage":"en-GB","@id":"https:\/\/www.alquera.com\/en\/#\/schema\/logo\/image\/","url":"https:\/\/www.alquera.com\/wp-content\/uploads\/2020\/11\/logo_300_ancho.png","contentUrl":"https:\/\/www.alquera.com\/wp-content\/uploads\/2020\/11\/logo_300_ancho.png","width":300,"height":86,"caption":"ALQUERA CIENCIA SL"},"image":{"@id":"https:\/\/www.alquera.com\/en\/#\/schema\/logo\/image\/"},"sameAs":["https:\/\/www.facebook.com\/alqueraciencia","https:\/\/www.instagram.com\/alquera_ciencia\/","https:\/\/www.youtube.com\/c\/alquera"]}]}},"_links":{"self":[{"href":"https:\/\/www.alquera.com\/en\/wp-json\/wp\/v2\/pages\/9998","targetHints":{"allow":["GET"]}}],"collection":[{"href":"https:\/\/www.alquera.com\/en\/wp-json\/wp\/v2\/pages"}],"about":[{"href":"https:\/\/www.alquera.com\/en\/wp-json\/wp\/v2\/types\/page"}],"author":[{"embeddable":true,"href":"https:\/\/www.alquera.com\/en\/wp-json\/wp\/v2\/users\/1"}],"replies":[{"embeddable":true,"href":"https:\/\/www.alquera.com\/en\/wp-json\/wp\/v2\/comments?post=9998"}],"version-history":[{"count":11,"href":"https:\/\/www.alquera.com\/en\/wp-json\/wp\/v2\/pages\/9998\/revisions"}],"predecessor-version":[{"id":35141,"href":"https:\/\/www.alquera.com\/en\/wp-json\/wp\/v2\/pages\/9998\/revisions\/35141"}],"up":[{"embeddable":true,"href":"https:\/\/www.alquera.com\/en\/wp-json\/wp\/v2\/pages\/32602"}],"wp:attachment":[{"href":"https:\/\/www.alquera.com\/en\/wp-json\/wp\/v2\/media?parent=9998"}],"curies":[{"name":"wp","href":"https:\/\/api.w.org\/{rel}","templated":true}]}}