{"id":1221,"date":"2018-12-08T13:29:57","date_gmt":"2018-12-08T13:29:57","guid":{"rendered":"http:\/\/localhost\/alquera\/productos\/producto\/limaduras-de-hierro25\/"},"modified":"2026-04-29T09:31:33","modified_gmt":"2026-04-29T09:31:33","slug":"limaduras-de-hierro","status":"publish","type":"product","link":"https:\/\/www.alquera.com\/en\/limaduras-de-hierro\/","title":{"rendered":"Iron Filings"},"content":{"rendered":"<p>Iron filings are very small pieces of iron, used in scientific demonstrations to show the direction of a magnetic field. Iron represents magnetic properties, has a high hardness and density, is used in many applications and accounts for 95% by weight of the world's production of the metal.<\/p>\n<h1>IDENTIFICATION AND PROPERTIES<\/h1>\n<p><strong>Name:<\/strong> Iron filings<br \/>\n<strong>Synonyms:<\/strong> Metallic iron, elemental iron.<br \/>\n<strong>CAS:<\/strong> 7439-89-6<br \/>\n<strong>EC:<\/strong> 231-096-4<\/p>\n<ul>\n<li>Physical state (20\u00baC): Solid - filings<\/li>\n<li>Colour: grey (metallic).<\/li>\n<li>Odour: Odourless.<\/li>\n<li>Starting point\/boiling point\/boiling range: 2861\u00b0C<\/li>\n<li>Vapour pressure: 1.0 .<\/li>\n<li>Evaporation rate: N.D. Non-volatile.<\/li>\n<li>Flammability: Material not readily flammable. Dust is finely combustible.<\/li>\n<li>Flash point: According to column 2 of Annex VII of REACH, the study is not necessary as the substance is inorganic.<\/li>\n<li>Self-ignition temperature: 350\u00b0C at 1013 hPa (ECHA) (relative self-ignition temperature of solids).<\/li>\n<li>Melting point: 1530\u00baC<\/li>\n<li>pH: N.A. Insoluble in water.<\/li>\n<li>Kinematic viscosity: Not applicable. Viscosity is only relevant for liquids. The substance is a metallic solid with melting point &gt;1500\u00b0C, therefore this determination is not required.<\/li>\n<li>Dynamic viscosity: Not applicable.<\/li>\n<li>Solubility: Insoluble in water ; 0.015 mg\/L (22\u00baC).<\/li>\n<li>Water solubility: insoluble in water; 0.015 mg\/L (22\u00baC)<\/li>\n<li>Metallic iron is rapidly oxidised to form Fe(II), then Fe(II) is slowly oxidised to Fe(III) which finally precipitates to Fe(OH)3 (red iron oxide). Iron does not dissolve in water or dilute aqueous electrolyte solutions, it oxidises with (aerated) water but forms mainly insoluble oxides. A seven-day transformation\/dissolution test was performed with iron powder at a mass loading of 100mg\/l and a pH of 6.0, according to OECD Guideline 29 and the GHS protocol (Annex 10). Under the conditions of this test, the Fe dilution is 19.4 mg\/l for the 7-day endpoint. Chemical equilibrium modelling (ETAP0, 2010) was carried out to calculate a solubility limit for iron using iron(III). Solubility limits of 0.015, and 0.0024 and 0.00001 mg\/l were calculated at pH 6.7 and 8, respectively (ECHA).<\/li>\n<li>Partition coefficient (n-octanol\/water) (logarithmic value) : Inorganic substance<\/li>\n<li>Absolute density: &gt;7.3 g\/cm3<\/li>\n<li>Bulk density: 4,5 g\/cm3<\/li>\n<li>Relative density (water=1; 20\u00baC): &gt;7.3 g\/cm3 (iron: 7.87)<\/li>\n<\/ul>\n<h1>USES<\/h1>\n<ul>\n<li>Use in industrial and professional applications<\/li>\n<li>Laboratory reagents\/analytical use<\/li>\n<li>Scientific demonstrations<\/li>\n<li>Display of the magnetic field direction<\/li>\n<li>School internships<\/li>\n<\/ul>","protected":false},"excerpt":{"rendered":"<p>Buy iron filings in 1kg, 5kg and 25kg formats. You can see the price of the different formats of the iron filings when you select the format you want. The order is made directly through the Web following the steps indicated, being delivered in 24\/48 hours.<\/p>","protected":false},"featured_media":8659,"comment_status":"open","ping_status":"closed","template":"","meta":{"_acf_changed":false,"site-sidebar-layout":"default","site-content-layout":"default","ast-site-content-layout":"default","site-content-style":"default","site-sidebar-style":"default","ast-global-header-display":"","ast-banner-title-visibility":"","ast-main-header-display":"","ast-hfb-above-header-display":"","ast-hfb-below-header-display":"","ast-hfb-mobile-header-display":"","site-post-title":"","ast-breadcrumbs-content":"","ast-featured-img":"","footer-sml-layout":"","ast-disable-related-posts":"","theme-transparent-header-meta":"default","adv-header-id-meta":"","stick-header-meta":"default","header-above-stick-meta":"","header-main-stick-meta":"","header-below-stick-meta":"","astra-migrate-meta-layouts":"default","ast-page-background-enabled":"default","ast-page-background-meta":{"desktop":{"background-color":"var(--ast-global-color-4)","background-image":"","background-repeat":"repeat","background-position":"center center","background-size":"auto","background-attachment":"scroll","background-type":"","background-media":"","overlay-type":"","overlay-color":"","overlay-opacity":"","overlay-gradient":""},"tablet":{"background-color":"","background-image":"","background-repeat":"repeat","background-position":"center center","background-size":"auto","background-attachment":"scroll","background-type":"","background-media":"","overlay-type":"","overlay-color":"","overlay-opacity":"","overlay-gradient":""},"mobile":{"background-color":"","background-image":"","background-repeat":"repeat","background-position":"center center","background-size":"auto","background-attachment":"scroll","background-type":"","background-media":"","overlay-type":"","overlay-color":"","overlay-opacity":"","overlay-gradient":""}},"ast-content-background-meta":{"desktop":{"background-color":"var(--ast-global-color-5)","background-image":"","background-repeat":"repeat","background-position":"center center","background-size":"auto","background-attachment":"scroll","background-type":"","background-media":"","overlay-type":"","overlay-color":"","overlay-opacity":"","overlay-gradient":""},"tablet":{"background-color":"var(--ast-global-color-5)","background-image":"","background-repeat":"repeat","background-position":"center center","background-size":"auto","background-attachment":"scroll","background-type":"","background-media":"","overlay-type":"","overlay-color":"","overlay-opacity":"","overlay-gradient":""},"mobile":{"background-color":"var(--ast-global-color-5)","background-image":"","background-repeat":"repeat","background-position":"center center","background-size":"auto","background-attachment":"scroll","background-type":"","background-media":"","overlay-type":"","overlay-color":"","overlay-opacity":"","overlay-gradient":""}}},"product_brand":[],"product_cat":[260,206],"product_tag":[],"class_list":{"0":"post-1221","1":"product","2":"type-product","3":"status-publish","4":"has-post-thumbnail","6":"product_cat-hierro-polvo-limaduras-y-chapa","7":"product_cat-productos-experimentos","8":"pa_cantidad-1kg","9":"pa_cantidad-5kg","10":"pa_cantidad-25kg","11":"desktop-align-left","12":"tablet-align-left","13":"mobile-align-left","14":"ast-product-gallery-layout-horizontal-slider","15":"ast-magnify-disabled","16":"ast-product-single-variable","17":"ast-product-tabs-layout-horizontal","18":"ast-qv-on-image","20":"first","21":"instock","22":"taxable","23":"shipping-taxable","24":"purchasable","25":"product-type-variable","26":"has-default-attributes"},"acf":[],"yoast_head":"<!-- This site is optimized with the Yoast SEO Premium plugin v27.1 (Yoast SEO v27.1.1) - https:\/\/yoast.com\/product\/yoast-seo-premium-wordpress\/ -->\n<title>Limaduras de Hierro: Comprar Online - Alquera.com<\/title>\n<meta name=\"description\" content=\"ENV\u00cdOS EN 24\/48H. Comprar Limaduras de Hierro en Alquera. M\u00e1xima Pureza. Ideal para experimentaci\u00f3n. Env\u00edos en 24\/48h.\" \/>\n<meta name=\"robots\" content=\"index, follow, max-snippet:-1, max-image-preview:large, max-video-preview:-1\" \/>\n<link rel=\"canonical\" href=\"https:\/\/www.alquera.com\/en\/limaduras-de-hierro\/\" \/>\n<meta property=\"og:locale\" content=\"en_GB\" \/>\n<meta property=\"og:type\" content=\"article\" \/>\n<meta property=\"og:title\" content=\"Limaduras de Hierro: Comprar Online - Alquera.com\" \/>\n<meta property=\"og:description\" content=\"ENV\u00cdOS EN 24\/48H. Comprar Limaduras de Hierro en Alquera. M\u00e1xima Pureza. Ideal para experimentaci\u00f3n. Env\u00edos en 24\/48h.\" \/>\n<meta property=\"og:url\" content=\"https:\/\/www.alquera.com\/en\/limaduras-de-hierro\/\" \/>\n<meta property=\"og:site_name\" content=\"Alquera.com\" \/>\n<meta property=\"article:publisher\" content=\"https:\/\/www.facebook.com\/alqueraciencia\" \/>\n<meta property=\"article:modified_time\" content=\"2026-04-29T09:31:33+00:00\" \/>\n<meta property=\"og:image\" content=\"https:\/\/www.alquera.com\/wp-content\/uploads\/2018\/12\/LIMADURAS-DE-HIERRO_.jpg\" \/>\n\t<meta property=\"og:image:width\" content=\"800\" \/>\n\t<meta property=\"og:image:height\" content=\"800\" \/>\n\t<meta property=\"og:image:type\" content=\"image\/jpeg\" \/>\n<meta name=\"twitter:card\" content=\"summary_large_image\" \/>\n<meta name=\"twitter:label1\" content=\"Availability\" \/>\n\t<meta name=\"twitter:data1\" content=\"In stock\" \/>\n<script type=\"application\/ld+json\" class=\"yoast-schema-graph\">{\"@context\":\"https:\/\/schema.org\",\"@graph\":[{\"@type\":[\"WebPage\",\"ItemPage\"],\"@id\":\"https:\/\/www.alquera.com\/limaduras-de-hierro\/\",\"url\":\"https:\/\/www.alquera.com\/limaduras-de-hierro\/\",\"name\":\"Limaduras de Hierro: Comprar Online - Alquera.com\",\"isPartOf\":{\"@id\":\"https:\/\/www.alquera.com\/en\/#website\"},\"primaryImageOfPage\":{\"@id\":\"https:\/\/www.alquera.com\/limaduras-de-hierro\/#primaryimage\"},\"image\":{\"@id\":\"https:\/\/www.alquera.com\/limaduras-de-hierro\/#primaryimage\"},\"thumbnailUrl\":\"https:\/\/www.alquera.com\/wp-content\/uploads\/2018\/12\/LIMADURAS-DE-HIERRO_.jpg\",\"datePublished\":\"2018-12-08T13:29:57+00:00\",\"dateModified\":\"2026-04-29T09:31:33+00:00\",\"description\":\"ENV\u00cdOS EN 24\/48H. Comprar Limaduras de Hierro en Alquera. M\u00e1xima Pureza. Ideal para experimentaci\u00f3n. Env\u00edos en 24\/48h.\",\"breadcrumb\":{\"@id\":\"https:\/\/www.alquera.com\/limaduras-de-hierro\/#breadcrumb\"},\"inLanguage\":\"en-GB\",\"potentialAction\":[{\"@type\":\"ReadAction\",\"target\":[\"https:\/\/www.alquera.com\/limaduras-de-hierro\/\"]}]},{\"@type\":\"ImageObject\",\"inLanguage\":\"en-GB\",\"@id\":\"https:\/\/www.alquera.com\/limaduras-de-hierro\/#primaryimage\",\"url\":\"https:\/\/www.alquera.com\/wp-content\/uploads\/2018\/12\/LIMADURAS-DE-HIERRO_.jpg\",\"contentUrl\":\"https:\/\/www.alquera.com\/wp-content\/uploads\/2018\/12\/LIMADURAS-DE-HIERRO_.jpg\",\"width\":800,\"height\":800,\"caption\":\"Limaduras de Hierro\"},{\"@type\":\"BreadcrumbList\",\"@id\":\"https:\/\/www.alquera.com\/limaduras-de-hierro\/#breadcrumb\",\"itemListElement\":[{\"@type\":\"ListItem\",\"position\":1,\"name\":\"Inicio\",\"item\":\"https:\/\/www.alquera.com\/\"},{\"@type\":\"ListItem\",\"position\":2,\"name\":\"Alquera.com: Tienda Online de Productos Qu\u00edmicos y Material de Laboratorio\",\"item\":\"https:\/\/www.alquera.com\/en\/tienda\/\"},{\"@type\":\"ListItem\",\"position\":3,\"name\":\"Limaduras de Hierro\"}]},{\"@type\":\"WebSite\",\"@id\":\"https:\/\/www.alquera.com\/en\/#website\",\"url\":\"https:\/\/www.alquera.com\/en\/\",\"name\":\"Alquera.com\",\"description\":\"Tienda Online Productos Qu\u00edmicos y Material de Laboratorio\",\"publisher\":{\"@id\":\"https:\/\/www.alquera.com\/en\/#organization\"},\"potentialAction\":[{\"@type\":\"SearchAction\",\"target\":{\"@type\":\"EntryPoint\",\"urlTemplate\":\"https:\/\/www.alquera.com\/en\/?s={search_term_string}\"},\"query-input\":{\"@type\":\"PropertyValueSpecification\",\"valueRequired\":true,\"valueName\":\"search_term_string\"}}],\"inLanguage\":\"en-GB\"},{\"@type\":\"Organization\",\"@id\":\"https:\/\/www.alquera.com\/en\/#organization\",\"name\":\"ALQUERA CIENCIA SL\",\"url\":\"https:\/\/www.alquera.com\/en\/\",\"logo\":{\"@type\":\"ImageObject\",\"inLanguage\":\"en-GB\",\"@id\":\"https:\/\/www.alquera.com\/en\/#\/schema\/logo\/image\/\",\"url\":\"https:\/\/www.alquera.com\/wp-content\/uploads\/2020\/11\/logo_300_ancho.png\",\"contentUrl\":\"https:\/\/www.alquera.com\/wp-content\/uploads\/2020\/11\/logo_300_ancho.png\",\"width\":300,\"height\":86,\"caption\":\"ALQUERA CIENCIA SL\"},\"image\":{\"@id\":\"https:\/\/www.alquera.com\/en\/#\/schema\/logo\/image\/\"},\"sameAs\":[\"https:\/\/www.facebook.com\/alqueraciencia\",\"https:\/\/www.instagram.com\/alquera_ciencia\/\",\"https:\/\/www.youtube.com\/c\/alquera\"]}]}<\/script>\n<meta property=\"og:availability\" content=\"instock\" \/>\n<meta property=\"product:availability\" content=\"instock\" \/>\n<meta property=\"product:retailer_item_id\" content=\"AL10008125\" \/>\n<meta property=\"product:condition\" content=\"new\" \/>\n<!-- \/ Yoast SEO Premium plugin. -->","yoast_head_json":{"title":"Iron filings: Buy Online - Alquera.com","description":"SHIPMENTS IN 24\/48H. Buy Iron Filings in Alquera. Maximum purity. Ideal for experimentation. Deliveries in 24\/48h.","robots":{"index":"index","follow":"follow","max-snippet":"max-snippet:-1","max-image-preview":"max-image-preview:large","max-video-preview":"max-video-preview:-1"},"canonical":"https:\/\/www.alquera.com\/en\/limaduras-de-hierro\/","og_locale":"en_GB","og_type":"article","og_title":"Limaduras de Hierro: Comprar Online - Alquera.com","og_description":"ENV\u00cdOS EN 24\/48H. Comprar Limaduras de Hierro en Alquera. M\u00e1xima Pureza. Ideal para experimentaci\u00f3n. Env\u00edos en 24\/48h.","og_url":"https:\/\/www.alquera.com\/en\/limaduras-de-hierro\/","og_site_name":"Alquera.com","article_publisher":"https:\/\/www.facebook.com\/alqueraciencia","article_modified_time":"2026-04-29T09:31:33+00:00","og_image":[{"width":800,"height":800,"url":"https:\/\/www.alquera.com\/wp-content\/uploads\/2018\/12\/LIMADURAS-DE-HIERRO_.jpg","type":"image\/jpeg"}],"twitter_card":"summary_large_image","twitter_misc":{"Availability":"In stock"},"schema":{"@context":"https:\/\/schema.org","@graph":[{"@type":["WebPage","ItemPage"],"@id":"https:\/\/www.alquera.com\/limaduras-de-hierro\/","url":"https:\/\/www.alquera.com\/limaduras-de-hierro\/","name":"Iron filings: Buy Online - Alquera.com","isPartOf":{"@id":"https:\/\/www.alquera.com\/en\/#website"},"primaryImageOfPage":{"@id":"https:\/\/www.alquera.com\/limaduras-de-hierro\/#primaryimage"},"image":{"@id":"https:\/\/www.alquera.com\/limaduras-de-hierro\/#primaryimage"},"thumbnailUrl":"https:\/\/www.alquera.com\/wp-content\/uploads\/2018\/12\/LIMADURAS-DE-HIERRO_.jpg","datePublished":"2018-12-08T13:29:57+00:00","dateModified":"2026-04-29T09:31:33+00:00","description":"SHIPMENTS IN 24\/48H. Buy Iron Filings in Alquera. Maximum purity. Ideal for experimentation. Deliveries in 24\/48h.","breadcrumb":{"@id":"https:\/\/www.alquera.com\/limaduras-de-hierro\/#breadcrumb"},"inLanguage":"en-GB","potentialAction":[{"@type":"ReadAction","target":["https:\/\/www.alquera.com\/limaduras-de-hierro\/"]}]},{"@type":"ImageObject","inLanguage":"en-GB","@id":"https:\/\/www.alquera.com\/limaduras-de-hierro\/#primaryimage","url":"https:\/\/www.alquera.com\/wp-content\/uploads\/2018\/12\/LIMADURAS-DE-HIERRO_.jpg","contentUrl":"https:\/\/www.alquera.com\/wp-content\/uploads\/2018\/12\/LIMADURAS-DE-HIERRO_.jpg","width":800,"height":800,"caption":"Limaduras de Hierro"},{"@type":"BreadcrumbList","@id":"https:\/\/www.alquera.com\/limaduras-de-hierro\/#breadcrumb","itemListElement":[{"@type":"ListItem","position":1,"name":"Inicio","item":"https:\/\/www.alquera.com\/"},{"@type":"ListItem","position":2,"name":"Alquera.com: Tienda Online de Productos Qu\u00edmicos y Material de Laboratorio","item":"https:\/\/www.alquera.com\/en\/tienda\/"},{"@type":"ListItem","position":3,"name":"Limaduras de Hierro"}]},{"@type":"WebSite","@id":"https:\/\/www.alquera.com\/en\/#website","url":"https:\/\/www.alquera.com\/en\/","name":"Alquera.com","description":"Online Shop Chemical Products and Laboratory Equipment","publisher":{"@id":"https:\/\/www.alquera.com\/en\/#organization"},"potentialAction":[{"@type":"SearchAction","target":{"@type":"EntryPoint","urlTemplate":"https:\/\/www.alquera.com\/en\/?s={search_term_string}"},"query-input":{"@type":"PropertyValueSpecification","valueRequired":true,"valueName":"search_term_string"}}],"inLanguage":"en-GB"},{"@type":"Organization","@id":"https:\/\/www.alquera.com\/en\/#organization","name":"ALQUERA CIENCIA SL","url":"https:\/\/www.alquera.com\/en\/","logo":{"@type":"ImageObject","inLanguage":"en-GB","@id":"https:\/\/www.alquera.com\/en\/#\/schema\/logo\/image\/","url":"https:\/\/www.alquera.com\/wp-content\/uploads\/2020\/11\/logo_300_ancho.png","contentUrl":"https:\/\/www.alquera.com\/wp-content\/uploads\/2020\/11\/logo_300_ancho.png","width":300,"height":86,"caption":"ALQUERA CIENCIA SL"},"image":{"@id":"https:\/\/www.alquera.com\/en\/#\/schema\/logo\/image\/"},"sameAs":["https:\/\/www.facebook.com\/alqueraciencia","https:\/\/www.instagram.com\/alquera_ciencia\/","https:\/\/www.youtube.com\/c\/alquera"]}]},"og_availability":"instock","product_availability":"instock","product_retailer_item_id":"AL10008125","product_condition":"new"},"_links":{"self":[{"href":"https:\/\/www.alquera.com\/en\/wp-json\/wp\/v2\/product\/1221","targetHints":{"allow":["GET"]}}],"collection":[{"href":"https:\/\/www.alquera.com\/en\/wp-json\/wp\/v2\/product"}],"about":[{"href":"https:\/\/www.alquera.com\/en\/wp-json\/wp\/v2\/types\/product"}],"replies":[{"embeddable":true,"href":"https:\/\/www.alquera.com\/en\/wp-json\/wp\/v2\/comments?post=1221"}],"wp:featuredmedia":[{"embeddable":true,"href":"https:\/\/www.alquera.com\/en\/wp-json\/wp\/v2\/media\/8659"}],"wp:attachment":[{"href":"https:\/\/www.alquera.com\/en\/wp-json\/wp\/v2\/media?parent=1221"}],"wp:term":[{"taxonomy":"product_brand","embeddable":true,"href":"https:\/\/www.alquera.com\/en\/wp-json\/wp\/v2\/product_brand?post=1221"},{"taxonomy":"product_cat","embeddable":true,"href":"https:\/\/www.alquera.com\/en\/wp-json\/wp\/v2\/product_cat?post=1221"},{"taxonomy":"product_tag","embeddable":true,"href":"https:\/\/www.alquera.com\/en\/wp-json\/wp\/v2\/product_tag?post=1221"}],"curies":[{"name":"wp","href":"https:\/\/api.w.org\/{rel}","templated":true}]}}