{"id":32794,"date":"2021-02-01T09:17:36","date_gmt":"2021-02-01T09:17:36","guid":{"rendered":"https:\/\/www.alquera.com\/?post_type=product&#038;p=32794"},"modified":"2026-02-23T16:11:36","modified_gmt":"2026-02-23T16:11:36","slug":"caldo-bordeles","status":"publish","type":"product","link":"https:\/\/www.alquera.com\/en\/caldo-bordeles\/","title":{"rendered":"Bordeaux Broth (Cuprocalcium Sulphate 20% w\/w)"},"content":{"rendered":"<p><span style=\"color: #ff0000;\">10Kg format for professional use.<\/span> Cuprocalcium Sulphate 20% w\/w.<\/p>\n<p>Bordelaise Broth is a broad spectrum preventive cupric fungicide and bactericide. Blue. It has <strong>CAAE Green Certificate<\/strong><\/p>\n<h2>BORDELAISE STOCK FOR CROPS<\/h2>\n<p><strong>Suitable for Crops: <\/strong>\u00a0Artichoke, Almond, Hazelnut, Aubergine (open air), Aubergine (greenhouse), Broccoli, Vegetable bulbs, Citrus, Cauliflower, Cucurbits (edible peel), Cucurbits (NON-edible peel), Strawberry, Stone fruit trees, Pome fruit, Green peas, Green beans, Lettuce and similar, Walnut, Olive, Herbaceous ornamentals, Woody ornamentals, Potato, Pepper, Pistachio, Leek, Tomato (open air) and Tomato (greenhouse).<\/p>\n<h2>BORDELAISE FUNGICIDE BROTH<\/h2>\n<p>Fungicide and bactericide approved for professional use (open air and greenhouse) and non-professional use.<br \/>\nprofessional (open air). Apply by normal spraying.<br \/>\nFor all authorised uses:<br \/>\n- Do not exceed the maximum dose of 20 kg of product\/ha and year - Do not exceed the dose of 4,000 g of Cu (inorganic copper)\/ha and year.<br \/>\nTake precautions due to the phytotoxicity of copper, especially in cold or wet areas.<br \/>\nwet, on some varieties of fruit trees and other crops.<\/p>\n<h2><strong>DOSAGE AND METHOD OF APPLICATION BORDELAISE STOCK<\/strong><\/h2>\n<p>To apply the product, dosage according to crop, read the following document: <a href=\"https:\/\/www.alquera.com\/en\/?attachment_id=32795\" rel=\"attachment wp-att-32795\">DOSAGE AND APPLICATION BORDEAUX MIXTURE<\/a><\/p>","protected":false},"excerpt":{"rendered":"<p>Formato de 10Kg para Uso Profesional. Sulfato Cuproc\u00e1lcico 20% p\/p. El Caldo Bordel\u00e9s es un fungicida y bactericida c\u00faprico preventivo de amplio espectro. Azul. Tiene Certificado Ecol\u00f3gico CAAE CALDO BORDEL\u00c9S PARA CULTIVOS Adecuado para Cultivos: \u00a0Alcachofa, Almendro, Avellano, Berenjena, (aire libre), Berenjena (invernadero), Br\u00e9col, Bulbos hort\u00edcolas, C\u00edtricos, Coliflor, Cucurbit\u00e1ceas piel comestible, Cucurbit\u00e1ceas piel NO comestible, [&hellip;]<\/p>\n","protected":false},"featured_media":32799,"comment_status":"open","ping_status":"closed","template":"","meta":{"_acf_changed":false,"site-sidebar-layout":"default","site-content-layout":"default","ast-site-content-layout":"default","site-content-style":"default","site-sidebar-style":"default","ast-global-header-display":"","ast-banner-title-visibility":"","ast-main-header-display":"","ast-hfb-above-header-display":"","ast-hfb-below-header-display":"","ast-hfb-mobile-header-display":"","site-post-title":"","ast-breadcrumbs-content":"","ast-featured-img":"","footer-sml-layout":"","ast-disable-related-posts":"","theme-transparent-header-meta":"default","adv-header-id-meta":"","stick-header-meta":"default","header-above-stick-meta":"","header-main-stick-meta":"","header-below-stick-meta":"","astra-migrate-meta-layouts":"default","ast-page-background-enabled":"default","ast-page-background-meta":{"desktop":{"background-color":"var(--ast-global-color-4)","background-image":"","background-repeat":"repeat","background-position":"center center","background-size":"auto","background-attachment":"scroll","background-type":"","background-media":"","overlay-type":"","overlay-color":"","overlay-opacity":"","overlay-gradient":""},"tablet":{"background-color":"","background-image":"","background-repeat":"repeat","background-position":"center center","background-size":"auto","background-attachment":"scroll","background-type":"","background-media":"","overlay-type":"","overlay-color":"","overlay-opacity":"","overlay-gradient":""},"mobile":{"background-color":"","background-image":"","background-repeat":"repeat","background-position":"center center","background-size":"auto","background-attachment":"scroll","background-type":"","background-media":"","overlay-type":"","overlay-color":"","overlay-opacity":"","overlay-gradient":""}},"ast-content-background-meta":{"desktop":{"background-color":"var(--ast-global-color-5)","background-image":"","background-repeat":"repeat","background-position":"center center","background-size":"auto","background-attachment":"scroll","background-type":"","background-media":"","overlay-type":"","overlay-color":"","overlay-opacity":"","overlay-gradient":""},"tablet":{"background-color":"var(--ast-global-color-5)","background-image":"","background-repeat":"repeat","background-position":"center center","background-size":"auto","background-attachment":"scroll","background-type":"","background-media":"","overlay-type":"","overlay-color":"","overlay-opacity":"","overlay-gradient":""},"mobile":{"background-color":"var(--ast-global-color-5)","background-image":"","background-repeat":"repeat","background-position":"center center","background-size":"auto","background-attachment":"scroll","background-type":"","background-media":"","overlay-type":"","overlay-color":"","overlay-opacity":"","overlay-gradient":""}}},"product_brand":[],"product_cat":[213],"product_tag":[],"class_list":{"0":"post-32794","1":"product","2":"type-product","3":"status-publish","4":"has-post-thumbnail","6":"product_cat-agroquimicos","7":"pa_cantidad-500g","8":"pa_cantidad-10kg","9":"desktop-align-left","10":"tablet-align-left","11":"mobile-align-left","12":"ast-product-gallery-layout-horizontal-slider","13":"ast-product-gallery-with-no-image","14":"ast-magnify-disabled","15":"ast-product-single-variable","16":"ast-product-tabs-layout-horizontal","17":"ast-qv-on-image","19":"first","20":"instock","21":"taxable","22":"shipping-taxable","23":"purchasable","24":"product-type-variable","25":"has-default-attributes"},"acf":[],"yoast_head":"<!-- This site is optimized with the Yoast SEO Premium plugin v27.1 (Yoast SEO v27.1.1) - https:\/\/yoast.com\/product\/yoast-seo-premium-wordpress\/ -->\n<title>Comprar Caldo Bordel\u00e9s (Sulfato Cuproc\u00e1lcico 20% p\/p) - Alquera.com<\/title>\n<meta name=\"description\" content=\"Comprar Caldo Bordel\u00e9s, sulfato cuproc\u00e1lcico. Fungicida para pr\u00e1cticamente todo tipo de cultivos. Env\u00edos en 24\/48h.\" \/>\n<meta name=\"robots\" content=\"index, follow, max-snippet:-1, max-image-preview:large, max-video-preview:-1\" \/>\n<link rel=\"canonical\" href=\"https:\/\/www.alquera.com\/en\/caldo-bordeles\/\" \/>\n<meta property=\"og:locale\" content=\"en_GB\" \/>\n<meta property=\"og:type\" content=\"article\" \/>\n<meta property=\"og:title\" content=\"Caldo Bordel\u00e9s (Sulfato Cuproc\u00e1lcico 20% p\/p): Comprar Online - Alquera.com\" \/>\n<meta property=\"og:description\" content=\"Comprar Caldo Bordel\u00e9s, sulfato cuproc\u00e1lcico. Fungicida para pr\u00e1cticamente todo tipo de cultivos. Env\u00edos en 24\/48h.\" \/>\n<meta property=\"og:url\" content=\"https:\/\/www.alquera.com\/en\/caldo-bordeles\/\" \/>\n<meta property=\"og:site_name\" content=\"Alquera.com\" \/>\n<meta property=\"article:publisher\" content=\"https:\/\/www.facebook.com\/alqueraciencia\" \/>\n<meta property=\"article:modified_time\" content=\"2026-02-23T16:11:36+00:00\" \/>\n<meta property=\"og:image\" content=\"https:\/\/www.alquera.com\/wp-content\/uploads\/2021\/02\/CALDO-BORDELES.png\" \/>\n\t<meta property=\"og:image:width\" content=\"624\" \/>\n\t<meta property=\"og:image:height\" content=\"624\" \/>\n\t<meta property=\"og:image:type\" content=\"image\/png\" \/>\n<meta name=\"twitter:card\" content=\"summary_large_image\" \/>\n<meta name=\"twitter:label1\" content=\"Availability\" \/>\n\t<meta name=\"twitter:data1\" content=\"In stock\" \/>\n<script type=\"application\/ld+json\" class=\"yoast-schema-graph\">{\"@context\":\"https:\/\/schema.org\",\"@graph\":[{\"@type\":[\"WebPage\",\"ItemPage\"],\"@id\":\"https:\/\/www.alquera.com\/caldo-bordeles\/\",\"url\":\"https:\/\/www.alquera.com\/caldo-bordeles\/\",\"name\":\"Comprar Caldo Bordel\u00e9s (Sulfato Cuproc\u00e1lcico 20% p\/p) - Alquera.com\",\"isPartOf\":{\"@id\":\"https:\/\/www.alquera.com\/en\/#website\"},\"primaryImageOfPage\":{\"@id\":\"https:\/\/www.alquera.com\/caldo-bordeles\/#primaryimage\"},\"image\":{\"@id\":\"https:\/\/www.alquera.com\/caldo-bordeles\/#primaryimage\"},\"thumbnailUrl\":\"https:\/\/www.alquera.com\/wp-content\/uploads\/2021\/02\/CALDO-BORDELES.png\",\"datePublished\":\"2021-02-01T09:17:36+00:00\",\"dateModified\":\"2026-02-23T16:11:36+00:00\",\"description\":\"Comprar Caldo Bordel\u00e9s, sulfato cuproc\u00e1lcico. Fungicida para pr\u00e1cticamente todo tipo de cultivos. Env\u00edos en 24\/48h.\",\"breadcrumb\":{\"@id\":\"https:\/\/www.alquera.com\/caldo-bordeles\/#breadcrumb\"},\"inLanguage\":\"en-GB\",\"potentialAction\":[{\"@type\":\"ReadAction\",\"target\":[\"https:\/\/www.alquera.com\/caldo-bordeles\/\"]}]},{\"@type\":\"ImageObject\",\"inLanguage\":\"en-GB\",\"@id\":\"https:\/\/www.alquera.com\/caldo-bordeles\/#primaryimage\",\"url\":\"https:\/\/www.alquera.com\/wp-content\/uploads\/2021\/02\/CALDO-BORDELES.png\",\"contentUrl\":\"https:\/\/www.alquera.com\/wp-content\/uploads\/2021\/02\/CALDO-BORDELES.png\",\"width\":624,\"height\":624,\"caption\":\"CALDO BORDEL\u00c9S\"},{\"@type\":\"BreadcrumbList\",\"@id\":\"https:\/\/www.alquera.com\/caldo-bordeles\/#breadcrumb\",\"itemListElement\":[{\"@type\":\"ListItem\",\"position\":1,\"name\":\"Inicio\",\"item\":\"https:\/\/www.alquera.com\/\"},{\"@type\":\"ListItem\",\"position\":2,\"name\":\"Alquera.com: Tienda Online de Productos Qu\u00edmicos y Material de Laboratorio\",\"item\":\"https:\/\/www.alquera.com\/en\/tienda\/\"},{\"@type\":\"ListItem\",\"position\":3,\"name\":\"Caldo Bordel\u00e9s (Sulfato Cuproc\u00e1lcico 20% p\/p)\"}]},{\"@type\":\"WebSite\",\"@id\":\"https:\/\/www.alquera.com\/en\/#website\",\"url\":\"https:\/\/www.alquera.com\/en\/\",\"name\":\"Alquera.com\",\"description\":\"Tienda Online Productos Qu\u00edmicos y Material de Laboratorio\",\"publisher\":{\"@id\":\"https:\/\/www.alquera.com\/en\/#organization\"},\"potentialAction\":[{\"@type\":\"SearchAction\",\"target\":{\"@type\":\"EntryPoint\",\"urlTemplate\":\"https:\/\/www.alquera.com\/en\/?s={search_term_string}\"},\"query-input\":{\"@type\":\"PropertyValueSpecification\",\"valueRequired\":true,\"valueName\":\"search_term_string\"}}],\"inLanguage\":\"en-GB\"},{\"@type\":\"Organization\",\"@id\":\"https:\/\/www.alquera.com\/en\/#organization\",\"name\":\"ALQUERA CIENCIA SL\",\"url\":\"https:\/\/www.alquera.com\/en\/\",\"logo\":{\"@type\":\"ImageObject\",\"inLanguage\":\"en-GB\",\"@id\":\"https:\/\/www.alquera.com\/en\/#\/schema\/logo\/image\/\",\"url\":\"https:\/\/www.alquera.com\/wp-content\/uploads\/2020\/11\/logo_300_ancho.png\",\"contentUrl\":\"https:\/\/www.alquera.com\/wp-content\/uploads\/2020\/11\/logo_300_ancho.png\",\"width\":300,\"height\":86,\"caption\":\"ALQUERA CIENCIA SL\"},\"image\":{\"@id\":\"https:\/\/www.alquera.com\/en\/#\/schema\/logo\/image\/\"},\"sameAs\":[\"https:\/\/www.facebook.com\/alqueraciencia\",\"https:\/\/www.instagram.com\/alquera_ciencia\/\",\"https:\/\/www.youtube.com\/c\/alquera\"]}]}<\/script>\n<meta property=\"og:availability\" content=\"instock\" \/>\n<meta property=\"product:availability\" content=\"instock\" \/>\n<meta property=\"product:condition\" content=\"new\" \/>\n<!-- \/ Yoast SEO Premium plugin. -->","yoast_head_json":{"title":"Buy Bordelaise Broth (Cuprocalcium Sulphate 20% w\/w) - Alquera.com","description":"Buy Caldo Bordel\u00e9s, cuprocalcium sulphate. Fungicide for practically all types of crops. The delivery arround Europe is made in 4-5 days with UPS. In case you have any doubt please <a href=\"https:\/\/www.alquera.com\/en\/contact-us\/\">contact us<\/a>.","robots":{"index":"index","follow":"follow","max-snippet":"max-snippet:-1","max-image-preview":"max-image-preview:large","max-video-preview":"max-video-preview:-1"},"canonical":"https:\/\/www.alquera.com\/en\/caldo-bordeles\/","og_locale":"en_GB","og_type":"article","og_title":"Caldo Bordel\u00e9s (Sulfato Cuproc\u00e1lcico 20% p\/p): Comprar Online - Alquera.com","og_description":"Comprar Caldo Bordel\u00e9s, sulfato cuproc\u00e1lcico. Fungicida para pr\u00e1cticamente todo tipo de cultivos. Env\u00edos en 24\/48h.","og_url":"https:\/\/www.alquera.com\/en\/caldo-bordeles\/","og_site_name":"Alquera.com","article_publisher":"https:\/\/www.facebook.com\/alqueraciencia","article_modified_time":"2026-02-23T16:11:36+00:00","og_image":[{"width":624,"height":624,"url":"https:\/\/www.alquera.com\/wp-content\/uploads\/2021\/02\/CALDO-BORDELES.png","type":"image\/png"}],"twitter_card":"summary_large_image","twitter_misc":{"Availability":"In stock"},"schema":{"@context":"https:\/\/schema.org","@graph":[{"@type":["WebPage","ItemPage"],"@id":"https:\/\/www.alquera.com\/caldo-bordeles\/","url":"https:\/\/www.alquera.com\/caldo-bordeles\/","name":"Buy Bordelaise Broth (Cuprocalcium Sulphate 20% w\/w) - Alquera.com","isPartOf":{"@id":"https:\/\/www.alquera.com\/en\/#website"},"primaryImageOfPage":{"@id":"https:\/\/www.alquera.com\/caldo-bordeles\/#primaryimage"},"image":{"@id":"https:\/\/www.alquera.com\/caldo-bordeles\/#primaryimage"},"thumbnailUrl":"https:\/\/www.alquera.com\/wp-content\/uploads\/2021\/02\/CALDO-BORDELES.png","datePublished":"2021-02-01T09:17:36+00:00","dateModified":"2026-02-23T16:11:36+00:00","description":"Buy Caldo Bordel\u00e9s, cuprocalcium sulphate. Fungicide for practically all types of crops. The delivery arround Europe is made in 4-5 days with UPS. In case you have any doubt please <a href=\"https:\/\/www.alquera.com\/en\/contact-us\/\">contact us<\/a>.","breadcrumb":{"@id":"https:\/\/www.alquera.com\/caldo-bordeles\/#breadcrumb"},"inLanguage":"en-GB","potentialAction":[{"@type":"ReadAction","target":["https:\/\/www.alquera.com\/caldo-bordeles\/"]}]},{"@type":"ImageObject","inLanguage":"en-GB","@id":"https:\/\/www.alquera.com\/caldo-bordeles\/#primaryimage","url":"https:\/\/www.alquera.com\/wp-content\/uploads\/2021\/02\/CALDO-BORDELES.png","contentUrl":"https:\/\/www.alquera.com\/wp-content\/uploads\/2021\/02\/CALDO-BORDELES.png","width":624,"height":624,"caption":"CALDO BORDEL\u00c9S"},{"@type":"BreadcrumbList","@id":"https:\/\/www.alquera.com\/caldo-bordeles\/#breadcrumb","itemListElement":[{"@type":"ListItem","position":1,"name":"Inicio","item":"https:\/\/www.alquera.com\/"},{"@type":"ListItem","position":2,"name":"Alquera.com: Tienda Online de Productos Qu\u00edmicos y Material de Laboratorio","item":"https:\/\/www.alquera.com\/en\/tienda\/"},{"@type":"ListItem","position":3,"name":"Caldo Bordel\u00e9s (Sulfato Cuproc\u00e1lcico 20% p\/p)"}]},{"@type":"WebSite","@id":"https:\/\/www.alquera.com\/en\/#website","url":"https:\/\/www.alquera.com\/en\/","name":"Alquera.com","description":"Online Shop Chemical Products and Laboratory Equipment","publisher":{"@id":"https:\/\/www.alquera.com\/en\/#organization"},"potentialAction":[{"@type":"SearchAction","target":{"@type":"EntryPoint","urlTemplate":"https:\/\/www.alquera.com\/en\/?s={search_term_string}"},"query-input":{"@type":"PropertyValueSpecification","valueRequired":true,"valueName":"search_term_string"}}],"inLanguage":"en-GB"},{"@type":"Organization","@id":"https:\/\/www.alquera.com\/en\/#organization","name":"ALQUERA CIENCIA SL","url":"https:\/\/www.alquera.com\/en\/","logo":{"@type":"ImageObject","inLanguage":"en-GB","@id":"https:\/\/www.alquera.com\/en\/#\/schema\/logo\/image\/","url":"https:\/\/www.alquera.com\/wp-content\/uploads\/2020\/11\/logo_300_ancho.png","contentUrl":"https:\/\/www.alquera.com\/wp-content\/uploads\/2020\/11\/logo_300_ancho.png","width":300,"height":86,"caption":"ALQUERA CIENCIA SL"},"image":{"@id":"https:\/\/www.alquera.com\/en\/#\/schema\/logo\/image\/"},"sameAs":["https:\/\/www.facebook.com\/alqueraciencia","https:\/\/www.instagram.com\/alquera_ciencia\/","https:\/\/www.youtube.com\/c\/alquera"]}]},"og_availability":"instock","product_availability":"instock","product_condition":"new"},"_links":{"self":[{"href":"https:\/\/www.alquera.com\/en\/wp-json\/wp\/v2\/product\/32794","targetHints":{"allow":["GET"]}}],"collection":[{"href":"https:\/\/www.alquera.com\/en\/wp-json\/wp\/v2\/product"}],"about":[{"href":"https:\/\/www.alquera.com\/en\/wp-json\/wp\/v2\/types\/product"}],"replies":[{"embeddable":true,"href":"https:\/\/www.alquera.com\/en\/wp-json\/wp\/v2\/comments?post=32794"}],"wp:featuredmedia":[{"embeddable":true,"href":"https:\/\/www.alquera.com\/en\/wp-json\/wp\/v2\/media\/32799"}],"wp:attachment":[{"href":"https:\/\/www.alquera.com\/en\/wp-json\/wp\/v2\/media?parent=32794"}],"wp:term":[{"taxonomy":"product_brand","embeddable":true,"href":"https:\/\/www.alquera.com\/en\/wp-json\/wp\/v2\/product_brand?post=32794"},{"taxonomy":"product_cat","embeddable":true,"href":"https:\/\/www.alquera.com\/en\/wp-json\/wp\/v2\/product_cat?post=32794"},{"taxonomy":"product_tag","embeddable":true,"href":"https:\/\/www.alquera.com\/en\/wp-json\/wp\/v2\/product_tag?post=32794"}],"curies":[{"name":"wp","href":"https:\/\/api.w.org\/{rel}","templated":true}]}}