{"id":33043,"date":"2021-02-23T12:05:29","date_gmt":"2021-02-23T12:05:29","guid":{"rendered":"https:\/\/www.alquera.com\/?post_type=product&#038;p=33043"},"modified":"2026-04-01T18:25:47","modified_gmt":"2026-04-01T18:25:47","slug":"fluoresceina-sodica-al-1","status":"publish","type":"product","link":"https:\/\/www.alquera.com\/en\/fluoresceina-sodica-al-1\/","title":{"rendered":"Sodium Fluorescein 1%"},"content":{"rendered":"<p>Fluorescein Sodium in 1% water solution. This format allows a better handling of the fluorescein, since it is practically ready to use as it is already dissolved.<\/p>\n<p>If you prefer powdered sodium fluorescein, you can find it here: <a href=\"https:\/\/www.alquera.com\/en\/fluoresceina-sodica\/\">buy fluorescein sodium powder<\/a>.<\/p>\n<h2>IDENTIFICATION AND PROPERTIES<\/h2>\n<p><strong>1.1 Product identifier.<\/strong><\/p>\n<p>Product name: <strong>FLUORESCEIN SODIUM 1%<br \/>\n<\/strong><span style=\"font-size: 16px;\">Product code: ALQ0056<br \/>\n<\/span>Product type: Mixture. Category: Fluorescent tracers.<\/p>\n<p><strong>Aspect:<br \/>\n<\/strong>Physical state (20\u00baC): liquid.<br \/>\nColour: saturated brown (when diluted it changes to the characteristic deep yellow of dilute sodium fluorescein)<br \/>\nOdour: odourless.<br \/>\nOlfactory threshold: Not relevant due to the nature of the product, providing no information regarding its hazards.<\/p>\n<p><strong>Volatility:<br \/>\n<\/strong>Initial point\/boiling point\/boiling range: \u2265100 \u00baC, aqueous solution (Estimate based on Regulation (EC) No. 1272\/2008 indications and components).<\/p>\n<p><strong>Flammability:<\/strong><\/p>\n<p>Flammability: This material is combustible, but not readily flammable.<br \/>\nFlash point: &gt;200 \u00b0C (Estimate\/Calculation method (2.6.4.3)); fluorescein 217.6 \u00b0C at 967.3 hPa (ECHA, closed cup method, Pensky-Martens).<br \/>\nAuto-flammability temperature: N.A. fluorescein is not auto-flammable, decomposes &gt;300\u00b0C (ECHA).<\/p>\n<p><strong>Product features:<\/strong><\/p>\n<p>Melting\/freezing point: N.D. As an aqueous solution it is expected to freeze \u22640\u00baC.<br \/>\nWater solubility: soluble in water (fluorescein solubility in water &gt; 100 g\/l, 20 \u00b0C).<br \/>\nLipid solubility:N.D.<br \/>\nPartition coefficient (n-octanol\/water) (logarithmic value): N.A.; fluorescein 0,34 (pH 7) (ECHA).<br \/>\nBulk density: N.D.<br \/>\nRelative density (water=1): 0.8-1.0 (estimate based on components).<\/p>\n<h2>1% SODIUM FLUORESCEIN DOSE<\/h2>\n<p>The dose of fluorescein will vary greatly depending on the application of fluorescein.<\/p>\n<p>If you want to colour a mass of water, 2 ml of 1% Sodium Fluorescein per litre of water will be sufficient. If you want to detect individual drops and differentiate them from uncoloured water drops, we recommend at least 10ml of the solution per litre of water. The use of a torch or UV light will help you to detect the leak.<\/p>\n<p>&nbsp;<\/p>","protected":false},"excerpt":{"rendered":"<p>Buy fluorescein sodium diluted to 1%. Fluorescein sodium diluted 1% has a very high concentration, so it must be diluted to be used. As you can see in the picture, 2ml of 1% fluorescein is enough to colour 1L of water. If you wish, you can also buy <a href=\"https:\/\/www.alquera.com\/en\/fluoresceina-sodica\/\">fluorescein sodium powder<\/a> and make the pre-solution yourself. The order is placed directly on the Web following the steps indicated, and delivery is made within 24\/48 hours.<\/p>","protected":false},"featured_media":33047,"comment_status":"open","ping_status":"closed","template":"","meta":{"_acf_changed":false,"site-sidebar-layout":"default","site-content-layout":"default","ast-site-content-layout":"default","site-content-style":"default","site-sidebar-style":"default","ast-global-header-display":"","ast-banner-title-visibility":"","ast-main-header-display":"","ast-hfb-above-header-display":"","ast-hfb-below-header-display":"","ast-hfb-mobile-header-display":"","site-post-title":"","ast-breadcrumbs-content":"","ast-featured-img":"","footer-sml-layout":"","ast-disable-related-posts":"","theme-transparent-header-meta":"default","adv-header-id-meta":"","stick-header-meta":"default","header-above-stick-meta":"","header-main-stick-meta":"","header-below-stick-meta":"","astra-migrate-meta-layouts":"set","ast-page-background-enabled":"default","ast-page-background-meta":{"desktop":{"background-color":"var(--ast-global-color-4)","background-image":"","background-repeat":"repeat","background-position":"center center","background-size":"auto","background-attachment":"scroll","background-type":"","background-media":"","overlay-type":"","overlay-color":"","overlay-opacity":"","overlay-gradient":""},"tablet":{"background-color":"","background-image":"","background-repeat":"repeat","background-position":"center center","background-size":"auto","background-attachment":"scroll","background-type":"","background-media":"","overlay-type":"","overlay-color":"","overlay-opacity":"","overlay-gradient":""},"mobile":{"background-color":"","background-image":"","background-repeat":"repeat","background-position":"center center","background-size":"auto","background-attachment":"scroll","background-type":"","background-media":"","overlay-type":"","overlay-color":"","overlay-opacity":"","overlay-gradient":""}},"ast-content-background-meta":{"desktop":{"background-color":"var(--ast-global-color-5)","background-image":"","background-repeat":"repeat","background-position":"center center","background-size":"auto","background-attachment":"scroll","background-type":"","background-media":"","overlay-type":"","overlay-color":"","overlay-opacity":"","overlay-gradient":""},"tablet":{"background-color":"var(--ast-global-color-5)","background-image":"","background-repeat":"repeat","background-position":"center center","background-size":"auto","background-attachment":"scroll","background-type":"","background-media":"","overlay-type":"","overlay-color":"","overlay-opacity":"","overlay-gradient":""},"mobile":{"background-color":"var(--ast-global-color-5)","background-image":"","background-repeat":"repeat","background-position":"center center","background-size":"auto","background-attachment":"scroll","background-type":"","background-media":"","overlay-type":"","overlay-color":"","overlay-opacity":"","overlay-gradient":""}}},"product_brand":[],"product_cat":[215],"product_tag":[],"class_list":{"0":"post-33043","1":"product","2":"type-product","3":"status-publish","4":"has-post-thumbnail","6":"product_cat-trazadores-fluorescentes","7":"pa_cantidad-125ml","8":"pa_cantidad-500ml","9":"desktop-align-left","10":"tablet-align-left","11":"mobile-align-left","12":"ast-product-gallery-layout-horizontal-slider","13":"ast-magnify-disabled","14":"ast-product-single-variable","15":"ast-product-tabs-layout-horizontal","16":"ast-qv-on-image","18":"first","19":"instock","20":"taxable","21":"shipping-taxable","22":"purchasable","23":"product-type-variable","24":"has-default-attributes"},"acf":[],"yoast_head":"<!-- This site is optimized with the Yoast SEO Premium plugin v27.1 (Yoast SEO v27.1.1) - https:\/\/yoast.com\/product\/yoast-seo-premium-wordpress\/ -->\n<title>Fluoresce\u00edna S\u00f3dica al 1%: Comprar Online - Alquera.com<\/title>\n<meta name=\"robots\" content=\"index, follow, max-snippet:-1, max-image-preview:large, max-video-preview:-1\" \/>\n<link rel=\"canonical\" href=\"https:\/\/www.alquera.com\/en\/fluoresceina-sodica-al-1\/\" \/>\n<meta property=\"og:locale\" content=\"en_GB\" \/>\n<meta property=\"og:type\" content=\"article\" \/>\n<meta property=\"og:title\" content=\"Fluoresce\u00edna S\u00f3dica al 1%: Comprar Online - Alquera.com\" \/>\n<meta property=\"og:description\" content=\"Comprar fluoresce\u00edna s\u00f3dica dilu\u00edda al 1%. La fluoresce\u00edna s\u00f3dica dilu\u00edda al 1% tiene una concentraci\u00f3n muy alta, de tal forma que debe ser as\u00ed mismo dilu\u00edda para utilizarse. Tal y como puedes ver en la imagen, 2ml de fluoresce\u00edna al 1% es suficiente para dar color a 1L de agua. Si lo deseas tambi\u00e9n puedes comprar fluoresce\u00edna s\u00f3dica en polvo y realizar tu mismo la predisoluci\u00f3n. El pedido se realiza directamente por la Web siguiendo los pasos que se indican, haci\u00e9ndose la entrega en 24\/48 horas.\" \/>\n<meta property=\"og:url\" content=\"https:\/\/www.alquera.com\/en\/fluoresceina-sodica-al-1\/\" \/>\n<meta property=\"og:site_name\" content=\"Alquera.com\" \/>\n<meta property=\"article:publisher\" content=\"https:\/\/www.facebook.com\/alqueraciencia\" \/>\n<meta property=\"article:modified_time\" content=\"2026-04-01T18:25:47+00:00\" \/>\n<meta property=\"og:image\" content=\"https:\/\/www.alquera.com\/wp-content\/uploads\/2021\/02\/Fluoresceina-sodica-1_diluido-scaled.jpg\" \/>\n\t<meta property=\"og:image:width\" content=\"800\" \/>\n\t<meta property=\"og:image:height\" content=\"800\" \/>\n\t<meta property=\"og:image:type\" content=\"image\/jpeg\" \/>\n<meta name=\"twitter:card\" content=\"summary_large_image\" \/>\n<meta name=\"twitter:label1\" content=\"Availability\" \/>\n\t<meta name=\"twitter:data1\" content=\"In stock\" \/>\n<script type=\"application\/ld+json\" class=\"yoast-schema-graph\">{\"@context\":\"https:\/\/schema.org\",\"@graph\":[{\"@type\":[\"WebPage\",\"ItemPage\"],\"@id\":\"https:\/\/www.alquera.com\/fluoresceina-sodica-al-1\/\",\"url\":\"https:\/\/www.alquera.com\/fluoresceina-sodica-al-1\/\",\"name\":\"Fluoresce\u00edna S\u00f3dica al 1%: Comprar Online - Alquera.com\",\"isPartOf\":{\"@id\":\"https:\/\/www.alquera.com\/en\/#website\"},\"primaryImageOfPage\":{\"@id\":\"https:\/\/www.alquera.com\/fluoresceina-sodica-al-1\/#primaryimage\"},\"image\":{\"@id\":\"https:\/\/www.alquera.com\/fluoresceina-sodica-al-1\/#primaryimage\"},\"thumbnailUrl\":\"https:\/\/www.alquera.com\/wp-content\/uploads\/2021\/02\/Fluoresceina-sodica-1_diluido-scaled.jpg\",\"datePublished\":\"2021-02-23T12:05:29+00:00\",\"dateModified\":\"2026-04-01T18:25:47+00:00\",\"breadcrumb\":{\"@id\":\"https:\/\/www.alquera.com\/fluoresceina-sodica-al-1\/#breadcrumb\"},\"inLanguage\":\"en-GB\",\"potentialAction\":[{\"@type\":\"ReadAction\",\"target\":[\"https:\/\/www.alquera.com\/fluoresceina-sodica-al-1\/\"]}]},{\"@type\":\"ImageObject\",\"inLanguage\":\"en-GB\",\"@id\":\"https:\/\/www.alquera.com\/fluoresceina-sodica-al-1\/#primaryimage\",\"url\":\"https:\/\/www.alquera.com\/wp-content\/uploads\/2021\/02\/Fluoresceina-sodica-1_diluido-scaled.jpg\",\"contentUrl\":\"https:\/\/www.alquera.com\/wp-content\/uploads\/2021\/02\/Fluoresceina-sodica-1_diluido-scaled.jpg\",\"width\":800,\"height\":800,\"caption\":\"Fluoresceina sodica 1%_diluido\"},{\"@type\":\"BreadcrumbList\",\"@id\":\"https:\/\/www.alquera.com\/fluoresceina-sodica-al-1\/#breadcrumb\",\"itemListElement\":[{\"@type\":\"ListItem\",\"position\":1,\"name\":\"Inicio\",\"item\":\"https:\/\/www.alquera.com\/\"},{\"@type\":\"ListItem\",\"position\":2,\"name\":\"Alquera.com: Tienda Online de Productos Qu\u00edmicos y Material de Laboratorio\",\"item\":\"https:\/\/www.alquera.com\/en\/tienda\/\"},{\"@type\":\"ListItem\",\"position\":3,\"name\":\"Fluoresce\u00edna S\u00f3dica al 1%\"}]},{\"@type\":\"WebSite\",\"@id\":\"https:\/\/www.alquera.com\/en\/#website\",\"url\":\"https:\/\/www.alquera.com\/en\/\",\"name\":\"Alquera.com\",\"description\":\"Tienda Online Productos Qu\u00edmicos y Material de Laboratorio\",\"publisher\":{\"@id\":\"https:\/\/www.alquera.com\/en\/#organization\"},\"potentialAction\":[{\"@type\":\"SearchAction\",\"target\":{\"@type\":\"EntryPoint\",\"urlTemplate\":\"https:\/\/www.alquera.com\/en\/?s={search_term_string}\"},\"query-input\":{\"@type\":\"PropertyValueSpecification\",\"valueRequired\":true,\"valueName\":\"search_term_string\"}}],\"inLanguage\":\"en-GB\"},{\"@type\":\"Organization\",\"@id\":\"https:\/\/www.alquera.com\/en\/#organization\",\"name\":\"ALQUERA CIENCIA SL\",\"url\":\"https:\/\/www.alquera.com\/en\/\",\"logo\":{\"@type\":\"ImageObject\",\"inLanguage\":\"en-GB\",\"@id\":\"https:\/\/www.alquera.com\/en\/#\/schema\/logo\/image\/\",\"url\":\"https:\/\/www.alquera.com\/wp-content\/uploads\/2020\/11\/logo_300_ancho.png\",\"contentUrl\":\"https:\/\/www.alquera.com\/wp-content\/uploads\/2020\/11\/logo_300_ancho.png\",\"width\":300,\"height\":86,\"caption\":\"ALQUERA CIENCIA SL\"},\"image\":{\"@id\":\"https:\/\/www.alquera.com\/en\/#\/schema\/logo\/image\/\"},\"sameAs\":[\"https:\/\/www.facebook.com\/alqueraciencia\",\"https:\/\/www.instagram.com\/alquera_ciencia\/\",\"https:\/\/www.youtube.com\/c\/alquera\"]}]}<\/script>\n<meta property=\"og:availability\" content=\"instock\" \/>\n<meta property=\"product:availability\" content=\"instock\" \/>\n<meta property=\"product:condition\" content=\"new\" \/>\n<!-- \/ Yoast SEO Premium plugin. -->","yoast_head_json":{"title":"Fluorescein Sodium 1%: Buy Online - Alquera.com","robots":{"index":"index","follow":"follow","max-snippet":"max-snippet:-1","max-image-preview":"max-image-preview:large","max-video-preview":"max-video-preview:-1"},"canonical":"https:\/\/www.alquera.com\/en\/fluoresceina-sodica-al-1\/","og_locale":"en_GB","og_type":"article","og_title":"Fluoresce\u00edna S\u00f3dica al 1%: Comprar Online - Alquera.com","og_description":"Comprar fluoresce\u00edna s\u00f3dica dilu\u00edda al 1%. La fluoresce\u00edna s\u00f3dica dilu\u00edda al 1% tiene una concentraci\u00f3n muy alta, de tal forma que debe ser as\u00ed mismo dilu\u00edda para utilizarse. Tal y como puedes ver en la imagen, 2ml de fluoresce\u00edna al 1% es suficiente para dar color a 1L de agua. Si lo deseas tambi\u00e9n puedes comprar fluoresce\u00edna s\u00f3dica en polvo y realizar tu mismo la predisoluci\u00f3n. El pedido se realiza directamente por la Web siguiendo los pasos que se indican, haci\u00e9ndose la entrega en 24\/48 horas.","og_url":"https:\/\/www.alquera.com\/en\/fluoresceina-sodica-al-1\/","og_site_name":"Alquera.com","article_publisher":"https:\/\/www.facebook.com\/alqueraciencia","article_modified_time":"2026-04-01T18:25:47+00:00","og_image":[{"width":800,"height":800,"url":"https:\/\/www.alquera.com\/wp-content\/uploads\/2021\/02\/Fluoresceina-sodica-1_diluido-scaled.jpg","type":"image\/jpeg"}],"twitter_card":"summary_large_image","twitter_misc":{"Availability":"In stock"},"schema":{"@context":"https:\/\/schema.org","@graph":[{"@type":["WebPage","ItemPage"],"@id":"https:\/\/www.alquera.com\/fluoresceina-sodica-al-1\/","url":"https:\/\/www.alquera.com\/fluoresceina-sodica-al-1\/","name":"Fluorescein Sodium 1%: Buy Online - Alquera.com","isPartOf":{"@id":"https:\/\/www.alquera.com\/en\/#website"},"primaryImageOfPage":{"@id":"https:\/\/www.alquera.com\/fluoresceina-sodica-al-1\/#primaryimage"},"image":{"@id":"https:\/\/www.alquera.com\/fluoresceina-sodica-al-1\/#primaryimage"},"thumbnailUrl":"https:\/\/www.alquera.com\/wp-content\/uploads\/2021\/02\/Fluoresceina-sodica-1_diluido-scaled.jpg","datePublished":"2021-02-23T12:05:29+00:00","dateModified":"2026-04-01T18:25:47+00:00","breadcrumb":{"@id":"https:\/\/www.alquera.com\/fluoresceina-sodica-al-1\/#breadcrumb"},"inLanguage":"en-GB","potentialAction":[{"@type":"ReadAction","target":["https:\/\/www.alquera.com\/fluoresceina-sodica-al-1\/"]}]},{"@type":"ImageObject","inLanguage":"en-GB","@id":"https:\/\/www.alquera.com\/fluoresceina-sodica-al-1\/#primaryimage","url":"https:\/\/www.alquera.com\/wp-content\/uploads\/2021\/02\/Fluoresceina-sodica-1_diluido-scaled.jpg","contentUrl":"https:\/\/www.alquera.com\/wp-content\/uploads\/2021\/02\/Fluoresceina-sodica-1_diluido-scaled.jpg","width":800,"height":800,"caption":"Fluoresceina sodica 1%_diluido"},{"@type":"BreadcrumbList","@id":"https:\/\/www.alquera.com\/fluoresceina-sodica-al-1\/#breadcrumb","itemListElement":[{"@type":"ListItem","position":1,"name":"Inicio","item":"https:\/\/www.alquera.com\/"},{"@type":"ListItem","position":2,"name":"Alquera.com: Tienda Online de Productos Qu\u00edmicos y Material de Laboratorio","item":"https:\/\/www.alquera.com\/en\/tienda\/"},{"@type":"ListItem","position":3,"name":"Fluoresce\u00edna S\u00f3dica al 1%"}]},{"@type":"WebSite","@id":"https:\/\/www.alquera.com\/en\/#website","url":"https:\/\/www.alquera.com\/en\/","name":"Alquera.com","description":"Online Shop Chemical Products and Laboratory Equipment","publisher":{"@id":"https:\/\/www.alquera.com\/en\/#organization"},"potentialAction":[{"@type":"SearchAction","target":{"@type":"EntryPoint","urlTemplate":"https:\/\/www.alquera.com\/en\/?s={search_term_string}"},"query-input":{"@type":"PropertyValueSpecification","valueRequired":true,"valueName":"search_term_string"}}],"inLanguage":"en-GB"},{"@type":"Organization","@id":"https:\/\/www.alquera.com\/en\/#organization","name":"ALQUERA CIENCIA SL","url":"https:\/\/www.alquera.com\/en\/","logo":{"@type":"ImageObject","inLanguage":"en-GB","@id":"https:\/\/www.alquera.com\/en\/#\/schema\/logo\/image\/","url":"https:\/\/www.alquera.com\/wp-content\/uploads\/2020\/11\/logo_300_ancho.png","contentUrl":"https:\/\/www.alquera.com\/wp-content\/uploads\/2020\/11\/logo_300_ancho.png","width":300,"height":86,"caption":"ALQUERA CIENCIA SL"},"image":{"@id":"https:\/\/www.alquera.com\/en\/#\/schema\/logo\/image\/"},"sameAs":["https:\/\/www.facebook.com\/alqueraciencia","https:\/\/www.instagram.com\/alquera_ciencia\/","https:\/\/www.youtube.com\/c\/alquera"]}]},"og_availability":"instock","product_availability":"instock","product_condition":"new"},"_links":{"self":[{"href":"https:\/\/www.alquera.com\/en\/wp-json\/wp\/v2\/product\/33043","targetHints":{"allow":["GET"]}}],"collection":[{"href":"https:\/\/www.alquera.com\/en\/wp-json\/wp\/v2\/product"}],"about":[{"href":"https:\/\/www.alquera.com\/en\/wp-json\/wp\/v2\/types\/product"}],"replies":[{"embeddable":true,"href":"https:\/\/www.alquera.com\/en\/wp-json\/wp\/v2\/comments?post=33043"}],"wp:featuredmedia":[{"embeddable":true,"href":"https:\/\/www.alquera.com\/en\/wp-json\/wp\/v2\/media\/33047"}],"wp:attachment":[{"href":"https:\/\/www.alquera.com\/en\/wp-json\/wp\/v2\/media?parent=33043"}],"wp:term":[{"taxonomy":"product_brand","embeddable":true,"href":"https:\/\/www.alquera.com\/en\/wp-json\/wp\/v2\/product_brand?post=33043"},{"taxonomy":"product_cat","embeddable":true,"href":"https:\/\/www.alquera.com\/en\/wp-json\/wp\/v2\/product_cat?post=33043"},{"taxonomy":"product_tag","embeddable":true,"href":"https:\/\/www.alquera.com\/en\/wp-json\/wp\/v2\/product_tag?post=33043"}],"curies":[{"name":"wp","href":"https:\/\/api.w.org\/{rel}","templated":true}]}}