{"id":35510,"date":"2021-09-30T09:11:20","date_gmt":"2021-09-30T09:11:20","guid":{"rendered":"https:\/\/www.alquera.com\/?post_type=product&#038;p=35510"},"modified":"2026-04-26T13:11:51","modified_gmt":"2026-04-26T13:11:51","slug":"alcohol-isopropilico","status":"publish","type":"product","link":"https:\/\/www.alquera.com\/en\/alcohol-isopropilico\/","title":{"rendered":"Isopropyl Alcohol"},"content":{"rendered":"<p>Isopropanol is a high purity solvent with more than 99.9%. It goes by other names such as isopranol, propanol and API. Its texture is like that of any other alcohol, but when it is at very low and extremely cold temperatures it is noticeably thicker and denser. It has different functions, for the cleaning of certain objects, such as electronic equipment, as a disinfectant, especially as a hydro-alcoholic gel containing some % of it, it is also used to kill pests. In addition it is also used in the automotive industry, as it is one of the additives that are added to the fuel, in the industries of this sector is often used, in addition to remove grease and oil from surfaces, machinery and tools. Find different formats of Isopropyl Alcohol in Alquera. If you have any questions please contact us.<\/p>\n<h2><strong>IDENTIFICATION AND PROPERTIES\u00a0<\/strong><\/h2>\n<p><strong>Name: <\/strong>Isopropyl Alcohol<br \/>\n<strong>Content<\/strong> &gt;99,8%<br \/>\n<strong>Synonyms: <\/strong>IPA, Isopropanol, Sec-Propanol, Dimethyl carbinol, Secondary propyl alcohol, Propan-2-ol.<br \/>\n<strong>CAS: <\/strong>67-63-0<br \/>\n<strong>EC:\u00a0<\/strong>200-661-7<\/p>\n<ul>\n<li>Appearance (20 \u00baC): Colourless liquid<\/li>\n<li>Odour: Characteristic of alcohol<\/li>\n<li>Olfactory threshold: 22 - 200 ppm<\/li>\n<li>Melting point: - 90 \u00baC<\/li>\n<li>Boiling point: 83 \u00baC<\/li>\n<li>Flash point: 12 \u00baC<\/li>\n<li>Flammability (solid \/ gas): 12 \u00baC<\/li>\n<li>Explosive limits: Lower: 2 % ,Upper: 12 %<\/li>\n<li>Vapour pressure (20 \u00baC): 4.4 kPa<\/li>\n<li>Vapour density (air=1) (20 \u00baC): 2.1<\/li>\n<li>Density (20 C): 0.787 g\/cm3<\/li>\n<li>Solubility in water: Soluble<\/li>\n<li>Partition coefficient n-octanol\/water (25 \u00baC):0.05<\/li>\n<li>Auto-ignition temperature: 399 - 455.6 \u00b0C<\/li>\n<li>Viscosity, dynamic(20 \u00baC): 2.3cP<\/li>\n<li>Explosive properties: Non-explosive<\/li>\n<li>Oxidising properties: Non-combustive<\/li>\n<\/ul>\n<h2>USES<\/h2>\n<ul>\n<li>Substance manufacture - Industrial<\/li>\n<li>Formulation and (re)conditioning of substances and mixtures - Industrial<\/li>\n<li>Coating Uses -Industrial \/ Professional \/ Consumer<\/li>\n<li>Use in Cleaning Agents - Industrial \/ Professional \/ Consumer<\/li>\n<li>Use in Oilfield Drilling and Exploitation Operations - Industrial<\/li>\n<li>Use in Lubricants - Industrial \/ Professional \/ Consumer<\/li>\n<li>Use in Metalworking fluids \/ rolling oils - Industrial \/ Professional<\/li>\n<li>Use as Expansion Agents - Industrial<\/li>\n<li>Use as binders and release agents - Industrial \/ Professional<\/li>\n<li>Use in Agrochemicals - Professional \/ Consumer<\/li>\n<li>Fuel use - Industrial\/ Professional \/ Consumer<\/li>\n<li>Use as functional fluids - Industrial \/ Professional \/ Consumer<\/li>\n<li>De-icing and anti-freeze applications -Professional\/Consumer<\/li>\n<li>Uses Construction and road applications - Professional<\/li>\n<li>Laboratory use - Industrial \/ Professional<\/li>\n<li>Manufacture and use of explosives - Professional<\/li>\n<li>Rubber production and processing - Industrial<\/li>\n<li>Uses Polymer Processing - Industrial \/ Professional<\/li>\n<li>Water treatment agent - Industrial \/ Professional<\/li>\n<li>Water Treatment Chemicals - Consumer<\/li>\n<li>Uses Mining industry - Industrial<\/li>\n<li>End use of cosmetic products - Cosmetic application for cosmetic\/pharmacological grade only - Consumer<\/li>\n<\/ul>\n<p>&nbsp;<\/p>\n<p>&nbsp;<\/p>\n<p>&nbsp;<\/p>\n<p>&nbsp;<\/p>","protected":false},"excerpt":{"rendered":"<p>Buy Isopropyl Alcohol. The price of the different formats of Isopropyl Alcohol can be seen by selecting the format you want. The order is made directly through the Web following the steps indicated, being delivered in 24\/48 hours.<\/p>","protected":false},"featured_media":35583,"comment_status":"open","ping_status":"closed","template":"","meta":{"_acf_changed":false,"site-sidebar-layout":"default","site-content-layout":"default","ast-site-content-layout":"default","site-content-style":"default","site-sidebar-style":"default","ast-global-header-display":"","ast-banner-title-visibility":"","ast-main-header-display":"","ast-hfb-above-header-display":"","ast-hfb-below-header-display":"","ast-hfb-mobile-header-display":"","site-post-title":"","ast-breadcrumbs-content":"","ast-featured-img":"","footer-sml-layout":"","ast-disable-related-posts":"","theme-transparent-header-meta":"default","adv-header-id-meta":"","stick-header-meta":"default","header-above-stick-meta":"","header-main-stick-meta":"","header-below-stick-meta":"","astra-migrate-meta-layouts":"set","ast-page-background-enabled":"default","ast-page-background-meta":{"desktop":{"background-color":"var(--ast-global-color-4)","background-image":"","background-repeat":"repeat","background-position":"center center","background-size":"auto","background-attachment":"scroll","background-type":"","background-media":"","overlay-type":"","overlay-color":"","overlay-opacity":"","overlay-gradient":""},"tablet":{"background-color":"","background-image":"","background-repeat":"repeat","background-position":"center center","background-size":"auto","background-attachment":"scroll","background-type":"","background-media":"","overlay-type":"","overlay-color":"","overlay-opacity":"","overlay-gradient":""},"mobile":{"background-color":"","background-image":"","background-repeat":"repeat","background-position":"center center","background-size":"auto","background-attachment":"scroll","background-type":"","background-media":"","overlay-type":"","overlay-color":"","overlay-opacity":"","overlay-gradient":""}},"ast-content-background-meta":{"desktop":{"background-color":"var(--ast-global-color-5)","background-image":"","background-repeat":"repeat","background-position":"center center","background-size":"auto","background-attachment":"scroll","background-type":"","background-media":"","overlay-type":"","overlay-color":"","overlay-opacity":"","overlay-gradient":""},"tablet":{"background-color":"var(--ast-global-color-5)","background-image":"","background-repeat":"repeat","background-position":"center center","background-size":"auto","background-attachment":"scroll","background-type":"","background-media":"","overlay-type":"","overlay-color":"","overlay-opacity":"","overlay-gradient":""},"mobile":{"background-color":"var(--ast-global-color-5)","background-image":"","background-repeat":"repeat","background-position":"center center","background-size":"auto","background-attachment":"scroll","background-type":"","background-media":"","overlay-type":"","overlay-color":"","overlay-opacity":"","overlay-gradient":""}}},"product_brand":[],"product_cat":[21],"product_tag":[],"class_list":{"0":"post-35510","1":"product","2":"type-product","3":"status-publish","4":"has-post-thumbnail","6":"product_cat-productos","7":"pa_cantidad-1l","8":"pa_cantidad-5l","9":"pa_cantidad-25l-2","10":"desktop-align-left","11":"tablet-align-left","12":"mobile-align-left","13":"ast-product-gallery-layout-horizontal-slider","14":"ast-product-gallery-with-no-image","15":"ast-magnify-disabled","16":"ast-product-single-variable","17":"ast-product-tabs-layout-horizontal","18":"ast-qv-on-image","20":"first","21":"instock","22":"taxable","23":"shipping-taxable","24":"purchasable","25":"product-type-variable","26":"has-default-attributes"},"acf":[],"yoast_head":"<!-- This site is optimized with the Yoast SEO Premium plugin v27.1 (Yoast SEO v27.1.1) - https:\/\/yoast.com\/product\/yoast-seo-premium-wordpress\/ -->\n<title>Alcohol Isoprop\u00edlico: Comprar Online - Alquera.com<\/title>\n<meta name=\"description\" content=\"ENV\u00cdOS EN 24\/48H. Comprar Alcohol Isoprop\u00edlico en Alquera. Composici\u00f3n al 99% tambi\u00e9n conocido como Propan-2-ol.\" \/>\n<meta name=\"robots\" content=\"index, follow, max-snippet:-1, max-image-preview:large, max-video-preview:-1\" \/>\n<link rel=\"canonical\" href=\"https:\/\/www.alquera.com\/en\/alcohol-isopropilico\/\" \/>\n<meta property=\"og:locale\" content=\"en_GB\" \/>\n<meta property=\"og:type\" content=\"article\" \/>\n<meta property=\"og:title\" content=\"Alcohol Isoprop\u00edlico: Comprar Online - Alquera.com\" \/>\n<meta property=\"og:description\" content=\"ENV\u00cdOS EN 24\/48H. Comprar Alcohol Isoprop\u00edlico en Alquera. Composici\u00f3n al 99% tambi\u00e9n conocido como Propan-2-ol.\" \/>\n<meta property=\"og:url\" content=\"https:\/\/www.alquera.com\/en\/alcohol-isopropilico\/\" \/>\n<meta property=\"og:site_name\" content=\"Alquera.com\" \/>\n<meta property=\"article:publisher\" content=\"https:\/\/www.facebook.com\/alqueraciencia\" \/>\n<meta property=\"article:modified_time\" content=\"2026-04-26T13:11:51+00:00\" \/>\n<meta property=\"og:image\" content=\"https:\/\/www.alquera.com\/wp-content\/uploads\/2021\/09\/ALCOHOL-ISOPROPILICO.png\" \/>\n\t<meta property=\"og:image:width\" content=\"777\" \/>\n\t<meta property=\"og:image:height\" content=\"800\" \/>\n\t<meta property=\"og:image:type\" content=\"image\/png\" \/>\n<meta name=\"twitter:card\" content=\"summary_large_image\" \/>\n<meta name=\"twitter:label1\" content=\"Availability\" \/>\n\t<meta name=\"twitter:data1\" content=\"In stock\" \/>\n<script type=\"application\/ld+json\" class=\"yoast-schema-graph\">{\"@context\":\"https:\/\/schema.org\",\"@graph\":[{\"@type\":[\"WebPage\",\"ItemPage\"],\"@id\":\"https:\/\/www.alquera.com\/alcohol-isopropilico\/\",\"url\":\"https:\/\/www.alquera.com\/alcohol-isopropilico\/\",\"name\":\"Alcohol Isoprop\u00edlico: Comprar Online - Alquera.com\",\"isPartOf\":{\"@id\":\"https:\/\/www.alquera.com\/en\/#website\"},\"primaryImageOfPage\":{\"@id\":\"https:\/\/www.alquera.com\/alcohol-isopropilico\/#primaryimage\"},\"image\":{\"@id\":\"https:\/\/www.alquera.com\/alcohol-isopropilico\/#primaryimage\"},\"thumbnailUrl\":\"https:\/\/www.alquera.com\/wp-content\/uploads\/2021\/09\/ALCOHOL-ISOPROPILICO.png\",\"datePublished\":\"2021-09-30T09:11:20+00:00\",\"dateModified\":\"2026-04-26T13:11:51+00:00\",\"description\":\"ENV\u00cdOS EN 24\/48H. Comprar Alcohol Isoprop\u00edlico en Alquera. Composici\u00f3n al 99% tambi\u00e9n conocido como Propan-2-ol.\",\"breadcrumb\":{\"@id\":\"https:\/\/www.alquera.com\/alcohol-isopropilico\/#breadcrumb\"},\"inLanguage\":\"en-GB\",\"potentialAction\":[{\"@type\":\"ReadAction\",\"target\":[\"https:\/\/www.alquera.com\/alcohol-isopropilico\/\"]}]},{\"@type\":\"ImageObject\",\"inLanguage\":\"en-GB\",\"@id\":\"https:\/\/www.alquera.com\/alcohol-isopropilico\/#primaryimage\",\"url\":\"https:\/\/www.alquera.com\/wp-content\/uploads\/2021\/09\/ALCOHOL-ISOPROPILICO.png\",\"contentUrl\":\"https:\/\/www.alquera.com\/wp-content\/uploads\/2021\/09\/ALCOHOL-ISOPROPILICO.png\",\"width\":777,\"height\":800,\"caption\":\"alcohol isopropilico\"},{\"@type\":\"BreadcrumbList\",\"@id\":\"https:\/\/www.alquera.com\/alcohol-isopropilico\/#breadcrumb\",\"itemListElement\":[{\"@type\":\"ListItem\",\"position\":1,\"name\":\"Inicio\",\"item\":\"https:\/\/www.alquera.com\/\"},{\"@type\":\"ListItem\",\"position\":2,\"name\":\"Alquera.com: Tienda Online de Productos Qu\u00edmicos y Material de Laboratorio\",\"item\":\"https:\/\/www.alquera.com\/en\/tienda\/\"},{\"@type\":\"ListItem\",\"position\":3,\"name\":\"Alcohol Isoprop\u00edlico\"}]},{\"@type\":\"WebSite\",\"@id\":\"https:\/\/www.alquera.com\/en\/#website\",\"url\":\"https:\/\/www.alquera.com\/en\/\",\"name\":\"Alquera.com\",\"description\":\"Tienda Online Productos Qu\u00edmicos y Material de Laboratorio\",\"publisher\":{\"@id\":\"https:\/\/www.alquera.com\/en\/#organization\"},\"potentialAction\":[{\"@type\":\"SearchAction\",\"target\":{\"@type\":\"EntryPoint\",\"urlTemplate\":\"https:\/\/www.alquera.com\/en\/?s={search_term_string}\"},\"query-input\":{\"@type\":\"PropertyValueSpecification\",\"valueRequired\":true,\"valueName\":\"search_term_string\"}}],\"inLanguage\":\"en-GB\"},{\"@type\":\"Organization\",\"@id\":\"https:\/\/www.alquera.com\/en\/#organization\",\"name\":\"ALQUERA CIENCIA SL\",\"url\":\"https:\/\/www.alquera.com\/en\/\",\"logo\":{\"@type\":\"ImageObject\",\"inLanguage\":\"en-GB\",\"@id\":\"https:\/\/www.alquera.com\/en\/#\/schema\/logo\/image\/\",\"url\":\"https:\/\/www.alquera.com\/wp-content\/uploads\/2020\/11\/logo_300_ancho.png\",\"contentUrl\":\"https:\/\/www.alquera.com\/wp-content\/uploads\/2020\/11\/logo_300_ancho.png\",\"width\":300,\"height\":86,\"caption\":\"ALQUERA CIENCIA SL\"},\"image\":{\"@id\":\"https:\/\/www.alquera.com\/en\/#\/schema\/logo\/image\/\"},\"sameAs\":[\"https:\/\/www.facebook.com\/alqueraciencia\",\"https:\/\/www.instagram.com\/alquera_ciencia\/\",\"https:\/\/www.youtube.com\/c\/alquera\"]}]}<\/script>\n<meta property=\"og:availability\" content=\"instock\" \/>\n<meta property=\"product:availability\" content=\"instock\" \/>\n<meta property=\"product:condition\" content=\"new\" \/>\n<!-- \/ Yoast SEO Premium plugin. -->","yoast_head_json":{"title":"Isopropyl Alcohol: Buy Online - Alquera.com","description":"IN STOCK. Buy Isopropyl Alcohol in Alquera. Composition 99% also known as Propan-2-ol.","robots":{"index":"index","follow":"follow","max-snippet":"max-snippet:-1","max-image-preview":"max-image-preview:large","max-video-preview":"max-video-preview:-1"},"canonical":"https:\/\/www.alquera.com\/en\/alcohol-isopropilico\/","og_locale":"en_GB","og_type":"article","og_title":"Alcohol Isoprop\u00edlico: Comprar Online - Alquera.com","og_description":"ENV\u00cdOS EN 24\/48H. Comprar Alcohol Isoprop\u00edlico en Alquera. Composici\u00f3n al 99% tambi\u00e9n conocido como Propan-2-ol.","og_url":"https:\/\/www.alquera.com\/en\/alcohol-isopropilico\/","og_site_name":"Alquera.com","article_publisher":"https:\/\/www.facebook.com\/alqueraciencia","article_modified_time":"2026-04-26T13:11:51+00:00","og_image":[{"width":777,"height":800,"url":"https:\/\/www.alquera.com\/wp-content\/uploads\/2021\/09\/ALCOHOL-ISOPROPILICO.png","type":"image\/png"}],"twitter_card":"summary_large_image","twitter_misc":{"Availability":"In stock"},"schema":{"@context":"https:\/\/schema.org","@graph":[{"@type":["WebPage","ItemPage"],"@id":"https:\/\/www.alquera.com\/alcohol-isopropilico\/","url":"https:\/\/www.alquera.com\/alcohol-isopropilico\/","name":"Isopropyl Alcohol: Buy Online - Alquera.com","isPartOf":{"@id":"https:\/\/www.alquera.com\/en\/#website"},"primaryImageOfPage":{"@id":"https:\/\/www.alquera.com\/alcohol-isopropilico\/#primaryimage"},"image":{"@id":"https:\/\/www.alquera.com\/alcohol-isopropilico\/#primaryimage"},"thumbnailUrl":"https:\/\/www.alquera.com\/wp-content\/uploads\/2021\/09\/ALCOHOL-ISOPROPILICO.png","datePublished":"2021-09-30T09:11:20+00:00","dateModified":"2026-04-26T13:11:51+00:00","description":"IN STOCK. Buy Isopropyl Alcohol in Alquera. Composition 99% also known as Propan-2-ol.","breadcrumb":{"@id":"https:\/\/www.alquera.com\/alcohol-isopropilico\/#breadcrumb"},"inLanguage":"en-GB","potentialAction":[{"@type":"ReadAction","target":["https:\/\/www.alquera.com\/alcohol-isopropilico\/"]}]},{"@type":"ImageObject","inLanguage":"en-GB","@id":"https:\/\/www.alquera.com\/alcohol-isopropilico\/#primaryimage","url":"https:\/\/www.alquera.com\/wp-content\/uploads\/2021\/09\/ALCOHOL-ISOPROPILICO.png","contentUrl":"https:\/\/www.alquera.com\/wp-content\/uploads\/2021\/09\/ALCOHOL-ISOPROPILICO.png","width":777,"height":800,"caption":"alcohol isopropilico"},{"@type":"BreadcrumbList","@id":"https:\/\/www.alquera.com\/alcohol-isopropilico\/#breadcrumb","itemListElement":[{"@type":"ListItem","position":1,"name":"Inicio","item":"https:\/\/www.alquera.com\/"},{"@type":"ListItem","position":2,"name":"Alquera.com: Tienda Online de Productos Qu\u00edmicos y Material de Laboratorio","item":"https:\/\/www.alquera.com\/en\/tienda\/"},{"@type":"ListItem","position":3,"name":"Alcohol Isoprop\u00edlico"}]},{"@type":"WebSite","@id":"https:\/\/www.alquera.com\/en\/#website","url":"https:\/\/www.alquera.com\/en\/","name":"Alquera.com","description":"Online Shop Chemical Products and Laboratory Equipment","publisher":{"@id":"https:\/\/www.alquera.com\/en\/#organization"},"potentialAction":[{"@type":"SearchAction","target":{"@type":"EntryPoint","urlTemplate":"https:\/\/www.alquera.com\/en\/?s={search_term_string}"},"query-input":{"@type":"PropertyValueSpecification","valueRequired":true,"valueName":"search_term_string"}}],"inLanguage":"en-GB"},{"@type":"Organization","@id":"https:\/\/www.alquera.com\/en\/#organization","name":"ALQUERA CIENCIA SL","url":"https:\/\/www.alquera.com\/en\/","logo":{"@type":"ImageObject","inLanguage":"en-GB","@id":"https:\/\/www.alquera.com\/en\/#\/schema\/logo\/image\/","url":"https:\/\/www.alquera.com\/wp-content\/uploads\/2020\/11\/logo_300_ancho.png","contentUrl":"https:\/\/www.alquera.com\/wp-content\/uploads\/2020\/11\/logo_300_ancho.png","width":300,"height":86,"caption":"ALQUERA CIENCIA SL"},"image":{"@id":"https:\/\/www.alquera.com\/en\/#\/schema\/logo\/image\/"},"sameAs":["https:\/\/www.facebook.com\/alqueraciencia","https:\/\/www.instagram.com\/alquera_ciencia\/","https:\/\/www.youtube.com\/c\/alquera"]}]},"og_availability":"instock","product_availability":"instock","product_condition":"new"},"_links":{"self":[{"href":"https:\/\/www.alquera.com\/en\/wp-json\/wp\/v2\/product\/35510","targetHints":{"allow":["GET"]}}],"collection":[{"href":"https:\/\/www.alquera.com\/en\/wp-json\/wp\/v2\/product"}],"about":[{"href":"https:\/\/www.alquera.com\/en\/wp-json\/wp\/v2\/types\/product"}],"replies":[{"embeddable":true,"href":"https:\/\/www.alquera.com\/en\/wp-json\/wp\/v2\/comments?post=35510"}],"wp:featuredmedia":[{"embeddable":true,"href":"https:\/\/www.alquera.com\/en\/wp-json\/wp\/v2\/media\/35583"}],"wp:attachment":[{"href":"https:\/\/www.alquera.com\/en\/wp-json\/wp\/v2\/media?parent=35510"}],"wp:term":[{"taxonomy":"product_brand","embeddable":true,"href":"https:\/\/www.alquera.com\/en\/wp-json\/wp\/v2\/product_brand?post=35510"},{"taxonomy":"product_cat","embeddable":true,"href":"https:\/\/www.alquera.com\/en\/wp-json\/wp\/v2\/product_cat?post=35510"},{"taxonomy":"product_tag","embeddable":true,"href":"https:\/\/www.alquera.com\/en\/wp-json\/wp\/v2\/product_tag?post=35510"}],"curies":[{"name":"wp","href":"https:\/\/api.w.org\/{rel}","templated":true}]}}