{"id":35791,"date":"2021-10-27T07:07:49","date_gmt":"2021-10-27T07:07:49","guid":{"rendered":"https:\/\/www.alquera.com\/?post_type=product&#038;p=35791"},"modified":"2025-01-31T05:35:24","modified_gmt":"2025-01-31T05:35:24","slug":"azul-de-metileno-para-analisis-panreac","status":"publish","type":"product","link":"https:\/\/www.alquera.com\/en\/azul-de-metileno-para-analisis-panreac\/","title":{"rendered":"Azul de Metileno para An\u00e1lisis (Panreac)"},"content":{"rendered":"<h2>AZUL DE METILENO PARA AN\u00c1LISIS &#8211; IDENTIFICACI\u00d3N Y PROPIEDADES<\/h2>\n<p><strong>Name:<\/strong> Methylene Blue for Analysis<br \/>\n<strong>Molecular formula:<\/strong> C<sub>1<\/sub><sub>6<\/sub>H<sub>1<\/sub><sub>8<\/sub>ClN<sub>3<\/sub>S.xH<sub>2<\/sub>O<br \/>\n<strong>CAS:\u00a0<\/strong>61-73-4<br \/>\n<strong>EC: <\/strong>200-515-2<strong><br \/>\n<strong>Synonyms:<\/strong><\/strong> \u00a03,7-Bis(Dimethylamino)Phenothiazine-5-Inium Chloride,C.I. Basic Blue 9, Tetramethylthionine Chloride<strong><br \/>\n<strong>Molar mass:<\/strong><\/strong>319.85 +H20 g\/mol<strong><br \/>\n<strong>Brand:<\/strong><\/strong> PanReac<br \/>\n<strong class=\"prod-richness\">Richness (Spectrophotometric): <\/strong>82%<\/p>\n<ul>\n<li>Physical state: Solid<\/li>\n<li>Colour. Blue<\/li>\n<li>Odour: Characteristic<\/li>\n<li>Melting point\/freezing point: 190\u00baC<\/li>\n<li>Boiling point or initial boiling point and boiling range: The substance is not flammable<\/li>\n<li>Solubility in water at 20\u00baC: 50 g\/l<\/li>\n<li>Explosive properties: The product is not explosive.<\/li>\n<\/ul>\n<p><strong>Quality name:<\/strong> For analysis<\/p>\n<p><strong>Especificaciones del azul de metileno para an\u00e1lisis<\/strong><\/p>\n<ul>\n<li>Richness (Spectrophotometric): 82%<\/li>\n<li>Identity: IR compliant test<\/li>\n<li>A 1%, 1 cm, \u03bb max. (calc. s.p.s): &gt;2200<\/li>\n<li>\u03bb of ABS max. at H20: 663 - 667 nm<\/li>\n<li>C.C.F.: As per test<\/li>\n<\/ul>\n<p><b>Maximum limit for impurities<\/b><\/p>\n<ul>\n<li>\n<dl class=\"info-prod\">\n<dd>Loss on drying at 110\u00b0C: 8-16 %<\/dd>\n<\/dl>\n<\/li>\n<\/ul>\n<p><strong>Storage:\u00a0<\/strong>Store between 20\u00b0C and 25\u00b0C<\/p>\n<h2>FICHA T\u00c9CNICA Y FICHA SEGURIDAD AZUL METILENO<\/h2>\n<p>Puedes descargarlos en el apartado documentaci\u00f3n<\/p>","protected":false},"excerpt":{"rendered":"<p>Buy Methylene Blue for analysis in 25g and 100g formats. You can see the price of this product by selecting the format you want. The order is made directly through the Web following the steps indicated.<\/p>","protected":false},"featured_media":35794,"comment_status":"open","ping_status":"closed","template":"","meta":{"_acf_changed":false,"site-sidebar-layout":"default","site-content-layout":"default","ast-site-content-layout":"default","site-content-style":"default","site-sidebar-style":"default","ast-global-header-display":"","ast-banner-title-visibility":"","ast-main-header-display":"","ast-hfb-above-header-display":"","ast-hfb-below-header-display":"","ast-hfb-mobile-header-display":"","site-post-title":"","ast-breadcrumbs-content":"","ast-featured-img":"","footer-sml-layout":"","ast-disable-related-posts":"","theme-transparent-header-meta":"default","adv-header-id-meta":"","stick-header-meta":"default","header-above-stick-meta":"","header-main-stick-meta":"","header-below-stick-meta":"","astra-migrate-meta-layouts":"set","ast-page-background-enabled":"default","ast-page-background-meta":{"desktop":{"background-color":"var(--ast-global-color-4)","background-image":"","background-repeat":"repeat","background-position":"center center","background-size":"auto","background-attachment":"scroll","background-type":"","background-media":"","overlay-type":"","overlay-color":"","overlay-opacity":"","overlay-gradient":""},"tablet":{"background-color":"","background-image":"","background-repeat":"repeat","background-position":"center center","background-size":"auto","background-attachment":"scroll","background-type":"","background-media":"","overlay-type":"","overlay-color":"","overlay-opacity":"","overlay-gradient":""},"mobile":{"background-color":"","background-image":"","background-repeat":"repeat","background-position":"center center","background-size":"auto","background-attachment":"scroll","background-type":"","background-media":"","overlay-type":"","overlay-color":"","overlay-opacity":"","overlay-gradient":""}},"ast-content-background-meta":{"desktop":{"background-color":"var(--ast-global-color-5)","background-image":"","background-repeat":"repeat","background-position":"center center","background-size":"auto","background-attachment":"scroll","background-type":"","background-media":"","overlay-type":"","overlay-color":"","overlay-opacity":"","overlay-gradient":""},"tablet":{"background-color":"var(--ast-global-color-5)","background-image":"","background-repeat":"repeat","background-position":"center center","background-size":"auto","background-attachment":"scroll","background-type":"","background-media":"","overlay-type":"","overlay-color":"","overlay-opacity":"","overlay-gradient":""},"mobile":{"background-color":"var(--ast-global-color-5)","background-image":"","background-repeat":"repeat","background-position":"center center","background-size":"auto","background-attachment":"scroll","background-type":"","background-media":"","overlay-type":"","overlay-color":"","overlay-opacity":"","overlay-gradient":""}}},"product_brand":[],"product_cat":[290,21],"product_tag":[],"class_list":{"0":"post-35791","1":"product","2":"type-product","3":"status-publish","4":"has-post-thumbnail","6":"product_cat-reactivos-quimicos","7":"product_cat-productos","8":"pa_cantidad-25g","9":"pa_cantidad-100g","10":"desktop-align-left","11":"tablet-align-left","12":"mobile-align-left","13":"ast-product-gallery-layout-horizontal-slider","14":"ast-product-gallery-with-no-image","15":"ast-magnify-disabled","16":"ast-product-single-variable","17":"ast-product-tabs-layout-horizontal","18":"ast-qv-on-image","20":"first","21":"instock","22":"taxable","23":"shipping-taxable","24":"purchasable","25":"product-type-variable","26":"has-default-attributes"},"acf":[],"yoast_head":"<!-- This site is optimized with the Yoast SEO Premium plugin v27.1 (Yoast SEO v27.1.1) - https:\/\/yoast.com\/product\/yoast-seo-premium-wordpress\/ -->\n<title>Azul de Metileno para An\u00e1lisis (Panreac): Comprar Online - Alquera.com<\/title>\n<meta name=\"description\" content=\"Comprar Azul de Metileno para an\u00e1lisis en Alquera. Tiene una riqueza (espectrofotom\u00e9trica) de un 82%.\" \/>\n<meta name=\"robots\" content=\"index, follow, max-snippet:-1, max-image-preview:large, max-video-preview:-1\" \/>\n<link rel=\"canonical\" href=\"https:\/\/www.alquera.com\/en\/azul-de-metileno-para-analisis-panreac\/\" \/>\n<meta property=\"og:locale\" content=\"en_GB\" \/>\n<meta property=\"og:type\" content=\"article\" \/>\n<meta property=\"og:title\" content=\"Azul de Metileno para An\u00e1lisis (Panreac): Comprar Online - Alquera.com\" \/>\n<meta property=\"og:description\" content=\"Comprar Azul de Metileno para an\u00e1lisis en Alquera. Tiene una riqueza (espectrofotom\u00e9trica) de un 82%.\" \/>\n<meta property=\"og:url\" content=\"https:\/\/www.alquera.com\/en\/azul-de-metileno-para-analisis-panreac\/\" \/>\n<meta property=\"og:site_name\" content=\"Alquera.com\" \/>\n<meta property=\"article:publisher\" content=\"https:\/\/www.facebook.com\/alqueraciencia\" \/>\n<meta property=\"article:modified_time\" content=\"2025-01-31T05:35:24+00:00\" \/>\n<meta property=\"og:image\" content=\"https:\/\/www.alquera.com\/wp-content\/uploads\/2021\/10\/AZUL-DE-METILENO-PARA-ANALISIS.webp\" \/>\n\t<meta property=\"og:image:width\" content=\"800\" \/>\n\t<meta property=\"og:image:height\" content=\"800\" \/>\n\t<meta property=\"og:image:type\" content=\"image\/webp\" \/>\n<meta name=\"twitter:card\" content=\"summary_large_image\" \/>\n<meta name=\"twitter:label1\" content=\"Availability\" \/>\n\t<meta name=\"twitter:data1\" content=\"In stock\" \/>\n<script type=\"application\/ld+json\" class=\"yoast-schema-graph\">{\"@context\":\"https:\/\/schema.org\",\"@graph\":[{\"@type\":[\"WebPage\",\"ItemPage\"],\"@id\":\"https:\/\/www.alquera.com\/azul-de-metileno-para-analisis-panreac\/\",\"url\":\"https:\/\/www.alquera.com\/azul-de-metileno-para-analisis-panreac\/\",\"name\":\"Azul de Metileno para An\u00e1lisis (Panreac): Comprar Online - Alquera.com\",\"isPartOf\":{\"@id\":\"https:\/\/www.alquera.com\/en\/#website\"},\"primaryImageOfPage\":{\"@id\":\"https:\/\/www.alquera.com\/azul-de-metileno-para-analisis-panreac\/#primaryimage\"},\"image\":{\"@id\":\"https:\/\/www.alquera.com\/azul-de-metileno-para-analisis-panreac\/#primaryimage\"},\"thumbnailUrl\":\"https:\/\/www.alquera.com\/wp-content\/uploads\/2021\/10\/AZUL-DE-METILENO-PARA-ANALISIS.webp\",\"datePublished\":\"2021-10-27T07:07:49+00:00\",\"dateModified\":\"2025-01-31T05:35:24+00:00\",\"description\":\"Comprar Azul de Metileno para an\u00e1lisis en Alquera. Tiene una riqueza (espectrofotom\u00e9trica) de un 82%.\",\"breadcrumb\":{\"@id\":\"https:\/\/www.alquera.com\/azul-de-metileno-para-analisis-panreac\/#breadcrumb\"},\"inLanguage\":\"en-GB\",\"potentialAction\":[{\"@type\":\"ReadAction\",\"target\":[\"https:\/\/www.alquera.com\/azul-de-metileno-para-analisis-panreac\/\"]}]},{\"@type\":\"ImageObject\",\"inLanguage\":\"en-GB\",\"@id\":\"https:\/\/www.alquera.com\/azul-de-metileno-para-analisis-panreac\/#primaryimage\",\"url\":\"https:\/\/www.alquera.com\/wp-content\/uploads\/2021\/10\/AZUL-DE-METILENO-PARA-ANALISIS.webp\",\"contentUrl\":\"https:\/\/www.alquera.com\/wp-content\/uploads\/2021\/10\/AZUL-DE-METILENO-PARA-ANALISIS.webp\",\"width\":800,\"height\":800,\"caption\":\"AZUL METILENO ANALISIS\"},{\"@type\":\"BreadcrumbList\",\"@id\":\"https:\/\/www.alquera.com\/azul-de-metileno-para-analisis-panreac\/#breadcrumb\",\"itemListElement\":[{\"@type\":\"ListItem\",\"position\":1,\"name\":\"Inicio\",\"item\":\"https:\/\/www.alquera.com\/\"},{\"@type\":\"ListItem\",\"position\":2,\"name\":\"Alquera.com: Tienda Online de Productos Qu\u00edmicos y Material de Laboratorio\",\"item\":\"https:\/\/www.alquera.com\/en\/tienda\/\"},{\"@type\":\"ListItem\",\"position\":3,\"name\":\"Azul de Metileno para An\u00e1lisis (Panreac)\"}]},{\"@type\":\"WebSite\",\"@id\":\"https:\/\/www.alquera.com\/en\/#website\",\"url\":\"https:\/\/www.alquera.com\/en\/\",\"name\":\"Alquera.com\",\"description\":\"Tienda Online Productos Qu\u00edmicos y Material de Laboratorio\",\"publisher\":{\"@id\":\"https:\/\/www.alquera.com\/en\/#organization\"},\"potentialAction\":[{\"@type\":\"SearchAction\",\"target\":{\"@type\":\"EntryPoint\",\"urlTemplate\":\"https:\/\/www.alquera.com\/en\/?s={search_term_string}\"},\"query-input\":{\"@type\":\"PropertyValueSpecification\",\"valueRequired\":true,\"valueName\":\"search_term_string\"}}],\"inLanguage\":\"en-GB\"},{\"@type\":\"Organization\",\"@id\":\"https:\/\/www.alquera.com\/en\/#organization\",\"name\":\"ALQUERA CIENCIA SL\",\"url\":\"https:\/\/www.alquera.com\/en\/\",\"logo\":{\"@type\":\"ImageObject\",\"inLanguage\":\"en-GB\",\"@id\":\"https:\/\/www.alquera.com\/en\/#\/schema\/logo\/image\/\",\"url\":\"https:\/\/www.alquera.com\/wp-content\/uploads\/2020\/11\/logo_300_ancho.png\",\"contentUrl\":\"https:\/\/www.alquera.com\/wp-content\/uploads\/2020\/11\/logo_300_ancho.png\",\"width\":300,\"height\":86,\"caption\":\"ALQUERA CIENCIA SL\"},\"image\":{\"@id\":\"https:\/\/www.alquera.com\/en\/#\/schema\/logo\/image\/\"},\"sameAs\":[\"https:\/\/www.facebook.com\/alqueraciencia\",\"https:\/\/www.instagram.com\/alquera_ciencia\/\",\"https:\/\/www.youtube.com\/c\/alquera\"]}]}<\/script>\n<meta property=\"og:availability\" content=\"instock\" \/>\n<meta property=\"product:availability\" content=\"instock\" \/>\n<meta property=\"product:condition\" content=\"new\" \/>\n<!-- \/ Yoast SEO Premium plugin. -->","yoast_head_json":{"title":"Azul de Metileno para An\u00e1lisis (Panreac): Comprar Online - Alquera.com","description":"Buy Methylene Blue for analysis at Alquera. It has a richness (spectrophotometric) of 82%.","robots":{"index":"index","follow":"follow","max-snippet":"max-snippet:-1","max-image-preview":"max-image-preview:large","max-video-preview":"max-video-preview:-1"},"canonical":"https:\/\/www.alquera.com\/en\/azul-de-metileno-para-analisis-panreac\/","og_locale":"en_GB","og_type":"article","og_title":"Azul de Metileno para An\u00e1lisis (Panreac): Comprar Online - Alquera.com","og_description":"Comprar Azul de Metileno para an\u00e1lisis en Alquera. Tiene una riqueza (espectrofotom\u00e9trica) de un 82%.","og_url":"https:\/\/www.alquera.com\/en\/azul-de-metileno-para-analisis-panreac\/","og_site_name":"Alquera.com","article_publisher":"https:\/\/www.facebook.com\/alqueraciencia","article_modified_time":"2025-01-31T05:35:24+00:00","og_image":[{"width":800,"height":800,"url":"https:\/\/www.alquera.com\/wp-content\/uploads\/2021\/10\/AZUL-DE-METILENO-PARA-ANALISIS.webp","type":"image\/webp"}],"twitter_card":"summary_large_image","twitter_misc":{"Availability":"In stock"},"schema":{"@context":"https:\/\/schema.org","@graph":[{"@type":["WebPage","ItemPage"],"@id":"https:\/\/www.alquera.com\/azul-de-metileno-para-analisis-panreac\/","url":"https:\/\/www.alquera.com\/azul-de-metileno-para-analisis-panreac\/","name":"Azul de Metileno para An\u00e1lisis (Panreac): Comprar Online - Alquera.com","isPartOf":{"@id":"https:\/\/www.alquera.com\/en\/#website"},"primaryImageOfPage":{"@id":"https:\/\/www.alquera.com\/azul-de-metileno-para-analisis-panreac\/#primaryimage"},"image":{"@id":"https:\/\/www.alquera.com\/azul-de-metileno-para-analisis-panreac\/#primaryimage"},"thumbnailUrl":"https:\/\/www.alquera.com\/wp-content\/uploads\/2021\/10\/AZUL-DE-METILENO-PARA-ANALISIS.webp","datePublished":"2021-10-27T07:07:49+00:00","dateModified":"2025-01-31T05:35:24+00:00","description":"Buy Methylene Blue for analysis at Alquera. It has a richness (spectrophotometric) of 82%.","breadcrumb":{"@id":"https:\/\/www.alquera.com\/azul-de-metileno-para-analisis-panreac\/#breadcrumb"},"inLanguage":"en-GB","potentialAction":[{"@type":"ReadAction","target":["https:\/\/www.alquera.com\/azul-de-metileno-para-analisis-panreac\/"]}]},{"@type":"ImageObject","inLanguage":"en-GB","@id":"https:\/\/www.alquera.com\/azul-de-metileno-para-analisis-panreac\/#primaryimage","url":"https:\/\/www.alquera.com\/wp-content\/uploads\/2021\/10\/AZUL-DE-METILENO-PARA-ANALISIS.webp","contentUrl":"https:\/\/www.alquera.com\/wp-content\/uploads\/2021\/10\/AZUL-DE-METILENO-PARA-ANALISIS.webp","width":800,"height":800,"caption":"AZUL METILENO ANALISIS"},{"@type":"BreadcrumbList","@id":"https:\/\/www.alquera.com\/azul-de-metileno-para-analisis-panreac\/#breadcrumb","itemListElement":[{"@type":"ListItem","position":1,"name":"Inicio","item":"https:\/\/www.alquera.com\/"},{"@type":"ListItem","position":2,"name":"Alquera.com: Tienda Online de Productos Qu\u00edmicos y Material de Laboratorio","item":"https:\/\/www.alquera.com\/en\/tienda\/"},{"@type":"ListItem","position":3,"name":"Azul de Metileno para An\u00e1lisis (Panreac)"}]},{"@type":"WebSite","@id":"https:\/\/www.alquera.com\/en\/#website","url":"https:\/\/www.alquera.com\/en\/","name":"Alquera.com","description":"Online Shop Chemical Products and Laboratory Equipment","publisher":{"@id":"https:\/\/www.alquera.com\/en\/#organization"},"potentialAction":[{"@type":"SearchAction","target":{"@type":"EntryPoint","urlTemplate":"https:\/\/www.alquera.com\/en\/?s={search_term_string}"},"query-input":{"@type":"PropertyValueSpecification","valueRequired":true,"valueName":"search_term_string"}}],"inLanguage":"en-GB"},{"@type":"Organization","@id":"https:\/\/www.alquera.com\/en\/#organization","name":"ALQUERA CIENCIA SL","url":"https:\/\/www.alquera.com\/en\/","logo":{"@type":"ImageObject","inLanguage":"en-GB","@id":"https:\/\/www.alquera.com\/en\/#\/schema\/logo\/image\/","url":"https:\/\/www.alquera.com\/wp-content\/uploads\/2020\/11\/logo_300_ancho.png","contentUrl":"https:\/\/www.alquera.com\/wp-content\/uploads\/2020\/11\/logo_300_ancho.png","width":300,"height":86,"caption":"ALQUERA CIENCIA SL"},"image":{"@id":"https:\/\/www.alquera.com\/en\/#\/schema\/logo\/image\/"},"sameAs":["https:\/\/www.facebook.com\/alqueraciencia","https:\/\/www.instagram.com\/alquera_ciencia\/","https:\/\/www.youtube.com\/c\/alquera"]}]},"og_availability":"instock","product_availability":"instock","product_condition":"new"},"_links":{"self":[{"href":"https:\/\/www.alquera.com\/en\/wp-json\/wp\/v2\/product\/35791","targetHints":{"allow":["GET"]}}],"collection":[{"href":"https:\/\/www.alquera.com\/en\/wp-json\/wp\/v2\/product"}],"about":[{"href":"https:\/\/www.alquera.com\/en\/wp-json\/wp\/v2\/types\/product"}],"replies":[{"embeddable":true,"href":"https:\/\/www.alquera.com\/en\/wp-json\/wp\/v2\/comments?post=35791"}],"wp:featuredmedia":[{"embeddable":true,"href":"https:\/\/www.alquera.com\/en\/wp-json\/wp\/v2\/media\/35794"}],"wp:attachment":[{"href":"https:\/\/www.alquera.com\/en\/wp-json\/wp\/v2\/media?parent=35791"}],"wp:term":[{"taxonomy":"product_brand","embeddable":true,"href":"https:\/\/www.alquera.com\/en\/wp-json\/wp\/v2\/product_brand?post=35791"},{"taxonomy":"product_cat","embeddable":true,"href":"https:\/\/www.alquera.com\/en\/wp-json\/wp\/v2\/product_cat?post=35791"},{"taxonomy":"product_tag","embeddable":true,"href":"https:\/\/www.alquera.com\/en\/wp-json\/wp\/v2\/product_tag?post=35791"}],"curies":[{"name":"wp","href":"https:\/\/api.w.org\/{rel}","templated":true}]}}