{"id":40859,"date":"2023-02-10T10:02:56","date_gmt":"2023-02-10T10:02:56","guid":{"rendered":"https:\/\/www.alquera.com\/?post_type=product&#038;p=40859"},"modified":"2023-09-01T14:48:54","modified_gmt":"2023-09-01T14:48:54","slug":"cristalizacion-sulfato-de-cobre","status":"publish","type":"product","link":"https:\/\/www.alquera.com\/en\/cristalizacion-sulfato-de-cobre\/","title":{"rendered":"Crystallisation Copper Sulphate #Exp12"},"content":{"rendered":"<h2>WHAT IS INCLUDED IN THE KIT<\/h2>\n<ul>\n<li>1kg <a href=\"https:\/\/www.alquera.com\/en\/sulfato-de-cobre\/\">Copper Sulphate<\/a><\/li>\n<li>2 <a href=\"https:\/\/www.alquera.com\/en\/placas-de-petri\/\">Petri dishes<\/a><\/li>\n<li>Does not include: Glass Wand, Thread, Distilled Water and Precipitated Beakers, which you will need to purchase from a retailer.<\/li>\n<\/ul>\n<h2>DETAILED STEP-BY-STEP<\/h2>\n<div class=\"ast-oembed-container\" style=\"height: 100%;\"><iframe loading=\"lazy\" title=\"#Exp12- Crystallisation Copper Sulphate\" width=\"500\" height=\"281\" src=\"https:\/\/www.youtube.com\/embed\/BsbatEg_dqg?feature=oembed\" frameborder=\"0\" allow=\"accelerometer; autoplay; clipboard-write; encrypted-media; gyroscope; picture-in-picture; web-share\" referrerpolicy=\"strict-origin-when-cross-origin\" allowfullscreen><\/iframe><\/div>\n<ul>\n<li>The crystallisation of Copper Sulphate requires 2 parts:<\/li>\n<li>A) Creating a Seed<\/li>\n<li>B) Growing the crystal on the Seed<\/li>\n<\/ul>\n<p>A) CREATE A SEED<\/p>\n<ul>\n<li>We must use 100ml of distilled water and 75g of copper sulphate. We prepare the mixture, heat it well and transfer part of the solution to a Petri dish, leaving it to stand for 1 day. As a result, we obtain small crystals, which will be our 'Seeds'.<\/li>\n<\/ul>\n<p>(B) TO GROW THE CRYSTAL ON THE SEED<\/p>\n<ul>\n<li>We must prepare a new solution, we use 200ml of Distilled Water and 150g of Copper Sulphate. We heat it, mix it well and add it to a Precipitated Beaker.<\/li>\n<li>On the other hand, we prepare the seed with a fishing line and with the help of a rod or similar, we introduce it into the solution. After 24 hours we can see how we have obtained a small crystal attached to our seed.<\/li>\n<\/ul>\n<p>HOW DO WE GET A LARGER CRYSTAL?<\/p>\n<ul>\n<li>Add 100ml of distilled water and 75g of copper sulphate to the remaining solution. Heat, dissolve well and transfer back to a beaker.<\/li>\n<li>We introduce the crystal into this solution so that it continues to form.<\/li>\n<li>After 24 hours, we can see how the glass has grown.<\/li>\n<\/ul>\n<p>If you want a larger crystal, you can keep repeating this process until you get the size you want.<\/p>\n<h2>TECHNICAL EXPLANATION<\/h2>\n<p>Crystallisation is the process by which crystals are created from a powdered element. The basis of crystallisation is the greater solubility of an element at a higher temperature than at a lower temperature. Therefore, at a higher temperature, a larger amount of solvent can be dissolved.<\/p>\n<p>As it cools, the slower the better, the solubility of the sulphate decreases and a crystal will form around the wire.<\/p>\n<p>Since the crystal is formed by precipitation in a supersaturated solution, for the crystal to continue to grow, the crystal simply needs to be placed in another hot, supersaturated solution. As it cools, the crystal will continue to grow.<\/p>\n<p>&nbsp;<\/p>","protected":false},"excerpt":{"rendered":"<p>Crystallisation of copper sulphate is a very simple experiment. It consists of the instant crystallisation of the sulphate. You can buy the kit to do the experiment by following the steps indicated.<\/p>","protected":false},"featured_media":41135,"comment_status":"open","ping_status":"closed","template":"","meta":{"_acf_changed":false,"site-sidebar-layout":"default","site-content-layout":"default","ast-site-content-layout":"default","site-content-style":"default","site-sidebar-style":"default","ast-global-header-display":"","ast-banner-title-visibility":"","ast-main-header-display":"","ast-hfb-above-header-display":"","ast-hfb-below-header-display":"","ast-hfb-mobile-header-display":"","site-post-title":"","ast-breadcrumbs-content":"","ast-featured-img":"","footer-sml-layout":"","ast-disable-related-posts":"","theme-transparent-header-meta":"default","adv-header-id-meta":"","stick-header-meta":"default","header-above-stick-meta":"","header-main-stick-meta":"","header-below-stick-meta":"","astra-migrate-meta-layouts":"default","ast-page-background-enabled":"default","ast-page-background-meta":{"desktop":{"background-color":"var(--ast-global-color-4)","background-image":"","background-repeat":"repeat","background-position":"center center","background-size":"auto","background-attachment":"scroll","background-type":"","background-media":"","overlay-type":"","overlay-color":"","overlay-opacity":"","overlay-gradient":""},"tablet":{"background-color":"","background-image":"","background-repeat":"repeat","background-position":"center center","background-size":"auto","background-attachment":"scroll","background-type":"","background-media":"","overlay-type":"","overlay-color":"","overlay-opacity":"","overlay-gradient":""},"mobile":{"background-color":"","background-image":"","background-repeat":"repeat","background-position":"center center","background-size":"auto","background-attachment":"scroll","background-type":"","background-media":"","overlay-type":"","overlay-color":"","overlay-opacity":"","overlay-gradient":""}},"ast-content-background-meta":{"desktop":{"background-color":"var(--ast-global-color-5)","background-image":"","background-repeat":"repeat","background-position":"center center","background-size":"auto","background-attachment":"scroll","background-type":"","background-media":"","overlay-type":"","overlay-color":"","overlay-opacity":"","overlay-gradient":""},"tablet":{"background-color":"var(--ast-global-color-5)","background-image":"","background-repeat":"repeat","background-position":"center center","background-size":"auto","background-attachment":"scroll","background-type":"","background-media":"","overlay-type":"","overlay-color":"","overlay-opacity":"","overlay-gradient":""},"mobile":{"background-color":"var(--ast-global-color-5)","background-image":"","background-repeat":"repeat","background-position":"center center","background-size":"auto","background-attachment":"scroll","background-type":"","background-media":"","overlay-type":"","overlay-color":"","overlay-opacity":"","overlay-gradient":""}}},"product_brand":[],"product_cat":[329,21],"product_tag":[],"class_list":{"0":"post-40859","1":"product","2":"type-product","3":"status-publish","4":"has-post-thumbnail","6":"product_cat-experimentos-ciencias","7":"product_cat-productos","8":"desktop-align-left","9":"tablet-align-left","10":"mobile-align-left","11":"ast-product-gallery-layout-horizontal-slider","12":"ast-magnify-disabled","13":"ast-product-tabs-layout-horizontal","14":"ast-qv-on-image","16":"first","17":"instock","18":"taxable","19":"shipping-taxable","20":"purchasable","21":"product-type-simple"},"acf":[],"yoast_head":"<!-- This site is optimized with the Yoast SEO Premium plugin v27.1 (Yoast SEO v27.1.1) - https:\/\/yoast.com\/product\/yoast-seo-premium-wordpress\/ -->\n<title>Cristalizaci\u00f3n Sulfato de Cobre #Exp12: Comprar Online - Alquera.com<\/title>\n<meta name=\"robots\" content=\"index, follow, max-snippet:-1, max-image-preview:large, max-video-preview:-1\" \/>\n<link rel=\"canonical\" href=\"https:\/\/www.alquera.com\/en\/cristalizacion-sulfato-de-cobre\/\" \/>\n<meta property=\"og:locale\" content=\"en_GB\" \/>\n<meta property=\"og:type\" content=\"article\" \/>\n<meta property=\"og:title\" content=\"Cristalizaci\u00f3n Sulfato de Cobre #Exp12: Comprar Online - Alquera.com\" \/>\n<meta property=\"og:description\" content=\"Hacer la cristalizaci\u00f3n de Sulfato de Cobre es un experimento muy sencillo. Consiste en la cristalizaci\u00f3n de forma instant\u00e1nea del Sulfato. Puedes comprar el Kit para hacer la pr\u00e1ctica siguiendo los pasos que se indican.\" \/>\n<meta property=\"og:url\" content=\"https:\/\/www.alquera.com\/en\/cristalizacion-sulfato-de-cobre\/\" \/>\n<meta property=\"og:site_name\" content=\"Alquera.com\" \/>\n<meta property=\"article:publisher\" content=\"https:\/\/www.facebook.com\/alqueraciencia\" \/>\n<meta property=\"article:modified_time\" content=\"2023-09-01T14:48:54+00:00\" \/>\n<meta property=\"og:image\" content=\"https:\/\/www.alquera.com\/wp-content\/uploads\/2023\/01\/Sulfato-de-Cobre.png\" \/>\n\t<meta property=\"og:image:width\" content=\"600\" \/>\n\t<meta property=\"og:image:height\" content=\"589\" \/>\n\t<meta property=\"og:image:type\" content=\"image\/png\" \/>\n<meta name=\"twitter:card\" content=\"summary_large_image\" \/>\n<meta name=\"twitter:label1\" content=\"Price\" \/>\n\t<meta name=\"twitter:data1\" content=\"11,90&euro;\" \/>\n\t<meta name=\"twitter:label2\" content=\"Availability\" \/>\n\t<meta name=\"twitter:data2\" content=\"In stock\" \/>\n<script type=\"application\/ld+json\" class=\"yoast-schema-graph\">{\"@context\":\"https:\/\/schema.org\",\"@graph\":[{\"@type\":[\"WebPage\",\"ItemPage\"],\"@id\":\"https:\/\/www.alquera.com\/cristalizacion-sulfato-de-cobre\/\",\"url\":\"https:\/\/www.alquera.com\/cristalizacion-sulfato-de-cobre\/\",\"name\":\"Cristalizaci\u00f3n Sulfato de Cobre #Exp12: Comprar Online - Alquera.com\",\"isPartOf\":{\"@id\":\"https:\/\/www.alquera.com\/en\/#website\"},\"primaryImageOfPage\":{\"@id\":\"https:\/\/www.alquera.com\/cristalizacion-sulfato-de-cobre\/#primaryimage\"},\"image\":{\"@id\":\"https:\/\/www.alquera.com\/cristalizacion-sulfato-de-cobre\/#primaryimage\"},\"thumbnailUrl\":\"https:\/\/www.alquera.com\/wp-content\/uploads\/2023\/01\/Sulfato-de-Cobre.png\",\"datePublished\":\"2023-02-10T10:02:56+00:00\",\"dateModified\":\"2023-09-01T14:48:54+00:00\",\"breadcrumb\":{\"@id\":\"https:\/\/www.alquera.com\/cristalizacion-sulfato-de-cobre\/#breadcrumb\"},\"inLanguage\":\"en-GB\",\"potentialAction\":[{\"@type\":\"ReadAction\",\"target\":[\"https:\/\/www.alquera.com\/cristalizacion-sulfato-de-cobre\/\"]}]},{\"@type\":\"ImageObject\",\"inLanguage\":\"en-GB\",\"@id\":\"https:\/\/www.alquera.com\/cristalizacion-sulfato-de-cobre\/#primaryimage\",\"url\":\"https:\/\/www.alquera.com\/wp-content\/uploads\/2023\/01\/Sulfato-de-Cobre.png\",\"contentUrl\":\"https:\/\/www.alquera.com\/wp-content\/uploads\/2023\/01\/Sulfato-de-Cobre.png\",\"width\":600,\"height\":589,\"caption\":\"KIT CRISTALIZACION SULFATO DE COBRE\"},{\"@type\":\"BreadcrumbList\",\"@id\":\"https:\/\/www.alquera.com\/cristalizacion-sulfato-de-cobre\/#breadcrumb\",\"itemListElement\":[{\"@type\":\"ListItem\",\"position\":1,\"name\":\"Inicio\",\"item\":\"https:\/\/www.alquera.com\/\"},{\"@type\":\"ListItem\",\"position\":2,\"name\":\"Alquera.com: Tienda Online de Productos Qu\u00edmicos y Material de Laboratorio\",\"item\":\"https:\/\/www.alquera.com\/en\/tienda\/\"},{\"@type\":\"ListItem\",\"position\":3,\"name\":\"Cristalizaci\u00f3n Sulfato de Cobre #Exp12\"}]},{\"@type\":\"WebSite\",\"@id\":\"https:\/\/www.alquera.com\/en\/#website\",\"url\":\"https:\/\/www.alquera.com\/en\/\",\"name\":\"Alquera.com\",\"description\":\"Tienda Online Productos Qu\u00edmicos y Material de Laboratorio\",\"publisher\":{\"@id\":\"https:\/\/www.alquera.com\/en\/#organization\"},\"potentialAction\":[{\"@type\":\"SearchAction\",\"target\":{\"@type\":\"EntryPoint\",\"urlTemplate\":\"https:\/\/www.alquera.com\/en\/?s={search_term_string}\"},\"query-input\":{\"@type\":\"PropertyValueSpecification\",\"valueRequired\":true,\"valueName\":\"search_term_string\"}}],\"inLanguage\":\"en-GB\"},{\"@type\":\"Organization\",\"@id\":\"https:\/\/www.alquera.com\/en\/#organization\",\"name\":\"ALQUERA CIENCIA SL\",\"url\":\"https:\/\/www.alquera.com\/en\/\",\"logo\":{\"@type\":\"ImageObject\",\"inLanguage\":\"en-GB\",\"@id\":\"https:\/\/www.alquera.com\/en\/#\/schema\/logo\/image\/\",\"url\":\"https:\/\/www.alquera.com\/wp-content\/uploads\/2020\/11\/logo_300_ancho.png\",\"contentUrl\":\"https:\/\/www.alquera.com\/wp-content\/uploads\/2020\/11\/logo_300_ancho.png\",\"width\":300,\"height\":86,\"caption\":\"ALQUERA CIENCIA SL\"},\"image\":{\"@id\":\"https:\/\/www.alquera.com\/en\/#\/schema\/logo\/image\/\"},\"sameAs\":[\"https:\/\/www.facebook.com\/alqueraciencia\",\"https:\/\/www.instagram.com\/alquera_ciencia\/\",\"https:\/\/www.youtube.com\/c\/alquera\"]}]}<\/script>\n<meta property=\"product:price:amount\" content=\"11.90\" \/>\n<meta property=\"product:price:currency\" content=\"EUR\" \/>\n<meta property=\"og:availability\" content=\"instock\" \/>\n<meta property=\"product:availability\" content=\"instock\" \/>\n<meta property=\"product:condition\" content=\"new\" \/>\n<!-- \/ Yoast SEO Premium plugin. -->","yoast_head_json":{"title":"Crystallisation Copper Sulphate #Exp12: Buy Online - Alquera.com","robots":{"index":"index","follow":"follow","max-snippet":"max-snippet:-1","max-image-preview":"max-image-preview:large","max-video-preview":"max-video-preview:-1"},"canonical":"https:\/\/www.alquera.com\/en\/cristalizacion-sulfato-de-cobre\/","og_locale":"en_GB","og_type":"article","og_title":"Cristalizaci\u00f3n Sulfato de Cobre #Exp12: Comprar Online - Alquera.com","og_description":"Hacer la cristalizaci\u00f3n de Sulfato de Cobre es un experimento muy sencillo. Consiste en la cristalizaci\u00f3n de forma instant\u00e1nea del Sulfato. Puedes comprar el Kit para hacer la pr\u00e1ctica siguiendo los pasos que se indican.","og_url":"https:\/\/www.alquera.com\/en\/cristalizacion-sulfato-de-cobre\/","og_site_name":"Alquera.com","article_publisher":"https:\/\/www.facebook.com\/alqueraciencia","article_modified_time":"2023-09-01T14:48:54+00:00","og_image":[{"width":600,"height":589,"url":"https:\/\/www.alquera.com\/wp-content\/uploads\/2023\/01\/Sulfato-de-Cobre.png","type":"image\/png"}],"twitter_card":"summary_large_image","twitter_misc":{"Price":"11,90&euro;","Availability":"In stock"},"schema":{"@context":"https:\/\/schema.org","@graph":[{"@type":["WebPage","ItemPage"],"@id":"https:\/\/www.alquera.com\/cristalizacion-sulfato-de-cobre\/","url":"https:\/\/www.alquera.com\/cristalizacion-sulfato-de-cobre\/","name":"Crystallisation Copper Sulphate #Exp12: Buy Online - Alquera.com","isPartOf":{"@id":"https:\/\/www.alquera.com\/en\/#website"},"primaryImageOfPage":{"@id":"https:\/\/www.alquera.com\/cristalizacion-sulfato-de-cobre\/#primaryimage"},"image":{"@id":"https:\/\/www.alquera.com\/cristalizacion-sulfato-de-cobre\/#primaryimage"},"thumbnailUrl":"https:\/\/www.alquera.com\/wp-content\/uploads\/2023\/01\/Sulfato-de-Cobre.png","datePublished":"2023-02-10T10:02:56+00:00","dateModified":"2023-09-01T14:48:54+00:00","breadcrumb":{"@id":"https:\/\/www.alquera.com\/cristalizacion-sulfato-de-cobre\/#breadcrumb"},"inLanguage":"en-GB","potentialAction":[{"@type":"ReadAction","target":["https:\/\/www.alquera.com\/cristalizacion-sulfato-de-cobre\/"]}]},{"@type":"ImageObject","inLanguage":"en-GB","@id":"https:\/\/www.alquera.com\/cristalizacion-sulfato-de-cobre\/#primaryimage","url":"https:\/\/www.alquera.com\/wp-content\/uploads\/2023\/01\/Sulfato-de-Cobre.png","contentUrl":"https:\/\/www.alquera.com\/wp-content\/uploads\/2023\/01\/Sulfato-de-Cobre.png","width":600,"height":589,"caption":"KIT CRISTALIZACION SULFATO DE COBRE"},{"@type":"BreadcrumbList","@id":"https:\/\/www.alquera.com\/cristalizacion-sulfato-de-cobre\/#breadcrumb","itemListElement":[{"@type":"ListItem","position":1,"name":"Inicio","item":"https:\/\/www.alquera.com\/"},{"@type":"ListItem","position":2,"name":"Alquera.com: Tienda Online de Productos Qu\u00edmicos y Material de Laboratorio","item":"https:\/\/www.alquera.com\/en\/tienda\/"},{"@type":"ListItem","position":3,"name":"Cristalizaci\u00f3n Sulfato de Cobre #Exp12"}]},{"@type":"WebSite","@id":"https:\/\/www.alquera.com\/en\/#website","url":"https:\/\/www.alquera.com\/en\/","name":"Alquera.com","description":"Online Shop Chemical Products and Laboratory Equipment","publisher":{"@id":"https:\/\/www.alquera.com\/en\/#organization"},"potentialAction":[{"@type":"SearchAction","target":{"@type":"EntryPoint","urlTemplate":"https:\/\/www.alquera.com\/en\/?s={search_term_string}"},"query-input":{"@type":"PropertyValueSpecification","valueRequired":true,"valueName":"search_term_string"}}],"inLanguage":"en-GB"},{"@type":"Organization","@id":"https:\/\/www.alquera.com\/en\/#organization","name":"ALQUERA CIENCIA SL","url":"https:\/\/www.alquera.com\/en\/","logo":{"@type":"ImageObject","inLanguage":"en-GB","@id":"https:\/\/www.alquera.com\/en\/#\/schema\/logo\/image\/","url":"https:\/\/www.alquera.com\/wp-content\/uploads\/2020\/11\/logo_300_ancho.png","contentUrl":"https:\/\/www.alquera.com\/wp-content\/uploads\/2020\/11\/logo_300_ancho.png","width":300,"height":86,"caption":"ALQUERA CIENCIA SL"},"image":{"@id":"https:\/\/www.alquera.com\/en\/#\/schema\/logo\/image\/"},"sameAs":["https:\/\/www.facebook.com\/alqueraciencia","https:\/\/www.instagram.com\/alquera_ciencia\/","https:\/\/www.youtube.com\/c\/alquera"]}]},"product_price_amount":"11.90","product_price_currency":"EUR","og_availability":"instock","product_availability":"instock","product_condition":"new"},"_links":{"self":[{"href":"https:\/\/www.alquera.com\/en\/wp-json\/wp\/v2\/product\/40859","targetHints":{"allow":["GET"]}}],"collection":[{"href":"https:\/\/www.alquera.com\/en\/wp-json\/wp\/v2\/product"}],"about":[{"href":"https:\/\/www.alquera.com\/en\/wp-json\/wp\/v2\/types\/product"}],"replies":[{"embeddable":true,"href":"https:\/\/www.alquera.com\/en\/wp-json\/wp\/v2\/comments?post=40859"}],"wp:featuredmedia":[{"embeddable":true,"href":"https:\/\/www.alquera.com\/en\/wp-json\/wp\/v2\/media\/41135"}],"wp:attachment":[{"href":"https:\/\/www.alquera.com\/en\/wp-json\/wp\/v2\/media?parent=40859"}],"wp:term":[{"taxonomy":"product_brand","embeddable":true,"href":"https:\/\/www.alquera.com\/en\/wp-json\/wp\/v2\/product_brand?post=40859"},{"taxonomy":"product_cat","embeddable":true,"href":"https:\/\/www.alquera.com\/en\/wp-json\/wp\/v2\/product_cat?post=40859"},{"taxonomy":"product_tag","embeddable":true,"href":"https:\/\/www.alquera.com\/en\/wp-json\/wp\/v2\/product_tag?post=40859"}],"curies":[{"name":"wp","href":"https:\/\/api.w.org\/{rel}","templated":true}]}}