{"id":416,"date":"2015-10-21T16:39:40","date_gmt":"2015-10-21T16:39:40","guid":{"rendered":"http:\/\/localhost\/alquera\/productos\/producto\/acido-citrico-1kg\/"},"modified":"2026-03-31T13:13:01","modified_gmt":"2026-03-31T13:13:01","slug":"acido-citrico","status":"publish","type":"product","link":"https:\/\/www.alquera.com\/en\/acido-citrico\/","title":{"rendered":"Citric Acid"},"content":{"rendered":"<p>Citric acid is a tricarboxylic organic acid that can be found in most citrus fruits, especially lemons and oranges. Citric acid is a great antioxidant, hence its use as a food preservative. It is a component used in many floor and ceramic cleaning products. It is also widely used in cosmetics to regulate the pH of cosmetics and in small scientific experiments with children.<\/p>\n<h2>IDENTIFICATION AND PROPERTIES<\/h2>\n<p><strong>Name:\u00a0<\/strong>Citric Acid Monohydrate<br \/>\n<strong>Synonyms:<\/strong> Tricarboxylic acid-2-hydroxy 1-2-3-propane tricarboxylic acid<br \/>\n<strong>EC: <\/strong>201-069-1<br \/>\n<strong>CAS: <\/strong>5949-29-1<\/p>\n<ul>\n<li>Appearance: Solid ,crystalline powder , white \/ colourless<\/li>\n<li>Odour: Odourless<\/li>\n<li>pH (100g\/l): 1.7<\/li>\n<li>Melting point: 153\u00baC<\/li>\n<li>Boiling point: decomposes before boiling<\/li>\n<li>Flammability (solid\/gas): Non-flammable<\/li>\n<li>Vapour pressure (20\u00baC): &lt;0.1 hPa<\/li>\n<li>Density (20\u00baC): 1,665 g\/cm<i>3<\/i><\/li>\n<li>Solubility in water (20\u00baC): 590 g\/l. In alcohols, partially soluble.<\/li>\n<li>Partition coefficient n-octanol\/water (log Pow) (20\u00baC): -0.2 to 1.8<\/li>\n<li>Auto-ignition temperature: 345\u00baC<\/li>\n<li>Decomposition temperature: &gt;170\u00baC<\/li>\n<\/ul>\n<h2>USES<\/h2>\n<ul>\n<li>Intermediate product<\/li>\n<li>Personal care products<\/li>\n<li>Detergents and cleaning products<\/li>\n<li>Paper industry<\/li>\n<li>Building products<\/li>\n<li>Polymers and plastics<\/li>\n<li>Oil industry<\/li>\n<li>Paints and coatings<\/li>\n<li>Tobacco<\/li>\n<li>Photography products<\/li>\n<li>Textile industry<\/li>\n<li>Laboratory reagents<\/li>\n<li>Water Treatment<\/li>\n<li>Metal Surface Treatment<\/li>\n<li>Applications in Agriculture<\/li>\n<li>Specific cleaning applications<\/li>\n<\/ul>","protected":false},"excerpt":{"rendered":"<p>Buy Citric Acid in packs of 100g, 1Kg, 5Kg and 25Kg. You can see the price of the different formats of Citric Acid when you select the format you want. The order is made directly through the Web following the steps indicated, being delivered in 24\/48 hours.<\/p>","protected":false},"featured_media":35753,"comment_status":"open","ping_status":"closed","template":"","meta":{"_acf_changed":false,"site-sidebar-layout":"default","site-content-layout":"default","ast-site-content-layout":"default","site-content-style":"default","site-sidebar-style":"default","ast-global-header-display":"","ast-banner-title-visibility":"","ast-main-header-display":"","ast-hfb-above-header-display":"","ast-hfb-below-header-display":"","ast-hfb-mobile-header-display":"","site-post-title":"","ast-breadcrumbs-content":"","ast-featured-img":"","footer-sml-layout":"","ast-disable-related-posts":"","theme-transparent-header-meta":"default","adv-header-id-meta":"","stick-header-meta":"default","header-above-stick-meta":"","header-main-stick-meta":"","header-below-stick-meta":"","astra-migrate-meta-layouts":"default","ast-page-background-enabled":"default","ast-page-background-meta":{"desktop":{"background-color":"var(--ast-global-color-4)","background-image":"","background-repeat":"repeat","background-position":"center center","background-size":"auto","background-attachment":"scroll","background-type":"","background-media":"","overlay-type":"","overlay-color":"","overlay-opacity":"","overlay-gradient":""},"tablet":{"background-color":"","background-image":"","background-repeat":"repeat","background-position":"center center","background-size":"auto","background-attachment":"scroll","background-type":"","background-media":"","overlay-type":"","overlay-color":"","overlay-opacity":"","overlay-gradient":""},"mobile":{"background-color":"","background-image":"","background-repeat":"repeat","background-position":"center center","background-size":"auto","background-attachment":"scroll","background-type":"","background-media":"","overlay-type":"","overlay-color":"","overlay-opacity":"","overlay-gradient":""}},"ast-content-background-meta":{"desktop":{"background-color":"var(--ast-global-color-5)","background-image":"","background-repeat":"repeat","background-position":"center center","background-size":"auto","background-attachment":"scroll","background-type":"","background-media":"","overlay-type":"","overlay-color":"","overlay-opacity":"","overlay-gradient":""},"tablet":{"background-color":"var(--ast-global-color-5)","background-image":"","background-repeat":"repeat","background-position":"center center","background-size":"auto","background-attachment":"scroll","background-type":"","background-media":"","overlay-type":"","overlay-color":"","overlay-opacity":"","overlay-gradient":""},"mobile":{"background-color":"var(--ast-global-color-5)","background-image":"","background-repeat":"repeat","background-position":"center center","background-size":"auto","background-attachment":"scroll","background-type":"","background-media":"","overlay-type":"","overlay-color":"","overlay-opacity":"","overlay-gradient":""}}},"product_brand":[],"product_cat":[21],"product_tag":[],"class_list":{"0":"post-416","1":"product","2":"type-product","3":"status-publish","4":"has-post-thumbnail","6":"product_cat-productos","7":"pa_cantidad-100g","8":"pa_cantidad-1kg","9":"pa_cantidad-5kg","10":"pa_cantidad-25kg","11":"desktop-align-left","12":"tablet-align-left","13":"mobile-align-left","14":"ast-product-gallery-layout-horizontal-slider","15":"ast-magnify-disabled","16":"ast-product-single-variable","17":"ast-product-tabs-layout-horizontal","18":"ast-qv-on-image","20":"first","21":"instock","22":"taxable","23":"shipping-taxable","24":"purchasable","25":"product-type-variable","26":"has-default-attributes"},"acf":[],"yoast_head":"<!-- This site is optimized with the Yoast SEO Premium plugin v27.1 (Yoast SEO v27.1.1) - https:\/\/yoast.com\/product\/yoast-seo-premium-wordpress\/ -->\n<title>\u00c1cido C\u00edtrico: Comprar online - Alquera.com<\/title>\n<meta name=\"description\" content=\"ENV\u00cdOS EN 24\/48H - Comprar \u00e1cido c\u00edtrico en Alquera. El \u00e1cido c\u00edtrico es un producto qu\u00edmico utilizado en gran cantidad de utilidades.\" \/>\n<meta name=\"robots\" content=\"index, follow, max-snippet:-1, max-image-preview:large, max-video-preview:-1\" \/>\n<link rel=\"canonical\" href=\"https:\/\/www.alquera.com\/en\/acido-citrico\/\" \/>\n<meta property=\"og:locale\" content=\"en_GB\" \/>\n<meta property=\"og:type\" content=\"article\" \/>\n<meta property=\"og:title\" content=\"\u00c1cido C\u00edtrico: Comprar Online - Alquera.com\" \/>\n<meta property=\"og:description\" content=\"ENV\u00cdOS EN 24\/48H - Comprar \u00e1cido c\u00edtrico en Alquera. El \u00e1cido c\u00edtrico es un producto qu\u00edmico utilizado en gran cantidad de utilidades.\" \/>\n<meta property=\"og:url\" content=\"https:\/\/www.alquera.com\/en\/acido-citrico\/\" \/>\n<meta property=\"og:site_name\" content=\"Alquera.com\" \/>\n<meta property=\"article:publisher\" content=\"https:\/\/www.facebook.com\/alqueraciencia\" \/>\n<meta property=\"article:modified_time\" content=\"2026-03-31T13:13:01+00:00\" \/>\n<meta property=\"og:image\" content=\"https:\/\/www.alquera.com\/wp-content\/uploads\/2015\/10\/acido-citrico-1kg.png\" \/>\n\t<meta property=\"og:image:width\" content=\"800\" \/>\n\t<meta property=\"og:image:height\" content=\"800\" \/>\n\t<meta property=\"og:image:type\" content=\"image\/png\" \/>\n<meta name=\"twitter:card\" content=\"summary_large_image\" \/>\n<meta name=\"twitter:label1\" content=\"Availability\" \/>\n\t<meta name=\"twitter:data1\" content=\"In stock\" \/>\n<script type=\"application\/ld+json\" class=\"yoast-schema-graph\">{\"@context\":\"https:\/\/schema.org\",\"@graph\":[{\"@type\":[\"WebPage\",\"ItemPage\"],\"@id\":\"https:\/\/www.alquera.com\/acido-citrico\/\",\"url\":\"https:\/\/www.alquera.com\/acido-citrico\/\",\"name\":\"\u00c1cido C\u00edtrico: Comprar online - Alquera.com\",\"isPartOf\":{\"@id\":\"https:\/\/www.alquera.com\/en\/#website\"},\"primaryImageOfPage\":{\"@id\":\"https:\/\/www.alquera.com\/acido-citrico\/#primaryimage\"},\"image\":{\"@id\":\"https:\/\/www.alquera.com\/acido-citrico\/#primaryimage\"},\"thumbnailUrl\":\"https:\/\/www.alquera.com\/wp-content\/uploads\/2015\/10\/acido-citrico-1kg.png\",\"datePublished\":\"2015-10-21T16:39:40+00:00\",\"dateModified\":\"2026-03-31T13:13:01+00:00\",\"description\":\"ENV\u00cdOS EN 24\/48H - Comprar \u00e1cido c\u00edtrico en Alquera. El \u00e1cido c\u00edtrico es un producto qu\u00edmico utilizado en gran cantidad de utilidades.\",\"breadcrumb\":{\"@id\":\"https:\/\/www.alquera.com\/acido-citrico\/#breadcrumb\"},\"inLanguage\":\"en-GB\",\"potentialAction\":[{\"@type\":\"ReadAction\",\"target\":[\"https:\/\/www.alquera.com\/acido-citrico\/\"]}]},{\"@type\":\"ImageObject\",\"inLanguage\":\"en-GB\",\"@id\":\"https:\/\/www.alquera.com\/acido-citrico\/#primaryimage\",\"url\":\"https:\/\/www.alquera.com\/wp-content\/uploads\/2015\/10\/acido-citrico-1kg.png\",\"contentUrl\":\"https:\/\/www.alquera.com\/wp-content\/uploads\/2015\/10\/acido-citrico-1kg.png\",\"width\":800,\"height\":800,\"caption\":\"\u00e1cido c\u00edtrico\"},{\"@type\":\"BreadcrumbList\",\"@id\":\"https:\/\/www.alquera.com\/acido-citrico\/#breadcrumb\",\"itemListElement\":[{\"@type\":\"ListItem\",\"position\":1,\"name\":\"Inicio\",\"item\":\"https:\/\/www.alquera.com\/\"},{\"@type\":\"ListItem\",\"position\":2,\"name\":\"Alquera.com: Tienda Online de Productos Qu\u00edmicos y Material de Laboratorio\",\"item\":\"https:\/\/www.alquera.com\/en\/tienda\/\"},{\"@type\":\"ListItem\",\"position\":3,\"name\":\"\u00c1cido C\u00edtrico\"}]},{\"@type\":\"WebSite\",\"@id\":\"https:\/\/www.alquera.com\/en\/#website\",\"url\":\"https:\/\/www.alquera.com\/en\/\",\"name\":\"Alquera.com\",\"description\":\"Tienda Online Productos Qu\u00edmicos y Material de Laboratorio\",\"publisher\":{\"@id\":\"https:\/\/www.alquera.com\/en\/#organization\"},\"potentialAction\":[{\"@type\":\"SearchAction\",\"target\":{\"@type\":\"EntryPoint\",\"urlTemplate\":\"https:\/\/www.alquera.com\/en\/?s={search_term_string}\"},\"query-input\":{\"@type\":\"PropertyValueSpecification\",\"valueRequired\":true,\"valueName\":\"search_term_string\"}}],\"inLanguage\":\"en-GB\"},{\"@type\":\"Organization\",\"@id\":\"https:\/\/www.alquera.com\/en\/#organization\",\"name\":\"ALQUERA CIENCIA SL\",\"url\":\"https:\/\/www.alquera.com\/en\/\",\"logo\":{\"@type\":\"ImageObject\",\"inLanguage\":\"en-GB\",\"@id\":\"https:\/\/www.alquera.com\/en\/#\/schema\/logo\/image\/\",\"url\":\"https:\/\/www.alquera.com\/wp-content\/uploads\/2020\/11\/logo_300_ancho.png\",\"contentUrl\":\"https:\/\/www.alquera.com\/wp-content\/uploads\/2020\/11\/logo_300_ancho.png\",\"width\":300,\"height\":86,\"caption\":\"ALQUERA CIENCIA SL\"},\"image\":{\"@id\":\"https:\/\/www.alquera.com\/en\/#\/schema\/logo\/image\/\"},\"sameAs\":[\"https:\/\/www.facebook.com\/alqueraciencia\",\"https:\/\/www.instagram.com\/alquera_ciencia\/\",\"https:\/\/www.youtube.com\/c\/alquera\"]}]}<\/script>\n<meta property=\"og:availability\" content=\"instock\" \/>\n<meta property=\"product:availability\" content=\"instock\" \/>\n<meta property=\"product:retailer_item_id\" content=\"AL100011\" \/>\n<meta property=\"product:condition\" content=\"new\" \/>\n<!-- \/ Yoast SEO Premium plugin. -->","yoast_head_json":{"title":"Citric Acid: Buy online - Alquera.com","description":"SHIPMENTS IN 24\/48H - Buy citric acid in Alquera. Citric acid is a chemical product used in a large number of utilities.","robots":{"index":"index","follow":"follow","max-snippet":"max-snippet:-1","max-image-preview":"max-image-preview:large","max-video-preview":"max-video-preview:-1"},"canonical":"https:\/\/www.alquera.com\/en\/acido-citrico\/","og_locale":"en_GB","og_type":"article","og_title":"\u00c1cido C\u00edtrico: Comprar Online - Alquera.com","og_description":"ENV\u00cdOS EN 24\/48H - Comprar \u00e1cido c\u00edtrico en Alquera. El \u00e1cido c\u00edtrico es un producto qu\u00edmico utilizado en gran cantidad de utilidades.","og_url":"https:\/\/www.alquera.com\/en\/acido-citrico\/","og_site_name":"Alquera.com","article_publisher":"https:\/\/www.facebook.com\/alqueraciencia","article_modified_time":"2026-03-31T13:13:01+00:00","og_image":[{"width":800,"height":800,"url":"https:\/\/www.alquera.com\/wp-content\/uploads\/2015\/10\/acido-citrico-1kg.png","type":"image\/png"}],"twitter_card":"summary_large_image","twitter_misc":{"Availability":"In stock"},"schema":{"@context":"https:\/\/schema.org","@graph":[{"@type":["WebPage","ItemPage"],"@id":"https:\/\/www.alquera.com\/acido-citrico\/","url":"https:\/\/www.alquera.com\/acido-citrico\/","name":"Citric Acid: Buy online - Alquera.com","isPartOf":{"@id":"https:\/\/www.alquera.com\/en\/#website"},"primaryImageOfPage":{"@id":"https:\/\/www.alquera.com\/acido-citrico\/#primaryimage"},"image":{"@id":"https:\/\/www.alquera.com\/acido-citrico\/#primaryimage"},"thumbnailUrl":"https:\/\/www.alquera.com\/wp-content\/uploads\/2015\/10\/acido-citrico-1kg.png","datePublished":"2015-10-21T16:39:40+00:00","dateModified":"2026-03-31T13:13:01+00:00","description":"SHIPMENTS IN 24\/48H - Buy citric acid in Alquera. Citric acid is a chemical product used in a large number of utilities.","breadcrumb":{"@id":"https:\/\/www.alquera.com\/acido-citrico\/#breadcrumb"},"inLanguage":"en-GB","potentialAction":[{"@type":"ReadAction","target":["https:\/\/www.alquera.com\/acido-citrico\/"]}]},{"@type":"ImageObject","inLanguage":"en-GB","@id":"https:\/\/www.alquera.com\/acido-citrico\/#primaryimage","url":"https:\/\/www.alquera.com\/wp-content\/uploads\/2015\/10\/acido-citrico-1kg.png","contentUrl":"https:\/\/www.alquera.com\/wp-content\/uploads\/2015\/10\/acido-citrico-1kg.png","width":800,"height":800,"caption":"\u00e1cido c\u00edtrico"},{"@type":"BreadcrumbList","@id":"https:\/\/www.alquera.com\/acido-citrico\/#breadcrumb","itemListElement":[{"@type":"ListItem","position":1,"name":"Inicio","item":"https:\/\/www.alquera.com\/"},{"@type":"ListItem","position":2,"name":"Alquera.com: Tienda Online de Productos Qu\u00edmicos y Material de Laboratorio","item":"https:\/\/www.alquera.com\/en\/tienda\/"},{"@type":"ListItem","position":3,"name":"\u00c1cido C\u00edtrico"}]},{"@type":"WebSite","@id":"https:\/\/www.alquera.com\/en\/#website","url":"https:\/\/www.alquera.com\/en\/","name":"Alquera.com","description":"Online Shop Chemical Products and Laboratory Equipment","publisher":{"@id":"https:\/\/www.alquera.com\/en\/#organization"},"potentialAction":[{"@type":"SearchAction","target":{"@type":"EntryPoint","urlTemplate":"https:\/\/www.alquera.com\/en\/?s={search_term_string}"},"query-input":{"@type":"PropertyValueSpecification","valueRequired":true,"valueName":"search_term_string"}}],"inLanguage":"en-GB"},{"@type":"Organization","@id":"https:\/\/www.alquera.com\/en\/#organization","name":"ALQUERA CIENCIA SL","url":"https:\/\/www.alquera.com\/en\/","logo":{"@type":"ImageObject","inLanguage":"en-GB","@id":"https:\/\/www.alquera.com\/en\/#\/schema\/logo\/image\/","url":"https:\/\/www.alquera.com\/wp-content\/uploads\/2020\/11\/logo_300_ancho.png","contentUrl":"https:\/\/www.alquera.com\/wp-content\/uploads\/2020\/11\/logo_300_ancho.png","width":300,"height":86,"caption":"ALQUERA CIENCIA SL"},"image":{"@id":"https:\/\/www.alquera.com\/en\/#\/schema\/logo\/image\/"},"sameAs":["https:\/\/www.facebook.com\/alqueraciencia","https:\/\/www.instagram.com\/alquera_ciencia\/","https:\/\/www.youtube.com\/c\/alquera"]}]},"og_availability":"instock","product_availability":"instock","product_retailer_item_id":"AL100011","product_condition":"new"},"_links":{"self":[{"href":"https:\/\/www.alquera.com\/en\/wp-json\/wp\/v2\/product\/416","targetHints":{"allow":["GET"]}}],"collection":[{"href":"https:\/\/www.alquera.com\/en\/wp-json\/wp\/v2\/product"}],"about":[{"href":"https:\/\/www.alquera.com\/en\/wp-json\/wp\/v2\/types\/product"}],"replies":[{"embeddable":true,"href":"https:\/\/www.alquera.com\/en\/wp-json\/wp\/v2\/comments?post=416"}],"wp:featuredmedia":[{"embeddable":true,"href":"https:\/\/www.alquera.com\/en\/wp-json\/wp\/v2\/media\/35753"}],"wp:attachment":[{"href":"https:\/\/www.alquera.com\/en\/wp-json\/wp\/v2\/media?parent=416"}],"wp:term":[{"taxonomy":"product_brand","embeddable":true,"href":"https:\/\/www.alquera.com\/en\/wp-json\/wp\/v2\/product_brand?post=416"},{"taxonomy":"product_cat","embeddable":true,"href":"https:\/\/www.alquera.com\/en\/wp-json\/wp\/v2\/product_cat?post=416"},{"taxonomy":"product_tag","embeddable":true,"href":"https:\/\/www.alquera.com\/en\/wp-json\/wp\/v2\/product_tag?post=416"}],"curies":[{"name":"wp","href":"https:\/\/api.w.org\/{rel}","templated":true}]}}