{"id":316,"date":"2020-09-24T11:27:19","date_gmt":"2020-09-24T11:27:19","guid":{"rendered":"https:\/\/www.alquera.com\/productos\/?page_id=316"},"modified":"2021-11-27T09:50:29","modified_gmt":"2021-11-27T09:50:29","slug":"filtros-agua","status":"publish","type":"page","link":"https:\/\/www.alquera.com\/fr\/carbon-activo-en-polvo\/filtros-agua\/","title":{"rendered":"Filtres \u00e0 eau \u00e0 charbon actif"},"content":{"rendered":"<p><span id=\"Filtros_para_aire.2C_gas_comprimido_y_purificar_el_agua\" class=\"mw-headline\"><\/span>Filtration par <a href=\"https:\/\/www.alquera.com\/fr\/carbon-activo-en-polvo\/\">charbon actif<\/a> est l'un des proc\u00e9d\u00e9s les plus couramment utilis\u00e9s dans le traitement de l'eau. Le charbon actif est un mat\u00e9riau qui \u00e9limine les contaminants tels que les mati\u00e8res organiques, supprime les odeurs et donne un meilleur go\u00fbt \u00e0 l'eau potable.<\/p>\n<h3>SUBSTANCES \u00c9LIMIN\u00c9ES PAR LE CHARBON ACTIF<\/h3>\n<p>Les filtres \u00e0 eau \u00e0 charbon actif sont utilis\u00e9s tr\u00e8s efficacement pour \u00e9liminer les produits chimiques nocifs.  Le charbon actif est utilis\u00e9 pour \u00e9liminer les impuret\u00e9s et les substances toxiques pour la purification de l'eau. Certaines des substances qui sont \u00e9limin\u00e9es avec le charbon actif sont :<\/p>\n<ul type=\"circle\">\n<li>Les substances non polaires telles que :\n<ul>\n<li>Huile min\u00e9rale<\/li>\n<li>BTEX. Le benz\u00e8ne, le tolu\u00e8ne, l'\u00e9thylbenz\u00e8ne et le xyl\u00e8ne sont des compos\u00e9s volatils pr\u00e9sents dans les produits p\u00e9troliers tels que l'essence.<\/li>\n<li>Hydrocarbures polyaromatiques (PAC) - tels que le benz\u00e8ne et ses d\u00e9riv\u00e9s. Le benz\u00e8ne est un produit chimique, appel\u00e9 aromatique. C'est un produit hautement toxique, connu pour \u00eatre canc\u00e9rig\u00e8ne et avoir de graves effets sur la sant\u00e9.<\/li>\n<li>(Chlorure) Ph\u00e9nol. Les ph\u00e9nols sont des substances, aux odeurs caract\u00e9ristiques, peu solubles dans l'eau et tr\u00e8s solubles dans l'alcool ou l'\u00e9ther.   Certains sont utilis\u00e9s comme d\u00e9sinfectants et d'autres sont form\u00e9s naturellement, par exemple la tyrosine.<\/li>\n<\/ul>\n<\/li>\n<\/ul>\n<ul>\n<li>Adsorption des substances halog\u00e9n\u00e9es : I, Br, Cl, H et F. Les halog\u00e8nes sont des \u00e9l\u00e9ments situ\u00e9s dans le groupe 17 du tableau p\u00e9riodique. Les sels d'halog\u00e8ne sont, par exemple, des chlorures, des iodures, des fluorures et des bromures.<\/li>\n<li>Odeurs et go\u00fbts. Produit par les produits chimiques mentionn\u00e9s ci-dessus.<\/li>\n<li>Levure<\/li>\n<li>Divers produits de fermentation<\/li>\n<\/ul>\n<h3>PRODUITS NON \u00c9LIMIN\u00c9S PAR LE CHARBON ACTIF<\/h3>\n<p>Le filtre \u00e0 charbon actif ne retient pas tous les m\u00e9taux lourds et les nitrates nocifs. Il est important de changer le filtre aux moments indiqu\u00e9s par le fabricant, sinon le charbon actif perd son efficacit\u00e9.<\/p>\n<h2>FILTRES \u00c0 EAU DOMESTIQUES<\/h2>\n<p>Un filtre \u00e0 eau domestique \u00e0 charbon actif peut \u00eatre tr\u00e8s utile pour \u00e9liminer les d\u00e9bris et purifier l'eau. Particuli\u00e8rement adapt\u00e9 \u00e0 l'\u00e9limination du chlore et du calcaire, lorsque ces deux \u00e9l\u00e9ments posent probl\u00e8me. Il existe diff\u00e9rents filtres, des petits filtres \u00e0 installer directement \u00e0 la sortie du robinet aux filtres plus grands pour la purification de l'eau dans la maison.<\/p>\n<p>Les filtres \u00e0 charbon actif plac\u00e9s \u00e0 l'extr\u00e9mit\u00e9 du robinet sont moins performants que ceux plac\u00e9s sous l'\u00e9vier ou le bassin, en raison du faible volume de charbon actif qu'ils contiennent. Il est \u00e9galement recommand\u00e9 de remplacer les filtres \u00e0 charbon actif deux fois plus souvent que ce qui est pr\u00e9conis\u00e9 par les fabricants. Les filtres qui \"avertissent\" lorsqu'il est temps de changer le filtre sont impr\u00e9cis et la saturation et la contamination cons\u00e9quente de l'eau peuvent se produire bien avant que l'avertissement ne soit donn\u00e9.<\/p>\n<p>Dans tous les cas, avant d'acheter un filtre \u00e0 charbon actif, il est conseill\u00e9 de savoir pourquoi vous l'achetez et ce que vous voulez obtenir avec le filtre.<\/p>\n<h2>FILTRES \u00c0 EAU PURIFICATION DE L'EAU<\/h2>\n<p>Les filtres \u00e0 eau \u00e0 charbon actif ne sont pas seulement utilis\u00e9s dans le secteur domestique, mais aussi dans le secteur industriel pour la filtration de l'eau.<\/p>\n<p>Les filtres \u00e0 charbon actif sont tr\u00e8s efficaces pour \u00e9liminer divers produits chimiques nocifs. Ces produits chimiques comprennent le chlore, le benz\u00e8ne, le radon, les compos\u00e9s de solvants tri-halo-m\u00e9thane, les produits chimiques organiques volatils tels que les pesticides et les herbicides et des centaines d'autres produits chimiques d'origine humaine qui peuvent entrer en contact avec l'eau du robinet lorsqu'elle circule dans le syst\u00e8me.<\/p>\n<p>La forme de conception des filtres \u00e0 charbon actif est \u00e0 un ou deux \u00e9tages, le charbon actif \u00e9tant le milieu filtrant. Les conceptions les plus courantes utilisent des filtres \u00e0 un ou deux \u00e9tages, o\u00f9 le charbon actif est introduit comme milieu filtrant.<\/p>\n<p>Au niveau industriel, la quantit\u00e9 de charbon actif n\u00e9cessaire serait d'environ 1 \u00e0 3 pieds cubes de charbon actif pour le traitement d'un million de litres d'eau. Ces donn\u00e9es sont pour des concentrations de chlore libre inf\u00e9rieures \u00e0 1ppm.<\/p>\n<p>Pour le comportement du filtre \u00e0 charbon, le caract\u00e8re acide et la temp\u00e9rature influencent le comportement du filtre \u00e0 charbon actif. Le charbon actif s'am\u00e9liore avec un pH plus faible (acidit\u00e9 plus \u00e9lev\u00e9e) et une temp\u00e9rature de l'eau plus basse.<\/p>\n<p>La dur\u00e9e de vie d'un filtre \u00e0 charbon actif doit \u00eatre sp\u00e9cifi\u00e9e par le fabricant, mais peut varier approximativement entre 2500 et 4000 litres d'eau. Plusieurs facteurs ont un impact direct sur la dur\u00e9e de vie du filtre, comme la taille des pores et la taille des particules \u00e0 filtrer.<\/p>\n<h3 class=\"widget-title\">Acheter <\/h3><div><div class=\"woocommerce\"><ul class=\"products columns-4\">\n<li class=\"desktop-align-left tablet-align-left mobile-align-left ast-product-gallery-layout-horizontal-slider ast-magnify-disabled ast-product-single-variable ast-product-tabs-layout-horizontal ast-qv-on-image product type-product post-495 status-publish first instock product_cat-productos-experimentos product_cat-productos has-post-thumbnail taxable shipping-taxable purchasable product-type-variable has-default-attributes\">\n\t<a href=\"https:\/\/www.alquera.com\/fr\/permanganato-de-potasio\/\" class=\"woocommerce-LoopProduct-link woocommerce-loop-product__link\"><img loading=\"lazy\" decoding=\"async\" width=\"300\" height=\"300\" src=\"https:\/\/www.alquera.com\/wp-content\/uploads\/2016\/01\/permanganato-200g-foto-nueva-300x300.png\" class=\"attachment-woocommerce_thumbnail size-woocommerce_thumbnail\" alt=\"permanganato 200g\" srcset=\"https:\/\/www.alquera.com\/wp-content\/uploads\/2016\/01\/permanganato-200g-foto-nueva-300x300.png 300w, https:\/\/www.alquera.com\/wp-content\/uploads\/2016\/01\/permanganato-200g-foto-nueva-150x150.png 150w, https:\/\/www.alquera.com\/wp-content\/uploads\/2016\/01\/permanganato-200g-foto-nueva-12x12.png 12w, https:\/\/www.alquera.com\/wp-content\/uploads\/2016\/01\/permanganato-200g-foto-nueva-100x100.png 100w\" sizes=\"auto, (max-width: 300px) 100vw, 300px\" \/><h2 class=\"woocommerce-loop-product__title\">Permanganate de Potassium<\/h2><div class=\"review-rating\"><div class=\"star-rating\"><span style=\"width:100%\" data-no-translation=\"\" data-trp-gettext=\"\">Note <strong class=\"rating\">5.00<\/strong> sur 5<\/span><\/div><\/div>\n<\/a><a href=\"https:\/\/www.alquera.com\/fr\/permanganato-de-potasio\/\" aria-describedby=\"woocommerce_loop_add_to_cart_link_describedby_495\" data-quantity=\"1\" class=\"button product_type_variable add_to_cart_button\" data-product_id=\"495\" data-product_sku=\"AL100111\" aria-label=\"S\u00e9lectionner les options pour \u201cPermanganato de Potasio\u201d\" rel=\"nofollow\" data-no-translation=\"\" data-trp-gettext=\"\" data-no-translation-aria-label=\"\">Choix des options<\/a>\t<span id=\"woocommerce_loop_add_to_cart_link_describedby_495\" class=\"screen-reader-text\">\n\t\tCe produit a plusieurs variations. Les options peuvent \u00eatre choisies sur la page du produit\t<\/span>\n<\/li>\n<\/ul>\n<\/div><\/div>\n<p class=\"widget-title\">Lire la suite<\/p><a href=\"https:\/\/www.alquera.com\/fr\/carbon-activo-en-polvo\/\">Charbon Actif<\/a>\n<!-- Page-list plugin v.5.9 wordpress.org\/plugins\/page-list\/ -->\n<ul class=\"page-list siblings-page-list\">\n<li class=\"page_item page-item-313 menu-item\"><a href=\"https:\/\/www.alquera.com\/fr\/carbon-activo-en-polvo\/acuarios\/\" class=\"menu-link\">Le charbon actif dans les aquariums<\/a><\/li>\n<li class=\"page_item page-item-306 menu-item\"><a href=\"https:\/\/www.alquera.com\/fr\/carbon-activo-en-polvo\/que-es-carbon-activo\/\" class=\"menu-link\">Carbone actif. Utilisations et applications<\/a><\/li>\n<li class=\"page_item page-item-316 menu-item\"><a href=\"https:\/\/www.alquera.com\/fr\/carbon-activo-en-polvo\/filtros-agua\/\" class=\"menu-link\">Filtres \u00e0 eau \u00e0 charbon actif<\/a><\/li>\n<li class=\"page_item page-item-321 menu-item\"><a href=\"https:\/\/www.alquera.com\/fr\/carbon-activo-en-polvo\/filtros-aire\/\" class=\"menu-link\">Filtres \u00e0 air \u00e0 charbon actif<\/a><\/li>\n\n<\/ul>","protected":false},"excerpt":{"rendered":"<p>La filtraci\u00f3n a trav\u00e9s de carb\u00f3n activo es uno de los procesos utilizados comunmente en el tratamiento de agua. El carb\u00f3n activo es un material que elimina los contaminantes como la materia org\u00e1nica, y elimina los olores y se consigue que el agua potable tenga un mejor sabor. SUSTANCIAS ELIMINADAS CON EL CARB\u00d3N ACTIVO Los [&hellip;]<\/p>\n","protected":false},"author":1,"featured_media":0,"parent":32604,"menu_order":0,"comment_status":"open","ping_status":"closed","template":"","meta":{"_acf_changed":false,"site-sidebar-layout":"default","site-content-layout":"default","ast-site-content-layout":"default","site-content-style":"default","site-sidebar-style":"default","ast-global-header-display":"","ast-banner-title-visibility":"","ast-main-header-display":"","ast-hfb-above-header-display":"","ast-hfb-below-header-display":"","ast-hfb-mobile-header-display":"","site-post-title":"","ast-breadcrumbs-content":"","ast-featured-img":"","footer-sml-layout":"","ast-disable-related-posts":"","theme-transparent-header-meta":"default","adv-header-id-meta":"","stick-header-meta":"default","header-above-stick-meta":"","header-main-stick-meta":"","header-below-stick-meta":"","astra-migrate-meta-layouts":"default","ast-page-background-enabled":"default","ast-page-background-meta":{"desktop":{"background-color":"var(--ast-global-color-4)","background-image":"","background-repeat":"repeat","background-position":"center center","background-size":"auto","background-attachment":"scroll","background-type":"","background-media":"","overlay-type":"","overlay-color":"","overlay-opacity":"","overlay-gradient":""},"tablet":{"background-color":"","background-image":"","background-repeat":"repeat","background-position":"center center","background-size":"auto","background-attachment":"scroll","background-type":"","background-media":"","overlay-type":"","overlay-color":"","overlay-opacity":"","overlay-gradient":""},"mobile":{"background-color":"","background-image":"","background-repeat":"repeat","background-position":"center center","background-size":"auto","background-attachment":"scroll","background-type":"","background-media":"","overlay-type":"","overlay-color":"","overlay-opacity":"","overlay-gradient":""}},"ast-content-background-meta":{"desktop":{"background-color":"var(--ast-global-color-5)","background-image":"","background-repeat":"repeat","background-position":"center center","background-size":"auto","background-attachment":"scroll","background-type":"","background-media":"","overlay-type":"","overlay-color":"","overlay-opacity":"","overlay-gradient":""},"tablet":{"background-color":"var(--ast-global-color-5)","background-image":"","background-repeat":"repeat","background-position":"center center","background-size":"auto","background-attachment":"scroll","background-type":"","background-media":"","overlay-type":"","overlay-color":"","overlay-opacity":"","overlay-gradient":""},"mobile":{"background-color":"var(--ast-global-color-5)","background-image":"","background-repeat":"repeat","background-position":"center center","background-size":"auto","background-attachment":"scroll","background-type":"","background-media":"","overlay-type":"","overlay-color":"","overlay-opacity":"","overlay-gradient":""}},"footnotes":""},"class_list":["post-316","page","type-page","status-publish","hentry"],"acf":[],"yoast_head":"<!-- This site is optimized with the Yoast SEO Premium plugin v27.1 (Yoast SEO v27.1.1) - https:\/\/yoast.com\/product\/yoast-seo-premium-wordpress\/ -->\n<title>Filtros de Agua de Carb\u00f3n Activo - Alquera.com<\/title>\n<meta name=\"robots\" content=\"index, follow, max-snippet:-1, max-image-preview:large, max-video-preview:-1\" \/>\n<link rel=\"canonical\" href=\"https:\/\/www.alquera.com\/fr\/carbon-activo-en-polvo\/filtros-agua\/\" \/>\n<meta property=\"og:locale\" content=\"fr_FR\" \/>\n<meta property=\"og:type\" content=\"article\" \/>\n<meta property=\"og:title\" content=\"Filtros de Agua de Carb\u00f3n Activo\" \/>\n<meta property=\"og:description\" content=\"La filtraci\u00f3n a trav\u00e9s de carb\u00f3n activo es uno de los procesos utilizados comunmente en el tratamiento de agua. El carb\u00f3n activo es un material que elimina los contaminantes como la materia org\u00e1nica, y elimina los olores y se consigue que el agua potable tenga un mejor sabor. SUSTANCIAS ELIMINADAS CON EL CARB\u00d3N ACTIVO Los [&hellip;]\" \/>\n<meta property=\"og:url\" content=\"https:\/\/www.alquera.com\/fr\/carbon-activo-en-polvo\/filtros-agua\/\" \/>\n<meta property=\"og:site_name\" content=\"Alquera.com\" \/>\n<meta property=\"article:publisher\" content=\"https:\/\/www.facebook.com\/alqueraciencia\" \/>\n<meta property=\"article:modified_time\" content=\"2021-11-27T09:50:29+00:00\" \/>\n<meta name=\"twitter:card\" content=\"summary_large_image\" \/>\n<meta name=\"twitter:label1\" content=\"Dur\u00e9e de lecture estim\u00e9e\" \/>\n\t<meta name=\"twitter:data1\" content=\"4 minutes\" \/>\n<script type=\"application\/ld+json\" class=\"yoast-schema-graph\">{\"@context\":\"https:\/\/schema.org\",\"@graph\":[{\"@type\":\"WebPage\",\"@id\":\"https:\/\/www.alquera.com\/carbon-activo-en-polvo\/filtros-agua\/\",\"url\":\"https:\/\/www.alquera.com\/carbon-activo-en-polvo\/filtros-agua\/\",\"name\":\"Filtros de Agua de Carb\u00f3n Activo - Alquera.com\",\"isPartOf\":{\"@id\":\"https:\/\/www.alquera.com\/en\/#website\"},\"datePublished\":\"2020-09-24T11:27:19+00:00\",\"dateModified\":\"2021-11-27T09:50:29+00:00\",\"breadcrumb\":{\"@id\":\"https:\/\/www.alquera.com\/carbon-activo-en-polvo\/filtros-agua\/#breadcrumb\"},\"inLanguage\":\"fr-FR\",\"potentialAction\":[{\"@type\":\"ReadAction\",\"target\":[\"https:\/\/www.alquera.com\/carbon-activo-en-polvo\/filtros-agua\/\"]}]},{\"@type\":\"BreadcrumbList\",\"@id\":\"https:\/\/www.alquera.com\/carbon-activo-en-polvo\/filtros-agua\/#breadcrumb\",\"itemListElement\":[{\"@type\":\"ListItem\",\"position\":1,\"name\":\"Inicio\",\"item\":\"https:\/\/www.alquera.com\/\"},{\"@type\":\"ListItem\",\"position\":2,\"name\":\"Carb\u00f3n Activo\",\"item\":\"https:\/\/www.alquera.com\/carbon-activo-en-polvo\/\"},{\"@type\":\"ListItem\",\"position\":3,\"name\":\"Filtros de Agua de Carb\u00f3n Activo\"}]},{\"@type\":\"WebSite\",\"@id\":\"https:\/\/www.alquera.com\/en\/#website\",\"url\":\"https:\/\/www.alquera.com\/en\/\",\"name\":\"Alquera.com\",\"description\":\"Tienda Online Productos Qu\u00edmicos y Material de Laboratorio\",\"publisher\":{\"@id\":\"https:\/\/www.alquera.com\/en\/#organization\"},\"potentialAction\":[{\"@type\":\"SearchAction\",\"target\":{\"@type\":\"EntryPoint\",\"urlTemplate\":\"https:\/\/www.alquera.com\/en\/?s={search_term_string}\"},\"query-input\":{\"@type\":\"PropertyValueSpecification\",\"valueRequired\":true,\"valueName\":\"search_term_string\"}}],\"inLanguage\":\"fr-FR\"},{\"@type\":\"Organization\",\"@id\":\"https:\/\/www.alquera.com\/en\/#organization\",\"name\":\"ALQUERA CIENCIA SL\",\"url\":\"https:\/\/www.alquera.com\/en\/\",\"logo\":{\"@type\":\"ImageObject\",\"inLanguage\":\"fr-FR\",\"@id\":\"https:\/\/www.alquera.com\/en\/#\/schema\/logo\/image\/\",\"url\":\"https:\/\/www.alquera.com\/wp-content\/uploads\/2020\/11\/logo_300_ancho.png\",\"contentUrl\":\"https:\/\/www.alquera.com\/wp-content\/uploads\/2020\/11\/logo_300_ancho.png\",\"width\":300,\"height\":86,\"caption\":\"ALQUERA CIENCIA SL\"},\"image\":{\"@id\":\"https:\/\/www.alquera.com\/en\/#\/schema\/logo\/image\/\"},\"sameAs\":[\"https:\/\/www.facebook.com\/alqueraciencia\",\"https:\/\/www.instagram.com\/alquera_ciencia\/\",\"https:\/\/www.youtube.com\/c\/alquera\"]}]}<\/script>\n<!-- \/ Yoast SEO Premium plugin. -->","yoast_head_json":{"title":"Filtres \u00e0 eau \u00e0 charbon actif - Alquera.com","robots":{"index":"index","follow":"follow","max-snippet":"max-snippet:-1","max-image-preview":"max-image-preview:large","max-video-preview":"max-video-preview:-1"},"canonical":"https:\/\/www.alquera.com\/fr\/carbon-activo-en-polvo\/filtros-agua\/","og_locale":"fr_FR","og_type":"article","og_title":"Filtros de Agua de Carb\u00f3n Activo","og_description":"La filtraci\u00f3n a trav\u00e9s de carb\u00f3n activo es uno de los procesos utilizados comunmente en el tratamiento de agua. El carb\u00f3n activo es un material que elimina los contaminantes como la materia org\u00e1nica, y elimina los olores y se consigue que el agua potable tenga un mejor sabor. SUSTANCIAS ELIMINADAS CON EL CARB\u00d3N ACTIVO Los [&hellip;]","og_url":"https:\/\/www.alquera.com\/fr\/carbon-activo-en-polvo\/filtros-agua\/","og_site_name":"Alquera.com","article_publisher":"https:\/\/www.facebook.com\/alqueraciencia","article_modified_time":"2021-11-27T09:50:29+00:00","twitter_card":"summary_large_image","twitter_misc":{"Dur\u00e9e de lecture estim\u00e9e":"4 minutes"},"schema":{"@context":"https:\/\/schema.org","@graph":[{"@type":"WebPage","@id":"https:\/\/www.alquera.com\/carbon-activo-en-polvo\/filtros-agua\/","url":"https:\/\/www.alquera.com\/carbon-activo-en-polvo\/filtros-agua\/","name":"Filtres \u00e0 eau \u00e0 charbon actif - Alquera.com","isPartOf":{"@id":"https:\/\/www.alquera.com\/en\/#website"},"datePublished":"2020-09-24T11:27:19+00:00","dateModified":"2021-11-27T09:50:29+00:00","breadcrumb":{"@id":"https:\/\/www.alquera.com\/carbon-activo-en-polvo\/filtros-agua\/#breadcrumb"},"inLanguage":"fr-FR","potentialAction":[{"@type":"ReadAction","target":["https:\/\/www.alquera.com\/carbon-activo-en-polvo\/filtros-agua\/"]}]},{"@type":"BreadcrumbList","@id":"https:\/\/www.alquera.com\/carbon-activo-en-polvo\/filtros-agua\/#breadcrumb","itemListElement":[{"@type":"ListItem","position":1,"name":"Inicio","item":"https:\/\/www.alquera.com\/"},{"@type":"ListItem","position":2,"name":"Carb\u00f3n Activo","item":"https:\/\/www.alquera.com\/carbon-activo-en-polvo\/"},{"@type":"ListItem","position":3,"name":"Filtros de Agua de Carb\u00f3n Activo"}]},{"@type":"WebSite","@id":"https:\/\/www.alquera.com\/en\/#website","url":"https:\/\/www.alquera.com\/en\/","name":"Alquera.com","description":"Boutique en ligne Produits chimiques et \u00e9quipements de laboratoire","publisher":{"@id":"https:\/\/www.alquera.com\/en\/#organization"},"potentialAction":[{"@type":"SearchAction","target":{"@type":"EntryPoint","urlTemplate":"https:\/\/www.alquera.com\/en\/?s={search_term_string}"},"query-input":{"@type":"PropertyValueSpecification","valueRequired":true,"valueName":"search_term_string"}}],"inLanguage":"fr-FR"},{"@type":"Organization","@id":"https:\/\/www.alquera.com\/en\/#organization","name":"ALQUERA CIENCIA SL","url":"https:\/\/www.alquera.com\/en\/","logo":{"@type":"ImageObject","inLanguage":"fr-FR","@id":"https:\/\/www.alquera.com\/en\/#\/schema\/logo\/image\/","url":"https:\/\/www.alquera.com\/wp-content\/uploads\/2020\/11\/logo_300_ancho.png","contentUrl":"https:\/\/www.alquera.com\/wp-content\/uploads\/2020\/11\/logo_300_ancho.png","width":300,"height":86,"caption":"ALQUERA CIENCIA SL"},"image":{"@id":"https:\/\/www.alquera.com\/en\/#\/schema\/logo\/image\/"},"sameAs":["https:\/\/www.facebook.com\/alqueraciencia","https:\/\/www.instagram.com\/alquera_ciencia\/","https:\/\/www.youtube.com\/c\/alquera"]}]}},"_links":{"self":[{"href":"https:\/\/www.alquera.com\/fr\/wp-json\/wp\/v2\/pages\/316","targetHints":{"allow":["GET"]}}],"collection":[{"href":"https:\/\/www.alquera.com\/fr\/wp-json\/wp\/v2\/pages"}],"about":[{"href":"https:\/\/www.alquera.com\/fr\/wp-json\/wp\/v2\/types\/page"}],"author":[{"embeddable":true,"href":"https:\/\/www.alquera.com\/fr\/wp-json\/wp\/v2\/users\/1"}],"replies":[{"embeddable":true,"href":"https:\/\/www.alquera.com\/fr\/wp-json\/wp\/v2\/comments?post=316"}],"version-history":[{"count":3,"href":"https:\/\/www.alquera.com\/fr\/wp-json\/wp\/v2\/pages\/316\/revisions"}],"predecessor-version":[{"id":36212,"href":"https:\/\/www.alquera.com\/fr\/wp-json\/wp\/v2\/pages\/316\/revisions\/36212"}],"up":[{"embeddable":true,"href":"https:\/\/www.alquera.com\/fr\/wp-json\/wp\/v2\/pages\/32604"}],"wp:attachment":[{"href":"https:\/\/www.alquera.com\/fr\/wp-json\/wp\/v2\/media?parent=316"}],"curies":[{"name":"wp","href":"https:\/\/api.w.org\/{rel}","templated":true}]}}