{"id":321,"date":"2020-09-24T11:31:12","date_gmt":"2020-09-24T11:31:12","guid":{"rendered":"https:\/\/www.alquera.com\/productos\/?page_id=321"},"modified":"2021-11-27T09:51:06","modified_gmt":"2021-11-27T09:51:06","slug":"filtros-aire","status":"publish","type":"page","link":"https:\/\/www.alquera.com\/fr\/carbon-activo-en-polvo\/filtros-aire\/","title":{"rendered":"Filtres \u00e0 air \u00e0 charbon actif"},"content":{"rendered":"<p>Le <a href=\"https:\/\/www.alquera.com\/fr\/carbon-activo\/\">charbon actif<\/a> est utilis\u00e9 dans les filtres \u00e0 air gr\u00e2ce \u00e0 sa capacit\u00e9 d'adsorption. Le filtre \u00e0 charbon actif permet l'adsorption des polluants pr\u00e9sents dans les gaz de l'atmosph\u00e8re industrielle. Les filtres \u00e0 charbon actif permettent d'adsorber certaines mati\u00e8res solides pr\u00e9sentes dans les gaz, les d\u00e9barrassant ainsi des odeurs et des compos\u00e9s nocifs.<\/p>\n<p>Le fonctionnement des filtres \u00e0 air \u00e0 base de charbon actif est tr\u00e8s simple. En clair, les particules polluantes pr\u00e9sentes dans l'air sont adsorb\u00e9es sur la surface microporeuse adh\u00e9sive du charbon actif. Une fois que tout le charbon actif a \u00e9t\u00e9 \u00e9puis\u00e9 et que plus aucune mol\u00e9cule ne peut \u00eatre adsorb\u00e9e, les conditions ambiantes sont modifi\u00e9es afin de nettoyer le polluant et le charbon actif reste r\u00e9g\u00e9n\u00e9r\u00e9.<\/p>\n<p style=\"padding-left: 60px;\">\n<h2>AVANTAGES DES FILTRES \u00c0 CHARBON ACTIF<\/h2>\n<p>Pour mesurer la qualit\u00e9 de l'air int\u00e9rieur (QAI), on \u00e9value la composition des gaz et des vapeurs, organiques et non organiques (ozone, monoxyde de carbone, radon, etc.), des a\u00e9rosols, des courants et du bruit.<\/p>\n<p>Les filtres qui incluent un syst\u00e8me de traitement de l'air n'ont g\u00e9n\u00e9ralement aucun effet sur les COV (compos\u00e9s organiques volatils). Pour \u00e9liminer les vapeurs et les gaz, d'autres traitements sont n\u00e9cessaires, comme l'adsorption ou la combinaison chimique, mais principalement par adsorption. Parmi les mat\u00e9riaux adsorbants possibles, tels que l'alumine ou le gel de silice, le charbon actif offre l'avantage suppl\u00e9mentaire d'\u00e9liminer \u00e9galement l'ozone.<\/p>\n<p>Les COV les plus abondants dans les environnements int\u00e9rieurs non industriels publics et priv\u00e9s sont le tolu\u00e8ne, le benz\u00e8ne, l'\u00e9thylbenz\u00e8ne, les m+p-xyl\u00e8nes, le 1,2,4-trim\u00e9thylbenz\u00e8ne, le 1,3,5-trim\u00e9thylbenz\u00e8ne, le limon\u00e8ne, l'\u03b1-pin\u00e8ne, le p-dichlorobenz\u00e8ne, le trichloro\u00e9thyl\u00e8ne, le t\u00e9trachloro\u00e9thyl\u00e8ne, le d\u00e9cane, le chloroforme, l'hexanal, le nonanal, l'ac\u00e9tone et le 2-butoxy\u00e9thanol.<\/p>\n<p>Il est \u00e9galement courant d'utiliser des filtres \u00e0 charbon actif pour r\u00e9duire l'ozone. Une utilisation tr\u00e8s courante est celle des photocopieurs. Le filtre \u00e0 charbon actif est utilis\u00e9 pour r\u00e9duire l'\u00e9mission d'ozone dans l'air int\u00e9rieur des bureaux. Il a un rendement tr\u00e8s \u00e9lev\u00e9, m\u00eame sup\u00e9rieur \u00e0 celui du 90%.<\/p>\n<h3 class=\"widget-title\">Acheter <\/h3><div><div class=\"woocommerce\"><ul class=\"products columns-4\">\n<li class=\"desktop-align-left tablet-align-left mobile-align-left ast-product-gallery-layout-horizontal-slider ast-magnify-disabled ast-product-single-variable ast-product-tabs-layout-horizontal ast-qv-on-image product type-product post-495 status-publish first instock product_cat-productos-experimentos product_cat-productos has-post-thumbnail taxable shipping-taxable purchasable product-type-variable has-default-attributes\">\n\t<a href=\"https:\/\/www.alquera.com\/fr\/permanganato-de-potasio\/\" class=\"woocommerce-LoopProduct-link woocommerce-loop-product__link\"><img loading=\"lazy\" decoding=\"async\" width=\"300\" height=\"300\" src=\"https:\/\/www.alquera.com\/wp-content\/uploads\/2016\/01\/permanganato-200g-foto-nueva-300x300.png\" class=\"attachment-woocommerce_thumbnail size-woocommerce_thumbnail\" alt=\"permanganato 200g\" srcset=\"https:\/\/www.alquera.com\/wp-content\/uploads\/2016\/01\/permanganato-200g-foto-nueva-300x300.png 300w, https:\/\/www.alquera.com\/wp-content\/uploads\/2016\/01\/permanganato-200g-foto-nueva-150x150.png 150w, https:\/\/www.alquera.com\/wp-content\/uploads\/2016\/01\/permanganato-200g-foto-nueva-12x12.png 12w, https:\/\/www.alquera.com\/wp-content\/uploads\/2016\/01\/permanganato-200g-foto-nueva-100x100.png 100w\" sizes=\"auto, (max-width: 300px) 100vw, 300px\" \/><h2 class=\"woocommerce-loop-product__title\">Permanganate de Potassium<\/h2><div class=\"review-rating\"><div class=\"star-rating\"><span style=\"width:100%\" data-no-translation=\"\" data-trp-gettext=\"\">Note <strong class=\"rating\">5.00<\/strong> sur 5<\/span><\/div><\/div>\n<\/a><a href=\"https:\/\/www.alquera.com\/fr\/permanganato-de-potasio\/\" aria-describedby=\"woocommerce_loop_add_to_cart_link_describedby_495\" data-quantity=\"1\" class=\"button product_type_variable add_to_cart_button\" data-product_id=\"495\" data-product_sku=\"AL100111\" aria-label=\"S\u00e9lectionner les options pour \u201cPermanganato de Potasio\u201d\" rel=\"nofollow\" data-no-translation=\"\" data-trp-gettext=\"\" data-no-translation-aria-label=\"\">Choix des options<\/a>\t<span id=\"woocommerce_loop_add_to_cart_link_describedby_495\" class=\"screen-reader-text\">\n\t\tCe produit a plusieurs variations. Les options peuvent \u00eatre choisies sur la page du produit\t<\/span>\n<\/li>\n<\/ul>\n<\/div><\/div>\n<p class=\"widget-title\">Lire la suite<\/p><a href=\"https:\/\/www.alquera.com\/fr\/carbon-activo-en-polvo\/\">Charbon Actif<\/a>\n<!-- Page-list plugin v.5.9 wordpress.org\/plugins\/page-list\/ -->\n<ul class=\"page-list siblings-page-list\">\n<li class=\"page_item page-item-313 menu-item\"><a href=\"https:\/\/www.alquera.com\/fr\/carbon-activo-en-polvo\/acuarios\/\" class=\"menu-link\">Le charbon actif dans les aquariums<\/a><\/li>\n<li class=\"page_item page-item-306 menu-item\"><a href=\"https:\/\/www.alquera.com\/fr\/carbon-activo-en-polvo\/que-es-carbon-activo\/\" class=\"menu-link\">Carbone actif. Utilisations et applications<\/a><\/li>\n<li class=\"page_item page-item-316 menu-item\"><a href=\"https:\/\/www.alquera.com\/fr\/carbon-activo-en-polvo\/filtros-agua\/\" class=\"menu-link\">Filtres \u00e0 eau \u00e0 charbon actif<\/a><\/li>\n<li class=\"page_item page-item-321 menu-item\"><a href=\"https:\/\/www.alquera.com\/fr\/carbon-activo-en-polvo\/filtros-aire\/\" class=\"menu-link\">Filtres \u00e0 air \u00e0 charbon actif<\/a><\/li>\n\n<\/ul>","protected":false},"excerpt":{"rendered":"<p>El carb\u00f3n activado es utilizado en filtros de aire gracias a su capacidad de adsorci\u00f3n. El filtro de carb\u00f3n activo permite adsorber contaminantes que se encuentran en gases en la atm\u00f3sfera de la industria. Con los filtros de carb\u00f3n activo se puede llevar a cabo la adsorci\u00f3n de ciertos s\u00f3lidos presentes en los gases, dej\u00e1ndolos [&hellip;]<\/p>\n","protected":false},"author":1,"featured_media":0,"parent":32604,"menu_order":0,"comment_status":"open","ping_status":"closed","template":"","meta":{"_acf_changed":false,"site-sidebar-layout":"default","site-content-layout":"default","ast-site-content-layout":"default","site-content-style":"default","site-sidebar-style":"default","ast-global-header-display":"","ast-banner-title-visibility":"","ast-main-header-display":"","ast-hfb-above-header-display":"","ast-hfb-below-header-display":"","ast-hfb-mobile-header-display":"","site-post-title":"","ast-breadcrumbs-content":"","ast-featured-img":"","footer-sml-layout":"","ast-disable-related-posts":"","theme-transparent-header-meta":"default","adv-header-id-meta":"","stick-header-meta":"default","header-above-stick-meta":"","header-main-stick-meta":"","header-below-stick-meta":"","astra-migrate-meta-layouts":"default","ast-page-background-enabled":"default","ast-page-background-meta":{"desktop":{"background-color":"var(--ast-global-color-4)","background-image":"","background-repeat":"repeat","background-position":"center center","background-size":"auto","background-attachment":"scroll","background-type":"","background-media":"","overlay-type":"","overlay-color":"","overlay-opacity":"","overlay-gradient":""},"tablet":{"background-color":"","background-image":"","background-repeat":"repeat","background-position":"center center","background-size":"auto","background-attachment":"scroll","background-type":"","background-media":"","overlay-type":"","overlay-color":"","overlay-opacity":"","overlay-gradient":""},"mobile":{"background-color":"","background-image":"","background-repeat":"repeat","background-position":"center center","background-size":"auto","background-attachment":"scroll","background-type":"","background-media":"","overlay-type":"","overlay-color":"","overlay-opacity":"","overlay-gradient":""}},"ast-content-background-meta":{"desktop":{"background-color":"var(--ast-global-color-5)","background-image":"","background-repeat":"repeat","background-position":"center center","background-size":"auto","background-attachment":"scroll","background-type":"","background-media":"","overlay-type":"","overlay-color":"","overlay-opacity":"","overlay-gradient":""},"tablet":{"background-color":"var(--ast-global-color-5)","background-image":"","background-repeat":"repeat","background-position":"center center","background-size":"auto","background-attachment":"scroll","background-type":"","background-media":"","overlay-type":"","overlay-color":"","overlay-opacity":"","overlay-gradient":""},"mobile":{"background-color":"var(--ast-global-color-5)","background-image":"","background-repeat":"repeat","background-position":"center center","background-size":"auto","background-attachment":"scroll","background-type":"","background-media":"","overlay-type":"","overlay-color":"","overlay-opacity":"","overlay-gradient":""}},"footnotes":""},"class_list":["post-321","page","type-page","status-publish","hentry"],"acf":[],"yoast_head":"<!-- This site is optimized with the Yoast SEO Premium plugin v27.1 (Yoast SEO v27.1.1) - https:\/\/yoast.com\/product\/yoast-seo-premium-wordpress\/ -->\n<title>Filtros de Aire de Carb\u00f3n Activo - Alquera.com<\/title>\n<meta name=\"robots\" content=\"index, follow, max-snippet:-1, max-image-preview:large, max-video-preview:-1\" \/>\n<link rel=\"canonical\" href=\"https:\/\/www.alquera.com\/fr\/carbon-activo-en-polvo\/filtros-aire\/\" \/>\n<meta property=\"og:locale\" content=\"fr_FR\" \/>\n<meta property=\"og:type\" content=\"article\" \/>\n<meta property=\"og:title\" content=\"Filtros de Aire de Carb\u00f3n Activo\" \/>\n<meta property=\"og:description\" content=\"El carb\u00f3n activado es utilizado en filtros de aire gracias a su capacidad de adsorci\u00f3n. El filtro de carb\u00f3n activo permite adsorber contaminantes que se encuentran en gases en la atm\u00f3sfera de la industria. Con los filtros de carb\u00f3n activo se puede llevar a cabo la adsorci\u00f3n de ciertos s\u00f3lidos presentes en los gases, dej\u00e1ndolos [&hellip;]\" \/>\n<meta property=\"og:url\" content=\"https:\/\/www.alquera.com\/fr\/carbon-activo-en-polvo\/filtros-aire\/\" \/>\n<meta property=\"og:site_name\" content=\"Alquera.com\" \/>\n<meta property=\"article:publisher\" content=\"https:\/\/www.facebook.com\/alqueraciencia\" \/>\n<meta property=\"article:modified_time\" content=\"2021-11-27T09:51:06+00:00\" \/>\n<meta name=\"twitter:card\" content=\"summary_large_image\" \/>\n<meta name=\"twitter:label1\" content=\"Dur\u00e9e de lecture estim\u00e9e\" \/>\n\t<meta name=\"twitter:data1\" content=\"2 minutes\" \/>\n<script type=\"application\/ld+json\" class=\"yoast-schema-graph\">{\"@context\":\"https:\/\/schema.org\",\"@graph\":[{\"@type\":\"WebPage\",\"@id\":\"https:\/\/www.alquera.com\/carbon-activo-en-polvo\/filtros-aire\/\",\"url\":\"https:\/\/www.alquera.com\/carbon-activo-en-polvo\/filtros-aire\/\",\"name\":\"Filtros de Aire de Carb\u00f3n Activo - Alquera.com\",\"isPartOf\":{\"@id\":\"https:\/\/www.alquera.com\/en\/#website\"},\"datePublished\":\"2020-09-24T11:31:12+00:00\",\"dateModified\":\"2021-11-27T09:51:06+00:00\",\"breadcrumb\":{\"@id\":\"https:\/\/www.alquera.com\/carbon-activo-en-polvo\/filtros-aire\/#breadcrumb\"},\"inLanguage\":\"fr-FR\",\"potentialAction\":[{\"@type\":\"ReadAction\",\"target\":[\"https:\/\/www.alquera.com\/carbon-activo-en-polvo\/filtros-aire\/\"]}]},{\"@type\":\"BreadcrumbList\",\"@id\":\"https:\/\/www.alquera.com\/carbon-activo-en-polvo\/filtros-aire\/#breadcrumb\",\"itemListElement\":[{\"@type\":\"ListItem\",\"position\":1,\"name\":\"Inicio\",\"item\":\"https:\/\/www.alquera.com\/\"},{\"@type\":\"ListItem\",\"position\":2,\"name\":\"Carb\u00f3n Activo\",\"item\":\"https:\/\/www.alquera.com\/carbon-activo-en-polvo\/\"},{\"@type\":\"ListItem\",\"position\":3,\"name\":\"Filtros de Aire de Carb\u00f3n Activo\"}]},{\"@type\":\"WebSite\",\"@id\":\"https:\/\/www.alquera.com\/en\/#website\",\"url\":\"https:\/\/www.alquera.com\/en\/\",\"name\":\"Alquera.com\",\"description\":\"Tienda Online Productos Qu\u00edmicos y Material de Laboratorio\",\"publisher\":{\"@id\":\"https:\/\/www.alquera.com\/en\/#organization\"},\"potentialAction\":[{\"@type\":\"SearchAction\",\"target\":{\"@type\":\"EntryPoint\",\"urlTemplate\":\"https:\/\/www.alquera.com\/en\/?s={search_term_string}\"},\"query-input\":{\"@type\":\"PropertyValueSpecification\",\"valueRequired\":true,\"valueName\":\"search_term_string\"}}],\"inLanguage\":\"fr-FR\"},{\"@type\":\"Organization\",\"@id\":\"https:\/\/www.alquera.com\/en\/#organization\",\"name\":\"ALQUERA CIENCIA SL\",\"url\":\"https:\/\/www.alquera.com\/en\/\",\"logo\":{\"@type\":\"ImageObject\",\"inLanguage\":\"fr-FR\",\"@id\":\"https:\/\/www.alquera.com\/en\/#\/schema\/logo\/image\/\",\"url\":\"https:\/\/www.alquera.com\/wp-content\/uploads\/2020\/11\/logo_300_ancho.png\",\"contentUrl\":\"https:\/\/www.alquera.com\/wp-content\/uploads\/2020\/11\/logo_300_ancho.png\",\"width\":300,\"height\":86,\"caption\":\"ALQUERA CIENCIA SL\"},\"image\":{\"@id\":\"https:\/\/www.alquera.com\/en\/#\/schema\/logo\/image\/\"},\"sameAs\":[\"https:\/\/www.facebook.com\/alqueraciencia\",\"https:\/\/www.instagram.com\/alquera_ciencia\/\",\"https:\/\/www.youtube.com\/c\/alquera\"]}]}<\/script>\n<!-- \/ Yoast SEO Premium plugin. -->","yoast_head_json":{"title":"Filtres \u00e0 air \u00e0 charbon actif - Alquera.com","robots":{"index":"index","follow":"follow","max-snippet":"max-snippet:-1","max-image-preview":"max-image-preview:large","max-video-preview":"max-video-preview:-1"},"canonical":"https:\/\/www.alquera.com\/fr\/carbon-activo-en-polvo\/filtros-aire\/","og_locale":"fr_FR","og_type":"article","og_title":"Filtros de Aire de Carb\u00f3n Activo","og_description":"El carb\u00f3n activado es utilizado en filtros de aire gracias a su capacidad de adsorci\u00f3n. El filtro de carb\u00f3n activo permite adsorber contaminantes que se encuentran en gases en la atm\u00f3sfera de la industria. Con los filtros de carb\u00f3n activo se puede llevar a cabo la adsorci\u00f3n de ciertos s\u00f3lidos presentes en los gases, dej\u00e1ndolos [&hellip;]","og_url":"https:\/\/www.alquera.com\/fr\/carbon-activo-en-polvo\/filtros-aire\/","og_site_name":"Alquera.com","article_publisher":"https:\/\/www.facebook.com\/alqueraciencia","article_modified_time":"2021-11-27T09:51:06+00:00","twitter_card":"summary_large_image","twitter_misc":{"Dur\u00e9e de lecture estim\u00e9e":"2 minutes"},"schema":{"@context":"https:\/\/schema.org","@graph":[{"@type":"WebPage","@id":"https:\/\/www.alquera.com\/carbon-activo-en-polvo\/filtros-aire\/","url":"https:\/\/www.alquera.com\/carbon-activo-en-polvo\/filtros-aire\/","name":"Filtres \u00e0 air \u00e0 charbon actif - Alquera.com","isPartOf":{"@id":"https:\/\/www.alquera.com\/en\/#website"},"datePublished":"2020-09-24T11:31:12+00:00","dateModified":"2021-11-27T09:51:06+00:00","breadcrumb":{"@id":"https:\/\/www.alquera.com\/carbon-activo-en-polvo\/filtros-aire\/#breadcrumb"},"inLanguage":"fr-FR","potentialAction":[{"@type":"ReadAction","target":["https:\/\/www.alquera.com\/carbon-activo-en-polvo\/filtros-aire\/"]}]},{"@type":"BreadcrumbList","@id":"https:\/\/www.alquera.com\/carbon-activo-en-polvo\/filtros-aire\/#breadcrumb","itemListElement":[{"@type":"ListItem","position":1,"name":"Inicio","item":"https:\/\/www.alquera.com\/"},{"@type":"ListItem","position":2,"name":"Carb\u00f3n Activo","item":"https:\/\/www.alquera.com\/carbon-activo-en-polvo\/"},{"@type":"ListItem","position":3,"name":"Filtros de Aire de Carb\u00f3n Activo"}]},{"@type":"WebSite","@id":"https:\/\/www.alquera.com\/en\/#website","url":"https:\/\/www.alquera.com\/en\/","name":"Alquera.com","description":"Boutique en ligne Produits chimiques et \u00e9quipements de laboratoire","publisher":{"@id":"https:\/\/www.alquera.com\/en\/#organization"},"potentialAction":[{"@type":"SearchAction","target":{"@type":"EntryPoint","urlTemplate":"https:\/\/www.alquera.com\/en\/?s={search_term_string}"},"query-input":{"@type":"PropertyValueSpecification","valueRequired":true,"valueName":"search_term_string"}}],"inLanguage":"fr-FR"},{"@type":"Organization","@id":"https:\/\/www.alquera.com\/en\/#organization","name":"ALQUERA CIENCIA SL","url":"https:\/\/www.alquera.com\/en\/","logo":{"@type":"ImageObject","inLanguage":"fr-FR","@id":"https:\/\/www.alquera.com\/en\/#\/schema\/logo\/image\/","url":"https:\/\/www.alquera.com\/wp-content\/uploads\/2020\/11\/logo_300_ancho.png","contentUrl":"https:\/\/www.alquera.com\/wp-content\/uploads\/2020\/11\/logo_300_ancho.png","width":300,"height":86,"caption":"ALQUERA CIENCIA SL"},"image":{"@id":"https:\/\/www.alquera.com\/en\/#\/schema\/logo\/image\/"},"sameAs":["https:\/\/www.facebook.com\/alqueraciencia","https:\/\/www.instagram.com\/alquera_ciencia\/","https:\/\/www.youtube.com\/c\/alquera"]}]}},"_links":{"self":[{"href":"https:\/\/www.alquera.com\/fr\/wp-json\/wp\/v2\/pages\/321","targetHints":{"allow":["GET"]}}],"collection":[{"href":"https:\/\/www.alquera.com\/fr\/wp-json\/wp\/v2\/pages"}],"about":[{"href":"https:\/\/www.alquera.com\/fr\/wp-json\/wp\/v2\/types\/page"}],"author":[{"embeddable":true,"href":"https:\/\/www.alquera.com\/fr\/wp-json\/wp\/v2\/users\/1"}],"replies":[{"embeddable":true,"href":"https:\/\/www.alquera.com\/fr\/wp-json\/wp\/v2\/comments?post=321"}],"version-history":[{"count":3,"href":"https:\/\/www.alquera.com\/fr\/wp-json\/wp\/v2\/pages\/321\/revisions"}],"predecessor-version":[{"id":36213,"href":"https:\/\/www.alquera.com\/fr\/wp-json\/wp\/v2\/pages\/321\/revisions\/36213"}],"up":[{"embeddable":true,"href":"https:\/\/www.alquera.com\/fr\/wp-json\/wp\/v2\/pages\/32604"}],"wp:attachment":[{"href":"https:\/\/www.alquera.com\/fr\/wp-json\/wp\/v2\/media?parent=321"}],"curies":[{"name":"wp","href":"https:\/\/api.w.org\/{rel}","templated":true}]}}