{"id":331,"date":"2020-09-24T13:33:10","date_gmt":"2020-09-24T13:33:10","guid":{"rendered":"https:\/\/www.alquera.com\/productos\/?page_id=331"},"modified":"2021-09-20T12:05:05","modified_gmt":"2021-09-20T12:05:05","slug":"fungicida","status":"publish","type":"page","link":"https:\/\/www.alquera.com\/fr\/sulfato-de-cobre\/fungicida\/","title":{"rendered":"Fongicide au sulfate de cuivre"},"content":{"rendered":"<p>Le fongicide Sulfate de cuivre est utilis\u00e9 en agriculture biologique gr\u00e2ce \u00e0 son action d\u00e9sinfectante (\u00e9limine les micro-organismes), car il pr\u00e9vient et gu\u00e9rit le d\u00e9veloppement d'un certain groupe de champignons qui attaquent les plantes et peuvent provoquer leur mort ou la perte de la r\u00e9colte.<\/p>\n\n\n\n<h2 class=\"wp-block-heading\">Champignons sur lesquels le sulfate de cuivre agit comme fongicide<\/h2>\n\n\n\n<p>En tant que fongicide, il agit sur les champignons qui en sont la cause :<\/p>\n\n\n\n<p><p>Moisissure grise (<em>Botrytis cinerea<\/em>) : Elle se manifeste par la formation d'une masse cotonneuse brune \u00e0 grise et le pourrissement des fleurs, des fruits ou des tissus tendres. Ce champignon est pr\u00e9sent sur : <strong>fraise, brocoli, vanille, rose, etc.<\/strong><\/p>\n<p><img loading=\"lazy\" decoding=\"async\" class=\"size-medium wp-image-32300 aligncenter\" src=\"https:\/\/www.alquera.com\/wp-content\/uploads\/2020\/12\/fresas_mohogris-300x226.png\" alt=\"Sulfato de Cobre Fungicida\" width=\"300\" height=\"226\" srcset=\"https:\/\/www.alquera.com\/wp-content\/uploads\/2020\/12\/fresas_mohogris-300x226.png 300w, https:\/\/www.alquera.com\/wp-content\/uploads\/2020\/12\/fresas_mohogris.png 516w\" sizes=\"auto, (max-width: 300px) 100vw, 300px\" \/><\/p><\/p>\n\n\n\n<p><p>Chupadera (<em>Rhizoctonia<\/em> spp.) : elle se manifeste par des dommages ou des blessures \u00e0 la base de la tige (collet de la plante) lorsque la plante est \u00e0 son stade tendre (premi\u00e8res semaines de vie), ce qui entra\u00eene la rupture de la tige et la mort de la plante. Il se produit dans<strong> haricots, piment, \u00e9pinards, betteraves, blettes, etc.<\/strong><\/p>\n<p><img loading=\"lazy\" decoding=\"async\" class=\"size-medium wp-image-32301 aligncenter\" src=\"https:\/\/www.alquera.com\/wp-content\/uploads\/2020\/12\/Fungicida-300x191.png\" alt=\"sulfato de cobre como fungicida\" width=\"300\" height=\"191\" srcset=\"https:\/\/www.alquera.com\/wp-content\/uploads\/2020\/12\/Fungicida-300x191.png 300w, https:\/\/www.alquera.com\/wp-content\/uploads\/2020\/12\/Fungicida.png 519w\" sizes=\"auto, (max-width: 300px) 100vw, 300px\" \/><\/p>\n<p>&nbsp;<\/p><\/p>\n\n\n\n\n\n<h2 class=\"wp-block-heading\">Comment le sulfate de cuivre est-il appliqu\u00e9 aux plantes ?<\/h2>\n\n\n\n\n\n<p>L'application du sulfate de cuivre sur les plantes est tr\u00e8s simple, vous n'aurez besoin que des mat\u00e9riaux suivants, le seul que vous n'avez peut-\u00eatre pas chez vous \u00e9tant le sulfate de cuivre :<\/p>\n\n\n\n<h3 class=\"wp-block-heading\"><strong>Mat\u00e9riaux<\/strong><\/h3>\n\n\n\n<ul class=\"wp-block-list\"><li>1 litre d'eau<\/li><li>10 grammes de sulfate de cuivre.&nbsp;<\/li><li>Une cuill\u00e8re<\/li><li>1 arroseur<\/li><\/ul>\n\n\n\n<h3 class=\"wp-block-heading\"><strong>Pr\u00e9paration<\/strong><\/h3>\n\n\n\n<p>La proportion \u00e0 utiliser est de 10 grammes de sulfate de cuivre par litre d'eau. M\u00e9langez les deux \u00e9l\u00e9ments et remuez jusqu'\u00e0 ce que le sulfate de cuivre soit compl\u00e8tement dissous. L'eau aura une couleur bleue, typique du sulfate de cuivre.<\/p>\n\n\n\n<h3 class=\"wp-block-heading\"><strong>Recommandations pour l'application<\/strong><\/h3>\n\n\n\n<p>Le sulfate de cuivre doit \u00eatre appliqu\u00e9 en dispersant de tr\u00e8s fines gouttelettes avec un arroseur (manuel ou automatique). Il doit \u00eatre appliqu\u00e9 \u00e0 la fois sur la partie sup\u00e9rieure et inf\u00e9rieure des feuilles. Dans les cultures, il est conseill\u00e9 de faire deux applications par semaine en p\u00e9riode de basses temp\u00e9ratures et de forte humidit\u00e9 (hiver), car c'est dans ces conditions que les conditions sont favorables au d\u00e9veloppement des champignons mentionn\u00e9s ci-dessus.<\/p>\n\n\n\n<p><strong>Application dans les plants de laitue<\/strong><\/p>\n\n\n\n<p>Il n'y a pas de probl\u00e8mes de toxicit\u00e9 sur les plantes, c'est-\u00e0-dire qu'il ne provoque pas le fl\u00e9trissement ou la mort de la culture, sauf si la dose recommand\u00e9e est d\u00e9pass\u00e9e ou si les temp\u00e9ratures ambiantes sont \u00e9lev\u00e9es.<\/p>\n\n\n\n<p>Le sulfate de cuivre est parfois utilis\u00e9 dans le <a href=\"https:\/\/www.alquera.com\/fr\/sulfato-de-cobre\/caldo-bordeles-agricultura\/\">Bouillon Bordeles<\/a> pour une utilisation en tant que fongicide.<\/p>\n\n\n\n<p>Le sulfate de cuivre est \u00e9galement utilis\u00e9 comme <a href=\"https:\/\/www.alquera.com\/fr\/sulfato-de-cobre\/piscinas\/\">algaecide dans les piscines<\/a> et comme <a href=\"https:\/\/www.alquera.com\/fr\/sulfato-de-cobre\/alimentacion-animal\/\">compl\u00e9ter l'alimentation des animaux<\/a>.<\/p>\n\n\n\n<h3 class=\"widget-title\">Acheter <\/h3><div><div class=\"woocommerce\"><ul class=\"products columns-4\">\n<li class=\"desktop-align-left tablet-align-left mobile-align-left ast-product-gallery-layout-horizontal-slider ast-magnify-disabled ast-product-single-variable ast-product-tabs-layout-horizontal ast-qv-on-image product type-product post-495 status-publish first instock product_cat-productos-experimentos product_cat-productos has-post-thumbnail taxable shipping-taxable purchasable product-type-variable has-default-attributes\">\n\t<a href=\"https:\/\/www.alquera.com\/fr\/permanganato-de-potasio\/\" class=\"woocommerce-LoopProduct-link woocommerce-loop-product__link\"><img loading=\"lazy\" decoding=\"async\" width=\"300\" height=\"300\" src=\"https:\/\/www.alquera.com\/wp-content\/uploads\/2016\/01\/permanganato-200g-foto-nueva-300x300.png\" class=\"attachment-woocommerce_thumbnail size-woocommerce_thumbnail\" alt=\"permanganato 200g\" srcset=\"https:\/\/www.alquera.com\/wp-content\/uploads\/2016\/01\/permanganato-200g-foto-nueva-300x300.png 300w, https:\/\/www.alquera.com\/wp-content\/uploads\/2016\/01\/permanganato-200g-foto-nueva-150x150.png 150w, https:\/\/www.alquera.com\/wp-content\/uploads\/2016\/01\/permanganato-200g-foto-nueva-12x12.png 12w, https:\/\/www.alquera.com\/wp-content\/uploads\/2016\/01\/permanganato-200g-foto-nueva-100x100.png 100w\" sizes=\"auto, (max-width: 300px) 100vw, 300px\" \/><h2 class=\"woocommerce-loop-product__title\">Permanganate de Potassium<\/h2><div class=\"review-rating\"><div class=\"star-rating\"><span style=\"width:100%\" data-no-translation=\"\" data-trp-gettext=\"\">Note <strong class=\"rating\">5.00<\/strong> sur 5<\/span><\/div><\/div>\n<\/a><a href=\"https:\/\/www.alquera.com\/fr\/permanganato-de-potasio\/\" aria-describedby=\"woocommerce_loop_add_to_cart_link_describedby_495\" data-quantity=\"1\" class=\"button product_type_variable add_to_cart_button\" data-product_id=\"495\" data-product_sku=\"AL100111\" aria-label=\"S\u00e9lectionner les options pour \u201cPermanganato de Potasio\u201d\" rel=\"nofollow\" data-no-translation=\"\" data-trp-gettext=\"\" data-no-translation-aria-label=\"\">Choix des options<\/a>\t<span id=\"woocommerce_loop_add_to_cart_link_describedby_495\" class=\"screen-reader-text\">\n\t\tCe produit a plusieurs variations. Les options peuvent \u00eatre choisies sur la page du produit\t<\/span>\n<\/li>\n<\/ul>\n<\/div><\/div>\n\n\n\n<p class=\"widget-title\">Lire la suite<\/p><a href=\"https:\/\/www.alquera.com\/fr\/sulfato-de-cobre\/\">Sulfate de Cuivre en Poudre<\/a>\n<!-- Page-list plugin v.5.9 wordpress.org\/plugins\/page-list\/ -->\n<ul class=\"page-list siblings-page-list\">\n<li class=\"page_item page-item-9998 menu-item\"><a href=\"https:\/\/www.alquera.com\/fr\/sulfato-de-cobre\/caldo-bordeles-agricultura\/\" class=\"menu-link\">Bouillie Bordelaise<\/a><\/li>\n<li class=\"page_item page-item-9989 menu-item\"><a href=\"https:\/\/www.alquera.com\/fr\/sulfato-de-cobre\/alimentacion-animal\/\" class=\"menu-link\">Sulfate de cuivre Alimentation animale<\/a><\/li>\n<li class=\"page_item page-item-331 menu-item\"><a href=\"https:\/\/www.alquera.com\/fr\/sulfato-de-cobre\/fungicida\/\" class=\"menu-link\">Fongicide au sulfate de cuivre<\/a><\/li>\n<li class=\"page_item page-item-9992 menu-item\"><a href=\"https:\/\/www.alquera.com\/fr\/sulfato-de-cobre\/piscinas\/\" class=\"menu-link\">Piscines au sulfate de cuivre<\/a><\/li>\n<li class=\"page_item page-item-324 menu-item\"><a href=\"https:\/\/www.alquera.com\/fr\/sulfato-de-cobre\/usos\/\" class=\"menu-link\">Utilisations du sulfate de cuivre<\/a><\/li>\n\n<\/ul>","protected":false},"excerpt":{"rendered":"<p>El Sulfato de Cobre&nbsp;fungicida es utilizado en la agricultura ecol\u00f3gica gracias a su acci\u00f3n desinfectante (elimina microorganismos), ya que&nbsp;previene y cura el desarrollo de cierto grupo de hongos que atacan a las plantas y puede causar su muerte o p\u00e9rdida de la cosecha. Hongos sobre los que act\u00faa el Sulfato de Cobre Fungicida Como fungicida [&hellip;]<\/p>\n","protected":false},"author":1,"featured_media":0,"parent":32602,"menu_order":0,"comment_status":"open","ping_status":"closed","template":"","meta":{"_acf_changed":false,"site-sidebar-layout":"left-sidebar","site-content-layout":"default","ast-site-content-layout":"default","site-content-style":"default","site-sidebar-style":"default","ast-global-header-display":"","ast-banner-title-visibility":"","ast-main-header-display":"","ast-hfb-above-header-display":"","ast-hfb-below-header-display":"","ast-hfb-mobile-header-display":"","site-post-title":"","ast-breadcrumbs-content":"","ast-featured-img":"","footer-sml-layout":"","ast-disable-related-posts":"","theme-transparent-header-meta":"default","adv-header-id-meta":"","stick-header-meta":"default","header-above-stick-meta":"","header-main-stick-meta":"","header-below-stick-meta":"","astra-migrate-meta-layouts":"default","ast-page-background-enabled":"default","ast-page-background-meta":{"desktop":{"background-color":"var(--ast-global-color-4)","background-image":"","background-repeat":"repeat","background-position":"center center","background-size":"auto","background-attachment":"scroll","background-type":"","background-media":"","overlay-type":"","overlay-color":"","overlay-opacity":"","overlay-gradient":""},"tablet":{"background-color":"","background-image":"","background-repeat":"repeat","background-position":"center center","background-size":"auto","background-attachment":"scroll","background-type":"","background-media":"","overlay-type":"","overlay-color":"","overlay-opacity":"","overlay-gradient":""},"mobile":{"background-color":"","background-image":"","background-repeat":"repeat","background-position":"center center","background-size":"auto","background-attachment":"scroll","background-type":"","background-media":"","overlay-type":"","overlay-color":"","overlay-opacity":"","overlay-gradient":""}},"ast-content-background-meta":{"desktop":{"background-color":"var(--ast-global-color-5)","background-image":"","background-repeat":"repeat","background-position":"center center","background-size":"auto","background-attachment":"scroll","background-type":"","background-media":"","overlay-type":"","overlay-color":"","overlay-opacity":"","overlay-gradient":""},"tablet":{"background-color":"var(--ast-global-color-5)","background-image":"","background-repeat":"repeat","background-position":"center center","background-size":"auto","background-attachment":"scroll","background-type":"","background-media":"","overlay-type":"","overlay-color":"","overlay-opacity":"","overlay-gradient":""},"mobile":{"background-color":"var(--ast-global-color-5)","background-image":"","background-repeat":"repeat","background-position":"center center","background-size":"auto","background-attachment":"scroll","background-type":"","background-media":"","overlay-type":"","overlay-color":"","overlay-opacity":"","overlay-gradient":""}},"footnotes":""},"class_list":["post-331","page","type-page","status-publish","hentry"],"acf":[],"yoast_head":"<!-- This site is optimized with the Yoast SEO Premium plugin v27.1 (Yoast SEO v27.1.1) - https:\/\/yoast.com\/product\/yoast-seo-premium-wordpress\/ -->\n<title>Sulfato de Cobre Fungicida - Alquera.com<\/title>\n<meta name=\"robots\" content=\"index, follow, max-snippet:-1, max-image-preview:large, max-video-preview:-1\" \/>\n<link rel=\"canonical\" href=\"https:\/\/www.alquera.com\/fr\/sulfato-de-cobre\/fungicida\/\" \/>\n<meta property=\"og:locale\" content=\"fr_FR\" \/>\n<meta property=\"og:type\" content=\"article\" \/>\n<meta property=\"og:title\" content=\"Sulfato de Cobre Fungicida\" \/>\n<meta property=\"og:description\" content=\"El Sulfato de Cobre&nbsp;fungicida es utilizado en la agricultura ecol\u00f3gica gracias a su acci\u00f3n desinfectante (elimina microorganismos), ya que&nbsp;previene y cura el desarrollo de cierto grupo de hongos que atacan a las plantas y puede causar su muerte o p\u00e9rdida de la cosecha. Hongos sobre los que act\u00faa el Sulfato de Cobre Fungicida Como fungicida [&hellip;]\" \/>\n<meta property=\"og:url\" content=\"https:\/\/www.alquera.com\/fr\/sulfato-de-cobre\/fungicida\/\" \/>\n<meta property=\"og:site_name\" content=\"Alquera.com\" \/>\n<meta property=\"article:publisher\" content=\"https:\/\/www.facebook.com\/alqueraciencia\" \/>\n<meta property=\"article:modified_time\" content=\"2021-09-20T12:05:05+00:00\" \/>\n<meta property=\"og:image\" content=\"https:\/\/www.alquera.com\/wp-content\/uploads\/2020\/12\/fresas_mohogris-300x226.png\" \/>\n<meta name=\"twitter:card\" content=\"summary_large_image\" \/>\n<meta name=\"twitter:label1\" content=\"Dur\u00e9e de lecture estim\u00e9e\" \/>\n\t<meta name=\"twitter:data1\" content=\"3 minutes\" \/>\n<script type=\"application\/ld+json\" class=\"yoast-schema-graph\">{\"@context\":\"https:\/\/schema.org\",\"@graph\":[{\"@type\":\"WebPage\",\"@id\":\"https:\/\/www.alquera.com\/sulfato-de-cobre\/fungicida\/\",\"url\":\"https:\/\/www.alquera.com\/sulfato-de-cobre\/fungicida\/\",\"name\":\"Sulfato de Cobre Fungicida - Alquera.com\",\"isPartOf\":{\"@id\":\"https:\/\/www.alquera.com\/en\/#website\"},\"primaryImageOfPage\":{\"@id\":\"https:\/\/www.alquera.com\/sulfato-de-cobre\/fungicida\/#primaryimage\"},\"image\":{\"@id\":\"https:\/\/www.alquera.com\/sulfato-de-cobre\/fungicida\/#primaryimage\"},\"thumbnailUrl\":\"https:\/\/www.alquera.com\/wp-content\/uploads\/2020\/12\/fresas_mohogris-300x226.png\",\"datePublished\":\"2020-09-24T13:33:10+00:00\",\"dateModified\":\"2021-09-20T12:05:05+00:00\",\"breadcrumb\":{\"@id\":\"https:\/\/www.alquera.com\/sulfato-de-cobre\/fungicida\/#breadcrumb\"},\"inLanguage\":\"fr-FR\",\"potentialAction\":[{\"@type\":\"ReadAction\",\"target\":[\"https:\/\/www.alquera.com\/sulfato-de-cobre\/fungicida\/\"]}]},{\"@type\":\"ImageObject\",\"inLanguage\":\"fr-FR\",\"@id\":\"https:\/\/www.alquera.com\/sulfato-de-cobre\/fungicida\/#primaryimage\",\"url\":\"https:\/\/www.alquera.com\/wp-content\/uploads\/2020\/12\/fresas_mohogris-300x226.png\",\"contentUrl\":\"https:\/\/www.alquera.com\/wp-content\/uploads\/2020\/12\/fresas_mohogris-300x226.png\"},{\"@type\":\"BreadcrumbList\",\"@id\":\"https:\/\/www.alquera.com\/sulfato-de-cobre\/fungicida\/#breadcrumb\",\"itemListElement\":[{\"@type\":\"ListItem\",\"position\":1,\"name\":\"Inicio\",\"item\":\"https:\/\/www.alquera.com\/\"},{\"@type\":\"ListItem\",\"position\":2,\"name\":\"Sulfato de Cobre\",\"item\":\"https:\/\/www.alquera.com\/sulfato-de-cobre\/\"},{\"@type\":\"ListItem\",\"position\":3,\"name\":\"Sulfato de Cobre Fungicida\"}]},{\"@type\":\"WebSite\",\"@id\":\"https:\/\/www.alquera.com\/en\/#website\",\"url\":\"https:\/\/www.alquera.com\/en\/\",\"name\":\"Alquera.com\",\"description\":\"Tienda Online Productos Qu\u00edmicos y Material de Laboratorio\",\"publisher\":{\"@id\":\"https:\/\/www.alquera.com\/en\/#organization\"},\"potentialAction\":[{\"@type\":\"SearchAction\",\"target\":{\"@type\":\"EntryPoint\",\"urlTemplate\":\"https:\/\/www.alquera.com\/en\/?s={search_term_string}\"},\"query-input\":{\"@type\":\"PropertyValueSpecification\",\"valueRequired\":true,\"valueName\":\"search_term_string\"}}],\"inLanguage\":\"fr-FR\"},{\"@type\":\"Organization\",\"@id\":\"https:\/\/www.alquera.com\/en\/#organization\",\"name\":\"ALQUERA CIENCIA SL\",\"url\":\"https:\/\/www.alquera.com\/en\/\",\"logo\":{\"@type\":\"ImageObject\",\"inLanguage\":\"fr-FR\",\"@id\":\"https:\/\/www.alquera.com\/en\/#\/schema\/logo\/image\/\",\"url\":\"https:\/\/www.alquera.com\/wp-content\/uploads\/2020\/11\/logo_300_ancho.png\",\"contentUrl\":\"https:\/\/www.alquera.com\/wp-content\/uploads\/2020\/11\/logo_300_ancho.png\",\"width\":300,\"height\":86,\"caption\":\"ALQUERA CIENCIA SL\"},\"image\":{\"@id\":\"https:\/\/www.alquera.com\/en\/#\/schema\/logo\/image\/\"},\"sameAs\":[\"https:\/\/www.facebook.com\/alqueraciencia\",\"https:\/\/www.instagram.com\/alquera_ciencia\/\",\"https:\/\/www.youtube.com\/c\/alquera\"]}]}<\/script>\n<!-- \/ Yoast SEO Premium plugin. -->","yoast_head_json":{"title":"Fongicide \u00e0 base de sulfate de cuivre - Alquera.com","robots":{"index":"index","follow":"follow","max-snippet":"max-snippet:-1","max-image-preview":"max-image-preview:large","max-video-preview":"max-video-preview:-1"},"canonical":"https:\/\/www.alquera.com\/fr\/sulfato-de-cobre\/fungicida\/","og_locale":"fr_FR","og_type":"article","og_title":"Sulfato de Cobre Fungicida","og_description":"El Sulfato de Cobre&nbsp;fungicida es utilizado en la agricultura ecol\u00f3gica gracias a su acci\u00f3n desinfectante (elimina microorganismos), ya que&nbsp;previene y cura el desarrollo de cierto grupo de hongos que atacan a las plantas y puede causar su muerte o p\u00e9rdida de la cosecha. Hongos sobre los que act\u00faa el Sulfato de Cobre Fungicida Como fungicida [&hellip;]","og_url":"https:\/\/www.alquera.com\/fr\/sulfato-de-cobre\/fungicida\/","og_site_name":"Alquera.com","article_publisher":"https:\/\/www.facebook.com\/alqueraciencia","article_modified_time":"2021-09-20T12:05:05+00:00","og_image":[{"url":"https:\/\/www.alquera.com\/wp-content\/uploads\/2020\/12\/fresas_mohogris-300x226.png","type":"","width":"","height":""}],"twitter_card":"summary_large_image","twitter_misc":{"Dur\u00e9e de lecture estim\u00e9e":"3 minutes"},"schema":{"@context":"https:\/\/schema.org","@graph":[{"@type":"WebPage","@id":"https:\/\/www.alquera.com\/sulfato-de-cobre\/fungicida\/","url":"https:\/\/www.alquera.com\/sulfato-de-cobre\/fungicida\/","name":"Fongicide \u00e0 base de sulfate de cuivre - Alquera.com","isPartOf":{"@id":"https:\/\/www.alquera.com\/en\/#website"},"primaryImageOfPage":{"@id":"https:\/\/www.alquera.com\/sulfato-de-cobre\/fungicida\/#primaryimage"},"image":{"@id":"https:\/\/www.alquera.com\/sulfato-de-cobre\/fungicida\/#primaryimage"},"thumbnailUrl":"https:\/\/www.alquera.com\/wp-content\/uploads\/2020\/12\/fresas_mohogris-300x226.png","datePublished":"2020-09-24T13:33:10+00:00","dateModified":"2021-09-20T12:05:05+00:00","breadcrumb":{"@id":"https:\/\/www.alquera.com\/sulfato-de-cobre\/fungicida\/#breadcrumb"},"inLanguage":"fr-FR","potentialAction":[{"@type":"ReadAction","target":["https:\/\/www.alquera.com\/sulfato-de-cobre\/fungicida\/"]}]},{"@type":"ImageObject","inLanguage":"fr-FR","@id":"https:\/\/www.alquera.com\/sulfato-de-cobre\/fungicida\/#primaryimage","url":"https:\/\/www.alquera.com\/wp-content\/uploads\/2020\/12\/fresas_mohogris-300x226.png","contentUrl":"https:\/\/www.alquera.com\/wp-content\/uploads\/2020\/12\/fresas_mohogris-300x226.png"},{"@type":"BreadcrumbList","@id":"https:\/\/www.alquera.com\/sulfato-de-cobre\/fungicida\/#breadcrumb","itemListElement":[{"@type":"ListItem","position":1,"name":"Inicio","item":"https:\/\/www.alquera.com\/"},{"@type":"ListItem","position":2,"name":"Sulfato de Cobre","item":"https:\/\/www.alquera.com\/sulfato-de-cobre\/"},{"@type":"ListItem","position":3,"name":"Sulfato de Cobre Fungicida"}]},{"@type":"WebSite","@id":"https:\/\/www.alquera.com\/en\/#website","url":"https:\/\/www.alquera.com\/en\/","name":"Alquera.com","description":"Boutique en ligne Produits chimiques et \u00e9quipements de laboratoire","publisher":{"@id":"https:\/\/www.alquera.com\/en\/#organization"},"potentialAction":[{"@type":"SearchAction","target":{"@type":"EntryPoint","urlTemplate":"https:\/\/www.alquera.com\/en\/?s={search_term_string}"},"query-input":{"@type":"PropertyValueSpecification","valueRequired":true,"valueName":"search_term_string"}}],"inLanguage":"fr-FR"},{"@type":"Organization","@id":"https:\/\/www.alquera.com\/en\/#organization","name":"ALQUERA CIENCIA SL","url":"https:\/\/www.alquera.com\/en\/","logo":{"@type":"ImageObject","inLanguage":"fr-FR","@id":"https:\/\/www.alquera.com\/en\/#\/schema\/logo\/image\/","url":"https:\/\/www.alquera.com\/wp-content\/uploads\/2020\/11\/logo_300_ancho.png","contentUrl":"https:\/\/www.alquera.com\/wp-content\/uploads\/2020\/11\/logo_300_ancho.png","width":300,"height":86,"caption":"ALQUERA CIENCIA SL"},"image":{"@id":"https:\/\/www.alquera.com\/en\/#\/schema\/logo\/image\/"},"sameAs":["https:\/\/www.facebook.com\/alqueraciencia","https:\/\/www.instagram.com\/alquera_ciencia\/","https:\/\/www.youtube.com\/c\/alquera"]}]}},"_links":{"self":[{"href":"https:\/\/www.alquera.com\/fr\/wp-json\/wp\/v2\/pages\/331","targetHints":{"allow":["GET"]}}],"collection":[{"href":"https:\/\/www.alquera.com\/fr\/wp-json\/wp\/v2\/pages"}],"about":[{"href":"https:\/\/www.alquera.com\/fr\/wp-json\/wp\/v2\/types\/page"}],"author":[{"embeddable":true,"href":"https:\/\/www.alquera.com\/fr\/wp-json\/wp\/v2\/users\/1"}],"replies":[{"embeddable":true,"href":"https:\/\/www.alquera.com\/fr\/wp-json\/wp\/v2\/comments?post=331"}],"version-history":[{"count":15,"href":"https:\/\/www.alquera.com\/fr\/wp-json\/wp\/v2\/pages\/331\/revisions"}],"predecessor-version":[{"id":35144,"href":"https:\/\/www.alquera.com\/fr\/wp-json\/wp\/v2\/pages\/331\/revisions\/35144"}],"up":[{"embeddable":true,"href":"https:\/\/www.alquera.com\/fr\/wp-json\/wp\/v2\/pages\/32602"}],"wp:attachment":[{"href":"https:\/\/www.alquera.com\/fr\/wp-json\/wp\/v2\/media?parent=331"}],"curies":[{"name":"wp","href":"https:\/\/api.w.org\/{rel}","templated":true}]}}