{"id":33262,"date":"2021-03-16T11:50:43","date_gmt":"2021-03-16T11:50:43","guid":{"rendered":"https:\/\/www.alquera.com\/?page_id=33262"},"modified":"2021-09-12T13:55:37","modified_gmt":"2021-09-12T13:55:37","slug":"piscinas","status":"publish","type":"page","link":"https:\/\/www.alquera.com\/fr\/sulfato-de-aluminio\/piscinas\/","title":{"rendered":"Le sulfate d'aluminium dans les piscines"},"content":{"rendered":"<p>Le <a href=\"https:\/\/www.alquera.com\/fr\/sulfato-de-aluminio\/\">Sulfate d'Aluminium<\/a>est un produit chimique dont la formule est Al2(SO4)3. Il se pr\u00e9sente sous la forme d'une poudre granuleuse blanche. L'un de ses principaux usages est de servir de <strong>floculant<\/strong> dans le traitement des algues dans les piscines. Un floculant est un produit qui attire les particules en suspension dans l'eau et les pr\u00e9cipite, permettant ainsi leur \u00e9limination par aspiration, filtration ou balayage.<\/p>\n<p><a href=\"https:\/\/www.alquera.com\/fr\/sulfato-de-aluminio\/piscinas\/untitled-design-4\/\" rel=\"attachment wp-att-33290\"><img loading=\"lazy\" decoding=\"async\" class=\"size-medium wp-image-33290 aligncenter\" src=\"https:\/\/www.alquera.com\/wp-content\/uploads\/2021\/03\/Untitled-design-4-300x300.png\" alt=\"\" width=\"300\" height=\"300\" srcset=\"https:\/\/www.alquera.com\/wp-content\/uploads\/2021\/03\/Untitled-design-4-300x300.png 300w, https:\/\/www.alquera.com\/wp-content\/uploads\/2021\/03\/Untitled-design-4-150x150.png 150w, https:\/\/www.alquera.com\/wp-content\/uploads\/2021\/03\/Untitled-design-4-768x768.png 768w, https:\/\/www.alquera.com\/wp-content\/uploads\/2021\/03\/Untitled-design-4-600x600.png 600w, https:\/\/www.alquera.com\/wp-content\/uploads\/2021\/03\/Untitled-design-4-100x100.png 100w, https:\/\/www.alquera.com\/wp-content\/uploads\/2021\/03\/Untitled-design-4.png 800w\" sizes=\"auto, (max-width: 300px) 100vw, 300px\" \/><\/a><\/p>\n<h2>PROCESSUS D'\u00c9LIMINATION DES PARTICULES DANS L'EAU<\/h2>\n<p>Tant pour la pr\u00e9paration de la piscine en \u00e9t\u00e9 que pour l'entretien quotidien de la piscine, il est n\u00e9cessaire d'\u00e9liminer les algues, les micro-organismes et les impuret\u00e9s qui sont g\u00e9n\u00e9r\u00e9s dans l'eau de la piscine. Celles-ci se manifestent notamment lorsque la piscine prend une couleur verte, caract\u00e9ristique d'une multiplication des algues dans la piscine.<\/p>\n<h2>\u00c9LIMINATION DES ALGUES EN CAS D'EAU VERTE<\/h2>\n<p><a href=\"https:\/\/www.alquera.com\/fr\/sulfato-de-cobre\/piscinas\/piscina-agua-algas\/\" rel=\"attachment wp-att-33242\"><img loading=\"lazy\" decoding=\"async\" class=\"aligncenter wp-image-33242 size-full\" src=\"https:\/\/www.alquera.com\/wp-content\/uploads\/2021\/03\/piscina-agua-ALGAS.png\" alt=\"Piscina con algas\" width=\"600\" height=\"300\" srcset=\"https:\/\/www.alquera.com\/wp-content\/uploads\/2021\/03\/piscina-agua-ALGAS.png 600w, https:\/\/www.alquera.com\/wp-content\/uploads\/2021\/03\/piscina-agua-ALGAS-300x150.png 300w\" sizes=\"auto, (max-width: 600px) 100vw, 600px\" \/><\/a><\/p>\n<p>Si l'eau est verte, cela signifie qu'il y a des algues et des micro-organismes dans l'eau. L'\u00e9limination des algues et des micro-organismes est assur\u00e9e par un syst\u00e8me de traitement des eaux us\u00e9es. <strong>biocide<\/strong>qui tuerait litt\u00e9ralement ces micro-organismes et une <strong>floculant<\/strong> ce qui permet de les pr\u00e9cipiter et de les \u00e9liminer facilement. L'un des biocides les plus couramment utilis\u00e9s est <a href=\"https:\/\/www.alquera.com\/fr\/sulfato-de-cobre\/\">sulfate de cuivre pentahydrat\u00e9<\/a>. Dans cette section, vous pouvez voir comment appliquer <a href=\"https:\/\/www.alquera.com\/fr\/sulfato-de-cobre\/piscinas\/\">le sulfate de cuivre dans les piscines<\/a>Nous les avons r\u00e9sum\u00e9s pour vous ici :<\/p>\n<ul>\n<li>Distribuez le sulfate de cuivre en fonction de la\u00a0<a href=\"https:\/\/www.alquera.com\/fr\/sulfato-de-cobre\/piscinas\/\">dose ad\u00e9quate<\/a>\u00a0(le dosage du sulfate de cuivre est : 10 grammes par m3 d'eau)<\/li>\n<li>Faites circuler l'eau pendant 1 \u00e0 2 heures, puis laissez-la reposer pendant plusieurs heures.<\/li>\n<li>Le lendemain, ajoutez <a href=\"https:\/\/www.alquera.com\/fr\/sulfato-de-aluminio\/\">sulfate d'aluminium<\/a> qui agira comme un floculant. Le sulfate d'aluminium va attirer les particules solides \u00e0 l'origine de la turbidit\u00e9 de l'eau et elles vont pr\u00e9cipiter au fond de la piscine.<\/li>\n<li>L'\u00a0<strong>Dosage du sulfate d'aluminium<\/strong>\u00a0dans l'eau est de 10 grammes par m3 d'eau. Il doit \u00eatre dilu\u00e9 dans l'eau avant d'\u00eatre vers\u00e9 dans la piscine et bien dissous. Vu la taille des piscines, avec des centaines de m3 d'eau, le sulfate d'aluminium dissous sera vers\u00e9 tout autour de la piscine.<\/li>\n<li>Laisser reposer et agir pendant au moins 2 heures.<\/li>\n<li>Nettoyez les impuret\u00e9s qui se sont d\u00e9pos\u00e9es au fond de la piscine avec un aspirateur de piscine.<\/li>\n<li>Faites recirculer l'eau de la piscine.<\/li>\n<li>Mesurez le pH de l'eau et le niveau de chlore, et v\u00e9rifiez que toutes les valeurs sont correctes.<\/li>\n<\/ul>\n<h2><span id=\"Agua_TurbiaAmarilla_o_Ennegrecida\">EAU TROUBLE\/NOIRE<\/span><\/h2>\n<p><a href=\"https:\/\/www.alquera.com\/fr\/sulfato-de-aluminio\/piscinas\/agua-muy-turbia\/\" rel=\"attachment wp-att-33292\"><img loading=\"lazy\" decoding=\"async\" class=\"aligncenter wp-image-33292 size-full\" src=\"https:\/\/www.alquera.com\/wp-content\/uploads\/2021\/03\/AGUA-MUY-TURBIA.jpg\" alt=\"AGUA MUY TURBIA\" width=\"450\" height=\"350\" srcset=\"https:\/\/www.alquera.com\/wp-content\/uploads\/2021\/03\/AGUA-MUY-TURBIA.jpg 450w, https:\/\/www.alquera.com\/wp-content\/uploads\/2021\/03\/AGUA-MUY-TURBIA-300x233.jpg 300w\" sizes=\"auto, (max-width: 450px) 100vw, 450px\" \/><\/a><\/p>\n<p>Si l'eau est jaun\u00e2tre, noircie, il est possible que la turbidit\u00e9 soit caus\u00e9e par un exc\u00e8s de fer ou de mangan\u00e8se organique. Dans ce cas, avant d'appliquer le floculant, il faut appliquer ce qui suit <strong>d\u00e9sinfectant au chlore.<\/strong><\/p>\n<ul>\n<li>Appliquer 10 gr. par m\u00b3 de chlore granul\u00e9, cette application ne doit \u00eatre faite qu'une seule fois.<\/li>\n<li>Appliquer la circulation d'eau pendant 24 heures.<\/li>\n<li>Arr\u00eater la recirculation<\/li>\n<li>Ajouter 10 gr. par m\u00b3 de sulfate d'aluminium. La fa\u00e7on d'ajouter le sulfate d'aluminium est de le dissoudre dans l'eau au pr\u00e9alable. Il sera appliqu\u00e9 petit \u00e0 petit tout autour de la piscine.<\/li>\n<li>Attendre 2 heures ou plus, en particulier jusqu'\u00e0 ce que les impuret\u00e9s pr\u00e9cipitent au fond.<\/li>\n<li>Nettoyez les impuret\u00e9s du fond avec un aspirateur de piscine.<\/li>\n<li>Activez le filtre et la circulation de l'eau.<\/li>\n<li>Mesurez le pH de l'eau et le niveau de chlore, et v\u00e9rifiez que toutes les valeurs sont correctes.<\/li>\n<\/ul>\n<h2><span id=\"Agua_Turbia\">EAU L\u00c9G\u00c8REMENT TROUBLE<\/span><\/h2>\n<p>Si vous souhaitez uniquement agir contre la turbidit\u00e9 de l'eau de la piscine, n'appliquez le sulfate d'aluminium que directement dans la piscine.<\/p>\n<ul>\n<li>Ajouter 10 gr. par m\u00b3 de sulfate d'aluminium. La fa\u00e7on d'ajouter le sulfate d'aluminium est de le dissoudre dans l'eau au pr\u00e9alable. Il sera appliqu\u00e9 petit \u00e0 petit tout autour de la piscine.<\/li>\n<li>Attendre 2 heures ou plus, en particulier jusqu'\u00e0 ce que les impuret\u00e9s pr\u00e9cipitent au fond.<\/li>\n<li>Nettoyez les impuret\u00e9s du fond avec un aspirateur de piscine.<\/li>\n<li>Activez le filtre et la circulation de l'eau.<\/li>\n<li>Mesurez le pH de l'eau et le niveau de chlore, et v\u00e9rifiez que toutes les valeurs sont correctes.<\/li>\n<\/ul>\n<p>Le sulfate d'aluminium est \u00e9galement utilis\u00e9 pour\u00a0<a href=\"https:\/\/www.alquera.com\/fr\/sulfato-de-aluminio\/potabilizacion-agua\/\">purification de l'eau<\/a>.<\/p>\n<h2>LES SOURCES ET LA DOCUMENTATION APPLICABLE<\/h2>\n<ul>\n<li><a href=\"https:\/\/www.alquera.com\/fr\/sulfato-de-cobre\/piscinas\/ntp_690\/\" rel=\"attachment wp-att-33230\">Guide de bonnes pratiques pour la manipulation des produits chimiques dans les piscines.\u00a0<\/a><\/li>\n<li><a href=\"https:\/\/www.alquera.com\/fr\/sulfato-de-cobre\/piscinas\/boe-a-2013-10580-consolidado\/\" rel=\"attachment wp-att-33231\">D\u00e9cret royal 742\/2013, du 27 septembre, \u00e9tablissant les crit\u00e8res technico-sanitaires des piscines.<\/a><\/li>\n<li><a href=\"http:\/\/www.madrid.org\/cs\/Satellite?blobcol=urldata&amp;blobheader=application%2Fpdf&amp;blobheadername1=Content-Disposition&amp;blobheadervalue1=filename%3D3._MANUAL_PISCINAS_ENCARGADOS_MANTENIMIENTO_2010%5B1%5D.pdf&amp;blobkey=id&amp;blobtable=MungoBlobs&amp;blobwhere=1352885284227&amp;ssbinary=true\">Guide d'entretien des piscines - Communaut\u00e9 de sant\u00e9 de Madrid<\/a>.<\/li>\n<\/ul>\n<h3 class=\"widget-title\">Acheter <\/h3><div><div class=\"woocommerce\"><ul class=\"products columns-4\">\n<li class=\"desktop-align-left tablet-align-left mobile-align-left ast-product-gallery-layout-horizontal-slider ast-magnify-disabled ast-product-single-variable ast-product-tabs-layout-horizontal ast-qv-on-image product type-product post-495 status-publish first instock product_cat-productos-experimentos product_cat-productos has-post-thumbnail taxable shipping-taxable purchasable product-type-variable has-default-attributes\">\n\t<a href=\"https:\/\/www.alquera.com\/fr\/permanganato-de-potasio\/\" class=\"woocommerce-LoopProduct-link woocommerce-loop-product__link\"><img loading=\"lazy\" decoding=\"async\" width=\"300\" height=\"300\" src=\"https:\/\/www.alquera.com\/wp-content\/uploads\/2016\/01\/permanganato-200g-foto-nueva-300x300.png\" class=\"attachment-woocommerce_thumbnail size-woocommerce_thumbnail\" alt=\"permanganato 200g\" srcset=\"https:\/\/www.alquera.com\/wp-content\/uploads\/2016\/01\/permanganato-200g-foto-nueva-300x300.png 300w, https:\/\/www.alquera.com\/wp-content\/uploads\/2016\/01\/permanganato-200g-foto-nueva-150x150.png 150w, https:\/\/www.alquera.com\/wp-content\/uploads\/2016\/01\/permanganato-200g-foto-nueva-12x12.png 12w, https:\/\/www.alquera.com\/wp-content\/uploads\/2016\/01\/permanganato-200g-foto-nueva-100x100.png 100w\" sizes=\"auto, (max-width: 300px) 100vw, 300px\" \/><h2 class=\"woocommerce-loop-product__title\">Permanganate de Potassium<\/h2><div class=\"review-rating\"><div class=\"star-rating\"><span style=\"width:100%\" data-no-translation=\"\" data-trp-gettext=\"\">Note <strong class=\"rating\">5.00<\/strong> sur 5<\/span><\/div><\/div>\n<\/a><a href=\"https:\/\/www.alquera.com\/fr\/permanganato-de-potasio\/\" aria-describedby=\"woocommerce_loop_add_to_cart_link_describedby_495\" data-quantity=\"1\" class=\"button product_type_variable add_to_cart_button\" data-product_id=\"495\" data-product_sku=\"AL100111\" aria-label=\"S\u00e9lectionner les options pour \u201cPermanganato de Potasio\u201d\" rel=\"nofollow\" data-no-translation=\"\" data-trp-gettext=\"\" data-no-translation-aria-label=\"\">Choix des options<\/a>\t<span id=\"woocommerce_loop_add_to_cart_link_describedby_495\" class=\"screen-reader-text\">\n\t\tCe produit a plusieurs variations. Les options peuvent \u00eatre choisies sur la page du produit\t<\/span>\n<\/li>\n<\/ul>\n<\/div><\/div>\n<p class=\"widget-title\">Lire la suite<\/p><a href=\"https:\/\/www.alquera.com\/fr\/sulfato-de-aluminio\/\">Sulfate d'Aluminium<\/a>\n<!-- Page-list plugin v.5.9 wordpress.org\/plugins\/page-list\/ -->\n<ul class=\"page-list siblings-page-list\">\n<li class=\"page_item page-item-33262 menu-item\"><a href=\"https:\/\/www.alquera.com\/fr\/sulfato-de-aluminio\/piscinas\/\" class=\"menu-link\">Le sulfate d'aluminium dans les piscines<\/a><\/li>\n<li class=\"page_item page-item-33267 menu-item\"><a href=\"https:\/\/www.alquera.com\/fr\/sulfato-de-aluminio\/potabilizacion-agua\/\" class=\"menu-link\">Sulfate d'aluminium pour la potabilisation de l'eau<\/a><\/li>\n\n<\/ul>\n<p>&nbsp;<\/p>","protected":false},"excerpt":{"rendered":"<p>El Sulfato de Aluminio, es un producto qu\u00edmico de f\u00f3rmula Al2(SO4)3. Se presenta en forma de polvo granulado de color blanco. Uno de sus usos principales es como floculante en el tratamiento en las piscinas para algas. Un floculante es un producto que atrae part\u00edculas suspendidas en agua y las precipita, posibilitando de esta forma [&hellip;]<\/p>\n","protected":false},"author":1,"featured_media":0,"parent":33260,"menu_order":0,"comment_status":"closed","ping_status":"closed","template":"","meta":{"_acf_changed":false,"site-sidebar-layout":"default","site-content-layout":"","ast-site-content-layout":"default","site-content-style":"default","site-sidebar-style":"default","ast-global-header-display":"","ast-banner-title-visibility":"","ast-main-header-display":"","ast-hfb-above-header-display":"","ast-hfb-below-header-display":"","ast-hfb-mobile-header-display":"","site-post-title":"","ast-breadcrumbs-content":"","ast-featured-img":"","footer-sml-layout":"","ast-disable-related-posts":"","theme-transparent-header-meta":"","adv-header-id-meta":"","stick-header-meta":"","header-above-stick-meta":"","header-main-stick-meta":"","header-below-stick-meta":"","astra-migrate-meta-layouts":"default","ast-page-background-enabled":"default","ast-page-background-meta":{"desktop":{"background-color":"var(--ast-global-color-4)","background-image":"","background-repeat":"repeat","background-position":"center center","background-size":"auto","background-attachment":"scroll","background-type":"","background-media":"","overlay-type":"","overlay-color":"","overlay-opacity":"","overlay-gradient":""},"tablet":{"background-color":"","background-image":"","background-repeat":"repeat","background-position":"center center","background-size":"auto","background-attachment":"scroll","background-type":"","background-media":"","overlay-type":"","overlay-color":"","overlay-opacity":"","overlay-gradient":""},"mobile":{"background-color":"","background-image":"","background-repeat":"repeat","background-position":"center center","background-size":"auto","background-attachment":"scroll","background-type":"","background-media":"","overlay-type":"","overlay-color":"","overlay-opacity":"","overlay-gradient":""}},"ast-content-background-meta":{"desktop":{"background-color":"var(--ast-global-color-5)","background-image":"","background-repeat":"repeat","background-position":"center center","background-size":"auto","background-attachment":"scroll","background-type":"","background-media":"","overlay-type":"","overlay-color":"","overlay-opacity":"","overlay-gradient":""},"tablet":{"background-color":"var(--ast-global-color-5)","background-image":"","background-repeat":"repeat","background-position":"center center","background-size":"auto","background-attachment":"scroll","background-type":"","background-media":"","overlay-type":"","overlay-color":"","overlay-opacity":"","overlay-gradient":""},"mobile":{"background-color":"var(--ast-global-color-5)","background-image":"","background-repeat":"repeat","background-position":"center center","background-size":"auto","background-attachment":"scroll","background-type":"","background-media":"","overlay-type":"","overlay-color":"","overlay-opacity":"","overlay-gradient":""}},"footnotes":""},"class_list":["post-33262","page","type-page","status-publish","hentry"],"acf":[],"yoast_head":"<!-- This site is optimized with the Yoast SEO Premium plugin v27.1 (Yoast SEO v27.1.1) - https:\/\/yoast.com\/product\/yoast-seo-premium-wordpress\/ -->\n<title>Sulfato de Aluminio en Piscinas - Alquera.com<\/title>\n<meta name=\"robots\" content=\"index, follow, max-snippet:-1, max-image-preview:large, max-video-preview:-1\" \/>\n<link rel=\"canonical\" href=\"https:\/\/www.alquera.com\/fr\/sulfato-de-aluminio\/piscinas\/\" \/>\n<meta property=\"og:locale\" content=\"fr_FR\" \/>\n<meta property=\"og:type\" content=\"article\" \/>\n<meta property=\"og:title\" content=\"Sulfato de Aluminio en Piscinas\" \/>\n<meta property=\"og:description\" content=\"El Sulfato de Aluminio, es un producto qu\u00edmico de f\u00f3rmula Al2(SO4)3. Se presenta en forma de polvo granulado de color blanco. Uno de sus usos principales es como floculante en el tratamiento en las piscinas para algas. Un floculante es un producto que atrae part\u00edculas suspendidas en agua y las precipita, posibilitando de esta forma [&hellip;]\" \/>\n<meta property=\"og:url\" content=\"https:\/\/www.alquera.com\/fr\/sulfato-de-aluminio\/piscinas\/\" \/>\n<meta property=\"og:site_name\" content=\"Alquera.com\" \/>\n<meta property=\"article:publisher\" content=\"https:\/\/www.facebook.com\/alqueraciencia\" \/>\n<meta property=\"article:modified_time\" content=\"2021-09-12T13:55:37+00:00\" \/>\n<meta property=\"og:image\" content=\"https:\/\/www.alquera.com\/wp-content\/uploads\/2021\/03\/Untitled-design-4-300x300.png\" \/>\n<meta name=\"twitter:card\" content=\"summary_large_image\" \/>\n<meta name=\"twitter:label1\" content=\"Dur\u00e9e de lecture estim\u00e9e\" \/>\n\t<meta name=\"twitter:data1\" content=\"4 minutes\" \/>\n<script type=\"application\/ld+json\" class=\"yoast-schema-graph\">{\"@context\":\"https:\/\/schema.org\",\"@graph\":[{\"@type\":\"WebPage\",\"@id\":\"https:\/\/www.alquera.com\/sulfato-de-aluminio\/piscinas\/\",\"url\":\"https:\/\/www.alquera.com\/sulfato-de-aluminio\/piscinas\/\",\"name\":\"Sulfato de Aluminio en Piscinas - Alquera.com\",\"isPartOf\":{\"@id\":\"https:\/\/www.alquera.com\/en\/#website\"},\"primaryImageOfPage\":{\"@id\":\"https:\/\/www.alquera.com\/sulfato-de-aluminio\/piscinas\/#primaryimage\"},\"image\":{\"@id\":\"https:\/\/www.alquera.com\/sulfato-de-aluminio\/piscinas\/#primaryimage\"},\"thumbnailUrl\":\"https:\/\/www.alquera.com\/wp-content\/uploads\/2021\/03\/Untitled-design-4-300x300.png\",\"datePublished\":\"2021-03-16T11:50:43+00:00\",\"dateModified\":\"2021-09-12T13:55:37+00:00\",\"breadcrumb\":{\"@id\":\"https:\/\/www.alquera.com\/sulfato-de-aluminio\/piscinas\/#breadcrumb\"},\"inLanguage\":\"fr-FR\",\"potentialAction\":[{\"@type\":\"ReadAction\",\"target\":[\"https:\/\/www.alquera.com\/sulfato-de-aluminio\/piscinas\/\"]}]},{\"@type\":\"ImageObject\",\"inLanguage\":\"fr-FR\",\"@id\":\"https:\/\/www.alquera.com\/sulfato-de-aluminio\/piscinas\/#primaryimage\",\"url\":\"https:\/\/www.alquera.com\/wp-content\/uploads\/2021\/03\/Untitled-design-4-300x300.png\",\"contentUrl\":\"https:\/\/www.alquera.com\/wp-content\/uploads\/2021\/03\/Untitled-design-4-300x300.png\"},{\"@type\":\"BreadcrumbList\",\"@id\":\"https:\/\/www.alquera.com\/sulfato-de-aluminio\/piscinas\/#breadcrumb\",\"itemListElement\":[{\"@type\":\"ListItem\",\"position\":1,\"name\":\"Inicio\",\"item\":\"https:\/\/www.alquera.com\/\"},{\"@type\":\"ListItem\",\"position\":2,\"name\":\"Sulfato de Aluminio\",\"item\":\"https:\/\/www.alquera.com\/sulfato-de-aluminio\/\"},{\"@type\":\"ListItem\",\"position\":3,\"name\":\"Sulfato de Aluminio en Piscinas\"}]},{\"@type\":\"WebSite\",\"@id\":\"https:\/\/www.alquera.com\/en\/#website\",\"url\":\"https:\/\/www.alquera.com\/en\/\",\"name\":\"Alquera.com\",\"description\":\"Tienda Online Productos Qu\u00edmicos y Material de Laboratorio\",\"publisher\":{\"@id\":\"https:\/\/www.alquera.com\/en\/#organization\"},\"potentialAction\":[{\"@type\":\"SearchAction\",\"target\":{\"@type\":\"EntryPoint\",\"urlTemplate\":\"https:\/\/www.alquera.com\/en\/?s={search_term_string}\"},\"query-input\":{\"@type\":\"PropertyValueSpecification\",\"valueRequired\":true,\"valueName\":\"search_term_string\"}}],\"inLanguage\":\"fr-FR\"},{\"@type\":\"Organization\",\"@id\":\"https:\/\/www.alquera.com\/en\/#organization\",\"name\":\"ALQUERA CIENCIA SL\",\"url\":\"https:\/\/www.alquera.com\/en\/\",\"logo\":{\"@type\":\"ImageObject\",\"inLanguage\":\"fr-FR\",\"@id\":\"https:\/\/www.alquera.com\/en\/#\/schema\/logo\/image\/\",\"url\":\"https:\/\/www.alquera.com\/wp-content\/uploads\/2020\/11\/logo_300_ancho.png\",\"contentUrl\":\"https:\/\/www.alquera.com\/wp-content\/uploads\/2020\/11\/logo_300_ancho.png\",\"width\":300,\"height\":86,\"caption\":\"ALQUERA CIENCIA SL\"},\"image\":{\"@id\":\"https:\/\/www.alquera.com\/en\/#\/schema\/logo\/image\/\"},\"sameAs\":[\"https:\/\/www.facebook.com\/alqueraciencia\",\"https:\/\/www.instagram.com\/alquera_ciencia\/\",\"https:\/\/www.youtube.com\/c\/alquera\"]}]}<\/script>\n<!-- \/ Yoast SEO Premium plugin. -->","yoast_head_json":{"title":"Le sulfate d'aluminium dans les piscines - Alquera.com","robots":{"index":"index","follow":"follow","max-snippet":"max-snippet:-1","max-image-preview":"max-image-preview:large","max-video-preview":"max-video-preview:-1"},"canonical":"https:\/\/www.alquera.com\/fr\/sulfato-de-aluminio\/piscinas\/","og_locale":"fr_FR","og_type":"article","og_title":"Sulfato de Aluminio en Piscinas","og_description":"El Sulfato de Aluminio, es un producto qu\u00edmico de f\u00f3rmula Al2(SO4)3. Se presenta en forma de polvo granulado de color blanco. Uno de sus usos principales es como floculante en el tratamiento en las piscinas para algas. Un floculante es un producto que atrae part\u00edculas suspendidas en agua y las precipita, posibilitando de esta forma [&hellip;]","og_url":"https:\/\/www.alquera.com\/fr\/sulfato-de-aluminio\/piscinas\/","og_site_name":"Alquera.com","article_publisher":"https:\/\/www.facebook.com\/alqueraciencia","article_modified_time":"2021-09-12T13:55:37+00:00","og_image":[{"url":"https:\/\/www.alquera.com\/wp-content\/uploads\/2021\/03\/Untitled-design-4-300x300.png","type":"","width":"","height":""}],"twitter_card":"summary_large_image","twitter_misc":{"Dur\u00e9e de lecture estim\u00e9e":"4 minutes"},"schema":{"@context":"https:\/\/schema.org","@graph":[{"@type":"WebPage","@id":"https:\/\/www.alquera.com\/sulfato-de-aluminio\/piscinas\/","url":"https:\/\/www.alquera.com\/sulfato-de-aluminio\/piscinas\/","name":"Le sulfate d'aluminium dans les piscines - Alquera.com","isPartOf":{"@id":"https:\/\/www.alquera.com\/en\/#website"},"primaryImageOfPage":{"@id":"https:\/\/www.alquera.com\/sulfato-de-aluminio\/piscinas\/#primaryimage"},"image":{"@id":"https:\/\/www.alquera.com\/sulfato-de-aluminio\/piscinas\/#primaryimage"},"thumbnailUrl":"https:\/\/www.alquera.com\/wp-content\/uploads\/2021\/03\/Untitled-design-4-300x300.png","datePublished":"2021-03-16T11:50:43+00:00","dateModified":"2021-09-12T13:55:37+00:00","breadcrumb":{"@id":"https:\/\/www.alquera.com\/sulfato-de-aluminio\/piscinas\/#breadcrumb"},"inLanguage":"fr-FR","potentialAction":[{"@type":"ReadAction","target":["https:\/\/www.alquera.com\/sulfato-de-aluminio\/piscinas\/"]}]},{"@type":"ImageObject","inLanguage":"fr-FR","@id":"https:\/\/www.alquera.com\/sulfato-de-aluminio\/piscinas\/#primaryimage","url":"https:\/\/www.alquera.com\/wp-content\/uploads\/2021\/03\/Untitled-design-4-300x300.png","contentUrl":"https:\/\/www.alquera.com\/wp-content\/uploads\/2021\/03\/Untitled-design-4-300x300.png"},{"@type":"BreadcrumbList","@id":"https:\/\/www.alquera.com\/sulfato-de-aluminio\/piscinas\/#breadcrumb","itemListElement":[{"@type":"ListItem","position":1,"name":"Inicio","item":"https:\/\/www.alquera.com\/"},{"@type":"ListItem","position":2,"name":"Sulfato de Aluminio","item":"https:\/\/www.alquera.com\/sulfato-de-aluminio\/"},{"@type":"ListItem","position":3,"name":"Sulfato de Aluminio en Piscinas"}]},{"@type":"WebSite","@id":"https:\/\/www.alquera.com\/en\/#website","url":"https:\/\/www.alquera.com\/en\/","name":"Alquera.com","description":"Boutique en ligne Produits chimiques et \u00e9quipements de laboratoire","publisher":{"@id":"https:\/\/www.alquera.com\/en\/#organization"},"potentialAction":[{"@type":"SearchAction","target":{"@type":"EntryPoint","urlTemplate":"https:\/\/www.alquera.com\/en\/?s={search_term_string}"},"query-input":{"@type":"PropertyValueSpecification","valueRequired":true,"valueName":"search_term_string"}}],"inLanguage":"fr-FR"},{"@type":"Organization","@id":"https:\/\/www.alquera.com\/en\/#organization","name":"ALQUERA CIENCIA SL","url":"https:\/\/www.alquera.com\/en\/","logo":{"@type":"ImageObject","inLanguage":"fr-FR","@id":"https:\/\/www.alquera.com\/en\/#\/schema\/logo\/image\/","url":"https:\/\/www.alquera.com\/wp-content\/uploads\/2020\/11\/logo_300_ancho.png","contentUrl":"https:\/\/www.alquera.com\/wp-content\/uploads\/2020\/11\/logo_300_ancho.png","width":300,"height":86,"caption":"ALQUERA CIENCIA SL"},"image":{"@id":"https:\/\/www.alquera.com\/en\/#\/schema\/logo\/image\/"},"sameAs":["https:\/\/www.facebook.com\/alqueraciencia","https:\/\/www.instagram.com\/alquera_ciencia\/","https:\/\/www.youtube.com\/c\/alquera"]}]}},"_links":{"self":[{"href":"https:\/\/www.alquera.com\/fr\/wp-json\/wp\/v2\/pages\/33262","targetHints":{"allow":["GET"]}}],"collection":[{"href":"https:\/\/www.alquera.com\/fr\/wp-json\/wp\/v2\/pages"}],"about":[{"href":"https:\/\/www.alquera.com\/fr\/wp-json\/wp\/v2\/types\/page"}],"author":[{"embeddable":true,"href":"https:\/\/www.alquera.com\/fr\/wp-json\/wp\/v2\/users\/1"}],"replies":[{"embeddable":true,"href":"https:\/\/www.alquera.com\/fr\/wp-json\/wp\/v2\/comments?post=33262"}],"version-history":[{"count":9,"href":"https:\/\/www.alquera.com\/fr\/wp-json\/wp\/v2\/pages\/33262\/revisions"}],"predecessor-version":[{"id":33303,"href":"https:\/\/www.alquera.com\/fr\/wp-json\/wp\/v2\/pages\/33262\/revisions\/33303"}],"up":[{"embeddable":true,"href":"https:\/\/www.alquera.com\/fr\/wp-json\/wp\/v2\/pages\/33260"}],"wp:attachment":[{"href":"https:\/\/www.alquera.com\/fr\/wp-json\/wp\/v2\/media?parent=33262"}],"curies":[{"name":"wp","href":"https:\/\/api.w.org\/{rel}","templated":true}]}}