{"id":33280,"date":"2021-03-16T13:28:29","date_gmt":"2021-03-16T13:28:29","guid":{"rendered":"https:\/\/www.alquera.com\/?page_id=33280"},"modified":"2021-09-12T13:44:35","modified_gmt":"2021-09-12T13:44:35","slug":"pulir-suelos","status":"publish","type":"page","link":"https:\/\/www.alquera.com\/fr\/acido-oxalico\/pulir-suelos\/","title":{"rendered":"Polissage des sols \u00e0 l'acide oxalique"},"content":{"rendered":"<p>Les sols en marbre, granit, terrazzo ou toute autre pierre polie conf\u00e8rent une beaut\u00e9 et une \u00e9l\u00e9gance incomparables \u00e0 tout b\u00e2timent. Ce sont des sols tr\u00e8s durables, mais au fil du temps, ils subissent l'usure, les mauvais traitements, les rayures et les taches, qui doivent \u00eatre trait\u00e9es. Il est n\u00e9cessaire d'effectuer un <strong>le polissage de ces sols<\/strong>notamment dans le marbre et le granit.<\/p>\n<p>En raison de la duret\u00e9 de ces mat\u00e9riaux, les processus de polissage sont difficiles, le\u00a0<a href=\"https:\/\/www.alquera.com\/fr\/acido-oxalico\/\">acide oxalique<\/a> vous aidera pour cette t\u00e2che de polissage, \u00e9tant un produit tr\u00e8s \u00e9conomique et facile \u00e0 appliquer. Nous expliquons ici l'utilisation de l'acide oxalique pour le polissage des sols.<\/p>\n<h2><span id=\"PISOS_DE_MARMOL\">SOLS EN MARBRE<\/span><\/h2>\n<p>Le marbre est l'un des mat\u00e9riaux les plus appr\u00e9ci\u00e9s dans la d\u00e9coration d'une maison. Le site\u00a0<strong>marbre<\/strong>\u00a0est tr\u00e8s \u00e9l\u00e9gante et lumineuse. Il convient de noter que, bien que ce soit un excellent mat\u00e9riau, il est \u00e9galement tr\u00e8s poreux. La porosit\u00e9 signifie qu'il est capable d'absorber de nombreuses substances, perdant ainsi sa brillance. Il est donc important de les nettoyer fr\u00e9quemment et d'en prendre soin r\u00e9guli\u00e8rement.<\/p>\n<p>Le marbre ne doit pas \u00eatre nettoy\u00e9 avec un produit abrasif tel que l'eau de Javel, car cela pourrait l'endommager. Et il doit \u00eatre maintenu aussi sec que possible. Apr\u00e8s avoir pass\u00e9 la serpilli\u00e8re, il faut la s\u00e9cher soigneusement pour qu'elle reste s\u00e8che. Une couche de cire doit \u00eatre appliqu\u00e9e pour minimiser la porosit\u00e9. Tous les 4-5 ans, il est recommand\u00e9 de polir le sol en marbre. L'un des produits utilis\u00e9s pour polir les sols en marbre est l'acide oxalique. Dans la section suivante, nous vous expliquons comment polir les sols avec de l'acide oxalique.<\/p>\n<h2><span id=\"COMO_PULIR_PISOS_DE_MARMOL_Y_GRANITO_CON_ACIDO_OXALICO\"><strong>COMMENT POLIR LES SOLS EN MARBRE ET EN GRANIT AVEC DE L'ACIDE OXALIQUE<\/strong><\/span><\/h2>\n<ol>\n<li>Pour le nettoyage d'un\u00a0<strong>sol en marbre avec de l'acide oxalique<\/strong>\u00a0(comme pour tout autre acide), commencez par enlever la graisse, la cire ou toute autre salet\u00e9 du sol. Pour cela, vous pouvez utiliser des produits de nettoyage anti-graisse disponibles dans le commerce. Nettoyez surtout les zones o\u00f9 passent le plus grand nombre de personnes, les bords o\u00f9 s'accumulent la graisse et la salet\u00e9, et sous les meubles qui sont rest\u00e9s longtemps au m\u00eame endroit.<\/li>\n<\/ol>\n<div id=\"attachment_19\" class=\"wp-caption aligncenter\">\n<p class=\"wp-caption-text\"><img loading=\"lazy\" decoding=\"async\" class=\"alignnone size-full wp-image-33318\" src=\"https:\/\/www.alquera.com\/wp-content\/uploads\/2021\/03\/desengrasar.png\" alt=\"limpieza suelos marmol primer paso\" width=\"600\" height=\"286\" srcset=\"https:\/\/www.alquera.com\/wp-content\/uploads\/2021\/03\/desengrasar.png 600w, https:\/\/www.alquera.com\/wp-content\/uploads\/2021\/03\/desengrasar-300x143.png 300w\" sizes=\"auto, (max-width: 600px) 100vw, 600px\" \/><\/p>\n<\/div>\n<p>&nbsp;<\/p>\n<p>2) Si le sol n'est pas tr\u00e8s endommag\u00e9 et que vous n'avez besoin que de faire ressortir le vernis existant, l'ensemble du processus de polissage peut \u00eatre effectu\u00e9 \u00e0 la main. Utilisez de la laine d'acier tr\u00e8s fine 00 et des mouvements circulaires. Il suffit d'ajouter l'acide oxalique avec un peu d'eau et de commencer \u00e0 poncer les zones endommag\u00e9es.<\/p>\n<p>Si le sol pr\u00e9sente beaucoup d'usure et de taches, il est pr\u00e9f\u00e9rable d'utiliser une polisseuse automatique.<\/p>\n<p><img loading=\"lazy\" decoding=\"async\" class=\"size-full wp-image-33319 aligncenter\" src=\"https:\/\/www.alquera.com\/wp-content\/uploads\/2021\/03\/unnamed.jpg\" alt=\"pulir suelos con acido ox\" width=\"512\" height=\"341\" srcset=\"https:\/\/www.alquera.com\/wp-content\/uploads\/2021\/03\/unnamed.jpg 512w, https:\/\/www.alquera.com\/wp-content\/uploads\/2021\/03\/unnamed-300x200.jpg 300w\" sizes=\"auto, (max-width: 512px) 100vw, 512px\" \/><\/p>\n<p>3. Rincer et nettoyer \u00e0 l'eau pour \u00e9liminer les r\u00e9sidus.<\/p>\n<div id=\"attachment_20\" class=\"wp-caption aligncenter\">\n<p class=\"wp-caption-text\">\n<\/div>\n<p>4. Finaliser les travaux de <strong>polissage des sols, marbre, pierre, etc.<\/strong>... ,... , un produit de polissage sp\u00e9cial doit \u00eatre appliqu\u00e9.<\/p>\n<h3><span id=\"Mantenimiento_del_suelo_de_marmol_y_granito\">Entretien des sols en marbre et en granit.<\/span><\/h3>\n<p>Il est important d'effectuer des travaux d'entretien pour que le vernis \u00e0 l'acide oxalique dure longtemps. Pour cela, il suffit de nettoyer r\u00e9guli\u00e8rement la poussi\u00e8re, et d'\u00e9viter d'utiliser du citron ou du vinaigre. En cas de d\u00e9versement d'un liquide ou d'une substance, il faut le nettoyer imm\u00e9diatement car les sols en marbre et en granit sont poreux et les liquides peuvent p\u00e9n\u00e9trer tr\u00e8s facilement.<\/p>\n<div><h3 class=\"widget-title\">Acheter <\/h3><div><div class=\"woocommerce\"><ul class=\"products columns-4\">\n<li class=\"desktop-align-left tablet-align-left mobile-align-left ast-product-gallery-layout-horizontal-slider ast-magnify-disabled ast-product-single-variable ast-product-tabs-layout-horizontal ast-qv-on-image product type-product post-495 status-publish first instock product_cat-productos-experimentos product_cat-productos has-post-thumbnail taxable shipping-taxable purchasable product-type-variable has-default-attributes\">\n\t<a href=\"https:\/\/www.alquera.com\/fr\/permanganato-de-potasio\/\" class=\"woocommerce-LoopProduct-link woocommerce-loop-product__link\"><img loading=\"lazy\" decoding=\"async\" width=\"300\" height=\"300\" src=\"https:\/\/www.alquera.com\/wp-content\/uploads\/2016\/01\/permanganato-200g-foto-nueva-300x300.png\" class=\"attachment-woocommerce_thumbnail size-woocommerce_thumbnail\" alt=\"permanganato 200g\" srcset=\"https:\/\/www.alquera.com\/wp-content\/uploads\/2016\/01\/permanganato-200g-foto-nueva-300x300.png 300w, https:\/\/www.alquera.com\/wp-content\/uploads\/2016\/01\/permanganato-200g-foto-nueva-150x150.png 150w, https:\/\/www.alquera.com\/wp-content\/uploads\/2016\/01\/permanganato-200g-foto-nueva-12x12.png 12w, https:\/\/www.alquera.com\/wp-content\/uploads\/2016\/01\/permanganato-200g-foto-nueva-100x100.png 100w\" sizes=\"auto, (max-width: 300px) 100vw, 300px\" \/><h2 class=\"woocommerce-loop-product__title\">Permanganate de Potassium<\/h2><div class=\"review-rating\"><div class=\"star-rating\"><span style=\"width:100%\" data-no-translation=\"\" data-trp-gettext=\"\">Note <strong class=\"rating\">5.00<\/strong> sur 5<\/span><\/div><\/div>\n<\/a><a href=\"https:\/\/www.alquera.com\/fr\/permanganato-de-potasio\/\" aria-describedby=\"woocommerce_loop_add_to_cart_link_describedby_495\" data-quantity=\"1\" class=\"button product_type_variable add_to_cart_button\" data-product_id=\"495\" data-product_sku=\"AL100111\" aria-label=\"S\u00e9lectionner les options pour \u201cPermanganato de Potasio\u201d\" rel=\"nofollow\" data-no-translation=\"\" data-trp-gettext=\"\" data-no-translation-aria-label=\"\">Choix des options<\/a>\t<span id=\"woocommerce_loop_add_to_cart_link_describedby_495\" class=\"screen-reader-text\">\n\t\tCe produit a plusieurs variations. Les options peuvent \u00eatre choisies sur la page du produit\t<\/span>\n<\/li>\n<\/ul>\n<\/div><\/div><\/div>\n<div><p class=\"widget-title\">Lire la suite<\/p><a href=\"https:\/\/www.alquera.com\/fr\/acido-oxalico\/\">Acide oxalique<\/a>\n<!-- Page-list plugin v.5.9 wordpress.org\/plugins\/page-list\/ -->\n<ul class=\"page-list siblings-page-list\">\n<li class=\"page_item page-item-33282 menu-item\"><a href=\"https:\/\/www.alquera.com\/fr\/acido-oxalico\/apicultura\/\" class=\"menu-link\">L'acide oxalique en apiculture<\/a><\/li>\n<li class=\"page_item page-item-33336 menu-item\"><a href=\"https:\/\/www.alquera.com\/fr\/acido-oxalico\/limpieza-fibra-vidrio\/\" class=\"menu-link\">Nettoyage de la fibre de verre<\/a><\/li>\n<li class=\"page_item page-item-33280 menu-item\"><a href=\"https:\/\/www.alquera.com\/fr\/acido-oxalico\/pulir-suelos\/\" class=\"menu-link\">Polissage des sols \u00e0 l'acide oxalique<\/a><\/li>\n<li class=\"page_item page-item-33277 menu-item\"><a href=\"https:\/\/www.alquera.com\/fr\/acido-oxalico\/quitar-oxido\/\" class=\"menu-link\">Antirouille \u00e0 l'acide oxalique<\/a><\/li>\n<li class=\"page_item page-item-33275 menu-item\"><a href=\"https:\/\/www.alquera.com\/fr\/acido-oxalico\/usos\/\" class=\"menu-link\">Usages de l'acide oxalique.<\/a><\/li>\n\n<\/ul><\/div>","protected":false},"excerpt":{"rendered":"<p>Los suelos de m\u00e1rmol, granito, terrazo o cualquier piedra pulida, le proporcionan una belleza y elegancia sin igual a cualquier edificaci\u00f3n. Son pisos muy duraderos, pero al pasar el tiempo, sufren desgaste, maltratos, rayados y manchas, que son necesarios de tratar. Es necesario realizar un pulido de estos suelos o pisos, especialmente en los m\u00e1rmol [&hellip;]<\/p>\n","protected":false},"author":1,"featured_media":0,"parent":33273,"menu_order":0,"comment_status":"closed","ping_status":"closed","template":"","meta":{"_acf_changed":false,"site-sidebar-layout":"default","site-content-layout":"","ast-site-content-layout":"default","site-content-style":"default","site-sidebar-style":"default","ast-global-header-display":"","ast-banner-title-visibility":"","ast-main-header-display":"","ast-hfb-above-header-display":"","ast-hfb-below-header-display":"","ast-hfb-mobile-header-display":"","site-post-title":"","ast-breadcrumbs-content":"","ast-featured-img":"","footer-sml-layout":"","ast-disable-related-posts":"","theme-transparent-header-meta":"","adv-header-id-meta":"","stick-header-meta":"","header-above-stick-meta":"","header-main-stick-meta":"","header-below-stick-meta":"","astra-migrate-meta-layouts":"default","ast-page-background-enabled":"default","ast-page-background-meta":{"desktop":{"background-color":"var(--ast-global-color-4)","background-image":"","background-repeat":"repeat","background-position":"center center","background-size":"auto","background-attachment":"scroll","background-type":"","background-media":"","overlay-type":"","overlay-color":"","overlay-opacity":"","overlay-gradient":""},"tablet":{"background-color":"","background-image":"","background-repeat":"repeat","background-position":"center center","background-size":"auto","background-attachment":"scroll","background-type":"","background-media":"","overlay-type":"","overlay-color":"","overlay-opacity":"","overlay-gradient":""},"mobile":{"background-color":"","background-image":"","background-repeat":"repeat","background-position":"center center","background-size":"auto","background-attachment":"scroll","background-type":"","background-media":"","overlay-type":"","overlay-color":"","overlay-opacity":"","overlay-gradient":""}},"ast-content-background-meta":{"desktop":{"background-color":"var(--ast-global-color-5)","background-image":"","background-repeat":"repeat","background-position":"center center","background-size":"auto","background-attachment":"scroll","background-type":"","background-media":"","overlay-type":"","overlay-color":"","overlay-opacity":"","overlay-gradient":""},"tablet":{"background-color":"var(--ast-global-color-5)","background-image":"","background-repeat":"repeat","background-position":"center center","background-size":"auto","background-attachment":"scroll","background-type":"","background-media":"","overlay-type":"","overlay-color":"","overlay-opacity":"","overlay-gradient":""},"mobile":{"background-color":"var(--ast-global-color-5)","background-image":"","background-repeat":"repeat","background-position":"center center","background-size":"auto","background-attachment":"scroll","background-type":"","background-media":"","overlay-type":"","overlay-color":"","overlay-opacity":"","overlay-gradient":""}},"footnotes":""},"class_list":["post-33280","page","type-page","status-publish","hentry"],"acf":[],"yoast_head":"<!-- This site is optimized with the Yoast SEO Premium plugin v27.1 (Yoast SEO v27.1.1) - https:\/\/yoast.com\/product\/yoast-seo-premium-wordpress\/ -->\n<title>Pulir Suelos con \u00c1cido Ox\u00e1lico - Alquera.com<\/title>\n<meta name=\"description\" content=\"Vamos a ver c\u00f3mo pulir los suelos de m\u00e1rmol y de granito utilizando \u00e1cido ox\u00e1lico para el pulido. El \u00e1cido ox\u00e1lico es un \u00e1cido org\u00e1nico.\" \/>\n<meta name=\"robots\" content=\"index, follow, max-snippet:-1, max-image-preview:large, max-video-preview:-1\" \/>\n<link rel=\"canonical\" href=\"https:\/\/www.alquera.com\/fr\/acido-oxalico\/pulir-suelos\/\" \/>\n<meta property=\"og:locale\" content=\"fr_FR\" \/>\n<meta property=\"og:type\" content=\"article\" \/>\n<meta property=\"og:title\" content=\"Pulir Suelos con \u00c1cido Ox\u00e1lico\" \/>\n<meta property=\"og:description\" content=\"Vamos a ver c\u00f3mo pulir los suelos de m\u00e1rmol y de granito utilizando \u00e1cido ox\u00e1lico para el pulido. El \u00e1cido ox\u00e1lico es un \u00e1cido org\u00e1nico.\" \/>\n<meta property=\"og:url\" content=\"https:\/\/www.alquera.com\/fr\/acido-oxalico\/pulir-suelos\/\" \/>\n<meta property=\"og:site_name\" content=\"Alquera.com\" \/>\n<meta property=\"article:publisher\" content=\"https:\/\/www.facebook.com\/alqueraciencia\" \/>\n<meta property=\"article:modified_time\" content=\"2021-09-12T13:44:35+00:00\" \/>\n<meta property=\"og:image\" content=\"https:\/\/www.alquera.com\/wp-content\/uploads\/2021\/03\/desengrasar.png\" \/>\n<meta name=\"twitter:card\" content=\"summary_large_image\" \/>\n<meta name=\"twitter:label1\" content=\"Dur\u00e9e de lecture estim\u00e9e\" \/>\n\t<meta name=\"twitter:data1\" content=\"3 minutes\" \/>\n<script type=\"application\/ld+json\" class=\"yoast-schema-graph\">{\"@context\":\"https:\/\/schema.org\",\"@graph\":[{\"@type\":\"WebPage\",\"@id\":\"https:\/\/www.alquera.com\/acido-oxalico\/pulir-suelos\/\",\"url\":\"https:\/\/www.alquera.com\/acido-oxalico\/pulir-suelos\/\",\"name\":\"Pulir Suelos con \u00c1cido Ox\u00e1lico - Alquera.com\",\"isPartOf\":{\"@id\":\"https:\/\/www.alquera.com\/en\/#website\"},\"primaryImageOfPage\":{\"@id\":\"https:\/\/www.alquera.com\/acido-oxalico\/pulir-suelos\/#primaryimage\"},\"image\":{\"@id\":\"https:\/\/www.alquera.com\/acido-oxalico\/pulir-suelos\/#primaryimage\"},\"thumbnailUrl\":\"https:\/\/www.alquera.com\/wp-content\/uploads\/2021\/03\/desengrasar.png\",\"datePublished\":\"2021-03-16T13:28:29+00:00\",\"dateModified\":\"2021-09-12T13:44:35+00:00\",\"description\":\"Vamos a ver c\u00f3mo pulir los suelos de m\u00e1rmol y de granito utilizando \u00e1cido ox\u00e1lico para el pulido. El \u00e1cido ox\u00e1lico es un \u00e1cido org\u00e1nico.\",\"breadcrumb\":{\"@id\":\"https:\/\/www.alquera.com\/acido-oxalico\/pulir-suelos\/#breadcrumb\"},\"inLanguage\":\"fr-FR\",\"potentialAction\":[{\"@type\":\"ReadAction\",\"target\":[\"https:\/\/www.alquera.com\/acido-oxalico\/pulir-suelos\/\"]}]},{\"@type\":\"ImageObject\",\"inLanguage\":\"fr-FR\",\"@id\":\"https:\/\/www.alquera.com\/acido-oxalico\/pulir-suelos\/#primaryimage\",\"url\":\"https:\/\/www.alquera.com\/wp-content\/uploads\/2021\/03\/desengrasar.png\",\"contentUrl\":\"https:\/\/www.alquera.com\/wp-content\/uploads\/2021\/03\/desengrasar.png\"},{\"@type\":\"BreadcrumbList\",\"@id\":\"https:\/\/www.alquera.com\/acido-oxalico\/pulir-suelos\/#breadcrumb\",\"itemListElement\":[{\"@type\":\"ListItem\",\"position\":1,\"name\":\"Inicio\",\"item\":\"https:\/\/www.alquera.com\/\"},{\"@type\":\"ListItem\",\"position\":2,\"name\":\"Acido Ox\u00e1lico\",\"item\":\"https:\/\/www.alquera.com\/acido-oxalico\/\"},{\"@type\":\"ListItem\",\"position\":3,\"name\":\"Pulir Suelos con \u00c1cido Ox\u00e1lico\"}]},{\"@type\":\"WebSite\",\"@id\":\"https:\/\/www.alquera.com\/en\/#website\",\"url\":\"https:\/\/www.alquera.com\/en\/\",\"name\":\"Alquera.com\",\"description\":\"Tienda Online Productos Qu\u00edmicos y Material de Laboratorio\",\"publisher\":{\"@id\":\"https:\/\/www.alquera.com\/en\/#organization\"},\"potentialAction\":[{\"@type\":\"SearchAction\",\"target\":{\"@type\":\"EntryPoint\",\"urlTemplate\":\"https:\/\/www.alquera.com\/en\/?s={search_term_string}\"},\"query-input\":{\"@type\":\"PropertyValueSpecification\",\"valueRequired\":true,\"valueName\":\"search_term_string\"}}],\"inLanguage\":\"fr-FR\"},{\"@type\":\"Organization\",\"@id\":\"https:\/\/www.alquera.com\/en\/#organization\",\"name\":\"ALQUERA CIENCIA SL\",\"url\":\"https:\/\/www.alquera.com\/en\/\",\"logo\":{\"@type\":\"ImageObject\",\"inLanguage\":\"fr-FR\",\"@id\":\"https:\/\/www.alquera.com\/en\/#\/schema\/logo\/image\/\",\"url\":\"https:\/\/www.alquera.com\/wp-content\/uploads\/2020\/11\/logo_300_ancho.png\",\"contentUrl\":\"https:\/\/www.alquera.com\/wp-content\/uploads\/2020\/11\/logo_300_ancho.png\",\"width\":300,\"height\":86,\"caption\":\"ALQUERA CIENCIA SL\"},\"image\":{\"@id\":\"https:\/\/www.alquera.com\/en\/#\/schema\/logo\/image\/\"},\"sameAs\":[\"https:\/\/www.facebook.com\/alqueraciencia\",\"https:\/\/www.instagram.com\/alquera_ciencia\/\",\"https:\/\/www.youtube.com\/c\/alquera\"]}]}<\/script>\n<!-- \/ Yoast SEO Premium plugin. -->","yoast_head_json":{"title":"Polissage des sols \u00e0 l'acide oxalique - Alquera.com","description":"Voyons comment polir les sols en marbre et en granit en utilisant l'acide oxalique pour le polissage. L'acide oxalique est un acide organique.","robots":{"index":"index","follow":"follow","max-snippet":"max-snippet:-1","max-image-preview":"max-image-preview:large","max-video-preview":"max-video-preview:-1"},"canonical":"https:\/\/www.alquera.com\/fr\/acido-oxalico\/pulir-suelos\/","og_locale":"fr_FR","og_type":"article","og_title":"Pulir Suelos con \u00c1cido Ox\u00e1lico","og_description":"Vamos a ver c\u00f3mo pulir los suelos de m\u00e1rmol y de granito utilizando \u00e1cido ox\u00e1lico para el pulido. El \u00e1cido ox\u00e1lico es un \u00e1cido org\u00e1nico.","og_url":"https:\/\/www.alquera.com\/fr\/acido-oxalico\/pulir-suelos\/","og_site_name":"Alquera.com","article_publisher":"https:\/\/www.facebook.com\/alqueraciencia","article_modified_time":"2021-09-12T13:44:35+00:00","og_image":[{"url":"https:\/\/www.alquera.com\/wp-content\/uploads\/2021\/03\/desengrasar.png","type":"","width":"","height":""}],"twitter_card":"summary_large_image","twitter_misc":{"Dur\u00e9e de lecture estim\u00e9e":"3 minutes"},"schema":{"@context":"https:\/\/schema.org","@graph":[{"@type":"WebPage","@id":"https:\/\/www.alquera.com\/acido-oxalico\/pulir-suelos\/","url":"https:\/\/www.alquera.com\/acido-oxalico\/pulir-suelos\/","name":"Polissage des sols \u00e0 l'acide oxalique - Alquera.com","isPartOf":{"@id":"https:\/\/www.alquera.com\/en\/#website"},"primaryImageOfPage":{"@id":"https:\/\/www.alquera.com\/acido-oxalico\/pulir-suelos\/#primaryimage"},"image":{"@id":"https:\/\/www.alquera.com\/acido-oxalico\/pulir-suelos\/#primaryimage"},"thumbnailUrl":"https:\/\/www.alquera.com\/wp-content\/uploads\/2021\/03\/desengrasar.png","datePublished":"2021-03-16T13:28:29+00:00","dateModified":"2021-09-12T13:44:35+00:00","description":"Voyons comment polir les sols en marbre et en granit en utilisant l'acide oxalique pour le polissage. L'acide oxalique est un acide organique.","breadcrumb":{"@id":"https:\/\/www.alquera.com\/acido-oxalico\/pulir-suelos\/#breadcrumb"},"inLanguage":"fr-FR","potentialAction":[{"@type":"ReadAction","target":["https:\/\/www.alquera.com\/acido-oxalico\/pulir-suelos\/"]}]},{"@type":"ImageObject","inLanguage":"fr-FR","@id":"https:\/\/www.alquera.com\/acido-oxalico\/pulir-suelos\/#primaryimage","url":"https:\/\/www.alquera.com\/wp-content\/uploads\/2021\/03\/desengrasar.png","contentUrl":"https:\/\/www.alquera.com\/wp-content\/uploads\/2021\/03\/desengrasar.png"},{"@type":"BreadcrumbList","@id":"https:\/\/www.alquera.com\/acido-oxalico\/pulir-suelos\/#breadcrumb","itemListElement":[{"@type":"ListItem","position":1,"name":"Inicio","item":"https:\/\/www.alquera.com\/"},{"@type":"ListItem","position":2,"name":"Acido Ox\u00e1lico","item":"https:\/\/www.alquera.com\/acido-oxalico\/"},{"@type":"ListItem","position":3,"name":"Pulir Suelos con \u00c1cido Ox\u00e1lico"}]},{"@type":"WebSite","@id":"https:\/\/www.alquera.com\/en\/#website","url":"https:\/\/www.alquera.com\/en\/","name":"Alquera.com","description":"Boutique en ligne Produits chimiques et \u00e9quipements de laboratoire","publisher":{"@id":"https:\/\/www.alquera.com\/en\/#organization"},"potentialAction":[{"@type":"SearchAction","target":{"@type":"EntryPoint","urlTemplate":"https:\/\/www.alquera.com\/en\/?s={search_term_string}"},"query-input":{"@type":"PropertyValueSpecification","valueRequired":true,"valueName":"search_term_string"}}],"inLanguage":"fr-FR"},{"@type":"Organization","@id":"https:\/\/www.alquera.com\/en\/#organization","name":"ALQUERA CIENCIA SL","url":"https:\/\/www.alquera.com\/en\/","logo":{"@type":"ImageObject","inLanguage":"fr-FR","@id":"https:\/\/www.alquera.com\/en\/#\/schema\/logo\/image\/","url":"https:\/\/www.alquera.com\/wp-content\/uploads\/2020\/11\/logo_300_ancho.png","contentUrl":"https:\/\/www.alquera.com\/wp-content\/uploads\/2020\/11\/logo_300_ancho.png","width":300,"height":86,"caption":"ALQUERA CIENCIA SL"},"image":{"@id":"https:\/\/www.alquera.com\/en\/#\/schema\/logo\/image\/"},"sameAs":["https:\/\/www.facebook.com\/alqueraciencia","https:\/\/www.instagram.com\/alquera_ciencia\/","https:\/\/www.youtube.com\/c\/alquera"]}]}},"_links":{"self":[{"href":"https:\/\/www.alquera.com\/fr\/wp-json\/wp\/v2\/pages\/33280","targetHints":{"allow":["GET"]}}],"collection":[{"href":"https:\/\/www.alquera.com\/fr\/wp-json\/wp\/v2\/pages"}],"about":[{"href":"https:\/\/www.alquera.com\/fr\/wp-json\/wp\/v2\/types\/page"}],"author":[{"embeddable":true,"href":"https:\/\/www.alquera.com\/fr\/wp-json\/wp\/v2\/users\/1"}],"replies":[{"embeddable":true,"href":"https:\/\/www.alquera.com\/fr\/wp-json\/wp\/v2\/comments?post=33280"}],"version-history":[{"count":4,"href":"https:\/\/www.alquera.com\/fr\/wp-json\/wp\/v2\/pages\/33280\/revisions"}],"predecessor-version":[{"id":33328,"href":"https:\/\/www.alquera.com\/fr\/wp-json\/wp\/v2\/pages\/33280\/revisions\/33328"}],"up":[{"embeddable":true,"href":"https:\/\/www.alquera.com\/fr\/wp-json\/wp\/v2\/pages\/33273"}],"wp:attachment":[{"href":"https:\/\/www.alquera.com\/fr\/wp-json\/wp\/v2\/media?parent=33280"}],"curies":[{"name":"wp","href":"https:\/\/api.w.org\/{rel}","templated":true}]}}