{"id":33353,"date":"2021-03-17T12:38:10","date_gmt":"2021-03-17T12:38:10","guid":{"rendered":"https:\/\/www.alquera.com\/?page_id=33353"},"modified":"2026-02-23T14:40:46","modified_gmt":"2026-02-23T14:40:46","slug":"pintar","status":"publish","type":"page","link":"https:\/\/www.alquera.com\/fr\/sulfato-de-hierro\/pintar\/","title":{"rendered":"Sulfate de fer pour la peinture"},"content":{"rendered":"<p>Si vous voulez donner une touche rouge\u00e2tre et rouill\u00e9e \u00e0 un mur, voyons comment utiliser la fonction\u00a0<strong>sulfate de fer pour la peinture<\/strong>. Gr\u00e2ce \u00e0 cette m\u00e9thode, vous pouvez donner une couleur particuli\u00e8re \u00e0 un mur, un escalier ou un bassin. Vous obtiendrez un effet rouge\u00e2tre et semi-oxyd\u00e9 tr\u00e8s caract\u00e9ristique et sp\u00e9cial.<\/p>\n<p><a href=\"https:\/\/www.alquera.com\/fr\/sulfato-de-hierro\/pintar\/sulfato-de-hierro-para-pintar\/\" rel=\"attachment wp-att-33358\"><img loading=\"lazy\" decoding=\"async\" class=\"size-full wp-image-33358 aligncenter\" src=\"https:\/\/www.alquera.com\/wp-content\/uploads\/2021\/03\/SULFATO-DE-HIERRO-PARA-PINTAR.png\" alt=\"sulfato de hierro para pinta\" width=\"554\" height=\"253\" srcset=\"https:\/\/www.alquera.com\/wp-content\/uploads\/2021\/03\/SULFATO-DE-HIERRO-PARA-PINTAR.png 554w, https:\/\/www.alquera.com\/wp-content\/uploads\/2021\/03\/SULFATO-DE-HIERRO-PARA-PINTAR-300x137.png 300w\" sizes=\"auto, (max-width: 554px) 100vw, 554px\" \/><\/a><\/p>\n<p>El sulfato de hierro es una sal de hierro, de f\u00f3rmula qu\u00edmica FeSO4. Mezclado con agua, libera los iones de hierro que se oxidar\u00e1n r\u00e1pidamente, generando ese color rojizo caracter\u00edstico. Lo puedes conseguir en Alquera &#8211;&gt; <a href=\"https:\/\/www.alquera.com\/fr\/sulfato-de-hierro\/\">sulfato de hierro<\/a>\u00a0<\/p>\n<h2>COMPRAR SULFATO DE HIERRO<\/h2>\n<p>Si est\u00e1s buscando comprar sulfato de hierro para pintar, en Alquera puedes encontrarlo en diferentes formatos: desde 1kg, 5kg y 25kg. Podr\u00e1s descarte la ficha t\u00e9cnica y la msds sobre el propio producto en el apartado documentaci\u00f3n.<\/p>\n<div style=\"text-align: center;\"><div class=\"woocommerce\"><ul class=\"products columns-4\">\n<li class=\"desktop-align-left tablet-align-left mobile-align-left ast-product-gallery-layout-horizontal-slider ast-magnify-disabled ast-product-single-variable ast-product-tabs-layout-horizontal ast-qv-on-image product type-product post-950 status-publish first instock product_cat-agroquimicos has-post-thumbnail taxable shipping-taxable purchasable product-type-variable has-default-attributes\">\n\t<a href=\"https:\/\/www.alquera.com\/fr\/sulfato-de-hierro\/\" class=\"woocommerce-LoopProduct-link woocommerce-loop-product__link\"><img loading=\"lazy\" decoding=\"async\" width=\"300\" height=\"300\" src=\"https:\/\/www.alquera.com\/wp-content\/uploads\/2017\/09\/992-thickbox_default-Sulfato-de-Hierro-5Kg-300x300.jpg\" class=\"attachment-woocommerce_thumbnail size-woocommerce_thumbnail\" alt=\"Comprar Sulfato de Hierro\" srcset=\"https:\/\/www.alquera.com\/wp-content\/uploads\/2017\/09\/992-thickbox_default-Sulfato-de-Hierro-5Kg-300x300.jpg 300w, https:\/\/www.alquera.com\/wp-content\/uploads\/2017\/09\/992-thickbox_default-Sulfato-de-Hierro-5Kg-100x100.jpg 100w, https:\/\/www.alquera.com\/wp-content\/uploads\/2017\/09\/992-thickbox_default-Sulfato-de-Hierro-5Kg-600x600.jpg 600w, https:\/\/www.alquera.com\/wp-content\/uploads\/2017\/09\/992-thickbox_default-Sulfato-de-Hierro-5Kg-150x150.jpg 150w, https:\/\/www.alquera.com\/wp-content\/uploads\/2017\/09\/992-thickbox_default-Sulfato-de-Hierro-5Kg-768x768.jpg 768w, https:\/\/www.alquera.com\/wp-content\/uploads\/2017\/09\/992-thickbox_default-Sulfato-de-Hierro-5Kg.jpg 800w\" sizes=\"auto, (max-width: 300px) 100vw, 300px\" \/><h2 class=\"woocommerce-loop-product__title\">Sulfate de Fer<\/h2><div class=\"review-rating\"><div class=\"star-rating\"><span style=\"width:100%\" data-no-translation=\"\" data-trp-gettext=\"\">Note <strong class=\"rating\">5.00<\/strong> sur 5<\/span><\/div><\/div>\n<\/a><a href=\"https:\/\/www.alquera.com\/fr\/sulfato-de-hierro\/\" aria-describedby=\"woocommerce_loop_add_to_cart_link_describedby_950\" data-quantity=\"1\" class=\"button product_type_variable add_to_cart_button\" data-product_id=\"950\" data-product_sku=\"AL100161\" aria-label=\"S\u00e9lectionner les options pour \u201cSulfato de Hierro\u201d\" rel=\"nofollow\" data-no-translation=\"\" data-trp-gettext=\"\" data-no-translation-aria-label=\"\">Choix des options<\/a>\t<span id=\"woocommerce_loop_add_to_cart_link_describedby_950\" class=\"screen-reader-text\">\n\t\tCe produit a plusieurs variations. Les options peuvent \u00eatre choisies sur la page du produit\t<\/span>\n<\/li>\n<\/ul>\n<\/div><\/div>\n<h2>COMMENT UTILISER LE SULFATE DE FER POUR LA PEINTURE<\/h2>\n<p>Pour utiliser le sulfate de fer pour la peinture, il suffit de m\u00e9langer le sel de sulfate de fer dans de l'eau et de l'appliquer sur la surface \u00e0 peindre. La quantit\u00e9 de sulfate de fer \u00e0 diluer dans l'eau d\u00e9pend de la couleur que vous souhaitez obtenir. Commencez par utiliser <strong>10 grammes par litre d'eau<\/strong> et testez la couleur, et ajoutez-en plus si vous voulez une couleur plus rouge\u00e2tre.<\/p>\n<p>Le m\u00e9lange d'eau et de sulfate de fer doit \u00eatre appliqu\u00e9 de mani\u00e8re homog\u00e8ne sur toute la surface \u00e0 teindre. De cette fa\u00e7on, lorsque le m\u00e9lange s\u00e9chera, il prendra la couleur rouge caract\u00e9ristique que nous voulons obtenir. Il est probable qu'au d\u00e9but, la couleur que vous obtiendrez sera un peu orang\u00e9e. Cela serait d\u00fb \u00e0 l'exc\u00e8s de sel, qui devrait \u00eatre \u00e9limin\u00e9 par lavage. En frottant avec une brosse, l'exc\u00e8s de sulfate de fer est \u00e9limin\u00e9 et l'effet de teinture d\u00e9sir\u00e9 est obtenu.<\/p>\n<p>L'entretien de ce type de peinture doit \u00eatre effectu\u00e9 tous les 3 ans et la peinture doit \u00eatre entretenue jusqu'\u00e0 ce qu'elle soit en parfait \u00e9tat.<\/p>\n<p><iframe loading=\"lazy\" src=\"https:\/\/www.youtube.com\/embed\/g03rSiUMFUA?feature=oembed\" width=\"665\" height=\"374\" frameborder=\"0\" allowfullscreen=\"allowfullscreen\" data-mce-fragment=\"1\"><\/iframe><\/p>\n<h2>PR\u00c9CAUTIONS CONCERNANT LE SULFATE DE FER<\/h2>\n<p>Il convient d'\u00eatre particuli\u00e8rement prudent lors de l'utilisation du sulfate ferreux, car il s'agit d'un produit chimique corrosif qui tache tous les v\u00eatements et objets qui entrent en contact avec lui. Il est donc n\u00e9cessaire de se prot\u00e9ger lors de la manipulation de ce mat\u00e9riau.<\/p>\n\n\n<figure class=\"wp-block-image size-large\"><img loading=\"lazy\" decoding=\"async\" width=\"683\" height=\"1024\" src=\"https:\/\/www.alquera.com\/wp-content\/uploads\/2025\/01\/SULFATO-DE-HIERRO-1KG-INTERNACIONAL-683x1024.png\" alt=\"\" class=\"wp-image-51181\" srcset=\"https:\/\/www.alquera.com\/wp-content\/uploads\/2025\/01\/SULFATO-DE-HIERRO-1KG-INTERNACIONAL-683x1024.png 683w, https:\/\/www.alquera.com\/wp-content\/uploads\/2025\/01\/SULFATO-DE-HIERRO-1KG-INTERNACIONAL-200x300.png 200w, https:\/\/www.alquera.com\/wp-content\/uploads\/2025\/01\/SULFATO-DE-HIERRO-1KG-INTERNACIONAL-768x1151.png 768w, https:\/\/www.alquera.com\/wp-content\/uploads\/2025\/01\/SULFATO-DE-HIERRO-1KG-INTERNACIONAL-1025x1536.png 1025w, https:\/\/www.alquera.com\/wp-content\/uploads\/2025\/01\/SULFATO-DE-HIERRO-1KG-INTERNACIONAL-1367x2048.png 1367w, https:\/\/www.alquera.com\/wp-content\/uploads\/2025\/01\/SULFATO-DE-HIERRO-1KG-INTERNACIONAL-8x12.png 8w, https:\/\/www.alquera.com\/wp-content\/uploads\/2025\/01\/SULFATO-DE-HIERRO-1KG-INTERNACIONAL-600x899.png 600w, https:\/\/www.alquera.com\/wp-content\/uploads\/2025\/01\/SULFATO-DE-HIERRO-1KG-INTERNACIONAL.png 1535w\" sizes=\"auto, (max-width: 683px) 100vw, 683px\" \/><\/figure>\n\n\n\n<h2 class=\"wp-block-heading\" id=\"h-mas-informacion-sulfato-ferrico\">M\u00c1S INFORMACI\u00d3N SULFATO F\u00c9RRICO<\/h2>\n\n\n\n<p>Puedes ver m\u00e1s informaci\u00f3n sobre el sulfato f\u00e9rrico en estas p\u00e1ginas<\/p>\n\n\n\n<ul class=\"wp-block-list\">\n<li><a href=\"https:\/\/www.alquera.com\/fr\/sulfato-de-hierro\/plantas\/\">Sulfate de fer pour les plantes<\/a><\/li>\n\n\n\n<li><a href=\"https:\/\/www.alquera.com\/fr\/sulfato-de-hierro\/usos\/\">Utilisation du sulfate de fer<\/a><\/li>\n\n\n\n<li><a href=\"https:\/\/www.alquera.com\/fr\/sulfato-de-hierro\/\">Acheter du sulfate de fer<\/a><\/li>\n<\/ul>\n\n\n\n<p><\/p>","protected":false},"excerpt":{"rendered":"<p>Si quieres dar un toque rojizo, oxidado a un muro, vamos a ver c\u00f3mo utilizar el\u00a0sulfato de hierro para pintar. Con este m\u00e9todo, podr\u00e1s\u00a0dar un color especial a un muro, unas escaleras, un estanque. Conseguir\u00e1s un efecto rojizo, semioxidado muy caracter\u00edstico y especial. El sulfato de hierro es una sal de hierro, de f\u00f3rmula qu\u00edmica [&hellip;]<\/p>\n","protected":false},"author":1,"featured_media":0,"parent":33351,"menu_order":0,"comment_status":"closed","ping_status":"closed","template":"","meta":{"_acf_changed":false,"site-sidebar-layout":"left-sidebar","site-content-layout":"","ast-site-content-layout":"default","site-content-style":"default","site-sidebar-style":"unboxed","ast-global-header-display":"","ast-banner-title-visibility":"","ast-main-header-display":"","ast-hfb-above-header-display":"","ast-hfb-below-header-display":"","ast-hfb-mobile-header-display":"","site-post-title":"","ast-breadcrumbs-content":"","ast-featured-img":"","footer-sml-layout":"","ast-disable-related-posts":"","theme-transparent-header-meta":"","adv-header-id-meta":"","stick-header-meta":"","header-above-stick-meta":"","header-main-stick-meta":"","header-below-stick-meta":"","astra-migrate-meta-layouts":"set","ast-page-background-enabled":"default","ast-page-background-meta":{"desktop":{"background-color":"var(--ast-global-color-4)","background-image":"","background-repeat":"repeat","background-position":"center center","background-size":"auto","background-attachment":"scroll","background-type":"","background-media":"","overlay-type":"","overlay-color":"","overlay-opacity":"","overlay-gradient":""},"tablet":{"background-color":"","background-image":"","background-repeat":"repeat","background-position":"center center","background-size":"auto","background-attachment":"scroll","background-type":"","background-media":"","overlay-type":"","overlay-color":"","overlay-opacity":"","overlay-gradient":""},"mobile":{"background-color":"","background-image":"","background-repeat":"repeat","background-position":"center center","background-size":"auto","background-attachment":"scroll","background-type":"","background-media":"","overlay-type":"","overlay-color":"","overlay-opacity":"","overlay-gradient":""}},"ast-content-background-meta":{"desktop":{"background-color":"var(--ast-global-color-5)","background-image":"","background-repeat":"repeat","background-position":"center center","background-size":"auto","background-attachment":"scroll","background-type":"","background-media":"","overlay-type":"","overlay-color":"","overlay-opacity":"","overlay-gradient":""},"tablet":{"background-color":"var(--ast-global-color-5)","background-image":"","background-repeat":"repeat","background-position":"center center","background-size":"auto","background-attachment":"scroll","background-type":"","background-media":"","overlay-type":"","overlay-color":"","overlay-opacity":"","overlay-gradient":""},"mobile":{"background-color":"var(--ast-global-color-5)","background-image":"","background-repeat":"repeat","background-position":"center center","background-size":"auto","background-attachment":"scroll","background-type":"","background-media":"","overlay-type":"","overlay-color":"","overlay-opacity":"","overlay-gradient":""}},"footnotes":""},"class_list":["post-33353","page","type-page","status-publish","hentry"],"acf":[],"yoast_head":"<!-- This site is optimized with the Yoast SEO Premium plugin v27.1 (Yoast SEO v27.1.1) - https:\/\/yoast.com\/product\/yoast-seo-premium-wordpress\/ -->\n<title>Sulfato de Hierro para Pintar - Alquera.com<\/title>\n<meta name=\"description\" content=\"El sulfato de hierro se utiliza comunmente para te\u00f1ir de color \u00f3xido las paredes de hormig\u00f3n. Econ\u00f3mico y muy r\u00e1pido. Aqu\u00ed te lo contamos.\" \/>\n<meta name=\"robots\" content=\"index, follow, max-snippet:-1, max-image-preview:large, max-video-preview:-1\" \/>\n<link rel=\"canonical\" href=\"https:\/\/www.alquera.com\/fr\/sulfato-de-hierro\/pintar\/\" \/>\n<meta property=\"og:locale\" content=\"fr_FR\" \/>\n<meta property=\"og:type\" content=\"article\" \/>\n<meta property=\"og:title\" content=\"Sulfato de Hierro para Pintar\" \/>\n<meta property=\"og:description\" content=\"El sulfato de hierro se utiliza comunmente para te\u00f1ir de color \u00f3xido las paredes de hormig\u00f3n. Econ\u00f3mico y muy r\u00e1pido. Aqu\u00ed te lo contamos.\" \/>\n<meta property=\"og:url\" content=\"https:\/\/www.alquera.com\/fr\/sulfato-de-hierro\/pintar\/\" \/>\n<meta property=\"og:site_name\" content=\"Alquera.com\" \/>\n<meta property=\"article:publisher\" content=\"https:\/\/www.facebook.com\/alqueraciencia\" \/>\n<meta property=\"article:modified_time\" content=\"2026-02-23T14:40:46+00:00\" \/>\n<meta property=\"og:image\" content=\"https:\/\/www.alquera.com\/wp-content\/uploads\/2021\/03\/SULFATO-DE-HIERRO-PARA-PINTAR.png\" \/>\n\t<meta property=\"og:image:width\" content=\"554\" \/>\n\t<meta property=\"og:image:height\" content=\"253\" \/>\n\t<meta property=\"og:image:type\" content=\"image\/png\" \/>\n<meta name=\"twitter:card\" content=\"summary_large_image\" \/>\n<meta name=\"twitter:label1\" content=\"Dur\u00e9e de lecture estim\u00e9e\" \/>\n\t<meta name=\"twitter:data1\" content=\"3 minutes\" \/>\n<script type=\"application\/ld+json\" class=\"yoast-schema-graph\">{\"@context\":\"https:\/\/schema.org\",\"@graph\":[{\"@type\":\"WebPage\",\"@id\":\"https:\/\/www.alquera.com\/sulfato-de-hierro\/pintar\/\",\"url\":\"https:\/\/www.alquera.com\/sulfato-de-hierro\/pintar\/\",\"name\":\"Sulfato de Hierro para Pintar - Alquera.com\",\"isPartOf\":{\"@id\":\"https:\/\/www.alquera.com\/en\/#website\"},\"primaryImageOfPage\":{\"@id\":\"https:\/\/www.alquera.com\/sulfato-de-hierro\/pintar\/#primaryimage\"},\"image\":{\"@id\":\"https:\/\/www.alquera.com\/sulfato-de-hierro\/pintar\/#primaryimage\"},\"thumbnailUrl\":\"https:\/\/www.alquera.com\/wp-content\/uploads\/2021\/03\/SULFATO-DE-HIERRO-PARA-PINTAR.png\",\"datePublished\":\"2021-03-17T12:38:10+00:00\",\"dateModified\":\"2026-02-23T14:40:46+00:00\",\"description\":\"El sulfato de hierro se utiliza comunmente para te\u00f1ir de color \u00f3xido las paredes de hormig\u00f3n. Econ\u00f3mico y muy r\u00e1pido. Aqu\u00ed te lo contamos.\",\"breadcrumb\":{\"@id\":\"https:\/\/www.alquera.com\/sulfato-de-hierro\/pintar\/#breadcrumb\"},\"inLanguage\":\"fr-FR\",\"potentialAction\":[{\"@type\":\"ReadAction\",\"target\":[\"https:\/\/www.alquera.com\/sulfato-de-hierro\/pintar\/\"]}]},{\"@type\":\"ImageObject\",\"inLanguage\":\"fr-FR\",\"@id\":\"https:\/\/www.alquera.com\/sulfato-de-hierro\/pintar\/#primaryimage\",\"url\":\"https:\/\/www.alquera.com\/wp-content\/uploads\/2021\/03\/SULFATO-DE-HIERRO-PARA-PINTAR.png\",\"contentUrl\":\"https:\/\/www.alquera.com\/wp-content\/uploads\/2021\/03\/SULFATO-DE-HIERRO-PARA-PINTAR.png\"},{\"@type\":\"BreadcrumbList\",\"@id\":\"https:\/\/www.alquera.com\/sulfato-de-hierro\/pintar\/#breadcrumb\",\"itemListElement\":[{\"@type\":\"ListItem\",\"position\":1,\"name\":\"Inicio\",\"item\":\"https:\/\/www.alquera.com\/\"},{\"@type\":\"ListItem\",\"position\":2,\"name\":\"Sulfato de Hierro\",\"item\":\"https:\/\/www.alquera.com\/sulfato-de-hierro\/\"},{\"@type\":\"ListItem\",\"position\":3,\"name\":\"Sulfato de Hierro para Pintar\"}]},{\"@type\":\"WebSite\",\"@id\":\"https:\/\/www.alquera.com\/en\/#website\",\"url\":\"https:\/\/www.alquera.com\/en\/\",\"name\":\"Alquera.com\",\"description\":\"Tienda Online Productos Qu\u00edmicos y Material de Laboratorio\",\"publisher\":{\"@id\":\"https:\/\/www.alquera.com\/en\/#organization\"},\"potentialAction\":[{\"@type\":\"SearchAction\",\"target\":{\"@type\":\"EntryPoint\",\"urlTemplate\":\"https:\/\/www.alquera.com\/en\/?s={search_term_string}\"},\"query-input\":{\"@type\":\"PropertyValueSpecification\",\"valueRequired\":true,\"valueName\":\"search_term_string\"}}],\"inLanguage\":\"fr-FR\"},{\"@type\":\"Organization\",\"@id\":\"https:\/\/www.alquera.com\/en\/#organization\",\"name\":\"ALQUERA CIENCIA SL\",\"url\":\"https:\/\/www.alquera.com\/en\/\",\"logo\":{\"@type\":\"ImageObject\",\"inLanguage\":\"fr-FR\",\"@id\":\"https:\/\/www.alquera.com\/en\/#\/schema\/logo\/image\/\",\"url\":\"https:\/\/www.alquera.com\/wp-content\/uploads\/2020\/11\/logo_300_ancho.png\",\"contentUrl\":\"https:\/\/www.alquera.com\/wp-content\/uploads\/2020\/11\/logo_300_ancho.png\",\"width\":300,\"height\":86,\"caption\":\"ALQUERA CIENCIA SL\"},\"image\":{\"@id\":\"https:\/\/www.alquera.com\/en\/#\/schema\/logo\/image\/\"},\"sameAs\":[\"https:\/\/www.facebook.com\/alqueraciencia\",\"https:\/\/www.instagram.com\/alquera_ciencia\/\",\"https:\/\/www.youtube.com\/c\/alquera\"]}]}<\/script>\n<!-- \/ Yoast SEO Premium plugin. -->","yoast_head_json":{"title":"Sulfate de fer pour la peinture - Alquera.com","description":"Le sulfate de fer est couramment utilis\u00e9 pour donner une coloration rouille aux murs en b\u00e9ton. \u00c9conomique et tr\u00e8s rapide. Nous vous en parlons ici.","robots":{"index":"index","follow":"follow","max-snippet":"max-snippet:-1","max-image-preview":"max-image-preview:large","max-video-preview":"max-video-preview:-1"},"canonical":"https:\/\/www.alquera.com\/fr\/sulfato-de-hierro\/pintar\/","og_locale":"fr_FR","og_type":"article","og_title":"Sulfato de Hierro para Pintar","og_description":"El sulfato de hierro se utiliza comunmente para te\u00f1ir de color \u00f3xido las paredes de hormig\u00f3n. Econ\u00f3mico y muy r\u00e1pido. Aqu\u00ed te lo contamos.","og_url":"https:\/\/www.alquera.com\/fr\/sulfato-de-hierro\/pintar\/","og_site_name":"Alquera.com","article_publisher":"https:\/\/www.facebook.com\/alqueraciencia","article_modified_time":"2026-02-23T14:40:46+00:00","og_image":[{"width":554,"height":253,"url":"https:\/\/www.alquera.com\/wp-content\/uploads\/2021\/03\/SULFATO-DE-HIERRO-PARA-PINTAR.png","type":"image\/png"}],"twitter_card":"summary_large_image","twitter_misc":{"Dur\u00e9e de lecture estim\u00e9e":"3 minutes"},"schema":{"@context":"https:\/\/schema.org","@graph":[{"@type":"WebPage","@id":"https:\/\/www.alquera.com\/sulfato-de-hierro\/pintar\/","url":"https:\/\/www.alquera.com\/sulfato-de-hierro\/pintar\/","name":"Sulfate de fer pour la peinture - Alquera.com","isPartOf":{"@id":"https:\/\/www.alquera.com\/en\/#website"},"primaryImageOfPage":{"@id":"https:\/\/www.alquera.com\/sulfato-de-hierro\/pintar\/#primaryimage"},"image":{"@id":"https:\/\/www.alquera.com\/sulfato-de-hierro\/pintar\/#primaryimage"},"thumbnailUrl":"https:\/\/www.alquera.com\/wp-content\/uploads\/2021\/03\/SULFATO-DE-HIERRO-PARA-PINTAR.png","datePublished":"2021-03-17T12:38:10+00:00","dateModified":"2026-02-23T14:40:46+00:00","description":"Le sulfate de fer est couramment utilis\u00e9 pour donner une coloration rouille aux murs en b\u00e9ton. \u00c9conomique et tr\u00e8s rapide. Nous vous en parlons ici.","breadcrumb":{"@id":"https:\/\/www.alquera.com\/sulfato-de-hierro\/pintar\/#breadcrumb"},"inLanguage":"fr-FR","potentialAction":[{"@type":"ReadAction","target":["https:\/\/www.alquera.com\/sulfato-de-hierro\/pintar\/"]}]},{"@type":"ImageObject","inLanguage":"fr-FR","@id":"https:\/\/www.alquera.com\/sulfato-de-hierro\/pintar\/#primaryimage","url":"https:\/\/www.alquera.com\/wp-content\/uploads\/2021\/03\/SULFATO-DE-HIERRO-PARA-PINTAR.png","contentUrl":"https:\/\/www.alquera.com\/wp-content\/uploads\/2021\/03\/SULFATO-DE-HIERRO-PARA-PINTAR.png"},{"@type":"BreadcrumbList","@id":"https:\/\/www.alquera.com\/sulfato-de-hierro\/pintar\/#breadcrumb","itemListElement":[{"@type":"ListItem","position":1,"name":"Inicio","item":"https:\/\/www.alquera.com\/"},{"@type":"ListItem","position":2,"name":"Sulfato de Hierro","item":"https:\/\/www.alquera.com\/sulfato-de-hierro\/"},{"@type":"ListItem","position":3,"name":"Sulfato de Hierro para Pintar"}]},{"@type":"WebSite","@id":"https:\/\/www.alquera.com\/en\/#website","url":"https:\/\/www.alquera.com\/en\/","name":"Alquera.com","description":"Boutique en ligne Produits chimiques et \u00e9quipements de laboratoire","publisher":{"@id":"https:\/\/www.alquera.com\/en\/#organization"},"potentialAction":[{"@type":"SearchAction","target":{"@type":"EntryPoint","urlTemplate":"https:\/\/www.alquera.com\/en\/?s={search_term_string}"},"query-input":{"@type":"PropertyValueSpecification","valueRequired":true,"valueName":"search_term_string"}}],"inLanguage":"fr-FR"},{"@type":"Organization","@id":"https:\/\/www.alquera.com\/en\/#organization","name":"ALQUERA CIENCIA SL","url":"https:\/\/www.alquera.com\/en\/","logo":{"@type":"ImageObject","inLanguage":"fr-FR","@id":"https:\/\/www.alquera.com\/en\/#\/schema\/logo\/image\/","url":"https:\/\/www.alquera.com\/wp-content\/uploads\/2020\/11\/logo_300_ancho.png","contentUrl":"https:\/\/www.alquera.com\/wp-content\/uploads\/2020\/11\/logo_300_ancho.png","width":300,"height":86,"caption":"ALQUERA CIENCIA SL"},"image":{"@id":"https:\/\/www.alquera.com\/en\/#\/schema\/logo\/image\/"},"sameAs":["https:\/\/www.facebook.com\/alqueraciencia","https:\/\/www.instagram.com\/alquera_ciencia\/","https:\/\/www.youtube.com\/c\/alquera"]}]}},"_links":{"self":[{"href":"https:\/\/www.alquera.com\/fr\/wp-json\/wp\/v2\/pages\/33353","targetHints":{"allow":["GET"]}}],"collection":[{"href":"https:\/\/www.alquera.com\/fr\/wp-json\/wp\/v2\/pages"}],"about":[{"href":"https:\/\/www.alquera.com\/fr\/wp-json\/wp\/v2\/types\/page"}],"author":[{"embeddable":true,"href":"https:\/\/www.alquera.com\/fr\/wp-json\/wp\/v2\/users\/1"}],"replies":[{"embeddable":true,"href":"https:\/\/www.alquera.com\/fr\/wp-json\/wp\/v2\/comments?post=33353"}],"version-history":[{"count":18,"href":"https:\/\/www.alquera.com\/fr\/wp-json\/wp\/v2\/pages\/33353\/revisions"}],"predecessor-version":[{"id":56856,"href":"https:\/\/www.alquera.com\/fr\/wp-json\/wp\/v2\/pages\/33353\/revisions\/56856"}],"up":[{"embeddable":true,"href":"https:\/\/www.alquera.com\/fr\/wp-json\/wp\/v2\/pages\/33351"}],"wp:attachment":[{"href":"https:\/\/www.alquera.com\/fr\/wp-json\/wp\/v2\/media?parent=33353"}],"curies":[{"name":"wp","href":"https:\/\/api.w.org\/{rel}","templated":true}]}}