{"id":39758,"date":"2022-11-11T09:43:34","date_gmt":"2022-11-11T09:43:34","guid":{"rendered":"https:\/\/www.alquera.com\/?page_id=39758"},"modified":"2023-01-26T15:01:09","modified_gmt":"2023-01-26T15:01:09","slug":"experimentos-de-ciencias","status":"publish","type":"page","link":"https:\/\/www.alquera.com\/fr\/experimentos-de-ciencias\/","title":{"rendered":"Exp\u00e9riences scientifiques"},"content":{"rendered":"<p>Dans cette section, nous proposons une s\u00e9rie de pratiques ou d'exp\u00e9riences de chimie \u00e0 r\u00e9aliser en groupe. Les produits utilis\u00e9s sont des produits chimiquement purs, ou avec un degr\u00e9 de puret\u00e9 suffisant pour l'exp\u00e9rimentation (non analytique). Vous trouverez dans cette section des produits en vrac pour r\u00e9aliser quelques travaux pratiques : <a href=\"https:\/\/www.alquera.com\/fr\/productos-quimicos\/\">tous les produits<\/a>. Dans chaque pratique, vous trouverez les explications, la liste des mat\u00e9riaux inclus et non inclus, ainsi que la documentation technique associ\u00e9e \u00e0 la pratique. <\/p>\n\n\n\n<div class=\"filter-list\">\n\n  \n<\/div>\n\n\n\n\n\n<h2 class=\"wp-block-heading\" id=\"h-a-quien-va-dirigido-los-experimentos\">\u00c0 QUI LES EXP\u00c9RIENCES SONT ADRESS\u00c9ES<\/h2>\n\n\n\n<p>Les exp\u00e9riences de chimie, ou exp\u00e9riences scientifiques, sont destin\u00e9es au grand public, bien qu'elles soient sp\u00e9cifiquement con\u00e7ues pour \u00eatre r\u00e9alis\u00e9es plusieurs fois ou en groupe. La raison en est le temps n\u00e9cessaire \u00e0 la pr\u00e9paration de chaque exp\u00e9rience. Il est \u00e9galement tenu compte du fait que la r\u00e9alisation d'exp\u00e9riences n'est pas une pratique peu co\u00fbteuse et que le fait de penser \u00e0 les faire en groupe ou en plusieurs fois optimise le temps et le co\u00fbt de la pr\u00e9paration.<\/p>\n\n\n\n<h2 class=\"wp-block-heading\" id=\"h-como-pedir-un-kit-para-los-experimentos\">COMMENT COMMANDER UN KIT D'EXP\u00c9RIMENTATION<\/h2>\n\n\n\n<p>Vous pouvez commander un kit directement \u00e0 l'int\u00e9rieur du produit lui-m\u00eame. Les livraisons sont effectu\u00e9es quotidiennement et sont re\u00e7ues en 24\/28h en Espagne et au Portugal et en 4-5 jours en Europe. Si vous avez des questions, n'h\u00e9sitez pas \u00e0 <a href=\"https:\/\/www.alquera.com\/fr\/contactenos\/\">nous contacter.<\/a>. Dans chaque pratique, vous verrez une liste d\u00e9taill\u00e9e des produits. Si vous avez besoin de grandes quantit\u00e9s ou d'un r\u00e9approvisionnement, vous pouvez le commander par le biais du produit lui-m\u00eame. <\/p>\n\n\n\n<h2 class=\"wp-block-heading\" id=\"h-que-tipo-de-practicas-se-detallan\">QUEL TYPE DE PRATIQUES SONT D\u00c9TAILL\u00c9ES<\/h2>\n\n\n\n<p>Vous trouverez des exp\u00e9riences sur la chimie, le magn\u00e9tisme, les r\u00e9actions simples acide-base, les r\u00e9actions d'oxydation-r\u00e9duction et la cristallisation. <\/p>","protected":false},"excerpt":{"rendered":"<p>En este apartado te proponemos una serie de pr\u00e1cticas de qu\u00edmica o experimentos para realizar en grupo. Los productos utilizados son productos qu\u00edmicamente puros, o con un grado de pureza suficiente para experimentaci\u00f3n (no anal\u00edtica). puedes encontrar los productos sueltos para completar alguna pr\u00e1ctica en este apartado: todos los productos. Dentro de cada pr\u00e1ctica encontrar\u00e1s [&hellip;]<\/p>\n","protected":false},"author":1,"featured_media":0,"parent":0,"menu_order":0,"comment_status":"closed","ping_status":"closed","template":"","meta":{"_acf_changed":false,"site-sidebar-layout":"no-sidebar","site-content-layout":"default","ast-site-content-layout":"default","site-content-style":"default","site-sidebar-style":"default","ast-global-header-display":"","ast-banner-title-visibility":"","ast-main-header-display":"","ast-hfb-above-header-display":"","ast-hfb-below-header-display":"","ast-hfb-mobile-header-display":"","site-post-title":"","ast-breadcrumbs-content":"","ast-featured-img":"","footer-sml-layout":"","ast-disable-related-posts":"","theme-transparent-header-meta":"default","adv-header-id-meta":"","stick-header-meta":"default","header-above-stick-meta":"","header-main-stick-meta":"","header-below-stick-meta":"","astra-migrate-meta-layouts":"default","ast-page-background-enabled":"default","ast-page-background-meta":{"desktop":{"background-color":"var(--ast-global-color-4)","background-image":"","background-repeat":"repeat","background-position":"center center","background-size":"auto","background-attachment":"scroll","background-type":"","background-media":"","overlay-type":"","overlay-color":"","overlay-opacity":"","overlay-gradient":""},"tablet":{"background-color":"","background-image":"","background-repeat":"repeat","background-position":"center center","background-size":"auto","background-attachment":"scroll","background-type":"","background-media":"","overlay-type":"","overlay-color":"","overlay-opacity":"","overlay-gradient":""},"mobile":{"background-color":"","background-image":"","background-repeat":"repeat","background-position":"center center","background-size":"auto","background-attachment":"scroll","background-type":"","background-media":"","overlay-type":"","overlay-color":"","overlay-opacity":"","overlay-gradient":""}},"ast-content-background-meta":{"desktop":{"background-color":"var(--ast-global-color-5)","background-image":"","background-repeat":"repeat","background-position":"center center","background-size":"auto","background-attachment":"scroll","background-type":"","background-media":"","overlay-type":"","overlay-color":"","overlay-opacity":"","overlay-gradient":""},"tablet":{"background-color":"var(--ast-global-color-5)","background-image":"","background-repeat":"repeat","background-position":"center center","background-size":"auto","background-attachment":"scroll","background-type":"","background-media":"","overlay-type":"","overlay-color":"","overlay-opacity":"","overlay-gradient":""},"mobile":{"background-color":"var(--ast-global-color-5)","background-image":"","background-repeat":"repeat","background-position":"center center","background-size":"auto","background-attachment":"scroll","background-type":"","background-media":"","overlay-type":"","overlay-color":"","overlay-opacity":"","overlay-gradient":""}},"footnotes":""},"class_list":["post-39758","page","type-page","status-publish","hentry"],"acf":[],"yoast_head":"<!-- This site is optimized with the Yoast SEO Premium plugin v27.1 (Yoast SEO v27.1.1) - https:\/\/yoast.com\/product\/yoast-seo-premium-wordpress\/ -->\n<title>Experimentos de Ciencias - Alquera.com<\/title>\n<meta name=\"robots\" content=\"index, follow, max-snippet:-1, max-image-preview:large, max-video-preview:-1\" \/>\n<link rel=\"canonical\" href=\"https:\/\/www.alquera.com\/fr\/experimentos-de-ciencias\/\" \/>\n<meta property=\"og:locale\" content=\"fr_FR\" \/>\n<meta property=\"og:type\" content=\"article\" \/>\n<meta property=\"og:title\" content=\"Experimentos de Ciencias\" \/>\n<meta property=\"og:description\" content=\"En este apartado te proponemos una serie de pr\u00e1cticas de qu\u00edmica o experimentos para realizar en grupo. Los productos utilizados son productos qu\u00edmicamente puros, o con un grado de pureza suficiente para experimentaci\u00f3n (no anal\u00edtica). puedes encontrar los productos sueltos para completar alguna pr\u00e1ctica en este apartado: todos los productos. Dentro de cada pr\u00e1ctica encontrar\u00e1s [&hellip;]\" \/>\n<meta property=\"og:url\" content=\"https:\/\/www.alquera.com\/fr\/experimentos-de-ciencias\/\" \/>\n<meta property=\"og:site_name\" content=\"Alquera.com\" \/>\n<meta property=\"article:publisher\" content=\"https:\/\/www.facebook.com\/alqueraciencia\" \/>\n<meta property=\"article:modified_time\" content=\"2023-01-26T15:01:09+00:00\" \/>\n<meta name=\"twitter:card\" content=\"summary_large_image\" \/>\n<meta name=\"twitter:label1\" content=\"Dur\u00e9e de lecture estim\u00e9e\" \/>\n\t<meta name=\"twitter:data1\" content=\"2 minutes\" \/>\n<script type=\"application\/ld+json\" class=\"yoast-schema-graph\">{\"@context\":\"https:\/\/schema.org\",\"@graph\":[{\"@type\":\"WebPage\",\"@id\":\"https:\/\/www.alquera.com\/experimentos-de-ciencias\/\",\"url\":\"https:\/\/www.alquera.com\/experimentos-de-ciencias\/\",\"name\":\"Experimentos de Ciencias - Alquera.com\",\"isPartOf\":{\"@id\":\"https:\/\/www.alquera.com\/en\/#website\"},\"datePublished\":\"2022-11-11T09:43:34+00:00\",\"dateModified\":\"2023-01-26T15:01:09+00:00\",\"breadcrumb\":{\"@id\":\"https:\/\/www.alquera.com\/experimentos-de-ciencias\/#breadcrumb\"},\"inLanguage\":\"fr-FR\",\"potentialAction\":[{\"@type\":\"ReadAction\",\"target\":[\"https:\/\/www.alquera.com\/experimentos-de-ciencias\/\"]}]},{\"@type\":\"BreadcrumbList\",\"@id\":\"https:\/\/www.alquera.com\/experimentos-de-ciencias\/#breadcrumb\",\"itemListElement\":[{\"@type\":\"ListItem\",\"position\":1,\"name\":\"Inicio\",\"item\":\"https:\/\/www.alquera.com\/\"},{\"@type\":\"ListItem\",\"position\":2,\"name\":\"Experimentos de Ciencias\"}]},{\"@type\":\"WebSite\",\"@id\":\"https:\/\/www.alquera.com\/en\/#website\",\"url\":\"https:\/\/www.alquera.com\/en\/\",\"name\":\"Alquera.com\",\"description\":\"Tienda Online Productos Qu\u00edmicos y Material de Laboratorio\",\"publisher\":{\"@id\":\"https:\/\/www.alquera.com\/en\/#organization\"},\"potentialAction\":[{\"@type\":\"SearchAction\",\"target\":{\"@type\":\"EntryPoint\",\"urlTemplate\":\"https:\/\/www.alquera.com\/en\/?s={search_term_string}\"},\"query-input\":{\"@type\":\"PropertyValueSpecification\",\"valueRequired\":true,\"valueName\":\"search_term_string\"}}],\"inLanguage\":\"fr-FR\"},{\"@type\":\"Organization\",\"@id\":\"https:\/\/www.alquera.com\/en\/#organization\",\"name\":\"ALQUERA CIENCIA SL\",\"url\":\"https:\/\/www.alquera.com\/en\/\",\"logo\":{\"@type\":\"ImageObject\",\"inLanguage\":\"fr-FR\",\"@id\":\"https:\/\/www.alquera.com\/en\/#\/schema\/logo\/image\/\",\"url\":\"https:\/\/www.alquera.com\/wp-content\/uploads\/2020\/11\/logo_300_ancho.png\",\"contentUrl\":\"https:\/\/www.alquera.com\/wp-content\/uploads\/2020\/11\/logo_300_ancho.png\",\"width\":300,\"height\":86,\"caption\":\"ALQUERA CIENCIA SL\"},\"image\":{\"@id\":\"https:\/\/www.alquera.com\/en\/#\/schema\/logo\/image\/\"},\"sameAs\":[\"https:\/\/www.facebook.com\/alqueraciencia\",\"https:\/\/www.instagram.com\/alquera_ciencia\/\",\"https:\/\/www.youtube.com\/c\/alquera\"]}]}<\/script>\n<!-- \/ Yoast SEO Premium plugin. -->","yoast_head_json":{"title":"Exp\u00e9riences scientifiques - Alquera.com","robots":{"index":"index","follow":"follow","max-snippet":"max-snippet:-1","max-image-preview":"max-image-preview:large","max-video-preview":"max-video-preview:-1"},"canonical":"https:\/\/www.alquera.com\/fr\/experimentos-de-ciencias\/","og_locale":"fr_FR","og_type":"article","og_title":"Experimentos de Ciencias","og_description":"En este apartado te proponemos una serie de pr\u00e1cticas de qu\u00edmica o experimentos para realizar en grupo. Los productos utilizados son productos qu\u00edmicamente puros, o con un grado de pureza suficiente para experimentaci\u00f3n (no anal\u00edtica). puedes encontrar los productos sueltos para completar alguna pr\u00e1ctica en este apartado: todos los productos. Dentro de cada pr\u00e1ctica encontrar\u00e1s [&hellip;]","og_url":"https:\/\/www.alquera.com\/fr\/experimentos-de-ciencias\/","og_site_name":"Alquera.com","article_publisher":"https:\/\/www.facebook.com\/alqueraciencia","article_modified_time":"2023-01-26T15:01:09+00:00","twitter_card":"summary_large_image","twitter_misc":{"Dur\u00e9e de lecture estim\u00e9e":"2 minutes"},"schema":{"@context":"https:\/\/schema.org","@graph":[{"@type":"WebPage","@id":"https:\/\/www.alquera.com\/experimentos-de-ciencias\/","url":"https:\/\/www.alquera.com\/experimentos-de-ciencias\/","name":"Exp\u00e9riences scientifiques - Alquera.com","isPartOf":{"@id":"https:\/\/www.alquera.com\/en\/#website"},"datePublished":"2022-11-11T09:43:34+00:00","dateModified":"2023-01-26T15:01:09+00:00","breadcrumb":{"@id":"https:\/\/www.alquera.com\/experimentos-de-ciencias\/#breadcrumb"},"inLanguage":"fr-FR","potentialAction":[{"@type":"ReadAction","target":["https:\/\/www.alquera.com\/experimentos-de-ciencias\/"]}]},{"@type":"BreadcrumbList","@id":"https:\/\/www.alquera.com\/experimentos-de-ciencias\/#breadcrumb","itemListElement":[{"@type":"ListItem","position":1,"name":"Inicio","item":"https:\/\/www.alquera.com\/"},{"@type":"ListItem","position":2,"name":"Experimentos de Ciencias"}]},{"@type":"WebSite","@id":"https:\/\/www.alquera.com\/en\/#website","url":"https:\/\/www.alquera.com\/en\/","name":"Alquera.com","description":"Boutique en ligne Produits chimiques et \u00e9quipements de laboratoire","publisher":{"@id":"https:\/\/www.alquera.com\/en\/#organization"},"potentialAction":[{"@type":"SearchAction","target":{"@type":"EntryPoint","urlTemplate":"https:\/\/www.alquera.com\/en\/?s={search_term_string}"},"query-input":{"@type":"PropertyValueSpecification","valueRequired":true,"valueName":"search_term_string"}}],"inLanguage":"fr-FR"},{"@type":"Organization","@id":"https:\/\/www.alquera.com\/en\/#organization","name":"ALQUERA CIENCIA SL","url":"https:\/\/www.alquera.com\/en\/","logo":{"@type":"ImageObject","inLanguage":"fr-FR","@id":"https:\/\/www.alquera.com\/en\/#\/schema\/logo\/image\/","url":"https:\/\/www.alquera.com\/wp-content\/uploads\/2020\/11\/logo_300_ancho.png","contentUrl":"https:\/\/www.alquera.com\/wp-content\/uploads\/2020\/11\/logo_300_ancho.png","width":300,"height":86,"caption":"ALQUERA CIENCIA SL"},"image":{"@id":"https:\/\/www.alquera.com\/en\/#\/schema\/logo\/image\/"},"sameAs":["https:\/\/www.facebook.com\/alqueraciencia","https:\/\/www.instagram.com\/alquera_ciencia\/","https:\/\/www.youtube.com\/c\/alquera"]}]}},"_links":{"self":[{"href":"https:\/\/www.alquera.com\/fr\/wp-json\/wp\/v2\/pages\/39758","targetHints":{"allow":["GET"]}}],"collection":[{"href":"https:\/\/www.alquera.com\/fr\/wp-json\/wp\/v2\/pages"}],"about":[{"href":"https:\/\/www.alquera.com\/fr\/wp-json\/wp\/v2\/types\/page"}],"author":[{"embeddable":true,"href":"https:\/\/www.alquera.com\/fr\/wp-json\/wp\/v2\/users\/1"}],"replies":[{"embeddable":true,"href":"https:\/\/www.alquera.com\/fr\/wp-json\/wp\/v2\/comments?post=39758"}],"version-history":[{"count":57,"href":"https:\/\/www.alquera.com\/fr\/wp-json\/wp\/v2\/pages\/39758\/revisions"}],"predecessor-version":[{"id":40847,"href":"https:\/\/www.alquera.com\/fr\/wp-json\/wp\/v2\/pages\/39758\/revisions\/40847"}],"wp:attachment":[{"href":"https:\/\/www.alquera.com\/fr\/wp-json\/wp\/v2\/media?parent=39758"}],"curies":[{"name":"wp","href":"https:\/\/api.w.org\/{rel}","templated":true}]}}