{"id":7,"date":"2016-06-30T08:06:56","date_gmt":"2016-06-30T08:06:56","guid":{"rendered":"http:\/\/sulfatodro.cluster003.ovh.net\/?page_id=7"},"modified":"2021-09-12T14:15:21","modified_gmt":"2021-09-12T14:15:21","slug":"acuario","status":"publish","type":"page","link":"https:\/\/www.alquera.com\/fr\/sulfato-de-potasio\/acuario\/","title":{"rendered":"Sulfate de Potassium Aquarium"},"content":{"rendered":"<p>Si vous \u00eates un sp\u00e9cialiste de l'aquariophilie, ou si vous entretenez votre aquarium depuis longtemps, vous savez d\u00e9j\u00e0 que l'entretien des plantes vertes est une t\u00e2che suppl\u00e9mentaire \u00e0 l'entretien des poissons. Vous aurez remarqu\u00e9 qu'il est facile pour vos plantes de jaunir ou de brunir. Si c'est le cas, vos plantes ont une carence en potassium. De tous les nutriments dont les plantes d'aquarium ont besoin, le potassium est le seul que vous ne pouvez pas obtenir \u00e0 partir de la nourriture de vos poissons.  Ce manque de potassium peut \u00eatre r\u00e9solu en utilisant la fonction <a href=\"https:\/\/www.alquera.com\/fr\/sulfato-de-potasio\/\">Sulfate de Potassium<\/a>. Jetons un coup d'\u0153il aux composants dont les plantes d'aquarium ont besoin :<\/p>\n<p>Les plantes ont besoin de macro- et de micronutriments pour leur cycle de vie et les plantes d'aquarium ne font pas exception.<\/p>\n<h3>Composants n\u00e9cessaires pour les plantes d'aquarium<\/h3>\n<p><img loading=\"lazy\" decoding=\"async\" class=\"wp-image-32219 aligncenter\" src=\"https:\/\/www.alquera.com\/wp-content\/uploads\/2020\/12\/sulfato-de-potasio-acuario-300x144.jpg\" alt=\"\" width=\"450\" height=\"215\" srcset=\"https:\/\/www.alquera.com\/wp-content\/uploads\/2020\/12\/sulfato-de-potasio-acuario-300x144.jpg 300w, https:\/\/www.alquera.com\/wp-content\/uploads\/2020\/12\/sulfato-de-potasio-acuario-600x287.jpg 600w, https:\/\/www.alquera.com\/wp-content\/uploads\/2020\/12\/sulfato-de-potasio-acuario.jpg 702w\" sizes=\"auto, (max-width: 450px) 100vw, 450px\" \/><\/p>\n<p>Les <strong>macronutriments<\/strong>Ce sont les nutriments qui sont n\u00e9cessaires en plus grande quantit\u00e9. Ces composants sont : l'azote (N), le phosphore (P), le potassium (K), le calcium (Ca), le magn\u00e9sium (Mg) et le soufre (S).<\/p>\n<p>Les <strong>micronutriments<\/strong> sont les nutriments dont les plantes ont besoin en plus petites quantit\u00e9s, appel\u00e9s oligo-\u00e9l\u00e9ments : fer (Fe), cuivre (Cu), zinc (Zn), mangan\u00e8se (Mn), bore (B) et molybd\u00e8ne (Mb).<\/p>\n<p>Les macronutriments importants tels que le nitrate et le phosphate sont fournis aux plantes par les aliments et les d\u00e9chets organiques produits par les poissons, et les micronutriments n\u00e9cessaires peuvent \u00eatre obtenus en changeant l'eau du robinet.<\/p>\n<p>Cependant, le potassium est un macronutriment qui n'est pas g\u00e9n\u00e9r\u00e9 dans les aquariums et qui ne peut pas non plus \u00eatre obtenu de mani\u00e8re significative en changeant l'eau ; un apport en potassium sera donc n\u00e9cessaire pour l'entretien des plantes de l'aquarium. Le sulfate de potassium est le compos\u00e9 le plus couramment utilis\u00e9 pour extraire le potassium.<\/p>\n<h2><strong>Dosage recommand\u00e9 Sulfate de potassium Potassium Aquarium<\/strong><\/h2>\n<p>Lors du choix du dosage appropri\u00e9 de sulfate de potassium pour l'aquarium, il est n\u00e9cessaire de prendre en compte certains facteurs tels que les suivants :<\/p>\n<ul>\n<li>La taille de l'aquarium.<\/li>\n<li>Le nombre de plantes \u00e0 l'int\u00e9rieur.<\/li>\n<li>Le type de plante que l'on trouve dans l'aquarium.<\/li>\n<li>L'\u00e9clairage que vous avez.<\/li>\n<li>Fr\u00e9quence des changements d'eau<\/li>\n<\/ul>\n<p>A <strong>recommandation pour un aquarium standard<\/strong> seraient les montants suivants :<\/p>\n<p>50 grammes de sulfate de potassium m\u00e9lang\u00e9s \u00e0 1L d'eau, bien m\u00e9langer, et laisser reposer pendant 24 heures. Ensuite, pour chaque 100L d'eau d'aquarium, ajoutez environ 20ml de la solution. La fr\u00e9quence \u00e0 laquelle il faut ajouter les 20 ml de sulfate de potassium pour 100 ml d'eau est de 15 jours, au moment du changement d'eau de l'aquarium.<\/p>\n<p>&nbsp;<\/p>\n<p>Dans cette vid\u00e9o, vous pouvez voir un exemple de pr\u00e9paration du sulfate de potassium pour les aquariums :<\/p>\n<div class=\"ast-oembed-container\" style=\"height: 100%;\"><iframe loading=\"lazy\" title=\"Tutoriel : Comment pr\u00e9parer le sulfate de potassium pour la fertilisation des aquariums ?\" width=\"500\" height=\"281\" src=\"https:\/\/www.youtube.com\/embed\/lI6c0u7C20E?feature=oembed\" frameborder=\"0\" allow=\"accelerometer; autoplay; clipboard-write; encrypted-media; gyroscope; picture-in-picture; web-share\" referrerpolicy=\"strict-origin-when-cross-origin\" allowfullscreen><\/iframe><\/div>\n<p>&nbsp;<\/p>\n<h2><strong>Comment remarquer une carence en potassium dans un aquarium ?<\/strong><\/h2>\n<p>La carence en potassium chez les plantes d'aquarium peut devenir \u00e9vidente lorsque les feuilles commencent \u00e0 devenir un peu plus claires, jusqu'\u00e0 ce que les zones blanches deviennent transparentes si elles ne sont pas trait\u00e9es. Dans le pire des cas, des trous commencent \u00e0 se former dans les feuilles.<\/p>\n<p>Il est \u00e9galement conseill\u00e9 de fertiliser si les plantes sont mises en place avant les poissons, car ils n'auront pas de nutriments.<\/p>\n<p>Le sulfate de potassium n'est pas seulement utilis\u00e9 pour les plantes d'aquarium.  Il est \u00e9galement utilis\u00e9 pour la fertilisation des plantes s\u00e8ches, le potassium \u00e9tant l'un des \u00e9l\u00e9ments nutritifs essentiels. Plus d'informations sur <a href=\"https:\/\/www.alquera.com\/fr\/sulfato-de-potasio\/fertilizante\/\">cet article<\/a>.<\/p>\n<h3 class=\"widget-title\">Acheter <\/h3><div><div class=\"woocommerce\"><ul class=\"products columns-4\">\n<li class=\"desktop-align-left tablet-align-left mobile-align-left ast-product-gallery-layout-horizontal-slider ast-magnify-disabled ast-product-single-variable ast-product-tabs-layout-horizontal ast-qv-on-image product type-product post-495 status-publish first instock product_cat-productos-experimentos product_cat-productos has-post-thumbnail taxable shipping-taxable purchasable product-type-variable has-default-attributes\">\n\t<a href=\"https:\/\/www.alquera.com\/fr\/permanganato-de-potasio\/\" class=\"woocommerce-LoopProduct-link woocommerce-loop-product__link\"><img loading=\"lazy\" decoding=\"async\" width=\"300\" height=\"300\" src=\"https:\/\/www.alquera.com\/wp-content\/uploads\/2016\/01\/permanganato-200g-foto-nueva-300x300.png\" class=\"attachment-woocommerce_thumbnail size-woocommerce_thumbnail\" alt=\"permanganato 200g\" srcset=\"https:\/\/www.alquera.com\/wp-content\/uploads\/2016\/01\/permanganato-200g-foto-nueva-300x300.png 300w, https:\/\/www.alquera.com\/wp-content\/uploads\/2016\/01\/permanganato-200g-foto-nueva-150x150.png 150w, https:\/\/www.alquera.com\/wp-content\/uploads\/2016\/01\/permanganato-200g-foto-nueva-12x12.png 12w, https:\/\/www.alquera.com\/wp-content\/uploads\/2016\/01\/permanganato-200g-foto-nueva-100x100.png 100w\" sizes=\"auto, (max-width: 300px) 100vw, 300px\" \/><h2 class=\"woocommerce-loop-product__title\">Permanganate de Potassium<\/h2><div class=\"review-rating\"><div class=\"star-rating\"><span style=\"width:100%\" data-no-translation=\"\" data-trp-gettext=\"\">Note <strong class=\"rating\">5.00<\/strong> sur 5<\/span><\/div><\/div>\n<\/a><a href=\"https:\/\/www.alquera.com\/fr\/permanganato-de-potasio\/\" aria-describedby=\"woocommerce_loop_add_to_cart_link_describedby_495\" data-quantity=\"1\" class=\"button product_type_variable add_to_cart_button\" data-product_id=\"495\" data-product_sku=\"AL100111\" aria-label=\"S\u00e9lectionner les options pour \u201cPermanganato de Potasio\u201d\" rel=\"nofollow\" data-no-translation=\"\" data-trp-gettext=\"\" data-no-translation-aria-label=\"\">Choix des options<\/a>\t<span id=\"woocommerce_loop_add_to_cart_link_describedby_495\" class=\"screen-reader-text\">\n\t\tCe produit a plusieurs variations. Les options peuvent \u00eatre choisies sur la page du produit\t<\/span>\n<\/li>\n<\/ul>\n<\/div><\/div>\n<p class=\"widget-title\">Lire la suite<\/p><a href=\"https:\/\/www.alquera.com\/fr\/sulfato-de-potasio\/\">Sulfate de Potassium<\/a>\n<!-- Page-list plugin v.5.9 wordpress.org\/plugins\/page-list\/ -->\n<ul class=\"page-list siblings-page-list\">\n<li class=\"page_item page-item-5 menu-item\"><a href=\"https:\/\/www.alquera.com\/fr\/sulfato-de-potasio\/usos\/\" class=\"menu-link\">Utilisations du sulfate de potassium<\/a><\/li>\n<li class=\"page_item page-item-9 menu-item\"><a href=\"https:\/\/www.alquera.com\/fr\/sulfato-de-potasio\/fertilizante\/\" class=\"menu-link\">Engrais \u00e0 base de sulfate de potassium<\/a><\/li>\n<li class=\"page_item page-item-7 menu-item\"><a href=\"https:\/\/www.alquera.com\/fr\/sulfato-de-potasio\/acuario\/\" class=\"menu-link\">Sulfate de Potassium Aquarium<\/a><\/li>\n\n<\/ul>","protected":false},"excerpt":{"rendered":"<p>Si eres un especialista en acuarios, o llevas tiempo manteniendo tu acuario, ya sabr\u00e1s que mantener las plantas verdes es un trabajo adicional a la crianza de los peces. Habr\u00e1s visto que es f\u00e1cil que tus plantas se tornen de un color amarillo o marr\u00f3n. Si llegas a esa situaci\u00f3n es que tus plantas tienen [&hellip;]<\/p>\n","protected":false},"author":1,"featured_media":0,"parent":32591,"menu_order":3,"comment_status":"open","ping_status":"closed","template":"","meta":{"_acf_changed":false,"site-sidebar-layout":"default","site-content-layout":"default","ast-site-content-layout":"default","site-content-style":"default","site-sidebar-style":"default","ast-global-header-display":"","ast-banner-title-visibility":"","ast-main-header-display":"","ast-hfb-above-header-display":"","ast-hfb-below-header-display":"","ast-hfb-mobile-header-display":"","site-post-title":"","ast-breadcrumbs-content":"","ast-featured-img":"","footer-sml-layout":"","ast-disable-related-posts":"","theme-transparent-header-meta":"default","adv-header-id-meta":"","stick-header-meta":"default","header-above-stick-meta":"","header-main-stick-meta":"","header-below-stick-meta":"","astra-migrate-meta-layouts":"default","ast-page-background-enabled":"default","ast-page-background-meta":{"desktop":{"background-color":"var(--ast-global-color-4)","background-image":"","background-repeat":"repeat","background-position":"center center","background-size":"auto","background-attachment":"scroll","background-type":"","background-media":"","overlay-type":"","overlay-color":"","overlay-opacity":"","overlay-gradient":""},"tablet":{"background-color":"","background-image":"","background-repeat":"repeat","background-position":"center center","background-size":"auto","background-attachment":"scroll","background-type":"","background-media":"","overlay-type":"","overlay-color":"","overlay-opacity":"","overlay-gradient":""},"mobile":{"background-color":"","background-image":"","background-repeat":"repeat","background-position":"center center","background-size":"auto","background-attachment":"scroll","background-type":"","background-media":"","overlay-type":"","overlay-color":"","overlay-opacity":"","overlay-gradient":""}},"ast-content-background-meta":{"desktop":{"background-color":"var(--ast-global-color-5)","background-image":"","background-repeat":"repeat","background-position":"center center","background-size":"auto","background-attachment":"scroll","background-type":"","background-media":"","overlay-type":"","overlay-color":"","overlay-opacity":"","overlay-gradient":""},"tablet":{"background-color":"var(--ast-global-color-5)","background-image":"","background-repeat":"repeat","background-position":"center center","background-size":"auto","background-attachment":"scroll","background-type":"","background-media":"","overlay-type":"","overlay-color":"","overlay-opacity":"","overlay-gradient":""},"mobile":{"background-color":"var(--ast-global-color-5)","background-image":"","background-repeat":"repeat","background-position":"center center","background-size":"auto","background-attachment":"scroll","background-type":"","background-media":"","overlay-type":"","overlay-color":"","overlay-opacity":"","overlay-gradient":""}},"footnotes":""},"class_list":["post-7","page","type-page","status-publish","hentry"],"acf":[],"yoast_head":"<!-- This site is optimized with the Yoast SEO Premium plugin v27.1 (Yoast SEO v27.1.1) - https:\/\/yoast.com\/product\/yoast-seo-premium-wordpress\/ -->\n<title>Sulfato Potasico Acuario - Alquera.com<\/title>\n<meta name=\"robots\" content=\"index, follow, max-snippet:-1, max-image-preview:large, max-video-preview:-1\" \/>\n<link rel=\"canonical\" href=\"https:\/\/www.alquera.com\/fr\/sulfato-de-potasio\/acuario\/\" \/>\n<meta property=\"og:locale\" content=\"fr_FR\" \/>\n<meta property=\"og:type\" content=\"article\" \/>\n<meta property=\"og:title\" content=\"Sulfato Potasico Acuario\" \/>\n<meta property=\"og:description\" content=\"Si eres un especialista en acuarios, o llevas tiempo manteniendo tu acuario, ya sabr\u00e1s que mantener las plantas verdes es un trabajo adicional a la crianza de los peces. Habr\u00e1s visto que es f\u00e1cil que tus plantas se tornen de un color amarillo o marr\u00f3n. Si llegas a esa situaci\u00f3n es que tus plantas tienen [&hellip;]\" \/>\n<meta property=\"og:url\" content=\"https:\/\/www.alquera.com\/fr\/sulfato-de-potasio\/acuario\/\" \/>\n<meta property=\"og:site_name\" content=\"Alquera.com\" \/>\n<meta property=\"article:publisher\" content=\"https:\/\/www.facebook.com\/alqueraciencia\" \/>\n<meta property=\"article:modified_time\" content=\"2021-09-12T14:15:21+00:00\" \/>\n<meta property=\"og:image\" content=\"https:\/\/www.alquera.com\/wp-content\/uploads\/2020\/12\/sulfato-de-potasio-acuario-300x144.jpg\" \/>\n<meta name=\"twitter:card\" content=\"summary_large_image\" \/>\n<meta name=\"twitter:label1\" content=\"Dur\u00e9e de lecture estim\u00e9e\" \/>\n\t<meta name=\"twitter:data1\" content=\"3 minutes\" \/>\n<script type=\"application\/ld+json\" class=\"yoast-schema-graph\">{\"@context\":\"https:\/\/schema.org\",\"@graph\":[{\"@type\":\"WebPage\",\"@id\":\"https:\/\/www.alquera.com\/sulfato-de-potasio\/acuario\/\",\"url\":\"https:\/\/www.alquera.com\/sulfato-de-potasio\/acuario\/\",\"name\":\"Sulfato Potasico Acuario - Alquera.com\",\"isPartOf\":{\"@id\":\"https:\/\/www.alquera.com\/en\/#website\"},\"primaryImageOfPage\":{\"@id\":\"https:\/\/www.alquera.com\/sulfato-de-potasio\/acuario\/#primaryimage\"},\"image\":{\"@id\":\"https:\/\/www.alquera.com\/sulfato-de-potasio\/acuario\/#primaryimage\"},\"thumbnailUrl\":\"https:\/\/www.alquera.com\/wp-content\/uploads\/2020\/12\/sulfato-de-potasio-acuario-300x144.jpg\",\"datePublished\":\"2016-06-30T08:06:56+00:00\",\"dateModified\":\"2021-09-12T14:15:21+00:00\",\"breadcrumb\":{\"@id\":\"https:\/\/www.alquera.com\/sulfato-de-potasio\/acuario\/#breadcrumb\"},\"inLanguage\":\"fr-FR\",\"potentialAction\":[{\"@type\":\"ReadAction\",\"target\":[\"https:\/\/www.alquera.com\/sulfato-de-potasio\/acuario\/\"]}]},{\"@type\":\"ImageObject\",\"inLanguage\":\"fr-FR\",\"@id\":\"https:\/\/www.alquera.com\/sulfato-de-potasio\/acuario\/#primaryimage\",\"url\":\"https:\/\/www.alquera.com\/wp-content\/uploads\/2020\/12\/sulfato-de-potasio-acuario-300x144.jpg\",\"contentUrl\":\"https:\/\/www.alquera.com\/wp-content\/uploads\/2020\/12\/sulfato-de-potasio-acuario-300x144.jpg\"},{\"@type\":\"BreadcrumbList\",\"@id\":\"https:\/\/www.alquera.com\/sulfato-de-potasio\/acuario\/#breadcrumb\",\"itemListElement\":[{\"@type\":\"ListItem\",\"position\":1,\"name\":\"Inicio\",\"item\":\"https:\/\/www.alquera.com\/\"},{\"@type\":\"ListItem\",\"position\":2,\"name\":\"Sulfato de Potasio\",\"item\":\"https:\/\/www.alquera.com\/sulfato-de-potasio\/\"},{\"@type\":\"ListItem\",\"position\":3,\"name\":\"Sulfato Potasico Acuario\"}]},{\"@type\":\"WebSite\",\"@id\":\"https:\/\/www.alquera.com\/en\/#website\",\"url\":\"https:\/\/www.alquera.com\/en\/\",\"name\":\"Alquera.com\",\"description\":\"Tienda Online Productos Qu\u00edmicos y Material de Laboratorio\",\"publisher\":{\"@id\":\"https:\/\/www.alquera.com\/en\/#organization\"},\"potentialAction\":[{\"@type\":\"SearchAction\",\"target\":{\"@type\":\"EntryPoint\",\"urlTemplate\":\"https:\/\/www.alquera.com\/en\/?s={search_term_string}\"},\"query-input\":{\"@type\":\"PropertyValueSpecification\",\"valueRequired\":true,\"valueName\":\"search_term_string\"}}],\"inLanguage\":\"fr-FR\"},{\"@type\":\"Organization\",\"@id\":\"https:\/\/www.alquera.com\/en\/#organization\",\"name\":\"ALQUERA CIENCIA SL\",\"url\":\"https:\/\/www.alquera.com\/en\/\",\"logo\":{\"@type\":\"ImageObject\",\"inLanguage\":\"fr-FR\",\"@id\":\"https:\/\/www.alquera.com\/en\/#\/schema\/logo\/image\/\",\"url\":\"https:\/\/www.alquera.com\/wp-content\/uploads\/2020\/11\/logo_300_ancho.png\",\"contentUrl\":\"https:\/\/www.alquera.com\/wp-content\/uploads\/2020\/11\/logo_300_ancho.png\",\"width\":300,\"height\":86,\"caption\":\"ALQUERA CIENCIA SL\"},\"image\":{\"@id\":\"https:\/\/www.alquera.com\/en\/#\/schema\/logo\/image\/\"},\"sameAs\":[\"https:\/\/www.facebook.com\/alqueraciencia\",\"https:\/\/www.instagram.com\/alquera_ciencia\/\",\"https:\/\/www.youtube.com\/c\/alquera\"]}]}<\/script>\n<!-- \/ Yoast SEO Premium plugin. -->","yoast_head_json":{"title":"Sulfate de Potassium Aquarium - Alquera.com","robots":{"index":"index","follow":"follow","max-snippet":"max-snippet:-1","max-image-preview":"max-image-preview:large","max-video-preview":"max-video-preview:-1"},"canonical":"https:\/\/www.alquera.com\/fr\/sulfato-de-potasio\/acuario\/","og_locale":"fr_FR","og_type":"article","og_title":"Sulfato Potasico Acuario","og_description":"Si eres un especialista en acuarios, o llevas tiempo manteniendo tu acuario, ya sabr\u00e1s que mantener las plantas verdes es un trabajo adicional a la crianza de los peces. Habr\u00e1s visto que es f\u00e1cil que tus plantas se tornen de un color amarillo o marr\u00f3n. Si llegas a esa situaci\u00f3n es que tus plantas tienen [&hellip;]","og_url":"https:\/\/www.alquera.com\/fr\/sulfato-de-potasio\/acuario\/","og_site_name":"Alquera.com","article_publisher":"https:\/\/www.facebook.com\/alqueraciencia","article_modified_time":"2021-09-12T14:15:21+00:00","og_image":[{"url":"https:\/\/www.alquera.com\/wp-content\/uploads\/2020\/12\/sulfato-de-potasio-acuario-300x144.jpg","type":"","width":"","height":""}],"twitter_card":"summary_large_image","twitter_misc":{"Dur\u00e9e de lecture estim\u00e9e":"3 minutes"},"schema":{"@context":"https:\/\/schema.org","@graph":[{"@type":"WebPage","@id":"https:\/\/www.alquera.com\/sulfato-de-potasio\/acuario\/","url":"https:\/\/www.alquera.com\/sulfato-de-potasio\/acuario\/","name":"Sulfate de Potassium Aquarium - Alquera.com","isPartOf":{"@id":"https:\/\/www.alquera.com\/en\/#website"},"primaryImageOfPage":{"@id":"https:\/\/www.alquera.com\/sulfato-de-potasio\/acuario\/#primaryimage"},"image":{"@id":"https:\/\/www.alquera.com\/sulfato-de-potasio\/acuario\/#primaryimage"},"thumbnailUrl":"https:\/\/www.alquera.com\/wp-content\/uploads\/2020\/12\/sulfato-de-potasio-acuario-300x144.jpg","datePublished":"2016-06-30T08:06:56+00:00","dateModified":"2021-09-12T14:15:21+00:00","breadcrumb":{"@id":"https:\/\/www.alquera.com\/sulfato-de-potasio\/acuario\/#breadcrumb"},"inLanguage":"fr-FR","potentialAction":[{"@type":"ReadAction","target":["https:\/\/www.alquera.com\/sulfato-de-potasio\/acuario\/"]}]},{"@type":"ImageObject","inLanguage":"fr-FR","@id":"https:\/\/www.alquera.com\/sulfato-de-potasio\/acuario\/#primaryimage","url":"https:\/\/www.alquera.com\/wp-content\/uploads\/2020\/12\/sulfato-de-potasio-acuario-300x144.jpg","contentUrl":"https:\/\/www.alquera.com\/wp-content\/uploads\/2020\/12\/sulfato-de-potasio-acuario-300x144.jpg"},{"@type":"BreadcrumbList","@id":"https:\/\/www.alquera.com\/sulfato-de-potasio\/acuario\/#breadcrumb","itemListElement":[{"@type":"ListItem","position":1,"name":"Inicio","item":"https:\/\/www.alquera.com\/"},{"@type":"ListItem","position":2,"name":"Sulfato de Potasio","item":"https:\/\/www.alquera.com\/sulfato-de-potasio\/"},{"@type":"ListItem","position":3,"name":"Sulfato Potasico Acuario"}]},{"@type":"WebSite","@id":"https:\/\/www.alquera.com\/en\/#website","url":"https:\/\/www.alquera.com\/en\/","name":"Alquera.com","description":"Boutique en ligne Produits chimiques et \u00e9quipements de laboratoire","publisher":{"@id":"https:\/\/www.alquera.com\/en\/#organization"},"potentialAction":[{"@type":"SearchAction","target":{"@type":"EntryPoint","urlTemplate":"https:\/\/www.alquera.com\/en\/?s={search_term_string}"},"query-input":{"@type":"PropertyValueSpecification","valueRequired":true,"valueName":"search_term_string"}}],"inLanguage":"fr-FR"},{"@type":"Organization","@id":"https:\/\/www.alquera.com\/en\/#organization","name":"ALQUERA CIENCIA SL","url":"https:\/\/www.alquera.com\/en\/","logo":{"@type":"ImageObject","inLanguage":"fr-FR","@id":"https:\/\/www.alquera.com\/en\/#\/schema\/logo\/image\/","url":"https:\/\/www.alquera.com\/wp-content\/uploads\/2020\/11\/logo_300_ancho.png","contentUrl":"https:\/\/www.alquera.com\/wp-content\/uploads\/2020\/11\/logo_300_ancho.png","width":300,"height":86,"caption":"ALQUERA CIENCIA SL"},"image":{"@id":"https:\/\/www.alquera.com\/en\/#\/schema\/logo\/image\/"},"sameAs":["https:\/\/www.facebook.com\/alqueraciencia","https:\/\/www.instagram.com\/alquera_ciencia\/","https:\/\/www.youtube.com\/c\/alquera"]}]}},"_links":{"self":[{"href":"https:\/\/www.alquera.com\/fr\/wp-json\/wp\/v2\/pages\/7","targetHints":{"allow":["GET"]}}],"collection":[{"href":"https:\/\/www.alquera.com\/fr\/wp-json\/wp\/v2\/pages"}],"about":[{"href":"https:\/\/www.alquera.com\/fr\/wp-json\/wp\/v2\/types\/page"}],"author":[{"embeddable":true,"href":"https:\/\/www.alquera.com\/fr\/wp-json\/wp\/v2\/users\/1"}],"replies":[{"embeddable":true,"href":"https:\/\/www.alquera.com\/fr\/wp-json\/wp\/v2\/comments?post=7"}],"version-history":[{"count":11,"href":"https:\/\/www.alquera.com\/fr\/wp-json\/wp\/v2\/pages\/7\/revisions"}],"predecessor-version":[{"id":34967,"href":"https:\/\/www.alquera.com\/fr\/wp-json\/wp\/v2\/pages\/7\/revisions\/34967"}],"up":[{"embeddable":true,"href":"https:\/\/www.alquera.com\/fr\/wp-json\/wp\/v2\/pages\/32591"}],"wp:attachment":[{"href":"https:\/\/www.alquera.com\/fr\/wp-json\/wp\/v2\/media?parent=7"}],"curies":[{"name":"wp","href":"https:\/\/api.w.org\/{rel}","templated":true}]}}