{"id":9082,"date":"2020-10-06T11:14:40","date_gmt":"2020-10-06T11:14:40","guid":{"rendered":"http:\/\/localhost\/alquera\/?page_id=9082"},"modified":"2025-01-29T10:22:55","modified_gmt":"2025-01-29T10:22:55","slug":"1-entrega","status":"publish","type":"page","link":"https:\/\/www.alquera.com\/fr\/1-entrega\/","title":{"rendered":"Livraisons et Retours"},"content":{"rendered":"<h2 class=\"wp-block-heading\" id=\"h-quienes-somos\">QUI NOUS SOMMES?<\/h2>\n\n\n\n<p>Alquera Ciencia SL est une soci\u00e9t\u00e9 de distribution et de commercialisation de produits chimiques et de mat\u00e9riel de laboratoire. Chez Alquera, nous travaillons avec les meilleurs fabricants offrant une haute qualit\u00e9 au meilleur prix de chaque produit. Dans chaque produit, vous verrez sa fiche technique avec la qualit\u00e9 et la puret\u00e9 du produit et de ses applications, et si vous avez des questions suppl\u00e9mentaires, n'h\u00e9sitez pas \u00e0 nous contacter \u00e0 info@alquera.com<\/p>\n\n\n\n<h2 class=\"wp-block-heading\" id=\"h-como-se-realiza-la-compra\">COMMENT S'EFFECTUE L'ACHAT?<\/h2>\n\n\n\n<p>L'achat des produits d'Alquera se fait via le Web. Par d\u00e9faut, les livraisons des commandes sont effectu\u00e9es par exp\u00e9dition via TNT Fedex. Lorsque vous ajoutez un produit \u00e0 votre panier et entres l'adresse, vous pouvez voir les frais d'exp\u00e9dition associ\u00e9s. Pour les envois \u00e0 partir de 75Kg, l'exp\u00e9dition se fait sous forme pall\u00e9taris\u00e9e (sauf avis).<\/p>\n\n\n\n<p><\/p>\n\n\n\n<h2 class=\"wp-block-heading\" id=\"h-hay-pedido-minimo\">IL Y A UNE COMMANDE MINIMUM?<\/h2>\n\n\n\n<p>Il n'y a pas de commande minimum. Vous pouvez commander n'importe quel produit que vous voyez annonc\u00e9 sur la web. Vous verrez les frais d'exp\u00e9dition ssoci\u00e9s dans le panier lors de la commande.&nbsp;<\/p>\n\n\n\n<h2 class=\"wp-block-heading\" id=\"h-como-se-realiza-el-envio\">COMMENT L'ENVOI EST EFFECTU\u00c9?<\/h2>\n\n\n\n<p>Las commandes de moins de 80Kg sont exp\u00e9di\u00e9es par l'entreprise TNT Fedex. D\u00e8s que votre commande est en pr\u00e9paration, vous recevrez un e-mail vous informant qu'elle est en pr\u00e9paration et de l\u00e0, dans 6\/7 jours vous le recevrez.<\/p>\n\n\n\n<p>.&nbsp;<\/p>\n\n\n\n<h2 class=\"wp-block-heading\" id=\"h-cual-es-el-plazo-de-entrega-de-los-productos\">QUEL EST LE D\u00c9LAI DE LIVRAISON DES PRODUITS?<\/h2>\n\n\n\n<p>Les exp\u00e9ditions des produits d'Alquera se font par messagerie en 6\/7 jours. En cas de retard dans votre commande, nous vous contacterons pour vous indiquer la date de livraison. Si vous choisissez de r\u00e9cuperer le produit, vous devrez attendre une confirmation de notre part, qui sera normalement le jour ouvrable suivant la commande.&nbsp;<\/p>\n\n\n\n<p>Si vous avez de questions vous pouvez nous contacter dans info@alquera.com.<\/p>\n\n\n\n<h2 class=\"wp-block-heading\" id=\"h-que-formas-de-pago-se-pueden-usar\">QUELLES FORMES DE PAIEMENT UTILISER?<\/h2>\n\n\n\n<p><strong>TRANSFERT BANCAIRE<\/strong><\/p>\n\n\n\n<p>Apr\u00e8s l'achat, vous pouvez s\u00e9lectionner l'option de  transfert bancaire. Dans ce cas, vous devrez faire un d\u00e9p\u00f4t, pour le montant de votre commande, sur le compte dont dipose ALQUERA CIENCIA SL sur BBVA. Vous recevrez toutes les informations \u00e0 la fin de la commande.&nbsp;<\/p>\n\n\n\n<p><strong>Titulaire du compte:<\/strong>&nbsp;Alquera Ciencia SL<br><strong>D\u00e9tails du compte:<\/strong>&nbsp;Compte bancaire BBVA<br><strong>IBAN :<\/strong>&nbsp;ES76 0182 0192 7702 0163 2437&nbsp;<\/p>\n\n\n\n<p>Il convient d'indiquer la r\u00e9f\u00e9rence de la commande lors du transfert. Pour acc\u00e9l\u00e9rer le processus, il est recommand\u00e9 d'envoyer la preuvre de transfert \u00e0 info@alquera.com par e-mail ou par l'une des m\u00e9thodes de contact.&nbsp;<a href=\"https:\/\/www.alquera.com\/fr\/contactenos\/\">m\u00e9thodes de contact<\/a>.&nbsp;&nbsp;<\/p>\n\n\n\n<p><strong>CARTE BANCAIRE<\/strong><\/p>\n\n\n\n<p>Vous pouvez commander par carte de cr\u00e9dit ou de d\u00e9bit. Nous travaillons avec Redsys, dans un environnement absolutement s\u00fbr et sans jamais laisser de donn\u00e9es de carte bancaire. Pour la s\u00e9curit\u00e9 Redsys fonctionne en envoyant un message \u00e0 votre movil pour confirmer l'operation. En cas de probl\u00e8me ou de ne recevoir pas le message, Paypal peut \u00e9galement effectuer le paiement par carte, m\u00eame sans compte enregistr\u00e9 de Paypal.<\/p>\n\n\n\n<p><strong>PAYPAL<\/strong><\/p>\n\n\n\n<p>Vous pouvez \u00e9galement effectuer le paiement via PayPal, comme d'habitude avec ce mode de paiement. En outre, m\u00eame si vous n'avez pas de compte paypal, vous pouvez effectuer le paiement par carte \u00e0 travers cette plateforme (au cas o\u00f9 la passerelle Redsys vous donnerait une erreur, par exemple). Pour ce faire, une fois redirig\u00e9 vers paypal, vous verrez que sous le bouton \"cr\u00e9er un compte\" dans paypal, il y a un bouton qui dit \"payer par carte\", pouvant ainsi effectuer le paiement par carte sans avoir de compte paypal, en suivant simplement les \u00e9tapes qui sont indiqu\u00e9es.&nbsp;<\/p>\n\n\n\n<h2 class=\"wp-block-heading\" id=\"h-los-precios-incluyen-iva\">LES PRIX INCLUENT VAT?<\/h2>\n\n\n\n<p>Les prix indiqu\u00e9s NE comprennent pas la TVA, ils sont donc consid\u00e9r\u00e9s comme des prix finaux. Pour les envois \u00e0 destination des \u00eeles Canaries, une fois que vous aurez saisi l'adresse de livraison, le pourcentage de TVA sera d\u00e9duit. Pour les envois vers les \u00eeles Canaries sup\u00e9rieurs \u00e0 150\u20ac, nous devrons calculer les frais de douane.<\/p>\n\n\n\n<h2 class=\"wp-block-heading\" id=\"h-cuales-son-los-gastos-de-envio\">QUELS SONT LES FRAIS D'EXP\u00c9DITION?<\/h2>\n\n\n\n<p>Le prix des frais d'exp\u00e9dition appara\u00eet une fois que vous avez ajout\u00e9 les produits que vous souhaitez au panier.<\/p>\n\n\n\n<p>Le prix d\u00e9pend de la quantit\u00e9 de Kg et en fonction de la zone de la France \u00e0 envoyer.<\/p>\n\n\n\n<p>Pour plus d'informations sur les exp\u00e9ditions, consultez la section\u00a0<a href=\"https:\/\/www.alquera.com\/fr\/1-entrega\/\">d'envois et retours.<\/a>\u00a0.<\/p>\n\n\n\n<h2 class=\"wp-block-heading\" id=\"h-se-permiten-devoluciones-de-los-productos\">LES PRODUITS PEUVENT-ILS \u00caTRE RETOURN\u00c9S?<\/h2>\n\n\n\n<p>Alquera Ciencia SL acceptera les retours de produits \u00e0 condition qu'ils soient notifi\u00e9s dans les 10 jours suivant la livraison de la commande. Dans le cas o\u00f9 les produits ne r\u00e9pondraient pas de mani\u00e8re justifi\u00e9e aux caract\u00e9ristiques contractuelles, Alquera prendra en charge les frais de retour. Dans le cas contraire, les frais d'envoi et de retour sont \u00e0 la charge de l'acheteur.  Pour plus de d\u00e9tails, vous pouvez consulter la politique de\u00a0<a href=\"https:\/\/www.alquera.com\/fr\/1-entrega\/\">d'envois et retour.<\/a><\/p>\n\n\n\n<h2 class=\"wp-block-heading\" id=\"h-puede-variar-la-presentacion-del-producto-que-recibo\">LA PR\u00c9SENTATION DU PRODUIT QUE SE RE\u00c7OIS PEUT-ELLE VARIER?<\/h2>\n\n\n\n<p>La pr\u00e9sentation du produit n'est pas toujours comme indiqu\u00e9 sur la photo. Nous essayons d'\u00eatre aussi pr\u00e9cis que possible avec les photos, mais nous n'avons pas toujours la photo de chaque format , couleur, emballage, etc<\/p>\n\n\n\n<p>Par cons\u00e9quent, nous pourrions montrer une photographie g\u00e9n\u00e9rique pour pr\u00e9senter un produit ou une ligne de produits.<\/p>\n\n\n\n<p>Ne passez jamais une commande en fonction de la photo affich\u00e9e, passez votre commande en fonction du nom du produit. Rappelez-vous qu'en cas de doute, vous pouvez toujours nous contacter.<\/p>","protected":false},"excerpt":{"rendered":"<p>\u00bfQUIENES SOMOS? Alquera Ciencia SL es una empresa de distribuci\u00f3n y comercializaci\u00f3n de productos qu\u00edmicos y material de laboratorio.&nbsp;En Alquera trabajamos con los mejores fabricantes ofreciendo alta calidad al mejor de los precios de cada producto. Dentro de cada producto podr\u00e1s ver su ficha t\u00e9cnica con la calidad y pureza del producto y sus aplicaciones, [&hellip;]<\/p>\n","protected":false},"author":1,"featured_media":0,"parent":0,"menu_order":0,"comment_status":"closed","ping_status":"closed","template":"","meta":{"_acf_changed":false,"site-sidebar-layout":"left-sidebar","site-content-layout":"default","ast-site-content-layout":"default","site-content-style":"default","site-sidebar-style":"default","ast-global-header-display":"","ast-banner-title-visibility":"","ast-main-header-display":"","ast-hfb-above-header-display":"","ast-hfb-below-header-display":"","ast-hfb-mobile-header-display":"","site-post-title":"","ast-breadcrumbs-content":"","ast-featured-img":"","footer-sml-layout":"","ast-disable-related-posts":"","theme-transparent-header-meta":"default","adv-header-id-meta":"","stick-header-meta":"default","header-above-stick-meta":"","header-main-stick-meta":"","header-below-stick-meta":"","astra-migrate-meta-layouts":"set","ast-page-background-enabled":"default","ast-page-background-meta":{"desktop":{"background-color":"var(--ast-global-color-4)","background-image":"","background-repeat":"repeat","background-position":"center center","background-size":"auto","background-attachment":"scroll","background-type":"","background-media":"","overlay-type":"","overlay-color":"","overlay-opacity":"","overlay-gradient":""},"tablet":{"background-color":"","background-image":"","background-repeat":"repeat","background-position":"center center","background-size":"auto","background-attachment":"scroll","background-type":"","background-media":"","overlay-type":"","overlay-color":"","overlay-opacity":"","overlay-gradient":""},"mobile":{"background-color":"","background-image":"","background-repeat":"repeat","background-position":"center center","background-size":"auto","background-attachment":"scroll","background-type":"","background-media":"","overlay-type":"","overlay-color":"","overlay-opacity":"","overlay-gradient":""}},"ast-content-background-meta":{"desktop":{"background-color":"var(--ast-global-color-5)","background-image":"","background-repeat":"repeat","background-position":"center center","background-size":"auto","background-attachment":"scroll","background-type":"","background-media":"","overlay-type":"","overlay-color":"","overlay-opacity":"","overlay-gradient":""},"tablet":{"background-color":"var(--ast-global-color-5)","background-image":"","background-repeat":"repeat","background-position":"center center","background-size":"auto","background-attachment":"scroll","background-type":"","background-media":"","overlay-type":"","overlay-color":"","overlay-opacity":"","overlay-gradient":""},"mobile":{"background-color":"var(--ast-global-color-5)","background-image":"","background-repeat":"repeat","background-position":"center center","background-size":"auto","background-attachment":"scroll","background-type":"","background-media":"","overlay-type":"","overlay-color":"","overlay-opacity":"","overlay-gradient":""}},"footnotes":""},"class_list":["post-9082","page","type-page","status-publish","hentry"],"acf":[],"yoast_head":"<!-- This site is optimized with the Yoast SEO Premium plugin v27.1 (Yoast SEO v27.1.1) - https:\/\/yoast.com\/product\/yoast-seo-premium-wordpress\/ -->\n<title>Env\u00edos y Devoluciones - Alquera.com<\/title>\n<meta name=\"robots\" content=\"index, follow, max-snippet:-1, max-image-preview:large, max-video-preview:-1\" \/>\n<link rel=\"canonical\" href=\"https:\/\/www.alquera.com\/fr\/1-entrega\/\" \/>\n<meta property=\"og:locale\" content=\"fr_FR\" \/>\n<meta property=\"og:type\" content=\"article\" \/>\n<meta property=\"og:title\" content=\"Env\u00edos y Devoluciones\" \/>\n<meta property=\"og:description\" content=\"\u00bfQUIENES SOMOS? Alquera Ciencia SL es una empresa de distribuci\u00f3n y comercializaci\u00f3n de productos qu\u00edmicos y material de laboratorio.&nbsp;En Alquera trabajamos con los mejores fabricantes ofreciendo alta calidad al mejor de los precios de cada producto. Dentro de cada producto podr\u00e1s ver su ficha t\u00e9cnica con la calidad y pureza del producto y sus aplicaciones, [&hellip;]\" \/>\n<meta property=\"og:url\" content=\"https:\/\/www.alquera.com\/fr\/1-entrega\/\" \/>\n<meta property=\"og:site_name\" content=\"Alquera.com\" \/>\n<meta property=\"article:publisher\" content=\"https:\/\/www.facebook.com\/alqueraciencia\" \/>\n<meta property=\"article:modified_time\" content=\"2025-01-29T10:22:55+00:00\" \/>\n<meta name=\"twitter:card\" content=\"summary_large_image\" \/>\n<meta name=\"twitter:label1\" content=\"Dur\u00e9e de lecture estim\u00e9e\" \/>\n\t<meta name=\"twitter:data1\" content=\"5 minutes\" \/>\n<script type=\"application\/ld+json\" class=\"yoast-schema-graph\">{\"@context\":\"https:\/\/schema.org\",\"@graph\":[{\"@type\":\"WebPage\",\"@id\":\"https:\/\/www.alquera.com\/1-entrega\/\",\"url\":\"https:\/\/www.alquera.com\/1-entrega\/\",\"name\":\"Env\u00edos y Devoluciones - Alquera.com\",\"isPartOf\":{\"@id\":\"https:\/\/www.alquera.com\/en\/#website\"},\"datePublished\":\"2020-10-06T11:14:40+00:00\",\"dateModified\":\"2025-01-29T10:22:55+00:00\",\"breadcrumb\":{\"@id\":\"https:\/\/www.alquera.com\/1-entrega\/#breadcrumb\"},\"inLanguage\":\"fr-FR\",\"potentialAction\":[{\"@type\":\"ReadAction\",\"target\":[\"https:\/\/www.alquera.com\/1-entrega\/\"]}]},{\"@type\":\"BreadcrumbList\",\"@id\":\"https:\/\/www.alquera.com\/1-entrega\/#breadcrumb\",\"itemListElement\":[{\"@type\":\"ListItem\",\"position\":1,\"name\":\"Inicio\",\"item\":\"https:\/\/www.alquera.com\/\"},{\"@type\":\"ListItem\",\"position\":2,\"name\":\"Env\u00edos y Devoluciones\"}]},{\"@type\":\"WebSite\",\"@id\":\"https:\/\/www.alquera.com\/en\/#website\",\"url\":\"https:\/\/www.alquera.com\/en\/\",\"name\":\"Alquera.com\",\"description\":\"Tienda Online Productos Qu\u00edmicos y Material de Laboratorio\",\"publisher\":{\"@id\":\"https:\/\/www.alquera.com\/en\/#organization\"},\"potentialAction\":[{\"@type\":\"SearchAction\",\"target\":{\"@type\":\"EntryPoint\",\"urlTemplate\":\"https:\/\/www.alquera.com\/en\/?s={search_term_string}\"},\"query-input\":{\"@type\":\"PropertyValueSpecification\",\"valueRequired\":true,\"valueName\":\"search_term_string\"}}],\"inLanguage\":\"fr-FR\"},{\"@type\":\"Organization\",\"@id\":\"https:\/\/www.alquera.com\/en\/#organization\",\"name\":\"ALQUERA CIENCIA SL\",\"url\":\"https:\/\/www.alquera.com\/en\/\",\"logo\":{\"@type\":\"ImageObject\",\"inLanguage\":\"fr-FR\",\"@id\":\"https:\/\/www.alquera.com\/en\/#\/schema\/logo\/image\/\",\"url\":\"https:\/\/www.alquera.com\/wp-content\/uploads\/2020\/11\/logo_300_ancho.png\",\"contentUrl\":\"https:\/\/www.alquera.com\/wp-content\/uploads\/2020\/11\/logo_300_ancho.png\",\"width\":300,\"height\":86,\"caption\":\"ALQUERA CIENCIA SL\"},\"image\":{\"@id\":\"https:\/\/www.alquera.com\/en\/#\/schema\/logo\/image\/\"},\"sameAs\":[\"https:\/\/www.facebook.com\/alqueraciencia\",\"https:\/\/www.instagram.com\/alquera_ciencia\/\",\"https:\/\/www.youtube.com\/c\/alquera\"]}]}<\/script>\n<!-- \/ Yoast SEO Premium plugin. -->","yoast_head_json":{"title":"Exp\u00e9dition et retours - Alquera.com","robots":{"index":"index","follow":"follow","max-snippet":"max-snippet:-1","max-image-preview":"max-image-preview:large","max-video-preview":"max-video-preview:-1"},"canonical":"https:\/\/www.alquera.com\/fr\/1-entrega\/","og_locale":"fr_FR","og_type":"article","og_title":"Env\u00edos y Devoluciones","og_description":"\u00bfQUIENES SOMOS? Alquera Ciencia SL es una empresa de distribuci\u00f3n y comercializaci\u00f3n de productos qu\u00edmicos y material de laboratorio.&nbsp;En Alquera trabajamos con los mejores fabricantes ofreciendo alta calidad al mejor de los precios de cada producto. Dentro de cada producto podr\u00e1s ver su ficha t\u00e9cnica con la calidad y pureza del producto y sus aplicaciones, [&hellip;]","og_url":"https:\/\/www.alquera.com\/fr\/1-entrega\/","og_site_name":"Alquera.com","article_publisher":"https:\/\/www.facebook.com\/alqueraciencia","article_modified_time":"2025-01-29T10:22:55+00:00","twitter_card":"summary_large_image","twitter_misc":{"Dur\u00e9e de lecture estim\u00e9e":"5 minutes"},"schema":{"@context":"https:\/\/schema.org","@graph":[{"@type":"WebPage","@id":"https:\/\/www.alquera.com\/1-entrega\/","url":"https:\/\/www.alquera.com\/1-entrega\/","name":"Exp\u00e9dition et retours - Alquera.com","isPartOf":{"@id":"https:\/\/www.alquera.com\/en\/#website"},"datePublished":"2020-10-06T11:14:40+00:00","dateModified":"2025-01-29T10:22:55+00:00","breadcrumb":{"@id":"https:\/\/www.alquera.com\/1-entrega\/#breadcrumb"},"inLanguage":"fr-FR","potentialAction":[{"@type":"ReadAction","target":["https:\/\/www.alquera.com\/1-entrega\/"]}]},{"@type":"BreadcrumbList","@id":"https:\/\/www.alquera.com\/1-entrega\/#breadcrumb","itemListElement":[{"@type":"ListItem","position":1,"name":"Inicio","item":"https:\/\/www.alquera.com\/"},{"@type":"ListItem","position":2,"name":"Env\u00edos y Devoluciones"}]},{"@type":"WebSite","@id":"https:\/\/www.alquera.com\/en\/#website","url":"https:\/\/www.alquera.com\/en\/","name":"Alquera.com","description":"Boutique en ligne Produits chimiques et \u00e9quipements de laboratoire","publisher":{"@id":"https:\/\/www.alquera.com\/en\/#organization"},"potentialAction":[{"@type":"SearchAction","target":{"@type":"EntryPoint","urlTemplate":"https:\/\/www.alquera.com\/en\/?s={search_term_string}"},"query-input":{"@type":"PropertyValueSpecification","valueRequired":true,"valueName":"search_term_string"}}],"inLanguage":"fr-FR"},{"@type":"Organization","@id":"https:\/\/www.alquera.com\/en\/#organization","name":"ALQUERA CIENCIA SL","url":"https:\/\/www.alquera.com\/en\/","logo":{"@type":"ImageObject","inLanguage":"fr-FR","@id":"https:\/\/www.alquera.com\/en\/#\/schema\/logo\/image\/","url":"https:\/\/www.alquera.com\/wp-content\/uploads\/2020\/11\/logo_300_ancho.png","contentUrl":"https:\/\/www.alquera.com\/wp-content\/uploads\/2020\/11\/logo_300_ancho.png","width":300,"height":86,"caption":"ALQUERA CIENCIA SL"},"image":{"@id":"https:\/\/www.alquera.com\/en\/#\/schema\/logo\/image\/"},"sameAs":["https:\/\/www.facebook.com\/alqueraciencia","https:\/\/www.instagram.com\/alquera_ciencia\/","https:\/\/www.youtube.com\/c\/alquera"]}]}},"_links":{"self":[{"href":"https:\/\/www.alquera.com\/fr\/wp-json\/wp\/v2\/pages\/9082","targetHints":{"allow":["GET"]}}],"collection":[{"href":"https:\/\/www.alquera.com\/fr\/wp-json\/wp\/v2\/pages"}],"about":[{"href":"https:\/\/www.alquera.com\/fr\/wp-json\/wp\/v2\/types\/page"}],"author":[{"embeddable":true,"href":"https:\/\/www.alquera.com\/fr\/wp-json\/wp\/v2\/users\/1"}],"replies":[{"embeddable":true,"href":"https:\/\/www.alquera.com\/fr\/wp-json\/wp\/v2\/comments?post=9082"}],"version-history":[{"count":11,"href":"https:\/\/www.alquera.com\/fr\/wp-json\/wp\/v2\/pages\/9082\/revisions"}],"predecessor-version":[{"id":51191,"href":"https:\/\/www.alquera.com\/fr\/wp-json\/wp\/v2\/pages\/9082\/revisions\/51191"}],"wp:attachment":[{"href":"https:\/\/www.alquera.com\/fr\/wp-json\/wp\/v2\/media?parent=9082"}],"curies":[{"name":"wp","href":"https:\/\/api.w.org\/{rel}","templated":true}]}}