{"id":9086,"date":"2020-10-06T11:18:06","date_gmt":"2020-10-06T11:18:06","guid":{"rendered":"http:\/\/localhost\/alquera\/?page_id=9086"},"modified":"2025-01-29T10:23:44","modified_gmt":"2025-01-29T10:23:44","slug":"9-politica-de-privacidad","status":"publish","type":"page","link":"https:\/\/www.alquera.com\/fr\/9-politica-de-privacidad\/","title":{"rendered":"Politique de Confidentialit\u00e9"},"content":{"rendered":"<h2 class=\"wp-block-heading\">POLITIQUE EN MATI\u00c8RE DE COOKIES<\/h2>\r\n\r\n\r\n\r\n<p><strong>UTILISATION DES COOKIES ET DU FICHIER D'ACTIVIT\u00c9<\/strong><\/p>\r\n\r\n\r\n\r\n<p>Le fournisseur, pour son propre compte ou celui d'un tiers engag\u00e9 pour fournir des services de mesure, peut utiliser des cookies lorsqu'un utilisateur navigue sur le site web. Les cookies sont des fichiers envoy\u00e9s au navigateur par un serveur web afin d'enregistrer les activit\u00e9s de l'utilisateur au cours de sa navigation.<\/p>\r\n\r\n\r\n\r\n<p>Les cookies utilis\u00e9s par le site web sont uniquement associ\u00e9s \u00e0 un utilisateur anonyme et \u00e0 son ordinateur, et ne fournissent pas en eux-m\u00eames les donn\u00e9es personnelles de l'utilisateur.<\/p>\r\n\r\n\r\n\r\n<p>Gr\u00e2ce \u00e0 l'utilisation de cookies, il est possible que le serveur o\u00f9 se trouve le site web reconnaisse le navigateur web utilis\u00e9 par l'utilisateur afin de faciliter la navigation, en permettant, par exemple, aux utilisateurs qui se sont pr\u00e9alablement inscrits, d'acc\u00e9der \u00e0 des zones, des services, des promotions ou des concours qui leur sont exclusivement r\u00e9serv\u00e9s sans devoir s'inscrire \u00e0 chaque visite. Ils servent \u00e9galement \u00e0 mesurer les param\u00e8tres d'audience et de trafic, \u00e0 suivre les progr\u00e8s et le nombre d'entr\u00e9es.<\/p>\r\n\r\n\r\n\r\n<p>L'utilisateur a la possibilit\u00e9 de configurer son navigateur pour \u00eatre inform\u00e9 de la r\u00e9ception de cookies et pour emp\u00eacher leur installation sur son ordinateur. Veuillez consulter les instructions et les manuels de votre navigateur pour plus d'informations.<\/p>\r\n\r\n\r\n\r\n<p>Pour utiliser le site web, il n'est pas n\u00e9cessaire que l'utilisateur permette l'installation des cookies envoy\u00e9s par le site web, ou le tiers agissant en son nom, sans pr\u00e9judice du fait qu'il est n\u00e9cessaire que l'utilisateur se connecte en tant que tel dans chacun des services dont la prestation requiert une inscription pr\u00e9alable ou \"login\".<\/p>\r\n\r\n\r\n\r\n<p>Les cookies utilis\u00e9s sur ce site sont, dans tous les cas, de nature temporaire dans le seul but de rendre plus efficace leur transmission ult\u00e9rieure. En aucun cas, les cookies ne seront utilis\u00e9s pour collecter des informations personnelles.<\/p>\r\n\r\n\r\n\r\n<p><strong>D\u00c9FINITION ET FONCTIONS<\/strong><\/p>\r\n\r\n\r\n\r\n<p>Un cookie est un fichier qui est t\u00e9l\u00e9charg\u00e9 sur votre ordinateur lorsque vous acc\u00e9dez \u00e0 certains sites web. Les cookies permettent \u00e0 un site web, entre autres, de stocker et de r\u00e9cup\u00e9rer des informations sur les habitudes de navigation d'un utilisateur ou de son ordinateur et, selon les informations qu'ils contiennent et la fa\u00e7on dont vous utilisez votre ordinateur, ils peuvent \u00eatre utilis\u00e9s pour reconna\u00eetre l'utilisateur.<\/p>\r\n\r\n\r\n\r\n<p><strong>TYPES DE COOKIES UTILIS\u00c9S<\/strong><\/p>\r\n\r\n\r\n\r\n<p><em>1. Cookies de performance<\/em><\/p>\r\n\r\n\r\n\r\n<p>Il s'agit de cookies, trait\u00e9s par nous ou par des tiers, qui recueillent des informations sur la mani\u00e8re dont le site web est utilis\u00e9 (par exemple, les pages que vous visitez ou si des erreurs se produisent) et qui nous aident \u00e0 localiser et \u00e0 r\u00e9soudre les probl\u00e8mes, \u00e0 quantifier le nombre d'utilisateurs ou \u00e0 mesurer l'utilisation du site web. Toutes les informations recueillies sont totalement anonymes et nous aident \u00e0 comprendre le fonctionnement de notre site et \u00e0 y apporter des am\u00e9liorations pour faciliter votre navigation.<\/p>\r\n\r\n\r\n\r\n<p>L'utilisation de ces cookies permettra :<\/p>\r\n\r\n\r\n\r\n<p>Vous naviguez sur le site et nous pouvons compiler des informations sur la fa\u00e7on dont vous utilisez le site, afin de comprendre la convivialit\u00e9 du site et de nous aider \u00e0 apporter les am\u00e9liorations n\u00e9cessaires. Ces cookies ne collecteront aucune information vous concernant qui puisse \u00eatre utilis\u00e9e \u00e0 des fins publicitaires, ni aucune information sur vos pr\u00e9f\u00e9rences (telles que vos donn\u00e9es d'utilisateur) au-del\u00e0 de cette visite particuli\u00e8re.<\/p>\r\n\r\n\r\n\r\n<p><em>2. Cookies fonctionnels<\/em><\/p>\r\n\r\n\r\n\r\n<p>L'objectif de ces cookies est d'am\u00e9liorer l'exp\u00e9rience des utilisateurs. Ils sont utilis\u00e9s pour m\u00e9moriser certains param\u00e8tres ou pour fournir certains services ou messages qui peuvent am\u00e9liorer votre exp\u00e9rience sur notre site. Par exemple, ils se souviennent du pays ou de la langue que vous avez s\u00e9lectionn\u00e9s lors de la visite des pages, et ne sont pas utilis\u00e9s \u00e0 des fins de marketing.<\/p>\r\n\r\n\r\n\r\n<p>L'utilisation de ces cookies permettra :<\/p>\r\n\r\n\r\n\r\n<p>M\u00e9morisez vos donn\u00e9es de connexion client lorsque vous revenez sur le site. Ne recueillez jamais d'informations vous concernant qui pourraient \u00eatre utilis\u00e9es \u00e0 des fins publicitaires, ni d'informations sur vos pr\u00e9f\u00e9rences (telles que vos donn\u00e9es utilisateur) au-del\u00e0 de cette visite particuli\u00e8re.<\/p>\r\n\r\n\r\n\r\n<p><em>3. Cookies de marketing<\/em><\/p>\r\n\r\n\r\n\r\n<p>Il s'agit de cookies g\u00e9r\u00e9s par des tiers. Ils sont envoy\u00e9s \u00e0 l'\u00e9quipement terminal de l'utilisateur depuis un ordinateur ou un domaine qui n'est pas g\u00e9r\u00e9 par l'\u00e9diteur, mais par une autre entit\u00e9 qui traite les donn\u00e9es obtenues par le biais des cookies. Vous pouvez donc utiliser les outils de ces tiers pour restreindre l'utilisation de ces cookies. Par exemple, certains d'entre eux sont utilis\u00e9s pour \u00e9tablir des liens vers d'autres sites web qui fournissent certains services pour visualiser ou t\u00e9l\u00e9charger des vid\u00e9os, partager du contenu sur des r\u00e9seaux sociaux (Facebook, Twitter ou Google). Et dans d'autres cas, ils peuvent \u00e9galement modifier les publicit\u00e9s d'autres sites web pour les adapter \u00e0 vos pr\u00e9f\u00e9rences.<\/p>\r\n\r\n\r\n\r\n<p>L'utilisation de ces cookies permettra :<\/p>\r\n\r\n\r\n\r\n<p>L'\u00e9tablissement de liens avec des r\u00e9seaux sociaux, la visualisation ou le t\u00e9l\u00e9chargement de vid\u00e9os, l'obtention d'informations sur votre visite sur notre site web, utiles pour adapter les publicit\u00e9s \u00e0 afficher sur d'autres sites ou pages web. Il est \u00e9galement possible que, lorsque vous visitez une page web ou ouvrez un courrier \u00e9lectronique o\u00f9 une publicit\u00e9 ou une promotion concernant nos produits ou services est publi\u00e9e, un cookie soit install\u00e9 dans votre navigateur qui nous aide \u00e0 vous montrer ult\u00e9rieurement des publicit\u00e9s li\u00e9es \u00e0 la recherche que vous avez effectu\u00e9e, \u00e0 d\u00e9velopper un contr\u00f4le de nos publicit\u00e9s par rapport, par exemple, au nombre de fois qu'elles sont vues, o\u00f9 elles apparaissent, \u00e0 quelle heure elles sont vues, etc.<\/p>\r\n\r\n\r\n\r\n<p><strong>R\u00c9VOCATION ET SUPPRESSION DES COOKIES<\/strong><\/p>\r\n\r\n\r\n\r\n<p>Vous pouvez autoriser, bloquer ou supprimer les cookies install\u00e9s sur votre ordinateur en configurant les options de votre navigateur.<br \/>install\u00e9s sur votre ordinateur, si vous n'autorisez pas l'installation de cookies dans votre navigateur, il se peut que vous ne puissiez pas acc\u00e9der \u00e0 certains des sites web suivants<br \/>des sections de notre site web.<\/p>\r\n\r\n\r\n\r\n<p>Pour savoir comment g\u00e9rer les cookies dans votre navigateur, veuillez consulter les liens ci-dessous :<\/p>\r\n\r\n\r\n\r\n<p>Firefox de\u00a0<a href=\"http:\/\/support.mozilla.org\/es\/kb\/habilitar-y-deshabilitar-cookies-que-los-sitios-we\">http:\/\/support.mozilla.org\/es\/kb\/habilitar-y-deshabilitar-cookies-que-los-sitios-we<\/a><br \/>Chrome de\u00a0<a href=\"http:\/\/support.google.com\/chrome\/bin\/answer.py?hl=es&amp;answer=95647\">http:\/\/support.google.com\/chrome\/bin\/answer.py?hl=es&amp;answer=95647<\/a><br \/>Explorer de\u00a0<a href=\"http:\/\/windows.microsoft.com\/es-es\/windows7\/how-to-manage-cookies-in-internet-explorer-9\">http:\/\/windows.microsoft.com\/es-es\/windows7\/how-to-manage-cookies-in-internet-explorer-9<\/a><br \/>Safari de\u00a0<a href=\"http:\/\/support.apple.com\/kb\/ph5042\">http:\/\/support.apple.com\/kb\/ph5042<\/a><\/p>\r\n\r\n\r\n\r\n<p>En outre, si vous souhaitez obtenir de plus amples informations sur la mani\u00e8re dont nous utilisons les cookies, veuillez envoyer un courrier \u00e9lectronique \u00e0 l'adresse suivante : info@alquera.com.<\/p>","protected":false},"excerpt":{"rendered":"<p>POL\u00cdTICA DE COOKIES USO DE COOKIES Y DEL FICHERO DE ACTIVIDAD El prestador por su propia cuenta o la de un tercero contratado para la prestaci\u00f3n de servicios de medici\u00f3n, pueden utilizar cookies cuando un usuario navega por el sitio web. Las cookies son ficheros enviados al navegador por medio de un servidor web con [&hellip;]<\/p>\n","protected":false},"author":1,"featured_media":0,"parent":0,"menu_order":0,"comment_status":"closed","ping_status":"closed","template":"","meta":{"_acf_changed":false,"site-sidebar-layout":"left-sidebar","site-content-layout":"","ast-site-content-layout":"default","site-content-style":"default","site-sidebar-style":"default","ast-global-header-display":"","ast-banner-title-visibility":"","ast-main-header-display":"","ast-hfb-above-header-display":"","ast-hfb-below-header-display":"","ast-hfb-mobile-header-display":"","site-post-title":"","ast-breadcrumbs-content":"","ast-featured-img":"","footer-sml-layout":"","ast-disable-related-posts":"","theme-transparent-header-meta":"","adv-header-id-meta":"","stick-header-meta":"","header-above-stick-meta":"","header-main-stick-meta":"","header-below-stick-meta":"","astra-migrate-meta-layouts":"set","ast-page-background-enabled":"default","ast-page-background-meta":{"desktop":{"background-color":"var(--ast-global-color-4)","background-image":"","background-repeat":"repeat","background-position":"center center","background-size":"auto","background-attachment":"scroll","background-type":"","background-media":"","overlay-type":"","overlay-color":"","overlay-opacity":"","overlay-gradient":""},"tablet":{"background-color":"","background-image":"","background-repeat":"repeat","background-position":"center center","background-size":"auto","background-attachment":"scroll","background-type":"","background-media":"","overlay-type":"","overlay-color":"","overlay-opacity":"","overlay-gradient":""},"mobile":{"background-color":"","background-image":"","background-repeat":"repeat","background-position":"center center","background-size":"auto","background-attachment":"scroll","background-type":"","background-media":"","overlay-type":"","overlay-color":"","overlay-opacity":"","overlay-gradient":""}},"ast-content-background-meta":{"desktop":{"background-color":"var(--ast-global-color-5)","background-image":"","background-repeat":"repeat","background-position":"center center","background-size":"auto","background-attachment":"scroll","background-type":"","background-media":"","overlay-type":"","overlay-color":"","overlay-opacity":"","overlay-gradient":""},"tablet":{"background-color":"var(--ast-global-color-5)","background-image":"","background-repeat":"repeat","background-position":"center center","background-size":"auto","background-attachment":"scroll","background-type":"","background-media":"","overlay-type":"","overlay-color":"","overlay-opacity":"","overlay-gradient":""},"mobile":{"background-color":"var(--ast-global-color-5)","background-image":"","background-repeat":"repeat","background-position":"center center","background-size":"auto","background-attachment":"scroll","background-type":"","background-media":"","overlay-type":"","overlay-color":"","overlay-opacity":"","overlay-gradient":""}},"footnotes":""},"class_list":["post-9086","page","type-page","status-publish","hentry"],"acf":[],"yoast_head":"<!-- This site is optimized with the Yoast SEO Premium plugin v27.1 (Yoast SEO v27.1.1) - https:\/\/yoast.com\/product\/yoast-seo-premium-wordpress\/ -->\n<title>Pol\u00edtica de Privacidad - Alquera.com<\/title>\n<meta name=\"robots\" content=\"index, follow, max-snippet:-1, max-image-preview:large, max-video-preview:-1\" \/>\n<link rel=\"canonical\" href=\"https:\/\/www.alquera.com\/fr\/9-politica-de-privacidad\/\" \/>\n<meta property=\"og:locale\" content=\"fr_FR\" \/>\n<meta property=\"og:type\" content=\"article\" \/>\n<meta property=\"og:title\" content=\"Pol\u00edtica de Privacidad\" \/>\n<meta property=\"og:description\" content=\"POL\u00cdTICA DE COOKIES USO DE COOKIES Y DEL FICHERO DE ACTIVIDAD El prestador por su propia cuenta o la de un tercero contratado para la prestaci\u00f3n de servicios de medici\u00f3n, pueden utilizar cookies cuando un usuario navega por el sitio web. Las cookies son ficheros enviados al navegador por medio de un servidor web con [&hellip;]\" \/>\n<meta property=\"og:url\" content=\"https:\/\/www.alquera.com\/fr\/9-politica-de-privacidad\/\" \/>\n<meta property=\"og:site_name\" content=\"Alquera.com\" \/>\n<meta property=\"article:publisher\" content=\"https:\/\/www.facebook.com\/alqueraciencia\" \/>\n<meta property=\"article:modified_time\" content=\"2025-01-29T10:23:44+00:00\" \/>\n<meta name=\"twitter:card\" content=\"summary_large_image\" \/>\n<meta name=\"twitter:label1\" content=\"Dur\u00e9e de lecture estim\u00e9e\" \/>\n\t<meta name=\"twitter:data1\" content=\"5 minutes\" \/>\n<script type=\"application\/ld+json\" class=\"yoast-schema-graph\">{\"@context\":\"https:\/\/schema.org\",\"@graph\":[{\"@type\":\"WebPage\",\"@id\":\"https:\/\/www.alquera.com\/9-politica-de-privacidad\/\",\"url\":\"https:\/\/www.alquera.com\/9-politica-de-privacidad\/\",\"name\":\"Pol\u00edtica de Privacidad - Alquera.com\",\"isPartOf\":{\"@id\":\"https:\/\/www.alquera.com\/en\/#website\"},\"datePublished\":\"2020-10-06T11:18:06+00:00\",\"dateModified\":\"2025-01-29T10:23:44+00:00\",\"breadcrumb\":{\"@id\":\"https:\/\/www.alquera.com\/9-politica-de-privacidad\/#breadcrumb\"},\"inLanguage\":\"fr-FR\",\"potentialAction\":[{\"@type\":\"ReadAction\",\"target\":[\"https:\/\/www.alquera.com\/9-politica-de-privacidad\/\"]}]},{\"@type\":\"BreadcrumbList\",\"@id\":\"https:\/\/www.alquera.com\/9-politica-de-privacidad\/#breadcrumb\",\"itemListElement\":[{\"@type\":\"ListItem\",\"position\":1,\"name\":\"Inicio\",\"item\":\"https:\/\/www.alquera.com\/\"},{\"@type\":\"ListItem\",\"position\":2,\"name\":\"Pol\u00edtica de Privacidad\"}]},{\"@type\":\"WebSite\",\"@id\":\"https:\/\/www.alquera.com\/en\/#website\",\"url\":\"https:\/\/www.alquera.com\/en\/\",\"name\":\"Alquera.com\",\"description\":\"Tienda Online Productos Qu\u00edmicos y Material de Laboratorio\",\"publisher\":{\"@id\":\"https:\/\/www.alquera.com\/en\/#organization\"},\"potentialAction\":[{\"@type\":\"SearchAction\",\"target\":{\"@type\":\"EntryPoint\",\"urlTemplate\":\"https:\/\/www.alquera.com\/en\/?s={search_term_string}\"},\"query-input\":{\"@type\":\"PropertyValueSpecification\",\"valueRequired\":true,\"valueName\":\"search_term_string\"}}],\"inLanguage\":\"fr-FR\"},{\"@type\":\"Organization\",\"@id\":\"https:\/\/www.alquera.com\/en\/#organization\",\"name\":\"ALQUERA CIENCIA SL\",\"url\":\"https:\/\/www.alquera.com\/en\/\",\"logo\":{\"@type\":\"ImageObject\",\"inLanguage\":\"fr-FR\",\"@id\":\"https:\/\/www.alquera.com\/en\/#\/schema\/logo\/image\/\",\"url\":\"https:\/\/www.alquera.com\/wp-content\/uploads\/2020\/11\/logo_300_ancho.png\",\"contentUrl\":\"https:\/\/www.alquera.com\/wp-content\/uploads\/2020\/11\/logo_300_ancho.png\",\"width\":300,\"height\":86,\"caption\":\"ALQUERA CIENCIA SL\"},\"image\":{\"@id\":\"https:\/\/www.alquera.com\/en\/#\/schema\/logo\/image\/\"},\"sameAs\":[\"https:\/\/www.facebook.com\/alqueraciencia\",\"https:\/\/www.instagram.com\/alquera_ciencia\/\",\"https:\/\/www.youtube.com\/c\/alquera\"]}]}<\/script>\n<!-- \/ Yoast SEO Premium plugin. -->","yoast_head_json":{"title":"Politique de confidentialit\u00e9 - Alquera.com","robots":{"index":"index","follow":"follow","max-snippet":"max-snippet:-1","max-image-preview":"max-image-preview:large","max-video-preview":"max-video-preview:-1"},"canonical":"https:\/\/www.alquera.com\/fr\/9-politica-de-privacidad\/","og_locale":"fr_FR","og_type":"article","og_title":"Pol\u00edtica de Privacidad","og_description":"POL\u00cdTICA DE COOKIES USO DE COOKIES Y DEL FICHERO DE ACTIVIDAD El prestador por su propia cuenta o la de un tercero contratado para la prestaci\u00f3n de servicios de medici\u00f3n, pueden utilizar cookies cuando un usuario navega por el sitio web. Las cookies son ficheros enviados al navegador por medio de un servidor web con [&hellip;]","og_url":"https:\/\/www.alquera.com\/fr\/9-politica-de-privacidad\/","og_site_name":"Alquera.com","article_publisher":"https:\/\/www.facebook.com\/alqueraciencia","article_modified_time":"2025-01-29T10:23:44+00:00","twitter_card":"summary_large_image","twitter_misc":{"Dur\u00e9e de lecture estim\u00e9e":"5 minutes"},"schema":{"@context":"https:\/\/schema.org","@graph":[{"@type":"WebPage","@id":"https:\/\/www.alquera.com\/9-politica-de-privacidad\/","url":"https:\/\/www.alquera.com\/9-politica-de-privacidad\/","name":"Politique de confidentialit\u00e9 - Alquera.com","isPartOf":{"@id":"https:\/\/www.alquera.com\/en\/#website"},"datePublished":"2020-10-06T11:18:06+00:00","dateModified":"2025-01-29T10:23:44+00:00","breadcrumb":{"@id":"https:\/\/www.alquera.com\/9-politica-de-privacidad\/#breadcrumb"},"inLanguage":"fr-FR","potentialAction":[{"@type":"ReadAction","target":["https:\/\/www.alquera.com\/9-politica-de-privacidad\/"]}]},{"@type":"BreadcrumbList","@id":"https:\/\/www.alquera.com\/9-politica-de-privacidad\/#breadcrumb","itemListElement":[{"@type":"ListItem","position":1,"name":"Inicio","item":"https:\/\/www.alquera.com\/"},{"@type":"ListItem","position":2,"name":"Pol\u00edtica de Privacidad"}]},{"@type":"WebSite","@id":"https:\/\/www.alquera.com\/en\/#website","url":"https:\/\/www.alquera.com\/en\/","name":"Alquera.com","description":"Boutique en ligne Produits chimiques et \u00e9quipements de laboratoire","publisher":{"@id":"https:\/\/www.alquera.com\/en\/#organization"},"potentialAction":[{"@type":"SearchAction","target":{"@type":"EntryPoint","urlTemplate":"https:\/\/www.alquera.com\/en\/?s={search_term_string}"},"query-input":{"@type":"PropertyValueSpecification","valueRequired":true,"valueName":"search_term_string"}}],"inLanguage":"fr-FR"},{"@type":"Organization","@id":"https:\/\/www.alquera.com\/en\/#organization","name":"ALQUERA CIENCIA SL","url":"https:\/\/www.alquera.com\/en\/","logo":{"@type":"ImageObject","inLanguage":"fr-FR","@id":"https:\/\/www.alquera.com\/en\/#\/schema\/logo\/image\/","url":"https:\/\/www.alquera.com\/wp-content\/uploads\/2020\/11\/logo_300_ancho.png","contentUrl":"https:\/\/www.alquera.com\/wp-content\/uploads\/2020\/11\/logo_300_ancho.png","width":300,"height":86,"caption":"ALQUERA CIENCIA SL"},"image":{"@id":"https:\/\/www.alquera.com\/en\/#\/schema\/logo\/image\/"},"sameAs":["https:\/\/www.facebook.com\/alqueraciencia","https:\/\/www.instagram.com\/alquera_ciencia\/","https:\/\/www.youtube.com\/c\/alquera"]}]}},"_links":{"self":[{"href":"https:\/\/www.alquera.com\/fr\/wp-json\/wp\/v2\/pages\/9086","targetHints":{"allow":["GET"]}}],"collection":[{"href":"https:\/\/www.alquera.com\/fr\/wp-json\/wp\/v2\/pages"}],"about":[{"href":"https:\/\/www.alquera.com\/fr\/wp-json\/wp\/v2\/types\/page"}],"author":[{"embeddable":true,"href":"https:\/\/www.alquera.com\/fr\/wp-json\/wp\/v2\/users\/1"}],"replies":[{"embeddable":true,"href":"https:\/\/www.alquera.com\/fr\/wp-json\/wp\/v2\/comments?post=9086"}],"version-history":[{"count":3,"href":"https:\/\/www.alquera.com\/fr\/wp-json\/wp\/v2\/pages\/9086\/revisions"}],"predecessor-version":[{"id":51192,"href":"https:\/\/www.alquera.com\/fr\/wp-json\/wp\/v2\/pages\/9086\/revisions\/51192"}],"wp:attachment":[{"href":"https:\/\/www.alquera.com\/fr\/wp-json\/wp\/v2\/media?parent=9086"}],"curies":[{"name":"wp","href":"https:\/\/api.w.org\/{rel}","templated":true}]}}