{"id":9088,"date":"2020-10-06T11:34:25","date_gmt":"2020-10-06T11:34:25","guid":{"rendered":"http:\/\/localhost\/alquera\/?page_id=9088"},"modified":"2025-01-29T10:18:27","modified_gmt":"2025-01-29T10:18:27","slug":"7-quienes-somos","status":"publish","type":"page","link":"https:\/\/www.alquera.com\/fr\/7-quienes-somos\/","title":{"rendered":"Qui nous sommes"},"content":{"rendered":"<p>Alquera Ciencia SL est une soci\u00e9t\u00e9 de distribution et de commercialisation de produits chimiques et de mat\u00e9riel de laboratoire. Chez Alquera, nous travaillons avec les meilleurs fabricants offrant une haute qualit\u00e9 au meilleur prix de chaque produit. Dans chaque produit, vous verrez sa fiche technique avec la qualit\u00e9 et la puret\u00e9 du produit et de ses applications, et si vous avez des questions suppl\u00e9mentaires, n'h\u00e9sitez pas \u00e0 nous contacter \u00e0 info@alquera.com<\/p>\n\n\n\n<p>Nous distribuons des produits chimiques \u00e0 tous les secteurs industriels gr\u00e2ce \u00e0 notre vaste catalogue de produits. Cependant, si un produit ne se trouve pas dans notre catalogue, nous l'obtiendrons \u00e0 la demande des clients.<\/p>\n\n\n\n<p>En ce qui concerne la manipulation, nous pouvons r\u00e9aliser l'emballage \u00e0 des tiers et l'emballage de nos produits dans des formats conventionnels ou sp\u00e9cifiques sur demande.<\/p>\n\n\n\n<figure class=\"wp-block-image size-large\"><img loading=\"lazy\" decoding=\"async\" width=\"800\" height=\"277\" src=\"http:\/\/localhost\/alquera\/wp-content\/uploads\/2020\/10\/quimicos-1.png\" alt=\"\" class=\"wp-image-9089\" srcset=\"https:\/\/www.alquera.com\/wp-content\/uploads\/2020\/10\/quimicos-1.png 800w, https:\/\/www.alquera.com\/wp-content\/uploads\/2020\/10\/quimicos-1-300x104.png 300w, https:\/\/www.alquera.com\/wp-content\/uploads\/2020\/10\/quimicos-1-768x266.png 768w, https:\/\/www.alquera.com\/wp-content\/uploads\/2020\/10\/quimicos-1-600x208.png 600w\" sizes=\"auto, (max-width: 800px) 100vw, 800px\" \/><\/figure>\n\n\n\n<p><p><strong>Si\u00e8ge social:<\/strong>Vilar de Donas 9, 28050 Madrid. B87212007.\n<\/br><strong>Entrep\u00f4t:<\/strong>Alquera Ciencia SL - Pol\u00edgono Industrial La Vega del Rey. Calle San Roque, Nave 508. 11380 Tarifa - C\u00e1diz.<\/p><\/p>\n\n\n<p><\/p>\n<h2>COMMANDES<\/h2>\n<p>L'entrep\u00f4t se trouve \u00e0 Tarifa (Espagne) mais on fait des envoies par toute la France avec l'entreprise TNT Fedex, la livraison s'effectue dans 6\/7 jours. Si vous avez des questions ou vous voulez plus d'information, visitez la section <a href=\"https:\/\/www.alquera.com\/fr\/content\/6-faq\/\">FAQ<\/a> ou <a href=\"https:\/\/www.alquera.com\/fr\/contactenos\/\">contacter avec nous.<\/a><\/p>\n<ul>\n<li><strong>Courriel :<\/strong>: info@alquera.com.<\/li>\n<li><strong>Instagram<\/strong>: <a href=\"https:\/\/www.instagram.com\/alquera_ciencia\/\">Alquera sur Instagram<\/a><\/li>\n<\/ul>\n<p><iframe loading=\"lazy\" style=\"border: 0;\" src=\"https:\/\/www.google.com\/maps\/embed?pb=!1m18!1m12!1m3!1d3226.730860210433!2d-5.611160784731679!3d36.02686518011517!2m3!1f0!2f0!3f0!3m2!1i1024!2i768!4f13.1!3m3!1m2!1s0xd422bf6f03a4c57%3A0xbc0a87ebcf52b603!2sAlquera%20Ciencia%20SL!5e0!3m2!1ses!2ses!4v1637229222331!5m2!1ses!2ses\" width=\"600\" height=\"450\" allowfullscreen=\"allowfullscreen\"><\/iframe><\/p>","protected":false},"excerpt":{"rendered":"<p>Alquera Ciencia SL es una empresa de distribuci\u00f3n y comercializaci\u00f3n de productos qu\u00edmicos y material de laboratorio.&nbsp;En Alquera trabajamos con los mejores fabricantes ofreciendo alta calidad al mejor de los precios de cada producto. Dentro de cada producto podr\u00e1s ver su ficha t\u00e9cnica con la calidad y pureza del producto y sus aplicaciones, y si [&hellip;]<\/p>\n","protected":false},"author":1,"featured_media":0,"parent":0,"menu_order":0,"comment_status":"closed","ping_status":"closed","template":"","meta":{"_acf_changed":false,"site-sidebar-layout":"left-sidebar","site-content-layout":"default","ast-site-content-layout":"default","site-content-style":"default","site-sidebar-style":"default","ast-global-header-display":"","ast-banner-title-visibility":"","ast-main-header-display":"","ast-hfb-above-header-display":"","ast-hfb-below-header-display":"","ast-hfb-mobile-header-display":"","site-post-title":"","ast-breadcrumbs-content":"","ast-featured-img":"","footer-sml-layout":"","ast-disable-related-posts":"","theme-transparent-header-meta":"default","adv-header-id-meta":"","stick-header-meta":"default","header-above-stick-meta":"","header-main-stick-meta":"","header-below-stick-meta":"","astra-migrate-meta-layouts":"set","ast-page-background-enabled":"default","ast-page-background-meta":{"desktop":{"background-color":"var(--ast-global-color-4)","background-image":"","background-repeat":"repeat","background-position":"center center","background-size":"auto","background-attachment":"scroll","background-type":"","background-media":"","overlay-type":"","overlay-color":"","overlay-opacity":"","overlay-gradient":""},"tablet":{"background-color":"","background-image":"","background-repeat":"repeat","background-position":"center center","background-size":"auto","background-attachment":"scroll","background-type":"","background-media":"","overlay-type":"","overlay-color":"","overlay-opacity":"","overlay-gradient":""},"mobile":{"background-color":"","background-image":"","background-repeat":"repeat","background-position":"center center","background-size":"auto","background-attachment":"scroll","background-type":"","background-media":"","overlay-type":"","overlay-color":"","overlay-opacity":"","overlay-gradient":""}},"ast-content-background-meta":{"desktop":{"background-color":"var(--ast-global-color-5)","background-image":"","background-repeat":"repeat","background-position":"center center","background-size":"auto","background-attachment":"scroll","background-type":"","background-media":"","overlay-type":"","overlay-color":"","overlay-opacity":"","overlay-gradient":""},"tablet":{"background-color":"var(--ast-global-color-5)","background-image":"","background-repeat":"repeat","background-position":"center center","background-size":"auto","background-attachment":"scroll","background-type":"","background-media":"","overlay-type":"","overlay-color":"","overlay-opacity":"","overlay-gradient":""},"mobile":{"background-color":"var(--ast-global-color-5)","background-image":"","background-repeat":"repeat","background-position":"center center","background-size":"auto","background-attachment":"scroll","background-type":"","background-media":"","overlay-type":"","overlay-color":"","overlay-opacity":"","overlay-gradient":""}},"footnotes":""},"class_list":["post-9088","page","type-page","status-publish","hentry"],"acf":[],"yoast_head":"<!-- This site is optimized with the Yoast SEO Premium plugin v27.1 (Yoast SEO v27.1.1) - https:\/\/yoast.com\/product\/yoast-seo-premium-wordpress\/ -->\n<title>Quienes somos - Alquera.com<\/title>\n<meta name=\"robots\" content=\"index, follow, max-snippet:-1, max-image-preview:large, max-video-preview:-1\" \/>\n<link rel=\"canonical\" href=\"https:\/\/www.alquera.com\/fr\/7-quienes-somos\/\" \/>\n<meta property=\"og:locale\" content=\"fr_FR\" \/>\n<meta property=\"og:type\" content=\"article\" \/>\n<meta property=\"og:title\" content=\"Quienes somos\" \/>\n<meta property=\"og:description\" content=\"Alquera Ciencia SL es una empresa de distribuci\u00f3n y comercializaci\u00f3n de productos qu\u00edmicos y material de laboratorio.&nbsp;En Alquera trabajamos con los mejores fabricantes ofreciendo alta calidad al mejor de los precios de cada producto. Dentro de cada producto podr\u00e1s ver su ficha t\u00e9cnica con la calidad y pureza del producto y sus aplicaciones, y si [&hellip;]\" \/>\n<meta property=\"og:url\" content=\"https:\/\/www.alquera.com\/fr\/7-quienes-somos\/\" \/>\n<meta property=\"og:site_name\" content=\"Alquera.com\" \/>\n<meta property=\"article:publisher\" content=\"https:\/\/www.facebook.com\/alqueraciencia\" \/>\n<meta property=\"article:modified_time\" content=\"2025-01-29T10:18:27+00:00\" \/>\n<meta property=\"og:image\" content=\"https:\/\/www.alquera.com\/wp-content\/uploads\/2020\/10\/quimicos-1.png\" \/>\n\t<meta property=\"og:image:width\" content=\"800\" \/>\n\t<meta property=\"og:image:height\" content=\"277\" \/>\n\t<meta property=\"og:image:type\" content=\"image\/png\" \/>\n<meta name=\"twitter:card\" content=\"summary_large_image\" \/>\n<meta name=\"twitter:label1\" content=\"Dur\u00e9e de lecture estim\u00e9e\" \/>\n\t<meta name=\"twitter:data1\" content=\"2 minutes\" \/>\n<script type=\"application\/ld+json\" class=\"yoast-schema-graph\">{\"@context\":\"https:\/\/schema.org\",\"@graph\":[{\"@type\":\"WebPage\",\"@id\":\"https:\/\/www.alquera.com\/7-quienes-somos\/\",\"url\":\"https:\/\/www.alquera.com\/7-quienes-somos\/\",\"name\":\"Quienes somos - Alquera.com\",\"isPartOf\":{\"@id\":\"https:\/\/www.alquera.com\/en\/#website\"},\"primaryImageOfPage\":{\"@id\":\"https:\/\/www.alquera.com\/7-quienes-somos\/#primaryimage\"},\"image\":{\"@id\":\"https:\/\/www.alquera.com\/7-quienes-somos\/#primaryimage\"},\"thumbnailUrl\":\"http:\/\/localhost\/alquera\/wp-content\/uploads\/2020\/10\/quimicos-1.png\",\"datePublished\":\"2020-10-06T11:34:25+00:00\",\"dateModified\":\"2025-01-29T10:18:27+00:00\",\"breadcrumb\":{\"@id\":\"https:\/\/www.alquera.com\/7-quienes-somos\/#breadcrumb\"},\"inLanguage\":\"fr-FR\",\"potentialAction\":[{\"@type\":\"ReadAction\",\"target\":[\"https:\/\/www.alquera.com\/7-quienes-somos\/\"]}]},{\"@type\":\"ImageObject\",\"inLanguage\":\"fr-FR\",\"@id\":\"https:\/\/www.alquera.com\/7-quienes-somos\/#primaryimage\",\"url\":\"http:\/\/localhost\/alquera\/wp-content\/uploads\/2020\/10\/quimicos-1.png\",\"contentUrl\":\"http:\/\/localhost\/alquera\/wp-content\/uploads\/2020\/10\/quimicos-1.png\"},{\"@type\":\"BreadcrumbList\",\"@id\":\"https:\/\/www.alquera.com\/7-quienes-somos\/#breadcrumb\",\"itemListElement\":[{\"@type\":\"ListItem\",\"position\":1,\"name\":\"Inicio\",\"item\":\"https:\/\/www.alquera.com\/\"},{\"@type\":\"ListItem\",\"position\":2,\"name\":\"Quienes somos\"}]},{\"@type\":\"WebSite\",\"@id\":\"https:\/\/www.alquera.com\/en\/#website\",\"url\":\"https:\/\/www.alquera.com\/en\/\",\"name\":\"Alquera.com\",\"description\":\"Tienda Online Productos Qu\u00edmicos y Material de Laboratorio\",\"publisher\":{\"@id\":\"https:\/\/www.alquera.com\/en\/#organization\"},\"potentialAction\":[{\"@type\":\"SearchAction\",\"target\":{\"@type\":\"EntryPoint\",\"urlTemplate\":\"https:\/\/www.alquera.com\/en\/?s={search_term_string}\"},\"query-input\":{\"@type\":\"PropertyValueSpecification\",\"valueRequired\":true,\"valueName\":\"search_term_string\"}}],\"inLanguage\":\"fr-FR\"},{\"@type\":\"Organization\",\"@id\":\"https:\/\/www.alquera.com\/en\/#organization\",\"name\":\"ALQUERA CIENCIA SL\",\"url\":\"https:\/\/www.alquera.com\/en\/\",\"logo\":{\"@type\":\"ImageObject\",\"inLanguage\":\"fr-FR\",\"@id\":\"https:\/\/www.alquera.com\/en\/#\/schema\/logo\/image\/\",\"url\":\"https:\/\/www.alquera.com\/wp-content\/uploads\/2020\/11\/logo_300_ancho.png\",\"contentUrl\":\"https:\/\/www.alquera.com\/wp-content\/uploads\/2020\/11\/logo_300_ancho.png\",\"width\":300,\"height\":86,\"caption\":\"ALQUERA CIENCIA SL\"},\"image\":{\"@id\":\"https:\/\/www.alquera.com\/en\/#\/schema\/logo\/image\/\"},\"sameAs\":[\"https:\/\/www.facebook.com\/alqueraciencia\",\"https:\/\/www.instagram.com\/alquera_ciencia\/\",\"https:\/\/www.youtube.com\/c\/alquera\"]}]}<\/script>\n<!-- \/ Yoast SEO Premium plugin. -->","yoast_head_json":{"title":"Qui sommes-nous ? - Alquera.com","robots":{"index":"index","follow":"follow","max-snippet":"max-snippet:-1","max-image-preview":"max-image-preview:large","max-video-preview":"max-video-preview:-1"},"canonical":"https:\/\/www.alquera.com\/fr\/7-quienes-somos\/","og_locale":"fr_FR","og_type":"article","og_title":"Quienes somos","og_description":"Alquera Ciencia SL es una empresa de distribuci\u00f3n y comercializaci\u00f3n de productos qu\u00edmicos y material de laboratorio.&nbsp;En Alquera trabajamos con los mejores fabricantes ofreciendo alta calidad al mejor de los precios de cada producto. Dentro de cada producto podr\u00e1s ver su ficha t\u00e9cnica con la calidad y pureza del producto y sus aplicaciones, y si [&hellip;]","og_url":"https:\/\/www.alquera.com\/fr\/7-quienes-somos\/","og_site_name":"Alquera.com","article_publisher":"https:\/\/www.facebook.com\/alqueraciencia","article_modified_time":"2025-01-29T10:18:27+00:00","og_image":[{"width":800,"height":277,"url":"https:\/\/www.alquera.com\/wp-content\/uploads\/2020\/10\/quimicos-1.png","type":"image\/png"}],"twitter_card":"summary_large_image","twitter_misc":{"Dur\u00e9e de lecture estim\u00e9e":"2 minutes"},"schema":{"@context":"https:\/\/schema.org","@graph":[{"@type":"WebPage","@id":"https:\/\/www.alquera.com\/7-quienes-somos\/","url":"https:\/\/www.alquera.com\/7-quienes-somos\/","name":"Qui sommes-nous ? - Alquera.com","isPartOf":{"@id":"https:\/\/www.alquera.com\/en\/#website"},"primaryImageOfPage":{"@id":"https:\/\/www.alquera.com\/7-quienes-somos\/#primaryimage"},"image":{"@id":"https:\/\/www.alquera.com\/7-quienes-somos\/#primaryimage"},"thumbnailUrl":"http:\/\/localhost\/alquera\/wp-content\/uploads\/2020\/10\/quimicos-1.png","datePublished":"2020-10-06T11:34:25+00:00","dateModified":"2025-01-29T10:18:27+00:00","breadcrumb":{"@id":"https:\/\/www.alquera.com\/7-quienes-somos\/#breadcrumb"},"inLanguage":"fr-FR","potentialAction":[{"@type":"ReadAction","target":["https:\/\/www.alquera.com\/7-quienes-somos\/"]}]},{"@type":"ImageObject","inLanguage":"fr-FR","@id":"https:\/\/www.alquera.com\/7-quienes-somos\/#primaryimage","url":"http:\/\/localhost\/alquera\/wp-content\/uploads\/2020\/10\/quimicos-1.png","contentUrl":"http:\/\/localhost\/alquera\/wp-content\/uploads\/2020\/10\/quimicos-1.png"},{"@type":"BreadcrumbList","@id":"https:\/\/www.alquera.com\/7-quienes-somos\/#breadcrumb","itemListElement":[{"@type":"ListItem","position":1,"name":"Inicio","item":"https:\/\/www.alquera.com\/"},{"@type":"ListItem","position":2,"name":"Quienes somos"}]},{"@type":"WebSite","@id":"https:\/\/www.alquera.com\/en\/#website","url":"https:\/\/www.alquera.com\/en\/","name":"Alquera.com","description":"Boutique en ligne Produits chimiques et \u00e9quipements de laboratoire","publisher":{"@id":"https:\/\/www.alquera.com\/en\/#organization"},"potentialAction":[{"@type":"SearchAction","target":{"@type":"EntryPoint","urlTemplate":"https:\/\/www.alquera.com\/en\/?s={search_term_string}"},"query-input":{"@type":"PropertyValueSpecification","valueRequired":true,"valueName":"search_term_string"}}],"inLanguage":"fr-FR"},{"@type":"Organization","@id":"https:\/\/www.alquera.com\/en\/#organization","name":"ALQUERA CIENCIA SL","url":"https:\/\/www.alquera.com\/en\/","logo":{"@type":"ImageObject","inLanguage":"fr-FR","@id":"https:\/\/www.alquera.com\/en\/#\/schema\/logo\/image\/","url":"https:\/\/www.alquera.com\/wp-content\/uploads\/2020\/11\/logo_300_ancho.png","contentUrl":"https:\/\/www.alquera.com\/wp-content\/uploads\/2020\/11\/logo_300_ancho.png","width":300,"height":86,"caption":"ALQUERA CIENCIA SL"},"image":{"@id":"https:\/\/www.alquera.com\/en\/#\/schema\/logo\/image\/"},"sameAs":["https:\/\/www.facebook.com\/alqueraciencia","https:\/\/www.instagram.com\/alquera_ciencia\/","https:\/\/www.youtube.com\/c\/alquera"]}]}},"_links":{"self":[{"href":"https:\/\/www.alquera.com\/fr\/wp-json\/wp\/v2\/pages\/9088","targetHints":{"allow":["GET"]}}],"collection":[{"href":"https:\/\/www.alquera.com\/fr\/wp-json\/wp\/v2\/pages"}],"about":[{"href":"https:\/\/www.alquera.com\/fr\/wp-json\/wp\/v2\/types\/page"}],"author":[{"embeddable":true,"href":"https:\/\/www.alquera.com\/fr\/wp-json\/wp\/v2\/users\/1"}],"replies":[{"embeddable":true,"href":"https:\/\/www.alquera.com\/fr\/wp-json\/wp\/v2\/comments?post=9088"}],"version-history":[{"count":16,"href":"https:\/\/www.alquera.com\/fr\/wp-json\/wp\/v2\/pages\/9088\/revisions"}],"predecessor-version":[{"id":51189,"href":"https:\/\/www.alquera.com\/fr\/wp-json\/wp\/v2\/pages\/9088\/revisions\/51189"}],"wp:attachment":[{"href":"https:\/\/www.alquera.com\/fr\/wp-json\/wp\/v2\/media?parent=9088"}],"curies":[{"name":"wp","href":"https:\/\/api.w.org\/{rel}","templated":true}]}}