{"id":9391,"date":"2020-10-14T17:03:38","date_gmt":"2020-10-14T17:03:38","guid":{"rendered":"http:\/\/localhost\/alquera\/?page_id=9391"},"modified":"2023-09-18T10:24:59","modified_gmt":"2023-09-18T10:24:59","slug":"usos-acido-borico","status":"publish","type":"page","link":"https:\/\/www.alquera.com\/fr\/acido-borico\/usos-acido-borico\/","title":{"rendered":"Usages Acide Borique"},"content":{"rendered":"<p>Le <a href=\"https:\/\/www.alquera.com\/fr\/acido-borico\/\">acide borique<\/a> ou acide trioxoborique, est un acide r\u00e9pondant \u00e0 la formule chimique H<sub>3<\/sub>BO<sub>3.&nbsp;<\/sub>Il s'agit d'un compos\u00e9 d\u00e9riv\u00e9 de l'atome de bore. L'acide borique se trouve dans la nature, en petites quantit\u00e9s et principalement dans les zones volcaniques. Il peut \u00e9galement \u00eatre obtenu \u00e0 partir d'autres min\u00e9raux, tels que le borax et la boracite, par des proc\u00e9d\u00e9s chimiques. Il s'agit d'une poudre cristalline blanche que l'on trouve dans l'eau de mer, les arbres et les fruits. On peut se poser la question :&nbsp;<strong>\u00e0 quoi sert l'acide borique ?<\/strong>&nbsp; Les principales utilisations et applications de l'acide borique sont les suivantes<\/p>\n\n\n\n<figure class=\"wp-block-image size-large\"><img loading=\"lazy\" decoding=\"async\" width=\"300\" height=\"227\" src=\"https:\/\/www.alquera.com\/wp-content\/uploads\/2020\/11\/acido_borico-300x227-1.png\" alt=\"\" class=\"wp-image-10259\" srcset=\"https:\/\/www.alquera.com\/wp-content\/uploads\/2020\/11\/acido_borico-300x227-1.png 300w, https:\/\/www.alquera.com\/wp-content\/uploads\/2020\/11\/acido_borico-300x227-1-64x48.png 64w\" sizes=\"auto, (max-width: 300px) 100vw, 300px\" \/><\/figure>\n\n\n\n<h2 class=\"wp-block-heading\" id=\"h-principales-usos-y-aplicaciones-del-acido-borico\">Principales utilisations et applications de l'acide borique :<\/h2>\n\n\n\n<p><strong>Insecticide :<\/strong><\/p>\n\n\n\n<p>En tant qu'insecticide, il est tr\u00e8s efficace pour lutter contre les insectes dans la maison, en particulier dans la cuisine, afin d'\u00e9liminer les cafards.  Vous pouvez voir ici&nbsp;<a href=\"https:\/\/www.alquera.com\/fr\/acido-borico\/cucarachas\/\">comment se d\u00e9barrasser des cafards avec de l'acide borique<\/a>. On utilise \u00e9galement le&nbsp;<a href=\"https:\/\/www.alquera.com\/fr\/acido-borico\/termitas\/\">acide borique pour \u00e9liminer les termites<\/a>fourmis, puces, etc. Il convient d'\u00eatre prudent lors du stockage \u00e0 domicile, pour les enfants et les animaux domestiques.<\/p>\n\n\n\n<p><strong>Industriel :<\/strong><\/p>\n\n\n\n<p>C'est dans l'industrie que le&nbsp;<strong>acide borique<\/strong>a l'application la plus large, son utilisation principale est la fabrication de la fibre de verre, un produit utilis\u00e9 dans la fabrication d'un grand nombre de produits. En raison de ses caract\u00e9ristiques physico-chimiques, il est \u00e9galement utilis\u00e9 dans la bijouterie, les extincteurs, la soudure, la dynamite, les agents de nettoyage et les savons, la c\u00e9ramique, la porcelaine, l'industrie nucl\u00e9aire, etc.<\/p>\n\n\n\n<p><strong>Autres applications :<\/strong><\/p>\n\n\n\n<p>L'acide borique a \u00e9galement diff\u00e9rents types d'applications, comme le traitement du bois, pour pr\u00e9venir les dommages caus\u00e9s par les champignons et les insectes. Sa combinaison avec des huiles min\u00e9rales et v\u00e9g\u00e9tales en fait un excellent lubrifiant. Dans l'industrie m\u00e9tallurgique, il est utilis\u00e9 pour les alliages, le traitement et la trempe des m\u00e9taux tels que le fer, l'acier, l'aluminium, etc. Dans l'industrie chimique, il a de nombreuses applications, principalement comme r\u00e9gulateur de pH car il est consid\u00e9r\u00e9 comme un acide doux. Il est \u00e9galement largement utilis\u00e9 dans le nettoyage domestique, il est tr\u00e8s bon pour les c\u00e9ramiques et les carreaux, comme agent de blanchiment dans le lavage des v\u00eatements, et le nettoyage des accessoires de cuisine.<\/p>\n\n\n\n<h2 class=\"wp-block-heading\" id=\"h-formula-quimica\">Formule chimique:<\/h2>\n\n\n\n<p>La formule chimique de l'acide borique est H<sub>3<\/sub>BO<sub>3<\/sub>. Son num\u00e9ro CAS est 100043-35-3 et sa densit\u00e9 est de 1,435g\/cm.<sup>3<\/sup><\/p>\n\n\n\n<h2 class=\"wp-block-heading\" id=\"h-no-confundir-con-borax\">A ne pas confondre avec le Borax<\/h2>\n\n\n\n<p>L'acide borique est souvent confondu avec le borax. Bien qu'il s'agisse de compos\u00e9s dont l'\u00e9l\u00e9ment principal est le bore, il ne faut pas les confondre. Dans cette section, nous vous pr\u00e9sentons quelques caract\u00e9ristiques de l'acide borique.&nbsp;<a href=\"https:\/\/www.alquera.com\/fr\/borax\/\">Borax<\/a>.<\/p>","protected":false},"excerpt":{"rendered":"<p>El \u00e1cido b\u00f3rico o trioxob\u00f3rico, es un \u00e1cido cuya f\u00f3rmula qu\u00edmica es H3BO3.&nbsp;Es un compuesto derivado del&nbsp;\u00e1tomo&nbsp;de boro. El \u00e1cido borico encuentra en la naturaleza, en pocas cantidades y sobre todo en zonas volc\u00e1nicas. Tambi\u00e9n se puede obtener tambi\u00e9n de otros minerales, como el b\u00f3rax y la boracita, a trav\u00e9s de procesos qu\u00edmicos. Es un [&hellip;]<\/p>\n","protected":false},"author":1,"featured_media":0,"parent":32598,"menu_order":0,"comment_status":"open","ping_status":"closed","template":"","meta":{"_acf_changed":false,"site-sidebar-layout":"default","site-content-layout":"default","ast-site-content-layout":"default","site-content-style":"default","site-sidebar-style":"default","ast-global-header-display":"","ast-banner-title-visibility":"","ast-main-header-display":"","ast-hfb-above-header-display":"","ast-hfb-below-header-display":"","ast-hfb-mobile-header-display":"","site-post-title":"","ast-breadcrumbs-content":"","ast-featured-img":"","footer-sml-layout":"","ast-disable-related-posts":"","theme-transparent-header-meta":"default","adv-header-id-meta":"","stick-header-meta":"default","header-above-stick-meta":"","header-main-stick-meta":"","header-below-stick-meta":"","astra-migrate-meta-layouts":"default","ast-page-background-enabled":"default","ast-page-background-meta":{"desktop":{"background-color":"var(--ast-global-color-4)","background-image":"","background-repeat":"repeat","background-position":"center center","background-size":"auto","background-attachment":"scroll","background-type":"","background-media":"","overlay-type":"","overlay-color":"","overlay-opacity":"","overlay-gradient":""},"tablet":{"background-color":"","background-image":"","background-repeat":"repeat","background-position":"center center","background-size":"auto","background-attachment":"scroll","background-type":"","background-media":"","overlay-type":"","overlay-color":"","overlay-opacity":"","overlay-gradient":""},"mobile":{"background-color":"","background-image":"","background-repeat":"repeat","background-position":"center center","background-size":"auto","background-attachment":"scroll","background-type":"","background-media":"","overlay-type":"","overlay-color":"","overlay-opacity":"","overlay-gradient":""}},"ast-content-background-meta":{"desktop":{"background-color":"var(--ast-global-color-5)","background-image":"","background-repeat":"repeat","background-position":"center center","background-size":"auto","background-attachment":"scroll","background-type":"","background-media":"","overlay-type":"","overlay-color":"","overlay-opacity":"","overlay-gradient":""},"tablet":{"background-color":"var(--ast-global-color-5)","background-image":"","background-repeat":"repeat","background-position":"center center","background-size":"auto","background-attachment":"scroll","background-type":"","background-media":"","overlay-type":"","overlay-color":"","overlay-opacity":"","overlay-gradient":""},"mobile":{"background-color":"var(--ast-global-color-5)","background-image":"","background-repeat":"repeat","background-position":"center center","background-size":"auto","background-attachment":"scroll","background-type":"","background-media":"","overlay-type":"","overlay-color":"","overlay-opacity":"","overlay-gradient":""}},"footnotes":""},"class_list":["post-9391","page","type-page","status-publish","hentry"],"acf":[],"yoast_head":"<!-- This site is optimized with the Yoast SEO Premium plugin v27.1 (Yoast SEO v27.1.1) - https:\/\/yoast.com\/product\/yoast-seo-premium-wordpress\/ -->\n<title>Usos \u00c1cido B\u00f3rico - Alquera.com<\/title>\n<meta name=\"description\" content=\"El \u00e1cido b\u00f3rico es un producto qu\u00edmico con muchas aplicaciones a nivel industrial y dom\u00e9stico. Ver usos y propiedades\" \/>\n<meta name=\"robots\" content=\"index, follow, max-snippet:-1, max-image-preview:large, max-video-preview:-1\" \/>\n<link rel=\"canonical\" href=\"https:\/\/www.alquera.com\/fr\/acido-borico\/usos-acido-borico\/\" \/>\n<meta property=\"og:locale\" content=\"fr_FR\" \/>\n<meta property=\"og:type\" content=\"article\" \/>\n<meta property=\"og:title\" content=\"Usos \u00c1cido B\u00f3rico\" \/>\n<meta property=\"og:description\" content=\"El \u00e1cido b\u00f3rico es un producto qu\u00edmico con muchas aplicaciones a nivel industrial y dom\u00e9stico. Ver usos y propiedades\" \/>\n<meta property=\"og:url\" content=\"https:\/\/www.alquera.com\/fr\/acido-borico\/usos-acido-borico\/\" \/>\n<meta property=\"og:site_name\" content=\"Alquera.com\" \/>\n<meta property=\"article:publisher\" content=\"https:\/\/www.facebook.com\/alqueraciencia\" \/>\n<meta property=\"article:modified_time\" content=\"2023-09-18T10:24:59+00:00\" \/>\n<meta property=\"og:image\" content=\"https:\/\/www.alquera.com\/wp-content\/uploads\/2020\/11\/acido_borico-300x227-1.png\" \/>\n<meta name=\"twitter:card\" content=\"summary_large_image\" \/>\n<meta name=\"twitter:label1\" content=\"Dur\u00e9e de lecture estim\u00e9e\" \/>\n\t<meta name=\"twitter:data1\" content=\"3 minutes\" \/>\n<script type=\"application\/ld+json\" class=\"yoast-schema-graph\">{\"@context\":\"https:\/\/schema.org\",\"@graph\":[{\"@type\":\"WebPage\",\"@id\":\"https:\/\/www.alquera.com\/acido-borico\/usos-acido-borico\/\",\"url\":\"https:\/\/www.alquera.com\/acido-borico\/usos-acido-borico\/\",\"name\":\"Usos \u00c1cido B\u00f3rico - Alquera.com\",\"isPartOf\":{\"@id\":\"https:\/\/www.alquera.com\/en\/#website\"},\"primaryImageOfPage\":{\"@id\":\"https:\/\/www.alquera.com\/acido-borico\/usos-acido-borico\/#primaryimage\"},\"image\":{\"@id\":\"https:\/\/www.alquera.com\/acido-borico\/usos-acido-borico\/#primaryimage\"},\"thumbnailUrl\":\"https:\/\/www.alquera.com\/wp-content\/uploads\/2020\/11\/acido_borico-300x227-1.png\",\"datePublished\":\"2020-10-14T17:03:38+00:00\",\"dateModified\":\"2023-09-18T10:24:59+00:00\",\"description\":\"El \u00e1cido b\u00f3rico es un producto qu\u00edmico con muchas aplicaciones a nivel industrial y dom\u00e9stico. Ver usos y propiedades\",\"breadcrumb\":{\"@id\":\"https:\/\/www.alquera.com\/acido-borico\/usos-acido-borico\/#breadcrumb\"},\"inLanguage\":\"fr-FR\",\"potentialAction\":[{\"@type\":\"ReadAction\",\"target\":[\"https:\/\/www.alquera.com\/acido-borico\/usos-acido-borico\/\"]}]},{\"@type\":\"ImageObject\",\"inLanguage\":\"fr-FR\",\"@id\":\"https:\/\/www.alquera.com\/acido-borico\/usos-acido-borico\/#primaryimage\",\"url\":\"https:\/\/www.alquera.com\/wp-content\/uploads\/2020\/11\/acido_borico-300x227-1.png\",\"contentUrl\":\"https:\/\/www.alquera.com\/wp-content\/uploads\/2020\/11\/acido_borico-300x227-1.png\"},{\"@type\":\"BreadcrumbList\",\"@id\":\"https:\/\/www.alquera.com\/acido-borico\/usos-acido-borico\/#breadcrumb\",\"itemListElement\":[{\"@type\":\"ListItem\",\"position\":1,\"name\":\"Inicio\",\"item\":\"https:\/\/www.alquera.com\/\"},{\"@type\":\"ListItem\",\"position\":2,\"name\":\"Acido Borico\",\"item\":\"https:\/\/www.alquera.com\/acido-borico\/\"},{\"@type\":\"ListItem\",\"position\":3,\"name\":\"Usos \u00c1cido B\u00f3rico\"}]},{\"@type\":\"WebSite\",\"@id\":\"https:\/\/www.alquera.com\/en\/#website\",\"url\":\"https:\/\/www.alquera.com\/en\/\",\"name\":\"Alquera.com\",\"description\":\"Tienda Online Productos Qu\u00edmicos y Material de Laboratorio\",\"publisher\":{\"@id\":\"https:\/\/www.alquera.com\/en\/#organization\"},\"potentialAction\":[{\"@type\":\"SearchAction\",\"target\":{\"@type\":\"EntryPoint\",\"urlTemplate\":\"https:\/\/www.alquera.com\/en\/?s={search_term_string}\"},\"query-input\":{\"@type\":\"PropertyValueSpecification\",\"valueRequired\":true,\"valueName\":\"search_term_string\"}}],\"inLanguage\":\"fr-FR\"},{\"@type\":\"Organization\",\"@id\":\"https:\/\/www.alquera.com\/en\/#organization\",\"name\":\"ALQUERA CIENCIA SL\",\"url\":\"https:\/\/www.alquera.com\/en\/\",\"logo\":{\"@type\":\"ImageObject\",\"inLanguage\":\"fr-FR\",\"@id\":\"https:\/\/www.alquera.com\/en\/#\/schema\/logo\/image\/\",\"url\":\"https:\/\/www.alquera.com\/wp-content\/uploads\/2020\/11\/logo_300_ancho.png\",\"contentUrl\":\"https:\/\/www.alquera.com\/wp-content\/uploads\/2020\/11\/logo_300_ancho.png\",\"width\":300,\"height\":86,\"caption\":\"ALQUERA CIENCIA SL\"},\"image\":{\"@id\":\"https:\/\/www.alquera.com\/en\/#\/schema\/logo\/image\/\"},\"sameAs\":[\"https:\/\/www.facebook.com\/alqueraciencia\",\"https:\/\/www.instagram.com\/alquera_ciencia\/\",\"https:\/\/www.youtube.com\/c\/alquera\"]}]}<\/script>\n<!-- \/ Yoast SEO Premium plugin. -->","yoast_head_json":{"title":"Utilisation de l'acide borique - Alquera.com","description":"L'acide borique est un produit chimique ayant de nombreuses applications industrielles et domestiques. Voir usages et propri\u00e9t\u00e9s","robots":{"index":"index","follow":"follow","max-snippet":"max-snippet:-1","max-image-preview":"max-image-preview:large","max-video-preview":"max-video-preview:-1"},"canonical":"https:\/\/www.alquera.com\/fr\/acido-borico\/usos-acido-borico\/","og_locale":"fr_FR","og_type":"article","og_title":"Usos \u00c1cido B\u00f3rico","og_description":"El \u00e1cido b\u00f3rico es un producto qu\u00edmico con muchas aplicaciones a nivel industrial y dom\u00e9stico. Ver usos y propiedades","og_url":"https:\/\/www.alquera.com\/fr\/acido-borico\/usos-acido-borico\/","og_site_name":"Alquera.com","article_publisher":"https:\/\/www.facebook.com\/alqueraciencia","article_modified_time":"2023-09-18T10:24:59+00:00","og_image":[{"url":"https:\/\/www.alquera.com\/wp-content\/uploads\/2020\/11\/acido_borico-300x227-1.png","type":"","width":"","height":""}],"twitter_card":"summary_large_image","twitter_misc":{"Dur\u00e9e de lecture estim\u00e9e":"3 minutes"},"schema":{"@context":"https:\/\/schema.org","@graph":[{"@type":"WebPage","@id":"https:\/\/www.alquera.com\/acido-borico\/usos-acido-borico\/","url":"https:\/\/www.alquera.com\/acido-borico\/usos-acido-borico\/","name":"Utilisation de l'acide borique - Alquera.com","isPartOf":{"@id":"https:\/\/www.alquera.com\/en\/#website"},"primaryImageOfPage":{"@id":"https:\/\/www.alquera.com\/acido-borico\/usos-acido-borico\/#primaryimage"},"image":{"@id":"https:\/\/www.alquera.com\/acido-borico\/usos-acido-borico\/#primaryimage"},"thumbnailUrl":"https:\/\/www.alquera.com\/wp-content\/uploads\/2020\/11\/acido_borico-300x227-1.png","datePublished":"2020-10-14T17:03:38+00:00","dateModified":"2023-09-18T10:24:59+00:00","description":"L'acide borique est un produit chimique ayant de nombreuses applications industrielles et domestiques. Voir usages et propri\u00e9t\u00e9s","breadcrumb":{"@id":"https:\/\/www.alquera.com\/acido-borico\/usos-acido-borico\/#breadcrumb"},"inLanguage":"fr-FR","potentialAction":[{"@type":"ReadAction","target":["https:\/\/www.alquera.com\/acido-borico\/usos-acido-borico\/"]}]},{"@type":"ImageObject","inLanguage":"fr-FR","@id":"https:\/\/www.alquera.com\/acido-borico\/usos-acido-borico\/#primaryimage","url":"https:\/\/www.alquera.com\/wp-content\/uploads\/2020\/11\/acido_borico-300x227-1.png","contentUrl":"https:\/\/www.alquera.com\/wp-content\/uploads\/2020\/11\/acido_borico-300x227-1.png"},{"@type":"BreadcrumbList","@id":"https:\/\/www.alquera.com\/acido-borico\/usos-acido-borico\/#breadcrumb","itemListElement":[{"@type":"ListItem","position":1,"name":"Inicio","item":"https:\/\/www.alquera.com\/"},{"@type":"ListItem","position":2,"name":"Acido Borico","item":"https:\/\/www.alquera.com\/acido-borico\/"},{"@type":"ListItem","position":3,"name":"Usos \u00c1cido B\u00f3rico"}]},{"@type":"WebSite","@id":"https:\/\/www.alquera.com\/en\/#website","url":"https:\/\/www.alquera.com\/en\/","name":"Alquera.com","description":"Boutique en ligne Produits chimiques et \u00e9quipements de laboratoire","publisher":{"@id":"https:\/\/www.alquera.com\/en\/#organization"},"potentialAction":[{"@type":"SearchAction","target":{"@type":"EntryPoint","urlTemplate":"https:\/\/www.alquera.com\/en\/?s={search_term_string}"},"query-input":{"@type":"PropertyValueSpecification","valueRequired":true,"valueName":"search_term_string"}}],"inLanguage":"fr-FR"},{"@type":"Organization","@id":"https:\/\/www.alquera.com\/en\/#organization","name":"ALQUERA CIENCIA SL","url":"https:\/\/www.alquera.com\/en\/","logo":{"@type":"ImageObject","inLanguage":"fr-FR","@id":"https:\/\/www.alquera.com\/en\/#\/schema\/logo\/image\/","url":"https:\/\/www.alquera.com\/wp-content\/uploads\/2020\/11\/logo_300_ancho.png","contentUrl":"https:\/\/www.alquera.com\/wp-content\/uploads\/2020\/11\/logo_300_ancho.png","width":300,"height":86,"caption":"ALQUERA CIENCIA SL"},"image":{"@id":"https:\/\/www.alquera.com\/en\/#\/schema\/logo\/image\/"},"sameAs":["https:\/\/www.facebook.com\/alqueraciencia","https:\/\/www.instagram.com\/alquera_ciencia\/","https:\/\/www.youtube.com\/c\/alquera"]}]}},"_links":{"self":[{"href":"https:\/\/www.alquera.com\/fr\/wp-json\/wp\/v2\/pages\/9391","targetHints":{"allow":["GET"]}}],"collection":[{"href":"https:\/\/www.alquera.com\/fr\/wp-json\/wp\/v2\/pages"}],"about":[{"href":"https:\/\/www.alquera.com\/fr\/wp-json\/wp\/v2\/types\/page"}],"author":[{"embeddable":true,"href":"https:\/\/www.alquera.com\/fr\/wp-json\/wp\/v2\/users\/1"}],"replies":[{"embeddable":true,"href":"https:\/\/www.alquera.com\/fr\/wp-json\/wp\/v2\/comments?post=9391"}],"version-history":[{"count":10,"href":"https:\/\/www.alquera.com\/fr\/wp-json\/wp\/v2\/pages\/9391\/revisions"}],"predecessor-version":[{"id":44259,"href":"https:\/\/www.alquera.com\/fr\/wp-json\/wp\/v2\/pages\/9391\/revisions\/44259"}],"up":[{"embeddable":true,"href":"https:\/\/www.alquera.com\/fr\/wp-json\/wp\/v2\/pages\/32598"}],"wp:attachment":[{"href":"https:\/\/www.alquera.com\/fr\/wp-json\/wp\/v2\/media?parent=9391"}],"curies":[{"name":"wp","href":"https:\/\/api.w.org\/{rel}","templated":true}]}}