{"id":9420,"date":"2020-10-20T16:28:32","date_gmt":"2020-10-20T16:28:32","guid":{"rendered":"http:\/\/localhost\/alquera\/?page_id=9420"},"modified":"2023-09-18T10:25:53","modified_gmt":"2023-09-18T10:25:53","slug":"cucarachas","status":"publish","type":"page","link":"https:\/\/www.alquera.com\/fr\/acido-borico\/cucarachas\/","title":{"rendered":"Acide Borique pour Cafards"},"content":{"rendered":"Le\u00a0<strong><a href=\"https:\/\/www.alquera.com\/fr\/acido-borico\/\">acide borique<\/a><\/strong>\u00a0est tr\u00e8s utile lorsqu'il s'agit de<strong>\u00a0\u00e9liminer les cafards<\/strong>fourmis, fourmis, insectes.  Dans cette section, nous verrons pourquoi\u00a0<strong>comment se d\u00e9barrasser des cafards avec de l'acide borique<\/strong>. Nous d\u00e9testons tous trouver un cafard dans la cuisine ou la salle de bains, c'est un insecte \u00e0 la silhouette plut\u00f4t repoussante et laide, en plus d'\u00eatre tr\u00e8s dangereux et nocif pour la sant\u00e9, car il transmet des maladies en raison des quantit\u00e9s de microbes qu'il transporte dans ses extr\u00e9mit\u00e9s et sa salive. Nous allons vous donner une id\u00e9e simple pour \u00e9liminer ces animaux de votre maison, qui consiste \u00e0 faire une pr\u00e9paration d'acide borique.\n<h2>Comment se d\u00e9barrasser des cafards avec de l'acide borique ?<\/h2>\n<figure class=\"wp-block-image size-large\"><img loading=\"lazy\" decoding=\"async\" width=\"300\" height=\"204\" class=\"wp-image-10261\" src=\"https:\/\/www.alquera.com\/wp-content\/uploads\/2020\/11\/cucarachas-300x204-2.png\" alt=\"\" srcset=\"https:\/\/www.alquera.com\/wp-content\/uploads\/2020\/11\/cucarachas-300x204-2.png 300w, https:\/\/www.alquera.com\/wp-content\/uploads\/2020\/11\/cucarachas-300x204-2-64x44.png 64w\" sizes=\"auto, (max-width: 300px) 100vw, 300px\" \/><\/figure>\nL'acide borique est un poison tr\u00e8s puissant pour les insectes, et si vous en go\u00fbtez ou en mangez m\u00eame une petite quantit\u00e9, ils meurent rapidement. C'est un rem\u00e8de efficace non seulement contre les cafards, mais aussi contre les termites et les fourmis. Une fois que les cafards, ou insectes, ont ing\u00e9r\u00e9 une petite quantit\u00e9 d'acide borique, cela ne leur laisse que le temps de rejoindre leur nid. Par la suite, le reste des cafards mangera les restes de ces cafards morts, s'empoisonnant eux-m\u00eames et \u00e9liminant ainsi totalement les fourmis et les cafards de la maison. Voyons comment pr\u00e9parer cet excellent insecticide.<strong>.\u00a0<\/strong>Puedes leer tambi\u00e9n c\u00f3mo aplicar\u00a0\u00e1cido b\u00f3rico para eliminar termitas.\n\nEl \u00e1cido b\u00f3rico es un remedio muy eficaz contra las cucarachas y tambi\u00e9n te va a servir para eliminar las termitas: Ver <a href=\"https:\/\/www.alquera.com\/fr\/acido-borico\/termitas\/\">acide borique termites<\/a>.\n<h2>Pr\u00e9paration de l'acide borique pour \u00e9liminer les cafards<\/h2>\nIl existe plusieurs fa\u00e7ons de pr\u00e9parer l'acide borique pour \u00e9liminer les cafards. Toutes les m\u00e9thodes impliquent principalement la combinaison d'une substance sucr\u00e9e comme le sucre ou le lait (qui attire les insectes) et d'acide borique qui les fait dispara\u00eetre.\n\n<div class=\"ast-oembed-container\" style=\"height: 100%;\"><iframe loading=\"lazy\" title=\"Acide borique pour les cafards\" width=\"500\" height=\"281\" src=\"https:\/\/www.youtube.com\/embed\/BE3BQIBwKXw?feature=oembed\" frameborder=\"0\" allow=\"accelerometer; autoplay; clipboard-write; encrypted-media; gyroscope; picture-in-picture; web-share\" referrerpolicy=\"strict-origin-when-cross-origin\" allowfullscreen><\/iframe><\/div>\n\n<strong>M\u00e9thode 1\u00a0<\/strong>\n\nM\u00e9langez une grande cuill\u00e8re de sucre glace et une cuill\u00e8re \u00e0 soupe d'huile d'olive.\u00a0<strong>acide borique<\/strong>\u00a0et ajouter un peu de lait, jusqu'\u00e0 ce qu'une p\u00e2te se forme, avec laquelle nous ferons plusieurs petites boules de la taille de pois chiches, que nous placerons aux endroits strat\u00e9giques o\u00f9 les cafards ont l'habitude d'appara\u00eetre.\n\n<strong>M\u00e9thode 2\u00a0<\/strong>\n\nM\u00e9langez 2 cuill\u00e8res \u00e0 soupe d'acide borique avec 4 cuill\u00e8res \u00e0 soupe de farine de bl\u00e9, un demi-oignon coup\u00e9 en tr\u00e8s petits cubes et un peu d'eau pour obtenir une p\u00e2te. Faites de petites boules de p\u00e2te et placez-les dans les endroits pr\u00e9f\u00e9r\u00e9s des cafards.\n\n<strong>M\u00e9thode 3<\/strong>\n\nM\u00e9langez 2 cuill\u00e8res \u00e0 soupe d'acide borique et 100 millilitres (un demi-verre) d'eau, trempez un morceau de pain dans ce m\u00e9lange et placez-le \u00e0 c\u00f4t\u00e9 de la colonie active de fourmis ou de cafards. En moins de 24 heures, la colonie de cafards ou de fourmis aura disparu.\n\n<strong>M\u00e9thode 4\u00a0<\/strong>\n\nEspolvorear simplemente 1 cuchara de az\u00facar junto con 3 de \u00e1cido b\u00f3rico.\nEspolvorear en las zonas elegidas y esperar.\n\n\n<h3><strong>Pr\u00e9cautions \u00e0 prendre pour l'aspersion de Boric\u00a0<\/strong><\/h3>\nTout d'abord, il faut veiller \u00e0 ce que les enfants et les animaux domestiques n'aient pas acc\u00e8s \u00e0 ces pr\u00e9parations. Choisissez ensuite l'une des m\u00e9thodes ci-dessus pour pr\u00e9parer la pr\u00e9paration d'acide borique et saupoudrez-la ou placez-la dans les zones o\u00f9 des cafards, des fourmis ou des termites peuvent \u00eatre pr\u00e9sents.\n<h2>O\u00f9 saupoudrer du boric pour les cafards ?<\/h2>\nVous vous demandez souvent comment les cafards ont pu p\u00e9n\u00e9trer dans votre maison. Les moyens par lesquels les cafards ou les fourmis peuvent p\u00e9n\u00e9trer dans votre maison sont vari\u00e9s, en voici quelques-uns.\n<ul>\n \t<li>Ils peuvent p\u00e9n\u00e9trer dans votre maison par les fissures ou les crevasses des fen\u00eatres ou des portes.<\/li>\n \t<li>Dans les sacs \u00e0 provisions ou en provenance de l'\u00e9tranger.<\/li>\n \t<li>D\u00e9placement de l'ext\u00e9rieur ou d'un autre appartement dans le b\u00e2timent \u00e0 travers les tuyaux ou le c\u00e2blage.<\/li>\n<\/ul>\nUne fois qu'ils ont p\u00e9n\u00e9tr\u00e9 dans votre maison, vous ne pourrez pas les voir car ils se cachent. Vous pouvez donc trouver des cafards dans ces endroits :\n<figure class=\"wp-block-image size-large\"><img loading=\"lazy\" decoding=\"async\" width=\"300\" height=\"192\" class=\"wp-image-10262\" src=\"https:\/\/www.alquera.com\/wp-content\/uploads\/2020\/11\/vigilar-cucarachas-300x192-2.jpg\" alt=\"\" srcset=\"https:\/\/www.alquera.com\/wp-content\/uploads\/2020\/11\/vigilar-cucarachas-300x192-2.jpg 300w, https:\/\/www.alquera.com\/wp-content\/uploads\/2020\/11\/vigilar-cucarachas-300x192-2-64x41.jpg 64w\" sizes=\"auto, (max-width: 300px) 100vw, 300px\" \/><\/figure>\n<ul>\n \t<li>Dans la cuisine, dans les endroits chauds et humides : derri\u00e8re le r\u00e9frig\u00e9rateur et les frigos, sous l'\u00e9vier ou dans la poubelle. Vous pouvez \u00e9galement trouver des cafards dans les canalisations, les armoires et toutes les crevasses et fissures.<\/li>\n \t<li>La nuit, ils sortent pour se nourrir, et mangent toutes sortes de substances et de produits. Cela leur permet de survivre dans les maisons les plus propres.<\/li>\n<\/ul>\n<h2>Pr\u00e9vention pour \u00e9viter l'apparition des cafards<\/h2>\nOutre l'\u00e9limination des cafards \u00e0 l'aide d'acide borique, la pr\u00e9vention est essentielle pour emp\u00eacher la r\u00e9apparition des cafards :\n<ul>\n \t<li>V\u00e9rifiez continuellement les sacs venant de l'ext\u00e9rieur.<\/li>\n \t<li>\u00c9vitez toute fissure ou crevasse dans les murs ou les portes.<\/li>\n<\/ul>\n<ul>\n \t<li>R\u00e9parer tout type de fuite dans la maison, la cuisine ou la salle de bain.<\/li>\n \t<li>Gardez la poubelle ferm\u00e9e<\/li>\n \t<li>Ne laissez jamais les aliments \u00e0 d\u00e9couvert<\/li>\n<\/ul>\n<p class=\"widget-title\">Lire la suite<\/p><a href=\"https:\/\/www.alquera.com\/fr\/acido-borico\/\">Acide borique<\/a>\n<!-- Page-list plugin v.5.9 wordpress.org\/plugins\/page-list\/ -->\n<ul class=\"page-list siblings-page-list\">\n<li class=\"page_item page-item-9420 menu-item\"><a href=\"https:\/\/www.alquera.com\/fr\/acido-borico\/cucarachas\/\" class=\"menu-link\">Acide Borique pour Cafards<\/a><\/li>\n<li class=\"page_item page-item-9422 menu-item\"><a href=\"https:\/\/www.alquera.com\/fr\/acido-borico\/termitas\/\" class=\"menu-link\">Acide Borique pour Termites<\/a><\/li>\n<li class=\"page_item page-item-9391 menu-item\"><a href=\"https:\/\/www.alquera.com\/fr\/acido-borico\/usos-acido-borico\/\" class=\"menu-link\">Usages Acide Borique<\/a><\/li>\n\n<\/ul><!-- \/wp:post-content -->","protected":false},"excerpt":{"rendered":"<p>El\u00a0\u00e1cido b\u00f3rico\u00a0es de gran utilidad cuando se trata de\u00a0eliminar cucarachas, hormigas, insectos. \u00a0En esta secci\u00f3n vamos a ver por ello\u00a0c\u00f3mo eliminar cucarachas con \u00e1cido b\u00f3rico. A todos nos desagrada mucho encontrarnos con una cucaracha, en la cocina o el ba\u00f1o, es un insecto con una figura bastante repelente y fea, adem\u00e1s de ser muy peligroso [&hellip;]<\/p>\n","protected":false},"author":1,"featured_media":0,"parent":32598,"menu_order":0,"comment_status":"open","ping_status":"closed","template":"","meta":{"_acf_changed":false,"site-sidebar-layout":"default","site-content-layout":"default","ast-site-content-layout":"default","site-content-style":"default","site-sidebar-style":"default","ast-global-header-display":"","ast-banner-title-visibility":"","ast-main-header-display":"","ast-hfb-above-header-display":"","ast-hfb-below-header-display":"","ast-hfb-mobile-header-display":"","site-post-title":"","ast-breadcrumbs-content":"","ast-featured-img":"","footer-sml-layout":"","ast-disable-related-posts":"","theme-transparent-header-meta":"default","adv-header-id-meta":"","stick-header-meta":"default","header-above-stick-meta":"","header-main-stick-meta":"","header-below-stick-meta":"","astra-migrate-meta-layouts":"default","ast-page-background-enabled":"default","ast-page-background-meta":{"desktop":{"background-color":"var(--ast-global-color-4)","background-image":"","background-repeat":"repeat","background-position":"center center","background-size":"auto","background-attachment":"scroll","background-type":"","background-media":"","overlay-type":"","overlay-color":"","overlay-opacity":"","overlay-gradient":""},"tablet":{"background-color":"","background-image":"","background-repeat":"repeat","background-position":"center center","background-size":"auto","background-attachment":"scroll","background-type":"","background-media":"","overlay-type":"","overlay-color":"","overlay-opacity":"","overlay-gradient":""},"mobile":{"background-color":"","background-image":"","background-repeat":"repeat","background-position":"center center","background-size":"auto","background-attachment":"scroll","background-type":"","background-media":"","overlay-type":"","overlay-color":"","overlay-opacity":"","overlay-gradient":""}},"ast-content-background-meta":{"desktop":{"background-color":"var(--ast-global-color-5)","background-image":"","background-repeat":"repeat","background-position":"center center","background-size":"auto","background-attachment":"scroll","background-type":"","background-media":"","overlay-type":"","overlay-color":"","overlay-opacity":"","overlay-gradient":""},"tablet":{"background-color":"var(--ast-global-color-5)","background-image":"","background-repeat":"repeat","background-position":"center center","background-size":"auto","background-attachment":"scroll","background-type":"","background-media":"","overlay-type":"","overlay-color":"","overlay-opacity":"","overlay-gradient":""},"mobile":{"background-color":"var(--ast-global-color-5)","background-image":"","background-repeat":"repeat","background-position":"center center","background-size":"auto","background-attachment":"scroll","background-type":"","background-media":"","overlay-type":"","overlay-color":"","overlay-opacity":"","overlay-gradient":""}},"footnotes":""},"class_list":["post-9420","page","type-page","status-publish","hentry"],"acf":[],"yoast_head":"<!-- This site is optimized with the Yoast SEO Premium plugin v27.1 (Yoast SEO v27.1.1) - https:\/\/yoast.com\/product\/yoast-seo-premium-wordpress\/ -->\n<title>\u00c1cido B\u00f3rico para Cucarachas - Alquera.com<\/title>\n<meta name=\"description\" content=\"El \u00e1cido b\u00f3rico para cucharachas es un excelente remedio como insecticida. Te explicamos diferentes formas de aplicarlo y donde comprar.\" \/>\n<meta name=\"robots\" content=\"index, follow, max-snippet:-1, max-image-preview:large, max-video-preview:-1\" \/>\n<link rel=\"canonical\" href=\"https:\/\/www.alquera.com\/fr\/acido-borico\/cucarachas\/\" \/>\n<meta property=\"og:locale\" content=\"fr_FR\" \/>\n<meta property=\"og:type\" content=\"article\" \/>\n<meta property=\"og:title\" content=\"\u00c1cido B\u00f3rico para Cucarachas\" \/>\n<meta property=\"og:description\" content=\"El \u00e1cido b\u00f3rico para cucharachas es un excelente remedio como insecticida. Te explicamos diferentes formas de aplicarlo y donde comprar.\" \/>\n<meta property=\"og:url\" content=\"https:\/\/www.alquera.com\/fr\/acido-borico\/cucarachas\/\" \/>\n<meta property=\"og:site_name\" content=\"Alquera.com\" \/>\n<meta property=\"article:publisher\" content=\"https:\/\/www.facebook.com\/alqueraciencia\" \/>\n<meta property=\"article:modified_time\" content=\"2023-09-18T10:25:53+00:00\" \/>\n<meta property=\"og:image\" content=\"https:\/\/www.alquera.com\/wp-content\/uploads\/2020\/11\/cucarachas-300x204-2.png\" \/>\n<meta name=\"twitter:card\" content=\"summary_large_image\" \/>\n<meta name=\"twitter:label1\" content=\"Dur\u00e9e de lecture estim\u00e9e\" \/>\n\t<meta name=\"twitter:data1\" content=\"4 minutes\" \/>\n<script type=\"application\/ld+json\" class=\"yoast-schema-graph\">{\"@context\":\"https:\/\/schema.org\",\"@graph\":[{\"@type\":\"WebPage\",\"@id\":\"https:\/\/www.alquera.com\/acido-borico\/cucarachas\/\",\"url\":\"https:\/\/www.alquera.com\/acido-borico\/cucarachas\/\",\"name\":\"\u00c1cido B\u00f3rico para Cucarachas - Alquera.com\",\"isPartOf\":{\"@id\":\"https:\/\/www.alquera.com\/en\/#website\"},\"primaryImageOfPage\":{\"@id\":\"https:\/\/www.alquera.com\/acido-borico\/cucarachas\/#primaryimage\"},\"image\":{\"@id\":\"https:\/\/www.alquera.com\/acido-borico\/cucarachas\/#primaryimage\"},\"thumbnailUrl\":\"https:\/\/www.alquera.com\/wp-content\/uploads\/2020\/11\/cucarachas-300x204-2.png\",\"datePublished\":\"2020-10-20T16:28:32+00:00\",\"dateModified\":\"2023-09-18T10:25:53+00:00\",\"description\":\"El \u00e1cido b\u00f3rico para cucharachas es un excelente remedio como insecticida. Te explicamos diferentes formas de aplicarlo y donde comprar.\",\"breadcrumb\":{\"@id\":\"https:\/\/www.alquera.com\/acido-borico\/cucarachas\/#breadcrumb\"},\"inLanguage\":\"fr-FR\",\"potentialAction\":[{\"@type\":\"ReadAction\",\"target\":[\"https:\/\/www.alquera.com\/acido-borico\/cucarachas\/\"]}]},{\"@type\":\"ImageObject\",\"inLanguage\":\"fr-FR\",\"@id\":\"https:\/\/www.alquera.com\/acido-borico\/cucarachas\/#primaryimage\",\"url\":\"https:\/\/www.alquera.com\/wp-content\/uploads\/2020\/11\/cucarachas-300x204-2.png\",\"contentUrl\":\"https:\/\/www.alquera.com\/wp-content\/uploads\/2020\/11\/cucarachas-300x204-2.png\"},{\"@type\":\"BreadcrumbList\",\"@id\":\"https:\/\/www.alquera.com\/acido-borico\/cucarachas\/#breadcrumb\",\"itemListElement\":[{\"@type\":\"ListItem\",\"position\":1,\"name\":\"Inicio\",\"item\":\"https:\/\/www.alquera.com\/\"},{\"@type\":\"ListItem\",\"position\":2,\"name\":\"Acido Borico\",\"item\":\"https:\/\/www.alquera.com\/acido-borico\/\"},{\"@type\":\"ListItem\",\"position\":3,\"name\":\"\u00c1cido B\u00f3rico para Cucarachas\"}]},{\"@type\":\"WebSite\",\"@id\":\"https:\/\/www.alquera.com\/en\/#website\",\"url\":\"https:\/\/www.alquera.com\/en\/\",\"name\":\"Alquera.com\",\"description\":\"Tienda Online Productos Qu\u00edmicos y Material de Laboratorio\",\"publisher\":{\"@id\":\"https:\/\/www.alquera.com\/en\/#organization\"},\"potentialAction\":[{\"@type\":\"SearchAction\",\"target\":{\"@type\":\"EntryPoint\",\"urlTemplate\":\"https:\/\/www.alquera.com\/en\/?s={search_term_string}\"},\"query-input\":{\"@type\":\"PropertyValueSpecification\",\"valueRequired\":true,\"valueName\":\"search_term_string\"}}],\"inLanguage\":\"fr-FR\"},{\"@type\":\"Organization\",\"@id\":\"https:\/\/www.alquera.com\/en\/#organization\",\"name\":\"ALQUERA CIENCIA SL\",\"url\":\"https:\/\/www.alquera.com\/en\/\",\"logo\":{\"@type\":\"ImageObject\",\"inLanguage\":\"fr-FR\",\"@id\":\"https:\/\/www.alquera.com\/en\/#\/schema\/logo\/image\/\",\"url\":\"https:\/\/www.alquera.com\/wp-content\/uploads\/2020\/11\/logo_300_ancho.png\",\"contentUrl\":\"https:\/\/www.alquera.com\/wp-content\/uploads\/2020\/11\/logo_300_ancho.png\",\"width\":300,\"height\":86,\"caption\":\"ALQUERA CIENCIA SL\"},\"image\":{\"@id\":\"https:\/\/www.alquera.com\/en\/#\/schema\/logo\/image\/\"},\"sameAs\":[\"https:\/\/www.facebook.com\/alqueraciencia\",\"https:\/\/www.instagram.com\/alquera_ciencia\/\",\"https:\/\/www.youtube.com\/c\/alquera\"]}]}<\/script>\n<!-- \/ Yoast SEO Premium plugin. -->","yoast_head_json":{"title":"Acide borique pour les cafards - Alquera.com","description":"L'acide borique pour les cuill\u00e8res \u00e0 caf\u00e9 est un excellent rem\u00e8de comme insecticide. Nous expliquons les diff\u00e9rentes fa\u00e7ons de l'appliquer et o\u00f9 l'acheter.","robots":{"index":"index","follow":"follow","max-snippet":"max-snippet:-1","max-image-preview":"max-image-preview:large","max-video-preview":"max-video-preview:-1"},"canonical":"https:\/\/www.alquera.com\/fr\/acido-borico\/cucarachas\/","og_locale":"fr_FR","og_type":"article","og_title":"\u00c1cido B\u00f3rico para Cucarachas","og_description":"El \u00e1cido b\u00f3rico para cucharachas es un excelente remedio como insecticida. Te explicamos diferentes formas de aplicarlo y donde comprar.","og_url":"https:\/\/www.alquera.com\/fr\/acido-borico\/cucarachas\/","og_site_name":"Alquera.com","article_publisher":"https:\/\/www.facebook.com\/alqueraciencia","article_modified_time":"2023-09-18T10:25:53+00:00","og_image":[{"url":"https:\/\/www.alquera.com\/wp-content\/uploads\/2020\/11\/cucarachas-300x204-2.png","type":"","width":"","height":""}],"twitter_card":"summary_large_image","twitter_misc":{"Dur\u00e9e de lecture estim\u00e9e":"4 minutes"},"schema":{"@context":"https:\/\/schema.org","@graph":[{"@type":"WebPage","@id":"https:\/\/www.alquera.com\/acido-borico\/cucarachas\/","url":"https:\/\/www.alquera.com\/acido-borico\/cucarachas\/","name":"Acide borique pour les cafards - Alquera.com","isPartOf":{"@id":"https:\/\/www.alquera.com\/en\/#website"},"primaryImageOfPage":{"@id":"https:\/\/www.alquera.com\/acido-borico\/cucarachas\/#primaryimage"},"image":{"@id":"https:\/\/www.alquera.com\/acido-borico\/cucarachas\/#primaryimage"},"thumbnailUrl":"https:\/\/www.alquera.com\/wp-content\/uploads\/2020\/11\/cucarachas-300x204-2.png","datePublished":"2020-10-20T16:28:32+00:00","dateModified":"2023-09-18T10:25:53+00:00","description":"L'acide borique pour les cuill\u00e8res \u00e0 caf\u00e9 est un excellent rem\u00e8de comme insecticide. Nous expliquons les diff\u00e9rentes fa\u00e7ons de l'appliquer et o\u00f9 l'acheter.","breadcrumb":{"@id":"https:\/\/www.alquera.com\/acido-borico\/cucarachas\/#breadcrumb"},"inLanguage":"fr-FR","potentialAction":[{"@type":"ReadAction","target":["https:\/\/www.alquera.com\/acido-borico\/cucarachas\/"]}]},{"@type":"ImageObject","inLanguage":"fr-FR","@id":"https:\/\/www.alquera.com\/acido-borico\/cucarachas\/#primaryimage","url":"https:\/\/www.alquera.com\/wp-content\/uploads\/2020\/11\/cucarachas-300x204-2.png","contentUrl":"https:\/\/www.alquera.com\/wp-content\/uploads\/2020\/11\/cucarachas-300x204-2.png"},{"@type":"BreadcrumbList","@id":"https:\/\/www.alquera.com\/acido-borico\/cucarachas\/#breadcrumb","itemListElement":[{"@type":"ListItem","position":1,"name":"Inicio","item":"https:\/\/www.alquera.com\/"},{"@type":"ListItem","position":2,"name":"Acido Borico","item":"https:\/\/www.alquera.com\/acido-borico\/"},{"@type":"ListItem","position":3,"name":"\u00c1cido B\u00f3rico para Cucarachas"}]},{"@type":"WebSite","@id":"https:\/\/www.alquera.com\/en\/#website","url":"https:\/\/www.alquera.com\/en\/","name":"Alquera.com","description":"Boutique en ligne Produits chimiques et \u00e9quipements de laboratoire","publisher":{"@id":"https:\/\/www.alquera.com\/en\/#organization"},"potentialAction":[{"@type":"SearchAction","target":{"@type":"EntryPoint","urlTemplate":"https:\/\/www.alquera.com\/en\/?s={search_term_string}"},"query-input":{"@type":"PropertyValueSpecification","valueRequired":true,"valueName":"search_term_string"}}],"inLanguage":"fr-FR"},{"@type":"Organization","@id":"https:\/\/www.alquera.com\/en\/#organization","name":"ALQUERA CIENCIA SL","url":"https:\/\/www.alquera.com\/en\/","logo":{"@type":"ImageObject","inLanguage":"fr-FR","@id":"https:\/\/www.alquera.com\/en\/#\/schema\/logo\/image\/","url":"https:\/\/www.alquera.com\/wp-content\/uploads\/2020\/11\/logo_300_ancho.png","contentUrl":"https:\/\/www.alquera.com\/wp-content\/uploads\/2020\/11\/logo_300_ancho.png","width":300,"height":86,"caption":"ALQUERA CIENCIA SL"},"image":{"@id":"https:\/\/www.alquera.com\/en\/#\/schema\/logo\/image\/"},"sameAs":["https:\/\/www.facebook.com\/alqueraciencia","https:\/\/www.instagram.com\/alquera_ciencia\/","https:\/\/www.youtube.com\/c\/alquera"]}]}},"_links":{"self":[{"href":"https:\/\/www.alquera.com\/fr\/wp-json\/wp\/v2\/pages\/9420","targetHints":{"allow":["GET"]}}],"collection":[{"href":"https:\/\/www.alquera.com\/fr\/wp-json\/wp\/v2\/pages"}],"about":[{"href":"https:\/\/www.alquera.com\/fr\/wp-json\/wp\/v2\/types\/page"}],"author":[{"embeddable":true,"href":"https:\/\/www.alquera.com\/fr\/wp-json\/wp\/v2\/users\/1"}],"replies":[{"embeddable":true,"href":"https:\/\/www.alquera.com\/fr\/wp-json\/wp\/v2\/comments?post=9420"}],"version-history":[{"count":9,"href":"https:\/\/www.alquera.com\/fr\/wp-json\/wp\/v2\/pages\/9420\/revisions"}],"predecessor-version":[{"id":44260,"href":"https:\/\/www.alquera.com\/fr\/wp-json\/wp\/v2\/pages\/9420\/revisions\/44260"}],"up":[{"embeddable":true,"href":"https:\/\/www.alquera.com\/fr\/wp-json\/wp\/v2\/pages\/32598"}],"wp:attachment":[{"href":"https:\/\/www.alquera.com\/fr\/wp-json\/wp\/v2\/media?parent=9420"}],"curies":[{"name":"wp","href":"https:\/\/api.w.org\/{rel}","templated":true}]}}