{"id":9422,"date":"2020-10-20T16:31:39","date_gmt":"2020-10-20T16:31:39","guid":{"rendered":"http:\/\/localhost\/alquera\/?page_id=9422"},"modified":"2023-09-18T10:26:40","modified_gmt":"2023-09-18T10:26:40","slug":"termitas","status":"publish","type":"page","link":"https:\/\/www.alquera.com\/fr\/acido-borico\/termitas\/","title":{"rendered":"Acide Borique pour Termites"},"content":{"rendered":"<p>Si l'apparition de termites dans le bois vous pr\u00e9occupe, nous allons examiner ici une m\u00e9thode de d\u00e9tection des termites.\u00a0<strong>rem\u00e8de pour \u00e9liminer les termites<\/strong>. Le rem\u00e8de consiste \u00e0 utiliser<a href=\"https:\/\/www.alquera.com\/fr\/acido-borico\/\">\u00a0<strong>acide borique<\/strong><\/a>. L'acide borique est un produit chimique qui se pr\u00e9sente sous forme de poudre blanche et qui vous aidera \u00e0 la fois \u00e0 lutter contre les termites et \u00e0 \u00e9liminer les cafards et les fourmis dans la maison.<\/p>\n<figure class=\"wp-block-image size-large\"><img loading=\"lazy\" decoding=\"async\" width=\"300\" height=\"182\" class=\"wp-image-10264\" src=\"https:\/\/www.alquera.com\/wp-content\/uploads\/2020\/11\/termitas2-300x182-2.jpg\" alt=\"termitas\" srcset=\"https:\/\/www.alquera.com\/wp-content\/uploads\/2020\/11\/termitas2-300x182-2.jpg 300w, https:\/\/www.alquera.com\/wp-content\/uploads\/2020\/11\/termitas2-300x182-2-64x39.jpg 64w\" sizes=\"auto, (max-width: 300px) 100vw, 300px\" \/><\/figure>\n<h2>Que sont les termites ?<\/h2>\n<p>Les\u00a0<strong>termites<\/strong>\u00a0sont des insectes blancs ressemblant \u00e0 des vers. Ils sont \u00e9galement connus sous le nom de\u00a0<strong>termes<\/strong>,\u00a0<strong>turiros<\/strong>,\u00a0<strong>termites<\/strong>,\u00a0<strong>papillons de nuit<\/strong>\u00a0et aussi comme\u00a0<strong>fourmis blanches<\/strong>en raison de leur ressemblance avec les fourmis.  Les termites sont \u00e9galement des insectes qui s'agglutinent en colonies. Les termites sont n\u00e9cessaires \u00e0 la nature et \u00e0 l'environnement car elles d\u00e9composent la mati\u00e8re organique, en particulier celle des plantes mortes. Le probl\u00e8me des termites est qu'ils p\u00e9n\u00e8trent dans les structures et les murs sans \u00eatre d\u00e9tect\u00e9s. Les termites vivent en mangeant la cellulose contenue dans le bois. L'un des endroits pr\u00e9f\u00e9r\u00e9s des termites est donc le bois.<\/p>\n<p>Les termites forment des nids et ont une capacit\u00e9 de reproduction \u00e9lev\u00e9e. Les termites risquent donc de cr\u00e9er un fl\u00e9au. \u00c0 ce moment-l\u00e0, les termites posent un probl\u00e8me, car elles envahissent notre espace.<\/p>\n<p>Contrairement aux vers \u00e0 bois, les termites font un petit trou dans le bois, semblable \u00e0 un grain, sans sortie de l'autre c\u00f4t\u00e9. Ils ne font pas non plus de bruit.<\/p>\n<h2>Comment pr\u00e9parer l'acide borique pour \u00e9liminer les termites ?<\/h2>\n<p>L'acide borique est un produit chimique qui se pr\u00e9sente sous la forme d'une poudre blanche, \u00e0 grain fin ou plus grossier. Les termites sont tu\u00e9es par l'ingestion d'acide borique. Par cons\u00e9quent, si vous avez des termites localis\u00e9s dans une certaine zone ou un espace clos,\u00a0<strong>saupoudrer de l'acide borique<\/strong>\u00a0par la zone o\u00f9 se trouvent les termites.<\/p>\n<figure class=\"wp-block-image size-large\"><img loading=\"lazy\" decoding=\"async\" width=\"300\" height=\"200\" class=\"wp-image-10265\" src=\"https:\/\/www.alquera.com\/wp-content\/uploads\/2020\/11\/termitas-300x200-2.jpg\" alt=\"\u00e1cido b\u00f3rico termitas\" srcset=\"https:\/\/www.alquera.com\/wp-content\/uploads\/2020\/11\/termitas-300x200-2.jpg 300w, https:\/\/www.alquera.com\/wp-content\/uploads\/2020\/11\/termitas-300x200-2-64x43.jpg 64w\" sizes=\"auto, (max-width: 300px) 100vw, 300px\" \/><\/figure>\n<p>Si les termites sont r\u00e9partis dans tout le bois, appliquez de l'acide borique sur le bois en suivant les \u00e9tapes suivantes :<\/p>\n<ol>\n<li>Pr\u00e9parez une solution d'acide borique et de propyl\u00e8ne glycol. Le propyl\u00e8ne glycol est un liquide que l'on trouve dans les magasins de piscines ou les pharmacies. Le rapport entre le propyl\u00e8ne glycol et l'acide borique \u00e0 appliquer est de 1:1 \u00e0 8:1.<\/li>\n<li>A l'aide d'une brosse ou d'un vaporisateur, appliquez la solution que vous avez pr\u00e9par\u00e9e. Appliquez la solution sur l'ensemble de la zone affect\u00e9e par les termites ainsi que sur les zones voisines. Il est n\u00e9cessaire que la solution traverse le bois et atteigne les termites, elle doit \u00eatre appliqu\u00e9e en profondeur et bien mouiller toute la surface o\u00f9 il peut y avoir des termites.<\/li>\n<li>Laissez agir la solution et vous verrez comment en quelques heures les redoutables termites dispara\u00eetront.<\/li>\n<\/ol>\n<p>Une fois l'acide borique \u00e9limin\u00e9, s\u00e9chez soigneusement le bois et vernissez-le pour le prot\u00e9ger des attaques et infestations futures de termites.<\/p>\n<p class=\"widget-title\">Lire la suite<\/p><a href=\"https:\/\/www.alquera.com\/fr\/acido-borico\/\">Acide borique<\/a>\n<!-- Page-list plugin v.5.9 wordpress.org\/plugins\/page-list\/ -->\n<ul class=\"page-list siblings-page-list\">\n<li class=\"page_item page-item-9420 menu-item\"><a href=\"https:\/\/www.alquera.com\/fr\/acido-borico\/cucarachas\/\" class=\"menu-link\">Acide Borique pour Cafards<\/a><\/li>\n<li class=\"page_item page-item-9422 menu-item\"><a href=\"https:\/\/www.alquera.com\/fr\/acido-borico\/termitas\/\" class=\"menu-link\">Acide Borique pour Termites<\/a><\/li>\n<li class=\"page_item page-item-9391 menu-item\"><a href=\"https:\/\/www.alquera.com\/fr\/acido-borico\/usos-acido-borico\/\" class=\"menu-link\">Usages Acide Borique<\/a><\/li>\n\n<\/ul>","protected":false},"excerpt":{"rendered":"<p>Si est\u00e1s preocupado con la aparici\u00f3n de termitas en la madera aqu\u00ed vamos a ver un\u00a0remedio para eliminar las termitas. El remedio es utilizando\u00a0\u00e1cido b\u00f3rico. El \u00e1cido b\u00f3rico es un producto qu\u00edmico que se presenta en color blanco, en polvo, que te va a ayudar tanto con las termitas, como a\u00a0eliminar cucarachas\u00a0y hormigas en el [&hellip;]<\/p>\n","protected":false},"author":1,"featured_media":0,"parent":32598,"menu_order":0,"comment_status":"open","ping_status":"closed","template":"","meta":{"_acf_changed":false,"site-sidebar-layout":"default","site-content-layout":"default","ast-site-content-layout":"default","site-content-style":"default","site-sidebar-style":"default","ast-global-header-display":"","ast-banner-title-visibility":"","ast-main-header-display":"","ast-hfb-above-header-display":"","ast-hfb-below-header-display":"","ast-hfb-mobile-header-display":"","site-post-title":"","ast-breadcrumbs-content":"","ast-featured-img":"","footer-sml-layout":"","ast-disable-related-posts":"","theme-transparent-header-meta":"default","adv-header-id-meta":"","stick-header-meta":"default","header-above-stick-meta":"","header-main-stick-meta":"","header-below-stick-meta":"","astra-migrate-meta-layouts":"default","ast-page-background-enabled":"default","ast-page-background-meta":{"desktop":{"background-color":"var(--ast-global-color-4)","background-image":"","background-repeat":"repeat","background-position":"center center","background-size":"auto","background-attachment":"scroll","background-type":"","background-media":"","overlay-type":"","overlay-color":"","overlay-opacity":"","overlay-gradient":""},"tablet":{"background-color":"","background-image":"","background-repeat":"repeat","background-position":"center center","background-size":"auto","background-attachment":"scroll","background-type":"","background-media":"","overlay-type":"","overlay-color":"","overlay-opacity":"","overlay-gradient":""},"mobile":{"background-color":"","background-image":"","background-repeat":"repeat","background-position":"center center","background-size":"auto","background-attachment":"scroll","background-type":"","background-media":"","overlay-type":"","overlay-color":"","overlay-opacity":"","overlay-gradient":""}},"ast-content-background-meta":{"desktop":{"background-color":"var(--ast-global-color-5)","background-image":"","background-repeat":"repeat","background-position":"center center","background-size":"auto","background-attachment":"scroll","background-type":"","background-media":"","overlay-type":"","overlay-color":"","overlay-opacity":"","overlay-gradient":""},"tablet":{"background-color":"var(--ast-global-color-5)","background-image":"","background-repeat":"repeat","background-position":"center center","background-size":"auto","background-attachment":"scroll","background-type":"","background-media":"","overlay-type":"","overlay-color":"","overlay-opacity":"","overlay-gradient":""},"mobile":{"background-color":"var(--ast-global-color-5)","background-image":"","background-repeat":"repeat","background-position":"center center","background-size":"auto","background-attachment":"scroll","background-type":"","background-media":"","overlay-type":"","overlay-color":"","overlay-opacity":"","overlay-gradient":""}},"footnotes":""},"class_list":["post-9422","page","type-page","status-publish","hentry"],"acf":[],"yoast_head":"<!-- This site is optimized with the Yoast SEO Premium plugin v27.1 (Yoast SEO v27.1.1) - https:\/\/yoast.com\/product\/yoast-seo-premium-wordpress\/ -->\n<title>\u00c1cido B\u00f3rico para Termitas - Alquera.com<\/title>\n<meta name=\"description\" content=\"El \u00e1cido b\u00f3rico es un compuesto qu\u00edmico que funciona muy bien para la eliminaci\u00f3n de las temidas termitas en la madera. Ver c\u00f3mo funciona.\" \/>\n<meta name=\"robots\" content=\"index, follow, max-snippet:-1, max-image-preview:large, max-video-preview:-1\" \/>\n<link rel=\"canonical\" href=\"https:\/\/www.alquera.com\/fr\/acido-borico\/termitas\/\" \/>\n<meta property=\"og:locale\" content=\"fr_FR\" \/>\n<meta property=\"og:type\" content=\"article\" \/>\n<meta property=\"og:title\" content=\"\u00c1cido B\u00f3rico para Termitas\" \/>\n<meta property=\"og:description\" content=\"El \u00e1cido b\u00f3rico es un compuesto qu\u00edmico que funciona muy bien para la eliminaci\u00f3n de las temidas termitas en la madera. Ver c\u00f3mo funciona.\" \/>\n<meta property=\"og:url\" content=\"https:\/\/www.alquera.com\/fr\/acido-borico\/termitas\/\" \/>\n<meta property=\"og:site_name\" content=\"Alquera.com\" \/>\n<meta property=\"article:publisher\" content=\"https:\/\/www.facebook.com\/alqueraciencia\" \/>\n<meta property=\"article:modified_time\" content=\"2023-09-18T10:26:40+00:00\" \/>\n<meta property=\"og:image\" content=\"https:\/\/www.alquera.com\/wp-content\/uploads\/2020\/11\/termitas2-300x182-2.jpg\" \/>\n<meta name=\"twitter:card\" content=\"summary_large_image\" \/>\n<meta name=\"twitter:label1\" content=\"Dur\u00e9e de lecture estim\u00e9e\" \/>\n\t<meta name=\"twitter:data1\" content=\"3 minutes\" \/>\n<script type=\"application\/ld+json\" class=\"yoast-schema-graph\">{\"@context\":\"https:\/\/schema.org\",\"@graph\":[{\"@type\":\"WebPage\",\"@id\":\"https:\/\/www.alquera.com\/acido-borico\/termitas\/\",\"url\":\"https:\/\/www.alquera.com\/acido-borico\/termitas\/\",\"name\":\"\u00c1cido B\u00f3rico para Termitas - Alquera.com\",\"isPartOf\":{\"@id\":\"https:\/\/www.alquera.com\/en\/#website\"},\"primaryImageOfPage\":{\"@id\":\"https:\/\/www.alquera.com\/acido-borico\/termitas\/#primaryimage\"},\"image\":{\"@id\":\"https:\/\/www.alquera.com\/acido-borico\/termitas\/#primaryimage\"},\"thumbnailUrl\":\"https:\/\/www.alquera.com\/wp-content\/uploads\/2020\/11\/termitas2-300x182-2.jpg\",\"datePublished\":\"2020-10-20T16:31:39+00:00\",\"dateModified\":\"2023-09-18T10:26:40+00:00\",\"description\":\"El \u00e1cido b\u00f3rico es un compuesto qu\u00edmico que funciona muy bien para la eliminaci\u00f3n de las temidas termitas en la madera. Ver c\u00f3mo funciona.\",\"breadcrumb\":{\"@id\":\"https:\/\/www.alquera.com\/acido-borico\/termitas\/#breadcrumb\"},\"inLanguage\":\"fr-FR\",\"potentialAction\":[{\"@type\":\"ReadAction\",\"target\":[\"https:\/\/www.alquera.com\/acido-borico\/termitas\/\"]}]},{\"@type\":\"ImageObject\",\"inLanguage\":\"fr-FR\",\"@id\":\"https:\/\/www.alquera.com\/acido-borico\/termitas\/#primaryimage\",\"url\":\"https:\/\/www.alquera.com\/wp-content\/uploads\/2020\/11\/termitas2-300x182-2.jpg\",\"contentUrl\":\"https:\/\/www.alquera.com\/wp-content\/uploads\/2020\/11\/termitas2-300x182-2.jpg\"},{\"@type\":\"BreadcrumbList\",\"@id\":\"https:\/\/www.alquera.com\/acido-borico\/termitas\/#breadcrumb\",\"itemListElement\":[{\"@type\":\"ListItem\",\"position\":1,\"name\":\"Inicio\",\"item\":\"https:\/\/www.alquera.com\/\"},{\"@type\":\"ListItem\",\"position\":2,\"name\":\"Acido Borico\",\"item\":\"https:\/\/www.alquera.com\/acido-borico\/\"},{\"@type\":\"ListItem\",\"position\":3,\"name\":\"\u00c1cido B\u00f3rico para Termitas\"}]},{\"@type\":\"WebSite\",\"@id\":\"https:\/\/www.alquera.com\/en\/#website\",\"url\":\"https:\/\/www.alquera.com\/en\/\",\"name\":\"Alquera.com\",\"description\":\"Tienda Online Productos Qu\u00edmicos y Material de Laboratorio\",\"publisher\":{\"@id\":\"https:\/\/www.alquera.com\/en\/#organization\"},\"potentialAction\":[{\"@type\":\"SearchAction\",\"target\":{\"@type\":\"EntryPoint\",\"urlTemplate\":\"https:\/\/www.alquera.com\/en\/?s={search_term_string}\"},\"query-input\":{\"@type\":\"PropertyValueSpecification\",\"valueRequired\":true,\"valueName\":\"search_term_string\"}}],\"inLanguage\":\"fr-FR\"},{\"@type\":\"Organization\",\"@id\":\"https:\/\/www.alquera.com\/en\/#organization\",\"name\":\"ALQUERA CIENCIA SL\",\"url\":\"https:\/\/www.alquera.com\/en\/\",\"logo\":{\"@type\":\"ImageObject\",\"inLanguage\":\"fr-FR\",\"@id\":\"https:\/\/www.alquera.com\/en\/#\/schema\/logo\/image\/\",\"url\":\"https:\/\/www.alquera.com\/wp-content\/uploads\/2020\/11\/logo_300_ancho.png\",\"contentUrl\":\"https:\/\/www.alquera.com\/wp-content\/uploads\/2020\/11\/logo_300_ancho.png\",\"width\":300,\"height\":86,\"caption\":\"ALQUERA CIENCIA SL\"},\"image\":{\"@id\":\"https:\/\/www.alquera.com\/en\/#\/schema\/logo\/image\/\"},\"sameAs\":[\"https:\/\/www.facebook.com\/alqueraciencia\",\"https:\/\/www.instagram.com\/alquera_ciencia\/\",\"https:\/\/www.youtube.com\/c\/alquera\"]}]}<\/script>\n<!-- \/ Yoast SEO Premium plugin. -->","yoast_head_json":{"title":"Acide borique pour les termites - Alquera.com","description":"L'acide borique est un compos\u00e9 chimique qui fonctionne tr\u00e8s bien pour l'\u00e9limination des redoutables termites du bois. Voyez comment cela fonctionne.","robots":{"index":"index","follow":"follow","max-snippet":"max-snippet:-1","max-image-preview":"max-image-preview:large","max-video-preview":"max-video-preview:-1"},"canonical":"https:\/\/www.alquera.com\/fr\/acido-borico\/termitas\/","og_locale":"fr_FR","og_type":"article","og_title":"\u00c1cido B\u00f3rico para Termitas","og_description":"El \u00e1cido b\u00f3rico es un compuesto qu\u00edmico que funciona muy bien para la eliminaci\u00f3n de las temidas termitas en la madera. Ver c\u00f3mo funciona.","og_url":"https:\/\/www.alquera.com\/fr\/acido-borico\/termitas\/","og_site_name":"Alquera.com","article_publisher":"https:\/\/www.facebook.com\/alqueraciencia","article_modified_time":"2023-09-18T10:26:40+00:00","og_image":[{"url":"https:\/\/www.alquera.com\/wp-content\/uploads\/2020\/11\/termitas2-300x182-2.jpg","type":"","width":"","height":""}],"twitter_card":"summary_large_image","twitter_misc":{"Dur\u00e9e de lecture estim\u00e9e":"3 minutes"},"schema":{"@context":"https:\/\/schema.org","@graph":[{"@type":"WebPage","@id":"https:\/\/www.alquera.com\/acido-borico\/termitas\/","url":"https:\/\/www.alquera.com\/acido-borico\/termitas\/","name":"Acide borique pour les termites - Alquera.com","isPartOf":{"@id":"https:\/\/www.alquera.com\/en\/#website"},"primaryImageOfPage":{"@id":"https:\/\/www.alquera.com\/acido-borico\/termitas\/#primaryimage"},"image":{"@id":"https:\/\/www.alquera.com\/acido-borico\/termitas\/#primaryimage"},"thumbnailUrl":"https:\/\/www.alquera.com\/wp-content\/uploads\/2020\/11\/termitas2-300x182-2.jpg","datePublished":"2020-10-20T16:31:39+00:00","dateModified":"2023-09-18T10:26:40+00:00","description":"L'acide borique est un compos\u00e9 chimique qui fonctionne tr\u00e8s bien pour l'\u00e9limination des redoutables termites du bois. Voyez comment cela fonctionne.","breadcrumb":{"@id":"https:\/\/www.alquera.com\/acido-borico\/termitas\/#breadcrumb"},"inLanguage":"fr-FR","potentialAction":[{"@type":"ReadAction","target":["https:\/\/www.alquera.com\/acido-borico\/termitas\/"]}]},{"@type":"ImageObject","inLanguage":"fr-FR","@id":"https:\/\/www.alquera.com\/acido-borico\/termitas\/#primaryimage","url":"https:\/\/www.alquera.com\/wp-content\/uploads\/2020\/11\/termitas2-300x182-2.jpg","contentUrl":"https:\/\/www.alquera.com\/wp-content\/uploads\/2020\/11\/termitas2-300x182-2.jpg"},{"@type":"BreadcrumbList","@id":"https:\/\/www.alquera.com\/acido-borico\/termitas\/#breadcrumb","itemListElement":[{"@type":"ListItem","position":1,"name":"Inicio","item":"https:\/\/www.alquera.com\/"},{"@type":"ListItem","position":2,"name":"Acido Borico","item":"https:\/\/www.alquera.com\/acido-borico\/"},{"@type":"ListItem","position":3,"name":"\u00c1cido B\u00f3rico para Termitas"}]},{"@type":"WebSite","@id":"https:\/\/www.alquera.com\/en\/#website","url":"https:\/\/www.alquera.com\/en\/","name":"Alquera.com","description":"Boutique en ligne Produits chimiques et \u00e9quipements de laboratoire","publisher":{"@id":"https:\/\/www.alquera.com\/en\/#organization"},"potentialAction":[{"@type":"SearchAction","target":{"@type":"EntryPoint","urlTemplate":"https:\/\/www.alquera.com\/en\/?s={search_term_string}"},"query-input":{"@type":"PropertyValueSpecification","valueRequired":true,"valueName":"search_term_string"}}],"inLanguage":"fr-FR"},{"@type":"Organization","@id":"https:\/\/www.alquera.com\/en\/#organization","name":"ALQUERA CIENCIA SL","url":"https:\/\/www.alquera.com\/en\/","logo":{"@type":"ImageObject","inLanguage":"fr-FR","@id":"https:\/\/www.alquera.com\/en\/#\/schema\/logo\/image\/","url":"https:\/\/www.alquera.com\/wp-content\/uploads\/2020\/11\/logo_300_ancho.png","contentUrl":"https:\/\/www.alquera.com\/wp-content\/uploads\/2020\/11\/logo_300_ancho.png","width":300,"height":86,"caption":"ALQUERA CIENCIA SL"},"image":{"@id":"https:\/\/www.alquera.com\/en\/#\/schema\/logo\/image\/"},"sameAs":["https:\/\/www.facebook.com\/alqueraciencia","https:\/\/www.instagram.com\/alquera_ciencia\/","https:\/\/www.youtube.com\/c\/alquera"]}]}},"_links":{"self":[{"href":"https:\/\/www.alquera.com\/fr\/wp-json\/wp\/v2\/pages\/9422","targetHints":{"allow":["GET"]}}],"collection":[{"href":"https:\/\/www.alquera.com\/fr\/wp-json\/wp\/v2\/pages"}],"about":[{"href":"https:\/\/www.alquera.com\/fr\/wp-json\/wp\/v2\/types\/page"}],"author":[{"embeddable":true,"href":"https:\/\/www.alquera.com\/fr\/wp-json\/wp\/v2\/users\/1"}],"replies":[{"embeddable":true,"href":"https:\/\/www.alquera.com\/fr\/wp-json\/wp\/v2\/comments?post=9422"}],"version-history":[{"count":8,"href":"https:\/\/www.alquera.com\/fr\/wp-json\/wp\/v2\/pages\/9422\/revisions"}],"predecessor-version":[{"id":44261,"href":"https:\/\/www.alquera.com\/fr\/wp-json\/wp\/v2\/pages\/9422\/revisions\/44261"}],"up":[{"embeddable":true,"href":"https:\/\/www.alquera.com\/fr\/wp-json\/wp\/v2\/pages\/32598"}],"wp:attachment":[{"href":"https:\/\/www.alquera.com\/fr\/wp-json\/wp\/v2\/media?parent=9422"}],"curies":[{"name":"wp","href":"https:\/\/api.w.org\/{rel}","templated":true}]}}