{"id":9976,"date":"2020-11-06T15:51:40","date_gmt":"2020-11-06T15:51:40","guid":{"rendered":"http:\/\/www.alquerapruebas.es\/?page_id=9976"},"modified":"2026-02-23T14:46:31","modified_gmt":"2026-02-23T14:46:31","slug":"usos-hidrogel","status":"publish","type":"page","link":"https:\/\/www.alquera.com\/fr\/hidrogel\/usos-hidrogel\/","title":{"rendered":"Utilisations Hydrogel pour Plantes"},"content":{"rendered":"<h1 class=\"wp-block-heading\" id=\"h-que-es-el-hidrogel\">QU'EST-CE QUE L'HYDROGEL<\/h1>\n\n\n\n<p>Le&nbsp;<strong>l'hydrogel<\/strong>&nbsp;est une r\u00e9tention d'eau. Il se compose d'un&nbsp;<a href=\"https:\/\/www.alquera.com\/fr\/polimeros-super-absorbentes\/\">polym\u00e8re superabsorbant<\/a>&nbsp;eau appel\u00e9e&nbsp;<strong>polyacrylate de potassium,<\/strong>. Un polym\u00e8re superabsorbant est un mat\u00e9riau qui a la capacit\u00e9 d'absorber de grandes quantit\u00e9s d'eau et de la lib\u00e9rer lentement par la suite. Le site&nbsp;<a href=\"https:\/\/www.alquera.com\/fr\/hidrogel\/\">l'hydrogel<\/a>&nbsp;appartient \u00e0 ce type de mat\u00e9riau. C'est une mati\u00e8re s\u00e8che qui se pr\u00e9sente sous la forme de cristaux blancs de 1 \u00e0 2 mm de taille. Son utilisation principale est dans&nbsp;<strong>agriculture<\/strong>. \u00c9galement connu sous le nom de pluie solide, r\u00e9tention d'eau, polyacrylate de potassium, gel d'eau, cristaux d'eau.&nbsp;<\/p>\n\n\n\n<figure class=\"wp-block-image size-large\"><img loading=\"lazy\" decoding=\"async\" width=\"700\" height=\"302\" class=\"wp-image-10230\" src=\"https:\/\/www.alquera.com\/wp-content\/uploads\/2020\/11\/HIDROGEL-PARA-PLANTAS.png\" alt=\"\" srcset=\"https:\/\/www.alquera.com\/wp-content\/uploads\/2020\/11\/HIDROGEL-PARA-PLANTAS.png 700w, https:\/\/www.alquera.com\/wp-content\/uploads\/2020\/11\/HIDROGEL-PARA-PLANTAS-300x129.png 300w, https:\/\/www.alquera.com\/wp-content\/uploads\/2020\/11\/HIDROGEL-PARA-PLANTAS-600x259.png 600w, https:\/\/www.alquera.com\/wp-content\/uploads\/2020\/11\/HIDROGEL-PARA-PLANTAS-64x28.png 64w\" sizes=\"auto, (max-width: 700px) 100vw, 700px\" \/><\/figure>\r\n<h2>UTILISATIONS DE L'HYDROGEL\u00a0<\/h2>\r\n<p>\n\n\n\n<\/p>\r\n<p>Les cristaux d'hydrogel peuvent \u00eatre utilis\u00e9s pour toute application o\u00f9 la r\u00e9tention d'eau est n\u00e9cessaire. Leur principale utilisation est <strong>en agriculture<\/strong> pour les \u00e9conomies d'eau dans l'agriculture, il permet de retenir l'eau pour gagner du temps et r\u00e9duire les co\u00fbts d'irrigation.  L'hydrogel est valable pour les petits pots, pour l'entretien des racines, ainsi que pour les grandes surfaces.<\/p>\n\n\n\n<p><\/p>\n\n\n\n\n\n<h3 class=\"wp-block-heading\">R\u00c9TENTION D'EAU POUR LES PLANTES<\/h3>\n\n\n\n<p>Les cristaux d'hydrogel secs ont la capacit\u00e9 d'absorber l'eau et de la lib\u00e9rer ensuite. Cela fait de l'hydrogel un excellent alli\u00e9 pour \u00e9conomiser l'eau d'irrigation et utiliser l'eau de pluie. L'hydrogel d'Alquera a une capacit\u00e9 d'absorption allant jusqu'\u00e0 300 fois son poids en eau. L'eau absorb\u00e9e par le polym\u00e8re peut \u00eatre absorb\u00e9e par les racines de tous types de cultures agricoles, plantes, l\u00e9gumes, fleurs, etc... La r\u00e9tention d'eau de l'hydrogel d\u00e9pendra du type d'hydrogel et de la salinit\u00e9 de l'eau qui lui est appliqu\u00e9e. Nous vous donnons ici la capacit\u00e9 d'absorption d'eau de l'hydrogel que vous trouvez \u00e0 Alquera (voir <a href=\"https:\/\/www.alquera.com\/fr\/hidrogel\/\">Hydrogel d'Alquera<\/a>), avec de l'eau du robinet d'une salinit\u00e9 de 2 pour mille (mesure standard).<\/p>\n\n\n\n<ul class=\"wp-block-list\">\r\n<li>1 gramme d'hydrogel absorbe jusqu'\u00e0 300ml d'eau<\/li>\r\n<li>3,3 grammes d'hydrogel absorbent jusqu'\u00e0 1 litre d'eau.<\/li>\r\n<li>200 grammes d'hydrogel absorbent jusqu'\u00e0 60 litres d'eau.<\/li>\r\n<li>1Kg d'hydrogel absorbe jusqu'\u00e0 300L d'eau.<\/li>\r\n<\/ul>\r\n<h3>PROPRI\u00c9T\u00c9S TECHNIQUES HYDROGEL<\/h3>\r\n<p>Dans cette section, vous pouvez voir les <a href=\"https:\/\/www.alquera.com\/fr\/hidrogel\/propiedades\/\">propri\u00e9t\u00e9s techniques de l'hydrogel<\/a>.<\/p>\r\n<h3>GUIDE D'APPLICATION DES HYDROGELS AGRICULTURE<\/h3>\r\n<p>\n\n\n\n<\/p>\r\n<p>De\u00a0<strong>r\u00e9f\u00e9rence<\/strong>\u00a0le taux d'application serait de 2 \u00e0 4 grammes d'hydrogel sec par litre de substrat, soit entre 100 et 400 grammes d'hydrogel par arbre (selon la taille).<\/p>\r\n<p>\n\n\n\n<\/p>\n<p>Pour voir\u00a0<strong>dosage et application<\/strong>\u00a0recommand\u00e9 pour l'hydrogel d'Alquera dans cette section :\u00a0<a href=\"https:\/\/www.alquera.com\/fr\/hidrogel\/guia-aplicacion\/\">utilisation de l'hydrogel en agriculture<\/a>.<\/p>\n\n\n\n<h3 class=\"wp-block-heading\">AVANTAGES DE L\u2019UTILISATION DE L\u2019HYDROGEL<\/h3>\n\n\n\n<p>Les caract\u00e9ristiques de r\u00e9tention d'eau de l'hydrogel lui conf\u00e8rent un certain nombre d'avantages pour les plantes, qui sont \u00e9num\u00e9r\u00e9s ci-dessous :<\/p>\n\n\n\n<ul class=\"wp-block-list\">\n<li><strong>Am\u00e9liorer les semis :&nbsp;<\/strong>L'utilisation d'un hydrogel am\u00e9liore le taux de germination des graines. Egalement le taux de survie dans les transplantations de semis.<\/li>\n\n\n\n<li><strong>Racines :&nbsp;<\/strong>L'utilisation d'hydrogel favorise le d\u00e9veloppement des racines, augmente la r\u00e9sistance des graines aux maladies de croissance.<\/li>\n\n\n\n<li><strong>Economies d'eau :&nbsp;<\/strong>En retenant \u00e0 la fois l'eau d'irrigation et l'eau de pluie, il permet de r\u00e9aliser des \u00e9conomies d'eau, de r\u00e9sister \u00e0 la s\u00e9cheresse, d'augmenter les r\u00e9serves d'eau du sol, d'am\u00e9liorer l'efficacit\u00e9 de l'irrigation et des pr\u00e9cipitations.<\/li>\n\n\n\n<li><strong>Sol perm\u00e9able :&nbsp;<\/strong>Am\u00e9liorer la perm\u00e9abilit\u00e9 du sol, et l'utilisation de la mati\u00e8re organique dans le sol.<\/li>\n\n\n\n<li><strong>La f\u00e9condation :&nbsp;<\/strong>Am\u00e9liorer l'effet de la fertilisation, r\u00e9duire les pertes de nutriments et prot\u00e9ger l'environnement des eaux souterraines.<\/li>\n\n\n\n<li><strong>Optimum dans les plantes :&nbsp;<\/strong>Il ne nuit pas aux plantes \u00e0 long terme, am\u00e9liore la fertilit\u00e9 du sol et r\u00e9duit la charge.<\/li>\n<\/ul>\n\n\n\n<p>&nbsp;<\/p>\n\n\n\n<h3 class=\"widget-title\">Acheter <\/h3><div><div class=\"woocommerce\"><ul class=\"products columns-4\">\n<li class=\"desktop-align-left tablet-align-left mobile-align-left ast-product-gallery-layout-horizontal-slider ast-magnify-disabled ast-product-single-variable ast-product-tabs-layout-horizontal ast-qv-on-image product type-product post-495 status-publish first instock product_cat-productos-experimentos product_cat-productos has-post-thumbnail taxable shipping-taxable purchasable product-type-variable has-default-attributes\">\n\t<a href=\"https:\/\/www.alquera.com\/fr\/permanganato-de-potasio\/\" class=\"woocommerce-LoopProduct-link woocommerce-loop-product__link\"><img loading=\"lazy\" decoding=\"async\" width=\"300\" height=\"300\" src=\"https:\/\/www.alquera.com\/wp-content\/uploads\/2016\/01\/permanganato-200g-foto-nueva-300x300.png\" class=\"attachment-woocommerce_thumbnail size-woocommerce_thumbnail\" alt=\"permanganato 200g\" srcset=\"https:\/\/www.alquera.com\/wp-content\/uploads\/2016\/01\/permanganato-200g-foto-nueva-300x300.png 300w, https:\/\/www.alquera.com\/wp-content\/uploads\/2016\/01\/permanganato-200g-foto-nueva-150x150.png 150w, https:\/\/www.alquera.com\/wp-content\/uploads\/2016\/01\/permanganato-200g-foto-nueva-12x12.png 12w, https:\/\/www.alquera.com\/wp-content\/uploads\/2016\/01\/permanganato-200g-foto-nueva-100x100.png 100w\" sizes=\"auto, (max-width: 300px) 100vw, 300px\" \/><h2 class=\"woocommerce-loop-product__title\">Permanganate de Potassium<\/h2><div class=\"review-rating\"><div class=\"star-rating\"><span style=\"width:100%\" data-no-translation=\"\" data-trp-gettext=\"\">Note <strong class=\"rating\">5.00<\/strong> sur 5<\/span><\/div><\/div>\n<\/a><a href=\"https:\/\/www.alquera.com\/fr\/permanganato-de-potasio\/\" aria-describedby=\"woocommerce_loop_add_to_cart_link_describedby_495\" data-quantity=\"1\" class=\"button product_type_variable add_to_cart_button\" data-product_id=\"495\" data-product_sku=\"AL100111\" aria-label=\"S\u00e9lectionner les options pour \u201cPermanganato de Potasio\u201d\" rel=\"nofollow\" data-no-translation=\"\" data-trp-gettext=\"\" data-no-translation-aria-label=\"\">Choix des options<\/a>\t<span id=\"woocommerce_loop_add_to_cart_link_describedby_495\" class=\"screen-reader-text\">\n\t\tCe produit a plusieurs variations. Les options peuvent \u00eatre choisies sur la page du produit\t<\/span>\n<\/li>\n<\/ul>\n<\/div><\/div>","protected":false},"excerpt":{"rendered":"<p>QU\u00c9 ES EL HIDROGEL El&nbsp;hidrogel&nbsp;es un retenedor de agua. Est\u00e1 formado por un&nbsp;pol\u00edmero superabsorbente&nbsp;de agua llamado&nbsp;poliacrilato de potasio. Un pol\u00edmero superabsorbente, es un un material que tiene la capacidad de absorci\u00f3n grandes cantidades de agua y liberarla lentamente despu\u00e9s. El&nbsp;hidrogel&nbsp;pertenece a este tipo de materiales. Es un material que se presenta en seco y en [&hellip;]<\/p>\n","protected":false},"author":1,"featured_media":0,"parent":32588,"menu_order":0,"comment_status":"open","ping_status":"closed","template":"","meta":{"_acf_changed":false,"site-sidebar-layout":"left-sidebar","site-content-layout":"default","ast-site-content-layout":"default","site-content-style":"default","site-sidebar-style":"default","ast-global-header-display":"","ast-banner-title-visibility":"","ast-main-header-display":"","ast-hfb-above-header-display":"","ast-hfb-below-header-display":"","ast-hfb-mobile-header-display":"","site-post-title":"","ast-breadcrumbs-content":"","ast-featured-img":"","footer-sml-layout":"","ast-disable-related-posts":"","theme-transparent-header-meta":"default","adv-header-id-meta":"","stick-header-meta":"default","header-above-stick-meta":"","header-main-stick-meta":"","header-below-stick-meta":"","astra-migrate-meta-layouts":"set","ast-page-background-enabled":"default","ast-page-background-meta":{"desktop":{"background-color":"var(--ast-global-color-4)","background-image":"","background-repeat":"repeat","background-position":"center center","background-size":"auto","background-attachment":"scroll","background-type":"","background-media":"","overlay-type":"","overlay-color":"","overlay-opacity":"","overlay-gradient":""},"tablet":{"background-color":"","background-image":"","background-repeat":"repeat","background-position":"center center","background-size":"auto","background-attachment":"scroll","background-type":"","background-media":"","overlay-type":"","overlay-color":"","overlay-opacity":"","overlay-gradient":""},"mobile":{"background-color":"","background-image":"","background-repeat":"repeat","background-position":"center center","background-size":"auto","background-attachment":"scroll","background-type":"","background-media":"","overlay-type":"","overlay-color":"","overlay-opacity":"","overlay-gradient":""}},"ast-content-background-meta":{"desktop":{"background-color":"var(--ast-global-color-5)","background-image":"","background-repeat":"repeat","background-position":"center center","background-size":"auto","background-attachment":"scroll","background-type":"","background-media":"","overlay-type":"","overlay-color":"","overlay-opacity":"","overlay-gradient":""},"tablet":{"background-color":"var(--ast-global-color-5)","background-image":"","background-repeat":"repeat","background-position":"center center","background-size":"auto","background-attachment":"scroll","background-type":"","background-media":"","overlay-type":"","overlay-color":"","overlay-opacity":"","overlay-gradient":""},"mobile":{"background-color":"var(--ast-global-color-5)","background-image":"","background-repeat":"repeat","background-position":"center center","background-size":"auto","background-attachment":"scroll","background-type":"","background-media":"","overlay-type":"","overlay-color":"","overlay-opacity":"","overlay-gradient":""}},"footnotes":""},"class_list":["post-9976","page","type-page","status-publish","hentry"],"acf":[],"yoast_head":"<!-- This site is optimized with the Yoast SEO Premium plugin v27.1 (Yoast SEO v27.1.1) - https:\/\/yoast.com\/product\/yoast-seo-premium-wordpress\/ -->\n<title>Usos Hidrogel para Plantas - Alquera.com<\/title>\n<meta name=\"description\" content=\"El hidrogel es un pol\u00edmero superabsorbente utilizado en agricultura por su capacidad de retenci\u00f3n de agua. Ver sus usos y aplicaciones.\" \/>\n<meta name=\"robots\" content=\"index, follow, max-snippet:-1, max-image-preview:large, max-video-preview:-1\" \/>\n<link rel=\"canonical\" href=\"https:\/\/www.alquera.com\/fr\/hidrogel\/usos-hidrogel\/\" \/>\n<meta property=\"og:locale\" content=\"fr_FR\" \/>\n<meta property=\"og:type\" content=\"article\" \/>\n<meta property=\"og:title\" content=\"Usos Hidrogel para Plantas\" \/>\n<meta property=\"og:description\" content=\"El hidrogel es un pol\u00edmero superabsorbente utilizado en agricultura por su capacidad de retenci\u00f3n de agua. Ver sus usos y aplicaciones.\" \/>\n<meta property=\"og:url\" content=\"https:\/\/www.alquera.com\/fr\/hidrogel\/usos-hidrogel\/\" \/>\n<meta property=\"og:site_name\" content=\"Alquera.com\" \/>\n<meta property=\"article:publisher\" content=\"https:\/\/www.facebook.com\/alqueraciencia\" \/>\n<meta property=\"article:modified_time\" content=\"2026-02-23T14:46:31+00:00\" \/>\n<meta property=\"og:image\" content=\"https:\/\/www.alquera.com\/wp-content\/uploads\/2020\/11\/HIDROGEL-PARA-PLANTAS.png\" \/>\n\t<meta property=\"og:image:width\" content=\"700\" \/>\n\t<meta property=\"og:image:height\" content=\"302\" \/>\n\t<meta property=\"og:image:type\" content=\"image\/png\" \/>\n<meta name=\"twitter:card\" content=\"summary_large_image\" \/>\n<meta name=\"twitter:label1\" content=\"Dur\u00e9e de lecture estim\u00e9e\" \/>\n\t<meta name=\"twitter:data1\" content=\"3 minutes\" \/>\n<script type=\"application\/ld+json\" class=\"yoast-schema-graph\">{\"@context\":\"https:\/\/schema.org\",\"@graph\":[{\"@type\":\"WebPage\",\"@id\":\"https:\/\/www.alquera.com\/hidrogel\/usos-hidrogel\/\",\"url\":\"https:\/\/www.alquera.com\/hidrogel\/usos-hidrogel\/\",\"name\":\"Usos Hidrogel para Plantas - Alquera.com\",\"isPartOf\":{\"@id\":\"https:\/\/www.alquera.com\/en\/#website\"},\"primaryImageOfPage\":{\"@id\":\"https:\/\/www.alquera.com\/hidrogel\/usos-hidrogel\/#primaryimage\"},\"image\":{\"@id\":\"https:\/\/www.alquera.com\/hidrogel\/usos-hidrogel\/#primaryimage\"},\"thumbnailUrl\":\"https:\/\/www.alquera.com\/wp-content\/uploads\/2020\/11\/HIDROGEL-PARA-PLANTAS.png\",\"datePublished\":\"2020-11-06T15:51:40+00:00\",\"dateModified\":\"2026-02-23T14:46:31+00:00\",\"description\":\"El hidrogel es un pol\u00edmero superabsorbente utilizado en agricultura por su capacidad de retenci\u00f3n de agua. Ver sus usos y aplicaciones.\",\"breadcrumb\":{\"@id\":\"https:\/\/www.alquera.com\/hidrogel\/usos-hidrogel\/#breadcrumb\"},\"inLanguage\":\"fr-FR\",\"potentialAction\":[{\"@type\":\"ReadAction\",\"target\":[\"https:\/\/www.alquera.com\/hidrogel\/usos-hidrogel\/\"]}]},{\"@type\":\"ImageObject\",\"inLanguage\":\"fr-FR\",\"@id\":\"https:\/\/www.alquera.com\/hidrogel\/usos-hidrogel\/#primaryimage\",\"url\":\"https:\/\/www.alquera.com\/wp-content\/uploads\/2020\/11\/HIDROGEL-PARA-PLANTAS.png\",\"contentUrl\":\"https:\/\/www.alquera.com\/wp-content\/uploads\/2020\/11\/HIDROGEL-PARA-PLANTAS.png\"},{\"@type\":\"BreadcrumbList\",\"@id\":\"https:\/\/www.alquera.com\/hidrogel\/usos-hidrogel\/#breadcrumb\",\"itemListElement\":[{\"@type\":\"ListItem\",\"position\":1,\"name\":\"Inicio\",\"item\":\"https:\/\/www.alquera.com\/\"},{\"@type\":\"ListItem\",\"position\":2,\"name\":\"Hidrogel para Plantas\",\"item\":\"https:\/\/www.alquera.com\/hidrogel\/\"},{\"@type\":\"ListItem\",\"position\":3,\"name\":\"Usos Hidrogel para Plantas\"}]},{\"@type\":\"WebSite\",\"@id\":\"https:\/\/www.alquera.com\/en\/#website\",\"url\":\"https:\/\/www.alquera.com\/en\/\",\"name\":\"Alquera.com\",\"description\":\"Tienda Online Productos Qu\u00edmicos y Material de Laboratorio\",\"publisher\":{\"@id\":\"https:\/\/www.alquera.com\/en\/#organization\"},\"potentialAction\":[{\"@type\":\"SearchAction\",\"target\":{\"@type\":\"EntryPoint\",\"urlTemplate\":\"https:\/\/www.alquera.com\/en\/?s={search_term_string}\"},\"query-input\":{\"@type\":\"PropertyValueSpecification\",\"valueRequired\":true,\"valueName\":\"search_term_string\"}}],\"inLanguage\":\"fr-FR\"},{\"@type\":\"Organization\",\"@id\":\"https:\/\/www.alquera.com\/en\/#organization\",\"name\":\"ALQUERA CIENCIA SL\",\"url\":\"https:\/\/www.alquera.com\/en\/\",\"logo\":{\"@type\":\"ImageObject\",\"inLanguage\":\"fr-FR\",\"@id\":\"https:\/\/www.alquera.com\/en\/#\/schema\/logo\/image\/\",\"url\":\"https:\/\/www.alquera.com\/wp-content\/uploads\/2020\/11\/logo_300_ancho.png\",\"contentUrl\":\"https:\/\/www.alquera.com\/wp-content\/uploads\/2020\/11\/logo_300_ancho.png\",\"width\":300,\"height\":86,\"caption\":\"ALQUERA CIENCIA SL\"},\"image\":{\"@id\":\"https:\/\/www.alquera.com\/en\/#\/schema\/logo\/image\/\"},\"sameAs\":[\"https:\/\/www.facebook.com\/alqueraciencia\",\"https:\/\/www.instagram.com\/alquera_ciencia\/\",\"https:\/\/www.youtube.com\/c\/alquera\"]}]}<\/script>\n<!-- \/ Yoast SEO Premium plugin. -->","yoast_head_json":{"title":"Utilisation de l'hydrogel pour les plantes - Alquera.com","description":"L'hydrogel est un polym\u00e8re superabsorbant utilis\u00e9 en agriculture pour sa capacit\u00e9 de r\u00e9tention d'eau. Voir ses utilisations et ses applications.","robots":{"index":"index","follow":"follow","max-snippet":"max-snippet:-1","max-image-preview":"max-image-preview:large","max-video-preview":"max-video-preview:-1"},"canonical":"https:\/\/www.alquera.com\/fr\/hidrogel\/usos-hidrogel\/","og_locale":"fr_FR","og_type":"article","og_title":"Usos Hidrogel para Plantas","og_description":"El hidrogel es un pol\u00edmero superabsorbente utilizado en agricultura por su capacidad de retenci\u00f3n de agua. Ver sus usos y aplicaciones.","og_url":"https:\/\/www.alquera.com\/fr\/hidrogel\/usos-hidrogel\/","og_site_name":"Alquera.com","article_publisher":"https:\/\/www.facebook.com\/alqueraciencia","article_modified_time":"2026-02-23T14:46:31+00:00","og_image":[{"width":700,"height":302,"url":"https:\/\/www.alquera.com\/wp-content\/uploads\/2020\/11\/HIDROGEL-PARA-PLANTAS.png","type":"image\/png"}],"twitter_card":"summary_large_image","twitter_misc":{"Dur\u00e9e de lecture estim\u00e9e":"3 minutes"},"schema":{"@context":"https:\/\/schema.org","@graph":[{"@type":"WebPage","@id":"https:\/\/www.alquera.com\/hidrogel\/usos-hidrogel\/","url":"https:\/\/www.alquera.com\/hidrogel\/usos-hidrogel\/","name":"Utilisation de l'hydrogel pour les plantes - Alquera.com","isPartOf":{"@id":"https:\/\/www.alquera.com\/en\/#website"},"primaryImageOfPage":{"@id":"https:\/\/www.alquera.com\/hidrogel\/usos-hidrogel\/#primaryimage"},"image":{"@id":"https:\/\/www.alquera.com\/hidrogel\/usos-hidrogel\/#primaryimage"},"thumbnailUrl":"https:\/\/www.alquera.com\/wp-content\/uploads\/2020\/11\/HIDROGEL-PARA-PLANTAS.png","datePublished":"2020-11-06T15:51:40+00:00","dateModified":"2026-02-23T14:46:31+00:00","description":"L'hydrogel est un polym\u00e8re superabsorbant utilis\u00e9 en agriculture pour sa capacit\u00e9 de r\u00e9tention d'eau. Voir ses utilisations et ses applications.","breadcrumb":{"@id":"https:\/\/www.alquera.com\/hidrogel\/usos-hidrogel\/#breadcrumb"},"inLanguage":"fr-FR","potentialAction":[{"@type":"ReadAction","target":["https:\/\/www.alquera.com\/hidrogel\/usos-hidrogel\/"]}]},{"@type":"ImageObject","inLanguage":"fr-FR","@id":"https:\/\/www.alquera.com\/hidrogel\/usos-hidrogel\/#primaryimage","url":"https:\/\/www.alquera.com\/wp-content\/uploads\/2020\/11\/HIDROGEL-PARA-PLANTAS.png","contentUrl":"https:\/\/www.alquera.com\/wp-content\/uploads\/2020\/11\/HIDROGEL-PARA-PLANTAS.png"},{"@type":"BreadcrumbList","@id":"https:\/\/www.alquera.com\/hidrogel\/usos-hidrogel\/#breadcrumb","itemListElement":[{"@type":"ListItem","position":1,"name":"Inicio","item":"https:\/\/www.alquera.com\/"},{"@type":"ListItem","position":2,"name":"Hidrogel para Plantas","item":"https:\/\/www.alquera.com\/hidrogel\/"},{"@type":"ListItem","position":3,"name":"Usos Hidrogel para Plantas"}]},{"@type":"WebSite","@id":"https:\/\/www.alquera.com\/en\/#website","url":"https:\/\/www.alquera.com\/en\/","name":"Alquera.com","description":"Boutique en ligne Produits chimiques et \u00e9quipements de laboratoire","publisher":{"@id":"https:\/\/www.alquera.com\/en\/#organization"},"potentialAction":[{"@type":"SearchAction","target":{"@type":"EntryPoint","urlTemplate":"https:\/\/www.alquera.com\/en\/?s={search_term_string}"},"query-input":{"@type":"PropertyValueSpecification","valueRequired":true,"valueName":"search_term_string"}}],"inLanguage":"fr-FR"},{"@type":"Organization","@id":"https:\/\/www.alquera.com\/en\/#organization","name":"ALQUERA CIENCIA SL","url":"https:\/\/www.alquera.com\/en\/","logo":{"@type":"ImageObject","inLanguage":"fr-FR","@id":"https:\/\/www.alquera.com\/en\/#\/schema\/logo\/image\/","url":"https:\/\/www.alquera.com\/wp-content\/uploads\/2020\/11\/logo_300_ancho.png","contentUrl":"https:\/\/www.alquera.com\/wp-content\/uploads\/2020\/11\/logo_300_ancho.png","width":300,"height":86,"caption":"ALQUERA CIENCIA SL"},"image":{"@id":"https:\/\/www.alquera.com\/en\/#\/schema\/logo\/image\/"},"sameAs":["https:\/\/www.facebook.com\/alqueraciencia","https:\/\/www.instagram.com\/alquera_ciencia\/","https:\/\/www.youtube.com\/c\/alquera"]}]}},"_links":{"self":[{"href":"https:\/\/www.alquera.com\/fr\/wp-json\/wp\/v2\/pages\/9976","targetHints":{"allow":["GET"]}}],"collection":[{"href":"https:\/\/www.alquera.com\/fr\/wp-json\/wp\/v2\/pages"}],"about":[{"href":"https:\/\/www.alquera.com\/fr\/wp-json\/wp\/v2\/types\/page"}],"author":[{"embeddable":true,"href":"https:\/\/www.alquera.com\/fr\/wp-json\/wp\/v2\/users\/1"}],"replies":[{"embeddable":true,"href":"https:\/\/www.alquera.com\/fr\/wp-json\/wp\/v2\/comments?post=9976"}],"version-history":[{"count":15,"href":"https:\/\/www.alquera.com\/fr\/wp-json\/wp\/v2\/pages\/9976\/revisions"}],"predecessor-version":[{"id":56861,"href":"https:\/\/www.alquera.com\/fr\/wp-json\/wp\/v2\/pages\/9976\/revisions\/56861"}],"up":[{"embeddable":true,"href":"https:\/\/www.alquera.com\/fr\/wp-json\/wp\/v2\/pages\/32588"}],"wp:attachment":[{"href":"https:\/\/www.alquera.com\/fr\/wp-json\/wp\/v2\/media?parent=9976"}],"curies":[{"name":"wp","href":"https:\/\/api.w.org\/{rel}","templated":true}]}}