{"id":9989,"date":"2020-11-06T16:06:40","date_gmt":"2020-11-06T16:06:40","guid":{"rendered":"http:\/\/www.alquerapruebas.es\/?page_id=9989"},"modified":"2021-09-20T12:04:03","modified_gmt":"2021-09-20T12:04:03","slug":"alimentacion-animal","status":"publish","type":"page","link":"https:\/\/www.alquera.com\/fr\/sulfato-de-cobre\/alimentacion-animal\/","title":{"rendered":"Sulfate de cuivre Alimentation animale"},"content":{"rendered":"<p>Dans l'\u00e9levage, le&nbsp;<a href=\"https:\/\/www.alquera.com\/fr\/sulfato-de-cobre\/\">sulfate de cuivre<\/a>&nbsp;pour l'alimentation animale est un additif utilis\u00e9 pour am\u00e9liorer la croissance et pour corriger les carences en cuivre chez les animaux.<\/p>\n\n\n\n<p>Les compos\u00e9s de cuivre sont utilis\u00e9s \u00e0 des fins m\u00e9dicinales depuis des si\u00e8cles et, au d\u00e9but du XIXe si\u00e8cle, ils ont \u00e9t\u00e9 reconnus comme un nutriment essentiel pour les animaux.<\/p>\n\n\n\n<h2 class=\"wp-block-heading\">L'IMPORTANCE DU CUIVRE CHEZ LES ANIMAUX<\/h2>\n\n\n\n<p>Le sulfate de cuivre est important en tant que moyen de fournir du cuivre sous une forme soluble. Le cuivre est un \u00e9l\u00e9ment que l'on trouve dans le foie et les muscles des animaux et aussi, bien qu'en plus petite quantit\u00e9, dans le squelette, la peau, la laine et l'iris de l'\u0153il.<\/p>\n\n\n\n<p>Le cuivre est essentiel au m\u00e9tabolisme du fer. Le fer est \u00e0 son tour n\u00e9cessaire \u00e0 la formation de l'h\u00e9moglobine. eIntervient dans la formation de l'\u00e9lastine, une prot\u00e9ine n\u00e9cessaire en tant que composant de l'aorte et du reste du syst\u00e8me cardiovasculaire. Dans la formation de la my\u00e9line, qui est responsable de l'int\u00e9grit\u00e9 du SNC (cerveau et moelle \u00e9pini\u00e8re). Dans la production de collag\u00e8ne, une prot\u00e9ine importante dans le d\u00e9veloppement des os, du cartilage et des tendons. La production de m\u00e9lanine, essentielle pour la formation et la pigmentation des cheveux et de la laine. Ces fonctions, parmi d'autres, sont importantes.<\/p>\n\n\n\n<p>Les diff\u00e9rentes sources par lesquelles le cuivre peut \u00eatre obtenu sont pr\u00e9sent\u00e9es dans le tableau suivant<\/p>\n\n\n\n<figure class=\"wp-block-image size-large\"><img loading=\"lazy\" decoding=\"async\" width=\"470\" height=\"300\" src=\"https:\/\/www.alquera.com\/wp-content\/uploads\/2020\/11\/polvo-sulfato-de-cobre.png\" alt=\"Sulfato de Cobre\" class=\"wp-image-10117\" srcset=\"https:\/\/www.alquera.com\/wp-content\/uploads\/2020\/11\/polvo-sulfato-de-cobre.png 470w, https:\/\/www.alquera.com\/wp-content\/uploads\/2020\/11\/polvo-sulfato-de-cobre-300x191.png 300w\" sizes=\"auto, (max-width: 470px) 100vw, 470px\" \/><\/figure>\n\n\n\n<h2 class=\"wp-block-heading\">SYMPT\u00d4MES DE LA CARENCE EN CUIVRE<\/h2>\n\n\n\n<ul class=\"wp-block-list\"><li>D\u00e9coloration des cheveux\/de la laine<\/li><li>Diminution des d\u00e9fenses<\/li><li>Diarrh\u00e9e<\/li><li>K\u00e9ratinisation des cheveux<\/li><li>Infertilit\u00e9, perte d'\u0153strus, fausses couches.<\/li><li>Baisse de la croissance<\/li><li>Perte d'app\u00e9tit<\/li><li>An\u00e9mie<\/li><li>Fractures spontan\u00e9es.<\/li><\/ul>\n\n\n\n<h2 class=\"wp-block-heading\">SOURCES DE CUIVRE<\/h2>\n\n\n\n<p>Les sources naturelles de cuivre comprennent.<\/p>\n\n\n\n<ul class=\"wp-block-list\"><li>La paille<\/li><li>Le sol<\/li><li>Cacao, l\u00e9gumineuses, lait.<\/li><li>C\u00e9r\u00e9ales et leurs d\u00e9riv\u00e9s<\/li><li>Mati\u00e8re s\u00e8che des p\u00e2turages<\/li><\/ul>\n\n\n\n<h2 class=\"wp-block-heading\">DOSE DE SULFATE DE CUIVRE CHEZ LES ANIMAUX<\/h2>\n\n\n\n<p>Il est n\u00e9cessaire de ne pas d\u00e9passer la quantit\u00e9 indiqu\u00e9e dans les sp\u00e9cifications techniques du fabricant. Une id\u00e9e g\u00e9n\u00e9rale des quantit\u00e9s maximales de sulfate de cuivre \u00e0 utiliser dans l'alimentation animale est la suivante :<\/p>\n\n\n\n<p>Des cochons :<br>- Porcelets jusqu'\u00e0 12 semaines : 170mg\/Kg<br>- Autres porcs : 25mg\/kg<br>Du b\u00e9tail :<br>Avant le d\u00e9but de la rumination<br>- Substituts de lait : 15mg\/Kg<br>- Autres aliments complets : 15mg\/kg<br>Autres bovins : 35mg\/kg<br>Mouton : 15mg\/kg<br>Poisson : 25mg\/kg<br>Crustac\u00e9s : 50mg\/Kg<br>Autres esp\u00e8ces : 25mg\/kg<br>Moutons : si la teneur en cuivre de l'aliment d\u00e9passe 10mg\/kg, elle peut provoquer une intoxication chez certaines races de moutons.<\/p>\n\n\n\n<p>Outre l'alimentation animale, les autres utilisations du cuivre sont les suivantes :<\/p>\n\n\n\n<p>Les pesticides agricoles,&nbsp;<a href=\"https:\/\/www.alquera.com\/fr\/sulfato-de-cobre\/fungicida\/\">fongicide<\/a>,&nbsp;<a href=\"https:\/\/www.alquera.com\/fr\/sulfato-de-cobre\/piscinas\/\">sulfate de cuivre pour piscines<\/a>tuyaux en cuivre pour l'eau et le gaz, c\u00e2bles \u00e9lectriques, c\u00e2bles t\u00e9l\u00e9phoniques, pi\u00e8ces de monnaie, sculptures, cloches, soudure \u00e0 haute r\u00e9sistance, laiton, bronzes, bijoux, etc.<\/p>\n\n\n\n<h3 class=\"widget-title\">Acheter <\/h3><div><div class=\"woocommerce\"><ul class=\"products columns-4\">\n<li class=\"desktop-align-left tablet-align-left mobile-align-left ast-product-gallery-layout-horizontal-slider ast-magnify-disabled ast-product-single-variable ast-product-tabs-layout-horizontal ast-qv-on-image product type-product post-495 status-publish first instock product_cat-productos-experimentos product_cat-productos has-post-thumbnail taxable shipping-taxable purchasable product-type-variable has-default-attributes\">\n\t<a href=\"https:\/\/www.alquera.com\/fr\/permanganato-de-potasio\/\" class=\"woocommerce-LoopProduct-link woocommerce-loop-product__link\"><img loading=\"lazy\" decoding=\"async\" width=\"300\" height=\"300\" src=\"https:\/\/www.alquera.com\/wp-content\/uploads\/2016\/01\/permanganato-200g-foto-nueva-300x300.png\" class=\"attachment-woocommerce_thumbnail size-woocommerce_thumbnail\" alt=\"permanganato 200g\" srcset=\"https:\/\/www.alquera.com\/wp-content\/uploads\/2016\/01\/permanganato-200g-foto-nueva-300x300.png 300w, https:\/\/www.alquera.com\/wp-content\/uploads\/2016\/01\/permanganato-200g-foto-nueva-150x150.png 150w, https:\/\/www.alquera.com\/wp-content\/uploads\/2016\/01\/permanganato-200g-foto-nueva-12x12.png 12w, https:\/\/www.alquera.com\/wp-content\/uploads\/2016\/01\/permanganato-200g-foto-nueva-100x100.png 100w\" sizes=\"auto, (max-width: 300px) 100vw, 300px\" \/><h2 class=\"woocommerce-loop-product__title\">Permanganate de Potassium<\/h2><div class=\"review-rating\"><div class=\"star-rating\"><span style=\"width:100%\" data-no-translation=\"\" data-trp-gettext=\"\">Note <strong class=\"rating\">5.00<\/strong> sur 5<\/span><\/div><\/div>\n<\/a><a href=\"https:\/\/www.alquera.com\/fr\/permanganato-de-potasio\/\" aria-describedby=\"woocommerce_loop_add_to_cart_link_describedby_495\" data-quantity=\"1\" class=\"button product_type_variable add_to_cart_button\" data-product_id=\"495\" data-product_sku=\"AL100111\" aria-label=\"S\u00e9lectionner les options pour \u201cPermanganato de Potasio\u201d\" rel=\"nofollow\" data-no-translation=\"\" data-trp-gettext=\"\" data-no-translation-aria-label=\"\">Choix des options<\/a>\t<span id=\"woocommerce_loop_add_to_cart_link_describedby_495\" class=\"screen-reader-text\">\n\t\tCe produit a plusieurs variations. Les options peuvent \u00eatre choisies sur la page du produit\t<\/span>\n<\/li>\n<\/ul>\n<\/div><\/div>\n\n\n\n<p class=\"widget-title\">Lire la suite<\/p><a href=\"https:\/\/www.alquera.com\/fr\/sulfato-de-cobre\/\">Sulfate de Cuivre en Poudre<\/a>\n<!-- Page-list plugin v.5.9 wordpress.org\/plugins\/page-list\/ -->\n<ul class=\"page-list siblings-page-list\">\n<li class=\"page_item page-item-9998 menu-item\"><a href=\"https:\/\/www.alquera.com\/fr\/sulfato-de-cobre\/caldo-bordeles-agricultura\/\" class=\"menu-link\">Bouillie Bordelaise<\/a><\/li>\n<li class=\"page_item page-item-9989 menu-item\"><a href=\"https:\/\/www.alquera.com\/fr\/sulfato-de-cobre\/alimentacion-animal\/\" class=\"menu-link\">Sulfate de cuivre Alimentation animale<\/a><\/li>\n<li class=\"page_item page-item-331 menu-item\"><a href=\"https:\/\/www.alquera.com\/fr\/sulfato-de-cobre\/fungicida\/\" class=\"menu-link\">Fongicide au sulfate de cuivre<\/a><\/li>\n<li class=\"page_item page-item-9992 menu-item\"><a href=\"https:\/\/www.alquera.com\/fr\/sulfato-de-cobre\/piscinas\/\" class=\"menu-link\">Piscines au sulfate de cuivre<\/a><\/li>\n<li class=\"page_item page-item-324 menu-item\"><a href=\"https:\/\/www.alquera.com\/fr\/sulfato-de-cobre\/usos\/\" class=\"menu-link\">Utilisations du sulfate de cuivre<\/a><\/li>\n\n<\/ul>","protected":false},"excerpt":{"rendered":"<p>En ganader\u00eda, el&nbsp;sulfato de cobre&nbsp;para alimentaci\u00f3n animal es un aditivo utilizado para la mejora en&nbsp;el crecimiento y para correcci\u00f3n de la falta&nbsp;de cobre en los animales. Desde hace varios siglos, los compuestos de cobre ya se utilizaban con prop\u00f3sitos medicinales y a principios del siglo XIX, es reconocido como un nutriente fundamental para los animales. [&hellip;]<\/p>\n","protected":false},"author":1,"featured_media":0,"parent":32602,"menu_order":0,"comment_status":"open","ping_status":"closed","template":"","meta":{"_acf_changed":false,"site-sidebar-layout":"default","site-content-layout":"default","ast-site-content-layout":"default","site-content-style":"default","site-sidebar-style":"default","ast-global-header-display":"","ast-banner-title-visibility":"","ast-main-header-display":"","ast-hfb-above-header-display":"","ast-hfb-below-header-display":"","ast-hfb-mobile-header-display":"","site-post-title":"","ast-breadcrumbs-content":"","ast-featured-img":"","footer-sml-layout":"","ast-disable-related-posts":"","theme-transparent-header-meta":"default","adv-header-id-meta":"","stick-header-meta":"default","header-above-stick-meta":"","header-main-stick-meta":"","header-below-stick-meta":"","astra-migrate-meta-layouts":"default","ast-page-background-enabled":"default","ast-page-background-meta":{"desktop":{"background-color":"var(--ast-global-color-4)","background-image":"","background-repeat":"repeat","background-position":"center center","background-size":"auto","background-attachment":"scroll","background-type":"","background-media":"","overlay-type":"","overlay-color":"","overlay-opacity":"","overlay-gradient":""},"tablet":{"background-color":"","background-image":"","background-repeat":"repeat","background-position":"center center","background-size":"auto","background-attachment":"scroll","background-type":"","background-media":"","overlay-type":"","overlay-color":"","overlay-opacity":"","overlay-gradient":""},"mobile":{"background-color":"","background-image":"","background-repeat":"repeat","background-position":"center center","background-size":"auto","background-attachment":"scroll","background-type":"","background-media":"","overlay-type":"","overlay-color":"","overlay-opacity":"","overlay-gradient":""}},"ast-content-background-meta":{"desktop":{"background-color":"var(--ast-global-color-5)","background-image":"","background-repeat":"repeat","background-position":"center center","background-size":"auto","background-attachment":"scroll","background-type":"","background-media":"","overlay-type":"","overlay-color":"","overlay-opacity":"","overlay-gradient":""},"tablet":{"background-color":"var(--ast-global-color-5)","background-image":"","background-repeat":"repeat","background-position":"center center","background-size":"auto","background-attachment":"scroll","background-type":"","background-media":"","overlay-type":"","overlay-color":"","overlay-opacity":"","overlay-gradient":""},"mobile":{"background-color":"var(--ast-global-color-5)","background-image":"","background-repeat":"repeat","background-position":"center center","background-size":"auto","background-attachment":"scroll","background-type":"","background-media":"","overlay-type":"","overlay-color":"","overlay-opacity":"","overlay-gradient":""}},"footnotes":""},"class_list":["post-9989","page","type-page","status-publish","hentry"],"acf":[],"yoast_head":"<!-- This site is optimized with the Yoast SEO Premium plugin v27.1 (Yoast SEO v27.1.1) - https:\/\/yoast.com\/product\/yoast-seo-premium-wordpress\/ -->\n<title>Sulfato de Cobre Alimentaci\u00f3n Animal - Alquera.com<\/title>\n<meta name=\"robots\" content=\"index, follow, max-snippet:-1, max-image-preview:large, max-video-preview:-1\" \/>\n<link rel=\"canonical\" href=\"https:\/\/www.alquera.com\/fr\/sulfato-de-cobre\/alimentacion-animal\/\" \/>\n<meta property=\"og:locale\" content=\"fr_FR\" \/>\n<meta property=\"og:type\" content=\"article\" \/>\n<meta property=\"og:title\" content=\"Sulfato de Cobre Alimentaci\u00f3n Animal\" \/>\n<meta property=\"og:description\" content=\"En ganader\u00eda, el&nbsp;sulfato de cobre&nbsp;para alimentaci\u00f3n animal es un aditivo utilizado para la mejora en&nbsp;el crecimiento y para correcci\u00f3n de la falta&nbsp;de cobre en los animales. Desde hace varios siglos, los compuestos de cobre ya se utilizaban con prop\u00f3sitos medicinales y a principios del siglo XIX, es reconocido como un nutriente fundamental para los animales. [&hellip;]\" \/>\n<meta property=\"og:url\" content=\"https:\/\/www.alquera.com\/fr\/sulfato-de-cobre\/alimentacion-animal\/\" \/>\n<meta property=\"og:site_name\" content=\"Alquera.com\" \/>\n<meta property=\"article:publisher\" content=\"https:\/\/www.facebook.com\/alqueraciencia\" \/>\n<meta property=\"article:modified_time\" content=\"2021-09-20T12:04:03+00:00\" \/>\n<meta property=\"og:image\" content=\"https:\/\/www.alquera.com\/wp-content\/uploads\/2020\/11\/polvo-sulfato-de-cobre.png\" \/>\n<meta name=\"twitter:card\" content=\"summary_large_image\" \/>\n<meta name=\"twitter:label1\" content=\"Dur\u00e9e de lecture estim\u00e9e\" \/>\n\t<meta name=\"twitter:data1\" content=\"3 minutes\" \/>\n<script type=\"application\/ld+json\" class=\"yoast-schema-graph\">{\"@context\":\"https:\/\/schema.org\",\"@graph\":[{\"@type\":\"WebPage\",\"@id\":\"https:\/\/www.alquera.com\/sulfato-de-cobre\/alimentacion-animal\/\",\"url\":\"https:\/\/www.alquera.com\/sulfato-de-cobre\/alimentacion-animal\/\",\"name\":\"Sulfato de Cobre Alimentaci\u00f3n Animal - Alquera.com\",\"isPartOf\":{\"@id\":\"https:\/\/www.alquera.com\/en\/#website\"},\"primaryImageOfPage\":{\"@id\":\"https:\/\/www.alquera.com\/sulfato-de-cobre\/alimentacion-animal\/#primaryimage\"},\"image\":{\"@id\":\"https:\/\/www.alquera.com\/sulfato-de-cobre\/alimentacion-animal\/#primaryimage\"},\"thumbnailUrl\":\"https:\/\/www.alquera.com\/wp-content\/uploads\/2020\/11\/polvo-sulfato-de-cobre.png\",\"datePublished\":\"2020-11-06T16:06:40+00:00\",\"dateModified\":\"2021-09-20T12:04:03+00:00\",\"breadcrumb\":{\"@id\":\"https:\/\/www.alquera.com\/sulfato-de-cobre\/alimentacion-animal\/#breadcrumb\"},\"inLanguage\":\"fr-FR\",\"potentialAction\":[{\"@type\":\"ReadAction\",\"target\":[\"https:\/\/www.alquera.com\/sulfato-de-cobre\/alimentacion-animal\/\"]}]},{\"@type\":\"ImageObject\",\"inLanguage\":\"fr-FR\",\"@id\":\"https:\/\/www.alquera.com\/sulfato-de-cobre\/alimentacion-animal\/#primaryimage\",\"url\":\"https:\/\/www.alquera.com\/wp-content\/uploads\/2020\/11\/polvo-sulfato-de-cobre.png\",\"contentUrl\":\"https:\/\/www.alquera.com\/wp-content\/uploads\/2020\/11\/polvo-sulfato-de-cobre.png\"},{\"@type\":\"BreadcrumbList\",\"@id\":\"https:\/\/www.alquera.com\/sulfato-de-cobre\/alimentacion-animal\/#breadcrumb\",\"itemListElement\":[{\"@type\":\"ListItem\",\"position\":1,\"name\":\"Inicio\",\"item\":\"https:\/\/www.alquera.com\/\"},{\"@type\":\"ListItem\",\"position\":2,\"name\":\"Sulfato de Cobre\",\"item\":\"https:\/\/www.alquera.com\/sulfato-de-cobre\/\"},{\"@type\":\"ListItem\",\"position\":3,\"name\":\"Sulfato de Cobre Alimentaci\u00f3n Animal\"}]},{\"@type\":\"WebSite\",\"@id\":\"https:\/\/www.alquera.com\/en\/#website\",\"url\":\"https:\/\/www.alquera.com\/en\/\",\"name\":\"Alquera.com\",\"description\":\"Tienda Online Productos Qu\u00edmicos y Material de Laboratorio\",\"publisher\":{\"@id\":\"https:\/\/www.alquera.com\/en\/#organization\"},\"potentialAction\":[{\"@type\":\"SearchAction\",\"target\":{\"@type\":\"EntryPoint\",\"urlTemplate\":\"https:\/\/www.alquera.com\/en\/?s={search_term_string}\"},\"query-input\":{\"@type\":\"PropertyValueSpecification\",\"valueRequired\":true,\"valueName\":\"search_term_string\"}}],\"inLanguage\":\"fr-FR\"},{\"@type\":\"Organization\",\"@id\":\"https:\/\/www.alquera.com\/en\/#organization\",\"name\":\"ALQUERA CIENCIA SL\",\"url\":\"https:\/\/www.alquera.com\/en\/\",\"logo\":{\"@type\":\"ImageObject\",\"inLanguage\":\"fr-FR\",\"@id\":\"https:\/\/www.alquera.com\/en\/#\/schema\/logo\/image\/\",\"url\":\"https:\/\/www.alquera.com\/wp-content\/uploads\/2020\/11\/logo_300_ancho.png\",\"contentUrl\":\"https:\/\/www.alquera.com\/wp-content\/uploads\/2020\/11\/logo_300_ancho.png\",\"width\":300,\"height\":86,\"caption\":\"ALQUERA CIENCIA SL\"},\"image\":{\"@id\":\"https:\/\/www.alquera.com\/en\/#\/schema\/logo\/image\/\"},\"sameAs\":[\"https:\/\/www.facebook.com\/alqueraciencia\",\"https:\/\/www.instagram.com\/alquera_ciencia\/\",\"https:\/\/www.youtube.com\/c\/alquera\"]}]}<\/script>\n<!-- \/ Yoast SEO Premium plugin. -->","yoast_head_json":{"title":"Sulfate de cuivre pour l'alimentation animale - Alquera.com","robots":{"index":"index","follow":"follow","max-snippet":"max-snippet:-1","max-image-preview":"max-image-preview:large","max-video-preview":"max-video-preview:-1"},"canonical":"https:\/\/www.alquera.com\/fr\/sulfato-de-cobre\/alimentacion-animal\/","og_locale":"fr_FR","og_type":"article","og_title":"Sulfato de Cobre Alimentaci\u00f3n Animal","og_description":"En ganader\u00eda, el&nbsp;sulfato de cobre&nbsp;para alimentaci\u00f3n animal es un aditivo utilizado para la mejora en&nbsp;el crecimiento y para correcci\u00f3n de la falta&nbsp;de cobre en los animales. Desde hace varios siglos, los compuestos de cobre ya se utilizaban con prop\u00f3sitos medicinales y a principios del siglo XIX, es reconocido como un nutriente fundamental para los animales. [&hellip;]","og_url":"https:\/\/www.alquera.com\/fr\/sulfato-de-cobre\/alimentacion-animal\/","og_site_name":"Alquera.com","article_publisher":"https:\/\/www.facebook.com\/alqueraciencia","article_modified_time":"2021-09-20T12:04:03+00:00","og_image":[{"url":"https:\/\/www.alquera.com\/wp-content\/uploads\/2020\/11\/polvo-sulfato-de-cobre.png","type":"","width":"","height":""}],"twitter_card":"summary_large_image","twitter_misc":{"Dur\u00e9e de lecture estim\u00e9e":"3 minutes"},"schema":{"@context":"https:\/\/schema.org","@graph":[{"@type":"WebPage","@id":"https:\/\/www.alquera.com\/sulfato-de-cobre\/alimentacion-animal\/","url":"https:\/\/www.alquera.com\/sulfato-de-cobre\/alimentacion-animal\/","name":"Sulfate de cuivre pour l'alimentation animale - Alquera.com","isPartOf":{"@id":"https:\/\/www.alquera.com\/en\/#website"},"primaryImageOfPage":{"@id":"https:\/\/www.alquera.com\/sulfato-de-cobre\/alimentacion-animal\/#primaryimage"},"image":{"@id":"https:\/\/www.alquera.com\/sulfato-de-cobre\/alimentacion-animal\/#primaryimage"},"thumbnailUrl":"https:\/\/www.alquera.com\/wp-content\/uploads\/2020\/11\/polvo-sulfato-de-cobre.png","datePublished":"2020-11-06T16:06:40+00:00","dateModified":"2021-09-20T12:04:03+00:00","breadcrumb":{"@id":"https:\/\/www.alquera.com\/sulfato-de-cobre\/alimentacion-animal\/#breadcrumb"},"inLanguage":"fr-FR","potentialAction":[{"@type":"ReadAction","target":["https:\/\/www.alquera.com\/sulfato-de-cobre\/alimentacion-animal\/"]}]},{"@type":"ImageObject","inLanguage":"fr-FR","@id":"https:\/\/www.alquera.com\/sulfato-de-cobre\/alimentacion-animal\/#primaryimage","url":"https:\/\/www.alquera.com\/wp-content\/uploads\/2020\/11\/polvo-sulfato-de-cobre.png","contentUrl":"https:\/\/www.alquera.com\/wp-content\/uploads\/2020\/11\/polvo-sulfato-de-cobre.png"},{"@type":"BreadcrumbList","@id":"https:\/\/www.alquera.com\/sulfato-de-cobre\/alimentacion-animal\/#breadcrumb","itemListElement":[{"@type":"ListItem","position":1,"name":"Inicio","item":"https:\/\/www.alquera.com\/"},{"@type":"ListItem","position":2,"name":"Sulfato de Cobre","item":"https:\/\/www.alquera.com\/sulfato-de-cobre\/"},{"@type":"ListItem","position":3,"name":"Sulfato de Cobre Alimentaci\u00f3n Animal"}]},{"@type":"WebSite","@id":"https:\/\/www.alquera.com\/en\/#website","url":"https:\/\/www.alquera.com\/en\/","name":"Alquera.com","description":"Boutique en ligne Produits chimiques et \u00e9quipements de laboratoire","publisher":{"@id":"https:\/\/www.alquera.com\/en\/#organization"},"potentialAction":[{"@type":"SearchAction","target":{"@type":"EntryPoint","urlTemplate":"https:\/\/www.alquera.com\/en\/?s={search_term_string}"},"query-input":{"@type":"PropertyValueSpecification","valueRequired":true,"valueName":"search_term_string"}}],"inLanguage":"fr-FR"},{"@type":"Organization","@id":"https:\/\/www.alquera.com\/en\/#organization","name":"ALQUERA CIENCIA SL","url":"https:\/\/www.alquera.com\/en\/","logo":{"@type":"ImageObject","inLanguage":"fr-FR","@id":"https:\/\/www.alquera.com\/en\/#\/schema\/logo\/image\/","url":"https:\/\/www.alquera.com\/wp-content\/uploads\/2020\/11\/logo_300_ancho.png","contentUrl":"https:\/\/www.alquera.com\/wp-content\/uploads\/2020\/11\/logo_300_ancho.png","width":300,"height":86,"caption":"ALQUERA CIENCIA SL"},"image":{"@id":"https:\/\/www.alquera.com\/en\/#\/schema\/logo\/image\/"},"sameAs":["https:\/\/www.facebook.com\/alqueraciencia","https:\/\/www.instagram.com\/alquera_ciencia\/","https:\/\/www.youtube.com\/c\/alquera"]}]}},"_links":{"self":[{"href":"https:\/\/www.alquera.com\/fr\/wp-json\/wp\/v2\/pages\/9989","targetHints":{"allow":["GET"]}}],"collection":[{"href":"https:\/\/www.alquera.com\/fr\/wp-json\/wp\/v2\/pages"}],"about":[{"href":"https:\/\/www.alquera.com\/fr\/wp-json\/wp\/v2\/types\/page"}],"author":[{"embeddable":true,"href":"https:\/\/www.alquera.com\/fr\/wp-json\/wp\/v2\/users\/1"}],"replies":[{"embeddable":true,"href":"https:\/\/www.alquera.com\/fr\/wp-json\/wp\/v2\/comments?post=9989"}],"version-history":[{"count":10,"href":"https:\/\/www.alquera.com\/fr\/wp-json\/wp\/v2\/pages\/9989\/revisions"}],"predecessor-version":[{"id":35143,"href":"https:\/\/www.alquera.com\/fr\/wp-json\/wp\/v2\/pages\/9989\/revisions\/35143"}],"up":[{"embeddable":true,"href":"https:\/\/www.alquera.com\/fr\/wp-json\/wp\/v2\/pages\/32602"}],"wp:attachment":[{"href":"https:\/\/www.alquera.com\/fr\/wp-json\/wp\/v2\/media?parent=9989"}],"curies":[{"name":"wp","href":"https:\/\/api.w.org\/{rel}","templated":true}]}}