{"id":9992,"date":"2020-11-06T16:09:50","date_gmt":"2020-11-06T16:09:50","guid":{"rendered":"http:\/\/www.alquerapruebas.es\/?page_id=9992"},"modified":"2024-02-15T10:52:37","modified_gmt":"2024-02-15T10:52:37","slug":"piscinas","status":"publish","type":"page","link":"https:\/\/www.alquera.com\/fr\/sulfato-de-cobre\/piscinas\/","title":{"rendered":"Piscines au sulfate de cuivre"},"content":{"rendered":"<p><p>Le&nbsp;<a href=\"https:\/\/www.alquera.com\/fr\/sulfato-de-cobre\/\">Sulfate de Cuivre en Poudre<\/a>&nbsp;pour les piscines, le CuSO4, est utilis\u00e9 comme un&nbsp;<strong>algaecide<\/strong> dans la pr\u00e9paration des piscines pendant la saison estivale. Un algicide est un produit chimique utilis\u00e9 pour d\u00e9truire les algues (plantes microscopiques chlorophylliennes mono ou multicellulaires). Ils se reproduisent par division ou sporulation et favorisent la croissance de micro-organismes tels que les bact\u00e9ries et les champignons.<\/p>\n<p>Pratiquement toutes les piscines n\u00e9cessitent l'utilisation d'un algicide. Le site <strong>sulfate de cuivre<\/strong> est l'un des plus utilis\u00e9s.<\/p><\/p>\n\n\n\n<h2 class=\"wp-block-heading\"><strong>QUAND UTILISER LE SULFATE DE CUIVRE DANS LES PISCINES<\/strong><\/h2>\n\n\n\n<p><p>Dans ces 2 images, vous pouvez voir des piscines diff\u00e9rentes. Dans la premi\u00e8re image, nous vous montrons 2 piscines dont l'eau est verd\u00e2tre \u00e0 cause des algues et des mati\u00e8res organiques. L'image du bas vous montre une piscine dans laquelle nous avons l'habitude de nager. La couleur est souvent le meilleur indicateur de l'\u00e9tat de la piscine.&nbsp;<\/p>\n<p><a href=\"https:\/\/www.alquera.com\/fr\/sulfato-de-cobre\/piscinas\/piscina-agua-algas\/\" rel=\"attachment wp-att-33242\"><img loading=\"lazy\" decoding=\"async\" class=\"alignnone wp-image-33242 size-full\" src=\"https:\/\/www.alquera.com\/wp-content\/uploads\/2021\/03\/piscina-agua-ALGAS.png\" alt=\"Piscina con algas\" width=\"600\" height=\"300\" srcset=\"https:\/\/www.alquera.com\/wp-content\/uploads\/2021\/03\/piscina-agua-ALGAS.png 600w, https:\/\/www.alquera.com\/wp-content\/uploads\/2021\/03\/piscina-agua-ALGAS-300x150.png 300w\" sizes=\"auto, (max-width: 600px) 100vw, 600px\" \/><\/a> <a href=\"https:\/\/www.alquera.com\/fr\/sulfato-de-cobre\/piscinas\/piscina-agua-clara\/\" rel=\"attachment wp-att-33243\"><img loading=\"lazy\" decoding=\"async\" class=\"alignnone wp-image-33243 size-full\" src=\"https:\/\/www.alquera.com\/wp-content\/uploads\/2021\/03\/piscina-agua-clara.png\" alt=\"Piscina agua clara\" width=\"600\" height=\"300\" srcset=\"https:\/\/www.alquera.com\/wp-content\/uploads\/2021\/03\/piscina-agua-clara.png 600w, https:\/\/www.alquera.com\/wp-content\/uploads\/2021\/03\/piscina-agua-clara-300x150.png 300w\" sizes=\"auto, (max-width: 600px) 100vw, 600px\" \/><\/a><\/p><\/p>\n\n\n\n<p>La couleur verte est due aux algues, qui sont des micro-organismes unicellulaires d'origine v\u00e9g\u00e9tale, ayant une grande capacit\u00e9 \u00e0 se reproduire dans certaines conditions.<\/p>\n\n\n\n\n\n<p>Pour r\u00e9parer la piscine lorsque cela se produit, il est recommand\u00e9 d'utiliser une<strong> biocide tel que le sulfate de cuivre<\/strong> qui agira comme un algicide. Le sulfate de cuivre pour piscines est le sulfate de cuivre commun (pentahydrate), que vous trouverez g\u00e9n\u00e9ralement dans le commerce.<\/p>\n\n\n\n<h2 class=\"wp-block-heading\">DOSAGE DU SULFATE DE CUIVRE POUR LES PISCINES<\/h2>\n\n\n\n<p><p>La dose \u00e0 utiliser d\u00e9pend de la quantit\u00e9 de mati\u00e8re organique pr\u00e9sente dans l'eau. Cela d\u00e9pend \u00e9galement du fait qu'il s'agisse d'un traitement de choc ou d'un traitement pr\u00e9ventif pour l'hiver.&nbsp;<\/p>\n<p>Pour un nettoyage de l'eau dans le cadre d'une pr\u00e9paration estivale, une dose de r\u00e9f\u00e9rence serait de <strong>5 \u00e0 10 grammes par m3 d'eau. <\/strong>&nbsp;1 m3 est \u00e9gal \u00e0 1000 litres, donc pour une piscine de <strong>Pour 100 m3, il faut 0,5 \u00e0 1 kg.<\/strong> de sulfate de cuivre environ. Nous pouvons prendre ces quantit\u00e9s comme r\u00e9f\u00e9rence.<\/p><\/p>\n\n\n\n<p>1m3 d'eau - (1.000L d'eau) - 5-10 grammes de sulfate de cuivre<br>10m3 d'eau - (10.000L d'eau) - 50-100 grammes de sulfate de cuivre<br>50m3 d'eau - (50.000L d'eau)- 250-500 grammes de sulfate de cuivre<br>100m3 Eau - (100.000L Eau) - 500-1000 grammes (1Kg) Sulfate de cuivre<br>2500m3 d'eau - 12-25 Kg de sulfate de cuivre<\/p>\n\n\n\n<p><\/p>\n\n\n\n<p>Dissolvez le produit au pr\u00e9alable dans une petite quantit\u00e9 d'eau et \u00e9talez-le sur toute la surface de la piscine.<\/p>\n\n\n\n<h2 class=\"wp-block-heading\">NETTOYAGE PAS \u00c0 PAS DES ALGUES DANS LA PISCINE&nbsp;<\/h2>\n\n\n\n<ul class=\"wp-block-list\">\n<li>Faites un calcul du volume d'eau de votre piscine (si vous ne l'avez pas dans le plan de fabrication). Avec ce volume, estimez la quantit\u00e9 de sulfate de cuivre.<\/li>\n\n\n\n<li>Dissolvez d'abord le sulfate de cuivre dans une petite quantit\u00e9 d'eau. Une fois dissoute dans la petite quantit\u00e9 d'eau, versez la solution dans la piscine.<\/li>\n\n\n\n<li>Faites circuler l'eau pendant 1 \u00e0 2 heures. En faisant circuler l'eau, vous dissoudrez tout le sulfate de cuivre pr\u00e9sent dans la piscine.  Laissez reposer une nuit (8-10h) pour que le sulfate de cuivre agisse sur les micro-organismes. Le sulfate de cuivre est un biocide qui va agir sur les micro-organismes en suspension. Par la suite, nous aurons besoin d'un produit qui les pr\u00e9cipite.&nbsp;<\/li>\n\n\n\n<li>Une fois qu'elle s'est d\u00e9pos\u00e9e pendant la nuit, ou au moins 8-10 heures, un floculant est n\u00e9cessaire pour pr\u00e9cipiter les particules en suspension. L'un des floculants les plus couramment utilis\u00e9s est le <a href=\"https:\/\/www.alquera.com\/fr\/sulfato-de-aluminio\/\">Sulfate d'aluminium<\/a>. Le sulfate d'aluminium agit comme un floculant, liant les particules et les pr\u00e9cipitant au fond de la piscine.<\/li>\n\n\n\n<li>Laissez le sulfate d'aluminium reposer et agir pendant au moins 1 \u00e0 2 heures.<\/li>\n\n\n\n<li>Nettoyez les impuret\u00e9s laiss\u00e9es sur le fond et les parois avec un aspirateur.<\/li>\n\n\n\n<li>Faites recirculer l'eau de la piscine.<\/li>\n\n\n\n<li>Mesurez le pH de l'eau et son chlore r\u00e9siduel, v\u00e9rifiez que toutes les valeurs sont conformes aux param\u00e8tres \u00e9tablis.&nbsp;<\/li>\n\n\n\n<li>Pour \u00e9viter la formation de micro-organismes, l'utilisation d'un protecteur de piscine est recommand\u00e9e.&nbsp;<\/li>\n<\/ul>\n\n\n\n<p>Si l'utilisation du sulfate de cuivre est pr\u00e9ventive (la piscine n'est pas verte, mais le sulfate de cuivre est vers\u00e9 lors du remplissage de la piscine \u00e0 titre pr\u00e9ventif), utilisez-le uniquement \u00e0 titre pr\u00e9ventif. <strong>2 \u00e0 4 grammes par m3<\/strong> . Si c'est pour l'entretien hivernal (TOUT AU LONG DE L'ANN\u00c9E), utilisez alors <strong>50 grammes par m3<\/strong> de l'eau.&nbsp;<\/p>\n\n\n\n<p>OBSERVATIONS Apr\u00e8s l'application de l'algicide ou du sulfate de cuivre, des taches gris bleut\u00e9 peuvent appara\u00eetre, couvrant une surface appr\u00e9ciable des parois et des fonds. Ils sont dus aux r\u00e9sidus prot\u00e9iques morts des micro-organismes envahisseurs, et disparaissent d'eux-m\u00eames en 1 \u00e0 4 jours.<\/p>\n\n\n\n<p><p>Une autre utilisation du sulfate de cuivre est l'agriculture, vous pouvez en voir plus ici :&nbsp;<a href=\"https:\/\/www.alquera.com\/fr\/sulfato-de-cobre\/fungicida\/\">fongicide \u00e0 base de sulfate de cuivre<\/a>et constitue \u00e9galement un \u00e9l\u00e9ment important de la&nbsp;<a href=\"https:\/\/www.alquera.com\/fr\/sulfato-de-cobre\/alimentacion-animal\/\">alimentation animale<\/a>.<\/p>\n<h2>DOCUMENTATION ASSOCI\u00c9E<\/h2>\n<ul>\n<li><a href=\"https:\/\/www.alquera.com\/fr\/sulfato-de-cobre\/piscinas\/ntp_690\/\" rel=\"attachment wp-att-33230\">Guide de bonnes pratiques pour la manipulation des produits chimiques dans les piscines.&nbsp;<\/a><\/li>\n<li><a href=\"https:\/\/www.alquera.com\/fr\/sulfato-de-cobre\/piscinas\/boe-a-2013-10580-consolidado\/\" rel=\"attachment wp-att-33231\">D\u00e9cret royal 742\/2013, du 27 septembre, \u00e9tablissant les crit\u00e8res technico-sanitaires des piscines.<\/a><\/li>\n<li><a href=\"http:\/\/www.madrid.org\/cs\/Satellite?blobcol=urldata&amp;blobheader=application%2Fpdf&amp;blobheadername1=Content-Disposition&amp;blobheadervalue1=filename%3D3._MANUAL_PISCINAS_ENCARGADOS_MANTENIMIENTO_2010%5B1%5D.pdf&amp;blobkey=id&amp;blobtable=MungoBlobs&amp;blobwhere=1352885284227&amp;ssbinary=true\">Guide d'entretien des piscines - Communaut\u00e9 de sant\u00e9 de Madrid<\/a>.<\/li>\n<\/ul><\/p>\n\n\n\n<h3 class=\"widget-title\">Acheter <\/h3><div><div class=\"woocommerce\"><ul class=\"products columns-4\">\n<li class=\"desktop-align-left tablet-align-left mobile-align-left ast-product-gallery-layout-horizontal-slider ast-magnify-disabled ast-product-single-variable ast-product-tabs-layout-horizontal ast-qv-on-image product type-product post-495 status-publish first instock product_cat-productos-experimentos product_cat-productos has-post-thumbnail taxable shipping-taxable purchasable product-type-variable has-default-attributes\">\n\t<a href=\"https:\/\/www.alquera.com\/fr\/permanganato-de-potasio\/\" class=\"woocommerce-LoopProduct-link woocommerce-loop-product__link\"><img loading=\"lazy\" decoding=\"async\" width=\"300\" height=\"300\" src=\"https:\/\/www.alquera.com\/wp-content\/uploads\/2016\/01\/permanganato-200g-foto-nueva-300x300.png\" class=\"attachment-woocommerce_thumbnail size-woocommerce_thumbnail\" alt=\"permanganato 200g\" srcset=\"https:\/\/www.alquera.com\/wp-content\/uploads\/2016\/01\/permanganato-200g-foto-nueva-300x300.png 300w, https:\/\/www.alquera.com\/wp-content\/uploads\/2016\/01\/permanganato-200g-foto-nueva-150x150.png 150w, https:\/\/www.alquera.com\/wp-content\/uploads\/2016\/01\/permanganato-200g-foto-nueva-12x12.png 12w, https:\/\/www.alquera.com\/wp-content\/uploads\/2016\/01\/permanganato-200g-foto-nueva-100x100.png 100w\" sizes=\"auto, (max-width: 300px) 100vw, 300px\" \/><h2 class=\"woocommerce-loop-product__title\">Permanganate de Potassium<\/h2><div class=\"review-rating\"><div class=\"star-rating\"><span style=\"width:100%\" data-no-translation=\"\" data-trp-gettext=\"\">Note <strong class=\"rating\">5.00<\/strong> sur 5<\/span><\/div><\/div>\n<\/a><a href=\"https:\/\/www.alquera.com\/fr\/permanganato-de-potasio\/\" aria-describedby=\"woocommerce_loop_add_to_cart_link_describedby_495\" data-quantity=\"1\" class=\"button product_type_variable add_to_cart_button\" data-product_id=\"495\" data-product_sku=\"AL100111\" aria-label=\"S\u00e9lectionner les options pour \u201cPermanganato de Potasio\u201d\" rel=\"nofollow\" data-no-translation=\"\" data-trp-gettext=\"\" data-no-translation-aria-label=\"\">Choix des options<\/a>\t<span id=\"woocommerce_loop_add_to_cart_link_describedby_495\" class=\"screen-reader-text\">\n\t\tCe produit a plusieurs variations. Les options peuvent \u00eatre choisies sur la page du produit\t<\/span>\n<\/li>\n<\/ul>\n<\/div><\/div>\n\n\n\n<p class=\"widget-title\">Lire la suite<\/p><a href=\"https:\/\/www.alquera.com\/fr\/sulfato-de-cobre\/\">Sulfate de Cuivre en Poudre<\/a>\n<!-- Page-list plugin v.5.9 wordpress.org\/plugins\/page-list\/ -->\n<ul class=\"page-list siblings-page-list\">\n<li class=\"page_item page-item-9998 menu-item\"><a href=\"https:\/\/www.alquera.com\/fr\/sulfato-de-cobre\/caldo-bordeles-agricultura\/\" class=\"menu-link\">Bouillie Bordelaise<\/a><\/li>\n<li class=\"page_item page-item-9989 menu-item\"><a href=\"https:\/\/www.alquera.com\/fr\/sulfato-de-cobre\/alimentacion-animal\/\" class=\"menu-link\">Sulfate de cuivre Alimentation animale<\/a><\/li>\n<li class=\"page_item page-item-331 menu-item\"><a href=\"https:\/\/www.alquera.com\/fr\/sulfato-de-cobre\/fungicida\/\" class=\"menu-link\">Fongicide au sulfate de cuivre<\/a><\/li>\n<li class=\"page_item page-item-9992 menu-item\"><a href=\"https:\/\/www.alquera.com\/fr\/sulfato-de-cobre\/piscinas\/\" class=\"menu-link\">Piscines au sulfate de cuivre<\/a><\/li>\n<li class=\"page_item page-item-324 menu-item\"><a href=\"https:\/\/www.alquera.com\/fr\/sulfato-de-cobre\/usos\/\" class=\"menu-link\">Utilisations du sulfate de cuivre<\/a><\/li>\n\n<\/ul>","protected":false},"excerpt":{"rendered":"<p>El&nbsp;Sulfato de Cobre&nbsp;para piscinas, CuSO4, es utilizado como&nbsp;alguicida en la preparaci\u00f3n de las piscinas en \u00e9poca estival. Un alguicida en un qu\u00edmico utilizado para destruir las algas (vegetales clorof\u00edlicos microsc\u00f3picos un\u00ed o pluricelulares). \u00c9stas se reproducen por divisi\u00f3n o esporulaci\u00f3n y favorecen el crecimiento de microorganismos como las bacterias y los hongos. Pr\u00e1cticamente todas las [&hellip;]<\/p>\n","protected":false},"author":1,"featured_media":0,"parent":32602,"menu_order":0,"comment_status":"open","ping_status":"closed","template":"","meta":{"_acf_changed":false,"site-sidebar-layout":"default","site-content-layout":"default","ast-site-content-layout":"default","site-content-style":"default","site-sidebar-style":"default","ast-global-header-display":"","ast-banner-title-visibility":"","ast-main-header-display":"","ast-hfb-above-header-display":"","ast-hfb-below-header-display":"","ast-hfb-mobile-header-display":"","site-post-title":"","ast-breadcrumbs-content":"","ast-featured-img":"","footer-sml-layout":"","ast-disable-related-posts":"","theme-transparent-header-meta":"default","adv-header-id-meta":"","stick-header-meta":"default","header-above-stick-meta":"","header-main-stick-meta":"","header-below-stick-meta":"","astra-migrate-meta-layouts":"default","ast-page-background-enabled":"default","ast-page-background-meta":{"desktop":{"background-color":"var(--ast-global-color-4)","background-image":"","background-repeat":"repeat","background-position":"center center","background-size":"auto","background-attachment":"scroll","background-type":"","background-media":"","overlay-type":"","overlay-color":"","overlay-opacity":"","overlay-gradient":""},"tablet":{"background-color":"","background-image":"","background-repeat":"repeat","background-position":"center center","background-size":"auto","background-attachment":"scroll","background-type":"","background-media":"","overlay-type":"","overlay-color":"","overlay-opacity":"","overlay-gradient":""},"mobile":{"background-color":"","background-image":"","background-repeat":"repeat","background-position":"center center","background-size":"auto","background-attachment":"scroll","background-type":"","background-media":"","overlay-type":"","overlay-color":"","overlay-opacity":"","overlay-gradient":""}},"ast-content-background-meta":{"desktop":{"background-color":"var(--ast-global-color-5)","background-image":"","background-repeat":"repeat","background-position":"center center","background-size":"auto","background-attachment":"scroll","background-type":"","background-media":"","overlay-type":"","overlay-color":"","overlay-opacity":"","overlay-gradient":""},"tablet":{"background-color":"var(--ast-global-color-5)","background-image":"","background-repeat":"repeat","background-position":"center center","background-size":"auto","background-attachment":"scroll","background-type":"","background-media":"","overlay-type":"","overlay-color":"","overlay-opacity":"","overlay-gradient":""},"mobile":{"background-color":"var(--ast-global-color-5)","background-image":"","background-repeat":"repeat","background-position":"center center","background-size":"auto","background-attachment":"scroll","background-type":"","background-media":"","overlay-type":"","overlay-color":"","overlay-opacity":"","overlay-gradient":""}},"footnotes":""},"class_list":["post-9992","page","type-page","status-publish","hentry"],"acf":[],"yoast_head":"<!-- This site is optimized with the Yoast SEO Premium plugin v27.1 (Yoast SEO v27.1.1) - https:\/\/yoast.com\/product\/yoast-seo-premium-wordpress\/ -->\n<title>Sulfato de Cobre: Uso en Piscinas y Comprar - Alquera.com<\/title>\n<meta name=\"description\" content=\"ENV\u00cdOS EN 24\/48H - El sulfato de cobre es un producto que actua como excelente alguicida para piscinas. Ver c\u00f3mo aplicar el sulfato de cobre\" \/>\n<meta name=\"robots\" content=\"index, follow, max-snippet:-1, max-image-preview:large, max-video-preview:-1\" \/>\n<link rel=\"canonical\" href=\"https:\/\/www.alquera.com\/fr\/sulfato-de-cobre\/piscinas\/\" \/>\n<meta property=\"og:locale\" content=\"fr_FR\" \/>\n<meta property=\"og:type\" content=\"article\" \/>\n<meta property=\"og:title\" content=\"Sulfato de Cobre Piscinas\" \/>\n<meta property=\"og:description\" content=\"ENV\u00cdOS EN 24\/48H - El sulfato de cobre es un producto que actua como excelente alguicida para piscinas. Ver c\u00f3mo aplicar el sulfato de cobre\" \/>\n<meta property=\"og:url\" content=\"https:\/\/www.alquera.com\/fr\/sulfato-de-cobre\/piscinas\/\" \/>\n<meta property=\"og:site_name\" content=\"Alquera.com\" \/>\n<meta property=\"article:publisher\" content=\"https:\/\/www.facebook.com\/alqueraciencia\" \/>\n<meta property=\"article:modified_time\" content=\"2024-02-15T10:52:37+00:00\" \/>\n<meta property=\"og:image\" content=\"https:\/\/www.alquera.com\/wp-content\/uploads\/2021\/03\/piscina-agua-ALGAS.png\" \/>\n<meta name=\"twitter:card\" content=\"summary_large_image\" \/>\n<meta name=\"twitter:label1\" content=\"Dur\u00e9e de lecture estim\u00e9e\" \/>\n\t<meta name=\"twitter:data1\" content=\"4 minutes\" \/>\n<script type=\"application\/ld+json\" class=\"yoast-schema-graph\">{\"@context\":\"https:\/\/schema.org\",\"@graph\":[{\"@type\":\"WebPage\",\"@id\":\"https:\/\/www.alquera.com\/sulfato-de-cobre\/piscinas\/\",\"url\":\"https:\/\/www.alquera.com\/sulfato-de-cobre\/piscinas\/\",\"name\":\"Sulfato de Cobre: Uso en Piscinas y Comprar - Alquera.com\",\"isPartOf\":{\"@id\":\"https:\/\/www.alquera.com\/en\/#website\"},\"primaryImageOfPage\":{\"@id\":\"https:\/\/www.alquera.com\/sulfato-de-cobre\/piscinas\/#primaryimage\"},\"image\":{\"@id\":\"https:\/\/www.alquera.com\/sulfato-de-cobre\/piscinas\/#primaryimage\"},\"thumbnailUrl\":\"https:\/\/www.alquera.com\/wp-content\/uploads\/2021\/03\/piscina-agua-ALGAS.png\",\"datePublished\":\"2020-11-06T16:09:50+00:00\",\"dateModified\":\"2024-02-15T10:52:37+00:00\",\"description\":\"ENV\u00cdOS EN 24\/48H - El sulfato de cobre es un producto que actua como excelente alguicida para piscinas. Ver c\u00f3mo aplicar el sulfato de cobre\",\"breadcrumb\":{\"@id\":\"https:\/\/www.alquera.com\/sulfato-de-cobre\/piscinas\/#breadcrumb\"},\"inLanguage\":\"fr-FR\",\"potentialAction\":[{\"@type\":\"ReadAction\",\"target\":[\"https:\/\/www.alquera.com\/sulfato-de-cobre\/piscinas\/\"]}]},{\"@type\":\"ImageObject\",\"inLanguage\":\"fr-FR\",\"@id\":\"https:\/\/www.alquera.com\/sulfato-de-cobre\/piscinas\/#primaryimage\",\"url\":\"https:\/\/www.alquera.com\/wp-content\/uploads\/2021\/03\/piscina-agua-ALGAS.png\",\"contentUrl\":\"https:\/\/www.alquera.com\/wp-content\/uploads\/2021\/03\/piscina-agua-ALGAS.png\"},{\"@type\":\"BreadcrumbList\",\"@id\":\"https:\/\/www.alquera.com\/sulfato-de-cobre\/piscinas\/#breadcrumb\",\"itemListElement\":[{\"@type\":\"ListItem\",\"position\":1,\"name\":\"Inicio\",\"item\":\"https:\/\/www.alquera.com\/\"},{\"@type\":\"ListItem\",\"position\":2,\"name\":\"Sulfato de Cobre\",\"item\":\"https:\/\/www.alquera.com\/sulfato-de-cobre\/\"},{\"@type\":\"ListItem\",\"position\":3,\"name\":\"Sulfato de Cobre Piscinas\"}]},{\"@type\":\"WebSite\",\"@id\":\"https:\/\/www.alquera.com\/en\/#website\",\"url\":\"https:\/\/www.alquera.com\/en\/\",\"name\":\"Alquera.com\",\"description\":\"Tienda Online Productos Qu\u00edmicos y Material de Laboratorio\",\"publisher\":{\"@id\":\"https:\/\/www.alquera.com\/en\/#organization\"},\"potentialAction\":[{\"@type\":\"SearchAction\",\"target\":{\"@type\":\"EntryPoint\",\"urlTemplate\":\"https:\/\/www.alquera.com\/en\/?s={search_term_string}\"},\"query-input\":{\"@type\":\"PropertyValueSpecification\",\"valueRequired\":true,\"valueName\":\"search_term_string\"}}],\"inLanguage\":\"fr-FR\"},{\"@type\":\"Organization\",\"@id\":\"https:\/\/www.alquera.com\/en\/#organization\",\"name\":\"ALQUERA CIENCIA SL\",\"url\":\"https:\/\/www.alquera.com\/en\/\",\"logo\":{\"@type\":\"ImageObject\",\"inLanguage\":\"fr-FR\",\"@id\":\"https:\/\/www.alquera.com\/en\/#\/schema\/logo\/image\/\",\"url\":\"https:\/\/www.alquera.com\/wp-content\/uploads\/2020\/11\/logo_300_ancho.png\",\"contentUrl\":\"https:\/\/www.alquera.com\/wp-content\/uploads\/2020\/11\/logo_300_ancho.png\",\"width\":300,\"height\":86,\"caption\":\"ALQUERA CIENCIA SL\"},\"image\":{\"@id\":\"https:\/\/www.alquera.com\/en\/#\/schema\/logo\/image\/\"},\"sameAs\":[\"https:\/\/www.facebook.com\/alqueraciencia\",\"https:\/\/www.instagram.com\/alquera_ciencia\/\",\"https:\/\/www.youtube.com\/c\/alquera\"]}]}<\/script>\n<!-- \/ Yoast SEO Premium plugin. -->","yoast_head_json":{"title":"Sulfate de cuivre : Utilisation dans les piscines et acheter - Alquera.com","description":"LIVRAISON EN 24\/48H - Le sulfate de cuivre est un produit qui agit comme un excellent algicide pour les piscines. Voir comment appliquer le sulfate de cuivre","robots":{"index":"index","follow":"follow","max-snippet":"max-snippet:-1","max-image-preview":"max-image-preview:large","max-video-preview":"max-video-preview:-1"},"canonical":"https:\/\/www.alquera.com\/fr\/sulfato-de-cobre\/piscinas\/","og_locale":"fr_FR","og_type":"article","og_title":"Sulfato de Cobre Piscinas","og_description":"ENV\u00cdOS EN 24\/48H - El sulfato de cobre es un producto que actua como excelente alguicida para piscinas. Ver c\u00f3mo aplicar el sulfato de cobre","og_url":"https:\/\/www.alquera.com\/fr\/sulfato-de-cobre\/piscinas\/","og_site_name":"Alquera.com","article_publisher":"https:\/\/www.facebook.com\/alqueraciencia","article_modified_time":"2024-02-15T10:52:37+00:00","og_image":[{"url":"https:\/\/www.alquera.com\/wp-content\/uploads\/2021\/03\/piscina-agua-ALGAS.png","type":"","width":"","height":""}],"twitter_card":"summary_large_image","twitter_misc":{"Dur\u00e9e de lecture estim\u00e9e":"4 minutes"},"schema":{"@context":"https:\/\/schema.org","@graph":[{"@type":"WebPage","@id":"https:\/\/www.alquera.com\/sulfato-de-cobre\/piscinas\/","url":"https:\/\/www.alquera.com\/sulfato-de-cobre\/piscinas\/","name":"Sulfate de cuivre : Utilisation dans les piscines et acheter - Alquera.com","isPartOf":{"@id":"https:\/\/www.alquera.com\/en\/#website"},"primaryImageOfPage":{"@id":"https:\/\/www.alquera.com\/sulfato-de-cobre\/piscinas\/#primaryimage"},"image":{"@id":"https:\/\/www.alquera.com\/sulfato-de-cobre\/piscinas\/#primaryimage"},"thumbnailUrl":"https:\/\/www.alquera.com\/wp-content\/uploads\/2021\/03\/piscina-agua-ALGAS.png","datePublished":"2020-11-06T16:09:50+00:00","dateModified":"2024-02-15T10:52:37+00:00","description":"LIVRAISON EN 24\/48H - Le sulfate de cuivre est un produit qui agit comme un excellent algicide pour les piscines. Voir comment appliquer le sulfate de cuivre","breadcrumb":{"@id":"https:\/\/www.alquera.com\/sulfato-de-cobre\/piscinas\/#breadcrumb"},"inLanguage":"fr-FR","potentialAction":[{"@type":"ReadAction","target":["https:\/\/www.alquera.com\/sulfato-de-cobre\/piscinas\/"]}]},{"@type":"ImageObject","inLanguage":"fr-FR","@id":"https:\/\/www.alquera.com\/sulfato-de-cobre\/piscinas\/#primaryimage","url":"https:\/\/www.alquera.com\/wp-content\/uploads\/2021\/03\/piscina-agua-ALGAS.png","contentUrl":"https:\/\/www.alquera.com\/wp-content\/uploads\/2021\/03\/piscina-agua-ALGAS.png"},{"@type":"BreadcrumbList","@id":"https:\/\/www.alquera.com\/sulfato-de-cobre\/piscinas\/#breadcrumb","itemListElement":[{"@type":"ListItem","position":1,"name":"Inicio","item":"https:\/\/www.alquera.com\/"},{"@type":"ListItem","position":2,"name":"Sulfato de Cobre","item":"https:\/\/www.alquera.com\/sulfato-de-cobre\/"},{"@type":"ListItem","position":3,"name":"Sulfato de Cobre Piscinas"}]},{"@type":"WebSite","@id":"https:\/\/www.alquera.com\/en\/#website","url":"https:\/\/www.alquera.com\/en\/","name":"Alquera.com","description":"Boutique en ligne Produits chimiques et \u00e9quipements de laboratoire","publisher":{"@id":"https:\/\/www.alquera.com\/en\/#organization"},"potentialAction":[{"@type":"SearchAction","target":{"@type":"EntryPoint","urlTemplate":"https:\/\/www.alquera.com\/en\/?s={search_term_string}"},"query-input":{"@type":"PropertyValueSpecification","valueRequired":true,"valueName":"search_term_string"}}],"inLanguage":"fr-FR"},{"@type":"Organization","@id":"https:\/\/www.alquera.com\/en\/#organization","name":"ALQUERA CIENCIA SL","url":"https:\/\/www.alquera.com\/en\/","logo":{"@type":"ImageObject","inLanguage":"fr-FR","@id":"https:\/\/www.alquera.com\/en\/#\/schema\/logo\/image\/","url":"https:\/\/www.alquera.com\/wp-content\/uploads\/2020\/11\/logo_300_ancho.png","contentUrl":"https:\/\/www.alquera.com\/wp-content\/uploads\/2020\/11\/logo_300_ancho.png","width":300,"height":86,"caption":"ALQUERA CIENCIA SL"},"image":{"@id":"https:\/\/www.alquera.com\/en\/#\/schema\/logo\/image\/"},"sameAs":["https:\/\/www.facebook.com\/alqueraciencia","https:\/\/www.instagram.com\/alquera_ciencia\/","https:\/\/www.youtube.com\/c\/alquera"]}]}},"_links":{"self":[{"href":"https:\/\/www.alquera.com\/fr\/wp-json\/wp\/v2\/pages\/9992","targetHints":{"allow":["GET"]}}],"collection":[{"href":"https:\/\/www.alquera.com\/fr\/wp-json\/wp\/v2\/pages"}],"about":[{"href":"https:\/\/www.alquera.com\/fr\/wp-json\/wp\/v2\/types\/page"}],"author":[{"embeddable":true,"href":"https:\/\/www.alquera.com\/fr\/wp-json\/wp\/v2\/users\/1"}],"replies":[{"embeddable":true,"href":"https:\/\/www.alquera.com\/fr\/wp-json\/wp\/v2\/comments?post=9992"}],"version-history":[{"count":26,"href":"https:\/\/www.alquera.com\/fr\/wp-json\/wp\/v2\/pages\/9992\/revisions"}],"predecessor-version":[{"id":46316,"href":"https:\/\/www.alquera.com\/fr\/wp-json\/wp\/v2\/pages\/9992\/revisions\/46316"}],"up":[{"embeddable":true,"href":"https:\/\/www.alquera.com\/fr\/wp-json\/wp\/v2\/pages\/32602"}],"wp:attachment":[{"href":"https:\/\/www.alquera.com\/fr\/wp-json\/wp\/v2\/media?parent=9992"}],"curies":[{"name":"wp","href":"https:\/\/api.w.org\/{rel}","templated":true}]}}