{"id":1026,"date":"2017-11-21T10:33:30","date_gmt":"2017-11-21T10:33:30","guid":{"rendered":"http:\/\/localhost\/alquera\/productos\/producto\/animales-que-crecen-con-agua\/"},"modified":"2025-06-06T12:03:22","modified_gmt":"2025-06-06T12:03:22","slug":"animales-que-crecen-con-agua","status":"publish","type":"product","link":"https:\/\/www.alquera.com\/fr\/animales-que-crecen-con-agua\/","title":{"rendered":"Des animaux qui grandissent avec l'eau. Paquet de 5"},"content":{"rendered":"<p>Pack des animaux qui deviennent grands dans l'eau<br \/>\nCe pack d\u2019animaux sont fabriqu\u00e9s \u00e0 partir d\u2019un polym\u00e8re super absorbant, qui, lorsqu\u2019il est introduit dans l\u2019eau, augmente jusqu\u2019\u00e0 10 fois sa taille. Il faut trois jours pour qu\u2019ils grandissent. Une fois qu\u2019ils ont grandi et absorb\u00e9 l\u2019eau, s\u2019ils sont laiss\u00e9s sans eau ils retournent \u00e0 leur taille d\u2019origine, pouvant \u00eatre utilis\u00e9s \u00e0 nouveau.<\/p>\n<p>&nbsp;<\/p>\n<p>&nbsp;<\/p>\n<p>&nbsp;<\/p>","protected":false},"excerpt":{"rendered":"<p>Achetez un paquet de 5 animaux qui poussent avec de l'eau. Ces animaux sont fabriqu\u00e9s dans un mat\u00e9riau qui absorbe tr\u00e8s bien l'eau et font partie de l'ensemble des animaux. <a href=\"https:\/\/www.alquera.com\/fr\/polimeros-super-absorbentes\/\">Polym\u00e8res superabsorbants<\/a>. Il suffit de les laisser dans l'eau pendant 3 jours pour voir comment ils ont grandi. Gr\u00e2ce \u00e0 leurs couleurs et \u00e0 leurs formes amusantes, les enfants les adoreront. Chaque paquet contient 5 unit\u00e9s (5 animaux, le type d'animal est al\u00e9atoire, mais vous pouvez nous laisser dans les commentaires lors de la commande si un animal particulier vous int\u00e9resse et nous ferons de notre mieux pour l'inclure dans le paquet.<\/p>","protected":false},"featured_media":46001,"comment_status":"open","ping_status":"closed","template":"","meta":{"_acf_changed":false,"site-sidebar-layout":"default","site-content-layout":"default","ast-site-content-layout":"default","site-content-style":"default","site-sidebar-style":"default","ast-global-header-display":"","ast-banner-title-visibility":"","ast-main-header-display":"","ast-hfb-above-header-display":"","ast-hfb-below-header-display":"","ast-hfb-mobile-header-display":"","site-post-title":"","ast-breadcrumbs-content":"","ast-featured-img":"","footer-sml-layout":"","ast-disable-related-posts":"","theme-transparent-header-meta":"default","adv-header-id-meta":"","stick-header-meta":"default","header-above-stick-meta":"","header-main-stick-meta":"","header-below-stick-meta":"","astra-migrate-meta-layouts":"default","ast-page-background-enabled":"default","ast-page-background-meta":{"desktop":{"background-color":"var(--ast-global-color-4)","background-image":"","background-repeat":"repeat","background-position":"center center","background-size":"auto","background-attachment":"scroll","background-type":"","background-media":"","overlay-type":"","overlay-color":"","overlay-opacity":"","overlay-gradient":""},"tablet":{"background-color":"","background-image":"","background-repeat":"repeat","background-position":"center center","background-size":"auto","background-attachment":"scroll","background-type":"","background-media":"","overlay-type":"","overlay-color":"","overlay-opacity":"","overlay-gradient":""},"mobile":{"background-color":"","background-image":"","background-repeat":"repeat","background-position":"center center","background-size":"auto","background-attachment":"scroll","background-type":"","background-media":"","overlay-type":"","overlay-color":"","overlay-opacity":"","overlay-gradient":""}},"ast-content-background-meta":{"desktop":{"background-color":"var(--ast-global-color-5)","background-image":"","background-repeat":"repeat","background-position":"center center","background-size":"auto","background-attachment":"scroll","background-type":"","background-media":"","overlay-type":"","overlay-color":"","overlay-opacity":"","overlay-gradient":""},"tablet":{"background-color":"var(--ast-global-color-5)","background-image":"","background-repeat":"repeat","background-position":"center center","background-size":"auto","background-attachment":"scroll","background-type":"","background-media":"","overlay-type":"","overlay-color":"","overlay-opacity":"","overlay-gradient":""},"mobile":{"background-color":"var(--ast-global-color-5)","background-image":"","background-repeat":"repeat","background-position":"center center","background-size":"auto","background-attachment":"scroll","background-type":"","background-media":"","overlay-type":"","overlay-color":"","overlay-opacity":"","overlay-gradient":""}}},"product_brand":[],"product_cat":[206,214],"product_tag":[],"class_list":{"0":"post-1026","1":"product","2":"type-product","3":"status-publish","4":"has-post-thumbnail","6":"product_cat-productos-experimentos","7":"product_cat-polimeros-super-absorbentes","8":"desktop-align-left","9":"tablet-align-left","10":"mobile-align-left","11":"ast-product-gallery-layout-horizontal-slider","12":"ast-magnify-disabled","13":"ast-product-tabs-layout-horizontal","14":"ast-qv-on-image","16":"first","17":"instock","18":"taxable","19":"shipping-taxable","20":"purchasable","21":"product-type-simple"},"acf":[],"yoast_head":"<!-- This site is optimized with the Yoast SEO Premium plugin v27.1 (Yoast SEO v27.1.1) - https:\/\/yoast.com\/product\/yoast-seo-premium-wordpress\/ -->\n<title>Animales que crecen con agua. Pack de 5: Comprar Online - Alquera.com<\/title>\n<meta name=\"robots\" content=\"index, follow, max-snippet:-1, max-image-preview:large, max-video-preview:-1\" \/>\n<link rel=\"canonical\" href=\"https:\/\/www.alquera.com\/fr\/animales-que-crecen-con-agua\/\" \/>\n<meta property=\"og:locale\" content=\"fr_FR\" \/>\n<meta property=\"og:type\" content=\"article\" \/>\n<meta property=\"og:title\" content=\"Animales que crecen con agua. Pack de 5: Comprar Online - Alquera.com\" \/>\n<meta property=\"og:description\" content=\"Comprar un Pack de 5 Animales que crecen con agua. Estos animales est\u00e1n hechos de un material superabsorbente de agua, formando parte de los pol\u00edmeros superabsorbentes. No hay m\u00e1s que dejarlos durante 3 d\u00edas en agua y ver\u00e1s como han crecido. Gracias a sus divertidos colores y formas a los ni\u00f1os les encantar\u00e1n. En cada paquete vienen 5 unidades (5 animales, el tipo de animal es aleatorio, aunque puedes dejarnos en comentarios al hacer el pedido si hay alg\u00fan animal en especial que te interese y haremos lo posible porque el paquete lo incluya.\" \/>\n<meta property=\"og:url\" content=\"https:\/\/www.alquera.com\/fr\/animales-que-crecen-con-agua\/\" \/>\n<meta property=\"og:site_name\" content=\"Alquera.com\" \/>\n<meta property=\"article:publisher\" content=\"https:\/\/www.facebook.com\/alqueraciencia\" \/>\n<meta property=\"article:modified_time\" content=\"2025-06-06T12:03:22+00:00\" \/>\n<meta property=\"og:image\" content=\"https:\/\/www.alquera.com\/wp-content\/uploads\/2017\/11\/animales-q-crecen.png\" \/>\n\t<meta property=\"og:image:width\" content=\"966\" \/>\n\t<meta property=\"og:image:height\" content=\"900\" \/>\n\t<meta property=\"og:image:type\" content=\"image\/png\" \/>\n<meta name=\"twitter:card\" content=\"summary_large_image\" \/>\n<meta name=\"twitter:label1\" content=\"Prix\" \/>\n\t<meta name=\"twitter:data1\" content=\"10,90&euro;\" \/>\n\t<meta name=\"twitter:label2\" content=\"Disponibilit\u00e9\" \/>\n\t<meta name=\"twitter:data2\" content=\"En stock\" \/>\n<script type=\"application\/ld+json\" class=\"yoast-schema-graph\">{\"@context\":\"https:\/\/schema.org\",\"@graph\":[{\"@type\":[\"WebPage\",\"ItemPage\"],\"@id\":\"https:\/\/www.alquera.com\/animales-que-crecen-con-agua\/\",\"url\":\"https:\/\/www.alquera.com\/animales-que-crecen-con-agua\/\",\"name\":\"Animales que crecen con agua. Pack de 5: Comprar Online - Alquera.com\",\"isPartOf\":{\"@id\":\"https:\/\/www.alquera.com\/en\/#website\"},\"primaryImageOfPage\":{\"@id\":\"https:\/\/www.alquera.com\/animales-que-crecen-con-agua\/#primaryimage\"},\"image\":{\"@id\":\"https:\/\/www.alquera.com\/animales-que-crecen-con-agua\/#primaryimage\"},\"thumbnailUrl\":\"https:\/\/www.alquera.com\/wp-content\/uploads\/2017\/11\/animales-q-crecen.png\",\"datePublished\":\"2017-11-21T10:33:30+00:00\",\"dateModified\":\"2025-06-06T12:03:22+00:00\",\"breadcrumb\":{\"@id\":\"https:\/\/www.alquera.com\/animales-que-crecen-con-agua\/#breadcrumb\"},\"inLanguage\":\"fr-FR\",\"potentialAction\":[{\"@type\":\"ReadAction\",\"target\":[\"https:\/\/www.alquera.com\/animales-que-crecen-con-agua\/\"]}]},{\"@type\":\"ImageObject\",\"inLanguage\":\"fr-FR\",\"@id\":\"https:\/\/www.alquera.com\/animales-que-crecen-con-agua\/#primaryimage\",\"url\":\"https:\/\/www.alquera.com\/wp-content\/uploads\/2017\/11\/animales-q-crecen.png\",\"contentUrl\":\"https:\/\/www.alquera.com\/wp-content\/uploads\/2017\/11\/animales-q-crecen.png\",\"width\":966,\"height\":900,\"caption\":\"animales que crecen con agua\"},{\"@type\":\"BreadcrumbList\",\"@id\":\"https:\/\/www.alquera.com\/animales-que-crecen-con-agua\/#breadcrumb\",\"itemListElement\":[{\"@type\":\"ListItem\",\"position\":1,\"name\":\"Inicio\",\"item\":\"https:\/\/www.alquera.com\/\"},{\"@type\":\"ListItem\",\"position\":2,\"name\":\"Alquera.com: Tienda Online de Productos Qu\u00edmicos y Material de Laboratorio\",\"item\":\"https:\/\/www.alquera.com\/en\/tienda\/\"},{\"@type\":\"ListItem\",\"position\":3,\"name\":\"Animales que crecen con agua. Pack de 5\"}]},{\"@type\":\"WebSite\",\"@id\":\"https:\/\/www.alquera.com\/en\/#website\",\"url\":\"https:\/\/www.alquera.com\/en\/\",\"name\":\"Alquera.com\",\"description\":\"Tienda Online Productos Qu\u00edmicos y Material de Laboratorio\",\"publisher\":{\"@id\":\"https:\/\/www.alquera.com\/en\/#organization\"},\"potentialAction\":[{\"@type\":\"SearchAction\",\"target\":{\"@type\":\"EntryPoint\",\"urlTemplate\":\"https:\/\/www.alquera.com\/en\/?s={search_term_string}\"},\"query-input\":{\"@type\":\"PropertyValueSpecification\",\"valueRequired\":true,\"valueName\":\"search_term_string\"}}],\"inLanguage\":\"fr-FR\"},{\"@type\":\"Organization\",\"@id\":\"https:\/\/www.alquera.com\/en\/#organization\",\"name\":\"ALQUERA CIENCIA SL\",\"url\":\"https:\/\/www.alquera.com\/en\/\",\"logo\":{\"@type\":\"ImageObject\",\"inLanguage\":\"fr-FR\",\"@id\":\"https:\/\/www.alquera.com\/en\/#\/schema\/logo\/image\/\",\"url\":\"https:\/\/www.alquera.com\/wp-content\/uploads\/2020\/11\/logo_300_ancho.png\",\"contentUrl\":\"https:\/\/www.alquera.com\/wp-content\/uploads\/2020\/11\/logo_300_ancho.png\",\"width\":300,\"height\":86,\"caption\":\"ALQUERA CIENCIA SL\"},\"image\":{\"@id\":\"https:\/\/www.alquera.com\/en\/#\/schema\/logo\/image\/\"},\"sameAs\":[\"https:\/\/www.facebook.com\/alqueraciencia\",\"https:\/\/www.instagram.com\/alquera_ciencia\/\",\"https:\/\/www.youtube.com\/c\/alquera\"]}]}<\/script>\n<meta property=\"product:price:amount\" content=\"10.90\" \/>\n<meta property=\"product:price:currency\" content=\"EUR\" \/>\n<meta property=\"og:availability\" content=\"instock\" \/>\n<meta property=\"product:availability\" content=\"instock\" \/>\n<meta property=\"product:condition\" content=\"new\" \/>\n<!-- \/ Yoast SEO Premium plugin. -->","yoast_head_json":{"title":"Animaux qui grandissent avec l'eau. Paquet de 5 : Acheter en ligne - Alquera.com","robots":{"index":"index","follow":"follow","max-snippet":"max-snippet:-1","max-image-preview":"max-image-preview:large","max-video-preview":"max-video-preview:-1"},"canonical":"https:\/\/www.alquera.com\/fr\/animales-que-crecen-con-agua\/","og_locale":"fr_FR","og_type":"article","og_title":"Animales que crecen con agua. Pack de 5: Comprar Online - Alquera.com","og_description":"Comprar un Pack de 5 Animales que crecen con agua. Estos animales est\u00e1n hechos de un material superabsorbente de agua, formando parte de los pol\u00edmeros superabsorbentes. No hay m\u00e1s que dejarlos durante 3 d\u00edas en agua y ver\u00e1s como han crecido. Gracias a sus divertidos colores y formas a los ni\u00f1os les encantar\u00e1n. En cada paquete vienen 5 unidades (5 animales, el tipo de animal es aleatorio, aunque puedes dejarnos en comentarios al hacer el pedido si hay alg\u00fan animal en especial que te interese y haremos lo posible porque el paquete lo incluya.","og_url":"https:\/\/www.alquera.com\/fr\/animales-que-crecen-con-agua\/","og_site_name":"Alquera.com","article_publisher":"https:\/\/www.facebook.com\/alqueraciencia","article_modified_time":"2025-06-06T12:03:22+00:00","og_image":[{"width":966,"height":900,"url":"https:\/\/www.alquera.com\/wp-content\/uploads\/2017\/11\/animales-q-crecen.png","type":"image\/png"}],"twitter_card":"summary_large_image","twitter_misc":{"Prix":"10,90&euro;","Disponibilit\u00e9":"En stock"},"schema":{"@context":"https:\/\/schema.org","@graph":[{"@type":["WebPage","ItemPage"],"@id":"https:\/\/www.alquera.com\/animales-que-crecen-con-agua\/","url":"https:\/\/www.alquera.com\/animales-que-crecen-con-agua\/","name":"Animaux qui grandissent avec l'eau. Paquet de 5 : Acheter en ligne - Alquera.com","isPartOf":{"@id":"https:\/\/www.alquera.com\/en\/#website"},"primaryImageOfPage":{"@id":"https:\/\/www.alquera.com\/animales-que-crecen-con-agua\/#primaryimage"},"image":{"@id":"https:\/\/www.alquera.com\/animales-que-crecen-con-agua\/#primaryimage"},"thumbnailUrl":"https:\/\/www.alquera.com\/wp-content\/uploads\/2017\/11\/animales-q-crecen.png","datePublished":"2017-11-21T10:33:30+00:00","dateModified":"2025-06-06T12:03:22+00:00","breadcrumb":{"@id":"https:\/\/www.alquera.com\/animales-que-crecen-con-agua\/#breadcrumb"},"inLanguage":"fr-FR","potentialAction":[{"@type":"ReadAction","target":["https:\/\/www.alquera.com\/animales-que-crecen-con-agua\/"]}]},{"@type":"ImageObject","inLanguage":"fr-FR","@id":"https:\/\/www.alquera.com\/animales-que-crecen-con-agua\/#primaryimage","url":"https:\/\/www.alquera.com\/wp-content\/uploads\/2017\/11\/animales-q-crecen.png","contentUrl":"https:\/\/www.alquera.com\/wp-content\/uploads\/2017\/11\/animales-q-crecen.png","width":966,"height":900,"caption":"animales que crecen con agua"},{"@type":"BreadcrumbList","@id":"https:\/\/www.alquera.com\/animales-que-crecen-con-agua\/#breadcrumb","itemListElement":[{"@type":"ListItem","position":1,"name":"Inicio","item":"https:\/\/www.alquera.com\/"},{"@type":"ListItem","position":2,"name":"Alquera.com: Tienda Online de Productos Qu\u00edmicos y Material de Laboratorio","item":"https:\/\/www.alquera.com\/en\/tienda\/"},{"@type":"ListItem","position":3,"name":"Animales que crecen con agua. Pack de 5"}]},{"@type":"WebSite","@id":"https:\/\/www.alquera.com\/en\/#website","url":"https:\/\/www.alquera.com\/en\/","name":"Alquera.com","description":"Boutique en ligne Produits chimiques et \u00e9quipements de laboratoire","publisher":{"@id":"https:\/\/www.alquera.com\/en\/#organization"},"potentialAction":[{"@type":"SearchAction","target":{"@type":"EntryPoint","urlTemplate":"https:\/\/www.alquera.com\/en\/?s={search_term_string}"},"query-input":{"@type":"PropertyValueSpecification","valueRequired":true,"valueName":"search_term_string"}}],"inLanguage":"fr-FR"},{"@type":"Organization","@id":"https:\/\/www.alquera.com\/en\/#organization","name":"ALQUERA CIENCIA SL","url":"https:\/\/www.alquera.com\/en\/","logo":{"@type":"ImageObject","inLanguage":"fr-FR","@id":"https:\/\/www.alquera.com\/en\/#\/schema\/logo\/image\/","url":"https:\/\/www.alquera.com\/wp-content\/uploads\/2020\/11\/logo_300_ancho.png","contentUrl":"https:\/\/www.alquera.com\/wp-content\/uploads\/2020\/11\/logo_300_ancho.png","width":300,"height":86,"caption":"ALQUERA CIENCIA SL"},"image":{"@id":"https:\/\/www.alquera.com\/en\/#\/schema\/logo\/image\/"},"sameAs":["https:\/\/www.facebook.com\/alqueraciencia","https:\/\/www.instagram.com\/alquera_ciencia\/","https:\/\/www.youtube.com\/c\/alquera"]}]},"product_price_amount":"10.90","product_price_currency":"EUR","og_availability":"instock","product_availability":"instock","product_condition":"new"},"_links":{"self":[{"href":"https:\/\/www.alquera.com\/fr\/wp-json\/wp\/v2\/product\/1026","targetHints":{"allow":["GET"]}}],"collection":[{"href":"https:\/\/www.alquera.com\/fr\/wp-json\/wp\/v2\/product"}],"about":[{"href":"https:\/\/www.alquera.com\/fr\/wp-json\/wp\/v2\/types\/product"}],"replies":[{"embeddable":true,"href":"https:\/\/www.alquera.com\/fr\/wp-json\/wp\/v2\/comments?post=1026"}],"wp:featuredmedia":[{"embeddable":true,"href":"https:\/\/www.alquera.com\/fr\/wp-json\/wp\/v2\/media\/46001"}],"wp:attachment":[{"href":"https:\/\/www.alquera.com\/fr\/wp-json\/wp\/v2\/media?parent=1026"}],"wp:term":[{"taxonomy":"product_brand","embeddable":true,"href":"https:\/\/www.alquera.com\/fr\/wp-json\/wp\/v2\/product_brand?post=1026"},{"taxonomy":"product_cat","embeddable":true,"href":"https:\/\/www.alquera.com\/fr\/wp-json\/wp\/v2\/product_cat?post=1026"},{"taxonomy":"product_tag","embeddable":true,"href":"https:\/\/www.alquera.com\/fr\/wp-json\/wp\/v2\/product_tag?post=1026"}],"curies":[{"name":"wp","href":"https:\/\/api.w.org\/{rel}","templated":true}]}}