{"id":1054,"date":"2017-12-03T12:07:21","date_gmt":"2017-12-03T12:07:21","guid":{"rendered":"http:\/\/localhost\/alquera\/productos\/producto\/rodamina-b-en-polvo-1kg\/"},"modified":"2026-04-15T11:37:11","modified_gmt":"2026-04-15T11:37:11","slug":"rodamina-b","status":"publish","type":"product","link":"https:\/\/www.alquera.com\/fr\/rodamina-b\/","title":{"rendered":"Rhodamine B en Poudre"},"content":{"rendered":"<p>L'\u00a0<strong>rhodamine B<\/strong> C'est un produit chimique utilis\u00e9 comme colorant ou traceur de suivi d\u2019un liquide pour d\u00e9tecter la direction d\u2019\u00e9coulement. La rhodamine \u00e9met de la fluorescence lorsqu\u2019elle est \u00e9clair\u00e9e par la lumi\u00e8re ultraviolette. La rhodamine donne une couleur violette, appel\u00e9e Acid Red 52.<\/p>\n<p>Une fois que vous avez introduit la Rhodamine B dans l\u2019eau, vous obtenez un liquide fluorescent, d\u00e9tectable \u00e0 l\u2019\u0153il nu et dans des environnements sombres sous lumi\u00e8re ultraviolette.<\/p>\n<p style=\"text-align: center;\"><a href=\"https:\/\/www.alquera.com\/fr\/?attachment_id=10312\" rel=\"attachment wp-att-10312\"><img loading=\"lazy\" decoding=\"async\" class=\"alignnone wp-image-10312 size-medium\" src=\"https:\/\/www.alquera.com\/wp-content\/uploads\/2017\/12\/rodaminab_2-300x252.jpg\" alt=\"rodamina b\" width=\"300\" height=\"252\" srcset=\"https:\/\/www.alquera.com\/wp-content\/uploads\/2017\/12\/rodaminab_2-300x252.jpg 300w, https:\/\/www.alquera.com\/wp-content\/uploads\/2017\/12\/rodaminab_2-600x505.jpg 600w, https:\/\/www.alquera.com\/wp-content\/uploads\/2017\/12\/rodaminab_2-64x54.jpg 64w, https:\/\/www.alquera.com\/wp-content\/uploads\/2017\/12\/rodaminab_2.jpg 713w\" sizes=\"auto, (max-width: 300px) 100vw, 300px\" \/><\/a><\/p>\n<p>&nbsp;<\/p>\n<p style=\"text-align: center;\"><a href=\"https:\/\/www.alquera.com\/fr\/?attachment_id=10311\" rel=\"attachment wp-att-10311\"><img loading=\"lazy\" decoding=\"async\" class=\"alignnone wp-image-10311 size-medium\" src=\"https:\/\/www.alquera.com\/wp-content\/uploads\/2017\/12\/rodaminab_3-300x252.jpg\" alt=\"\" width=\"300\" height=\"252\" srcset=\"https:\/\/www.alquera.com\/wp-content\/uploads\/2017\/12\/rodaminab_3-300x252.jpg 300w, https:\/\/www.alquera.com\/wp-content\/uploads\/2017\/12\/rodaminab_3-600x505.jpg 600w, https:\/\/www.alquera.com\/wp-content\/uploads\/2017\/12\/rodaminab_3-64x54.jpg 64w, https:\/\/www.alquera.com\/wp-content\/uploads\/2017\/12\/rodaminab_3.jpg 713w\" sizes=\"auto, (max-width: 300px) 100vw, 300px\" \/><\/a><\/p>\n<p>&nbsp;<\/p>\n<h2>IDENTIFICATION ET PROPI\u00c9T\u00c9S<\/h2>\n<p><strong>Nom:<\/strong> Rhodamine<br \/>\n<strong>Synonyme:<\/strong> Rhodamine B<br \/>\n<strong>CAS:<\/strong> 989-38-8<br \/>\n<strong>CE:<\/strong> 213-584-9<\/p>\n<ul>\n<li>Aspect 20\u00baC: Solide<\/li>\n<li>Couleur: Rouge<\/li>\n<li>pH: 3,5 au 1%<\/li>\n<li>Solubilit\u00e9 dans l\u2019eau \u00e0 20\u00baC\u00a0: 35 kg\/m3<\/li>\n<li>Point de inflammation: Non inflammable (&gt;60\u00baC)<\/li>\n<\/ul>\n<h2>USAGES<\/h2>\n<ul>\n<li>Colorant T\u00e9xtil<\/li>\n<li>Utilisation exclusive utilisateur professionel<\/li>\n<\/ul>\n<p>&nbsp;<\/p>","protected":false},"excerpt":{"rendered":"<p>Achetez de la rhodamine en formats 20g, 200g, 1kg, 5kg. Vous pouvez voir le prix des diff\u00e9rents formats de Rhodamine B lorsque vous s\u00e9lectionnez le format souhait\u00e9. La commande est effectu\u00e9e directement sur le Web en suivant les \u00e9tapes indiqu\u00e9es, et la livraison est effectu\u00e9e en 24\/48 heures.<\/p>","protected":false},"featured_media":10312,"comment_status":"open","ping_status":"closed","template":"","meta":{"_acf_changed":false,"site-sidebar-layout":"default","site-content-layout":"default","ast-site-content-layout":"default","site-content-style":"default","site-sidebar-style":"default","ast-global-header-display":"","ast-banner-title-visibility":"","ast-main-header-display":"","ast-hfb-above-header-display":"","ast-hfb-below-header-display":"","ast-hfb-mobile-header-display":"","site-post-title":"","ast-breadcrumbs-content":"","ast-featured-img":"","footer-sml-layout":"","ast-disable-related-posts":"","theme-transparent-header-meta":"default","adv-header-id-meta":"","stick-header-meta":"default","header-above-stick-meta":"","header-main-stick-meta":"","header-below-stick-meta":"","astra-migrate-meta-layouts":"set","ast-page-background-enabled":"default","ast-page-background-meta":{"desktop":{"background-color":"var(--ast-global-color-4)","background-image":"","background-repeat":"repeat","background-position":"center center","background-size":"auto","background-attachment":"scroll","background-type":"","background-media":"","overlay-type":"","overlay-color":"","overlay-opacity":"","overlay-gradient":""},"tablet":{"background-color":"","background-image":"","background-repeat":"repeat","background-position":"center center","background-size":"auto","background-attachment":"scroll","background-type":"","background-media":"","overlay-type":"","overlay-color":"","overlay-opacity":"","overlay-gradient":""},"mobile":{"background-color":"","background-image":"","background-repeat":"repeat","background-position":"center center","background-size":"auto","background-attachment":"scroll","background-type":"","background-media":"","overlay-type":"","overlay-color":"","overlay-opacity":"","overlay-gradient":""}},"ast-content-background-meta":{"desktop":{"background-color":"var(--ast-global-color-5)","background-image":"","background-repeat":"repeat","background-position":"center center","background-size":"auto","background-attachment":"scroll","background-type":"","background-media":"","overlay-type":"","overlay-color":"","overlay-opacity":"","overlay-gradient":""},"tablet":{"background-color":"var(--ast-global-color-5)","background-image":"","background-repeat":"repeat","background-position":"center center","background-size":"auto","background-attachment":"scroll","background-type":"","background-media":"","overlay-type":"","overlay-color":"","overlay-opacity":"","overlay-gradient":""},"mobile":{"background-color":"var(--ast-global-color-5)","background-image":"","background-repeat":"repeat","background-position":"center center","background-size":"auto","background-attachment":"scroll","background-type":"","background-media":"","overlay-type":"","overlay-color":"","overlay-opacity":"","overlay-gradient":""}}},"product_brand":[],"product_cat":[215],"product_tag":[],"class_list":{"0":"post-1054","1":"product","2":"type-product","3":"status-publish","4":"has-post-thumbnail","6":"product_cat-trazadores-fluorescentes","7":"pa_cantidad-20g","8":"pa_cantidad-200g","9":"pa_cantidad-1kg","10":"pa_cantidad-5kg","11":"desktop-align-left","12":"tablet-align-left","13":"mobile-align-left","14":"ast-product-gallery-layout-horizontal-slider","15":"ast-magnify-disabled","16":"ast-product-single-variable","17":"ast-product-tabs-layout-horizontal","18":"ast-qv-on-image","20":"first","21":"instock","22":"taxable","23":"shipping-taxable","24":"purchasable","25":"product-type-variable","26":"has-default-attributes"},"acf":[],"yoast_head":"<!-- This site is optimized with the Yoast SEO Premium plugin v27.1 (Yoast SEO v27.1.1) - https:\/\/yoast.com\/product\/yoast-seo-premium-wordpress\/ -->\n<title>Rodamina B en Polvo -Comprar Online - Alquera.com<\/title>\n<meta name=\"description\" content=\"ENV\u00cdOS EN 24\/48H - Comprar Rodamina B, utilizado en la hidrolog\u00eda para medida de corrientes de flujo. Color Acid Red.\" \/>\n<meta name=\"robots\" content=\"index, follow, max-snippet:-1, max-image-preview:large, max-video-preview:-1\" \/>\n<link rel=\"canonical\" href=\"https:\/\/www.alquera.com\/fr\/rodamina-b\/\" \/>\n<meta property=\"og:locale\" content=\"fr_FR\" \/>\n<meta property=\"og:type\" content=\"article\" \/>\n<meta property=\"og:title\" content=\"Rodamina B en Polvo: Comprar Online - Alquera.com\" \/>\n<meta property=\"og:description\" content=\"ENV\u00cdOS EN 24\/48H - Comprar Rodamina B, utilizado en la hidrolog\u00eda para medida de corrientes de flujo. Color Acid Red.\" \/>\n<meta property=\"og:url\" content=\"https:\/\/www.alquera.com\/fr\/rodamina-b\/\" \/>\n<meta property=\"og:site_name\" content=\"Alquera.com\" \/>\n<meta property=\"article:publisher\" content=\"https:\/\/www.facebook.com\/alqueraciencia\" \/>\n<meta property=\"article:modified_time\" content=\"2026-04-15T11:37:11+00:00\" \/>\n<meta property=\"og:image\" content=\"https:\/\/www.alquera.com\/wp-content\/uploads\/2017\/12\/rodaminab_2.jpg\" \/>\n\t<meta property=\"og:image:width\" content=\"713\" \/>\n\t<meta property=\"og:image:height\" content=\"600\" \/>\n\t<meta property=\"og:image:type\" content=\"image\/jpeg\" \/>\n<meta name=\"twitter:card\" content=\"summary_large_image\" \/>\n<meta name=\"twitter:label1\" content=\"Disponibilit\u00e9\" \/>\n\t<meta name=\"twitter:data1\" content=\"En stock\" \/>\n<script type=\"application\/ld+json\" class=\"yoast-schema-graph\">{\"@context\":\"https:\/\/schema.org\",\"@graph\":[{\"@type\":[\"WebPage\",\"ItemPage\"],\"@id\":\"https:\/\/www.alquera.com\/rodamina-b\/\",\"url\":\"https:\/\/www.alquera.com\/rodamina-b\/\",\"name\":\"Rodamina B en Polvo -Comprar Online - Alquera.com\",\"isPartOf\":{\"@id\":\"https:\/\/www.alquera.com\/en\/#website\"},\"primaryImageOfPage\":{\"@id\":\"https:\/\/www.alquera.com\/rodamina-b\/#primaryimage\"},\"image\":{\"@id\":\"https:\/\/www.alquera.com\/rodamina-b\/#primaryimage\"},\"thumbnailUrl\":\"https:\/\/www.alquera.com\/wp-content\/uploads\/2017\/12\/rodaminab_2.jpg\",\"datePublished\":\"2017-12-03T12:07:21+00:00\",\"dateModified\":\"2026-04-15T11:37:11+00:00\",\"description\":\"ENV\u00cdOS EN 24\/48H - Comprar Rodamina B, utilizado en la hidrolog\u00eda para medida de corrientes de flujo. Color Acid Red.\",\"breadcrumb\":{\"@id\":\"https:\/\/www.alquera.com\/rodamina-b\/#breadcrumb\"},\"inLanguage\":\"fr-FR\",\"potentialAction\":[{\"@type\":\"ReadAction\",\"target\":[\"https:\/\/www.alquera.com\/rodamina-b\/\"]}]},{\"@type\":\"ImageObject\",\"inLanguage\":\"fr-FR\",\"@id\":\"https:\/\/www.alquera.com\/rodamina-b\/#primaryimage\",\"url\":\"https:\/\/www.alquera.com\/wp-content\/uploads\/2017\/12\/rodaminab_2.jpg\",\"contentUrl\":\"https:\/\/www.alquera.com\/wp-content\/uploads\/2017\/12\/rodaminab_2.jpg\",\"width\":713,\"height\":600,\"caption\":\"rodamina b\"},{\"@type\":\"BreadcrumbList\",\"@id\":\"https:\/\/www.alquera.com\/rodamina-b\/#breadcrumb\",\"itemListElement\":[{\"@type\":\"ListItem\",\"position\":1,\"name\":\"Inicio\",\"item\":\"https:\/\/www.alquera.com\/\"},{\"@type\":\"ListItem\",\"position\":2,\"name\":\"Alquera.com: Tienda Online de Productos Qu\u00edmicos y Material de Laboratorio\",\"item\":\"https:\/\/www.alquera.com\/en\/tienda\/\"},{\"@type\":\"ListItem\",\"position\":3,\"name\":\"Rodamina B en Polvo\"}]},{\"@type\":\"WebSite\",\"@id\":\"https:\/\/www.alquera.com\/en\/#website\",\"url\":\"https:\/\/www.alquera.com\/en\/\",\"name\":\"Alquera.com\",\"description\":\"Tienda Online Productos Qu\u00edmicos y Material de Laboratorio\",\"publisher\":{\"@id\":\"https:\/\/www.alquera.com\/en\/#organization\"},\"potentialAction\":[{\"@type\":\"SearchAction\",\"target\":{\"@type\":\"EntryPoint\",\"urlTemplate\":\"https:\/\/www.alquera.com\/en\/?s={search_term_string}\"},\"query-input\":{\"@type\":\"PropertyValueSpecification\",\"valueRequired\":true,\"valueName\":\"search_term_string\"}}],\"inLanguage\":\"fr-FR\"},{\"@type\":\"Organization\",\"@id\":\"https:\/\/www.alquera.com\/en\/#organization\",\"name\":\"ALQUERA CIENCIA SL\",\"url\":\"https:\/\/www.alquera.com\/en\/\",\"logo\":{\"@type\":\"ImageObject\",\"inLanguage\":\"fr-FR\",\"@id\":\"https:\/\/www.alquera.com\/en\/#\/schema\/logo\/image\/\",\"url\":\"https:\/\/www.alquera.com\/wp-content\/uploads\/2020\/11\/logo_300_ancho.png\",\"contentUrl\":\"https:\/\/www.alquera.com\/wp-content\/uploads\/2020\/11\/logo_300_ancho.png\",\"width\":300,\"height\":86,\"caption\":\"ALQUERA CIENCIA SL\"},\"image\":{\"@id\":\"https:\/\/www.alquera.com\/en\/#\/schema\/logo\/image\/\"},\"sameAs\":[\"https:\/\/www.facebook.com\/alqueraciencia\",\"https:\/\/www.instagram.com\/alquera_ciencia\/\",\"https:\/\/www.youtube.com\/c\/alquera\"]}]}<\/script>\n<meta property=\"og:availability\" content=\"instock\" \/>\n<meta property=\"product:availability\" content=\"instock\" \/>\n<meta property=\"product:condition\" content=\"new\" \/>\n<!-- \/ Yoast SEO Premium plugin. -->","yoast_head_json":{"title":"Rhodamine B en poudre - Acheter en ligne - Alquera.com","description":"EXP\u00c9DITION EN 24\/48H - Acheter Rodamine B, utilis\u00e9 dans l\u2019hydrologie pour la mesure des flux. Couleur Acid Red.","robots":{"index":"index","follow":"follow","max-snippet":"max-snippet:-1","max-image-preview":"max-image-preview:large","max-video-preview":"max-video-preview:-1"},"canonical":"https:\/\/www.alquera.com\/fr\/rodamina-b\/","og_locale":"fr_FR","og_type":"article","og_title":"Rodamina B en Polvo: Comprar Online - Alquera.com","og_description":"ENV\u00cdOS EN 24\/48H - Comprar Rodamina B, utilizado en la hidrolog\u00eda para medida de corrientes de flujo. Color Acid Red.","og_url":"https:\/\/www.alquera.com\/fr\/rodamina-b\/","og_site_name":"Alquera.com","article_publisher":"https:\/\/www.facebook.com\/alqueraciencia","article_modified_time":"2026-04-15T11:37:11+00:00","og_image":[{"width":713,"height":600,"url":"https:\/\/www.alquera.com\/wp-content\/uploads\/2017\/12\/rodaminab_2.jpg","type":"image\/jpeg"}],"twitter_card":"summary_large_image","twitter_misc":{"Disponibilit\u00e9":"En stock"},"schema":{"@context":"https:\/\/schema.org","@graph":[{"@type":["WebPage","ItemPage"],"@id":"https:\/\/www.alquera.com\/rodamina-b\/","url":"https:\/\/www.alquera.com\/rodamina-b\/","name":"Rhodamine B en poudre - Acheter en ligne - Alquera.com","isPartOf":{"@id":"https:\/\/www.alquera.com\/en\/#website"},"primaryImageOfPage":{"@id":"https:\/\/www.alquera.com\/rodamina-b\/#primaryimage"},"image":{"@id":"https:\/\/www.alquera.com\/rodamina-b\/#primaryimage"},"thumbnailUrl":"https:\/\/www.alquera.com\/wp-content\/uploads\/2017\/12\/rodaminab_2.jpg","datePublished":"2017-12-03T12:07:21+00:00","dateModified":"2026-04-15T11:37:11+00:00","description":"EXP\u00c9DITION EN 24\/48H - Acheter Rodamine B, utilis\u00e9 dans l\u2019hydrologie pour la mesure des flux. Couleur Acid Red.","breadcrumb":{"@id":"https:\/\/www.alquera.com\/rodamina-b\/#breadcrumb"},"inLanguage":"fr-FR","potentialAction":[{"@type":"ReadAction","target":["https:\/\/www.alquera.com\/rodamina-b\/"]}]},{"@type":"ImageObject","inLanguage":"fr-FR","@id":"https:\/\/www.alquera.com\/rodamina-b\/#primaryimage","url":"https:\/\/www.alquera.com\/wp-content\/uploads\/2017\/12\/rodaminab_2.jpg","contentUrl":"https:\/\/www.alquera.com\/wp-content\/uploads\/2017\/12\/rodaminab_2.jpg","width":713,"height":600,"caption":"rodamina b"},{"@type":"BreadcrumbList","@id":"https:\/\/www.alquera.com\/rodamina-b\/#breadcrumb","itemListElement":[{"@type":"ListItem","position":1,"name":"Inicio","item":"https:\/\/www.alquera.com\/"},{"@type":"ListItem","position":2,"name":"Alquera.com: Tienda Online de Productos Qu\u00edmicos y Material de Laboratorio","item":"https:\/\/www.alquera.com\/en\/tienda\/"},{"@type":"ListItem","position":3,"name":"Rodamina B en Polvo"}]},{"@type":"WebSite","@id":"https:\/\/www.alquera.com\/en\/#website","url":"https:\/\/www.alquera.com\/en\/","name":"Alquera.com","description":"Boutique en ligne Produits chimiques et \u00e9quipements de laboratoire","publisher":{"@id":"https:\/\/www.alquera.com\/en\/#organization"},"potentialAction":[{"@type":"SearchAction","target":{"@type":"EntryPoint","urlTemplate":"https:\/\/www.alquera.com\/en\/?s={search_term_string}"},"query-input":{"@type":"PropertyValueSpecification","valueRequired":true,"valueName":"search_term_string"}}],"inLanguage":"fr-FR"},{"@type":"Organization","@id":"https:\/\/www.alquera.com\/en\/#organization","name":"ALQUERA CIENCIA SL","url":"https:\/\/www.alquera.com\/en\/","logo":{"@type":"ImageObject","inLanguage":"fr-FR","@id":"https:\/\/www.alquera.com\/en\/#\/schema\/logo\/image\/","url":"https:\/\/www.alquera.com\/wp-content\/uploads\/2020\/11\/logo_300_ancho.png","contentUrl":"https:\/\/www.alquera.com\/wp-content\/uploads\/2020\/11\/logo_300_ancho.png","width":300,"height":86,"caption":"ALQUERA CIENCIA SL"},"image":{"@id":"https:\/\/www.alquera.com\/en\/#\/schema\/logo\/image\/"},"sameAs":["https:\/\/www.facebook.com\/alqueraciencia","https:\/\/www.instagram.com\/alquera_ciencia\/","https:\/\/www.youtube.com\/c\/alquera"]}]},"og_availability":"instock","product_availability":"instock","product_condition":"new"},"_links":{"self":[{"href":"https:\/\/www.alquera.com\/fr\/wp-json\/wp\/v2\/product\/1054","targetHints":{"allow":["GET"]}}],"collection":[{"href":"https:\/\/www.alquera.com\/fr\/wp-json\/wp\/v2\/product"}],"about":[{"href":"https:\/\/www.alquera.com\/fr\/wp-json\/wp\/v2\/types\/product"}],"replies":[{"embeddable":true,"href":"https:\/\/www.alquera.com\/fr\/wp-json\/wp\/v2\/comments?post=1054"}],"wp:featuredmedia":[{"embeddable":true,"href":"https:\/\/www.alquera.com\/fr\/wp-json\/wp\/v2\/media\/10312"}],"wp:attachment":[{"href":"https:\/\/www.alquera.com\/fr\/wp-json\/wp\/v2\/media?parent=1054"}],"wp:term":[{"taxonomy":"product_brand","embeddable":true,"href":"https:\/\/www.alquera.com\/fr\/wp-json\/wp\/v2\/product_brand?post=1054"},{"taxonomy":"product_cat","embeddable":true,"href":"https:\/\/www.alquera.com\/fr\/wp-json\/wp\/v2\/product_cat?post=1054"},{"taxonomy":"product_tag","embeddable":true,"href":"https:\/\/www.alquera.com\/fr\/wp-json\/wp\/v2\/product_tag?post=1054"}],"curies":[{"name":"wp","href":"https:\/\/api.w.org\/{rel}","templated":true}]}}