{"id":1056,"date":"2017-12-03T12:15:10","date_gmt":"2017-12-03T12:15:10","guid":{"rendered":"http:\/\/localhost\/alquera\/productos\/producto\/brilliant-blue-fcf-granular-200-gramos\/"},"modified":"2026-04-30T11:38:56","modified_gmt":"2026-04-30T11:38:56","slug":"brilliant-blue-fcf-granular","status":"publish","type":"product","link":"https:\/\/www.alquera.com\/fr\/brilliant-blue-fcf-granular\/","title":{"rendered":"Bleu brillant FCF"},"content":{"rendered":"<p>Les <a href=\"https:\/\/www.alquera.com\/fr\/trazadores-fluorescentes\/\">traceurs fluorescents<\/a> sont de plus en plus utilis\u00e9s dans le domaine de l\u2019hydrologie. Le Brilliant Blue FCF Granulaire n\u2019est pas un traceur fluorescent, mais pour de nombreuses applications de contr\u00f4le de flux, il est tr\u00e8s valable car il est tr\u00e8s visible et cr\u00e9e beaucoup de contraste \u00e0 l\u2019\u0153il nu. C\u2019est un colorant utilis\u00e9 \u00e9galement en cosm\u00e9tique et pour la coloration dans l\u2019alimentation<\/p>\n<h2>IDENTIFICATION ET PROPI\u00c9T\u00c9S<\/h2>\n<p><strong>Nom:<\/strong> Brilliant Blue FCF Granulaire<br \/>\n<strong>Synonyme:<\/strong> Sulfacid brilliant blue 5 J, Atracid blue FG<br \/>\n<strong>CAS:<\/strong> 3844-45-9<br \/>\n<strong>CE:\u00a0<\/strong>223-339-8<\/p>\n<ul>\n<li>Aspect 20\u00baC: Solide<\/li>\n<li>Aspect : Poudreux<\/li>\n<li>Couleur: Bleu<\/li>\n<li>Odeur: Sans odeur<\/li>\n<li>Densit\u00e9 a 20\u00baC: 1000 kg\/m3<\/li>\n<li>pH : 4-10 (\u00e0 1%)<\/li>\n<li>Point de fusion\/ point de cong\u00e9lation: 283 \u00baC<\/li>\n<li>Point d'\u00e9clair : &gt;2000\u00baC<\/li>\n<\/ul>\n<h2>USAGES<\/h2>\n<ul>\n<li>Colorant T\u00e9xtil<\/li>\n<li>Utilisation exclusive utilisateur professionel\/ utilisateur industriel<\/li>\n<\/ul>\n<h2><\/h2>","protected":false},"excerpt":{"rendered":"<p>Acheter Brilliant Blue FCF Granulaire dans sachets de 20G, 200g et  jusqu'\u00e0  1Kg. Le prix des diff\u00e9rents formats de Brilliant Blue  vous pouvez le voir en s\u00e9lectionnant le format que vous souhaitez. La commande se r\u00e9alise directement par la web et vous devez suivre les \u00e9tapes indiqu\u00e9es. L'envoie se fait par UPS et vous le recevrez dans 4-5 jours.<\/p>","protected":false},"featured_media":8693,"comment_status":"open","ping_status":"closed","template":"","meta":{"_acf_changed":false,"site-sidebar-layout":"default","site-content-layout":"default","ast-site-content-layout":"default","site-content-style":"default","site-sidebar-style":"default","ast-global-header-display":"","ast-banner-title-visibility":"","ast-main-header-display":"","ast-hfb-above-header-display":"","ast-hfb-below-header-display":"","ast-hfb-mobile-header-display":"","site-post-title":"","ast-breadcrumbs-content":"","ast-featured-img":"","footer-sml-layout":"","ast-disable-related-posts":"","theme-transparent-header-meta":"default","adv-header-id-meta":"","stick-header-meta":"default","header-above-stick-meta":"","header-main-stick-meta":"","header-below-stick-meta":"","astra-migrate-meta-layouts":"default","ast-page-background-enabled":"default","ast-page-background-meta":{"desktop":{"background-color":"var(--ast-global-color-4)","background-image":"","background-repeat":"repeat","background-position":"center center","background-size":"auto","background-attachment":"scroll","background-type":"","background-media":"","overlay-type":"","overlay-color":"","overlay-opacity":"","overlay-gradient":""},"tablet":{"background-color":"","background-image":"","background-repeat":"repeat","background-position":"center center","background-size":"auto","background-attachment":"scroll","background-type":"","background-media":"","overlay-type":"","overlay-color":"","overlay-opacity":"","overlay-gradient":""},"mobile":{"background-color":"","background-image":"","background-repeat":"repeat","background-position":"center center","background-size":"auto","background-attachment":"scroll","background-type":"","background-media":"","overlay-type":"","overlay-color":"","overlay-opacity":"","overlay-gradient":""}},"ast-content-background-meta":{"desktop":{"background-color":"var(--ast-global-color-5)","background-image":"","background-repeat":"repeat","background-position":"center center","background-size":"auto","background-attachment":"scroll","background-type":"","background-media":"","overlay-type":"","overlay-color":"","overlay-opacity":"","overlay-gradient":""},"tablet":{"background-color":"var(--ast-global-color-5)","background-image":"","background-repeat":"repeat","background-position":"center center","background-size":"auto","background-attachment":"scroll","background-type":"","background-media":"","overlay-type":"","overlay-color":"","overlay-opacity":"","overlay-gradient":""},"mobile":{"background-color":"var(--ast-global-color-5)","background-image":"","background-repeat":"repeat","background-position":"center center","background-size":"auto","background-attachment":"scroll","background-type":"","background-media":"","overlay-type":"","overlay-color":"","overlay-opacity":"","overlay-gradient":""}}},"product_brand":[],"product_cat":[358,359,215],"product_tag":[],"class_list":{"0":"post-1056","1":"product","2":"type-product","3":"status-publish","4":"has-post-thumbnail","6":"product_cat-colorantes-alimentarios","7":"product_cat-colorantes-solubles-agua","8":"product_cat-trazadores-fluorescentes","9":"pa_cantidad-20g","10":"pa_cantidad-200g","11":"pa_cantidad-1kg","12":"desktop-align-left","13":"tablet-align-left","14":"mobile-align-left","15":"ast-product-gallery-layout-horizontal-slider","16":"ast-product-gallery-with-no-image","17":"ast-magnify-disabled","18":"ast-product-single-variable","19":"ast-product-tabs-layout-horizontal","20":"ast-qv-on-image","22":"first","23":"instock","24":"taxable","25":"shipping-taxable","26":"purchasable","27":"product-type-variable","28":"has-default-attributes"},"acf":[],"yoast_head":"<!-- This site is optimized with the Yoast SEO Premium plugin v27.1 (Yoast SEO v27.1.1) - https:\/\/yoast.com\/product\/yoast-seo-premium-wordpress\/ -->\n<title>Azul Brillante - Brilliant Blue FCF - Comprar Online - Alquera.com<\/title>\n<meta name=\"description\" content=\"Comprar Azul Brillante, Briliant Blue, colorante alimentario y trazador de color azul para control de flujo y para aplicaciones de detecci\u00f3n de fugas\" \/>\n<meta name=\"robots\" content=\"index, follow, max-snippet:-1, max-image-preview:large, max-video-preview:-1\" \/>\n<link rel=\"canonical\" href=\"https:\/\/www.alquera.com\/fr\/brilliant-blue-fcf-granular\/\" \/>\n<meta property=\"og:locale\" content=\"fr_FR\" \/>\n<meta property=\"og:type\" content=\"article\" \/>\n<meta property=\"og:title\" content=\"Azul Brillante - Brilliant Blue FCF: Comprar Online - Alquera.com\" \/>\n<meta property=\"og:description\" content=\"Comprar Azul Brillante, Briliant Blue, colorante alimentario y trazador de color azul para control de flujo y para aplicaciones de detecci\u00f3n de fugas\" \/>\n<meta property=\"og:url\" content=\"https:\/\/www.alquera.com\/fr\/brilliant-blue-fcf-granular\/\" \/>\n<meta property=\"og:site_name\" content=\"Alquera.com\" \/>\n<meta property=\"article:publisher\" content=\"https:\/\/www.facebook.com\/alqueraciencia\" \/>\n<meta property=\"article:modified_time\" content=\"2026-04-30T11:38:56+00:00\" \/>\n<meta property=\"og:image\" content=\"https:\/\/www.alquera.com\/wp-content\/uploads\/2017\/12\/AZUL-BRILLANTE.jpg\" \/>\n\t<meta property=\"og:image:width\" content=\"800\" \/>\n\t<meta property=\"og:image:height\" content=\"800\" \/>\n\t<meta property=\"og:image:type\" content=\"image\/jpeg\" \/>\n<meta name=\"twitter:card\" content=\"summary_large_image\" \/>\n<meta name=\"twitter:label1\" content=\"Disponibilit\u00e9\" \/>\n\t<meta name=\"twitter:data1\" content=\"En stock\" \/>\n<script type=\"application\/ld+json\" class=\"yoast-schema-graph\">{\"@context\":\"https:\/\/schema.org\",\"@graph\":[{\"@type\":[\"WebPage\",\"ItemPage\"],\"@id\":\"https:\/\/www.alquera.com\/brilliant-blue-fcf-granular\/\",\"url\":\"https:\/\/www.alquera.com\/brilliant-blue-fcf-granular\/\",\"name\":\"Azul Brillante - Brilliant Blue FCF - Comprar Online - Alquera.com\",\"isPartOf\":{\"@id\":\"https:\/\/www.alquera.com\/en\/#website\"},\"primaryImageOfPage\":{\"@id\":\"https:\/\/www.alquera.com\/brilliant-blue-fcf-granular\/#primaryimage\"},\"image\":{\"@id\":\"https:\/\/www.alquera.com\/brilliant-blue-fcf-granular\/#primaryimage\"},\"thumbnailUrl\":\"https:\/\/www.alquera.com\/wp-content\/uploads\/2017\/12\/AZUL-BRILLANTE.jpg\",\"datePublished\":\"2017-12-03T12:15:10+00:00\",\"dateModified\":\"2026-04-30T11:38:56+00:00\",\"description\":\"Comprar Azul Brillante, Briliant Blue, colorante alimentario y trazador de color azul para control de flujo y para aplicaciones de detecci\u00f3n de fugas\",\"breadcrumb\":{\"@id\":\"https:\/\/www.alquera.com\/brilliant-blue-fcf-granular\/#breadcrumb\"},\"inLanguage\":\"fr-FR\",\"potentialAction\":[{\"@type\":\"ReadAction\",\"target\":[\"https:\/\/www.alquera.com\/brilliant-blue-fcf-granular\/\"]}]},{\"@type\":\"ImageObject\",\"inLanguage\":\"fr-FR\",\"@id\":\"https:\/\/www.alquera.com\/brilliant-blue-fcf-granular\/#primaryimage\",\"url\":\"https:\/\/www.alquera.com\/wp-content\/uploads\/2017\/12\/AZUL-BRILLANTE.jpg\",\"contentUrl\":\"https:\/\/www.alquera.com\/wp-content\/uploads\/2017\/12\/AZUL-BRILLANTE.jpg\",\"width\":800,\"height\":800,\"caption\":\"Brilliant blue FCF Granular\"},{\"@type\":\"BreadcrumbList\",\"@id\":\"https:\/\/www.alquera.com\/brilliant-blue-fcf-granular\/#breadcrumb\",\"itemListElement\":[{\"@type\":\"ListItem\",\"position\":1,\"name\":\"Inicio\",\"item\":\"https:\/\/www.alquera.com\/\"},{\"@type\":\"ListItem\",\"position\":2,\"name\":\"Alquera.com: Tienda Online de Productos Qu\u00edmicos y Material de Laboratorio\",\"item\":\"https:\/\/www.alquera.com\/en\/tienda\/\"},{\"@type\":\"ListItem\",\"position\":3,\"name\":\"Azul Brillante &#8211; Brilliant Blue FCF\"}]},{\"@type\":\"WebSite\",\"@id\":\"https:\/\/www.alquera.com\/en\/#website\",\"url\":\"https:\/\/www.alquera.com\/en\/\",\"name\":\"Alquera.com\",\"description\":\"Tienda Online Productos Qu\u00edmicos y Material de Laboratorio\",\"publisher\":{\"@id\":\"https:\/\/www.alquera.com\/en\/#organization\"},\"potentialAction\":[{\"@type\":\"SearchAction\",\"target\":{\"@type\":\"EntryPoint\",\"urlTemplate\":\"https:\/\/www.alquera.com\/en\/?s={search_term_string}\"},\"query-input\":{\"@type\":\"PropertyValueSpecification\",\"valueRequired\":true,\"valueName\":\"search_term_string\"}}],\"inLanguage\":\"fr-FR\"},{\"@type\":\"Organization\",\"@id\":\"https:\/\/www.alquera.com\/en\/#organization\",\"name\":\"ALQUERA CIENCIA SL\",\"url\":\"https:\/\/www.alquera.com\/en\/\",\"logo\":{\"@type\":\"ImageObject\",\"inLanguage\":\"fr-FR\",\"@id\":\"https:\/\/www.alquera.com\/en\/#\/schema\/logo\/image\/\",\"url\":\"https:\/\/www.alquera.com\/wp-content\/uploads\/2020\/11\/logo_300_ancho.png\",\"contentUrl\":\"https:\/\/www.alquera.com\/wp-content\/uploads\/2020\/11\/logo_300_ancho.png\",\"width\":300,\"height\":86,\"caption\":\"ALQUERA CIENCIA SL\"},\"image\":{\"@id\":\"https:\/\/www.alquera.com\/en\/#\/schema\/logo\/image\/\"},\"sameAs\":[\"https:\/\/www.facebook.com\/alqueraciencia\",\"https:\/\/www.instagram.com\/alquera_ciencia\/\",\"https:\/\/www.youtube.com\/c\/alquera\"]}]}<\/script>\n<meta property=\"og:availability\" content=\"instock\" \/>\n<meta property=\"product:availability\" content=\"instock\" \/>\n<meta property=\"product:condition\" content=\"new\" \/>\n<!-- \/ Yoast SEO Premium plugin. -->","yoast_head_json":{"title":"Brilliant Blue - Brilliant Blue FCF - Achat en ligne - Alquera.com","description":"Acheter Briliant Blue, colorant alimentaire et traceur bleu pour les applications de contr\u00f4le des flux et de d\u00e9tection des fuites.","robots":{"index":"index","follow":"follow","max-snippet":"max-snippet:-1","max-image-preview":"max-image-preview:large","max-video-preview":"max-video-preview:-1"},"canonical":"https:\/\/www.alquera.com\/fr\/brilliant-blue-fcf-granular\/","og_locale":"fr_FR","og_type":"article","og_title":"Azul Brillante - Brilliant Blue FCF: Comprar Online - Alquera.com","og_description":"Comprar Azul Brillante, Briliant Blue, colorante alimentario y trazador de color azul para control de flujo y para aplicaciones de detecci\u00f3n de fugas","og_url":"https:\/\/www.alquera.com\/fr\/brilliant-blue-fcf-granular\/","og_site_name":"Alquera.com","article_publisher":"https:\/\/www.facebook.com\/alqueraciencia","article_modified_time":"2026-04-30T11:38:56+00:00","og_image":[{"width":800,"height":800,"url":"https:\/\/www.alquera.com\/wp-content\/uploads\/2017\/12\/AZUL-BRILLANTE.jpg","type":"image\/jpeg"}],"twitter_card":"summary_large_image","twitter_misc":{"Disponibilit\u00e9":"En stock"},"schema":{"@context":"https:\/\/schema.org","@graph":[{"@type":["WebPage","ItemPage"],"@id":"https:\/\/www.alquera.com\/brilliant-blue-fcf-granular\/","url":"https:\/\/www.alquera.com\/brilliant-blue-fcf-granular\/","name":"Brilliant Blue - Brilliant Blue FCF - Achat en ligne - Alquera.com","isPartOf":{"@id":"https:\/\/www.alquera.com\/en\/#website"},"primaryImageOfPage":{"@id":"https:\/\/www.alquera.com\/brilliant-blue-fcf-granular\/#primaryimage"},"image":{"@id":"https:\/\/www.alquera.com\/brilliant-blue-fcf-granular\/#primaryimage"},"thumbnailUrl":"https:\/\/www.alquera.com\/wp-content\/uploads\/2017\/12\/AZUL-BRILLANTE.jpg","datePublished":"2017-12-03T12:15:10+00:00","dateModified":"2026-04-30T11:38:56+00:00","description":"Acheter Briliant Blue, colorant alimentaire et traceur bleu pour les applications de contr\u00f4le des flux et de d\u00e9tection des fuites.","breadcrumb":{"@id":"https:\/\/www.alquera.com\/brilliant-blue-fcf-granular\/#breadcrumb"},"inLanguage":"fr-FR","potentialAction":[{"@type":"ReadAction","target":["https:\/\/www.alquera.com\/brilliant-blue-fcf-granular\/"]}]},{"@type":"ImageObject","inLanguage":"fr-FR","@id":"https:\/\/www.alquera.com\/brilliant-blue-fcf-granular\/#primaryimage","url":"https:\/\/www.alquera.com\/wp-content\/uploads\/2017\/12\/AZUL-BRILLANTE.jpg","contentUrl":"https:\/\/www.alquera.com\/wp-content\/uploads\/2017\/12\/AZUL-BRILLANTE.jpg","width":800,"height":800,"caption":"Brilliant blue FCF Granular"},{"@type":"BreadcrumbList","@id":"https:\/\/www.alquera.com\/brilliant-blue-fcf-granular\/#breadcrumb","itemListElement":[{"@type":"ListItem","position":1,"name":"Inicio","item":"https:\/\/www.alquera.com\/"},{"@type":"ListItem","position":2,"name":"Alquera.com: Tienda Online de Productos Qu\u00edmicos y Material de Laboratorio","item":"https:\/\/www.alquera.com\/en\/tienda\/"},{"@type":"ListItem","position":3,"name":"Azul Brillante &#8211; Brilliant Blue FCF"}]},{"@type":"WebSite","@id":"https:\/\/www.alquera.com\/en\/#website","url":"https:\/\/www.alquera.com\/en\/","name":"Alquera.com","description":"Boutique en ligne Produits chimiques et \u00e9quipements de laboratoire","publisher":{"@id":"https:\/\/www.alquera.com\/en\/#organization"},"potentialAction":[{"@type":"SearchAction","target":{"@type":"EntryPoint","urlTemplate":"https:\/\/www.alquera.com\/en\/?s={search_term_string}"},"query-input":{"@type":"PropertyValueSpecification","valueRequired":true,"valueName":"search_term_string"}}],"inLanguage":"fr-FR"},{"@type":"Organization","@id":"https:\/\/www.alquera.com\/en\/#organization","name":"ALQUERA CIENCIA SL","url":"https:\/\/www.alquera.com\/en\/","logo":{"@type":"ImageObject","inLanguage":"fr-FR","@id":"https:\/\/www.alquera.com\/en\/#\/schema\/logo\/image\/","url":"https:\/\/www.alquera.com\/wp-content\/uploads\/2020\/11\/logo_300_ancho.png","contentUrl":"https:\/\/www.alquera.com\/wp-content\/uploads\/2020\/11\/logo_300_ancho.png","width":300,"height":86,"caption":"ALQUERA CIENCIA SL"},"image":{"@id":"https:\/\/www.alquera.com\/en\/#\/schema\/logo\/image\/"},"sameAs":["https:\/\/www.facebook.com\/alqueraciencia","https:\/\/www.instagram.com\/alquera_ciencia\/","https:\/\/www.youtube.com\/c\/alquera"]}]},"og_availability":"instock","product_availability":"instock","product_condition":"new"},"_links":{"self":[{"href":"https:\/\/www.alquera.com\/fr\/wp-json\/wp\/v2\/product\/1056","targetHints":{"allow":["GET"]}}],"collection":[{"href":"https:\/\/www.alquera.com\/fr\/wp-json\/wp\/v2\/product"}],"about":[{"href":"https:\/\/www.alquera.com\/fr\/wp-json\/wp\/v2\/types\/product"}],"replies":[{"embeddable":true,"href":"https:\/\/www.alquera.com\/fr\/wp-json\/wp\/v2\/comments?post=1056"}],"wp:featuredmedia":[{"embeddable":true,"href":"https:\/\/www.alquera.com\/fr\/wp-json\/wp\/v2\/media\/8693"}],"wp:attachment":[{"href":"https:\/\/www.alquera.com\/fr\/wp-json\/wp\/v2\/media?parent=1056"}],"wp:term":[{"taxonomy":"product_brand","embeddable":true,"href":"https:\/\/www.alquera.com\/fr\/wp-json\/wp\/v2\/product_brand?post=1056"},{"taxonomy":"product_cat","embeddable":true,"href":"https:\/\/www.alquera.com\/fr\/wp-json\/wp\/v2\/product_cat?post=1056"},{"taxonomy":"product_tag","embeddable":true,"href":"https:\/\/www.alquera.com\/fr\/wp-json\/wp\/v2\/product_tag?post=1056"}],"curies":[{"name":"wp","href":"https:\/\/api.w.org\/{rel}","templated":true}]}}