{"id":1205,"date":"2018-03-14T08:58:28","date_gmt":"2018-03-14T08:58:28","guid":{"rendered":"http:\/\/localhost\/alquera\/productos\/producto\/fluoresceina-sodica-5kg\/"},"modified":"2026-04-28T10:29:55","modified_gmt":"2026-04-28T10:29:55","slug":"fluoresceina-sodica","status":"publish","type":"product","link":"https:\/\/www.alquera.com\/fr\/fluoresceina-sodica\/","title":{"rendered":"Fluoresc\u00e9ine Sodique en Poudre"},"content":{"rendered":"<p>La fluoresc\u00e9ine est une substance colorante organique hydrosoluble qui, dans les solutions \u00e0 pH sup\u00e9rieur \u00e0 7, produit une couleur fluorescente vert intense. La fluoresc\u00e9ine sodique est tr\u00e8s visible \u00e0 l\u2019\u0153il nu avec une couleur vert intense, et \u00e9met <a href=\"https:\/\/www.alquera.com\/fr\/fluoresceina-sodica\/fluorescencia\/\" target=\"_blank\" rel=\"noopener noreferrer\">fluorescence<\/a> lorsqu\u2019il est \u00e9clair\u00e9 par la lumi\u00e8re ultraviolette.<\/p>\n<p>Vous pouvez \u00e9galement avoir <a href=\"https:\/\/www.alquera.com\/fr\/fluoresceina-sodica-al-1\/\">fluoresc\u00e9ine sodique d\u00e9j\u00e0 dissoute \u00e0 1%<\/a><\/p>\n<h2>IDENTIFICATION ET PROPI\u00c9T\u00c9S<\/h2>\n<p><strong>Nom:<\/strong> Fluoresc\u00e9ine Sodique<br \/>\n<strong>Synonyme:<\/strong> Jaune d'acide fluor\u00e9 73, C.I. 45350, <span id=\"productTitle\" class=\"a-size-large product-title-word-break\">Uranine.<br \/>\n<\/span><strong>CAS:<\/strong> 518-47-8<br \/>\n<strong>CE:<\/strong> 219-031-8<\/p>\n<ul>\n<li>Aspect 20\u00baC: Solide<\/li>\n<li>Couleur: Jaune<\/li>\n<li>Odeur: Sans odeur<\/li>\n<li>Presion de vapeur au 50\u00baC: &lt;300000 Pa (300kPa)<\/li>\n<li>pH : 4-10<\/li>\n<li>Propri\u00e9t\u00e9 en solubilit\u00e9\u00a0: Soluble dans l\u2019eau<\/li>\n<li>Point d'inflammation: &gt;200\u00baC<\/li>\n<\/ul>\n<h2>USAGES<\/h2>\n<ul>\n<li>Colorant textile<\/li>\n<li>Utilisation exclusive utilisateur professionel\/ utilisateur industriel<\/li>\n<\/ul>","protected":false},"excerpt":{"rendered":"<p>Achetez de la fluoresc\u00e9ine sodique en formats 20g, 200g et 1kg. Le prix des diff\u00e9rents formats de fluoresc\u00e9ine est indiqu\u00e9 lorsque vous s\u00e9lectionnez le format souhait\u00e9. La commande est effectu\u00e9e directement sur le Web en suivant les \u00e9tapes indiqu\u00e9es, et la livraison est effectu\u00e9e en 24\/48 heures.<\/p>","protected":false},"featured_media":8674,"comment_status":"open","ping_status":"closed","template":"","meta":{"_acf_changed":false,"site-sidebar-layout":"default","site-content-layout":"default","ast-site-content-layout":"default","site-content-style":"default","site-sidebar-style":"default","ast-global-header-display":"","ast-banner-title-visibility":"","ast-main-header-display":"","ast-hfb-above-header-display":"","ast-hfb-below-header-display":"","ast-hfb-mobile-header-display":"","site-post-title":"","ast-breadcrumbs-content":"","ast-featured-img":"","footer-sml-layout":"","ast-disable-related-posts":"","theme-transparent-header-meta":"default","adv-header-id-meta":"","stick-header-meta":"default","header-above-stick-meta":"","header-main-stick-meta":"","header-below-stick-meta":"","astra-migrate-meta-layouts":"set","ast-page-background-enabled":"default","ast-page-background-meta":{"desktop":{"background-color":"var(--ast-global-color-4)","background-image":"","background-repeat":"repeat","background-position":"center center","background-size":"auto","background-attachment":"scroll","background-type":"","background-media":"","overlay-type":"","overlay-color":"","overlay-opacity":"","overlay-gradient":""},"tablet":{"background-color":"","background-image":"","background-repeat":"repeat","background-position":"center center","background-size":"auto","background-attachment":"scroll","background-type":"","background-media":"","overlay-type":"","overlay-color":"","overlay-opacity":"","overlay-gradient":""},"mobile":{"background-color":"","background-image":"","background-repeat":"repeat","background-position":"center center","background-size":"auto","background-attachment":"scroll","background-type":"","background-media":"","overlay-type":"","overlay-color":"","overlay-opacity":"","overlay-gradient":""}},"ast-content-background-meta":{"desktop":{"background-color":"var(--ast-global-color-5)","background-image":"","background-repeat":"repeat","background-position":"center center","background-size":"auto","background-attachment":"scroll","background-type":"","background-media":"","overlay-type":"","overlay-color":"","overlay-opacity":"","overlay-gradient":""},"tablet":{"background-color":"var(--ast-global-color-5)","background-image":"","background-repeat":"repeat","background-position":"center center","background-size":"auto","background-attachment":"scroll","background-type":"","background-media":"","overlay-type":"","overlay-color":"","overlay-opacity":"","overlay-gradient":""},"mobile":{"background-color":"var(--ast-global-color-5)","background-image":"","background-repeat":"repeat","background-position":"center center","background-size":"auto","background-attachment":"scroll","background-type":"","background-media":"","overlay-type":"","overlay-color":"","overlay-opacity":"","overlay-gradient":""}}},"product_brand":[],"product_cat":[215],"product_tag":[],"class_list":{"0":"post-1205","1":"product","2":"type-product","3":"status-publish","4":"has-post-thumbnail","6":"product_cat-trazadores-fluorescentes","7":"pa_cantidad-20g","8":"pa_cantidad-200g","9":"pa_cantidad-1kg","10":"pa_cantidad-5kg","11":"desktop-align-left","12":"tablet-align-left","13":"mobile-align-left","14":"ast-product-gallery-layout-horizontal-slider","15":"ast-magnify-disabled","16":"ast-product-single-variable","17":"ast-product-tabs-layout-horizontal","18":"ast-qv-on-image","20":"first","21":"instock","22":"taxable","23":"shipping-taxable","24":"purchasable","25":"product-type-variable","26":"has-default-attributes"},"acf":[],"yoast_head":"<!-- This site is optimized with the Yoast SEO Premium plugin v27.1 (Yoast SEO v27.1.1) - https:\/\/yoast.com\/product\/yoast-seo-premium-wordpress\/ -->\n<title>Fluoresce\u00edna S\u00f3dica en Polvo - Comprar Online - Alquera.com<\/title>\n<meta name=\"description\" content=\"ENVIOS EN 24\/48H - Comprar Fluoresce\u00edna S\u00f3dica o de sodio, 20, 200 gramos o 1Kg en Alquera. Fluorescencia, usos en hidrolog\u00eda.\" \/>\n<meta name=\"robots\" content=\"index, follow, max-snippet:-1, max-image-preview:large, max-video-preview:-1\" \/>\n<link rel=\"canonical\" href=\"https:\/\/www.alquera.com\/fr\/fluoresceina-sodica\/\" \/>\n<meta property=\"og:locale\" content=\"fr_FR\" \/>\n<meta property=\"og:type\" content=\"article\" \/>\n<meta property=\"og:title\" content=\"Fluoresce\u00edna S\u00f3dica en Polvo: Comprar Online - Alquera.com\" \/>\n<meta property=\"og:description\" content=\"ENVIOS EN 24\/48H - Comprar Fluoresce\u00edna S\u00f3dica o de sodio, 20, 200 gramos o 1Kg en Alquera. Fluorescencia, usos en hidrolog\u00eda.\" \/>\n<meta property=\"og:url\" content=\"https:\/\/www.alquera.com\/fr\/fluoresceina-sodica\/\" \/>\n<meta property=\"og:site_name\" content=\"Alquera.com\" \/>\n<meta property=\"article:publisher\" content=\"https:\/\/www.facebook.com\/alqueraciencia\" \/>\n<meta property=\"article:modified_time\" content=\"2026-04-28T10:29:55+00:00\" \/>\n<meta property=\"og:image\" content=\"https:\/\/www.alquera.com\/wp-content\/uploads\/2018\/03\/fluoresceina-sodica-2.jpg\" \/>\n\t<meta property=\"og:image:width\" content=\"800\" \/>\n\t<meta property=\"og:image:height\" content=\"727\" \/>\n\t<meta property=\"og:image:type\" content=\"image\/jpeg\" \/>\n<meta name=\"twitter:card\" content=\"summary_large_image\" \/>\n<meta name=\"twitter:label1\" content=\"Disponibilit\u00e9\" \/>\n\t<meta name=\"twitter:data1\" content=\"En stock\" \/>\n<script type=\"application\/ld+json\" class=\"yoast-schema-graph\">{\"@context\":\"https:\/\/schema.org\",\"@graph\":[{\"@type\":[\"WebPage\",\"ItemPage\"],\"@id\":\"https:\/\/www.alquera.com\/fluoresceina-sodica\/\",\"url\":\"https:\/\/www.alquera.com\/fluoresceina-sodica\/\",\"name\":\"Fluoresce\u00edna S\u00f3dica en Polvo - Comprar Online - Alquera.com\",\"isPartOf\":{\"@id\":\"https:\/\/www.alquera.com\/en\/#website\"},\"primaryImageOfPage\":{\"@id\":\"https:\/\/www.alquera.com\/fluoresceina-sodica\/#primaryimage\"},\"image\":{\"@id\":\"https:\/\/www.alquera.com\/fluoresceina-sodica\/#primaryimage\"},\"thumbnailUrl\":\"https:\/\/www.alquera.com\/wp-content\/uploads\/2018\/03\/fluoresceina-sodica-2.jpg\",\"datePublished\":\"2018-03-14T08:58:28+00:00\",\"dateModified\":\"2026-04-28T10:29:55+00:00\",\"description\":\"ENVIOS EN 24\/48H - Comprar Fluoresce\u00edna S\u00f3dica o de sodio, 20, 200 gramos o 1Kg en Alquera. Fluorescencia, usos en hidrolog\u00eda.\",\"breadcrumb\":{\"@id\":\"https:\/\/www.alquera.com\/fluoresceina-sodica\/#breadcrumb\"},\"inLanguage\":\"fr-FR\",\"potentialAction\":[{\"@type\":\"ReadAction\",\"target\":[\"https:\/\/www.alquera.com\/fluoresceina-sodica\/\"]}]},{\"@type\":\"ImageObject\",\"inLanguage\":\"fr-FR\",\"@id\":\"https:\/\/www.alquera.com\/fluoresceina-sodica\/#primaryimage\",\"url\":\"https:\/\/www.alquera.com\/wp-content\/uploads\/2018\/03\/fluoresceina-sodica-2.jpg\",\"contentUrl\":\"https:\/\/www.alquera.com\/wp-content\/uploads\/2018\/03\/fluoresceina-sodica-2.jpg\",\"width\":800,\"height\":727},{\"@type\":\"BreadcrumbList\",\"@id\":\"https:\/\/www.alquera.com\/fluoresceina-sodica\/#breadcrumb\",\"itemListElement\":[{\"@type\":\"ListItem\",\"position\":1,\"name\":\"Inicio\",\"item\":\"https:\/\/www.alquera.com\/\"},{\"@type\":\"ListItem\",\"position\":2,\"name\":\"Alquera.com: Tienda Online de Productos Qu\u00edmicos y Material de Laboratorio\",\"item\":\"https:\/\/www.alquera.com\/en\/tienda\/\"},{\"@type\":\"ListItem\",\"position\":3,\"name\":\"Fluoresce\u00edna S\u00f3dica en Polvo\"}]},{\"@type\":\"WebSite\",\"@id\":\"https:\/\/www.alquera.com\/en\/#website\",\"url\":\"https:\/\/www.alquera.com\/en\/\",\"name\":\"Alquera.com\",\"description\":\"Tienda Online Productos Qu\u00edmicos y Material de Laboratorio\",\"publisher\":{\"@id\":\"https:\/\/www.alquera.com\/en\/#organization\"},\"potentialAction\":[{\"@type\":\"SearchAction\",\"target\":{\"@type\":\"EntryPoint\",\"urlTemplate\":\"https:\/\/www.alquera.com\/en\/?s={search_term_string}\"},\"query-input\":{\"@type\":\"PropertyValueSpecification\",\"valueRequired\":true,\"valueName\":\"search_term_string\"}}],\"inLanguage\":\"fr-FR\"},{\"@type\":\"Organization\",\"@id\":\"https:\/\/www.alquera.com\/en\/#organization\",\"name\":\"ALQUERA CIENCIA SL\",\"url\":\"https:\/\/www.alquera.com\/en\/\",\"logo\":{\"@type\":\"ImageObject\",\"inLanguage\":\"fr-FR\",\"@id\":\"https:\/\/www.alquera.com\/en\/#\/schema\/logo\/image\/\",\"url\":\"https:\/\/www.alquera.com\/wp-content\/uploads\/2020\/11\/logo_300_ancho.png\",\"contentUrl\":\"https:\/\/www.alquera.com\/wp-content\/uploads\/2020\/11\/logo_300_ancho.png\",\"width\":300,\"height\":86,\"caption\":\"ALQUERA CIENCIA SL\"},\"image\":{\"@id\":\"https:\/\/www.alquera.com\/en\/#\/schema\/logo\/image\/\"},\"sameAs\":[\"https:\/\/www.facebook.com\/alqueraciencia\",\"https:\/\/www.instagram.com\/alquera_ciencia\/\",\"https:\/\/www.youtube.com\/c\/alquera\"]}]}<\/script>\n<meta property=\"og:availability\" content=\"instock\" \/>\n<meta property=\"product:availability\" content=\"instock\" \/>\n<meta property=\"product:retailer_item_id\" content=\"AL1000615\" \/>\n<meta property=\"product:condition\" content=\"new\" \/>\n<!-- \/ Yoast SEO Premium plugin. -->","yoast_head_json":{"title":"Fluor\u00e9sc\u00e9ine sodique en poudre - Acheter en ligne - Alquera.com","description":"ENVOIS EN 24\/48H. Acheter Fluoresc\u00e9ine Sodique en Poudre, 20, 200 grammes ou 1 kg \u00e0 Alquera. Fluorescence, utilisations en hydrologie.","robots":{"index":"index","follow":"follow","max-snippet":"max-snippet:-1","max-image-preview":"max-image-preview:large","max-video-preview":"max-video-preview:-1"},"canonical":"https:\/\/www.alquera.com\/fr\/fluoresceina-sodica\/","og_locale":"fr_FR","og_type":"article","og_title":"Fluoresce\u00edna S\u00f3dica en Polvo: Comprar Online - Alquera.com","og_description":"ENVIOS EN 24\/48H - Comprar Fluoresce\u00edna S\u00f3dica o de sodio, 20, 200 gramos o 1Kg en Alquera. Fluorescencia, usos en hidrolog\u00eda.","og_url":"https:\/\/www.alquera.com\/fr\/fluoresceina-sodica\/","og_site_name":"Alquera.com","article_publisher":"https:\/\/www.facebook.com\/alqueraciencia","article_modified_time":"2026-04-28T10:29:55+00:00","og_image":[{"width":800,"height":727,"url":"https:\/\/www.alquera.com\/wp-content\/uploads\/2018\/03\/fluoresceina-sodica-2.jpg","type":"image\/jpeg"}],"twitter_card":"summary_large_image","twitter_misc":{"Disponibilit\u00e9":"En stock"},"schema":{"@context":"https:\/\/schema.org","@graph":[{"@type":["WebPage","ItemPage"],"@id":"https:\/\/www.alquera.com\/fluoresceina-sodica\/","url":"https:\/\/www.alquera.com\/fluoresceina-sodica\/","name":"Fluor\u00e9sc\u00e9ine sodique en poudre - Acheter en ligne - Alquera.com","isPartOf":{"@id":"https:\/\/www.alquera.com\/en\/#website"},"primaryImageOfPage":{"@id":"https:\/\/www.alquera.com\/fluoresceina-sodica\/#primaryimage"},"image":{"@id":"https:\/\/www.alquera.com\/fluoresceina-sodica\/#primaryimage"},"thumbnailUrl":"https:\/\/www.alquera.com\/wp-content\/uploads\/2018\/03\/fluoresceina-sodica-2.jpg","datePublished":"2018-03-14T08:58:28+00:00","dateModified":"2026-04-28T10:29:55+00:00","description":"ENVOIS EN 24\/48H. Acheter Fluoresc\u00e9ine Sodique en Poudre, 20, 200 grammes ou 1 kg \u00e0 Alquera. Fluorescence, utilisations en hydrologie.","breadcrumb":{"@id":"https:\/\/www.alquera.com\/fluoresceina-sodica\/#breadcrumb"},"inLanguage":"fr-FR","potentialAction":[{"@type":"ReadAction","target":["https:\/\/www.alquera.com\/fluoresceina-sodica\/"]}]},{"@type":"ImageObject","inLanguage":"fr-FR","@id":"https:\/\/www.alquera.com\/fluoresceina-sodica\/#primaryimage","url":"https:\/\/www.alquera.com\/wp-content\/uploads\/2018\/03\/fluoresceina-sodica-2.jpg","contentUrl":"https:\/\/www.alquera.com\/wp-content\/uploads\/2018\/03\/fluoresceina-sodica-2.jpg","width":800,"height":727},{"@type":"BreadcrumbList","@id":"https:\/\/www.alquera.com\/fluoresceina-sodica\/#breadcrumb","itemListElement":[{"@type":"ListItem","position":1,"name":"Inicio","item":"https:\/\/www.alquera.com\/"},{"@type":"ListItem","position":2,"name":"Alquera.com: Tienda Online de Productos Qu\u00edmicos y Material de Laboratorio","item":"https:\/\/www.alquera.com\/en\/tienda\/"},{"@type":"ListItem","position":3,"name":"Fluoresce\u00edna S\u00f3dica en Polvo"}]},{"@type":"WebSite","@id":"https:\/\/www.alquera.com\/en\/#website","url":"https:\/\/www.alquera.com\/en\/","name":"Alquera.com","description":"Boutique en ligne Produits chimiques et \u00e9quipements de laboratoire","publisher":{"@id":"https:\/\/www.alquera.com\/en\/#organization"},"potentialAction":[{"@type":"SearchAction","target":{"@type":"EntryPoint","urlTemplate":"https:\/\/www.alquera.com\/en\/?s={search_term_string}"},"query-input":{"@type":"PropertyValueSpecification","valueRequired":true,"valueName":"search_term_string"}}],"inLanguage":"fr-FR"},{"@type":"Organization","@id":"https:\/\/www.alquera.com\/en\/#organization","name":"ALQUERA CIENCIA SL","url":"https:\/\/www.alquera.com\/en\/","logo":{"@type":"ImageObject","inLanguage":"fr-FR","@id":"https:\/\/www.alquera.com\/en\/#\/schema\/logo\/image\/","url":"https:\/\/www.alquera.com\/wp-content\/uploads\/2020\/11\/logo_300_ancho.png","contentUrl":"https:\/\/www.alquera.com\/wp-content\/uploads\/2020\/11\/logo_300_ancho.png","width":300,"height":86,"caption":"ALQUERA CIENCIA SL"},"image":{"@id":"https:\/\/www.alquera.com\/en\/#\/schema\/logo\/image\/"},"sameAs":["https:\/\/www.facebook.com\/alqueraciencia","https:\/\/www.instagram.com\/alquera_ciencia\/","https:\/\/www.youtube.com\/c\/alquera"]}]},"og_availability":"instock","product_availability":"instock","product_retailer_item_id":"AL1000615","product_condition":"new"},"_links":{"self":[{"href":"https:\/\/www.alquera.com\/fr\/wp-json\/wp\/v2\/product\/1205","targetHints":{"allow":["GET"]}}],"collection":[{"href":"https:\/\/www.alquera.com\/fr\/wp-json\/wp\/v2\/product"}],"about":[{"href":"https:\/\/www.alquera.com\/fr\/wp-json\/wp\/v2\/types\/product"}],"replies":[{"embeddable":true,"href":"https:\/\/www.alquera.com\/fr\/wp-json\/wp\/v2\/comments?post=1205"}],"wp:featuredmedia":[{"embeddable":true,"href":"https:\/\/www.alquera.com\/fr\/wp-json\/wp\/v2\/media\/8674"}],"wp:attachment":[{"href":"https:\/\/www.alquera.com\/fr\/wp-json\/wp\/v2\/media?parent=1205"}],"wp:term":[{"taxonomy":"product_brand","embeddable":true,"href":"https:\/\/www.alquera.com\/fr\/wp-json\/wp\/v2\/product_brand?post=1205"},{"taxonomy":"product_cat","embeddable":true,"href":"https:\/\/www.alquera.com\/fr\/wp-json\/wp\/v2\/product_cat?post=1205"},{"taxonomy":"product_tag","embeddable":true,"href":"https:\/\/www.alquera.com\/fr\/wp-json\/wp\/v2\/product_tag?post=1205"}],"curies":[{"name":"wp","href":"https:\/\/api.w.org\/{rel}","templated":true}]}}