{"id":1230,"date":"2019-10-30T08:38:37","date_gmt":"2019-10-30T08:38:37","guid":{"rendered":"http:\/\/localhost\/alquera\/productos\/producto\/bolas-gel-de-poliacrilamida-2\/"},"modified":"2026-02-23T16:11:52","modified_gmt":"2026-02-23T16:11:52","slug":"bolas-gel","status":"publish","type":"product","link":"https:\/\/www.alquera.com\/fr\/bolas-gel\/","title":{"rendered":"Boules de gel - Hydrogel"},"content":{"rendered":"<p><strong>Boules de gel sec, vous pourrez absorber jusqu'\u00e0 100l<\/strong> de l'eau. S\u00e9lectionnez la couleur de votre choix : Transparent, rouge, vert, jaune, orange, bleu. Vous pouvez \u00e9galement choisir la taille des balles.<\/p>\n<ul>\n<li>Avec 100g vous pouvez absorber jusqu\u2019\u00e0 10L d\u2019eau.<\/li>\n<li>Avec 1Kg vous pouvez absorber jusqu\u2019\u00e0 100L d\u2019eau.<\/li>\n<li>S\u00e9lectionnez la couleur : bleu, rouge, vert, jaune, orange, transparent et multicolore.<\/li>\n<\/ul>\n<p>Ces billes, boules de gel, absorbent une grande quantit\u00e9 d\u2019eau, passant de petites billes dures \u00e0 de plus grandes billes g\u00e9latineuses, avec de l\u2019eau \u00e0 l\u2019int\u00e9rieur.<\/p>\n<h2>IDENTIFICATION ET PROPI\u00c9T\u00c9S<\/h2>\n<p><strong>Nom:<\/strong> Boules de Gel, Perles d\u2019Eau, Boules d\u2019Hydrogel<br \/>\n<strong>CAS:<\/strong> 7732-18-5<\/p>\n<ul>\n<li>Forme\u00a0: Granule<\/li>\n<li>Odeur: Sans odeur<\/li>\n<li>Allumage automatique\u00a0: le produit ne s\u2019auto-ingnit pas<\/li>\n<li>Danger d\u2019explosion\u00a0: Le produit ne pr\u00e9sente pas de danger d\u2019explosion<\/li>\n<li>Densit\u00e9: 1.5 g\/cm\u00b3<\/li>\n<\/ul>\n<h2>TAILLES DES BOULES DE GEL<\/h2>\n<p>Nous avons 3 tailles diff\u00e9rentes de boules de gel. Si vous n'\u00eates pas s\u00fbr du choix \u00e0 faire et que vous avez besoin des balles normales, il s'agit des balles suivantes <strong>Moyen (2,5-3mm sec)<\/strong><br \/>\nPetites boules - 1,5-2mm sec - 0,8-1cm boules hydrat\u00e9es<br \/>\nBoules moyennes - 2,5-3mm s\u00e8ches - 1-1,5cm hydrat\u00e9es<br \/>\nGrosses boules - 6-8mm en sec - 3,5-4,5cm en hydrat\u00e9<\/p>\n<p>Dans cette image, vous pouvez voir une comparaison des tailles<\/p>\n<p><img loading=\"lazy\" decoding=\"async\" class=\"alignnone wp-image-40300 size-full\" src=\"https:\/\/www.alquera.com\/wp-content\/uploads\/2019\/10\/bolas-con-medidas_-600px-1.png\" alt=\"bolas con medidas_ 600px\" width=\"800\" height=\"585\" srcset=\"https:\/\/www.alquera.com\/wp-content\/uploads\/2019\/10\/bolas-con-medidas_-600px-1.png 800w, https:\/\/www.alquera.com\/wp-content\/uploads\/2019\/10\/bolas-con-medidas_-600px-1-300x219.png 300w, https:\/\/www.alquera.com\/wp-content\/uploads\/2019\/10\/bolas-con-medidas_-600px-1-1024x749.png 1024w, https:\/\/www.alquera.com\/wp-content\/uploads\/2019\/10\/bolas-con-medidas_-600px-1-768x561.png 768w, https:\/\/www.alquera.com\/wp-content\/uploads\/2019\/10\/bolas-con-medidas_-600px-1-16x12.png 16w, https:\/\/www.alquera.com\/wp-content\/uploads\/2019\/10\/bolas-con-medidas_-600px-1-600x439.png 600w\" sizes=\"auto, (max-width: 800px) 100vw, 800px\" \/><\/p>\n<h2>TEMPS D'ABSORPTION<\/h2>\n<p>Plus la taille est petite, moins il lui faudra de temps pour absorber l'eau. Pour une taille de 1.5-2mm en 2-3h vous pourriez les avoir hydrat\u00e9es, des boules de 2.5-3mm en 4-5h. Pour les boules de 6-8 mm, il faut au moins 10h pour atteindre 30 mm et jusqu'\u00e0 48h pour atteindre 50 mm.<\/p>\n<h2>USAGES<\/h2>\n<p>Ils sont utilis\u00e9s \u00e0 la fois comme une exp\u00e9rience amusante pour les enfants, pour la d\u00e9coration, ainsi que pour le jardinage car une fois qu\u2019ils ont absorb\u00e9 de l\u2019eau, ils vont progressivement la lib\u00e9rer, ce qui les rend tr\u00e8s utiles pour l\u2019entretien des plantes.<\/p>\n<div class=\"ast-oembed-container\" style=\"height: 100%;\"><iframe loading=\"lazy\" title=\"Boules de gel. Hydrogel. Pour la d\u00e9coration des plantes.\" width=\"500\" height=\"281\" src=\"https:\/\/www.youtube.com\/embed\/1e8zCAhkcuY?start=7&#038;feature=oembed\" frameborder=\"0\" allow=\"accelerometer; autoplay; clipboard-write; encrypted-media; gyroscope; picture-in-picture; web-share\" referrerpolicy=\"strict-origin-when-cross-origin\" allowfullscreen><\/iframe><\/div>\n<div class=\"container-youtube\"><\/div>\n<div>Couleurs : balles bleues, balles rouges, balles vertes, balles jaunes, balles orange, balles transparentes et balles multicolores.<\/div>","protected":false},"excerpt":{"rendered":"<p>Acheter des boules de gel \u00e0 Alquera. Aussi appel\u00e9 perles d\u2019eau ou waterpearls, en anglais. Les boules de gel, dont le composant de base est <a href=\"http:\/\/www.alquera.com\/fr\/hidrogel\/\">l'hydrogel <\/a>ou le <a href=\"http:\/\/www.alquera.com\/fr\/poliacrilato-de-potasio\/\">polyacrylate de potassium,<\/a>Les boules sont un mat\u00e9riau tr\u00e8s utilis\u00e9 pour la d\u00e9coration, dans les pots, mais elles remplissent \u00e9galement une fonction tr\u00e8s importante avec les plantes, car ce sont des polym\u00e8res super absorbants, qui une fois qu'ils ont absorb\u00e9 l'eau, la lib\u00e8rent en fonction des besoins en eau des plantes. Vous recevrez beaucoup plus de perles que sur les photos - pour 100g vous obtiendrez jusqu'\u00e0 10l de perles et pour 1kg jusqu'\u00e0 100l de perles.<\/p>","protected":false},"featured_media":55540,"comment_status":"open","ping_status":"closed","template":"","meta":{"_acf_changed":false,"site-sidebar-layout":"default","site-content-layout":"default","ast-site-content-layout":"default","site-content-style":"default","site-sidebar-style":"default","ast-global-header-display":"","ast-banner-title-visibility":"","ast-main-header-display":"","ast-hfb-above-header-display":"","ast-hfb-below-header-display":"","ast-hfb-mobile-header-display":"","site-post-title":"","ast-breadcrumbs-content":"","ast-featured-img":"","footer-sml-layout":"","ast-disable-related-posts":"","theme-transparent-header-meta":"default","adv-header-id-meta":"","stick-header-meta":"default","header-above-stick-meta":"","header-main-stick-meta":"","header-below-stick-meta":"","astra-migrate-meta-layouts":"set","ast-page-background-enabled":"default","ast-page-background-meta":{"desktop":{"background-color":"var(--ast-global-color-4)","background-image":"","background-repeat":"repeat","background-position":"center center","background-size":"auto","background-attachment":"scroll","background-type":"","background-media":"","overlay-type":"","overlay-color":"","overlay-opacity":"","overlay-gradient":""},"tablet":{"background-color":"","background-image":"","background-repeat":"repeat","background-position":"center center","background-size":"auto","background-attachment":"scroll","background-type":"","background-media":"","overlay-type":"","overlay-color":"","overlay-opacity":"","overlay-gradient":""},"mobile":{"background-color":"","background-image":"","background-repeat":"repeat","background-position":"center center","background-size":"auto","background-attachment":"scroll","background-type":"","background-media":"","overlay-type":"","overlay-color":"","overlay-opacity":"","overlay-gradient":""}},"ast-content-background-meta":{"desktop":{"background-color":"var(--ast-global-color-5)","background-image":"","background-repeat":"repeat","background-position":"center center","background-size":"auto","background-attachment":"scroll","background-type":"","background-media":"","overlay-type":"","overlay-color":"","overlay-opacity":"","overlay-gradient":""},"tablet":{"background-color":"var(--ast-global-color-5)","background-image":"","background-repeat":"repeat","background-position":"center center","background-size":"auto","background-attachment":"scroll","background-type":"","background-media":"","overlay-type":"","overlay-color":"","overlay-opacity":"","overlay-gradient":""},"mobile":{"background-color":"var(--ast-global-color-5)","background-image":"","background-repeat":"repeat","background-position":"center center","background-size":"auto","background-attachment":"scroll","background-type":"","background-media":"","overlay-type":"","overlay-color":"","overlay-opacity":"","overlay-gradient":""}}},"product_brand":[],"product_cat":[214],"product_tag":[],"class_list":{"0":"post-1230","1":"product","2":"type-product","3":"status-publish","4":"has-post-thumbnail","6":"product_cat-polimeros-super-absorbentes","7":"pa_cantidad-100g","8":"pa_cantidad-1kg","9":"pa_cantidad-25kg","10":"desktop-align-left","11":"tablet-align-left","12":"mobile-align-left","13":"ast-product-gallery-layout-horizontal-slider","14":"ast-magnify-disabled","15":"ast-product-single-variable","16":"ast-product-tabs-layout-horizontal","17":"ast-qv-on-image","19":"first","20":"instock","21":"taxable","22":"shipping-taxable","23":"purchasable","24":"product-type-variable","25":"has-default-attributes"},"acf":[],"yoast_head":"<!-- This site is optimized with the Yoast SEO Premium plugin v27.1 (Yoast SEO v27.1.1) - https:\/\/yoast.com\/product\/yoast-seo-premium-wordpress\/ -->\n<title>Bolas de Gel- Hidrogel: Comprar Online - Alquera.com<\/title>\n<meta name=\"description\" content=\"ENV\u00cdOS EN 24\/48H. Comprar bolas de gel en Alquera. M\u00e1xima calidad, en colores: transparente, azul, rojo, naranja, verde, amarillo.\" \/>\n<meta name=\"robots\" content=\"index, follow, max-snippet:-1, max-image-preview:large, max-video-preview:-1\" \/>\n<link rel=\"canonical\" href=\"https:\/\/www.alquera.com\/fr\/bolas-gel\/\" \/>\n<meta property=\"og:locale\" content=\"fr_FR\" \/>\n<meta property=\"og:type\" content=\"article\" \/>\n<meta property=\"og:title\" content=\"Bolas Gel - Hidrogel: Comprar Online - Alquera.com\" \/>\n<meta property=\"og:description\" content=\"ENV\u00cdOS EN 24\/48H. Comprar bolas de gel en Alquera. M\u00e1xima calidad, en colores: transparente, azul, rojo, naranja, verde, amarillo.\" \/>\n<meta property=\"og:url\" content=\"https:\/\/www.alquera.com\/fr\/bolas-gel\/\" \/>\n<meta property=\"og:site_name\" content=\"Alquera.com\" \/>\n<meta property=\"article:publisher\" content=\"https:\/\/www.facebook.com\/alqueraciencia\" \/>\n<meta property=\"article:modified_time\" content=\"2026-02-23T16:11:52+00:00\" \/>\n<meta property=\"og:image\" content=\"https:\/\/www.alquera.com\/wp-content\/uploads\/2019\/10\/BOLAS-DE-GEL-ALQUERA.png\" \/>\n\t<meta property=\"og:image:width\" content=\"600\" \/>\n\t<meta property=\"og:image:height\" content=\"600\" \/>\n\t<meta property=\"og:image:type\" content=\"image\/png\" \/>\n<meta name=\"twitter:card\" content=\"summary_large_image\" \/>\n<meta name=\"twitter:label1\" content=\"Disponibilit\u00e9\" \/>\n\t<meta name=\"twitter:data1\" content=\"En stock\" \/>\n<script type=\"application\/ld+json\" class=\"yoast-schema-graph\">{\"@context\":\"https:\/\/schema.org\",\"@graph\":[{\"@type\":[\"WebPage\",\"ItemPage\"],\"@id\":\"https:\/\/www.alquera.com\/bolas-gel\/\",\"url\":\"https:\/\/www.alquera.com\/bolas-gel\/\",\"name\":\"Bolas de Gel- Hidrogel: Comprar Online - Alquera.com\",\"isPartOf\":{\"@id\":\"https:\/\/www.alquera.com\/en\/#website\"},\"primaryImageOfPage\":{\"@id\":\"https:\/\/www.alquera.com\/bolas-gel\/#primaryimage\"},\"image\":{\"@id\":\"https:\/\/www.alquera.com\/bolas-gel\/#primaryimage\"},\"thumbnailUrl\":\"https:\/\/www.alquera.com\/wp-content\/uploads\/2019\/10\/BOLAS-DE-GEL-ALQUERA.png\",\"datePublished\":\"2019-10-30T08:38:37+00:00\",\"dateModified\":\"2026-02-23T16:11:52+00:00\",\"description\":\"ENV\u00cdOS EN 24\/48H. Comprar bolas de gel en Alquera. M\u00e1xima calidad, en colores: transparente, azul, rojo, naranja, verde, amarillo.\",\"breadcrumb\":{\"@id\":\"https:\/\/www.alquera.com\/bolas-gel\/#breadcrumb\"},\"inLanguage\":\"fr-FR\",\"potentialAction\":[{\"@type\":\"ReadAction\",\"target\":[\"https:\/\/www.alquera.com\/bolas-gel\/\"]}]},{\"@type\":\"ImageObject\",\"inLanguage\":\"fr-FR\",\"@id\":\"https:\/\/www.alquera.com\/bolas-gel\/#primaryimage\",\"url\":\"https:\/\/www.alquera.com\/wp-content\/uploads\/2019\/10\/BOLAS-DE-GEL-ALQUERA.png\",\"contentUrl\":\"https:\/\/www.alquera.com\/wp-content\/uploads\/2019\/10\/BOLAS-DE-GEL-ALQUERA.png\",\"width\":600,\"height\":600,\"caption\":\"BOLAS DE GEL\"},{\"@type\":\"BreadcrumbList\",\"@id\":\"https:\/\/www.alquera.com\/bolas-gel\/#breadcrumb\",\"itemListElement\":[{\"@type\":\"ListItem\",\"position\":1,\"name\":\"Inicio\",\"item\":\"https:\/\/www.alquera.com\/\"},{\"@type\":\"ListItem\",\"position\":2,\"name\":\"Alquera.com: Tienda Online de Productos Qu\u00edmicos y Material de Laboratorio\",\"item\":\"https:\/\/www.alquera.com\/en\/tienda\/\"},{\"@type\":\"ListItem\",\"position\":3,\"name\":\"Bolas Gel &#8211; Hidrogel\"}]},{\"@type\":\"WebSite\",\"@id\":\"https:\/\/www.alquera.com\/en\/#website\",\"url\":\"https:\/\/www.alquera.com\/en\/\",\"name\":\"Alquera.com\",\"description\":\"Tienda Online Productos Qu\u00edmicos y Material de Laboratorio\",\"publisher\":{\"@id\":\"https:\/\/www.alquera.com\/en\/#organization\"},\"potentialAction\":[{\"@type\":\"SearchAction\",\"target\":{\"@type\":\"EntryPoint\",\"urlTemplate\":\"https:\/\/www.alquera.com\/en\/?s={search_term_string}\"},\"query-input\":{\"@type\":\"PropertyValueSpecification\",\"valueRequired\":true,\"valueName\":\"search_term_string\"}}],\"inLanguage\":\"fr-FR\"},{\"@type\":\"Organization\",\"@id\":\"https:\/\/www.alquera.com\/en\/#organization\",\"name\":\"ALQUERA CIENCIA SL\",\"url\":\"https:\/\/www.alquera.com\/en\/\",\"logo\":{\"@type\":\"ImageObject\",\"inLanguage\":\"fr-FR\",\"@id\":\"https:\/\/www.alquera.com\/en\/#\/schema\/logo\/image\/\",\"url\":\"https:\/\/www.alquera.com\/wp-content\/uploads\/2020\/11\/logo_300_ancho.png\",\"contentUrl\":\"https:\/\/www.alquera.com\/wp-content\/uploads\/2020\/11\/logo_300_ancho.png\",\"width\":300,\"height\":86,\"caption\":\"ALQUERA CIENCIA SL\"},\"image\":{\"@id\":\"https:\/\/www.alquera.com\/en\/#\/schema\/logo\/image\/\"},\"sameAs\":[\"https:\/\/www.facebook.com\/alqueraciencia\",\"https:\/\/www.instagram.com\/alquera_ciencia\/\",\"https:\/\/www.youtube.com\/c\/alquera\"]}]}<\/script>\n<meta property=\"og:availability\" content=\"instock\" \/>\n<meta property=\"product:availability\" content=\"instock\" \/>\n<meta property=\"product:retailer_item_id\" content=\"ALQ0030\" \/>\n<meta property=\"product:condition\" content=\"new\" \/>\n<!-- \/ Yoast SEO Premium plugin. -->","yoast_head_json":{"title":"Boules de gel hydrogel : Acheter en ligne - Alquera.com","description":"LIVRAISON EN 24\/48H. Acheter des boules de gel \u00e0 Alquera. Qualit\u00e9 sup\u00e9rieure, en couleurs : transparent, bleu, rouge, orange, vert, jaune.","robots":{"index":"index","follow":"follow","max-snippet":"max-snippet:-1","max-image-preview":"max-image-preview:large","max-video-preview":"max-video-preview:-1"},"canonical":"https:\/\/www.alquera.com\/fr\/bolas-gel\/","og_locale":"fr_FR","og_type":"article","og_title":"Bolas Gel - Hidrogel: Comprar Online - Alquera.com","og_description":"ENV\u00cdOS EN 24\/48H. Comprar bolas de gel en Alquera. M\u00e1xima calidad, en colores: transparente, azul, rojo, naranja, verde, amarillo.","og_url":"https:\/\/www.alquera.com\/fr\/bolas-gel\/","og_site_name":"Alquera.com","article_publisher":"https:\/\/www.facebook.com\/alqueraciencia","article_modified_time":"2026-02-23T16:11:52+00:00","og_image":[{"width":600,"height":600,"url":"https:\/\/www.alquera.com\/wp-content\/uploads\/2019\/10\/BOLAS-DE-GEL-ALQUERA.png","type":"image\/png"}],"twitter_card":"summary_large_image","twitter_misc":{"Disponibilit\u00e9":"En stock"},"schema":{"@context":"https:\/\/schema.org","@graph":[{"@type":["WebPage","ItemPage"],"@id":"https:\/\/www.alquera.com\/bolas-gel\/","url":"https:\/\/www.alquera.com\/bolas-gel\/","name":"Boules de gel hydrogel : Acheter en ligne - Alquera.com","isPartOf":{"@id":"https:\/\/www.alquera.com\/en\/#website"},"primaryImageOfPage":{"@id":"https:\/\/www.alquera.com\/bolas-gel\/#primaryimage"},"image":{"@id":"https:\/\/www.alquera.com\/bolas-gel\/#primaryimage"},"thumbnailUrl":"https:\/\/www.alquera.com\/wp-content\/uploads\/2019\/10\/BOLAS-DE-GEL-ALQUERA.png","datePublished":"2019-10-30T08:38:37+00:00","dateModified":"2026-02-23T16:11:52+00:00","description":"LIVRAISON EN 24\/48H. Acheter des boules de gel \u00e0 Alquera. Qualit\u00e9 sup\u00e9rieure, en couleurs : transparent, bleu, rouge, orange, vert, jaune.","breadcrumb":{"@id":"https:\/\/www.alquera.com\/bolas-gel\/#breadcrumb"},"inLanguage":"fr-FR","potentialAction":[{"@type":"ReadAction","target":["https:\/\/www.alquera.com\/bolas-gel\/"]}]},{"@type":"ImageObject","inLanguage":"fr-FR","@id":"https:\/\/www.alquera.com\/bolas-gel\/#primaryimage","url":"https:\/\/www.alquera.com\/wp-content\/uploads\/2019\/10\/BOLAS-DE-GEL-ALQUERA.png","contentUrl":"https:\/\/www.alquera.com\/wp-content\/uploads\/2019\/10\/BOLAS-DE-GEL-ALQUERA.png","width":600,"height":600,"caption":"BOLAS DE GEL"},{"@type":"BreadcrumbList","@id":"https:\/\/www.alquera.com\/bolas-gel\/#breadcrumb","itemListElement":[{"@type":"ListItem","position":1,"name":"Inicio","item":"https:\/\/www.alquera.com\/"},{"@type":"ListItem","position":2,"name":"Alquera.com: Tienda Online de Productos Qu\u00edmicos y Material de Laboratorio","item":"https:\/\/www.alquera.com\/en\/tienda\/"},{"@type":"ListItem","position":3,"name":"Bolas Gel &#8211; Hidrogel"}]},{"@type":"WebSite","@id":"https:\/\/www.alquera.com\/en\/#website","url":"https:\/\/www.alquera.com\/en\/","name":"Alquera.com","description":"Boutique en ligne Produits chimiques et \u00e9quipements de laboratoire","publisher":{"@id":"https:\/\/www.alquera.com\/en\/#organization"},"potentialAction":[{"@type":"SearchAction","target":{"@type":"EntryPoint","urlTemplate":"https:\/\/www.alquera.com\/en\/?s={search_term_string}"},"query-input":{"@type":"PropertyValueSpecification","valueRequired":true,"valueName":"search_term_string"}}],"inLanguage":"fr-FR"},{"@type":"Organization","@id":"https:\/\/www.alquera.com\/en\/#organization","name":"ALQUERA CIENCIA SL","url":"https:\/\/www.alquera.com\/en\/","logo":{"@type":"ImageObject","inLanguage":"fr-FR","@id":"https:\/\/www.alquera.com\/en\/#\/schema\/logo\/image\/","url":"https:\/\/www.alquera.com\/wp-content\/uploads\/2020\/11\/logo_300_ancho.png","contentUrl":"https:\/\/www.alquera.com\/wp-content\/uploads\/2020\/11\/logo_300_ancho.png","width":300,"height":86,"caption":"ALQUERA CIENCIA SL"},"image":{"@id":"https:\/\/www.alquera.com\/en\/#\/schema\/logo\/image\/"},"sameAs":["https:\/\/www.facebook.com\/alqueraciencia","https:\/\/www.instagram.com\/alquera_ciencia\/","https:\/\/www.youtube.com\/c\/alquera"]}]},"og_availability":"instock","product_availability":"instock","product_retailer_item_id":"ALQ0030","product_condition":"new"},"_links":{"self":[{"href":"https:\/\/www.alquera.com\/fr\/wp-json\/wp\/v2\/product\/1230","targetHints":{"allow":["GET"]}}],"collection":[{"href":"https:\/\/www.alquera.com\/fr\/wp-json\/wp\/v2\/product"}],"about":[{"href":"https:\/\/www.alquera.com\/fr\/wp-json\/wp\/v2\/types\/product"}],"replies":[{"embeddable":true,"href":"https:\/\/www.alquera.com\/fr\/wp-json\/wp\/v2\/comments?post=1230"}],"wp:featuredmedia":[{"embeddable":true,"href":"https:\/\/www.alquera.com\/fr\/wp-json\/wp\/v2\/media\/55540"}],"wp:attachment":[{"href":"https:\/\/www.alquera.com\/fr\/wp-json\/wp\/v2\/media?parent=1230"}],"wp:term":[{"taxonomy":"product_brand","embeddable":true,"href":"https:\/\/www.alquera.com\/fr\/wp-json\/wp\/v2\/product_brand?post=1230"},{"taxonomy":"product_cat","embeddable":true,"href":"https:\/\/www.alquera.com\/fr\/wp-json\/wp\/v2\/product_cat?post=1230"},{"taxonomy":"product_tag","embeddable":true,"href":"https:\/\/www.alquera.com\/fr\/wp-json\/wp\/v2\/product_tag?post=1230"}],"curies":[{"name":"wp","href":"https:\/\/api.w.org\/{rel}","templated":true}]}}