{"id":1246,"date":"2020-01-15T16:05:58","date_gmt":"2020-01-15T16:05:58","guid":{"rendered":"http:\/\/localhost\/alquera\/productos\/producto\/polidimetilsiloxano-dimeticona-1l-2\/"},"modified":"2026-04-05T11:28:16","modified_gmt":"2026-04-05T11:28:16","slug":"polidimetilsiloxano-dimeticona","status":"publish","type":"product","link":"https:\/\/www.alquera.com\/fr\/polidimetilsiloxano-dimeticona\/","title":{"rendered":"Dim\u00e9thicone"},"content":{"rendered":"<h2>DIMETICONE<\/h2>\n<p>Le\u00a0<strong>polydim\u00e9thylsiloxane<\/strong>\u00a0ou\u00a0<strong>dim\u00e9thicone<\/strong> La dim\u00e9thicone est le polym\u00e8re lin\u00e9aire du dim\u00e9thylsiloxane. Il appartient au groupe de substances connues sous le nom de Silicones. La structure mol\u00e9culaire de ce fluide leur conf\u00e8re d'excellentes propri\u00e9t\u00e9s, parmi lesquelles nous soulignerons :<\/p>\n<h2><strong>PROPRI\u00c9T\u00c9S DE LA DIM\u00c9THICONE<\/strong><\/h2>\n<ul>\n<li>Point de solidification bas<\/li>\n<li>Excellente stabilit\u00e9 \u00e0 des temp\u00e9ratures \u00e9lev\u00e9es<\/li>\n<li>Variation de la viscosit\u00e9 en fonction de la temp\u00e9rature<\/li>\n<li>Chimiquement inerte \u00e0 la plupart des agents chimiques<\/li>\n<li>Faible tension de surface<\/li>\n<li>Pas de d\u00e9gradation par l'action des agents atmosph\u00e9riques<\/li>\n<li>Haute compressibilit\u00e9<\/li>\n<li>Bonnes propri\u00e9t\u00e9s di\u00e9lectriques<\/li>\n<li>Cette dim\u00e9thicone est formul\u00e9e avec des composants approuv\u00e9s par la r\u00e9glementation europ\u00e9enne pour \u00eatre en contact avec les denr\u00e9es alimentaires.<\/li>\n<\/ul>\n<h2>CARACT\u00c9RISTIQUES DE LA DIM\u00c9THICONE<\/h2>\n<ul>\n<li>TYPE : Dim\u00e9thicone<\/li>\n<li>FORME PHYSIQUE : Liquide<\/li>\n<li>COULEUR : Transparent<\/li>\n<li>DENSIT\u00c9, 25\u00baC : 0,970 g\/cm3<\/li>\n<li>VISCOSIT\u00c9, 25\u00ba1C : Vous pouvez trouver 3 viscosit\u00e9s diff\u00e9rentes : 100 cst, 350cst et 1000cst. Vous pouvez la s\u00e9lectionner dans la fiche produit elle-m\u00eame.<\/li>\n<li>POINT D'\u00c9CLAIR : 300\u00ba.<\/li>\n<li><span style=\"font-size: 16px;\">STRESS DE SURFACE 20,9 mN\/m<\/span><\/li>\n<\/ul>\n<h2><strong>USAGES<\/strong><\/h2>\n<p>Le dim\u00e9thylsiloxane peut \u00eatre utilis\u00e9 comme fluide de base et comme additif dans de nombreux produits de soins personnels : d\u00e9odorants, sprays capillaires, cr\u00e8mes nettoyantes, cr\u00e8mes pour la peau, lotions et sticks de lotion, huiles de bain, lotions solaires, mousses \u00e0 raser ou divers produits de maquillage, etc.<\/p>\n<p>Il est \u00e9galement largement utilis\u00e9 dans les formulations de d\u00e9tergents et d'entretien pour fournir une brillance et une protection excellentes.<\/p>\n<p>Il existe \u00e9galement de nombreuses applications pour les fluides de silicone dans diff\u00e9rents secteurs de l'industrie, en tant que produit direct ou en tant qu'ingr\u00e9dient dans des formulations : Huiles hydrauliques, fluides de transfert thermique, hydrofugation et protection de surface, fluides di\u00e9lectriques, agent anti-adh\u00e9rent, agents de d\u00e9moulage, lubrifiants,<br \/>\ndes agents de blanchiment, des additifs tensioactifs, etc.<\/p>\n<h2>IDENTIFICATION ET PROPI\u00c9T\u00c9S<\/h2>\n<p><strong>Nom:<\/strong> Dim\u00e9thicone, Dim\u00e9thyl siloxane<br \/>\n<strong>CAS: <\/strong>63148-62-9<\/p>\n<p>&nbsp;<\/p>\n<p>&nbsp;<\/p>\n<p>&nbsp;<\/p>\n<p>&nbsp;<\/p>\n<p>&nbsp;<\/p>","protected":false},"excerpt":{"rendered":"<p>Achetez Dimethicone en viscosit\u00e9s de 100cst, 350cst ou 1000cst et en formats de 1L et 5L. Vous pouvez voir le prix des diff\u00e9rents formats de Dim\u00e9thicone en s\u00e9lectionnant le format d\u00e9sir\u00e9. La commande s'effectue directement sur le Web en suivant les \u00e9tapes indiqu\u00e9es, la livraison \u00e9tant effectu\u00e9e en 24\/48 heures.<\/p>","protected":false},"featured_media":37760,"comment_status":"open","ping_status":"closed","template":"","meta":{"_acf_changed":false,"site-sidebar-layout":"default","site-content-layout":"default","ast-site-content-layout":"default","site-content-style":"default","site-sidebar-style":"default","ast-global-header-display":"","ast-banner-title-visibility":"","ast-main-header-display":"","ast-hfb-above-header-display":"","ast-hfb-below-header-display":"","ast-hfb-mobile-header-display":"","site-post-title":"","ast-breadcrumbs-content":"","ast-featured-img":"","footer-sml-layout":"","ast-disable-related-posts":"","theme-transparent-header-meta":"default","adv-header-id-meta":"","stick-header-meta":"default","header-above-stick-meta":"","header-main-stick-meta":"","header-below-stick-meta":"","astra-migrate-meta-layouts":"set","ast-page-background-enabled":"default","ast-page-background-meta":{"desktop":{"background-color":"var(--ast-global-color-4)","background-image":"","background-repeat":"repeat","background-position":"center center","background-size":"auto","background-attachment":"scroll","background-type":"","background-media":"","overlay-type":"","overlay-color":"","overlay-opacity":"","overlay-gradient":""},"tablet":{"background-color":"","background-image":"","background-repeat":"repeat","background-position":"center center","background-size":"auto","background-attachment":"scroll","background-type":"","background-media":"","overlay-type":"","overlay-color":"","overlay-opacity":"","overlay-gradient":""},"mobile":{"background-color":"","background-image":"","background-repeat":"repeat","background-position":"center center","background-size":"auto","background-attachment":"scroll","background-type":"","background-media":"","overlay-type":"","overlay-color":"","overlay-opacity":"","overlay-gradient":""}},"ast-content-background-meta":{"desktop":{"background-color":"var(--ast-global-color-5)","background-image":"","background-repeat":"repeat","background-position":"center center","background-size":"auto","background-attachment":"scroll","background-type":"","background-media":"","overlay-type":"","overlay-color":"","overlay-opacity":"","overlay-gradient":""},"tablet":{"background-color":"var(--ast-global-color-5)","background-image":"","background-repeat":"repeat","background-position":"center center","background-size":"auto","background-attachment":"scroll","background-type":"","background-media":"","overlay-type":"","overlay-color":"","overlay-opacity":"","overlay-gradient":""},"mobile":{"background-color":"var(--ast-global-color-5)","background-image":"","background-repeat":"repeat","background-position":"center center","background-size":"auto","background-attachment":"scroll","background-type":"","background-media":"","overlay-type":"","overlay-color":"","overlay-opacity":"","overlay-gradient":""}}},"product_brand":[],"product_cat":[21],"product_tag":[],"class_list":{"0":"post-1246","1":"product","2":"type-product","3":"status-publish","4":"has-post-thumbnail","6":"product_cat-productos","7":"pa_cantidad-125ml","8":"pa_cantidad-1l","9":"pa_cantidad-5l","10":"pa_cantidad-25l-2","11":"desktop-align-left","12":"tablet-align-left","13":"mobile-align-left","14":"ast-product-gallery-layout-horizontal-slider","15":"ast-product-gallery-with-no-image","16":"ast-magnify-disabled","17":"ast-product-single-variable","18":"ast-product-tabs-layout-horizontal","19":"ast-qv-on-image","21":"first","22":"instock","23":"taxable","24":"shipping-taxable","25":"purchasable","26":"product-type-variable","27":"has-default-attributes"},"acf":[],"yoast_head":"<!-- This site is optimized with the Yoast SEO Premium plugin v27.1 (Yoast SEO v27.1.1) - https:\/\/yoast.com\/product\/yoast-seo-premium-wordpress\/ -->\n<title>Dimeticona - Comprar Online: Alquera.com<\/title>\n<meta name=\"description\" content=\"ENV\u00cdOS EN 24\/48H. Comprar Silicona de Polidimetilsiloxano o Dimeticona. Aceite de silicona de densidad alta. Cosm\u00e9tica y experimentaci\u00f3n.\" \/>\n<meta name=\"robots\" content=\"index, follow, max-snippet:-1, max-image-preview:large, max-video-preview:-1\" \/>\n<link rel=\"canonical\" href=\"https:\/\/www.alquera.com\/fr\/polidimetilsiloxano-dimeticona\/\" \/>\n<meta property=\"og:locale\" content=\"fr_FR\" \/>\n<meta property=\"og:type\" content=\"article\" \/>\n<meta property=\"og:title\" content=\"Dimeticona - Dimetilsiloxano: Comprar Online - Alquera.com\" \/>\n<meta property=\"og:description\" content=\"ENV\u00cdOS EN 24\/48H. Comprar Silicona de Polidimetilsiloxano o Dimeticona. Aceite de silicona de densidad alta. Cosm\u00e9tica y experimentaci\u00f3n.\" \/>\n<meta property=\"og:url\" content=\"https:\/\/www.alquera.com\/fr\/polidimetilsiloxano-dimeticona\/\" \/>\n<meta property=\"og:site_name\" content=\"Alquera.com\" \/>\n<meta property=\"article:publisher\" content=\"https:\/\/www.facebook.com\/alqueraciencia\" \/>\n<meta property=\"article:modified_time\" content=\"2026-04-05T11:28:16+00:00\" \/>\n<meta property=\"og:image\" content=\"https:\/\/www.alquera.com\/wp-content\/uploads\/2020\/01\/diimeticona.png\" \/>\n\t<meta property=\"og:image:width\" content=\"600\" \/>\n\t<meta property=\"og:image:height\" content=\"590\" \/>\n\t<meta property=\"og:image:type\" content=\"image\/png\" \/>\n<meta name=\"twitter:card\" content=\"summary_large_image\" \/>\n<meta name=\"twitter:label1\" content=\"Disponibilit\u00e9\" \/>\n\t<meta name=\"twitter:data1\" content=\"En stock\" \/>\n<script type=\"application\/ld+json\" class=\"yoast-schema-graph\">{\"@context\":\"https:\/\/schema.org\",\"@graph\":[{\"@type\":[\"WebPage\",\"ItemPage\"],\"@id\":\"https:\/\/www.alquera.com\/polidimetilsiloxano-dimeticona\/\",\"url\":\"https:\/\/www.alquera.com\/polidimetilsiloxano-dimeticona\/\",\"name\":\"Dimeticona - Comprar Online: Alquera.com\",\"isPartOf\":{\"@id\":\"https:\/\/www.alquera.com\/en\/#website\"},\"primaryImageOfPage\":{\"@id\":\"https:\/\/www.alquera.com\/polidimetilsiloxano-dimeticona\/#primaryimage\"},\"image\":{\"@id\":\"https:\/\/www.alquera.com\/polidimetilsiloxano-dimeticona\/#primaryimage\"},\"thumbnailUrl\":\"https:\/\/www.alquera.com\/wp-content\/uploads\/2020\/01\/diimeticona.png\",\"datePublished\":\"2020-01-15T16:05:58+00:00\",\"dateModified\":\"2026-04-05T11:28:16+00:00\",\"description\":\"ENV\u00cdOS EN 24\/48H. Comprar Silicona de Polidimetilsiloxano o Dimeticona. Aceite de silicona de densidad alta. Cosm\u00e9tica y experimentaci\u00f3n.\",\"breadcrumb\":{\"@id\":\"https:\/\/www.alquera.com\/polidimetilsiloxano-dimeticona\/#breadcrumb\"},\"inLanguage\":\"fr-FR\",\"potentialAction\":[{\"@type\":\"ReadAction\",\"target\":[\"https:\/\/www.alquera.com\/polidimetilsiloxano-dimeticona\/\"]}]},{\"@type\":\"ImageObject\",\"inLanguage\":\"fr-FR\",\"@id\":\"https:\/\/www.alquera.com\/polidimetilsiloxano-dimeticona\/#primaryimage\",\"url\":\"https:\/\/www.alquera.com\/wp-content\/uploads\/2020\/01\/diimeticona.png\",\"contentUrl\":\"https:\/\/www.alquera.com\/wp-content\/uploads\/2020\/01\/diimeticona.png\",\"width\":600,\"height\":590,\"caption\":\"dimeticona\"},{\"@type\":\"BreadcrumbList\",\"@id\":\"https:\/\/www.alquera.com\/polidimetilsiloxano-dimeticona\/#breadcrumb\",\"itemListElement\":[{\"@type\":\"ListItem\",\"position\":1,\"name\":\"Inicio\",\"item\":\"https:\/\/www.alquera.com\/\"},{\"@type\":\"ListItem\",\"position\":2,\"name\":\"Alquera.com: Tienda Online de Productos Qu\u00edmicos y Material de Laboratorio\",\"item\":\"https:\/\/www.alquera.com\/en\/tienda\/\"},{\"@type\":\"ListItem\",\"position\":3,\"name\":\"Dimeticona &#8211; Dimetilsiloxano\"}]},{\"@type\":\"WebSite\",\"@id\":\"https:\/\/www.alquera.com\/en\/#website\",\"url\":\"https:\/\/www.alquera.com\/en\/\",\"name\":\"Alquera.com\",\"description\":\"Tienda Online Productos Qu\u00edmicos y Material de Laboratorio\",\"publisher\":{\"@id\":\"https:\/\/www.alquera.com\/en\/#organization\"},\"potentialAction\":[{\"@type\":\"SearchAction\",\"target\":{\"@type\":\"EntryPoint\",\"urlTemplate\":\"https:\/\/www.alquera.com\/en\/?s={search_term_string}\"},\"query-input\":{\"@type\":\"PropertyValueSpecification\",\"valueRequired\":true,\"valueName\":\"search_term_string\"}}],\"inLanguage\":\"fr-FR\"},{\"@type\":\"Organization\",\"@id\":\"https:\/\/www.alquera.com\/en\/#organization\",\"name\":\"ALQUERA CIENCIA SL\",\"url\":\"https:\/\/www.alquera.com\/en\/\",\"logo\":{\"@type\":\"ImageObject\",\"inLanguage\":\"fr-FR\",\"@id\":\"https:\/\/www.alquera.com\/en\/#\/schema\/logo\/image\/\",\"url\":\"https:\/\/www.alquera.com\/wp-content\/uploads\/2020\/11\/logo_300_ancho.png\",\"contentUrl\":\"https:\/\/www.alquera.com\/wp-content\/uploads\/2020\/11\/logo_300_ancho.png\",\"width\":300,\"height\":86,\"caption\":\"ALQUERA CIENCIA SL\"},\"image\":{\"@id\":\"https:\/\/www.alquera.com\/en\/#\/schema\/logo\/image\/\"},\"sameAs\":[\"https:\/\/www.facebook.com\/alqueraciencia\",\"https:\/\/www.instagram.com\/alquera_ciencia\/\",\"https:\/\/www.youtube.com\/c\/alquera\"]}]}<\/script>\n<meta property=\"og:availability\" content=\"instock\" \/>\n<meta property=\"product:availability\" content=\"instock\" \/>\n<meta property=\"product:condition\" content=\"new\" \/>\n<!-- \/ Yoast SEO Premium plugin. -->","yoast_head_json":{"title":"Dimethicone - Acheter en ligne : Alquera.com","description":"ENVOIS EN 24\/48H. Acheter Silicone de Polydim\u00e9thylsiloxane ou Dim\u00e9thicone. Huile de silicone de densit\u00e9 \u00e9lev\u00e9e. Cosm\u00e9tique et exp\u00e9rimentation.","robots":{"index":"index","follow":"follow","max-snippet":"max-snippet:-1","max-image-preview":"max-image-preview:large","max-video-preview":"max-video-preview:-1"},"canonical":"https:\/\/www.alquera.com\/fr\/polidimetilsiloxano-dimeticona\/","og_locale":"fr_FR","og_type":"article","og_title":"Dimeticona - Dimetilsiloxano: Comprar Online - Alquera.com","og_description":"ENV\u00cdOS EN 24\/48H. Comprar Silicona de Polidimetilsiloxano o Dimeticona. Aceite de silicona de densidad alta. Cosm\u00e9tica y experimentaci\u00f3n.","og_url":"https:\/\/www.alquera.com\/fr\/polidimetilsiloxano-dimeticona\/","og_site_name":"Alquera.com","article_publisher":"https:\/\/www.facebook.com\/alqueraciencia","article_modified_time":"2026-04-05T11:28:16+00:00","og_image":[{"width":600,"height":590,"url":"https:\/\/www.alquera.com\/wp-content\/uploads\/2020\/01\/diimeticona.png","type":"image\/png"}],"twitter_card":"summary_large_image","twitter_misc":{"Disponibilit\u00e9":"En stock"},"schema":{"@context":"https:\/\/schema.org","@graph":[{"@type":["WebPage","ItemPage"],"@id":"https:\/\/www.alquera.com\/polidimetilsiloxano-dimeticona\/","url":"https:\/\/www.alquera.com\/polidimetilsiloxano-dimeticona\/","name":"Dimethicone - Acheter en ligne : Alquera.com","isPartOf":{"@id":"https:\/\/www.alquera.com\/en\/#website"},"primaryImageOfPage":{"@id":"https:\/\/www.alquera.com\/polidimetilsiloxano-dimeticona\/#primaryimage"},"image":{"@id":"https:\/\/www.alquera.com\/polidimetilsiloxano-dimeticona\/#primaryimage"},"thumbnailUrl":"https:\/\/www.alquera.com\/wp-content\/uploads\/2020\/01\/diimeticona.png","datePublished":"2020-01-15T16:05:58+00:00","dateModified":"2026-04-05T11:28:16+00:00","description":"ENVOIS EN 24\/48H. Acheter Silicone de Polydim\u00e9thylsiloxane ou Dim\u00e9thicone. Huile de silicone de densit\u00e9 \u00e9lev\u00e9e. Cosm\u00e9tique et exp\u00e9rimentation.","breadcrumb":{"@id":"https:\/\/www.alquera.com\/polidimetilsiloxano-dimeticona\/#breadcrumb"},"inLanguage":"fr-FR","potentialAction":[{"@type":"ReadAction","target":["https:\/\/www.alquera.com\/polidimetilsiloxano-dimeticona\/"]}]},{"@type":"ImageObject","inLanguage":"fr-FR","@id":"https:\/\/www.alquera.com\/polidimetilsiloxano-dimeticona\/#primaryimage","url":"https:\/\/www.alquera.com\/wp-content\/uploads\/2020\/01\/diimeticona.png","contentUrl":"https:\/\/www.alquera.com\/wp-content\/uploads\/2020\/01\/diimeticona.png","width":600,"height":590,"caption":"dimeticona"},{"@type":"BreadcrumbList","@id":"https:\/\/www.alquera.com\/polidimetilsiloxano-dimeticona\/#breadcrumb","itemListElement":[{"@type":"ListItem","position":1,"name":"Inicio","item":"https:\/\/www.alquera.com\/"},{"@type":"ListItem","position":2,"name":"Alquera.com: Tienda Online de Productos Qu\u00edmicos y Material de Laboratorio","item":"https:\/\/www.alquera.com\/en\/tienda\/"},{"@type":"ListItem","position":3,"name":"Dimeticona &#8211; Dimetilsiloxano"}]},{"@type":"WebSite","@id":"https:\/\/www.alquera.com\/en\/#website","url":"https:\/\/www.alquera.com\/en\/","name":"Alquera.com","description":"Boutique en ligne Produits chimiques et \u00e9quipements de laboratoire","publisher":{"@id":"https:\/\/www.alquera.com\/en\/#organization"},"potentialAction":[{"@type":"SearchAction","target":{"@type":"EntryPoint","urlTemplate":"https:\/\/www.alquera.com\/en\/?s={search_term_string}"},"query-input":{"@type":"PropertyValueSpecification","valueRequired":true,"valueName":"search_term_string"}}],"inLanguage":"fr-FR"},{"@type":"Organization","@id":"https:\/\/www.alquera.com\/en\/#organization","name":"ALQUERA CIENCIA SL","url":"https:\/\/www.alquera.com\/en\/","logo":{"@type":"ImageObject","inLanguage":"fr-FR","@id":"https:\/\/www.alquera.com\/en\/#\/schema\/logo\/image\/","url":"https:\/\/www.alquera.com\/wp-content\/uploads\/2020\/11\/logo_300_ancho.png","contentUrl":"https:\/\/www.alquera.com\/wp-content\/uploads\/2020\/11\/logo_300_ancho.png","width":300,"height":86,"caption":"ALQUERA CIENCIA SL"},"image":{"@id":"https:\/\/www.alquera.com\/en\/#\/schema\/logo\/image\/"},"sameAs":["https:\/\/www.facebook.com\/alqueraciencia","https:\/\/www.instagram.com\/alquera_ciencia\/","https:\/\/www.youtube.com\/c\/alquera"]}]},"og_availability":"instock","product_availability":"instock","product_condition":"new"},"_links":{"self":[{"href":"https:\/\/www.alquera.com\/fr\/wp-json\/wp\/v2\/product\/1246","targetHints":{"allow":["GET"]}}],"collection":[{"href":"https:\/\/www.alquera.com\/fr\/wp-json\/wp\/v2\/product"}],"about":[{"href":"https:\/\/www.alquera.com\/fr\/wp-json\/wp\/v2\/types\/product"}],"replies":[{"embeddable":true,"href":"https:\/\/www.alquera.com\/fr\/wp-json\/wp\/v2\/comments?post=1246"}],"wp:featuredmedia":[{"embeddable":true,"href":"https:\/\/www.alquera.com\/fr\/wp-json\/wp\/v2\/media\/37760"}],"wp:attachment":[{"href":"https:\/\/www.alquera.com\/fr\/wp-json\/wp\/v2\/media?parent=1246"}],"wp:term":[{"taxonomy":"product_brand","embeddable":true,"href":"https:\/\/www.alquera.com\/fr\/wp-json\/wp\/v2\/product_brand?post=1246"},{"taxonomy":"product_cat","embeddable":true,"href":"https:\/\/www.alquera.com\/fr\/wp-json\/wp\/v2\/product_cat?post=1246"},{"taxonomy":"product_tag","embeddable":true,"href":"https:\/\/www.alquera.com\/fr\/wp-json\/wp\/v2\/product_tag?post=1246"}],"curies":[{"name":"wp","href":"https:\/\/api.w.org\/{rel}","templated":true}]}}