{"id":1247,"date":"2020-01-16T08:46:55","date_gmt":"2020-01-16T08:46:55","guid":{"rendered":"http:\/\/localhost\/alquera\/productos\/producto\/azul-de-metileno-20g-2\/"},"modified":"2026-03-02T15:04:46","modified_gmt":"2026-03-02T15:04:46","slug":"azul-de-metileno","status":"publish","type":"product","link":"https:\/\/www.alquera.com\/fr\/azul-de-metileno\/","title":{"rendered":"Bleu de M\u00e9thyl\u00e8ne"},"content":{"rendered":"<p>Son utilisation principale est de colorant pour un usage industriel, il est utilis\u00e9 comme peinture dans les colorations pour les observations au microscope et pour peindre les r\u00e9sultats dans les laboratoires.<\/p>\n<h2>IDENTIFICATION ET PROPI\u00c9T\u00c9S<\/h2>\n<p><strong>Nom:<\/strong> Bleu de M\u00e9thyl\u00e8ne<br \/>\n<strong>Synonyme:<\/strong> Chlorure de m\u00e9thylthionine<br \/>\n<strong>Formule chimique:<\/strong> C<sub>16<\/sub>H<sub>24<\/sub>ClN<sub>3<\/sub>O<sub>3<\/sub>S<br \/>\n<strong>CAS:<\/strong> 61-73-4<br \/>\n<strong>CE:<\/strong> 200-515-2<br \/>\n<strong>Concentration :<\/strong> 75-95%<\/p>\n<ul>\n<li>\u00c9tat physique (20\u00baC) : Poudre-Solide<\/li>\n<li>Couleur: Bleu<\/li>\n<li>Odeur: Sans odeur<\/li>\n<li>Pression de vapeur : n\u00e9gligeable<\/li>\n<li>Inflammabilit\u00e9 : Ce mat\u00e9riau est combustible, mais pas facilement inflammable.<\/li>\n<li>Point de fusion : &gt; 100 (180-190) \u00baC<\/li>\n<li>Temp\u00e9rature de d\u00e9composition : &gt; 190 \u00baC<\/li>\n<li>pH : 4-6 (10 g\/L, 20 \u00baC)<\/li>\n<li>Solubilit\u00e9: Soluble dans l'eau<\/li>\n<li>Solubilit\u00e9 dans l'eau : 50 g\/L (20 \u00baC) (produits similaires)<\/li>\n<li>Densit\u00e9 en vrac : 400-600 kg\/m\u00b3 (produits similaires)<\/li>\n<\/ul>\n<h2>USAGES<\/h2>\n<ul>\n<li>Colorant \u00e0 usage industriel<\/li>\n<\/ul>","protected":false},"excerpt":{"rendered":"<p><strong>Acheter Bleu de m\u00e9thyl\u00e8ne<\/strong> dans Alquera. Le Bleu de M\u00e9thyl\u00e8ne est un colorant organique aux fonctions multiples. Il est \u00e9galement connu sous lle nom de chlorure de m\u00e9thylthionine. Vous pouvez le trouver dans sachets de 20g ou 100g. L'envoi se fait par la entreprise TNT Fedex et vous le recevrez dans 6\/7 jours. Vous pouvez le trouver aussi en dissolution au 1%: <a href=\"https:\/\/www.alquera.com\/fr\/azul-de-metileno-1\/\">Bleu de m\u00e9thyl\u00e8ne 1%<\/a>. Si necesitas el azul de metileno para an\u00e1lisis puedes encontrar <a href=\"https:\/\/www.alquera.com\/fr\/azul-de-metileno-para-analisis-panreac\/\">Azul de metileno para an\u00e1lisis de Panreac<\/a><\/p>\n<p>&nbsp;<\/p>","protected":false},"featured_media":32847,"comment_status":"open","ping_status":"closed","template":"","meta":{"_acf_changed":false,"site-sidebar-layout":"default","site-content-layout":"default","ast-site-content-layout":"default","site-content-style":"default","site-sidebar-style":"default","ast-global-header-display":"","ast-banner-title-visibility":"","ast-main-header-display":"","ast-hfb-above-header-display":"","ast-hfb-below-header-display":"","ast-hfb-mobile-header-display":"","site-post-title":"","ast-breadcrumbs-content":"","ast-featured-img":"","footer-sml-layout":"","ast-disable-related-posts":"","theme-transparent-header-meta":"default","adv-header-id-meta":"","stick-header-meta":"default","header-above-stick-meta":"","header-main-stick-meta":"","header-below-stick-meta":"","astra-migrate-meta-layouts":"set","ast-page-background-enabled":"default","ast-page-background-meta":{"desktop":{"background-color":"var(--ast-global-color-4)","background-image":"","background-repeat":"repeat","background-position":"center center","background-size":"auto","background-attachment":"scroll","background-type":"","background-media":"","overlay-type":"","overlay-color":"","overlay-opacity":"","overlay-gradient":""},"tablet":{"background-color":"","background-image":"","background-repeat":"repeat","background-position":"center center","background-size":"auto","background-attachment":"scroll","background-type":"","background-media":"","overlay-type":"","overlay-color":"","overlay-opacity":"","overlay-gradient":""},"mobile":{"background-color":"","background-image":"","background-repeat":"repeat","background-position":"center center","background-size":"auto","background-attachment":"scroll","background-type":"","background-media":"","overlay-type":"","overlay-color":"","overlay-opacity":"","overlay-gradient":""}},"ast-content-background-meta":{"desktop":{"background-color":"var(--ast-global-color-5)","background-image":"","background-repeat":"repeat","background-position":"center center","background-size":"auto","background-attachment":"scroll","background-type":"","background-media":"","overlay-type":"","overlay-color":"","overlay-opacity":"","overlay-gradient":""},"tablet":{"background-color":"var(--ast-global-color-5)","background-image":"","background-repeat":"repeat","background-position":"center center","background-size":"auto","background-attachment":"scroll","background-type":"","background-media":"","overlay-type":"","overlay-color":"","overlay-opacity":"","overlay-gradient":""},"mobile":{"background-color":"var(--ast-global-color-5)","background-image":"","background-repeat":"repeat","background-position":"center center","background-size":"auto","background-attachment":"scroll","background-type":"","background-media":"","overlay-type":"","overlay-color":"","overlay-opacity":"","overlay-gradient":""}}},"product_brand":[],"product_cat":[21],"product_tag":[],"class_list":{"0":"post-1247","1":"product","2":"type-product","3":"status-publish","4":"has-post-thumbnail","6":"product_cat-productos","7":"pa_cantidad-20g","8":"pa_cantidad-100g","9":"desktop-align-left","10":"tablet-align-left","11":"mobile-align-left","12":"ast-product-gallery-layout-horizontal-slider","13":"ast-magnify-disabled","14":"ast-product-single-variable","15":"ast-product-tabs-layout-horizontal","16":"ast-qv-on-image","18":"first","19":"instock","20":"taxable","21":"shipping-taxable","22":"purchasable","23":"product-type-variable","24":"has-default-attributes"},"acf":[],"yoast_head":"<!-- This site is optimized with the Yoast SEO Premium plugin v27.1 (Yoast SEO v27.1.1) - https:\/\/yoast.com\/product\/yoast-seo-premium-wordpress\/ -->\n<title>Azul de Metileno: Comprar Online - Alquera.com<\/title>\n<meta name=\"description\" content=\"ENV\u00cdOS EN 24\/48h. Comprar Azul de Metileno en la tienda online de Alquera. Env\u00edos en 24\/48 a toda la Pen\u00ednsula.\" \/>\n<meta name=\"robots\" content=\"index, follow, max-snippet:-1, max-image-preview:large, max-video-preview:-1\" \/>\n<link rel=\"canonical\" href=\"https:\/\/www.alquera.com\/fr\/azul-de-metileno\/\" \/>\n<meta property=\"og:locale\" content=\"fr_FR\" \/>\n<meta property=\"og:type\" content=\"article\" \/>\n<meta property=\"og:title\" content=\"Azul de Metileno: Comprar Online - Alquera.com\" \/>\n<meta property=\"og:description\" content=\"ENV\u00cdOS EN 24\/48h. Comprar Azul de Metileno en la tienda online de Alquera. Env\u00edos en 24\/48 a toda la Pen\u00ednsula.\" \/>\n<meta property=\"og:url\" content=\"https:\/\/www.alquera.com\/fr\/azul-de-metileno\/\" \/>\n<meta property=\"og:site_name\" content=\"Alquera.com\" \/>\n<meta property=\"article:publisher\" content=\"https:\/\/www.facebook.com\/alqueraciencia\" \/>\n<meta property=\"article:modified_time\" content=\"2026-03-02T15:04:46+00:00\" \/>\n<meta property=\"og:image\" content=\"https:\/\/www.alquera.com\/wp-content\/uploads\/2020\/01\/AZUL-DE-METILENO-EN-POLVO-scaled.jpg\" \/>\n\t<meta property=\"og:image:width\" content=\"800\" \/>\n\t<meta property=\"og:image:height\" content=\"720\" \/>\n\t<meta property=\"og:image:type\" content=\"image\/jpeg\" \/>\n<meta name=\"twitter:card\" content=\"summary_large_image\" \/>\n<meta name=\"twitter:label1\" content=\"Disponibilit\u00e9\" \/>\n\t<meta name=\"twitter:data1\" content=\"En stock\" \/>\n<script type=\"application\/ld+json\" class=\"yoast-schema-graph\">{\"@context\":\"https:\/\/schema.org\",\"@graph\":[{\"@type\":[\"WebPage\",\"ItemPage\"],\"@id\":\"https:\/\/www.alquera.com\/azul-de-metileno\/\",\"url\":\"https:\/\/www.alquera.com\/azul-de-metileno\/\",\"name\":\"Azul de Metileno: Comprar Online - Alquera.com\",\"isPartOf\":{\"@id\":\"https:\/\/www.alquera.com\/en\/#website\"},\"primaryImageOfPage\":{\"@id\":\"https:\/\/www.alquera.com\/azul-de-metileno\/#primaryimage\"},\"image\":{\"@id\":\"https:\/\/www.alquera.com\/azul-de-metileno\/#primaryimage\"},\"thumbnailUrl\":\"https:\/\/www.alquera.com\/wp-content\/uploads\/2020\/01\/AZUL-DE-METILENO-EN-POLVO-scaled.jpg\",\"datePublished\":\"2020-01-16T08:46:55+00:00\",\"dateModified\":\"2026-03-02T15:04:46+00:00\",\"description\":\"ENV\u00cdOS EN 24\/48h. Comprar Azul de Metileno en la tienda online de Alquera. Env\u00edos en 24\/48 a toda la Pen\u00ednsula.\",\"breadcrumb\":{\"@id\":\"https:\/\/www.alquera.com\/azul-de-metileno\/#breadcrumb\"},\"inLanguage\":\"fr-FR\",\"potentialAction\":[{\"@type\":\"ReadAction\",\"target\":[\"https:\/\/www.alquera.com\/azul-de-metileno\/\"]}]},{\"@type\":\"ImageObject\",\"inLanguage\":\"fr-FR\",\"@id\":\"https:\/\/www.alquera.com\/azul-de-metileno\/#primaryimage\",\"url\":\"https:\/\/www.alquera.com\/wp-content\/uploads\/2020\/01\/AZUL-DE-METILENO-EN-POLVO-scaled.jpg\",\"contentUrl\":\"https:\/\/www.alquera.com\/wp-content\/uploads\/2020\/01\/AZUL-DE-METILENO-EN-POLVO-scaled.jpg\",\"width\":800,\"height\":720,\"caption\":\"AZUL DE METILENO EN POLVO\"},{\"@type\":\"BreadcrumbList\",\"@id\":\"https:\/\/www.alquera.com\/azul-de-metileno\/#breadcrumb\",\"itemListElement\":[{\"@type\":\"ListItem\",\"position\":1,\"name\":\"Inicio\",\"item\":\"https:\/\/www.alquera.com\/\"},{\"@type\":\"ListItem\",\"position\":2,\"name\":\"Alquera.com: Tienda Online de Productos Qu\u00edmicos y Material de Laboratorio\",\"item\":\"https:\/\/www.alquera.com\/en\/tienda\/\"},{\"@type\":\"ListItem\",\"position\":3,\"name\":\"Azul de Metileno\"}]},{\"@type\":\"WebSite\",\"@id\":\"https:\/\/www.alquera.com\/en\/#website\",\"url\":\"https:\/\/www.alquera.com\/en\/\",\"name\":\"Alquera.com\",\"description\":\"Tienda Online Productos Qu\u00edmicos y Material de Laboratorio\",\"publisher\":{\"@id\":\"https:\/\/www.alquera.com\/en\/#organization\"},\"potentialAction\":[{\"@type\":\"SearchAction\",\"target\":{\"@type\":\"EntryPoint\",\"urlTemplate\":\"https:\/\/www.alquera.com\/en\/?s={search_term_string}\"},\"query-input\":{\"@type\":\"PropertyValueSpecification\",\"valueRequired\":true,\"valueName\":\"search_term_string\"}}],\"inLanguage\":\"fr-FR\"},{\"@type\":\"Organization\",\"@id\":\"https:\/\/www.alquera.com\/en\/#organization\",\"name\":\"ALQUERA CIENCIA SL\",\"url\":\"https:\/\/www.alquera.com\/en\/\",\"logo\":{\"@type\":\"ImageObject\",\"inLanguage\":\"fr-FR\",\"@id\":\"https:\/\/www.alquera.com\/en\/#\/schema\/logo\/image\/\",\"url\":\"https:\/\/www.alquera.com\/wp-content\/uploads\/2020\/11\/logo_300_ancho.png\",\"contentUrl\":\"https:\/\/www.alquera.com\/wp-content\/uploads\/2020\/11\/logo_300_ancho.png\",\"width\":300,\"height\":86,\"caption\":\"ALQUERA CIENCIA SL\"},\"image\":{\"@id\":\"https:\/\/www.alquera.com\/en\/#\/schema\/logo\/image\/\"},\"sameAs\":[\"https:\/\/www.facebook.com\/alqueraciencia\",\"https:\/\/www.instagram.com\/alquera_ciencia\/\",\"https:\/\/www.youtube.com\/c\/alquera\"]}]}<\/script>\n<meta property=\"og:availability\" content=\"instock\" \/>\n<meta property=\"product:availability\" content=\"instock\" \/>\n<meta property=\"product:condition\" content=\"new\" \/>\n<!-- \/ Yoast SEO Premium plugin. -->","yoast_head_json":{"title":"Bleu de m\u00e9thyl\u00e8ne : Acheter en ligne - Alquera.com","description":"ENVOIS EN 24\/48H. Acheter Bleu de M\u00e9thyl\u00e8ne dans la boutique en ligne d\u2019Alquera. Exp\u00e9dition sur 24\/48 \u00e0 toute la p\u00e9ninsule.","robots":{"index":"index","follow":"follow","max-snippet":"max-snippet:-1","max-image-preview":"max-image-preview:large","max-video-preview":"max-video-preview:-1"},"canonical":"https:\/\/www.alquera.com\/fr\/azul-de-metileno\/","og_locale":"fr_FR","og_type":"article","og_title":"Azul de Metileno: Comprar Online - Alquera.com","og_description":"ENV\u00cdOS EN 24\/48h. Comprar Azul de Metileno en la tienda online de Alquera. Env\u00edos en 24\/48 a toda la Pen\u00ednsula.","og_url":"https:\/\/www.alquera.com\/fr\/azul-de-metileno\/","og_site_name":"Alquera.com","article_publisher":"https:\/\/www.facebook.com\/alqueraciencia","article_modified_time":"2026-03-02T15:04:46+00:00","og_image":[{"width":800,"height":720,"url":"https:\/\/www.alquera.com\/wp-content\/uploads\/2020\/01\/AZUL-DE-METILENO-EN-POLVO-scaled.jpg","type":"image\/jpeg"}],"twitter_card":"summary_large_image","twitter_misc":{"Disponibilit\u00e9":"En stock"},"schema":{"@context":"https:\/\/schema.org","@graph":[{"@type":["WebPage","ItemPage"],"@id":"https:\/\/www.alquera.com\/azul-de-metileno\/","url":"https:\/\/www.alquera.com\/azul-de-metileno\/","name":"Bleu de m\u00e9thyl\u00e8ne : Acheter en ligne - Alquera.com","isPartOf":{"@id":"https:\/\/www.alquera.com\/en\/#website"},"primaryImageOfPage":{"@id":"https:\/\/www.alquera.com\/azul-de-metileno\/#primaryimage"},"image":{"@id":"https:\/\/www.alquera.com\/azul-de-metileno\/#primaryimage"},"thumbnailUrl":"https:\/\/www.alquera.com\/wp-content\/uploads\/2020\/01\/AZUL-DE-METILENO-EN-POLVO-scaled.jpg","datePublished":"2020-01-16T08:46:55+00:00","dateModified":"2026-03-02T15:04:46+00:00","description":"ENVOIS EN 24\/48H. Acheter Bleu de M\u00e9thyl\u00e8ne dans la boutique en ligne d\u2019Alquera. Exp\u00e9dition sur 24\/48 \u00e0 toute la p\u00e9ninsule.","breadcrumb":{"@id":"https:\/\/www.alquera.com\/azul-de-metileno\/#breadcrumb"},"inLanguage":"fr-FR","potentialAction":[{"@type":"ReadAction","target":["https:\/\/www.alquera.com\/azul-de-metileno\/"]}]},{"@type":"ImageObject","inLanguage":"fr-FR","@id":"https:\/\/www.alquera.com\/azul-de-metileno\/#primaryimage","url":"https:\/\/www.alquera.com\/wp-content\/uploads\/2020\/01\/AZUL-DE-METILENO-EN-POLVO-scaled.jpg","contentUrl":"https:\/\/www.alquera.com\/wp-content\/uploads\/2020\/01\/AZUL-DE-METILENO-EN-POLVO-scaled.jpg","width":800,"height":720,"caption":"AZUL DE METILENO EN POLVO"},{"@type":"BreadcrumbList","@id":"https:\/\/www.alquera.com\/azul-de-metileno\/#breadcrumb","itemListElement":[{"@type":"ListItem","position":1,"name":"Inicio","item":"https:\/\/www.alquera.com\/"},{"@type":"ListItem","position":2,"name":"Alquera.com: Tienda Online de Productos Qu\u00edmicos y Material de Laboratorio","item":"https:\/\/www.alquera.com\/en\/tienda\/"},{"@type":"ListItem","position":3,"name":"Azul de Metileno"}]},{"@type":"WebSite","@id":"https:\/\/www.alquera.com\/en\/#website","url":"https:\/\/www.alquera.com\/en\/","name":"Alquera.com","description":"Boutique en ligne Produits chimiques et \u00e9quipements de laboratoire","publisher":{"@id":"https:\/\/www.alquera.com\/en\/#organization"},"potentialAction":[{"@type":"SearchAction","target":{"@type":"EntryPoint","urlTemplate":"https:\/\/www.alquera.com\/en\/?s={search_term_string}"},"query-input":{"@type":"PropertyValueSpecification","valueRequired":true,"valueName":"search_term_string"}}],"inLanguage":"fr-FR"},{"@type":"Organization","@id":"https:\/\/www.alquera.com\/en\/#organization","name":"ALQUERA CIENCIA SL","url":"https:\/\/www.alquera.com\/en\/","logo":{"@type":"ImageObject","inLanguage":"fr-FR","@id":"https:\/\/www.alquera.com\/en\/#\/schema\/logo\/image\/","url":"https:\/\/www.alquera.com\/wp-content\/uploads\/2020\/11\/logo_300_ancho.png","contentUrl":"https:\/\/www.alquera.com\/wp-content\/uploads\/2020\/11\/logo_300_ancho.png","width":300,"height":86,"caption":"ALQUERA CIENCIA SL"},"image":{"@id":"https:\/\/www.alquera.com\/en\/#\/schema\/logo\/image\/"},"sameAs":["https:\/\/www.facebook.com\/alqueraciencia","https:\/\/www.instagram.com\/alquera_ciencia\/","https:\/\/www.youtube.com\/c\/alquera"]}]},"og_availability":"instock","product_availability":"instock","product_condition":"new"},"_links":{"self":[{"href":"https:\/\/www.alquera.com\/fr\/wp-json\/wp\/v2\/product\/1247","targetHints":{"allow":["GET"]}}],"collection":[{"href":"https:\/\/www.alquera.com\/fr\/wp-json\/wp\/v2\/product"}],"about":[{"href":"https:\/\/www.alquera.com\/fr\/wp-json\/wp\/v2\/types\/product"}],"replies":[{"embeddable":true,"href":"https:\/\/www.alquera.com\/fr\/wp-json\/wp\/v2\/comments?post=1247"}],"wp:featuredmedia":[{"embeddable":true,"href":"https:\/\/www.alquera.com\/fr\/wp-json\/wp\/v2\/media\/32847"}],"wp:attachment":[{"href":"https:\/\/www.alquera.com\/fr\/wp-json\/wp\/v2\/media?parent=1247"}],"wp:term":[{"taxonomy":"product_brand","embeddable":true,"href":"https:\/\/www.alquera.com\/fr\/wp-json\/wp\/v2\/product_brand?post=1247"},{"taxonomy":"product_cat","embeddable":true,"href":"https:\/\/www.alquera.com\/fr\/wp-json\/wp\/v2\/product_cat?post=1247"},{"taxonomy":"product_tag","embeddable":true,"href":"https:\/\/www.alquera.com\/fr\/wp-json\/wp\/v2\/product_tag?post=1247"}],"curies":[{"name":"wp","href":"https:\/\/api.w.org\/{rel}","templated":true}]}}