{"id":1250,"date":"2020-02-20T15:48:26","date_gmt":"2020-02-20T15:48:26","guid":{"rendered":"http:\/\/localhost\/alquera\/productos\/producto\/alcohol-polivinilico-1kg-2\/"},"modified":"2026-05-12T10:18:45","modified_gmt":"2026-05-12T10:18:45","slug":"alcohol-polivinilico","status":"publish","type":"product","link":"https:\/\/www.alquera.com\/fr\/alcohol-polivinilico\/","title":{"rendered":"Alcool Polyvinilique"},"content":{"rendered":"<p>L\u2019alcool polyvinylique ne doit pas \u00eatre confondu avec l\u2019ac\u00e9tate polyvinylique, \u00e9galement disponible et connu comme un rem\u00e8de efficace pour le bois. L\u2019alcool polyvinylique peut \u00eatre trouv\u00e9 dans de nombreux \u00e9l\u00e9ments de la maison, gr\u00e2ce \u00e0 sa capacit\u00e9 de dissolution dans l\u2019eau. Certains des usages de l\u2019alcool polyvinylique seraient les suivants\u00a0: fabrication d\u2019adh\u00e9sifs, \u00e9paississant les colles d\u2019ac\u00e9tate de polyvinyle, rev\u00eatement pour l\u2019emballage des d\u00e9tergents. Par exemple, des comprim\u00e9s liquides o\u00f9 vous voulez que le plastique soit dissous. L\u2019alcool polyvinylique est \u00e9galement utilis\u00e9 dans la r\u00e9alisation de Slime, avec B\u00f3rax.<\/p>\n<h2>ALCOHOL POLIVINILICO &#8211; IDENTIFICACI\u00d3N Y PROPIEDADES<\/h2>\n<p><strong>Nom:<\/strong> Alcohol Polivinilico PVA<br \/>\n<strong>CAS:<\/strong> 25213-24-5<br \/>\n<strong>CE:<\/strong> 607-648-9<\/p>\n<ul>\n<li>Aspect (20\u00baC) : Poudre-solide<\/li>\n<li>Couleur: Blanc<\/li>\n<li>Odeur : l\u00e9g\u00e8re, presque inodore.<\/li>\n<li>Point initial\/point d'\u00e9bullition\/intervalle d'\u00e9bullition : &gt;200\u00b0C (estimation).<\/li>\n<li>Inflammabilit\u00e9 : Ce mat\u00e9riau est combustible, mais il n'est pas facilement inflammable.<\/li>\n<li>Point de fusion : 230-240\u00b0C<\/li>\n<li>Temp\u00e9rature de d\u00e9composition: &gt;200\u00baC<\/li>\n<li>pH : 4,5-6,5 (20\u00baC) (solution 4% ; 40 g\/L)<\/li>\n<li>Viscosit\u00e9 dynamique : 45-55 cP (20\u00baC, solution 4%)<\/li>\n<li>Viscosit\u00e9 cin\u00e9matique : non applicable. La viscosit\u00e9 ne concerne que les liquides.<\/li>\n<li>Solubilit\u00e9 : Soluble dans l'eau chaude<\/li>\n<li>Solubilit\u00e9 dans l'eau : soluble dans l'eau chaude<\/li>\n<li>Densit\u00e9 apparente : 610-670 kg\/m3<\/li>\n<li>Densit\u00e9 relative (eau=1) : 1,10-1,31.<\/li>\n<\/ul>\n<h2>M\u00c1S INFORMACI\u00d3N PVA<\/h2>\n<p>Puedes ver m\u00e1s informaci\u00f3n en el apartado de usos y propiedades: <a href=\"https:\/\/www.alquera.com\/fr\/alcohol-polivinilico\/usos-alcohol-polivinilico\/\" target=\"_blank\" rel=\"noopener noreferrer\">Alcohol Polyvinylique, usages et propi\u00e9t\u00e9s.<\/a><\/p>","protected":false},"excerpt":{"rendered":"<p>Acheter de l'alcoool polyvinylique dans sachets de 250g jusqu'\u00e0 sacs de 20Kg. Le prix des diff\u00e9rents formats de l'alcool polyvinylique vous pouvez le voir en s\u00e9lectionnant le format que vous souhaitez. La commande se r\u00e9alise directement par la web et vous devez suivre les \u00e9tapes indiqu\u00e9es. L'envoie se fait par la entreprise de TNT Fedex et vous le recevrez dans 6\/7 jours.<\/p>","protected":false},"featured_media":8461,"comment_status":"open","ping_status":"closed","template":"","meta":{"_acf_changed":false,"site-sidebar-layout":"default","site-content-layout":"default","ast-site-content-layout":"default","site-content-style":"default","site-sidebar-style":"default","ast-global-header-display":"","ast-banner-title-visibility":"","ast-main-header-display":"","ast-hfb-above-header-display":"","ast-hfb-below-header-display":"","ast-hfb-mobile-header-display":"","site-post-title":"","ast-breadcrumbs-content":"","ast-featured-img":"","footer-sml-layout":"","ast-disable-related-posts":"","theme-transparent-header-meta":"default","adv-header-id-meta":"","stick-header-meta":"default","header-above-stick-meta":"","header-main-stick-meta":"","header-below-stick-meta":"","astra-migrate-meta-layouts":"set","ast-page-background-enabled":"default","ast-page-background-meta":{"desktop":{"background-color":"var(--ast-global-color-4)","background-image":"","background-repeat":"repeat","background-position":"center center","background-size":"auto","background-attachment":"scroll","background-type":"","background-media":"","overlay-type":"","overlay-color":"","overlay-opacity":"","overlay-gradient":""},"tablet":{"background-color":"","background-image":"","background-repeat":"repeat","background-position":"center center","background-size":"auto","background-attachment":"scroll","background-type":"","background-media":"","overlay-type":"","overlay-color":"","overlay-opacity":"","overlay-gradient":""},"mobile":{"background-color":"","background-image":"","background-repeat":"repeat","background-position":"center center","background-size":"auto","background-attachment":"scroll","background-type":"","background-media":"","overlay-type":"","overlay-color":"","overlay-opacity":"","overlay-gradient":""}},"ast-content-background-meta":{"desktop":{"background-color":"var(--ast-global-color-5)","background-image":"","background-repeat":"repeat","background-position":"center center","background-size":"auto","background-attachment":"scroll","background-type":"","background-media":"","overlay-type":"","overlay-color":"","overlay-opacity":"","overlay-gradient":""},"tablet":{"background-color":"var(--ast-global-color-5)","background-image":"","background-repeat":"repeat","background-position":"center center","background-size":"auto","background-attachment":"scroll","background-type":"","background-media":"","overlay-type":"","overlay-color":"","overlay-opacity":"","overlay-gradient":""},"mobile":{"background-color":"var(--ast-global-color-5)","background-image":"","background-repeat":"repeat","background-position":"center center","background-size":"auto","background-attachment":"scroll","background-type":"","background-media":"","overlay-type":"","overlay-color":"","overlay-opacity":"","overlay-gradient":""}}},"product_brand":[],"product_cat":[21],"product_tag":[],"class_list":{"0":"post-1250","1":"product","2":"type-product","3":"status-publish","4":"has-post-thumbnail","6":"product_cat-productos","7":"pa_cantidad-250g","8":"pa_cantidad-1kg","9":"pa_cantidad-5kg","10":"pa_cantidad-20kg","11":"desktop-align-left","12":"tablet-align-left","13":"mobile-align-left","14":"ast-product-gallery-layout-horizontal-slider","15":"ast-magnify-disabled","16":"ast-product-single-variable","17":"ast-product-tabs-layout-horizontal","18":"ast-qv-on-image","20":"first","21":"instock","22":"taxable","23":"shipping-taxable","24":"purchasable","25":"product-type-variable","26":"has-default-attributes"},"acf":[],"yoast_head":"<!-- This site is optimized with the Yoast SEO Premium plugin v27.1 (Yoast SEO v27.1.1) - https:\/\/yoast.com\/product\/yoast-seo-premium-wordpress\/ -->\n<title>Alcohol Polivinilico - Comprar Online - Alquera.com<\/title>\n<meta name=\"description\" content=\"ENVIOS EN 24\/48H Comprar Alcohol Polivinilico o PVA, base de muchos adhesivos y utilizado como recubrimiento. Soluble en agua, realizacion de slime.\" \/>\n<meta name=\"robots\" content=\"index, follow, max-snippet:-1, max-image-preview:large, max-video-preview:-1\" \/>\n<link rel=\"canonical\" href=\"https:\/\/www.alquera.com\/fr\/alcohol-polivinilico\/\" \/>\n<meta property=\"og:locale\" content=\"fr_FR\" \/>\n<meta property=\"og:type\" content=\"article\" \/>\n<meta property=\"og:title\" content=\"Alcohol Polivinilico: Comprar Online - Alquera.com\" \/>\n<meta property=\"og:description\" content=\"ENVIOS EN 24\/48H Comprar Alcohol Polivinilico o PVA, base de muchos adhesivos y utilizado como recubrimiento. Soluble en agua, realizacion de slime.\" \/>\n<meta property=\"og:url\" content=\"https:\/\/www.alquera.com\/fr\/alcohol-polivinilico\/\" \/>\n<meta property=\"og:site_name\" content=\"Alquera.com\" \/>\n<meta property=\"article:publisher\" content=\"https:\/\/www.facebook.com\/alqueraciencia\" \/>\n<meta property=\"article:modified_time\" content=\"2026-05-12T10:18:45+00:00\" \/>\n<meta property=\"og:image\" content=\"https:\/\/www.alquera.com\/wp-content\/uploads\/2020\/02\/ALCOHOL-POLIVINILO-2.jpg\" \/>\n\t<meta property=\"og:image:width\" content=\"800\" \/>\n\t<meta property=\"og:image:height\" content=\"800\" \/>\n\t<meta property=\"og:image:type\" content=\"image\/jpeg\" \/>\n<meta name=\"twitter:card\" content=\"summary_large_image\" \/>\n<meta name=\"twitter:label1\" content=\"Disponibilit\u00e9\" \/>\n\t<meta name=\"twitter:data1\" content=\"En stock\" \/>\n<script type=\"application\/ld+json\" class=\"yoast-schema-graph\">{\"@context\":\"https:\/\/schema.org\",\"@graph\":[{\"@type\":[\"WebPage\",\"ItemPage\"],\"@id\":\"https:\/\/www.alquera.com\/alcohol-polivinilico\/\",\"url\":\"https:\/\/www.alquera.com\/alcohol-polivinilico\/\",\"name\":\"Alcohol Polivinilico - Comprar Online - Alquera.com\",\"isPartOf\":{\"@id\":\"https:\/\/www.alquera.com\/en\/#website\"},\"primaryImageOfPage\":{\"@id\":\"https:\/\/www.alquera.com\/alcohol-polivinilico\/#primaryimage\"},\"image\":{\"@id\":\"https:\/\/www.alquera.com\/alcohol-polivinilico\/#primaryimage\"},\"thumbnailUrl\":\"https:\/\/www.alquera.com\/wp-content\/uploads\/2020\/02\/ALCOHOL-POLIVINILO-2.jpg\",\"datePublished\":\"2020-02-20T15:48:26+00:00\",\"dateModified\":\"2026-05-12T10:18:45+00:00\",\"description\":\"ENVIOS EN 24\/48H Comprar Alcohol Polivinilico o PVA, base de muchos adhesivos y utilizado como recubrimiento. Soluble en agua, realizacion de slime.\",\"breadcrumb\":{\"@id\":\"https:\/\/www.alquera.com\/alcohol-polivinilico\/#breadcrumb\"},\"inLanguage\":\"fr-FR\",\"potentialAction\":[{\"@type\":\"ReadAction\",\"target\":[\"https:\/\/www.alquera.com\/alcohol-polivinilico\/\"]}]},{\"@type\":\"ImageObject\",\"inLanguage\":\"fr-FR\",\"@id\":\"https:\/\/www.alquera.com\/alcohol-polivinilico\/#primaryimage\",\"url\":\"https:\/\/www.alquera.com\/wp-content\/uploads\/2020\/02\/ALCOHOL-POLIVINILO-2.jpg\",\"contentUrl\":\"https:\/\/www.alquera.com\/wp-content\/uploads\/2020\/02\/ALCOHOL-POLIVINILO-2.jpg\",\"width\":800,\"height\":800,\"caption\":\"ALCOHOL POLIVINILICO\"},{\"@type\":\"BreadcrumbList\",\"@id\":\"https:\/\/www.alquera.com\/alcohol-polivinilico\/#breadcrumb\",\"itemListElement\":[{\"@type\":\"ListItem\",\"position\":1,\"name\":\"Inicio\",\"item\":\"https:\/\/www.alquera.com\/\"},{\"@type\":\"ListItem\",\"position\":2,\"name\":\"Alquera.com: Tienda Online de Productos Qu\u00edmicos y Material de Laboratorio\",\"item\":\"https:\/\/www.alquera.com\/en\/tienda\/\"},{\"@type\":\"ListItem\",\"position\":3,\"name\":\"Alcohol Polivinilico\"}]},{\"@type\":\"WebSite\",\"@id\":\"https:\/\/www.alquera.com\/en\/#website\",\"url\":\"https:\/\/www.alquera.com\/en\/\",\"name\":\"Alquera.com\",\"description\":\"Tienda Online Productos Qu\u00edmicos y Material de Laboratorio\",\"publisher\":{\"@id\":\"https:\/\/www.alquera.com\/en\/#organization\"},\"potentialAction\":[{\"@type\":\"SearchAction\",\"target\":{\"@type\":\"EntryPoint\",\"urlTemplate\":\"https:\/\/www.alquera.com\/en\/?s={search_term_string}\"},\"query-input\":{\"@type\":\"PropertyValueSpecification\",\"valueRequired\":true,\"valueName\":\"search_term_string\"}}],\"inLanguage\":\"fr-FR\"},{\"@type\":\"Organization\",\"@id\":\"https:\/\/www.alquera.com\/en\/#organization\",\"name\":\"ALQUERA CIENCIA SL\",\"url\":\"https:\/\/www.alquera.com\/en\/\",\"logo\":{\"@type\":\"ImageObject\",\"inLanguage\":\"fr-FR\",\"@id\":\"https:\/\/www.alquera.com\/en\/#\/schema\/logo\/image\/\",\"url\":\"https:\/\/www.alquera.com\/wp-content\/uploads\/2020\/11\/logo_300_ancho.png\",\"contentUrl\":\"https:\/\/www.alquera.com\/wp-content\/uploads\/2020\/11\/logo_300_ancho.png\",\"width\":300,\"height\":86,\"caption\":\"ALQUERA CIENCIA SL\"},\"image\":{\"@id\":\"https:\/\/www.alquera.com\/en\/#\/schema\/logo\/image\/\"},\"sameAs\":[\"https:\/\/www.facebook.com\/alqueraciencia\",\"https:\/\/www.instagram.com\/alquera_ciencia\/\",\"https:\/\/www.youtube.com\/c\/alquera\"]}]}<\/script>\n<meta property=\"og:availability\" content=\"instock\" \/>\n<meta property=\"product:availability\" content=\"instock\" \/>\n<meta property=\"product:retailer_item_id\" content=\"ALCS14\" \/>\n<meta property=\"product:condition\" content=\"new\" \/>\n<!-- \/ Yoast SEO Premium plugin. -->","yoast_head_json":{"title":"Alcool polyvinylique - Acheter en ligne - Alquera.com","description":"ENVIOS EN 24\/48H Comprar Alcohol Polivinilico o PVA, base de muchos adhesivos y utilizado como recubrimiento. Soluble en agua, realizacion de slime.","robots":{"index":"index","follow":"follow","max-snippet":"max-snippet:-1","max-image-preview":"max-image-preview:large","max-video-preview":"max-video-preview:-1"},"canonical":"https:\/\/www.alquera.com\/fr\/alcohol-polivinilico\/","og_locale":"fr_FR","og_type":"article","og_title":"Alcohol Polivinilico: Comprar Online - Alquera.com","og_description":"ENVIOS EN 24\/48H Comprar Alcohol Polivinilico o PVA, base de muchos adhesivos y utilizado como recubrimiento. Soluble en agua, realizacion de slime.","og_url":"https:\/\/www.alquera.com\/fr\/alcohol-polivinilico\/","og_site_name":"Alquera.com","article_publisher":"https:\/\/www.facebook.com\/alqueraciencia","article_modified_time":"2026-05-12T10:18:45+00:00","og_image":[{"width":800,"height":800,"url":"https:\/\/www.alquera.com\/wp-content\/uploads\/2020\/02\/ALCOHOL-POLIVINILO-2.jpg","type":"image\/jpeg"}],"twitter_card":"summary_large_image","twitter_misc":{"Disponibilit\u00e9":"En stock"},"schema":{"@context":"https:\/\/schema.org","@graph":[{"@type":["WebPage","ItemPage"],"@id":"https:\/\/www.alquera.com\/alcohol-polivinilico\/","url":"https:\/\/www.alquera.com\/alcohol-polivinilico\/","name":"Alcool polyvinylique - Acheter en ligne - Alquera.com","isPartOf":{"@id":"https:\/\/www.alquera.com\/en\/#website"},"primaryImageOfPage":{"@id":"https:\/\/www.alquera.com\/alcohol-polivinilico\/#primaryimage"},"image":{"@id":"https:\/\/www.alquera.com\/alcohol-polivinilico\/#primaryimage"},"thumbnailUrl":"https:\/\/www.alquera.com\/wp-content\/uploads\/2020\/02\/ALCOHOL-POLIVINILO-2.jpg","datePublished":"2020-02-20T15:48:26+00:00","dateModified":"2026-05-12T10:18:45+00:00","description":"ENVIOS EN 24\/48H Comprar Alcohol Polivinilico o PVA, base de muchos adhesivos y utilizado como recubrimiento. Soluble en agua, realizacion de slime.","breadcrumb":{"@id":"https:\/\/www.alquera.com\/alcohol-polivinilico\/#breadcrumb"},"inLanguage":"fr-FR","potentialAction":[{"@type":"ReadAction","target":["https:\/\/www.alquera.com\/alcohol-polivinilico\/"]}]},{"@type":"ImageObject","inLanguage":"fr-FR","@id":"https:\/\/www.alquera.com\/alcohol-polivinilico\/#primaryimage","url":"https:\/\/www.alquera.com\/wp-content\/uploads\/2020\/02\/ALCOHOL-POLIVINILO-2.jpg","contentUrl":"https:\/\/www.alquera.com\/wp-content\/uploads\/2020\/02\/ALCOHOL-POLIVINILO-2.jpg","width":800,"height":800,"caption":"ALCOHOL POLIVINILICO"},{"@type":"BreadcrumbList","@id":"https:\/\/www.alquera.com\/alcohol-polivinilico\/#breadcrumb","itemListElement":[{"@type":"ListItem","position":1,"name":"Inicio","item":"https:\/\/www.alquera.com\/"},{"@type":"ListItem","position":2,"name":"Alquera.com: Tienda Online de Productos Qu\u00edmicos y Material de Laboratorio","item":"https:\/\/www.alquera.com\/en\/tienda\/"},{"@type":"ListItem","position":3,"name":"Alcohol Polivinilico"}]},{"@type":"WebSite","@id":"https:\/\/www.alquera.com\/en\/#website","url":"https:\/\/www.alquera.com\/en\/","name":"Alquera.com","description":"Boutique en ligne Produits chimiques et \u00e9quipements de laboratoire","publisher":{"@id":"https:\/\/www.alquera.com\/en\/#organization"},"potentialAction":[{"@type":"SearchAction","target":{"@type":"EntryPoint","urlTemplate":"https:\/\/www.alquera.com\/en\/?s={search_term_string}"},"query-input":{"@type":"PropertyValueSpecification","valueRequired":true,"valueName":"search_term_string"}}],"inLanguage":"fr-FR"},{"@type":"Organization","@id":"https:\/\/www.alquera.com\/en\/#organization","name":"ALQUERA CIENCIA SL","url":"https:\/\/www.alquera.com\/en\/","logo":{"@type":"ImageObject","inLanguage":"fr-FR","@id":"https:\/\/www.alquera.com\/en\/#\/schema\/logo\/image\/","url":"https:\/\/www.alquera.com\/wp-content\/uploads\/2020\/11\/logo_300_ancho.png","contentUrl":"https:\/\/www.alquera.com\/wp-content\/uploads\/2020\/11\/logo_300_ancho.png","width":300,"height":86,"caption":"ALQUERA CIENCIA SL"},"image":{"@id":"https:\/\/www.alquera.com\/en\/#\/schema\/logo\/image\/"},"sameAs":["https:\/\/www.facebook.com\/alqueraciencia","https:\/\/www.instagram.com\/alquera_ciencia\/","https:\/\/www.youtube.com\/c\/alquera"]}]},"og_availability":"instock","product_availability":"instock","product_retailer_item_id":"ALCS14","product_condition":"new"},"_links":{"self":[{"href":"https:\/\/www.alquera.com\/fr\/wp-json\/wp\/v2\/product\/1250","targetHints":{"allow":["GET"]}}],"collection":[{"href":"https:\/\/www.alquera.com\/fr\/wp-json\/wp\/v2\/product"}],"about":[{"href":"https:\/\/www.alquera.com\/fr\/wp-json\/wp\/v2\/types\/product"}],"replies":[{"embeddable":true,"href":"https:\/\/www.alquera.com\/fr\/wp-json\/wp\/v2\/comments?post=1250"}],"wp:featuredmedia":[{"embeddable":true,"href":"https:\/\/www.alquera.com\/fr\/wp-json\/wp\/v2\/media\/8461"}],"wp:attachment":[{"href":"https:\/\/www.alquera.com\/fr\/wp-json\/wp\/v2\/media?parent=1250"}],"wp:term":[{"taxonomy":"product_brand","embeddable":true,"href":"https:\/\/www.alquera.com\/fr\/wp-json\/wp\/v2\/product_brand?post=1250"},{"taxonomy":"product_cat","embeddable":true,"href":"https:\/\/www.alquera.com\/fr\/wp-json\/wp\/v2\/product_cat?post=1250"},{"taxonomy":"product_tag","embeddable":true,"href":"https:\/\/www.alquera.com\/fr\/wp-json\/wp\/v2\/product_tag?post=1250"}],"curies":[{"name":"wp","href":"https:\/\/api.w.org\/{rel}","templated":true}]}}