{"id":1255,"date":"2020-03-06T12:18:50","date_gmt":"2020-03-06T12:18:50","guid":{"rendered":"http:\/\/localhost\/alquera\/productos\/producto\/kit-experimento-cohete-quimico\/"},"modified":"2025-12-22T12:56:42","modified_gmt":"2025-12-22T12:56:42","slug":"experimento-cohete-quimico","status":"publish","type":"product","link":"https:\/\/www.alquera.com\/fr\/experimento-cohete-quimico\/","title":{"rendered":"R\u00e9action acide-base - Fus\u00e9e chimique - Kit pour 10 utilisations. #Exp3"},"content":{"rendered":"<p>Le kit d'exp\u00e9rience de fus\u00e9e chimique est un kit avec lequel vous pouvez r\u00e9aliser l'exp\u00e9rience de la fus\u00e9e chimique. L'exp\u00e9rience consiste \u00e0 cr\u00e9er une petite fus\u00e9e propuls\u00e9e par du CO2. Le CO2 est form\u00e9 par la r\u00e9action entre l'acide citrique et le bicarbonate de potassium.<\/p>\n<h2>CONTENU DU KIT FUS\u00c9E CHIMIQUE<\/h2>\n<p>Le kit est pr\u00e9vu pour 10-20 utilisations\/personne et contient :<\/p>\n<ul>\n<li>100 grammes <a href=\"https:\/\/www.alquera.com\/fr\/acido-citrico\/\" target=\"_blank\" rel=\"noreferrer noopener\">acide citrique<\/a><\/li>\n<li>100 grammes <a href=\"https:\/\/www.alquera.com\/fr\/bicarbonato-de-potasio\/\">bicarbonate de potassium<\/a><\/li>\n<li>20 b\u00e9chers de 25ml avec 20 couvercles pour fermeture herm\u00e9tique<\/li>\n<\/ul>\n<p>Le kit ne contient pas : papier cellulose (toilette) et cuill\u00e8re.<\/p>\n<h2>D\u00c9TAILL\u00c9E, \u00c9TAPE PAR \u00c9TAPE<\/h2>\n<p>Nous vous montrons la vid\u00e9o d\u00e9taill\u00e9e \u00e9tape par \u00e9tape et vous pouvez \u00e9galement suivre les \u00e9tapes d\u00e9crites ci-dessous.<\/p>\n<div class=\"ast-oembed-container\" style=\"height: 100%;\"><iframe loading=\"lazy\" title=\"#Exp3 Reacci\u00f3n \u00c1cido- Base. (Cohete Qu\u00edmico)\" width=\"500\" height=\"281\" src=\"https:\/\/www.youtube.com\/embed\/rgmKiWiMUgA?feature=oembed\" frameborder=\"0\" allow=\"accelerometer; autoplay; clipboard-write; encrypted-media; gyroscope; picture-in-picture; web-share\" referrerpolicy=\"strict-origin-when-cross-origin\" allowfullscreen><\/iframe><\/div>\n<ol>\n<li>Prenez un verre de 25 ml et remplissez-le \u00e0 moiti\u00e9 d'eau.<\/li>\n<li>Faites tourner le verre pour vous assurer que l'eau couvre tous les c\u00f4t\u00e9s du verre.<\/li>\n<li>Placez un morceau de papier toilette dans le verre au-dessus de l'eau.<\/li>\n<li>Ajoutez une demi-cuill\u00e8re \u00e0 soupe d'acide citrique sur le papier.<\/li>\n<li>Ajoutez une demi-cuill\u00e8re \u00e0 soupe de bicarbonate de potassium au papier.<\/li>\n<li>Couvrez herm\u00e9tiquement le b\u00e9cher avec un couvercle et placez-le sur une surface plane.<\/li>\n<li>Prenez le verre \u00e0 deux mains et retournez-le.<\/li>\n<li>Observez comment la fus\u00e9e est propuls\u00e9e vers le haut en raison de la pression g\u00e9n\u00e9r\u00e9e par la r\u00e9action chimique.<\/li>\n<\/ol>\n<p>Il est important de noter que cette exp\u00e9rience n'est qu'une d\u00e9monstration \u00e0 domicile et ne doit pas \u00eatre tent\u00e9e \u00e0 la maison sans la supervision d'un adulte. En outre, la prudence est de mise lors de la manipulation de l'acide citrique et du bicarbonate de potassium, car ils peuvent irriter la peau et les yeux.<\/p>\n<h2>CE QUE VOUS APPRENEZ DE CETTE EXP\u00c9RIENCE<\/h2>\n<ul>\n<li>Comment fabriquer une exp\u00e9rience de fus\u00e9e artisanale \u00e0 l'aide de mat\u00e9riaux courants ?<\/li>\n<li>Les bases de la r\u00e9action chimique entre un acide et une base<\/li>\n<li>Comment la pression est g\u00e9n\u00e9r\u00e9e et utilis\u00e9e pour alimenter une fus\u00e9e ?<\/li>\n<\/ul>\n<h2><strong>EXPLICATION TECHNIQUE<\/strong><\/h2>\n<p>La r\u00e9action entre l'acide citrique et le bicarbonate de potassium est une r\u00e9action de neutralisation, dans laquelle une r\u00e9action chimique a lieu entre un acide et une base pour former un compos\u00e9 appel\u00e9 sel et de l'eau. La r\u00e9action chimique est la suivante :<\/p>\n<p>C6H8O7 (aq) + KHCO3 (aq) \u2192 K3C6H5O7 (aq) + H2O (l) + CO2 (g)<\/p>\n<p>O\u00f9 C6H8O7 est l'acide citrique, KHCO3 est le bicarbonate de potassium, K3C6H5O7 est le sel citrique form\u00e9 dans la r\u00e9action et H2O est l'eau. Le CO2 est le dioxyde de carbone, qui est lib\u00e9r\u00e9 dans la r\u00e9action sous forme de gaz.<\/p>\n<p>Dans cette r\u00e9action, l'acide citrique et le bicarbonate de potassium se combinent pour former un sel appel\u00e9 citrate de potassium, ainsi que de l'eau et du dioxyde de carbone. La r\u00e9action est exothermique, ce qui signifie que de la chaleur est lib\u00e9r\u00e9e pendant la r\u00e9action chimique.<\/p>\n<p>La r\u00e9action entre l'acide citrique et le bicarbonate de potassium est une r\u00e9action courante en chimie domestique et est utilis\u00e9e pour fabriquer divers produits, tels que des menthes, des tablettes de nettoyage et des produits d'entretien m\u00e9nager.<\/p>\n<h2>TYPE DE R\u00c9ACTION<\/h2>\n<p>La r\u00e9action entre l'acide citrique et le bicarbonate de potassium est une r\u00e9action acide-base. Voir plus <a href=\"https:\/\/www.alquera.com\/fr\/experimentos-de-ciencias\/?_reaccion=reaccion-acido-base\">les r\u00e9actions acide-base<\/a>.<\/p>\n<h2>VOIR D'AUTRES KITS D'EXP\u00c9RIMENTATION<\/h2>\n<div class=\"container-youtube\">Vous pouvez voir d'autres exp\u00e9riences dans cette section : <a href=\"https:\/\/www.alquera.com\/fr\/experimentos-de-ciencias\/\" target=\"_blank\" rel=\"noopener\">Exp\u00e9riences Sciences<\/a><\/div>","protected":false},"excerpt":{"rendered":"<p>Apprenez \u00e0 fabriquer une fus\u00e9e artisanale \u00e0 l'aide d'un b\u00e9cher, d'eau, d'acide citrique et de bicarbonate de potassium ! Cette exp\u00e9rience scientifique amusante vous fera d\u00e9couvrir la chimie de la r\u00e9action entre l'acide et la base et vous permettra de voir comment la pression est g\u00e9n\u00e9r\u00e9e pour propulser la fus\u00e9e vers le haut. Les commandes peuvent \u00eatre pass\u00e9es via le web en ajoutant le produit \u00e0 votre panier et en suivant les \u00e9tapes ci-dessous.<\/p>","protected":false},"featured_media":40482,"comment_status":"open","ping_status":"closed","template":"","meta":{"_acf_changed":false,"site-sidebar-layout":"default","site-content-layout":"default","ast-site-content-layout":"default","site-content-style":"default","site-sidebar-style":"default","ast-global-header-display":"","ast-banner-title-visibility":"","ast-main-header-display":"","ast-hfb-above-header-display":"","ast-hfb-below-header-display":"","ast-hfb-mobile-header-display":"","site-post-title":"","ast-breadcrumbs-content":"","ast-featured-img":"","footer-sml-layout":"","ast-disable-related-posts":"","theme-transparent-header-meta":"default","adv-header-id-meta":"","stick-header-meta":"default","header-above-stick-meta":"","header-main-stick-meta":"","header-below-stick-meta":"","astra-migrate-meta-layouts":"default","ast-page-background-enabled":"default","ast-page-background-meta":{"desktop":{"background-color":"var(--ast-global-color-4)","background-image":"","background-repeat":"repeat","background-position":"center center","background-size":"auto","background-attachment":"scroll","background-type":"","background-media":"","overlay-type":"","overlay-color":"","overlay-opacity":"","overlay-gradient":""},"tablet":{"background-color":"","background-image":"","background-repeat":"repeat","background-position":"center center","background-size":"auto","background-attachment":"scroll","background-type":"","background-media":"","overlay-type":"","overlay-color":"","overlay-opacity":"","overlay-gradient":""},"mobile":{"background-color":"","background-image":"","background-repeat":"repeat","background-position":"center center","background-size":"auto","background-attachment":"scroll","background-type":"","background-media":"","overlay-type":"","overlay-color":"","overlay-opacity":"","overlay-gradient":""}},"ast-content-background-meta":{"desktop":{"background-color":"var(--ast-global-color-5)","background-image":"","background-repeat":"repeat","background-position":"center center","background-size":"auto","background-attachment":"scroll","background-type":"","background-media":"","overlay-type":"","overlay-color":"","overlay-opacity":"","overlay-gradient":""},"tablet":{"background-color":"var(--ast-global-color-5)","background-image":"","background-repeat":"repeat","background-position":"center center","background-size":"auto","background-attachment":"scroll","background-type":"","background-media":"","overlay-type":"","overlay-color":"","overlay-opacity":"","overlay-gradient":""},"mobile":{"background-color":"var(--ast-global-color-5)","background-image":"","background-repeat":"repeat","background-position":"center center","background-size":"auto","background-attachment":"scroll","background-type":"","background-media":"","overlay-type":"","overlay-color":"","overlay-opacity":"","overlay-gradient":""}}},"product_brand":[],"product_cat":[329,21],"product_tag":[],"class_list":{"0":"post-1255","1":"product","2":"type-product","3":"status-publish","4":"has-post-thumbnail","6":"product_cat-experimentos-ciencias","7":"product_cat-productos","8":"desktop-align-left","9":"tablet-align-left","10":"mobile-align-left","11":"ast-product-gallery-layout-horizontal-slider","12":"ast-product-gallery-with-no-image","13":"ast-magnify-disabled","14":"ast-product-tabs-layout-horizontal","15":"ast-qv-on-image","17":"first","18":"instock","19":"sold-individually","20":"taxable","21":"shipping-taxable","22":"purchasable","23":"product-type-simple"},"acf":[],"yoast_head":"<!-- This site is optimized with the Yoast SEO Premium plugin v27.1 (Yoast SEO v27.1.1) - https:\/\/yoast.com\/product\/yoast-seo-premium-wordpress\/ -->\n<title>Reacci\u00f3n \u00c1cido-Base - Cohete Qu\u00edmico - Kit para 10 usos. #Exp3: Comprar Online - Alquera.com<\/title>\n<meta name=\"robots\" content=\"noindex, nofollow\" \/>\n<meta property=\"og:locale\" content=\"fr_FR\" \/>\n<meta property=\"og:type\" content=\"article\" \/>\n<meta property=\"og:title\" content=\"Reacci\u00f3n \u00c1cido-Base - Cohete Qu\u00edmico - Kit para 10 usos. #Exp3: Comprar Online - Alquera.com\" \/>\n<meta property=\"og:description\" content=\"\u00a1Ense\u00f1a a hacer un cohete casero utilizando un vaso, agua, \u00e1cido c\u00edtrico y bicarbonato de potasio! Este divertido experimento cient\u00edfico ense\u00f1ar\u00e1 sobre la qu\u00edmica de la reacci\u00f3n entre \u00e1cido y base y permitir\u00e1 ver c\u00f3mo se genera una presi\u00f3n que impulsa el cohete hacia arriba. Los pedidos se hacen via Web, a\u00f1adiendo el producto al carrito y siguiendo los pasos que se indican m\u00e1s abajo.\" \/>\n<meta property=\"og:url\" content=\"https:\/\/www.alquera.com\/fr\/experimento-cohete-quimico\/\" \/>\n<meta property=\"og:site_name\" content=\"Alquera.com\" \/>\n<meta property=\"article:publisher\" content=\"https:\/\/www.facebook.com\/alqueraciencia\" \/>\n<meta property=\"article:modified_time\" content=\"2025-12-22T12:56:42+00:00\" \/>\n<meta property=\"og:image\" content=\"https:\/\/www.alquera.com\/wp-content\/uploads\/2023\/01\/kit-componentes-1.png\" \/>\n\t<meta property=\"og:image:width\" content=\"900\" \/>\n\t<meta property=\"og:image:height\" content=\"900\" \/>\n\t<meta property=\"og:image:type\" content=\"image\/png\" \/>\n<meta name=\"twitter:card\" content=\"summary_large_image\" \/>\n<meta name=\"twitter:label1\" content=\"Prix\" \/>\n\t<meta name=\"twitter:data1\" content=\"12,90&euro;\" \/>\n\t<meta name=\"twitter:label2\" content=\"Disponibilit\u00e9\" \/>\n\t<meta name=\"twitter:data2\" content=\"En stock\" \/>\n<script type=\"application\/ld+json\" class=\"yoast-schema-graph\">{\"@context\":\"https:\/\/schema.org\",\"@graph\":[{\"@type\":[\"WebPage\",\"ItemPage\"],\"@id\":\"https:\/\/www.alquera.com\/experimento-cohete-quimico\/\",\"url\":\"https:\/\/www.alquera.com\/experimento-cohete-quimico\/\",\"name\":\"Reacci\u00f3n \u00c1cido-Base - Cohete Qu\u00edmico - Kit para 10 usos. #Exp3: Comprar Online - Alquera.com\",\"isPartOf\":{\"@id\":\"https:\/\/www.alquera.com\/en\/#website\"},\"primaryImageOfPage\":{\"@id\":\"https:\/\/www.alquera.com\/experimento-cohete-quimico\/#primaryimage\"},\"image\":{\"@id\":\"https:\/\/www.alquera.com\/experimento-cohete-quimico\/#primaryimage\"},\"thumbnailUrl\":\"https:\/\/www.alquera.com\/wp-content\/uploads\/2023\/01\/kit-componentes-1.png\",\"datePublished\":\"2020-03-06T12:18:50+00:00\",\"dateModified\":\"2025-12-22T12:56:42+00:00\",\"breadcrumb\":{\"@id\":\"https:\/\/www.alquera.com\/experimento-cohete-quimico\/#breadcrumb\"},\"inLanguage\":\"fr-FR\",\"potentialAction\":[{\"@type\":\"ReadAction\",\"target\":[\"https:\/\/www.alquera.com\/experimento-cohete-quimico\/\"]}]},{\"@type\":\"ImageObject\",\"inLanguage\":\"fr-FR\",\"@id\":\"https:\/\/www.alquera.com\/experimento-cohete-quimico\/#primaryimage\",\"url\":\"https:\/\/www.alquera.com\/wp-content\/uploads\/2023\/01\/kit-componentes-1.png\",\"contentUrl\":\"https:\/\/www.alquera.com\/wp-content\/uploads\/2023\/01\/kit-componentes-1.png\",\"width\":900,\"height\":900,\"caption\":\"kit experimento cohete quimico\"},{\"@type\":\"BreadcrumbList\",\"@id\":\"https:\/\/www.alquera.com\/experimento-cohete-quimico\/#breadcrumb\",\"itemListElement\":[{\"@type\":\"ListItem\",\"position\":1,\"name\":\"Inicio\",\"item\":\"https:\/\/www.alquera.com\/\"},{\"@type\":\"ListItem\",\"position\":2,\"name\":\"Alquera.com: Tienda Online de Productos Qu\u00edmicos y Material de Laboratorio\",\"item\":\"https:\/\/www.alquera.com\/en\/tienda\/\"},{\"@type\":\"ListItem\",\"position\":3,\"name\":\"Reacci\u00f3n \u00c1cido-Base &#8211; Cohete Qu\u00edmico &#8211; Kit para 10 usos. #Exp3\"}]},{\"@type\":\"WebSite\",\"@id\":\"https:\/\/www.alquera.com\/en\/#website\",\"url\":\"https:\/\/www.alquera.com\/en\/\",\"name\":\"Alquera.com\",\"description\":\"Tienda Online Productos Qu\u00edmicos y Material de Laboratorio\",\"publisher\":{\"@id\":\"https:\/\/www.alquera.com\/en\/#organization\"},\"potentialAction\":[{\"@type\":\"SearchAction\",\"target\":{\"@type\":\"EntryPoint\",\"urlTemplate\":\"https:\/\/www.alquera.com\/en\/?s={search_term_string}\"},\"query-input\":{\"@type\":\"PropertyValueSpecification\",\"valueRequired\":true,\"valueName\":\"search_term_string\"}}],\"inLanguage\":\"fr-FR\"},{\"@type\":\"Organization\",\"@id\":\"https:\/\/www.alquera.com\/en\/#organization\",\"name\":\"ALQUERA CIENCIA SL\",\"url\":\"https:\/\/www.alquera.com\/en\/\",\"logo\":{\"@type\":\"ImageObject\",\"inLanguage\":\"fr-FR\",\"@id\":\"https:\/\/www.alquera.com\/en\/#\/schema\/logo\/image\/\",\"url\":\"https:\/\/www.alquera.com\/wp-content\/uploads\/2020\/11\/logo_300_ancho.png\",\"contentUrl\":\"https:\/\/www.alquera.com\/wp-content\/uploads\/2020\/11\/logo_300_ancho.png\",\"width\":300,\"height\":86,\"caption\":\"ALQUERA CIENCIA SL\"},\"image\":{\"@id\":\"https:\/\/www.alquera.com\/en\/#\/schema\/logo\/image\/\"},\"sameAs\":[\"https:\/\/www.facebook.com\/alqueraciencia\",\"https:\/\/www.instagram.com\/alquera_ciencia\/\",\"https:\/\/www.youtube.com\/c\/alquera\"]}]}<\/script>\n<meta property=\"product:price:amount\" content=\"12.90\" \/>\n<meta property=\"product:price:currency\" content=\"EUR\" \/>\n<meta property=\"og:availability\" content=\"instock\" \/>\n<meta property=\"product:availability\" content=\"instock\" \/>\n<meta property=\"product:condition\" content=\"new\" \/>\n<!-- \/ Yoast SEO Premium plugin. -->","yoast_head_json":{"title":"R\u00e9action Acide-Base - Fus\u00e9e Chimique - Kit pour 10 utilisations. #Exp3 : Acheter en ligne - Alquera.com","robots":{"index":"noindex","follow":"nofollow"},"og_locale":"fr_FR","og_type":"article","og_title":"Reacci\u00f3n \u00c1cido-Base - Cohete Qu\u00edmico - Kit para 10 usos. #Exp3: Comprar Online - Alquera.com","og_description":"\u00a1Ense\u00f1a a hacer un cohete casero utilizando un vaso, agua, \u00e1cido c\u00edtrico y bicarbonato de potasio! Este divertido experimento cient\u00edfico ense\u00f1ar\u00e1 sobre la qu\u00edmica de la reacci\u00f3n entre \u00e1cido y base y permitir\u00e1 ver c\u00f3mo se genera una presi\u00f3n que impulsa el cohete hacia arriba. Los pedidos se hacen via Web, a\u00f1adiendo el producto al carrito y siguiendo los pasos que se indican m\u00e1s abajo.","og_url":"https:\/\/www.alquera.com\/fr\/experimento-cohete-quimico\/","og_site_name":"Alquera.com","article_publisher":"https:\/\/www.facebook.com\/alqueraciencia","article_modified_time":"2025-12-22T12:56:42+00:00","og_image":[{"width":900,"height":900,"url":"https:\/\/www.alquera.com\/wp-content\/uploads\/2023\/01\/kit-componentes-1.png","type":"image\/png"}],"twitter_card":"summary_large_image","twitter_misc":{"Prix":"12,90&euro;","Disponibilit\u00e9":"En stock"},"schema":{"@context":"https:\/\/schema.org","@graph":[{"@type":["WebPage","ItemPage"],"@id":"https:\/\/www.alquera.com\/experimento-cohete-quimico\/","url":"https:\/\/www.alquera.com\/experimento-cohete-quimico\/","name":"R\u00e9action Acide-Base - Fus\u00e9e Chimique - Kit pour 10 utilisations. #Exp3 : Acheter en ligne - Alquera.com","isPartOf":{"@id":"https:\/\/www.alquera.com\/en\/#website"},"primaryImageOfPage":{"@id":"https:\/\/www.alquera.com\/experimento-cohete-quimico\/#primaryimage"},"image":{"@id":"https:\/\/www.alquera.com\/experimento-cohete-quimico\/#primaryimage"},"thumbnailUrl":"https:\/\/www.alquera.com\/wp-content\/uploads\/2023\/01\/kit-componentes-1.png","datePublished":"2020-03-06T12:18:50+00:00","dateModified":"2025-12-22T12:56:42+00:00","breadcrumb":{"@id":"https:\/\/www.alquera.com\/experimento-cohete-quimico\/#breadcrumb"},"inLanguage":"fr-FR","potentialAction":[{"@type":"ReadAction","target":["https:\/\/www.alquera.com\/experimento-cohete-quimico\/"]}]},{"@type":"ImageObject","inLanguage":"fr-FR","@id":"https:\/\/www.alquera.com\/experimento-cohete-quimico\/#primaryimage","url":"https:\/\/www.alquera.com\/wp-content\/uploads\/2023\/01\/kit-componentes-1.png","contentUrl":"https:\/\/www.alquera.com\/wp-content\/uploads\/2023\/01\/kit-componentes-1.png","width":900,"height":900,"caption":"kit experimento cohete quimico"},{"@type":"BreadcrumbList","@id":"https:\/\/www.alquera.com\/experimento-cohete-quimico\/#breadcrumb","itemListElement":[{"@type":"ListItem","position":1,"name":"Inicio","item":"https:\/\/www.alquera.com\/"},{"@type":"ListItem","position":2,"name":"Alquera.com: Tienda Online de Productos Qu\u00edmicos y Material de Laboratorio","item":"https:\/\/www.alquera.com\/en\/tienda\/"},{"@type":"ListItem","position":3,"name":"Reacci\u00f3n \u00c1cido-Base &#8211; Cohete Qu\u00edmico &#8211; Kit para 10 usos. #Exp3"}]},{"@type":"WebSite","@id":"https:\/\/www.alquera.com\/en\/#website","url":"https:\/\/www.alquera.com\/en\/","name":"Alquera.com","description":"Boutique en ligne Produits chimiques et \u00e9quipements de laboratoire","publisher":{"@id":"https:\/\/www.alquera.com\/en\/#organization"},"potentialAction":[{"@type":"SearchAction","target":{"@type":"EntryPoint","urlTemplate":"https:\/\/www.alquera.com\/en\/?s={search_term_string}"},"query-input":{"@type":"PropertyValueSpecification","valueRequired":true,"valueName":"search_term_string"}}],"inLanguage":"fr-FR"},{"@type":"Organization","@id":"https:\/\/www.alquera.com\/en\/#organization","name":"ALQUERA CIENCIA SL","url":"https:\/\/www.alquera.com\/en\/","logo":{"@type":"ImageObject","inLanguage":"fr-FR","@id":"https:\/\/www.alquera.com\/en\/#\/schema\/logo\/image\/","url":"https:\/\/www.alquera.com\/wp-content\/uploads\/2020\/11\/logo_300_ancho.png","contentUrl":"https:\/\/www.alquera.com\/wp-content\/uploads\/2020\/11\/logo_300_ancho.png","width":300,"height":86,"caption":"ALQUERA CIENCIA SL"},"image":{"@id":"https:\/\/www.alquera.com\/en\/#\/schema\/logo\/image\/"},"sameAs":["https:\/\/www.facebook.com\/alqueraciencia","https:\/\/www.instagram.com\/alquera_ciencia\/","https:\/\/www.youtube.com\/c\/alquera"]}]},"product_price_amount":"12.90","product_price_currency":"EUR","og_availability":"instock","product_availability":"instock","product_condition":"new"},"_links":{"self":[{"href":"https:\/\/www.alquera.com\/fr\/wp-json\/wp\/v2\/product\/1255","targetHints":{"allow":["GET"]}}],"collection":[{"href":"https:\/\/www.alquera.com\/fr\/wp-json\/wp\/v2\/product"}],"about":[{"href":"https:\/\/www.alquera.com\/fr\/wp-json\/wp\/v2\/types\/product"}],"replies":[{"embeddable":true,"href":"https:\/\/www.alquera.com\/fr\/wp-json\/wp\/v2\/comments?post=1255"}],"wp:featuredmedia":[{"embeddable":true,"href":"https:\/\/www.alquera.com\/fr\/wp-json\/wp\/v2\/media\/40482"}],"wp:attachment":[{"href":"https:\/\/www.alquera.com\/fr\/wp-json\/wp\/v2\/media?parent=1255"}],"wp:term":[{"taxonomy":"product_brand","embeddable":true,"href":"https:\/\/www.alquera.com\/fr\/wp-json\/wp\/v2\/product_brand?post=1255"},{"taxonomy":"product_cat","embeddable":true,"href":"https:\/\/www.alquera.com\/fr\/wp-json\/wp\/v2\/product_cat?post=1255"},{"taxonomy":"product_tag","embeddable":true,"href":"https:\/\/www.alquera.com\/fr\/wp-json\/wp\/v2\/product_tag?post=1255"}],"curies":[{"name":"wp","href":"https:\/\/api.w.org\/{rel}","templated":true}]}}