{"id":1256,"date":"2020-03-12T09:53:29","date_gmt":"2020-03-12T09:53:29","guid":{"rendered":"http:\/\/localhost\/alquera\/productos\/producto\/glicerina-usp-vegetal-995-5l\/"},"modified":"2026-05-01T17:20:57","modified_gmt":"2026-05-01T17:20:57","slug":"glicerina","status":"publish","type":"product","link":"https:\/\/www.alquera.com\/fr\/glicerina\/","title":{"rendered":"Glyc\u00e9rine USP V\u00e9g\u00e9tale 99,5%"},"content":{"rendered":"<p>La glyc\u00e9rine est un composant des graisses animales et v\u00e9g\u00e9tales. La glyc\u00e9rine d\u2019origine v\u00e9g\u00e9tale est l\u2019un des composants de base les plus utilis\u00e9s dans la fabrication de cr\u00e8mes, \u00e9mulsionn\u00e9s avec d\u2019autres huiles pour leur donner les propri\u00e9t\u00e9s. La glyc\u00e9rine v\u00e9g\u00e9tale est liquide \u00e0 25\u00ba, hygroscopique et incolore. Vous pouvez \u00e9galement trouver du savon \u00e0 base de glyc\u00e9rine, dans ce cas ce ne serait pas de la glyc\u00e9rine pure, mais c\u2019est une somme de composants qui vous donnent un savon \u00e0 base de glyc\u00e9rine en barre pour que vous puissiez faire vos savons \u00e0 base de glyc\u00e9rine.<\/p>\n<h2>IDENTIFICATION ET PROPI\u00c9T\u00c9S<\/h2>\n<p><strong>Nom:<\/strong> Glyc\u00e9rine 99,5% USP d\u2019origine v\u00e9g\u00e9tale EP\/E422<br \/>\n<strong>Synonyme:<\/strong> Glyc\u00e9rol, 1,2,3-Propanetriol<br \/>\n<strong>CAS:<\/strong> 56-81-5<br \/>\n<strong>CE:<\/strong> 200-289-5<br \/>\n<strong>Contenu:<\/strong> &gt; 99,5%<\/p>\n<ul>\n<li>Apparence\u00a0: Liquide incolore visqueux<\/li>\n<li>Odeur: Sans odeur<\/li>\n<li>pH: Aprox. 5 \u00e0 100 g\/l 20\u00baC<\/li>\n<li>Point de fusion: 18\u00baC<\/li>\n<li>Point d\u2019\u00e9bullition\u00a0: 290\u00baC \u00e0 1013 hPa (d\u00e9composition)<\/li>\n<li>Point d'inflammation: &gt;160\u00baC<\/li>\n<li>Limites d'explosivit\u00e9: Inf\u00e9rieure: 2,6% Sup\u00e9rieure: 11,3%<\/li>\n<li>Presion de vapeur (20\u00baC): &lt;000,1 hPa<\/li>\n<li>Densit\u00e9 relative de vapeur (air=1)\u00a0: 3,18<\/li>\n<li>Densit\u00e9 (15\u00baC): 0,78 - 0,82  g\/cm3<\/li>\n<li>Solubilit\u00e9 dans l'eau: Soluble<\/li>\n<li>Coefficient de partage n-octanol\/eau\u00a0: Log Pow\u00a0: -1,76. Aucune bioaccumulation.<\/li>\n<li>Temp\u00e9rature d'auto-inflammation: &gt;400\u00baC<\/li>\n<li>Temp\u00e9rature de d\u00e9composition: &gt;290\u00baC<\/li>\n<li>Viscosit\u00e9, dinamique (20\u00baC): 1,412 mPas<\/li>\n<li>Propi\u00e9t\u00e9s explosives: Non explosif<\/li>\n<li>Propi\u00e9t\u00e9s comburantes: Non comburant<\/li>\n<\/ul>\n<h2>USAGES<\/h2>\n<ul>\n<li>Mati\u00e8re premi\u00e8re pour cosm\u00e9tiques<\/li>\n<\/ul>\n<p>&nbsp;<\/p>","protected":false},"excerpt":{"rendered":"<p>Acheter Glyc\u00e9rine USP V\u00e9g\u00e9tale 99,5% en 1L ou 5L. Le prix des diff\u00e9rents formats de Glyc\u00e9rine vous pouvez le voir en s\u00e9lectionnant le format que vous souhaitez. La commande se r\u00e9alise directement par la web et vous devez suivre les \u00e9tapes indiqu\u00e9es. L'envoie se fait par UPS et vous le recevrez dans 4-5 jours.<\/p>","protected":false},"featured_media":8427,"comment_status":"open","ping_status":"closed","template":"","meta":{"_acf_changed":false,"site-sidebar-layout":"default","site-content-layout":"default","ast-site-content-layout":"default","site-content-style":"default","site-sidebar-style":"default","ast-global-header-display":"","ast-banner-title-visibility":"","ast-main-header-display":"","ast-hfb-above-header-display":"","ast-hfb-below-header-display":"","ast-hfb-mobile-header-display":"","site-post-title":"","ast-breadcrumbs-content":"","ast-featured-img":"","footer-sml-layout":"","ast-disable-related-posts":"","theme-transparent-header-meta":"default","adv-header-id-meta":"","stick-header-meta":"default","header-above-stick-meta":"","header-main-stick-meta":"","header-below-stick-meta":"","astra-migrate-meta-layouts":"default","ast-page-background-enabled":"default","ast-page-background-meta":{"desktop":{"background-color":"var(--ast-global-color-4)","background-image":"","background-repeat":"repeat","background-position":"center center","background-size":"auto","background-attachment":"scroll","background-type":"","background-media":"","overlay-type":"","overlay-color":"","overlay-opacity":"","overlay-gradient":""},"tablet":{"background-color":"","background-image":"","background-repeat":"repeat","background-position":"center center","background-size":"auto","background-attachment":"scroll","background-type":"","background-media":"","overlay-type":"","overlay-color":"","overlay-opacity":"","overlay-gradient":""},"mobile":{"background-color":"","background-image":"","background-repeat":"repeat","background-position":"center center","background-size":"auto","background-attachment":"scroll","background-type":"","background-media":"","overlay-type":"","overlay-color":"","overlay-opacity":"","overlay-gradient":""}},"ast-content-background-meta":{"desktop":{"background-color":"var(--ast-global-color-5)","background-image":"","background-repeat":"repeat","background-position":"center center","background-size":"auto","background-attachment":"scroll","background-type":"","background-media":"","overlay-type":"","overlay-color":"","overlay-opacity":"","overlay-gradient":""},"tablet":{"background-color":"var(--ast-global-color-5)","background-image":"","background-repeat":"repeat","background-position":"center center","background-size":"auto","background-attachment":"scroll","background-type":"","background-media":"","overlay-type":"","overlay-color":"","overlay-opacity":"","overlay-gradient":""},"mobile":{"background-color":"var(--ast-global-color-5)","background-image":"","background-repeat":"repeat","background-position":"center center","background-size":"auto","background-attachment":"scroll","background-type":"","background-media":"","overlay-type":"","overlay-color":"","overlay-opacity":"","overlay-gradient":""}}},"product_brand":[],"product_cat":[21],"product_tag":[],"class_list":{"0":"post-1256","1":"product","2":"type-product","3":"status-publish","4":"has-post-thumbnail","6":"product_cat-productos","7":"pa_cantidad-1l","8":"pa_cantidad-5l","9":"pa_cantidad-25l-2","10":"desktop-align-left","11":"tablet-align-left","12":"mobile-align-left","13":"ast-product-gallery-layout-horizontal-slider","14":"ast-product-gallery-with-no-image","15":"ast-magnify-disabled","16":"ast-product-single-variable","17":"ast-product-tabs-layout-horizontal","18":"ast-qv-on-image","20":"first","21":"instock","22":"taxable","23":"shipping-taxable","24":"purchasable","25":"product-type-variable","26":"has-default-attributes"},"acf":[],"yoast_head":"<!-- This site is optimized with the Yoast SEO Premium plugin v27.1 (Yoast SEO v27.1.1) - https:\/\/yoast.com\/product\/yoast-seo-premium-wordpress\/ -->\n<title>Glicerina USP Vegetal 99,5% 1L - 5L - Alquera.com<\/title>\n<meta name=\"description\" content=\"ENV\u00cdOS EN 24\/48H. Comprar Glicerina Vegetal en Alquera. Fabricaci\u00f3n de hidrogeles, cremas, emulsi\u00f3n con aceites.\" \/>\n<meta name=\"robots\" content=\"index, follow, max-snippet:-1, max-image-preview:large, max-video-preview:-1\" \/>\n<link rel=\"canonical\" href=\"https:\/\/www.alquera.com\/fr\/glicerina\/\" \/>\n<meta property=\"og:locale\" content=\"fr_FR\" \/>\n<meta property=\"og:type\" content=\"article\" \/>\n<meta property=\"og:title\" content=\"Glicerina USP Vegetal 99,5%: Comprar Online - Alquera.com\" \/>\n<meta property=\"og:description\" content=\"ENV\u00cdOS EN 24\/48H. Comprar Glicerina Vegetal en Alquera. Fabricaci\u00f3n de hidrogeles, cremas, emulsi\u00f3n con aceites.\" \/>\n<meta property=\"og:url\" content=\"https:\/\/www.alquera.com\/fr\/glicerina\/\" \/>\n<meta property=\"og:site_name\" content=\"Alquera.com\" \/>\n<meta property=\"article:publisher\" content=\"https:\/\/www.facebook.com\/alqueraciencia\" \/>\n<meta property=\"article:modified_time\" content=\"2026-05-01T17:20:57+00:00\" \/>\n<meta property=\"og:image\" content=\"https:\/\/www.alquera.com\/wp-content\/uploads\/2020\/03\/GLICERINA-VEGETAL-1L_AMAZON.jpg\" \/>\n\t<meta property=\"og:image:width\" content=\"800\" \/>\n\t<meta property=\"og:image:height\" content=\"785\" \/>\n\t<meta property=\"og:image:type\" content=\"image\/jpeg\" \/>\n<meta name=\"twitter:card\" content=\"summary_large_image\" \/>\n<meta name=\"twitter:label1\" content=\"Disponibilit\u00e9\" \/>\n\t<meta name=\"twitter:data1\" content=\"En stock\" \/>\n<script type=\"application\/ld+json\" class=\"yoast-schema-graph\">{\"@context\":\"https:\/\/schema.org\",\"@graph\":[{\"@type\":[\"WebPage\",\"ItemPage\"],\"@id\":\"https:\/\/www.alquera.com\/glicerina\/\",\"url\":\"https:\/\/www.alquera.com\/glicerina\/\",\"name\":\"Glicerina USP Vegetal 99,5% 1L - 5L - Alquera.com\",\"isPartOf\":{\"@id\":\"https:\/\/www.alquera.com\/en\/#website\"},\"primaryImageOfPage\":{\"@id\":\"https:\/\/www.alquera.com\/glicerina\/#primaryimage\"},\"image\":{\"@id\":\"https:\/\/www.alquera.com\/glicerina\/#primaryimage\"},\"thumbnailUrl\":\"https:\/\/www.alquera.com\/wp-content\/uploads\/2020\/03\/GLICERINA-VEGETAL-1L_AMAZON.jpg\",\"datePublished\":\"2020-03-12T09:53:29+00:00\",\"dateModified\":\"2026-05-01T17:20:57+00:00\",\"description\":\"ENV\u00cdOS EN 24\/48H. Comprar Glicerina Vegetal en Alquera. Fabricaci\u00f3n de hidrogeles, cremas, emulsi\u00f3n con aceites.\",\"breadcrumb\":{\"@id\":\"https:\/\/www.alquera.com\/glicerina\/#breadcrumb\"},\"inLanguage\":\"fr-FR\",\"potentialAction\":[{\"@type\":\"ReadAction\",\"target\":[\"https:\/\/www.alquera.com\/glicerina\/\"]}]},{\"@type\":\"ImageObject\",\"inLanguage\":\"fr-FR\",\"@id\":\"https:\/\/www.alquera.com\/glicerina\/#primaryimage\",\"url\":\"https:\/\/www.alquera.com\/wp-content\/uploads\/2020\/03\/GLICERINA-VEGETAL-1L_AMAZON.jpg\",\"contentUrl\":\"https:\/\/www.alquera.com\/wp-content\/uploads\/2020\/03\/GLICERINA-VEGETAL-1L_AMAZON.jpg\",\"width\":800,\"height\":785,\"caption\":\"GLICERINA VEGETAL\"},{\"@type\":\"BreadcrumbList\",\"@id\":\"https:\/\/www.alquera.com\/glicerina\/#breadcrumb\",\"itemListElement\":[{\"@type\":\"ListItem\",\"position\":1,\"name\":\"Inicio\",\"item\":\"https:\/\/www.alquera.com\/\"},{\"@type\":\"ListItem\",\"position\":2,\"name\":\"Alquera.com: Tienda Online de Productos Qu\u00edmicos y Material de Laboratorio\",\"item\":\"https:\/\/www.alquera.com\/en\/tienda\/\"},{\"@type\":\"ListItem\",\"position\":3,\"name\":\"Glicerina USP Vegetal 99,5%\"}]},{\"@type\":\"WebSite\",\"@id\":\"https:\/\/www.alquera.com\/en\/#website\",\"url\":\"https:\/\/www.alquera.com\/en\/\",\"name\":\"Alquera.com\",\"description\":\"Tienda Online Productos Qu\u00edmicos y Material de Laboratorio\",\"publisher\":{\"@id\":\"https:\/\/www.alquera.com\/en\/#organization\"},\"potentialAction\":[{\"@type\":\"SearchAction\",\"target\":{\"@type\":\"EntryPoint\",\"urlTemplate\":\"https:\/\/www.alquera.com\/en\/?s={search_term_string}\"},\"query-input\":{\"@type\":\"PropertyValueSpecification\",\"valueRequired\":true,\"valueName\":\"search_term_string\"}}],\"inLanguage\":\"fr-FR\"},{\"@type\":\"Organization\",\"@id\":\"https:\/\/www.alquera.com\/en\/#organization\",\"name\":\"ALQUERA CIENCIA SL\",\"url\":\"https:\/\/www.alquera.com\/en\/\",\"logo\":{\"@type\":\"ImageObject\",\"inLanguage\":\"fr-FR\",\"@id\":\"https:\/\/www.alquera.com\/en\/#\/schema\/logo\/image\/\",\"url\":\"https:\/\/www.alquera.com\/wp-content\/uploads\/2020\/11\/logo_300_ancho.png\",\"contentUrl\":\"https:\/\/www.alquera.com\/wp-content\/uploads\/2020\/11\/logo_300_ancho.png\",\"width\":300,\"height\":86,\"caption\":\"ALQUERA CIENCIA SL\"},\"image\":{\"@id\":\"https:\/\/www.alquera.com\/en\/#\/schema\/logo\/image\/\"},\"sameAs\":[\"https:\/\/www.facebook.com\/alqueraciencia\",\"https:\/\/www.instagram.com\/alquera_ciencia\/\",\"https:\/\/www.youtube.com\/c\/alquera\"]}]}<\/script>\n<meta property=\"og:availability\" content=\"instock\" \/>\n<meta property=\"product:availability\" content=\"instock\" \/>\n<meta property=\"product:retailer_item_id\" content=\"ALCS2\" \/>\n<meta property=\"product:condition\" content=\"new\" \/>\n<!-- \/ Yoast SEO Premium plugin. -->","yoast_head_json":{"title":"Glyc\u00e9rine USP v\u00e9g\u00e9tale 99,5% 1L - 5L - Alquera.com","description":"ENVOIS EN 24\/48H. Acheter Glyc\u00e9rine v\u00e9g\u00e9tale \u00e0 Alquera. Fabrication d\u2019hydrogels, cr\u00e8mes, \u00e9mulsion avec des huiles.","robots":{"index":"index","follow":"follow","max-snippet":"max-snippet:-1","max-image-preview":"max-image-preview:large","max-video-preview":"max-video-preview:-1"},"canonical":"https:\/\/www.alquera.com\/fr\/glicerina\/","og_locale":"fr_FR","og_type":"article","og_title":"Glicerina USP Vegetal 99,5%: Comprar Online - Alquera.com","og_description":"ENV\u00cdOS EN 24\/48H. Comprar Glicerina Vegetal en Alquera. Fabricaci\u00f3n de hidrogeles, cremas, emulsi\u00f3n con aceites.","og_url":"https:\/\/www.alquera.com\/fr\/glicerina\/","og_site_name":"Alquera.com","article_publisher":"https:\/\/www.facebook.com\/alqueraciencia","article_modified_time":"2026-05-01T17:20:57+00:00","og_image":[{"width":800,"height":785,"url":"https:\/\/www.alquera.com\/wp-content\/uploads\/2020\/03\/GLICERINA-VEGETAL-1L_AMAZON.jpg","type":"image\/jpeg"}],"twitter_card":"summary_large_image","twitter_misc":{"Disponibilit\u00e9":"En stock"},"schema":{"@context":"https:\/\/schema.org","@graph":[{"@type":["WebPage","ItemPage"],"@id":"https:\/\/www.alquera.com\/glicerina\/","url":"https:\/\/www.alquera.com\/glicerina\/","name":"Glyc\u00e9rine USP v\u00e9g\u00e9tale 99,5% 1L - 5L - Alquera.com","isPartOf":{"@id":"https:\/\/www.alquera.com\/en\/#website"},"primaryImageOfPage":{"@id":"https:\/\/www.alquera.com\/glicerina\/#primaryimage"},"image":{"@id":"https:\/\/www.alquera.com\/glicerina\/#primaryimage"},"thumbnailUrl":"https:\/\/www.alquera.com\/wp-content\/uploads\/2020\/03\/GLICERINA-VEGETAL-1L_AMAZON.jpg","datePublished":"2020-03-12T09:53:29+00:00","dateModified":"2026-05-01T17:20:57+00:00","description":"ENVOIS EN 24\/48H. Acheter Glyc\u00e9rine v\u00e9g\u00e9tale \u00e0 Alquera. Fabrication d\u2019hydrogels, cr\u00e8mes, \u00e9mulsion avec des huiles.","breadcrumb":{"@id":"https:\/\/www.alquera.com\/glicerina\/#breadcrumb"},"inLanguage":"fr-FR","potentialAction":[{"@type":"ReadAction","target":["https:\/\/www.alquera.com\/glicerina\/"]}]},{"@type":"ImageObject","inLanguage":"fr-FR","@id":"https:\/\/www.alquera.com\/glicerina\/#primaryimage","url":"https:\/\/www.alquera.com\/wp-content\/uploads\/2020\/03\/GLICERINA-VEGETAL-1L_AMAZON.jpg","contentUrl":"https:\/\/www.alquera.com\/wp-content\/uploads\/2020\/03\/GLICERINA-VEGETAL-1L_AMAZON.jpg","width":800,"height":785,"caption":"GLICERINA VEGETAL"},{"@type":"BreadcrumbList","@id":"https:\/\/www.alquera.com\/glicerina\/#breadcrumb","itemListElement":[{"@type":"ListItem","position":1,"name":"Inicio","item":"https:\/\/www.alquera.com\/"},{"@type":"ListItem","position":2,"name":"Alquera.com: Tienda Online de Productos Qu\u00edmicos y Material de Laboratorio","item":"https:\/\/www.alquera.com\/en\/tienda\/"},{"@type":"ListItem","position":3,"name":"Glicerina USP Vegetal 99,5%"}]},{"@type":"WebSite","@id":"https:\/\/www.alquera.com\/en\/#website","url":"https:\/\/www.alquera.com\/en\/","name":"Alquera.com","description":"Boutique en ligne Produits chimiques et \u00e9quipements de laboratoire","publisher":{"@id":"https:\/\/www.alquera.com\/en\/#organization"},"potentialAction":[{"@type":"SearchAction","target":{"@type":"EntryPoint","urlTemplate":"https:\/\/www.alquera.com\/en\/?s={search_term_string}"},"query-input":{"@type":"PropertyValueSpecification","valueRequired":true,"valueName":"search_term_string"}}],"inLanguage":"fr-FR"},{"@type":"Organization","@id":"https:\/\/www.alquera.com\/en\/#organization","name":"ALQUERA CIENCIA SL","url":"https:\/\/www.alquera.com\/en\/","logo":{"@type":"ImageObject","inLanguage":"fr-FR","@id":"https:\/\/www.alquera.com\/en\/#\/schema\/logo\/image\/","url":"https:\/\/www.alquera.com\/wp-content\/uploads\/2020\/11\/logo_300_ancho.png","contentUrl":"https:\/\/www.alquera.com\/wp-content\/uploads\/2020\/11\/logo_300_ancho.png","width":300,"height":86,"caption":"ALQUERA CIENCIA SL"},"image":{"@id":"https:\/\/www.alquera.com\/en\/#\/schema\/logo\/image\/"},"sameAs":["https:\/\/www.facebook.com\/alqueraciencia","https:\/\/www.instagram.com\/alquera_ciencia\/","https:\/\/www.youtube.com\/c\/alquera"]}]},"og_availability":"instock","product_availability":"instock","product_retailer_item_id":"ALCS2","product_condition":"new"},"_links":{"self":[{"href":"https:\/\/www.alquera.com\/fr\/wp-json\/wp\/v2\/product\/1256","targetHints":{"allow":["GET"]}}],"collection":[{"href":"https:\/\/www.alquera.com\/fr\/wp-json\/wp\/v2\/product"}],"about":[{"href":"https:\/\/www.alquera.com\/fr\/wp-json\/wp\/v2\/types\/product"}],"replies":[{"embeddable":true,"href":"https:\/\/www.alquera.com\/fr\/wp-json\/wp\/v2\/comments?post=1256"}],"wp:featuredmedia":[{"embeddable":true,"href":"https:\/\/www.alquera.com\/fr\/wp-json\/wp\/v2\/media\/8427"}],"wp:attachment":[{"href":"https:\/\/www.alquera.com\/fr\/wp-json\/wp\/v2\/media?parent=1256"}],"wp:term":[{"taxonomy":"product_brand","embeddable":true,"href":"https:\/\/www.alquera.com\/fr\/wp-json\/wp\/v2\/product_brand?post=1256"},{"taxonomy":"product_cat","embeddable":true,"href":"https:\/\/www.alquera.com\/fr\/wp-json\/wp\/v2\/product_cat?post=1256"},{"taxonomy":"product_tag","embeddable":true,"href":"https:\/\/www.alquera.com\/fr\/wp-json\/wp\/v2\/product_tag?post=1256"}],"curies":[{"name":"wp","href":"https:\/\/api.w.org\/{rel}","templated":true}]}}