{"id":1258,"date":"2020-06-19T17:54:42","date_gmt":"2020-06-19T17:54:42","guid":{"rendered":"http:\/\/localhost\/alquera\/productos\/producto\/vaso-de-precipitados-forma-baja-1000ml-2\/"},"modified":"2026-02-23T16:12:13","modified_gmt":"2026-02-23T16:12:13","slug":"vaso-de-precipitados","status":"publish","type":"product","link":"https:\/\/www.alquera.com\/fr\/vaso-de-precipitados\/","title":{"rendered":"B\u00e9cher forme basse, Verre Borosilicate"},"content":{"rendered":"<ul>\n<li>B\u00e9cher de forme basse<\/li>\n<li>Fabricado en vidrio borosilicato LBG 3.3. Conforme \u00e0 la norme DIN 12331<\/li>\n<li>avec un bec<\/li>\n<\/ul>\n<p>A\u00a0<b>b\u00e9cher<\/b> est un r\u00e9cipient fin qui est couramment utilis\u00e9 en laboratoire pour pr\u00e9parer ou chauffer des substances, pour mesurer ou manipuler des liquides.<\/p>\n<p>Les gobelets que vous trouvez \u00e0 Alquera sont en borosilicate et sont dipl\u00f4m\u00e9s. La graduation est inexacte, bien qu\u2019elle soit valable pour des mesures tr\u00e8s approximatives des volumes, elle ne devrait pas \u00eatre utilis\u00e9e pour des mesures de volume n\u00e9cessitant une grande pr\u00e9cision.<\/p>\n<h2>B\u00c9CHERS DE BOROSILICATE<\/h2>\n<p>Los vasos de laboratorio o de precipitados de Alquera son de vidrio de borosilicato. El vidrio de borosilicato tiene menor coeficiente de dilaci\u00f3n que el vidrio com\u00fan (aprox 1\/3). Esto lo hace m\u00e1s resistente a los cambios de temperatura que el vidrio com\u00fan.<\/p>\n<p>Le verre borosilicat\u00e9 commence \u00e0 ramollir \u00e0 environ 821 C.<\/p>","protected":false},"excerpt":{"rendered":"<p class=\"ai-optimize-47\">Acheter B\u00e9cher Forme Basse Verre en Borosilicate 3.3. Dans diff\u00e9rentes mesures, 100ml, 250ml, 500ml et 1000ml.\u00a0 La commande est faite directement sur le Web en suivant les \u00e9tapes indiqu\u00e9es. Vous pouvez voir le prix des b\u00e9chers en s\u00e9lectionnant le format \/ la quantit\u00e9 de b\u00e9chers.<\/p>","protected":false},"featured_media":35895,"comment_status":"open","ping_status":"closed","template":"","meta":{"_acf_changed":false,"site-sidebar-layout":"default","site-content-layout":"default","ast-site-content-layout":"default","site-content-style":"default","site-sidebar-style":"default","ast-global-header-display":"","ast-banner-title-visibility":"","ast-main-header-display":"","ast-hfb-above-header-display":"","ast-hfb-below-header-display":"","ast-hfb-mobile-header-display":"","site-post-title":"","ast-breadcrumbs-content":"","ast-featured-img":"","footer-sml-layout":"","ast-disable-related-posts":"","theme-transparent-header-meta":"default","adv-header-id-meta":"","stick-header-meta":"default","header-above-stick-meta":"","header-main-stick-meta":"","header-below-stick-meta":"","astra-migrate-meta-layouts":"set","ast-page-background-enabled":"default","ast-page-background-meta":{"desktop":{"background-color":"var(--ast-global-color-4)","background-image":"","background-repeat":"repeat","background-position":"center center","background-size":"auto","background-attachment":"scroll","background-type":"","background-media":"","overlay-type":"","overlay-color":"","overlay-opacity":"","overlay-gradient":""},"tablet":{"background-color":"","background-image":"","background-repeat":"repeat","background-position":"center center","background-size":"auto","background-attachment":"scroll","background-type":"","background-media":"","overlay-type":"","overlay-color":"","overlay-opacity":"","overlay-gradient":""},"mobile":{"background-color":"","background-image":"","background-repeat":"repeat","background-position":"center center","background-size":"auto","background-attachment":"scroll","background-type":"","background-media":"","overlay-type":"","overlay-color":"","overlay-opacity":"","overlay-gradient":""}},"ast-content-background-meta":{"desktop":{"background-color":"var(--ast-global-color-5)","background-image":"","background-repeat":"repeat","background-position":"center center","background-size":"auto","background-attachment":"scroll","background-type":"","background-media":"","overlay-type":"","overlay-color":"","overlay-opacity":"","overlay-gradient":""},"tablet":{"background-color":"var(--ast-global-color-5)","background-image":"","background-repeat":"repeat","background-position":"center center","background-size":"auto","background-attachment":"scroll","background-type":"","background-media":"","overlay-type":"","overlay-color":"","overlay-opacity":"","overlay-gradient":""},"mobile":{"background-color":"var(--ast-global-color-5)","background-image":"","background-repeat":"repeat","background-position":"center center","background-size":"auto","background-attachment":"scroll","background-type":"","background-media":"","overlay-type":"","overlay-color":"","overlay-opacity":"","overlay-gradient":""}}},"product_brand":[],"product_cat":[389,21,26],"product_tag":[],"class_list":{"0":"post-1258","1":"product","2":"type-product","3":"status-publish","4":"has-post-thumbnail","6":"product_cat-vasos-de-precipitado","7":"product_cat-productos","8":"product_cat-material-de-laboratorio","9":"pa_cantidad-50ml","10":"pa_cantidad-100ml","11":"pa_cantidad-250ml","12":"pa_cantidad-500ml","13":"pa_cantidad-1000ml","14":"pa_cantidad-2000ml","15":"pa_cantidad-3000ml","16":"pa_cantidad-5000ml","17":"pa_unidades-247","18":"pa_unidades-388","19":"pa_unidades-249","20":"desktop-align-left","21":"tablet-align-left","22":"mobile-align-left","23":"ast-product-gallery-layout-horizontal-slider","24":"ast-product-gallery-with-no-image","25":"ast-magnify-disabled","26":"ast-product-single-variable","27":"ast-product-tabs-layout-horizontal","28":"ast-qv-on-image","30":"first","31":"instock","32":"taxable","33":"shipping-taxable","34":"purchasable","35":"product-type-variable","36":"has-default-attributes"},"acf":[],"yoast_head":"<!-- This site is optimized with the Yoast SEO Premium plugin v27.1 (Yoast SEO v27.1.1) - https:\/\/yoast.com\/product\/yoast-seo-premium-wordpress\/ -->\n<title>Vaso de Precipitados: Comprar Online - Alquera.com<\/title>\n<meta name=\"description\" content=\"ENV\u00cdOS EN 24\/48H. Comprar Vasos de Precipitados de vidrio de Borosilicato 3.3. Con pico y con graduaci\u00f3n. 100ml, 250ml, 500ml, 1000ml\" \/>\n<meta name=\"robots\" content=\"index, follow, max-snippet:-1, max-image-preview:large, max-video-preview:-1\" \/>\n<link rel=\"canonical\" href=\"https:\/\/www.alquera.com\/fr\/vaso-de-precipitados\/\" \/>\n<meta property=\"og:locale\" content=\"fr_FR\" \/>\n<meta property=\"og:type\" content=\"article\" \/>\n<meta property=\"og:title\" content=\"Vaso de Precipitados Vidrio Forma Baja: Comprar Online - Alquera.com\" \/>\n<meta property=\"og:description\" content=\"ENV\u00cdOS EN 24\/48H. Comprar Vasos de Precipitados de vidrio de Borosilicato 3.3. Con pico y con graduaci\u00f3n. 100ml, 250ml, 500ml, 1000ml\" \/>\n<meta property=\"og:url\" content=\"https:\/\/www.alquera.com\/fr\/vaso-de-precipitados\/\" \/>\n<meta property=\"og:site_name\" content=\"Alquera.com\" \/>\n<meta property=\"article:publisher\" content=\"https:\/\/www.facebook.com\/alqueraciencia\" \/>\n<meta property=\"article:modified_time\" content=\"2026-02-23T16:12:13+00:00\" \/>\n<meta property=\"og:image\" content=\"https:\/\/www.alquera.com\/wp-content\/uploads\/2020\/06\/VASO-DE-PRECIPITADOS.png\" \/>\n\t<meta property=\"og:image:width\" content=\"400\" \/>\n\t<meta property=\"og:image:height\" content=\"400\" \/>\n\t<meta property=\"og:image:type\" content=\"image\/png\" \/>\n<meta name=\"twitter:card\" content=\"summary_large_image\" \/>\n<meta name=\"twitter:label1\" content=\"Disponibilit\u00e9\" \/>\n\t<meta name=\"twitter:data1\" content=\"En stock\" \/>\n<script type=\"application\/ld+json\" class=\"yoast-schema-graph\">{\"@context\":\"https:\/\/schema.org\",\"@graph\":[{\"@type\":[\"WebPage\",\"ItemPage\"],\"@id\":\"https:\/\/www.alquera.com\/vaso-de-precipitados\/\",\"url\":\"https:\/\/www.alquera.com\/vaso-de-precipitados\/\",\"name\":\"Vaso de Precipitados: Comprar Online - Alquera.com\",\"isPartOf\":{\"@id\":\"https:\/\/www.alquera.com\/en\/#website\"},\"primaryImageOfPage\":{\"@id\":\"https:\/\/www.alquera.com\/vaso-de-precipitados\/#primaryimage\"},\"image\":{\"@id\":\"https:\/\/www.alquera.com\/vaso-de-precipitados\/#primaryimage\"},\"thumbnailUrl\":\"https:\/\/www.alquera.com\/wp-content\/uploads\/2020\/06\/VASO-DE-PRECIPITADOS.png\",\"datePublished\":\"2020-06-19T17:54:42+00:00\",\"dateModified\":\"2026-02-23T16:12:13+00:00\",\"description\":\"ENV\u00cdOS EN 24\/48H. Comprar Vasos de Precipitados de vidrio de Borosilicato 3.3. Con pico y con graduaci\u00f3n. 100ml, 250ml, 500ml, 1000ml\",\"breadcrumb\":{\"@id\":\"https:\/\/www.alquera.com\/vaso-de-precipitados\/#breadcrumb\"},\"inLanguage\":\"fr-FR\",\"potentialAction\":[{\"@type\":\"ReadAction\",\"target\":[\"https:\/\/www.alquera.com\/vaso-de-precipitados\/\"]}]},{\"@type\":\"ImageObject\",\"inLanguage\":\"fr-FR\",\"@id\":\"https:\/\/www.alquera.com\/vaso-de-precipitados\/#primaryimage\",\"url\":\"https:\/\/www.alquera.com\/wp-content\/uploads\/2020\/06\/VASO-DE-PRECIPITADOS.png\",\"contentUrl\":\"https:\/\/www.alquera.com\/wp-content\/uploads\/2020\/06\/VASO-DE-PRECIPITADOS.png\",\"width\":400,\"height\":400,\"caption\":\"VASO DE PRECIPITADOS\"},{\"@type\":\"BreadcrumbList\",\"@id\":\"https:\/\/www.alquera.com\/vaso-de-precipitados\/#breadcrumb\",\"itemListElement\":[{\"@type\":\"ListItem\",\"position\":1,\"name\":\"Inicio\",\"item\":\"https:\/\/www.alquera.com\/\"},{\"@type\":\"ListItem\",\"position\":2,\"name\":\"Alquera.com: Tienda Online de Productos Qu\u00edmicos y Material de Laboratorio\",\"item\":\"https:\/\/www.alquera.com\/en\/tienda\/\"},{\"@type\":\"ListItem\",\"position\":3,\"name\":\"Vaso de Precipitados Vidrio Forma Baja\"}]},{\"@type\":\"WebSite\",\"@id\":\"https:\/\/www.alquera.com\/en\/#website\",\"url\":\"https:\/\/www.alquera.com\/en\/\",\"name\":\"Alquera.com\",\"description\":\"Tienda Online Productos Qu\u00edmicos y Material de Laboratorio\",\"publisher\":{\"@id\":\"https:\/\/www.alquera.com\/en\/#organization\"},\"potentialAction\":[{\"@type\":\"SearchAction\",\"target\":{\"@type\":\"EntryPoint\",\"urlTemplate\":\"https:\/\/www.alquera.com\/en\/?s={search_term_string}\"},\"query-input\":{\"@type\":\"PropertyValueSpecification\",\"valueRequired\":true,\"valueName\":\"search_term_string\"}}],\"inLanguage\":\"fr-FR\"},{\"@type\":\"Organization\",\"@id\":\"https:\/\/www.alquera.com\/en\/#organization\",\"name\":\"ALQUERA CIENCIA SL\",\"url\":\"https:\/\/www.alquera.com\/en\/\",\"logo\":{\"@type\":\"ImageObject\",\"inLanguage\":\"fr-FR\",\"@id\":\"https:\/\/www.alquera.com\/en\/#\/schema\/logo\/image\/\",\"url\":\"https:\/\/www.alquera.com\/wp-content\/uploads\/2020\/11\/logo_300_ancho.png\",\"contentUrl\":\"https:\/\/www.alquera.com\/wp-content\/uploads\/2020\/11\/logo_300_ancho.png\",\"width\":300,\"height\":86,\"caption\":\"ALQUERA CIENCIA SL\"},\"image\":{\"@id\":\"https:\/\/www.alquera.com\/en\/#\/schema\/logo\/image\/\"},\"sameAs\":[\"https:\/\/www.facebook.com\/alqueraciencia\",\"https:\/\/www.instagram.com\/alquera_ciencia\/\",\"https:\/\/www.youtube.com\/c\/alquera\"]}]}<\/script>\n<meta property=\"og:availability\" content=\"instock\" \/>\n<meta property=\"product:availability\" content=\"instock\" \/>\n<meta property=\"product:condition\" content=\"new\" \/>\n<!-- \/ Yoast SEO Premium plugin. -->","yoast_head_json":{"title":"B\u00e9cher pr\u00e9cipit\u00e9 : Acheter en ligne - Alquera.com","description":"EXP\u00c9DITION EN 24\/48H. Acheter Verres pr\u00e9cipit\u00e9s en verre borosilicat\u00e9 3.3. Avec bec et graduation. 100ml, 250ml, 500ml, 1000ml","robots":{"index":"index","follow":"follow","max-snippet":"max-snippet:-1","max-image-preview":"max-image-preview:large","max-video-preview":"max-video-preview:-1"},"canonical":"https:\/\/www.alquera.com\/fr\/vaso-de-precipitados\/","og_locale":"fr_FR","og_type":"article","og_title":"Vaso de Precipitados Vidrio Forma Baja: Comprar Online - Alquera.com","og_description":"ENV\u00cdOS EN 24\/48H. Comprar Vasos de Precipitados de vidrio de Borosilicato 3.3. Con pico y con graduaci\u00f3n. 100ml, 250ml, 500ml, 1000ml","og_url":"https:\/\/www.alquera.com\/fr\/vaso-de-precipitados\/","og_site_name":"Alquera.com","article_publisher":"https:\/\/www.facebook.com\/alqueraciencia","article_modified_time":"2026-02-23T16:12:13+00:00","og_image":[{"width":400,"height":400,"url":"https:\/\/www.alquera.com\/wp-content\/uploads\/2020\/06\/VASO-DE-PRECIPITADOS.png","type":"image\/png"}],"twitter_card":"summary_large_image","twitter_misc":{"Disponibilit\u00e9":"En stock"},"schema":{"@context":"https:\/\/schema.org","@graph":[{"@type":["WebPage","ItemPage"],"@id":"https:\/\/www.alquera.com\/vaso-de-precipitados\/","url":"https:\/\/www.alquera.com\/vaso-de-precipitados\/","name":"B\u00e9cher pr\u00e9cipit\u00e9 : Acheter en ligne - Alquera.com","isPartOf":{"@id":"https:\/\/www.alquera.com\/en\/#website"},"primaryImageOfPage":{"@id":"https:\/\/www.alquera.com\/vaso-de-precipitados\/#primaryimage"},"image":{"@id":"https:\/\/www.alquera.com\/vaso-de-precipitados\/#primaryimage"},"thumbnailUrl":"https:\/\/www.alquera.com\/wp-content\/uploads\/2020\/06\/VASO-DE-PRECIPITADOS.png","datePublished":"2020-06-19T17:54:42+00:00","dateModified":"2026-02-23T16:12:13+00:00","description":"EXP\u00c9DITION EN 24\/48H. Acheter Verres pr\u00e9cipit\u00e9s en verre borosilicat\u00e9 3.3. Avec bec et graduation. 100ml, 250ml, 500ml, 1000ml","breadcrumb":{"@id":"https:\/\/www.alquera.com\/vaso-de-precipitados\/#breadcrumb"},"inLanguage":"fr-FR","potentialAction":[{"@type":"ReadAction","target":["https:\/\/www.alquera.com\/vaso-de-precipitados\/"]}]},{"@type":"ImageObject","inLanguage":"fr-FR","@id":"https:\/\/www.alquera.com\/vaso-de-precipitados\/#primaryimage","url":"https:\/\/www.alquera.com\/wp-content\/uploads\/2020\/06\/VASO-DE-PRECIPITADOS.png","contentUrl":"https:\/\/www.alquera.com\/wp-content\/uploads\/2020\/06\/VASO-DE-PRECIPITADOS.png","width":400,"height":400,"caption":"VASO DE PRECIPITADOS"},{"@type":"BreadcrumbList","@id":"https:\/\/www.alquera.com\/vaso-de-precipitados\/#breadcrumb","itemListElement":[{"@type":"ListItem","position":1,"name":"Inicio","item":"https:\/\/www.alquera.com\/"},{"@type":"ListItem","position":2,"name":"Alquera.com: Tienda Online de Productos Qu\u00edmicos y Material de Laboratorio","item":"https:\/\/www.alquera.com\/en\/tienda\/"},{"@type":"ListItem","position":3,"name":"Vaso de Precipitados Vidrio Forma Baja"}]},{"@type":"WebSite","@id":"https:\/\/www.alquera.com\/en\/#website","url":"https:\/\/www.alquera.com\/en\/","name":"Alquera.com","description":"Boutique en ligne Produits chimiques et \u00e9quipements de laboratoire","publisher":{"@id":"https:\/\/www.alquera.com\/en\/#organization"},"potentialAction":[{"@type":"SearchAction","target":{"@type":"EntryPoint","urlTemplate":"https:\/\/www.alquera.com\/en\/?s={search_term_string}"},"query-input":{"@type":"PropertyValueSpecification","valueRequired":true,"valueName":"search_term_string"}}],"inLanguage":"fr-FR"},{"@type":"Organization","@id":"https:\/\/www.alquera.com\/en\/#organization","name":"ALQUERA CIENCIA SL","url":"https:\/\/www.alquera.com\/en\/","logo":{"@type":"ImageObject","inLanguage":"fr-FR","@id":"https:\/\/www.alquera.com\/en\/#\/schema\/logo\/image\/","url":"https:\/\/www.alquera.com\/wp-content\/uploads\/2020\/11\/logo_300_ancho.png","contentUrl":"https:\/\/www.alquera.com\/wp-content\/uploads\/2020\/11\/logo_300_ancho.png","width":300,"height":86,"caption":"ALQUERA CIENCIA SL"},"image":{"@id":"https:\/\/www.alquera.com\/en\/#\/schema\/logo\/image\/"},"sameAs":["https:\/\/www.facebook.com\/alqueraciencia","https:\/\/www.instagram.com\/alquera_ciencia\/","https:\/\/www.youtube.com\/c\/alquera"]}]},"og_availability":"instock","product_availability":"instock","product_condition":"new"},"_links":{"self":[{"href":"https:\/\/www.alquera.com\/fr\/wp-json\/wp\/v2\/product\/1258","targetHints":{"allow":["GET"]}}],"collection":[{"href":"https:\/\/www.alquera.com\/fr\/wp-json\/wp\/v2\/product"}],"about":[{"href":"https:\/\/www.alquera.com\/fr\/wp-json\/wp\/v2\/types\/product"}],"replies":[{"embeddable":true,"href":"https:\/\/www.alquera.com\/fr\/wp-json\/wp\/v2\/comments?post=1258"}],"wp:featuredmedia":[{"embeddable":true,"href":"https:\/\/www.alquera.com\/fr\/wp-json\/wp\/v2\/media\/35895"}],"wp:attachment":[{"href":"https:\/\/www.alquera.com\/fr\/wp-json\/wp\/v2\/media?parent=1258"}],"wp:term":[{"taxonomy":"product_brand","embeddable":true,"href":"https:\/\/www.alquera.com\/fr\/wp-json\/wp\/v2\/product_brand?post=1258"},{"taxonomy":"product_cat","embeddable":true,"href":"https:\/\/www.alquera.com\/fr\/wp-json\/wp\/v2\/product_cat?post=1258"},{"taxonomy":"product_tag","embeddable":true,"href":"https:\/\/www.alquera.com\/fr\/wp-json\/wp\/v2\/product_tag?post=1258"}],"curies":[{"name":"wp","href":"https:\/\/api.w.org\/{rel}","templated":true}]}}