{"id":1271,"date":"2020-09-17T11:52:43","date_gmt":"2020-09-17T11:52:43","guid":{"rendered":"http:\/\/localhost\/alquera\/productos\/producto\/nitrato-de-potasio\/"},"modified":"2026-05-12T14:35:58","modified_gmt":"2026-05-12T14:35:58","slug":"nitrato-de-potasio","status":"publish","type":"product","link":"https:\/\/www.alquera.com\/fr\/nitrato-de-potasio\/","title":{"rendered":"Nitrate de Potassium"},"content":{"rendered":"<p>El nitrato de potasio es un compuesto cuyo uso, con pureza del 90%, en el 75% de los casos es como fertilizante. Tambi\u00e9n conocido como Nitrato de potasio, Nitrato pot\u00e1sico, Nitrato de potasa y de f\u00f3rmula qu\u00edmica KNO3. Como fertilizante para plantas es el encargado de dar el aporte de nitr\u00f3geno a las plantas, uno de los nutrientes principales. Es un polvo cristalino suelto que se disuelve r\u00e1pidamente en el agua sin dejar residuo. Puede aplicarse utilizando cualquier sistema de fertiirrigaci\u00f3n. El nitr\u00f3geno n\u00edtrico y el potasio que aporta favorecen respectivamente al desarrollo de la planta y a la calidad del cultivo.<\/p>\n<h2>IDENTIFICACI\u00d3N Y PROPIEDADES<\/h2>\n<p><strong>Nombre:<\/strong> Nitrato de Potasio<br \/>\n<strong>Sin\u00f3nimos:<\/strong> Nitrato pot\u00e1sico, Nitrato de potasa, Salitre<br \/>\n<strong>F\u00f3rmula qu\u00edmica:<\/strong> KNO3<br \/>\n<strong>CE:<\/strong> 231-818-8<br \/>\n<strong>CAS:<\/strong> 7757-79-1<\/p>\n<ul>\n<li>Estado f\u00edsico : s\u00f3lido (S\u00f3lido cristalino) de color : Blanco y Olor : Inodoro.<\/li>\n<li>pH : 6 &#8211; 9 [Conc. (% p\/p): 50 g\/l].<\/li>\n<li>Punto de fusi\u00f3n\/punto de congelaci\u00f3n: 335 \u00b0C.<\/li>\n<li>Punto inicial de ebullici\u00f3n e intervalo de ebullici\u00f3n: Temperatura de descomposici\u00f3n: &gt; 600 \u00b0C.<\/li>\n<li>Inflamabilidad (s\u00f3lido, gas) : Ininflamable.<\/li>\n<li>Densidad : 2,1 g\/cm3 @ 20 \u00b0C.<\/li>\n<li>Propiedades comburentes : Oxidante.<\/li>\n<li>Solubilidad en agua : 320 g\/l @ 20 \u00b0C.<\/li>\n<\/ul>\n<h2>USOS<\/h2>\n<ul>\n<li>USO industrial para preparar mezclas de productos qu\u00edmicos<\/li>\n<li>Preparaci\u00f3n profesional de productos fertilizantes<\/li>\n<li>USO profesional como fertilizante en finca agr\u00edcola: carga y esparcimiento.<\/li>\n<li>USO profesional como fertilizante en invernaderos<\/li>\n<li>USO profesional como fertilizante l\u00edquido en campo abierto<\/li>\n<li>USO profesional como fertilizante: mantenimiento del equipo<\/li>\n<\/ul>\n<h2>KNO3 PARA PLANTAS<\/h2>\n<p>En la pesta\u00f1a de nitrato de potasio para plantas puedes leer m\u00e1s informaci\u00f3n detallada sobre el nitrato de potasio para plantas.<\/p>\n<h2>M\u00c1S INFORMACI\u00d3N DE INTER\u00c9S<\/h2>\n<h3>FERTILIZANTES SEGUN EL CULTIVO.<\/h3>\n<p>En este enlace puedes ver informaci\u00f3n sobre los fertilizantes que necesita cada tipo de cultivo. <a href=\"https:\/\/www.yara.es\/nutricion-vegetal\/cultivos\/\" target=\"_blank\" rel=\"noopener noreferrer\">Fertilizantes-cultivo<\/a><\/p>\n","protected":false},"excerpt":{"rendered":"<p><strong>Acheter Nitrate de Potassium<\/strong> dans Alquera.  Le nitrate de potassium est un compos\u00e9 dont l\u2019utilisation, avec une puret\u00e9 de 90%, dans 75% des cas est comme engrais. Aussi connu sous le nom de nitrate de potassium, de nitrate de potassium, de nitrate de potasse et de formule chimique KNO3. En tant qu\u2019engrais pour plantes, il est responsable de l\u2019apport d\u2019azote aux plantes. Habituellement utilis\u00e9 avec le <a href=\"https:\/\/www.alquera.com\/fr\/sulfato-de-potasio\/\">Sulfate de Potassium<\/a>, <a href=\"https:\/\/www.alquera.com\/fr\/fosfato-monopotasico\/\">phosphate monopotassique<\/a>Pour les aquariums, nous avons un <a href=\"https:\/\/www.alquera.com\/fr\/pack-acuario\/\">Pack Aquarium<\/a><\/p>","protected":false},"featured_media":8379,"comment_status":"open","ping_status":"closed","template":"","meta":{"_acf_changed":false,"site-sidebar-layout":"default","site-content-layout":"default","ast-site-content-layout":"default","site-content-style":"default","site-sidebar-style":"default","ast-global-header-display":"","ast-banner-title-visibility":"","ast-main-header-display":"","ast-hfb-above-header-display":"","ast-hfb-below-header-display":"","ast-hfb-mobile-header-display":"","site-post-title":"","ast-breadcrumbs-content":"","ast-featured-img":"","footer-sml-layout":"","ast-disable-related-posts":"","theme-transparent-header-meta":"default","adv-header-id-meta":"","stick-header-meta":"default","header-above-stick-meta":"","header-main-stick-meta":"","header-below-stick-meta":"","astra-migrate-meta-layouts":"set","ast-page-background-enabled":"default","ast-page-background-meta":{"desktop":{"background-color":"var(--ast-global-color-4)","background-image":"","background-repeat":"repeat","background-position":"center center","background-size":"auto","background-attachment":"scroll","background-type":"","background-media":"","overlay-type":"","overlay-color":"","overlay-opacity":"","overlay-gradient":""},"tablet":{"background-color":"","background-image":"","background-repeat":"repeat","background-position":"center center","background-size":"auto","background-attachment":"scroll","background-type":"","background-media":"","overlay-type":"","overlay-color":"","overlay-opacity":"","overlay-gradient":""},"mobile":{"background-color":"","background-image":"","background-repeat":"repeat","background-position":"center center","background-size":"auto","background-attachment":"scroll","background-type":"","background-media":"","overlay-type":"","overlay-color":"","overlay-opacity":"","overlay-gradient":""}},"ast-content-background-meta":{"desktop":{"background-color":"var(--ast-global-color-5)","background-image":"","background-repeat":"repeat","background-position":"center center","background-size":"auto","background-attachment":"scroll","background-type":"","background-media":"","overlay-type":"","overlay-color":"","overlay-opacity":"","overlay-gradient":""},"tablet":{"background-color":"var(--ast-global-color-5)","background-image":"","background-repeat":"repeat","background-position":"center center","background-size":"auto","background-attachment":"scroll","background-type":"","background-media":"","overlay-type":"","overlay-color":"","overlay-opacity":"","overlay-gradient":""},"mobile":{"background-color":"var(--ast-global-color-5)","background-image":"","background-repeat":"repeat","background-position":"center center","background-size":"auto","background-attachment":"scroll","background-type":"","background-media":"","overlay-type":"","overlay-color":"","overlay-opacity":"","overlay-gradient":""}}},"product_brand":[],"product_cat":[213],"product_tag":[],"class_list":{"0":"post-1271","1":"product","2":"type-product","3":"status-publish","4":"has-post-thumbnail","6":"product_cat-agroquimicos","7":"pa_cantidad-250g","8":"pa_cantidad-1kg","9":"pa_cantidad-5kg","10":"pa_cantidad-25kg","11":"desktop-align-left","12":"tablet-align-left","13":"mobile-align-left","14":"ast-product-gallery-layout-horizontal-slider","15":"ast-magnify-disabled","16":"ast-product-single-variable","17":"ast-product-tabs-layout-horizontal","18":"ast-qv-on-image","20":"first","21":"instock","22":"taxable","23":"shipping-taxable","24":"purchasable","25":"product-type-variable","26":"has-default-attributes"},"acf":[],"yoast_head":"<!-- This site is optimized with the Yoast SEO Premium plugin v27.1 (Yoast SEO v27.1.1) - https:\/\/yoast.com\/product\/yoast-seo-premium-wordpress\/ -->\n<title>Nitrato de Potasio: Comprar - Alquera.com<\/title>\n<meta name=\"description\" content=\"ENV\u00cdOS EN 24\/48H. Comprar Nitrato de potasio o pot\u00e1sico en Alquera, Abono simple para dar el aporte de nitr\u00f3geno que necesitan las plantas.\" \/>\n<meta name=\"robots\" content=\"index, follow, max-snippet:-1, max-image-preview:large, max-video-preview:-1\" \/>\n<link rel=\"canonical\" href=\"https:\/\/www.alquera.com\/fr\/nitrato-de-potasio\/\" \/>\n<meta property=\"og:locale\" content=\"fr_FR\" \/>\n<meta property=\"og:type\" content=\"article\" \/>\n<meta property=\"og:title\" content=\"Nitrato de Potasio: Comprar Online - Alquera.com\" \/>\n<meta property=\"og:description\" content=\"ENV\u00cdOS EN 24\/48H. Comprar Nitrato de potasio o pot\u00e1sico en Alquera, Abono simple para dar el aporte de nitr\u00f3geno que necesitan las plantas.\" \/>\n<meta property=\"og:url\" content=\"https:\/\/www.alquera.com\/fr\/nitrato-de-potasio\/\" \/>\n<meta property=\"og:site_name\" content=\"Alquera.com\" \/>\n<meta property=\"article:publisher\" content=\"https:\/\/www.facebook.com\/alqueraciencia\" \/>\n<meta property=\"article:modified_time\" content=\"2026-05-12T14:35:58+00:00\" \/>\n<meta property=\"og:image\" content=\"https:\/\/www.alquera.com\/wp-content\/uploads\/2020\/09\/NITRATO-DE-POTASIO-1KG.jpg\" \/>\n\t<meta property=\"og:image:width\" content=\"800\" \/>\n\t<meta property=\"og:image:height\" content=\"781\" \/>\n\t<meta property=\"og:image:type\" content=\"image\/jpeg\" \/>\n<meta name=\"twitter:card\" content=\"summary_large_image\" \/>\n<meta name=\"twitter:label1\" content=\"Disponibilit\u00e9\" \/>\n\t<meta name=\"twitter:data1\" content=\"En stock\" \/>\n<script type=\"application\/ld+json\" class=\"yoast-schema-graph\">{\"@context\":\"https:\/\/schema.org\",\"@graph\":[{\"@type\":[\"WebPage\",\"ItemPage\"],\"@id\":\"https:\/\/www.alquera.com\/nitrato-de-potasio\/\",\"url\":\"https:\/\/www.alquera.com\/nitrato-de-potasio\/\",\"name\":\"Nitrato de Potasio: Comprar - Alquera.com\",\"isPartOf\":{\"@id\":\"https:\/\/www.alquera.com\/en\/#website\"},\"primaryImageOfPage\":{\"@id\":\"https:\/\/www.alquera.com\/nitrato-de-potasio\/#primaryimage\"},\"image\":{\"@id\":\"https:\/\/www.alquera.com\/nitrato-de-potasio\/#primaryimage\"},\"thumbnailUrl\":\"https:\/\/www.alquera.com\/wp-content\/uploads\/2020\/09\/NITRATO-DE-POTASIO-1KG.jpg\",\"datePublished\":\"2020-09-17T11:52:43+00:00\",\"dateModified\":\"2026-05-12T14:35:58+00:00\",\"description\":\"ENV\u00cdOS EN 24\/48H. Comprar Nitrato de potasio o pot\u00e1sico en Alquera, Abono simple para dar el aporte de nitr\u00f3geno que necesitan las plantas.\",\"breadcrumb\":{\"@id\":\"https:\/\/www.alquera.com\/nitrato-de-potasio\/#breadcrumb\"},\"inLanguage\":\"fr-FR\",\"potentialAction\":[{\"@type\":\"ReadAction\",\"target\":[\"https:\/\/www.alquera.com\/nitrato-de-potasio\/\"]}]},{\"@type\":\"ImageObject\",\"inLanguage\":\"fr-FR\",\"@id\":\"https:\/\/www.alquera.com\/nitrato-de-potasio\/#primaryimage\",\"url\":\"https:\/\/www.alquera.com\/wp-content\/uploads\/2020\/09\/NITRATO-DE-POTASIO-1KG.jpg\",\"contentUrl\":\"https:\/\/www.alquera.com\/wp-content\/uploads\/2020\/09\/NITRATO-DE-POTASIO-1KG.jpg\",\"width\":800,\"height\":781,\"caption\":\"Nitrato de Potasio\"},{\"@type\":\"BreadcrumbList\",\"@id\":\"https:\/\/www.alquera.com\/nitrato-de-potasio\/#breadcrumb\",\"itemListElement\":[{\"@type\":\"ListItem\",\"position\":1,\"name\":\"Inicio\",\"item\":\"https:\/\/www.alquera.com\/\"},{\"@type\":\"ListItem\",\"position\":2,\"name\":\"Alquera.com: Tienda Online de Productos Qu\u00edmicos y Material de Laboratorio\",\"item\":\"https:\/\/www.alquera.com\/en\/tienda\/\"},{\"@type\":\"ListItem\",\"position\":3,\"name\":\"Nitrato de Potasio\"}]},{\"@type\":\"WebSite\",\"@id\":\"https:\/\/www.alquera.com\/en\/#website\",\"url\":\"https:\/\/www.alquera.com\/en\/\",\"name\":\"Alquera.com\",\"description\":\"Tienda Online Productos Qu\u00edmicos y Material de Laboratorio\",\"publisher\":{\"@id\":\"https:\/\/www.alquera.com\/en\/#organization\"},\"potentialAction\":[{\"@type\":\"SearchAction\",\"target\":{\"@type\":\"EntryPoint\",\"urlTemplate\":\"https:\/\/www.alquera.com\/en\/?s={search_term_string}\"},\"query-input\":{\"@type\":\"PropertyValueSpecification\",\"valueRequired\":true,\"valueName\":\"search_term_string\"}}],\"inLanguage\":\"fr-FR\"},{\"@type\":\"Organization\",\"@id\":\"https:\/\/www.alquera.com\/en\/#organization\",\"name\":\"ALQUERA CIENCIA SL\",\"url\":\"https:\/\/www.alquera.com\/en\/\",\"logo\":{\"@type\":\"ImageObject\",\"inLanguage\":\"fr-FR\",\"@id\":\"https:\/\/www.alquera.com\/en\/#\/schema\/logo\/image\/\",\"url\":\"https:\/\/www.alquera.com\/wp-content\/uploads\/2020\/11\/logo_300_ancho.png\",\"contentUrl\":\"https:\/\/www.alquera.com\/wp-content\/uploads\/2020\/11\/logo_300_ancho.png\",\"width\":300,\"height\":86,\"caption\":\"ALQUERA CIENCIA SL\"},\"image\":{\"@id\":\"https:\/\/www.alquera.com\/en\/#\/schema\/logo\/image\/\"},\"sameAs\":[\"https:\/\/www.facebook.com\/alqueraciencia\",\"https:\/\/www.instagram.com\/alquera_ciencia\/\",\"https:\/\/www.youtube.com\/c\/alquera\"]}]}<\/script>\n<meta property=\"product:brand\" content=\"Alquera\" \/>\n<meta property=\"og:availability\" content=\"instock\" \/>\n<meta property=\"product:availability\" content=\"instock\" \/>\n<meta property=\"product:retailer_item_id\" content=\"Z5-WE2K-VQLR\" \/>\n<meta property=\"product:condition\" content=\"new\" \/>\n<!-- \/ Yoast SEO Premium plugin. -->","yoast_head_json":{"title":"Nitrate de potassium : Acheter - Alquera.com","description":"EXP\u00c9DITION EN 24\/48H. Acheter Nitrate de potassium ou de potassium \u00e0 Alquera, Engrais simple pour donner l\u2019apport d\u2019azote dont les plantes ont besoin.","robots":{"index":"index","follow":"follow","max-snippet":"max-snippet:-1","max-image-preview":"max-image-preview:large","max-video-preview":"max-video-preview:-1"},"canonical":"https:\/\/www.alquera.com\/fr\/nitrato-de-potasio\/","og_locale":"fr_FR","og_type":"article","og_title":"Nitrato de Potasio: Comprar Online - Alquera.com","og_description":"ENV\u00cdOS EN 24\/48H. Comprar Nitrato de potasio o pot\u00e1sico en Alquera, Abono simple para dar el aporte de nitr\u00f3geno que necesitan las plantas.","og_url":"https:\/\/www.alquera.com\/fr\/nitrato-de-potasio\/","og_site_name":"Alquera.com","article_publisher":"https:\/\/www.facebook.com\/alqueraciencia","article_modified_time":"2026-05-12T14:35:58+00:00","og_image":[{"width":800,"height":781,"url":"https:\/\/www.alquera.com\/wp-content\/uploads\/2020\/09\/NITRATO-DE-POTASIO-1KG.jpg","type":"image\/jpeg"}],"twitter_card":"summary_large_image","twitter_misc":{"Disponibilit\u00e9":"En stock"},"schema":{"@context":"https:\/\/schema.org","@graph":[{"@type":["WebPage","ItemPage"],"@id":"https:\/\/www.alquera.com\/nitrato-de-potasio\/","url":"https:\/\/www.alquera.com\/nitrato-de-potasio\/","name":"Nitrate de potassium : Acheter - Alquera.com","isPartOf":{"@id":"https:\/\/www.alquera.com\/en\/#website"},"primaryImageOfPage":{"@id":"https:\/\/www.alquera.com\/nitrato-de-potasio\/#primaryimage"},"image":{"@id":"https:\/\/www.alquera.com\/nitrato-de-potasio\/#primaryimage"},"thumbnailUrl":"https:\/\/www.alquera.com\/wp-content\/uploads\/2020\/09\/NITRATO-DE-POTASIO-1KG.jpg","datePublished":"2020-09-17T11:52:43+00:00","dateModified":"2026-05-12T14:35:58+00:00","description":"EXP\u00c9DITION EN 24\/48H. Acheter Nitrate de potassium ou de potassium \u00e0 Alquera, Engrais simple pour donner l\u2019apport d\u2019azote dont les plantes ont besoin.","breadcrumb":{"@id":"https:\/\/www.alquera.com\/nitrato-de-potasio\/#breadcrumb"},"inLanguage":"fr-FR","potentialAction":[{"@type":"ReadAction","target":["https:\/\/www.alquera.com\/nitrato-de-potasio\/"]}]},{"@type":"ImageObject","inLanguage":"fr-FR","@id":"https:\/\/www.alquera.com\/nitrato-de-potasio\/#primaryimage","url":"https:\/\/www.alquera.com\/wp-content\/uploads\/2020\/09\/NITRATO-DE-POTASIO-1KG.jpg","contentUrl":"https:\/\/www.alquera.com\/wp-content\/uploads\/2020\/09\/NITRATO-DE-POTASIO-1KG.jpg","width":800,"height":781,"caption":"Nitrato de Potasio"},{"@type":"BreadcrumbList","@id":"https:\/\/www.alquera.com\/nitrato-de-potasio\/#breadcrumb","itemListElement":[{"@type":"ListItem","position":1,"name":"Inicio","item":"https:\/\/www.alquera.com\/"},{"@type":"ListItem","position":2,"name":"Alquera.com: Tienda Online de Productos Qu\u00edmicos y Material de Laboratorio","item":"https:\/\/www.alquera.com\/en\/tienda\/"},{"@type":"ListItem","position":3,"name":"Nitrato de Potasio"}]},{"@type":"WebSite","@id":"https:\/\/www.alquera.com\/en\/#website","url":"https:\/\/www.alquera.com\/en\/","name":"Alquera.com","description":"Boutique en ligne Produits chimiques et \u00e9quipements de laboratoire","publisher":{"@id":"https:\/\/www.alquera.com\/en\/#organization"},"potentialAction":[{"@type":"SearchAction","target":{"@type":"EntryPoint","urlTemplate":"https:\/\/www.alquera.com\/en\/?s={search_term_string}"},"query-input":{"@type":"PropertyValueSpecification","valueRequired":true,"valueName":"search_term_string"}}],"inLanguage":"fr-FR"},{"@type":"Organization","@id":"https:\/\/www.alquera.com\/en\/#organization","name":"ALQUERA CIENCIA SL","url":"https:\/\/www.alquera.com\/en\/","logo":{"@type":"ImageObject","inLanguage":"fr-FR","@id":"https:\/\/www.alquera.com\/en\/#\/schema\/logo\/image\/","url":"https:\/\/www.alquera.com\/wp-content\/uploads\/2020\/11\/logo_300_ancho.png","contentUrl":"https:\/\/www.alquera.com\/wp-content\/uploads\/2020\/11\/logo_300_ancho.png","width":300,"height":86,"caption":"ALQUERA CIENCIA SL"},"image":{"@id":"https:\/\/www.alquera.com\/en\/#\/schema\/logo\/image\/"},"sameAs":["https:\/\/www.facebook.com\/alqueraciencia","https:\/\/www.instagram.com\/alquera_ciencia\/","https:\/\/www.youtube.com\/c\/alquera"]}]},"product_brand":"Alquera","og_availability":"instock","product_availability":"instock","product_retailer_item_id":"Z5-WE2K-VQLR","product_condition":"new"},"_links":{"self":[{"href":"https:\/\/www.alquera.com\/fr\/wp-json\/wp\/v2\/product\/1271","targetHints":{"allow":["GET"]}}],"collection":[{"href":"https:\/\/www.alquera.com\/fr\/wp-json\/wp\/v2\/product"}],"about":[{"href":"https:\/\/www.alquera.com\/fr\/wp-json\/wp\/v2\/types\/product"}],"replies":[{"embeddable":true,"href":"https:\/\/www.alquera.com\/fr\/wp-json\/wp\/v2\/comments?post=1271"}],"wp:featuredmedia":[{"embeddable":true,"href":"https:\/\/www.alquera.com\/fr\/wp-json\/wp\/v2\/media\/8379"}],"wp:attachment":[{"href":"https:\/\/www.alquera.com\/fr\/wp-json\/wp\/v2\/media?parent=1271"}],"wp:term":[{"taxonomy":"product_brand","embeddable":true,"href":"https:\/\/www.alquera.com\/fr\/wp-json\/wp\/v2\/product_brand?post=1271"},{"taxonomy":"product_cat","embeddable":true,"href":"https:\/\/www.alquera.com\/fr\/wp-json\/wp\/v2\/product_cat?post=1271"},{"taxonomy":"product_tag","embeddable":true,"href":"https:\/\/www.alquera.com\/fr\/wp-json\/wp\/v2\/product_tag?post=1271"}],"curies":[{"name":"wp","href":"https:\/\/api.w.org\/{rel}","templated":true}]}}