{"id":32775,"date":"2021-01-29T09:52:16","date_gmt":"2021-01-29T09:52:16","guid":{"rendered":"https:\/\/www.alquera.com\/?post_type=product&#038;p=32775"},"modified":"2026-03-30T14:56:24","modified_gmt":"2026-03-30T14:56:24","slug":"azul-de-metileno-1","status":"publish","type":"product","link":"https:\/\/www.alquera.com\/fr\/azul-de-metileno-1\/","title":{"rendered":"Bleu de M\u00e9thyl\u00e8ne 1%"},"content":{"rendered":"<p>Le bleu de m\u00e9thyl\u00e8ne, \u00e9galement appel\u00e9 chlorure de m\u00e9thylthionine, est un colorant organique aux fonctions multiples. Il est \u00e9galement connu sous le nom de chlorure de m\u00e9thylthionine. Il a un grand pouvoir comme antiseptique et cicatrisant. Il est utilis\u00e9 en aculture avec des poissons tropicaux pour traiter les infiitions fongiques. Il sert \u00e0 \u00e9liminer certains des parasites les plus courants pr\u00e9sents dans l\u2019aquarium, Il peut \u00eatre efficace pour traiter les poissons infect\u00e9s par le parasite protozoal, champignon de l\u2019algodoncilo rotozoa ich\u00a0: Ichthyophthirius multifiliis, ainsi pour d\u00e9sinfecter et gu\u00e9rir les plaies chez les poissons. <span class=\"a-list-item\">Pour une utilisation directe dans les aquariums\u00a0: solution \u00e0 1%. Dosage\u00a0: 1 goutte de solution \u00e0 1% pour 1 litre d\u2019eau.<\/span><\/p>\n<h2>IDENTIFICATION ET PROPI\u00c9T\u00c9S<\/h2>\n<p><strong>Nom:<\/strong> Bleu de M\u00e9thyl\u00e8ne<br \/>\n<strong>Concentration :<\/strong> 1%<\/p>\n<ul>\n<li>\u00c9tat physique (20\u00baC) : Liquide+<\/li>\n<li>Couleur: Bleu<\/li>\n<li>Odeur: Sans odeur<\/li>\n<li>Point d'\u00e9bullition\/ point d'\u00e9bullition initial\/ intervalle d'\u00e9bullition : \u2265 100\u00baC (estim\u00e9).<\/li>\n<li>Pression de vapeur : n\u00e9gligeable<\/li>\n<li>Inflammabilit\u00e9 : Non hautement inflammable<\/li>\n<li>Point de fusion : &gt; 100 (180-190) \u00baC (chlorure de m\u00e9thylthioninium, bleu de m\u00e9thyl\u00e8ne)<\/li>\n<li>pH : 4-6 (10 g\/L, 20 \u00baC) (chlorure de m\u00e9thylthioninium, bleu de m\u00e9thyl\u00e8ne)<\/li>\n<li>Solubilit\u00e9 : Soluble dans l'eau<\/li>\n<li>Solubilit\u00e9 dans l'eau : 50 g\/L (20 \u00baC) (chlorure de m\u00e9thylthioninium, bleu de m\u00e9thyl\u00e8ne)<\/li>\n<\/ul>\n<p>&nbsp;<\/p>\n<p>&nbsp;<\/p>","protected":false},"excerpt":{"rendered":"<p>Acheter 1% Methylene Blue en format 125ml et 250ml. <strong>IMPROPRE \u00c0 LA CONSOMMATION HUMAINE.<\/strong> Le prix des diff\u00e9rents formats de Bleu de m\u00e9thyl\u00e8ne 1% peut \u00eatre consult\u00e9 en s\u00e9lectionnant le format souhait\u00e9. La commande s'effectue directement sur le Web en suivant les \u00e9tapes indiqu\u00e9es, et la livraison est effectu\u00e9e en 24\/48 heures. Vous pouvez \u00e9galement trouver <a href=\"https:\/\/www.alquera.com\/fr\/azul-de-metileno\/\">Bleu de m\u00e9thyl\u00e8ne en poudre.<\/a>.<\/p>","protected":false},"featured_media":34232,"comment_status":"open","ping_status":"closed","template":"","meta":{"_acf_changed":false,"site-sidebar-layout":"default","site-content-layout":"default","ast-site-content-layout":"default","site-content-style":"default","site-sidebar-style":"default","ast-global-header-display":"","ast-banner-title-visibility":"","ast-main-header-display":"","ast-hfb-above-header-display":"","ast-hfb-below-header-display":"","ast-hfb-mobile-header-display":"","site-post-title":"","ast-breadcrumbs-content":"","ast-featured-img":"","footer-sml-layout":"","ast-disable-related-posts":"","theme-transparent-header-meta":"default","adv-header-id-meta":"","stick-header-meta":"default","header-above-stick-meta":"","header-main-stick-meta":"","header-below-stick-meta":"","astra-migrate-meta-layouts":"default","ast-page-background-enabled":"default","ast-page-background-meta":{"desktop":{"background-color":"var(--ast-global-color-4)","background-image":"","background-repeat":"repeat","background-position":"center center","background-size":"auto","background-attachment":"scroll","background-type":"","background-media":"","overlay-type":"","overlay-color":"","overlay-opacity":"","overlay-gradient":""},"tablet":{"background-color":"","background-image":"","background-repeat":"repeat","background-position":"center center","background-size":"auto","background-attachment":"scroll","background-type":"","background-media":"","overlay-type":"","overlay-color":"","overlay-opacity":"","overlay-gradient":""},"mobile":{"background-color":"","background-image":"","background-repeat":"repeat","background-position":"center center","background-size":"auto","background-attachment":"scroll","background-type":"","background-media":"","overlay-type":"","overlay-color":"","overlay-opacity":"","overlay-gradient":""}},"ast-content-background-meta":{"desktop":{"background-color":"var(--ast-global-color-5)","background-image":"","background-repeat":"repeat","background-position":"center center","background-size":"auto","background-attachment":"scroll","background-type":"","background-media":"","overlay-type":"","overlay-color":"","overlay-opacity":"","overlay-gradient":""},"tablet":{"background-color":"var(--ast-global-color-5)","background-image":"","background-repeat":"repeat","background-position":"center center","background-size":"auto","background-attachment":"scroll","background-type":"","background-media":"","overlay-type":"","overlay-color":"","overlay-opacity":"","overlay-gradient":""},"mobile":{"background-color":"var(--ast-global-color-5)","background-image":"","background-repeat":"repeat","background-position":"center center","background-size":"auto","background-attachment":"scroll","background-type":"","background-media":"","overlay-type":"","overlay-color":"","overlay-opacity":"","overlay-gradient":""}}},"product_brand":[],"product_cat":[213],"product_tag":[],"class_list":{"0":"post-32775","1":"product","2":"type-product","3":"status-publish","4":"has-post-thumbnail","6":"product_cat-agroquimicos","7":"pa_cantidad-125ml","8":"pa_cantidad-500ml","9":"desktop-align-left","10":"tablet-align-left","11":"mobile-align-left","12":"ast-product-gallery-layout-horizontal-slider","13":"ast-magnify-disabled","14":"ast-product-single-variable","15":"ast-product-tabs-layout-horizontal","16":"ast-qv-on-image","18":"first","19":"instock","20":"taxable","21":"shipping-taxable","22":"purchasable","23":"product-type-variable","24":"has-default-attributes"},"acf":[],"yoast_head":"<!-- This site is optimized with the Yoast SEO Premium plugin v27.1 (Yoast SEO v27.1.1) - https:\/\/yoast.com\/product\/yoast-seo-premium-wordpress\/ -->\n<title>Azul de Metileno 1%: Comprar Online - Alquera.com<\/title>\n<meta name=\"description\" content=\"Comprar Azul de Metileno con una concentraci\u00f3n del 1%. Especial acuarios 1 gota por litro de agua. Env\u00edos en 24\/48h a toda la Pen\u00ednsula.\" \/>\n<meta name=\"robots\" content=\"index, follow, max-snippet:-1, max-image-preview:large, max-video-preview:-1\" \/>\n<link rel=\"canonical\" href=\"https:\/\/www.alquera.com\/fr\/azul-de-metileno-1\/\" \/>\n<meta property=\"og:locale\" content=\"fr_FR\" \/>\n<meta property=\"og:type\" content=\"article\" \/>\n<meta property=\"og:title\" content=\"Azul de Metileno 1%: Comprar Online - Alquera.com\" \/>\n<meta property=\"og:description\" content=\"Comprar Azul de Metileno con una concentraci\u00f3n del 1%. Especial acuarios 1 gota por litro de agua. Env\u00edos en 24\/48h a toda la Pen\u00ednsula.\" \/>\n<meta property=\"og:url\" content=\"https:\/\/www.alquera.com\/fr\/azul-de-metileno-1\/\" \/>\n<meta property=\"og:site_name\" content=\"Alquera.com\" \/>\n<meta property=\"article:publisher\" content=\"https:\/\/www.facebook.com\/alqueraciencia\" \/>\n<meta property=\"article:modified_time\" content=\"2026-03-30T14:56:24+00:00\" \/>\n<meta property=\"og:image\" content=\"https:\/\/www.alquera.com\/wp-content\/uploads\/2021\/01\/IMG-7193-scaled.jpg\" \/>\n\t<meta property=\"og:image:width\" content=\"800\" \/>\n\t<meta property=\"og:image:height\" content=\"800\" \/>\n\t<meta property=\"og:image:type\" content=\"image\/jpeg\" \/>\n<meta name=\"twitter:card\" content=\"summary_large_image\" \/>\n<meta name=\"twitter:label1\" content=\"Disponibilit\u00e9\" \/>\n\t<meta name=\"twitter:data1\" content=\"En stock\" \/>\n<script type=\"application\/ld+json\" class=\"yoast-schema-graph\">{\"@context\":\"https:\/\/schema.org\",\"@graph\":[{\"@type\":[\"WebPage\",\"ItemPage\"],\"@id\":\"https:\/\/www.alquera.com\/azul-de-metileno-1\/\",\"url\":\"https:\/\/www.alquera.com\/azul-de-metileno-1\/\",\"name\":\"Azul de Metileno 1%: Comprar Online - Alquera.com\",\"isPartOf\":{\"@id\":\"https:\/\/www.alquera.com\/en\/#website\"},\"primaryImageOfPage\":{\"@id\":\"https:\/\/www.alquera.com\/azul-de-metileno-1\/#primaryimage\"},\"image\":{\"@id\":\"https:\/\/www.alquera.com\/azul-de-metileno-1\/#primaryimage\"},\"thumbnailUrl\":\"https:\/\/www.alquera.com\/wp-content\/uploads\/2021\/01\/IMG-7193-scaled.jpg\",\"datePublished\":\"2021-01-29T09:52:16+00:00\",\"dateModified\":\"2026-03-30T14:56:24+00:00\",\"description\":\"Comprar Azul de Metileno con una concentraci\u00f3n del 1%. Especial acuarios 1 gota por litro de agua. Env\u00edos en 24\/48h a toda la Pen\u00ednsula.\",\"breadcrumb\":{\"@id\":\"https:\/\/www.alquera.com\/azul-de-metileno-1\/#breadcrumb\"},\"inLanguage\":\"fr-FR\",\"potentialAction\":[{\"@type\":\"ReadAction\",\"target\":[\"https:\/\/www.alquera.com\/azul-de-metileno-1\/\"]}]},{\"@type\":\"ImageObject\",\"inLanguage\":\"fr-FR\",\"@id\":\"https:\/\/www.alquera.com\/azul-de-metileno-1\/#primaryimage\",\"url\":\"https:\/\/www.alquera.com\/wp-content\/uploads\/2021\/01\/IMG-7193-scaled.jpg\",\"contentUrl\":\"https:\/\/www.alquera.com\/wp-content\/uploads\/2021\/01\/IMG-7193-scaled.jpg\",\"width\":800,\"height\":800,\"caption\":\"Azul de Metileno 1%\"},{\"@type\":\"BreadcrumbList\",\"@id\":\"https:\/\/www.alquera.com\/azul-de-metileno-1\/#breadcrumb\",\"itemListElement\":[{\"@type\":\"ListItem\",\"position\":1,\"name\":\"Inicio\",\"item\":\"https:\/\/www.alquera.com\/\"},{\"@type\":\"ListItem\",\"position\":2,\"name\":\"Alquera.com: Tienda Online de Productos Qu\u00edmicos y Material de Laboratorio\",\"item\":\"https:\/\/www.alquera.com\/en\/tienda\/\"},{\"@type\":\"ListItem\",\"position\":3,\"name\":\"Azul de Metileno 1%\"}]},{\"@type\":\"WebSite\",\"@id\":\"https:\/\/www.alquera.com\/en\/#website\",\"url\":\"https:\/\/www.alquera.com\/en\/\",\"name\":\"Alquera.com\",\"description\":\"Tienda Online Productos Qu\u00edmicos y Material de Laboratorio\",\"publisher\":{\"@id\":\"https:\/\/www.alquera.com\/en\/#organization\"},\"potentialAction\":[{\"@type\":\"SearchAction\",\"target\":{\"@type\":\"EntryPoint\",\"urlTemplate\":\"https:\/\/www.alquera.com\/en\/?s={search_term_string}\"},\"query-input\":{\"@type\":\"PropertyValueSpecification\",\"valueRequired\":true,\"valueName\":\"search_term_string\"}}],\"inLanguage\":\"fr-FR\"},{\"@type\":\"Organization\",\"@id\":\"https:\/\/www.alquera.com\/en\/#organization\",\"name\":\"ALQUERA CIENCIA SL\",\"url\":\"https:\/\/www.alquera.com\/en\/\",\"logo\":{\"@type\":\"ImageObject\",\"inLanguage\":\"fr-FR\",\"@id\":\"https:\/\/www.alquera.com\/en\/#\/schema\/logo\/image\/\",\"url\":\"https:\/\/www.alquera.com\/wp-content\/uploads\/2020\/11\/logo_300_ancho.png\",\"contentUrl\":\"https:\/\/www.alquera.com\/wp-content\/uploads\/2020\/11\/logo_300_ancho.png\",\"width\":300,\"height\":86,\"caption\":\"ALQUERA CIENCIA SL\"},\"image\":{\"@id\":\"https:\/\/www.alquera.com\/en\/#\/schema\/logo\/image\/\"},\"sameAs\":[\"https:\/\/www.facebook.com\/alqueraciencia\",\"https:\/\/www.instagram.com\/alquera_ciencia\/\",\"https:\/\/www.youtube.com\/c\/alquera\"]}]}<\/script>\n<meta property=\"og:availability\" content=\"instock\" \/>\n<meta property=\"product:availability\" content=\"instock\" \/>\n<meta property=\"product:condition\" content=\"new\" \/>\n<!-- \/ Yoast SEO Premium plugin. -->","yoast_head_json":{"title":"Bleu de m\u00e9thyl\u00e8ne 1% : Acheter en ligne - Alquera.com","description":"Achetez du bleu de m\u00e9thyl\u00e8ne avec une concentration de 1%. Sp\u00e9cialement pour les aquariums 1 goutte par litre d'eau. Livraisons en 24\/48h dans toute la P\u00e9ninsule.","robots":{"index":"index","follow":"follow","max-snippet":"max-snippet:-1","max-image-preview":"max-image-preview:large","max-video-preview":"max-video-preview:-1"},"canonical":"https:\/\/www.alquera.com\/fr\/azul-de-metileno-1\/","og_locale":"fr_FR","og_type":"article","og_title":"Azul de Metileno 1%: Comprar Online - Alquera.com","og_description":"Comprar Azul de Metileno con una concentraci\u00f3n del 1%. Especial acuarios 1 gota por litro de agua. Env\u00edos en 24\/48h a toda la Pen\u00ednsula.","og_url":"https:\/\/www.alquera.com\/fr\/azul-de-metileno-1\/","og_site_name":"Alquera.com","article_publisher":"https:\/\/www.facebook.com\/alqueraciencia","article_modified_time":"2026-03-30T14:56:24+00:00","og_image":[{"width":800,"height":800,"url":"https:\/\/www.alquera.com\/wp-content\/uploads\/2021\/01\/IMG-7193-scaled.jpg","type":"image\/jpeg"}],"twitter_card":"summary_large_image","twitter_misc":{"Disponibilit\u00e9":"En stock"},"schema":{"@context":"https:\/\/schema.org","@graph":[{"@type":["WebPage","ItemPage"],"@id":"https:\/\/www.alquera.com\/azul-de-metileno-1\/","url":"https:\/\/www.alquera.com\/azul-de-metileno-1\/","name":"Bleu de m\u00e9thyl\u00e8ne 1% : Acheter en ligne - Alquera.com","isPartOf":{"@id":"https:\/\/www.alquera.com\/en\/#website"},"primaryImageOfPage":{"@id":"https:\/\/www.alquera.com\/azul-de-metileno-1\/#primaryimage"},"image":{"@id":"https:\/\/www.alquera.com\/azul-de-metileno-1\/#primaryimage"},"thumbnailUrl":"https:\/\/www.alquera.com\/wp-content\/uploads\/2021\/01\/IMG-7193-scaled.jpg","datePublished":"2021-01-29T09:52:16+00:00","dateModified":"2026-03-30T14:56:24+00:00","description":"Achetez du bleu de m\u00e9thyl\u00e8ne avec une concentration de 1%. Sp\u00e9cialement pour les aquariums 1 goutte par litre d'eau. Livraisons en 24\/48h dans toute la P\u00e9ninsule.","breadcrumb":{"@id":"https:\/\/www.alquera.com\/azul-de-metileno-1\/#breadcrumb"},"inLanguage":"fr-FR","potentialAction":[{"@type":"ReadAction","target":["https:\/\/www.alquera.com\/azul-de-metileno-1\/"]}]},{"@type":"ImageObject","inLanguage":"fr-FR","@id":"https:\/\/www.alquera.com\/azul-de-metileno-1\/#primaryimage","url":"https:\/\/www.alquera.com\/wp-content\/uploads\/2021\/01\/IMG-7193-scaled.jpg","contentUrl":"https:\/\/www.alquera.com\/wp-content\/uploads\/2021\/01\/IMG-7193-scaled.jpg","width":800,"height":800,"caption":"Azul de Metileno 1%"},{"@type":"BreadcrumbList","@id":"https:\/\/www.alquera.com\/azul-de-metileno-1\/#breadcrumb","itemListElement":[{"@type":"ListItem","position":1,"name":"Inicio","item":"https:\/\/www.alquera.com\/"},{"@type":"ListItem","position":2,"name":"Alquera.com: Tienda Online de Productos Qu\u00edmicos y Material de Laboratorio","item":"https:\/\/www.alquera.com\/en\/tienda\/"},{"@type":"ListItem","position":3,"name":"Azul de Metileno 1%"}]},{"@type":"WebSite","@id":"https:\/\/www.alquera.com\/en\/#website","url":"https:\/\/www.alquera.com\/en\/","name":"Alquera.com","description":"Boutique en ligne Produits chimiques et \u00e9quipements de laboratoire","publisher":{"@id":"https:\/\/www.alquera.com\/en\/#organization"},"potentialAction":[{"@type":"SearchAction","target":{"@type":"EntryPoint","urlTemplate":"https:\/\/www.alquera.com\/en\/?s={search_term_string}"},"query-input":{"@type":"PropertyValueSpecification","valueRequired":true,"valueName":"search_term_string"}}],"inLanguage":"fr-FR"},{"@type":"Organization","@id":"https:\/\/www.alquera.com\/en\/#organization","name":"ALQUERA CIENCIA SL","url":"https:\/\/www.alquera.com\/en\/","logo":{"@type":"ImageObject","inLanguage":"fr-FR","@id":"https:\/\/www.alquera.com\/en\/#\/schema\/logo\/image\/","url":"https:\/\/www.alquera.com\/wp-content\/uploads\/2020\/11\/logo_300_ancho.png","contentUrl":"https:\/\/www.alquera.com\/wp-content\/uploads\/2020\/11\/logo_300_ancho.png","width":300,"height":86,"caption":"ALQUERA CIENCIA SL"},"image":{"@id":"https:\/\/www.alquera.com\/en\/#\/schema\/logo\/image\/"},"sameAs":["https:\/\/www.facebook.com\/alqueraciencia","https:\/\/www.instagram.com\/alquera_ciencia\/","https:\/\/www.youtube.com\/c\/alquera"]}]},"og_availability":"instock","product_availability":"instock","product_condition":"new"},"_links":{"self":[{"href":"https:\/\/www.alquera.com\/fr\/wp-json\/wp\/v2\/product\/32775","targetHints":{"allow":["GET"]}}],"collection":[{"href":"https:\/\/www.alquera.com\/fr\/wp-json\/wp\/v2\/product"}],"about":[{"href":"https:\/\/www.alquera.com\/fr\/wp-json\/wp\/v2\/types\/product"}],"replies":[{"embeddable":true,"href":"https:\/\/www.alquera.com\/fr\/wp-json\/wp\/v2\/comments?post=32775"}],"wp:featuredmedia":[{"embeddable":true,"href":"https:\/\/www.alquera.com\/fr\/wp-json\/wp\/v2\/media\/34232"}],"wp:attachment":[{"href":"https:\/\/www.alquera.com\/fr\/wp-json\/wp\/v2\/media?parent=32775"}],"wp:term":[{"taxonomy":"product_brand","embeddable":true,"href":"https:\/\/www.alquera.com\/fr\/wp-json\/wp\/v2\/product_brand?post=32775"},{"taxonomy":"product_cat","embeddable":true,"href":"https:\/\/www.alquera.com\/fr\/wp-json\/wp\/v2\/product_cat?post=32775"},{"taxonomy":"product_tag","embeddable":true,"href":"https:\/\/www.alquera.com\/fr\/wp-json\/wp\/v2\/product_tag?post=32775"}],"curies":[{"name":"wp","href":"https:\/\/api.w.org\/{rel}","templated":true}]}}