{"id":32849,"date":"2021-02-05T11:03:03","date_gmt":"2021-02-05T11:03:03","guid":{"rendered":"https:\/\/www.alquera.com\/?post_type=product&#038;p=32849"},"modified":"2026-02-23T16:11:51","modified_gmt":"2026-02-23T16:11:51","slug":"abono-ecologico-nkp","status":"publish","type":"product","link":"https:\/\/www.alquera.com\/fr\/abono-ecologico-nkp\/","title":{"rendered":"Engrais \u00c9cologique NPK"},"content":{"rendered":"<p><strong>Acheter Engrais \u00c9cologique NPK<\/strong> d'origine animal et v\u00e9g\u00e9tal avec du fer (FE). Le NPK a le certificat \u00e9cologique. Ce produit est totalement naturel. Il est fabriqu\u00e9 avec la meilleure s\u00e9lection d'effluents d'\u00e9levage trait\u00e9 avec de micro-organismes et enrichi avec de micro-\u00e9l\u00e9ments.<\/p>\n<p>Il ne contient pas de pierres ou des graines de mauvaises herbes. Les \u00e9l\u00e9ments pr\u00e9sents g\u00e9n\u00e9ralement dans les effluents d'\u00e9levage traditionelles. Enregistr\u00e9 en agriculture \u00e9cologique (SOHICERT).<\/p>\n<h2>POSOLOGIE ET MODE D'EMPLOI<\/h2>\n<p>Il convient \u00e0 tous les types de culture. Il s'applique manuellement ou avec des \u00e9pandeurs conventionnels sur le sol parmi 2 et 20 cm. Vous devez appliquer entre 2.500 et 5.000 kg\/ha selon le type de sol et de culture. Le NPK est utilis\u00e9 comme pr\u00e9paration du terrain dans tous les types de culture.<\/p>\n<h2>CONTENU D\u00c9CLAR\u00c9<\/h2>\n<table id=\"table9\" border=\"0\" cellspacing=\"0\" cellpadding=\"5\">\n<tbody>\n<tr>\n<td colspan=\"2\" align=\"center\">\n<table id=\"table1\" border=\"0\" cellspacing=\"0\" cellpadding=\"4\">\n<tbody>\n<tr>\n<td><\/td>\n<td align=\"right\"><strong>Pellet<\/strong><\/td>\n<\/tr>\n<tr>\n<td><\/td>\n<td align=\"right\"><strong>% p\/p<\/strong><\/td>\n<\/tr>\n<tr>\n<td align=\"right\">Nitrog\u00e8ne (N) total<\/td>\n<td align=\"right\">3,0<\/td>\n<\/tr>\n<tr>\n<td align=\"right\">Nitrog\u00e8ne (N) organique<\/td>\n<td align=\"right\">2,5<\/td>\n<\/tr>\n<tr>\n<td align=\"right\">Pentoxyde de phosphore (P2O5) soluble dans l'eau<\/td>\n<td align=\"right\">3,0<\/td>\n<\/tr>\n<tr>\n<td align=\"right\">Oxyde de potassium (K2O) soluble dans l'eau<\/td>\n<td align=\"right\">1,0<\/td>\n<\/tr>\n<tr>\n<td align=\"right\">Fer (FE) total<\/td>\n<td align=\"right\">1,5<\/td>\n<\/tr>\n<tr>\n<td align=\"right\">Carbone organique (C2O)<\/td>\n<td align=\"right\">28,5<\/td>\n<\/tr>\n<tr>\n<td align=\"right\">Contenu mati\u00e8re organique (s.m.s.)<\/td>\n<td align=\"right\">70,0<\/td>\n<\/tr>\n<tr>\n<td align=\"right\">Acides humiques<\/td>\n<td align=\"right\">6,0<\/td>\n<\/tr>\n<tr>\n<td align=\"right\">Relation C\/N<\/td>\n<td align=\"right\">11,4<\/td>\n<\/tr>\n<tr>\n<td align=\"right\">Humidit\u00e9<\/td>\n<td align=\"right\">10-14<\/td>\n<\/tr>\n<tr>\n<td align=\"right\">pH<\/td>\n<td align=\"right\">6<\/td>\n<\/tr>\n<\/tbody>\n<\/table>\n<\/td>\n<\/tr>\n<tr>\n<td colspan=\"2\">\n<h2>PR\u00c9CAUTIONS<\/h2>\n<p align=\"justify\">Ne pas m\u00e9langer avec des nitrates. Engrais d'origine organique : le p\u00e2turage des animaux de ferme est interdit pendant au moins 21 jours apr\u00e8s l'application.<\/p>\n<\/td>\n<\/tr>\n<\/tbody>\n<\/table>","protected":false},"excerpt":{"rendered":"<p>Comprar Abono org\u00e1nico NPK de origen animal y vegetal con hierro (Fe). Tiene certificado ecol\u00f3gico. Este producto es totalmente natural, organo-biol\u00f3gico. Est\u00e1 fabricado con la mejor selecci\u00f3n de esti\u00e9rcol tratado con microorganismos de inter\u00e9s agron\u00f3mico y enriquecido con microelementos. No contiene piedras, ni semillas de malas hierbas, ni hongos fito pat\u00f3genos, elementos presentes por lo [&hellip;]<\/p>\n","protected":false},"featured_media":32853,"comment_status":"open","ping_status":"closed","template":"","meta":{"_acf_changed":false,"site-sidebar-layout":"default","site-content-layout":"default","ast-site-content-layout":"default","site-content-style":"default","site-sidebar-style":"default","ast-global-header-display":"","ast-banner-title-visibility":"","ast-main-header-display":"","ast-hfb-above-header-display":"","ast-hfb-below-header-display":"","ast-hfb-mobile-header-display":"","site-post-title":"","ast-breadcrumbs-content":"","ast-featured-img":"","footer-sml-layout":"","ast-disable-related-posts":"","theme-transparent-header-meta":"default","adv-header-id-meta":"","stick-header-meta":"default","header-above-stick-meta":"","header-main-stick-meta":"","header-below-stick-meta":"","astra-migrate-meta-layouts":"set","ast-page-background-enabled":"default","ast-page-background-meta":{"desktop":{"background-color":"var(--ast-global-color-4)","background-image":"","background-repeat":"repeat","background-position":"center center","background-size":"auto","background-attachment":"scroll","background-type":"","background-media":"","overlay-type":"","overlay-color":"","overlay-opacity":"","overlay-gradient":""},"tablet":{"background-color":"","background-image":"","background-repeat":"repeat","background-position":"center center","background-size":"auto","background-attachment":"scroll","background-type":"","background-media":"","overlay-type":"","overlay-color":"","overlay-opacity":"","overlay-gradient":""},"mobile":{"background-color":"","background-image":"","background-repeat":"repeat","background-position":"center center","background-size":"auto","background-attachment":"scroll","background-type":"","background-media":"","overlay-type":"","overlay-color":"","overlay-opacity":"","overlay-gradient":""}},"ast-content-background-meta":{"desktop":{"background-color":"var(--ast-global-color-5)","background-image":"","background-repeat":"repeat","background-position":"center center","background-size":"auto","background-attachment":"scroll","background-type":"","background-media":"","overlay-type":"","overlay-color":"","overlay-opacity":"","overlay-gradient":""},"tablet":{"background-color":"var(--ast-global-color-5)","background-image":"","background-repeat":"repeat","background-position":"center center","background-size":"auto","background-attachment":"scroll","background-type":"","background-media":"","overlay-type":"","overlay-color":"","overlay-opacity":"","overlay-gradient":""},"mobile":{"background-color":"var(--ast-global-color-5)","background-image":"","background-repeat":"repeat","background-position":"center center","background-size":"auto","background-attachment":"scroll","background-type":"","background-media":"","overlay-type":"","overlay-color":"","overlay-opacity":"","overlay-gradient":""}}},"product_brand":[],"product_cat":[213],"product_tag":[],"class_list":{"0":"post-32849","1":"product","2":"type-product","3":"status-publish","4":"has-post-thumbnail","6":"product_cat-agroquimicos","7":"pa_cantidad-30kg","8":"pa_cantidad-5kg","9":"desktop-align-left","10":"tablet-align-left","11":"mobile-align-left","12":"ast-product-gallery-layout-horizontal-slider","13":"ast-magnify-disabled","14":"ast-product-single-variable","15":"ast-product-tabs-layout-horizontal","16":"ast-qv-on-image","18":"first","19":"instock","20":"taxable","21":"shipping-taxable","22":"purchasable","23":"product-type-variable","24":"has-default-attributes"},"acf":[],"yoast_head":"<!-- This site is optimized with the Yoast SEO Premium plugin v27.1 (Yoast SEO v27.1.1) - https:\/\/yoast.com\/product\/yoast-seo-premium-wordpress\/ -->\n<title>Abono Ecol\u00f3gico NPK: Comprar Online - Alquera.com<\/title>\n<meta name=\"description\" content=\"ENV\u00cdOS EN 24\/48H. Comprar Abono Ec\u00f3logico. de origen animal y vegetal con hierro (Fe). Tiene certificado ecol\u00f3gico. Producto natural.\" \/>\n<meta name=\"robots\" content=\"index, follow, max-snippet:-1, max-image-preview:large, max-video-preview:-1\" \/>\n<link rel=\"canonical\" href=\"https:\/\/www.alquera.com\/fr\/abono-ecologico-nkp\/\" \/>\n<meta property=\"og:locale\" content=\"fr_FR\" \/>\n<meta property=\"og:type\" content=\"article\" \/>\n<meta property=\"og:title\" content=\"Abono Ecol\u00f3gico NPK: Comprar Online - Alquera.com\" \/>\n<meta property=\"og:description\" content=\"ENV\u00cdOS EN 24\/48H. Comprar Abono Ec\u00f3logico. de origen animal y vegetal con hierro (Fe). Tiene certificado ecol\u00f3gico. Producto natural.\" \/>\n<meta property=\"og:url\" content=\"https:\/\/www.alquera.com\/fr\/abono-ecologico-nkp\/\" \/>\n<meta property=\"og:site_name\" content=\"Alquera.com\" \/>\n<meta property=\"article:publisher\" content=\"https:\/\/www.facebook.com\/alqueraciencia\" \/>\n<meta property=\"article:modified_time\" content=\"2026-02-23T16:11:51+00:00\" \/>\n<meta property=\"og:image\" content=\"https:\/\/www.alquera.com\/wp-content\/uploads\/2021\/02\/ABONO-ECOLOGICO-NKP-scaled.jpg\" \/>\n\t<meta property=\"og:image:width\" content=\"800\" \/>\n\t<meta property=\"og:image:height\" content=\"800\" \/>\n\t<meta property=\"og:image:type\" content=\"image\/jpeg\" \/>\n<meta name=\"twitter:card\" content=\"summary_large_image\" \/>\n<meta name=\"twitter:label1\" content=\"Disponibilit\u00e9\" \/>\n\t<meta name=\"twitter:data1\" content=\"En stock\" \/>\n<script type=\"application\/ld+json\" class=\"yoast-schema-graph\">{\"@context\":\"https:\/\/schema.org\",\"@graph\":[{\"@type\":[\"WebPage\",\"ItemPage\"],\"@id\":\"https:\/\/www.alquera.com\/abono-ecologico-nkp\/\",\"url\":\"https:\/\/www.alquera.com\/abono-ecologico-nkp\/\",\"name\":\"Abono Ecol\u00f3gico NPK: Comprar Online - Alquera.com\",\"isPartOf\":{\"@id\":\"https:\/\/www.alquera.com\/en\/#website\"},\"primaryImageOfPage\":{\"@id\":\"https:\/\/www.alquera.com\/abono-ecologico-nkp\/#primaryimage\"},\"image\":{\"@id\":\"https:\/\/www.alquera.com\/abono-ecologico-nkp\/#primaryimage\"},\"thumbnailUrl\":\"https:\/\/www.alquera.com\/wp-content\/uploads\/2021\/02\/ABONO-ECOLOGICO-NKP-scaled.jpg\",\"datePublished\":\"2021-02-05T11:03:03+00:00\",\"dateModified\":\"2026-02-23T16:11:51+00:00\",\"description\":\"ENV\u00cdOS EN 24\/48H. Comprar Abono Ec\u00f3logico. de origen animal y vegetal con hierro (Fe). Tiene certificado ecol\u00f3gico. Producto natural.\",\"breadcrumb\":{\"@id\":\"https:\/\/www.alquera.com\/abono-ecologico-nkp\/#breadcrumb\"},\"inLanguage\":\"fr-FR\",\"potentialAction\":[{\"@type\":\"ReadAction\",\"target\":[\"https:\/\/www.alquera.com\/abono-ecologico-nkp\/\"]}]},{\"@type\":\"ImageObject\",\"inLanguage\":\"fr-FR\",\"@id\":\"https:\/\/www.alquera.com\/abono-ecologico-nkp\/#primaryimage\",\"url\":\"https:\/\/www.alquera.com\/wp-content\/uploads\/2021\/02\/ABONO-ECOLOGICO-NKP-scaled.jpg\",\"contentUrl\":\"https:\/\/www.alquera.com\/wp-content\/uploads\/2021\/02\/ABONO-ECOLOGICO-NKP-scaled.jpg\",\"width\":800,\"height\":800,\"caption\":\"ABONO ECOLOGICO NKP\"},{\"@type\":\"BreadcrumbList\",\"@id\":\"https:\/\/www.alquera.com\/abono-ecologico-nkp\/#breadcrumb\",\"itemListElement\":[{\"@type\":\"ListItem\",\"position\":1,\"name\":\"Inicio\",\"item\":\"https:\/\/www.alquera.com\/\"},{\"@type\":\"ListItem\",\"position\":2,\"name\":\"Alquera.com: Tienda Online de Productos Qu\u00edmicos y Material de Laboratorio\",\"item\":\"https:\/\/www.alquera.com\/en\/tienda\/\"},{\"@type\":\"ListItem\",\"position\":3,\"name\":\"Abono Ecol\u00f3gico NPK\"}]},{\"@type\":\"WebSite\",\"@id\":\"https:\/\/www.alquera.com\/en\/#website\",\"url\":\"https:\/\/www.alquera.com\/en\/\",\"name\":\"Alquera.com\",\"description\":\"Tienda Online Productos Qu\u00edmicos y Material de Laboratorio\",\"publisher\":{\"@id\":\"https:\/\/www.alquera.com\/en\/#organization\"},\"potentialAction\":[{\"@type\":\"SearchAction\",\"target\":{\"@type\":\"EntryPoint\",\"urlTemplate\":\"https:\/\/www.alquera.com\/en\/?s={search_term_string}\"},\"query-input\":{\"@type\":\"PropertyValueSpecification\",\"valueRequired\":true,\"valueName\":\"search_term_string\"}}],\"inLanguage\":\"fr-FR\"},{\"@type\":\"Organization\",\"@id\":\"https:\/\/www.alquera.com\/en\/#organization\",\"name\":\"ALQUERA CIENCIA SL\",\"url\":\"https:\/\/www.alquera.com\/en\/\",\"logo\":{\"@type\":\"ImageObject\",\"inLanguage\":\"fr-FR\",\"@id\":\"https:\/\/www.alquera.com\/en\/#\/schema\/logo\/image\/\",\"url\":\"https:\/\/www.alquera.com\/wp-content\/uploads\/2020\/11\/logo_300_ancho.png\",\"contentUrl\":\"https:\/\/www.alquera.com\/wp-content\/uploads\/2020\/11\/logo_300_ancho.png\",\"width\":300,\"height\":86,\"caption\":\"ALQUERA CIENCIA SL\"},\"image\":{\"@id\":\"https:\/\/www.alquera.com\/en\/#\/schema\/logo\/image\/\"},\"sameAs\":[\"https:\/\/www.facebook.com\/alqueraciencia\",\"https:\/\/www.instagram.com\/alquera_ciencia\/\",\"https:\/\/www.youtube.com\/c\/alquera\"]}]}<\/script>\n<meta property=\"og:availability\" content=\"instock\" \/>\n<meta property=\"product:availability\" content=\"instock\" \/>\n<meta property=\"product:condition\" content=\"new\" \/>\n<!-- \/ Yoast SEO Premium plugin. -->","yoast_head_json":{"title":"Fertilisant organique NPK : Acheter en ligne - Alquera.com","description":"Exp\u00e9ditions en 24\/48H. Acheter Engrais \u00c9cologique d'origine animal et v\u00e9g\u00e9tale avec du fer (FE). Il a un certificat \u00e9cologique. Produit naturel","robots":{"index":"index","follow":"follow","max-snippet":"max-snippet:-1","max-image-preview":"max-image-preview:large","max-video-preview":"max-video-preview:-1"},"canonical":"https:\/\/www.alquera.com\/fr\/abono-ecologico-nkp\/","og_locale":"fr_FR","og_type":"article","og_title":"Abono Ecol\u00f3gico NPK: Comprar Online - Alquera.com","og_description":"ENV\u00cdOS EN 24\/48H. Comprar Abono Ec\u00f3logico. de origen animal y vegetal con hierro (Fe). Tiene certificado ecol\u00f3gico. Producto natural.","og_url":"https:\/\/www.alquera.com\/fr\/abono-ecologico-nkp\/","og_site_name":"Alquera.com","article_publisher":"https:\/\/www.facebook.com\/alqueraciencia","article_modified_time":"2026-02-23T16:11:51+00:00","og_image":[{"width":800,"height":800,"url":"https:\/\/www.alquera.com\/wp-content\/uploads\/2021\/02\/ABONO-ECOLOGICO-NKP-scaled.jpg","type":"image\/jpeg"}],"twitter_card":"summary_large_image","twitter_misc":{"Disponibilit\u00e9":"En stock"},"schema":{"@context":"https:\/\/schema.org","@graph":[{"@type":["WebPage","ItemPage"],"@id":"https:\/\/www.alquera.com\/abono-ecologico-nkp\/","url":"https:\/\/www.alquera.com\/abono-ecologico-nkp\/","name":"Fertilisant organique NPK : Acheter en ligne - Alquera.com","isPartOf":{"@id":"https:\/\/www.alquera.com\/en\/#website"},"primaryImageOfPage":{"@id":"https:\/\/www.alquera.com\/abono-ecologico-nkp\/#primaryimage"},"image":{"@id":"https:\/\/www.alquera.com\/abono-ecologico-nkp\/#primaryimage"},"thumbnailUrl":"https:\/\/www.alquera.com\/wp-content\/uploads\/2021\/02\/ABONO-ECOLOGICO-NKP-scaled.jpg","datePublished":"2021-02-05T11:03:03+00:00","dateModified":"2026-02-23T16:11:51+00:00","description":"Exp\u00e9ditions en 24\/48H. Acheter Engrais \u00c9cologique d'origine animal et v\u00e9g\u00e9tale avec du fer (FE). Il a un certificat \u00e9cologique. Produit naturel","breadcrumb":{"@id":"https:\/\/www.alquera.com\/abono-ecologico-nkp\/#breadcrumb"},"inLanguage":"fr-FR","potentialAction":[{"@type":"ReadAction","target":["https:\/\/www.alquera.com\/abono-ecologico-nkp\/"]}]},{"@type":"ImageObject","inLanguage":"fr-FR","@id":"https:\/\/www.alquera.com\/abono-ecologico-nkp\/#primaryimage","url":"https:\/\/www.alquera.com\/wp-content\/uploads\/2021\/02\/ABONO-ECOLOGICO-NKP-scaled.jpg","contentUrl":"https:\/\/www.alquera.com\/wp-content\/uploads\/2021\/02\/ABONO-ECOLOGICO-NKP-scaled.jpg","width":800,"height":800,"caption":"ABONO ECOLOGICO NKP"},{"@type":"BreadcrumbList","@id":"https:\/\/www.alquera.com\/abono-ecologico-nkp\/#breadcrumb","itemListElement":[{"@type":"ListItem","position":1,"name":"Inicio","item":"https:\/\/www.alquera.com\/"},{"@type":"ListItem","position":2,"name":"Alquera.com: Tienda Online de Productos Qu\u00edmicos y Material de Laboratorio","item":"https:\/\/www.alquera.com\/en\/tienda\/"},{"@type":"ListItem","position":3,"name":"Abono Ecol\u00f3gico NPK"}]},{"@type":"WebSite","@id":"https:\/\/www.alquera.com\/en\/#website","url":"https:\/\/www.alquera.com\/en\/","name":"Alquera.com","description":"Boutique en ligne Produits chimiques et \u00e9quipements de laboratoire","publisher":{"@id":"https:\/\/www.alquera.com\/en\/#organization"},"potentialAction":[{"@type":"SearchAction","target":{"@type":"EntryPoint","urlTemplate":"https:\/\/www.alquera.com\/en\/?s={search_term_string}"},"query-input":{"@type":"PropertyValueSpecification","valueRequired":true,"valueName":"search_term_string"}}],"inLanguage":"fr-FR"},{"@type":"Organization","@id":"https:\/\/www.alquera.com\/en\/#organization","name":"ALQUERA CIENCIA SL","url":"https:\/\/www.alquera.com\/en\/","logo":{"@type":"ImageObject","inLanguage":"fr-FR","@id":"https:\/\/www.alquera.com\/en\/#\/schema\/logo\/image\/","url":"https:\/\/www.alquera.com\/wp-content\/uploads\/2020\/11\/logo_300_ancho.png","contentUrl":"https:\/\/www.alquera.com\/wp-content\/uploads\/2020\/11\/logo_300_ancho.png","width":300,"height":86,"caption":"ALQUERA CIENCIA SL"},"image":{"@id":"https:\/\/www.alquera.com\/en\/#\/schema\/logo\/image\/"},"sameAs":["https:\/\/www.facebook.com\/alqueraciencia","https:\/\/www.instagram.com\/alquera_ciencia\/","https:\/\/www.youtube.com\/c\/alquera"]}]},"og_availability":"instock","product_availability":"instock","product_condition":"new"},"_links":{"self":[{"href":"https:\/\/www.alquera.com\/fr\/wp-json\/wp\/v2\/product\/32849","targetHints":{"allow":["GET"]}}],"collection":[{"href":"https:\/\/www.alquera.com\/fr\/wp-json\/wp\/v2\/product"}],"about":[{"href":"https:\/\/www.alquera.com\/fr\/wp-json\/wp\/v2\/types\/product"}],"replies":[{"embeddable":true,"href":"https:\/\/www.alquera.com\/fr\/wp-json\/wp\/v2\/comments?post=32849"}],"wp:featuredmedia":[{"embeddable":true,"href":"https:\/\/www.alquera.com\/fr\/wp-json\/wp\/v2\/media\/32853"}],"wp:attachment":[{"href":"https:\/\/www.alquera.com\/fr\/wp-json\/wp\/v2\/media?parent=32849"}],"wp:term":[{"taxonomy":"product_brand","embeddable":true,"href":"https:\/\/www.alquera.com\/fr\/wp-json\/wp\/v2\/product_brand?post=32849"},{"taxonomy":"product_cat","embeddable":true,"href":"https:\/\/www.alquera.com\/fr\/wp-json\/wp\/v2\/product_cat?post=32849"},{"taxonomy":"product_tag","embeddable":true,"href":"https:\/\/www.alquera.com\/fr\/wp-json\/wp\/v2\/product_tag?post=32849"}],"curies":[{"name":"wp","href":"https:\/\/api.w.org\/{rel}","templated":true}]}}