{"id":33043,"date":"2021-02-23T12:05:29","date_gmt":"2021-02-23T12:05:29","guid":{"rendered":"https:\/\/www.alquera.com\/?post_type=product&#038;p=33043"},"modified":"2026-04-01T18:25:47","modified_gmt":"2026-04-01T18:25:47","slug":"fluoresceina-sodica-al-1","status":"publish","type":"product","link":"https:\/\/www.alquera.com\/fr\/fluoresceina-sodica-al-1\/","title":{"rendered":"FLUORESC\u00c9INE SODIQUE AU 1%"},"content":{"rendered":"<p>Fluoresc\u00e9ine sodique en solution aqueuse 1%. Ce format permet une meilleure manipulation de la fluoresc\u00e9ine, puisqu'elle est pratiquement pr\u00eate \u00e0 l'emploi puisqu'elle est d\u00e9j\u00e0 dissoute.<\/p>\n<p>Si vous pr\u00e9f\u00e9rez la fluoresc\u00e9ine de sodium en poudre, vous pouvez la trouver ici : <a href=\"https:\/\/www.alquera.com\/fr\/fluoresceina-sodica\/\">acheter de la poudre de fluoresc\u00e9ine sodique<\/a>.<\/p>\n<h2>IDENTIFICATION ET PROPI\u00c9T\u00c9S<\/h2>\n<p><strong>1.1 Identifiant du produit.<\/strong><\/p>\n<p>Nom du produit : <strong>FLUORESC\u00c9INE SODIQUE 1%<br \/>\n<\/strong><span style=\"font-size: 16px;\">Code produit : ALQ0056<br \/>\n<\/span>Type de produit : M\u00e9lange. Cat\u00e9gorie : Traceurs fluorescents.<\/p>\n<p><strong>Apparence :<br \/>\n<\/strong>\u00c9tat physique (20\u00baC) : liquide.<br \/>\nCouleur : brun satur\u00e9 (dilu\u00e9, il devient jaune fonc\u00e9 caract\u00e9ristique de la fluoresc\u00e9ine sodique dilu\u00e9e).<br \/>\nOdeur : inodore.<br \/>\nSeuil olfactif : Non pertinent en raison de la nature du produit, qui ne fournit aucune information sur ses dangers.<\/p>\n<p><strong>Volatilit\u00e9 :<br \/>\n<\/strong>Point initial\/point d'\u00e9bullition\/intervalle d'\u00e9bullition : \u2265100 \u00baC, solution aqueuse (Estimation bas\u00e9e sur les indications et les composants du r\u00e8glement (CE) n\u00b0 1272\/2008).<\/p>\n<p><strong>Inflammabilit\u00e9 :<\/strong><\/p>\n<p>Inflammabilit\u00e9 : Ce mat\u00e9riau est combustible, mais il n'est pas facilement inflammable.<br \/>\nPoint d'\u00e9clair : &gt;200 \u00b0C (m\u00e9thode d'estimation\/de calcul (2.6.4.3)) ; fluoresc\u00e9ine 217,6 \u00b0C \u00e0 967,3 hPa (ECHA, m\u00e9thode en vase clos, Pensky-Martens).<br \/>\nTemp\u00e9rature d'auto-inflammabilit\u00e9 : la fluoresc\u00e9ine N.A. n'est pas auto-inflammable, elle se d\u00e9compose \u00e0 plus de 300\u00b0C (ECHA).<\/p>\n<p><strong>Caract\u00e9ristiques du produit :<\/strong><\/p>\n<p>Point de fusion\/cong\u00e9lation : N.D. En tant que solution aqueuse, on s'attend \u00e0 ce qu'elle g\u00e8le \u00e0 une temp\u00e9rature \u22640\u00baC.<br \/>\nSolubilit\u00e9 dans l'eau : soluble dans l'eau (solubilit\u00e9 de la fluoresc\u00e9ine dans l'eau &gt; 100 g\/l, 20 \u00b0C).<br \/>\nSolubilit\u00e9 dans les lipides:N.D.<br \/>\nCoefficient de partage (n-octanol\/eau) (valeur logarithmique) : N.A. ; fluoresc\u00e9ine 0,34 (pH 7) (ECHA).<br \/>\nDensit\u00e9 en vrac : N.D.<br \/>\nDensit\u00e9 relative (eau=1) : 0,8-1,0 (estimation bas\u00e9e sur les composants).<\/p>\n<h2>1% DOSE DE FLUORESC\u00c9INE DE SODIUM<\/h2>\n<p>La dose de fluoresc\u00e9ine varie fortement en fonction de l'application de la fluoresc\u00e9ine.<\/p>\n<p>Si vous voulez colorer une masse d'eau, 2 ml de Fluoresc\u00e9ine de sodium 1% par litre d'eau seront suffisants. Si vous souhaitez d\u00e9tecter des gouttes individuelles et les diff\u00e9rencier des gouttes d'eau non color\u00e9es, nous recommandons d'utiliser au moins 10 ml de la solution par litre d'eau. L'utilisation d'une torche ou d'une lampe UV vous aidera \u00e0 d\u00e9tecter la fuite.<\/p>\n<p>&nbsp;<\/p>","protected":false},"excerpt":{"rendered":"<p>Acheter de la fluoresc\u00e9ine sodique dilu\u00e9e au 1%. La fluoresc\u00e9ine sodique dilu\u00e9e au 1% a une concentration tr\u00e8s \u00e9lev\u00e9e, elle doit donc \u00eatre dilu\u00e9e pour \u00eatre utilis\u00e9e. Comme vous pouvez le voir sur l'image, 2ml de fluoresc\u00e9ine 1% suffisent pour colorer 1L d'eau. Si vous le souhaitez, vous pouvez \u00e9galement acheter <a href=\"https:\/\/www.alquera.com\/fr\/fluoresceina-sodica\/\">poudre de fluoresc\u00e9ine sodique<\/a> et faire la pr\u00e9-solution vous-m\u00eame. La commande est pass\u00e9e directement sur le Web en suivant les \u00e9tapes indiqu\u00e9es, et la livraison est effectu\u00e9e dans les 24\/48 heures.<\/p>","protected":false},"featured_media":33047,"comment_status":"open","ping_status":"closed","template":"","meta":{"_acf_changed":false,"site-sidebar-layout":"default","site-content-layout":"default","ast-site-content-layout":"default","site-content-style":"default","site-sidebar-style":"default","ast-global-header-display":"","ast-banner-title-visibility":"","ast-main-header-display":"","ast-hfb-above-header-display":"","ast-hfb-below-header-display":"","ast-hfb-mobile-header-display":"","site-post-title":"","ast-breadcrumbs-content":"","ast-featured-img":"","footer-sml-layout":"","ast-disable-related-posts":"","theme-transparent-header-meta":"default","adv-header-id-meta":"","stick-header-meta":"default","header-above-stick-meta":"","header-main-stick-meta":"","header-below-stick-meta":"","astra-migrate-meta-layouts":"set","ast-page-background-enabled":"default","ast-page-background-meta":{"desktop":{"background-color":"var(--ast-global-color-4)","background-image":"","background-repeat":"repeat","background-position":"center center","background-size":"auto","background-attachment":"scroll","background-type":"","background-media":"","overlay-type":"","overlay-color":"","overlay-opacity":"","overlay-gradient":""},"tablet":{"background-color":"","background-image":"","background-repeat":"repeat","background-position":"center center","background-size":"auto","background-attachment":"scroll","background-type":"","background-media":"","overlay-type":"","overlay-color":"","overlay-opacity":"","overlay-gradient":""},"mobile":{"background-color":"","background-image":"","background-repeat":"repeat","background-position":"center center","background-size":"auto","background-attachment":"scroll","background-type":"","background-media":"","overlay-type":"","overlay-color":"","overlay-opacity":"","overlay-gradient":""}},"ast-content-background-meta":{"desktop":{"background-color":"var(--ast-global-color-5)","background-image":"","background-repeat":"repeat","background-position":"center center","background-size":"auto","background-attachment":"scroll","background-type":"","background-media":"","overlay-type":"","overlay-color":"","overlay-opacity":"","overlay-gradient":""},"tablet":{"background-color":"var(--ast-global-color-5)","background-image":"","background-repeat":"repeat","background-position":"center center","background-size":"auto","background-attachment":"scroll","background-type":"","background-media":"","overlay-type":"","overlay-color":"","overlay-opacity":"","overlay-gradient":""},"mobile":{"background-color":"var(--ast-global-color-5)","background-image":"","background-repeat":"repeat","background-position":"center center","background-size":"auto","background-attachment":"scroll","background-type":"","background-media":"","overlay-type":"","overlay-color":"","overlay-opacity":"","overlay-gradient":""}}},"product_brand":[],"product_cat":[215],"product_tag":[],"class_list":{"0":"post-33043","1":"product","2":"type-product","3":"status-publish","4":"has-post-thumbnail","6":"product_cat-trazadores-fluorescentes","7":"pa_cantidad-125ml","8":"pa_cantidad-500ml","9":"desktop-align-left","10":"tablet-align-left","11":"mobile-align-left","12":"ast-product-gallery-layout-horizontal-slider","13":"ast-magnify-disabled","14":"ast-product-single-variable","15":"ast-product-tabs-layout-horizontal","16":"ast-qv-on-image","18":"first","19":"instock","20":"taxable","21":"shipping-taxable","22":"purchasable","23":"product-type-variable","24":"has-default-attributes"},"acf":[],"yoast_head":"<!-- This site is optimized with the Yoast SEO Premium plugin v27.1 (Yoast SEO v27.1.1) - https:\/\/yoast.com\/product\/yoast-seo-premium-wordpress\/ -->\n<title>Fluoresce\u00edna S\u00f3dica al 1%: Comprar Online - Alquera.com<\/title>\n<meta name=\"robots\" content=\"index, follow, max-snippet:-1, max-image-preview:large, max-video-preview:-1\" \/>\n<link rel=\"canonical\" href=\"https:\/\/www.alquera.com\/fr\/fluoresceina-sodica-al-1\/\" \/>\n<meta property=\"og:locale\" content=\"fr_FR\" \/>\n<meta property=\"og:type\" content=\"article\" \/>\n<meta property=\"og:title\" content=\"Fluoresce\u00edna S\u00f3dica al 1%: Comprar Online - Alquera.com\" \/>\n<meta property=\"og:description\" content=\"Comprar fluoresce\u00edna s\u00f3dica dilu\u00edda al 1%. La fluoresce\u00edna s\u00f3dica dilu\u00edda al 1% tiene una concentraci\u00f3n muy alta, de tal forma que debe ser as\u00ed mismo dilu\u00edda para utilizarse. Tal y como puedes ver en la imagen, 2ml de fluoresce\u00edna al 1% es suficiente para dar color a 1L de agua. Si lo deseas tambi\u00e9n puedes comprar fluoresce\u00edna s\u00f3dica en polvo y realizar tu mismo la predisoluci\u00f3n. El pedido se realiza directamente por la Web siguiendo los pasos que se indican, haci\u00e9ndose la entrega en 24\/48 horas.\" \/>\n<meta property=\"og:url\" content=\"https:\/\/www.alquera.com\/fr\/fluoresceina-sodica-al-1\/\" \/>\n<meta property=\"og:site_name\" content=\"Alquera.com\" \/>\n<meta property=\"article:publisher\" content=\"https:\/\/www.facebook.com\/alqueraciencia\" \/>\n<meta property=\"article:modified_time\" content=\"2026-04-01T18:25:47+00:00\" \/>\n<meta property=\"og:image\" content=\"https:\/\/www.alquera.com\/wp-content\/uploads\/2021\/02\/Fluoresceina-sodica-1_diluido-scaled.jpg\" \/>\n\t<meta property=\"og:image:width\" content=\"800\" \/>\n\t<meta property=\"og:image:height\" content=\"800\" \/>\n\t<meta property=\"og:image:type\" content=\"image\/jpeg\" \/>\n<meta name=\"twitter:card\" content=\"summary_large_image\" \/>\n<meta name=\"twitter:label1\" content=\"Disponibilit\u00e9\" \/>\n\t<meta name=\"twitter:data1\" content=\"En stock\" \/>\n<script type=\"application\/ld+json\" class=\"yoast-schema-graph\">{\"@context\":\"https:\/\/schema.org\",\"@graph\":[{\"@type\":[\"WebPage\",\"ItemPage\"],\"@id\":\"https:\/\/www.alquera.com\/fluoresceina-sodica-al-1\/\",\"url\":\"https:\/\/www.alquera.com\/fluoresceina-sodica-al-1\/\",\"name\":\"Fluoresce\u00edna S\u00f3dica al 1%: Comprar Online - Alquera.com\",\"isPartOf\":{\"@id\":\"https:\/\/www.alquera.com\/en\/#website\"},\"primaryImageOfPage\":{\"@id\":\"https:\/\/www.alquera.com\/fluoresceina-sodica-al-1\/#primaryimage\"},\"image\":{\"@id\":\"https:\/\/www.alquera.com\/fluoresceina-sodica-al-1\/#primaryimage\"},\"thumbnailUrl\":\"https:\/\/www.alquera.com\/wp-content\/uploads\/2021\/02\/Fluoresceina-sodica-1_diluido-scaled.jpg\",\"datePublished\":\"2021-02-23T12:05:29+00:00\",\"dateModified\":\"2026-04-01T18:25:47+00:00\",\"breadcrumb\":{\"@id\":\"https:\/\/www.alquera.com\/fluoresceina-sodica-al-1\/#breadcrumb\"},\"inLanguage\":\"fr-FR\",\"potentialAction\":[{\"@type\":\"ReadAction\",\"target\":[\"https:\/\/www.alquera.com\/fluoresceina-sodica-al-1\/\"]}]},{\"@type\":\"ImageObject\",\"inLanguage\":\"fr-FR\",\"@id\":\"https:\/\/www.alquera.com\/fluoresceina-sodica-al-1\/#primaryimage\",\"url\":\"https:\/\/www.alquera.com\/wp-content\/uploads\/2021\/02\/Fluoresceina-sodica-1_diluido-scaled.jpg\",\"contentUrl\":\"https:\/\/www.alquera.com\/wp-content\/uploads\/2021\/02\/Fluoresceina-sodica-1_diluido-scaled.jpg\",\"width\":800,\"height\":800,\"caption\":\"Fluoresceina sodica 1%_diluido\"},{\"@type\":\"BreadcrumbList\",\"@id\":\"https:\/\/www.alquera.com\/fluoresceina-sodica-al-1\/#breadcrumb\",\"itemListElement\":[{\"@type\":\"ListItem\",\"position\":1,\"name\":\"Inicio\",\"item\":\"https:\/\/www.alquera.com\/\"},{\"@type\":\"ListItem\",\"position\":2,\"name\":\"Alquera.com: Tienda Online de Productos Qu\u00edmicos y Material de Laboratorio\",\"item\":\"https:\/\/www.alquera.com\/en\/tienda\/\"},{\"@type\":\"ListItem\",\"position\":3,\"name\":\"Fluoresce\u00edna S\u00f3dica al 1%\"}]},{\"@type\":\"WebSite\",\"@id\":\"https:\/\/www.alquera.com\/en\/#website\",\"url\":\"https:\/\/www.alquera.com\/en\/\",\"name\":\"Alquera.com\",\"description\":\"Tienda Online Productos Qu\u00edmicos y Material de Laboratorio\",\"publisher\":{\"@id\":\"https:\/\/www.alquera.com\/en\/#organization\"},\"potentialAction\":[{\"@type\":\"SearchAction\",\"target\":{\"@type\":\"EntryPoint\",\"urlTemplate\":\"https:\/\/www.alquera.com\/en\/?s={search_term_string}\"},\"query-input\":{\"@type\":\"PropertyValueSpecification\",\"valueRequired\":true,\"valueName\":\"search_term_string\"}}],\"inLanguage\":\"fr-FR\"},{\"@type\":\"Organization\",\"@id\":\"https:\/\/www.alquera.com\/en\/#organization\",\"name\":\"ALQUERA CIENCIA SL\",\"url\":\"https:\/\/www.alquera.com\/en\/\",\"logo\":{\"@type\":\"ImageObject\",\"inLanguage\":\"fr-FR\",\"@id\":\"https:\/\/www.alquera.com\/en\/#\/schema\/logo\/image\/\",\"url\":\"https:\/\/www.alquera.com\/wp-content\/uploads\/2020\/11\/logo_300_ancho.png\",\"contentUrl\":\"https:\/\/www.alquera.com\/wp-content\/uploads\/2020\/11\/logo_300_ancho.png\",\"width\":300,\"height\":86,\"caption\":\"ALQUERA CIENCIA SL\"},\"image\":{\"@id\":\"https:\/\/www.alquera.com\/en\/#\/schema\/logo\/image\/\"},\"sameAs\":[\"https:\/\/www.facebook.com\/alqueraciencia\",\"https:\/\/www.instagram.com\/alquera_ciencia\/\",\"https:\/\/www.youtube.com\/c\/alquera\"]}]}<\/script>\n<meta property=\"og:availability\" content=\"instock\" \/>\n<meta property=\"product:availability\" content=\"instock\" \/>\n<meta property=\"product:condition\" content=\"new\" \/>\n<!-- \/ Yoast SEO Premium plugin. -->","yoast_head_json":{"title":"Fluorescein Sodium 1% : Acheter en ligne - Alquera.com","robots":{"index":"index","follow":"follow","max-snippet":"max-snippet:-1","max-image-preview":"max-image-preview:large","max-video-preview":"max-video-preview:-1"},"canonical":"https:\/\/www.alquera.com\/fr\/fluoresceina-sodica-al-1\/","og_locale":"fr_FR","og_type":"article","og_title":"Fluoresce\u00edna S\u00f3dica al 1%: Comprar Online - Alquera.com","og_description":"Comprar fluoresce\u00edna s\u00f3dica dilu\u00edda al 1%. La fluoresce\u00edna s\u00f3dica dilu\u00edda al 1% tiene una concentraci\u00f3n muy alta, de tal forma que debe ser as\u00ed mismo dilu\u00edda para utilizarse. Tal y como puedes ver en la imagen, 2ml de fluoresce\u00edna al 1% es suficiente para dar color a 1L de agua. Si lo deseas tambi\u00e9n puedes comprar fluoresce\u00edna s\u00f3dica en polvo y realizar tu mismo la predisoluci\u00f3n. El pedido se realiza directamente por la Web siguiendo los pasos que se indican, haci\u00e9ndose la entrega en 24\/48 horas.","og_url":"https:\/\/www.alquera.com\/fr\/fluoresceina-sodica-al-1\/","og_site_name":"Alquera.com","article_publisher":"https:\/\/www.facebook.com\/alqueraciencia","article_modified_time":"2026-04-01T18:25:47+00:00","og_image":[{"width":800,"height":800,"url":"https:\/\/www.alquera.com\/wp-content\/uploads\/2021\/02\/Fluoresceina-sodica-1_diluido-scaled.jpg","type":"image\/jpeg"}],"twitter_card":"summary_large_image","twitter_misc":{"Disponibilit\u00e9":"En stock"},"schema":{"@context":"https:\/\/schema.org","@graph":[{"@type":["WebPage","ItemPage"],"@id":"https:\/\/www.alquera.com\/fluoresceina-sodica-al-1\/","url":"https:\/\/www.alquera.com\/fluoresceina-sodica-al-1\/","name":"Fluorescein Sodium 1% : Acheter en ligne - Alquera.com","isPartOf":{"@id":"https:\/\/www.alquera.com\/en\/#website"},"primaryImageOfPage":{"@id":"https:\/\/www.alquera.com\/fluoresceina-sodica-al-1\/#primaryimage"},"image":{"@id":"https:\/\/www.alquera.com\/fluoresceina-sodica-al-1\/#primaryimage"},"thumbnailUrl":"https:\/\/www.alquera.com\/wp-content\/uploads\/2021\/02\/Fluoresceina-sodica-1_diluido-scaled.jpg","datePublished":"2021-02-23T12:05:29+00:00","dateModified":"2026-04-01T18:25:47+00:00","breadcrumb":{"@id":"https:\/\/www.alquera.com\/fluoresceina-sodica-al-1\/#breadcrumb"},"inLanguage":"fr-FR","potentialAction":[{"@type":"ReadAction","target":["https:\/\/www.alquera.com\/fluoresceina-sodica-al-1\/"]}]},{"@type":"ImageObject","inLanguage":"fr-FR","@id":"https:\/\/www.alquera.com\/fluoresceina-sodica-al-1\/#primaryimage","url":"https:\/\/www.alquera.com\/wp-content\/uploads\/2021\/02\/Fluoresceina-sodica-1_diluido-scaled.jpg","contentUrl":"https:\/\/www.alquera.com\/wp-content\/uploads\/2021\/02\/Fluoresceina-sodica-1_diluido-scaled.jpg","width":800,"height":800,"caption":"Fluoresceina sodica 1%_diluido"},{"@type":"BreadcrumbList","@id":"https:\/\/www.alquera.com\/fluoresceina-sodica-al-1\/#breadcrumb","itemListElement":[{"@type":"ListItem","position":1,"name":"Inicio","item":"https:\/\/www.alquera.com\/"},{"@type":"ListItem","position":2,"name":"Alquera.com: Tienda Online de Productos Qu\u00edmicos y Material de Laboratorio","item":"https:\/\/www.alquera.com\/en\/tienda\/"},{"@type":"ListItem","position":3,"name":"Fluoresce\u00edna S\u00f3dica al 1%"}]},{"@type":"WebSite","@id":"https:\/\/www.alquera.com\/en\/#website","url":"https:\/\/www.alquera.com\/en\/","name":"Alquera.com","description":"Boutique en ligne Produits chimiques et \u00e9quipements de laboratoire","publisher":{"@id":"https:\/\/www.alquera.com\/en\/#organization"},"potentialAction":[{"@type":"SearchAction","target":{"@type":"EntryPoint","urlTemplate":"https:\/\/www.alquera.com\/en\/?s={search_term_string}"},"query-input":{"@type":"PropertyValueSpecification","valueRequired":true,"valueName":"search_term_string"}}],"inLanguage":"fr-FR"},{"@type":"Organization","@id":"https:\/\/www.alquera.com\/en\/#organization","name":"ALQUERA CIENCIA SL","url":"https:\/\/www.alquera.com\/en\/","logo":{"@type":"ImageObject","inLanguage":"fr-FR","@id":"https:\/\/www.alquera.com\/en\/#\/schema\/logo\/image\/","url":"https:\/\/www.alquera.com\/wp-content\/uploads\/2020\/11\/logo_300_ancho.png","contentUrl":"https:\/\/www.alquera.com\/wp-content\/uploads\/2020\/11\/logo_300_ancho.png","width":300,"height":86,"caption":"ALQUERA CIENCIA SL"},"image":{"@id":"https:\/\/www.alquera.com\/en\/#\/schema\/logo\/image\/"},"sameAs":["https:\/\/www.facebook.com\/alqueraciencia","https:\/\/www.instagram.com\/alquera_ciencia\/","https:\/\/www.youtube.com\/c\/alquera"]}]},"og_availability":"instock","product_availability":"instock","product_condition":"new"},"_links":{"self":[{"href":"https:\/\/www.alquera.com\/fr\/wp-json\/wp\/v2\/product\/33043","targetHints":{"allow":["GET"]}}],"collection":[{"href":"https:\/\/www.alquera.com\/fr\/wp-json\/wp\/v2\/product"}],"about":[{"href":"https:\/\/www.alquera.com\/fr\/wp-json\/wp\/v2\/types\/product"}],"replies":[{"embeddable":true,"href":"https:\/\/www.alquera.com\/fr\/wp-json\/wp\/v2\/comments?post=33043"}],"wp:featuredmedia":[{"embeddable":true,"href":"https:\/\/www.alquera.com\/fr\/wp-json\/wp\/v2\/media\/33047"}],"wp:attachment":[{"href":"https:\/\/www.alquera.com\/fr\/wp-json\/wp\/v2\/media?parent=33043"}],"wp:term":[{"taxonomy":"product_brand","embeddable":true,"href":"https:\/\/www.alquera.com\/fr\/wp-json\/wp\/v2\/product_brand?post=33043"},{"taxonomy":"product_cat","embeddable":true,"href":"https:\/\/www.alquera.com\/fr\/wp-json\/wp\/v2\/product_cat?post=33043"},{"taxonomy":"product_tag","embeddable":true,"href":"https:\/\/www.alquera.com\/fr\/wp-json\/wp\/v2\/product_tag?post=33043"}],"curies":[{"name":"wp","href":"https:\/\/api.w.org\/{rel}","templated":true}]}}