{"id":33449,"date":"2021-03-29T10:48:54","date_gmt":"2021-03-29T10:48:54","guid":{"rendered":"https:\/\/www.alquera.com\/?post_type=product&#038;p=33449"},"modified":"2026-03-02T15:13:07","modified_gmt":"2026-03-02T15:13:07","slug":"zeolita-natural","status":"publish","type":"product","link":"https:\/\/www.alquera.com\/fr\/zeolita-natural\/","title":{"rendered":"Z\u00e9olite"},"content":{"rendered":"<p>La z\u00e9olite naturelle est un min\u00e9ral d\u2019origine volcanique, avec une capacit\u00e9 d\u2019\u00e9change cationique tr\u00e8s \u00e9lev\u00e9e (260 meq\/gr), la plus \u00e9lev\u00e9e sur le march\u00e9, capable de retenir s\u00e9lectivement les ions ammonium NH4+ et potassium K+ dans sa structure cristalline, et puis les \u00e9changer progressivement aux racines de la culture. <span style=\"font-weight: 400;\">En tant que substrat, il est excellent car il augmente la r\u00e9tention d'eau et de nutriments dans le sol, r\u00e9duisant ainsi la consommation d'eau et d'engrais et maintenant le sol dans des conditions id\u00e9ales pour une bonne croissance des plantes.\u00a0<\/span><\/p>\n<p><span style=\"font-weight: 400;\">Dans les piscines peut \u00eatre utilis\u00e9 comme un m\u00e9dia filtrant de haute capacit\u00e9, car il \u00e9limine les particules solides jusqu\u2019\u00e0 5 microns. C\u2019est le seul m\u00e9dia filtrant qui \u00e9limine \u00e9galement l\u2019ammoniac et les m\u00e9taux lourds.\u00a0<\/span><\/p>\n<p><span style=\"font-weight: 400;\">Dans la maison, il peut \u00eatre utilis\u00e9 pour absorber l\u2019humidit\u00e9 et les mauvaises odeurs dans les espaces ferm\u00e9s comme dans les armoires, les r\u00e9frig\u00e9rateurs, les voitures, les bateaux et les caves.<\/span><\/p>\n<p>En ce qui concerne les animaux de compagnie, il est id\u00e9al <span style=\"font-weight: 400;\">\u00a0pour une utilisation comme liti\u00e8re de chat et est excellent pour les cages \u00e0 oiseaux et les hamsters. Il est \u00e9galement utilis\u00e9 dans les aquariums pour contr\u00f4ler le niveau d\u2019ammonium.<\/span><\/p>\n<p><strong>CAPACIT\u00c9 D\u2019\u00c9CHANGE CATIONIQUE (CEC)<\/strong> : 250 meq<br \/>\n- <strong>Poids sp\u00e9cifique:<\/strong> 0,88 Kg\/L<br \/>\n- <strong>Humidit\u00e9 relative:<\/strong>\u00a0 0 \u00e0 1 %.<br \/>\n- <strong>Particules:<\/strong> 98 % comprendida entre 0,7 y 1,7 mm de di\u00e1metro.<\/p>\n<p>Produit s\u00e9ch\u00e9 au four \u00e0 haute temp\u00e9rature pour assurer une densit\u00e9 et une humidit\u00e9 constantes.<\/p>","protected":false},"excerpt":{"rendered":"<p>Acheter z\u00e9olite naturelle dans sachets de 1Kg jusqu'\u00e0 sacs de 25Kg. Le prix des diff\u00e9rents formats de z\u00e9olite naturelle vous pouvez le voir en s\u00e9lectionnant le format que vous souhaitez. La commande se r\u00e9alise directement par la web et vous devez suivre les \u00e9tapes indiqu\u00e9es. L'envoie se fait par UPS et vous le recevrez dans 4-5 jours.<\/p>","protected":false},"featured_media":35790,"comment_status":"open","ping_status":"closed","template":"","meta":{"_acf_changed":false,"site-sidebar-layout":"default","site-content-layout":"default","ast-site-content-layout":"default","site-content-style":"default","site-sidebar-style":"default","ast-global-header-display":"","ast-banner-title-visibility":"","ast-main-header-display":"","ast-hfb-above-header-display":"","ast-hfb-below-header-display":"","ast-hfb-mobile-header-display":"","site-post-title":"","ast-breadcrumbs-content":"","ast-featured-img":"","footer-sml-layout":"","ast-disable-related-posts":"","theme-transparent-header-meta":"default","adv-header-id-meta":"","stick-header-meta":"default","header-above-stick-meta":"","header-main-stick-meta":"","header-below-stick-meta":"","astra-migrate-meta-layouts":"set","ast-page-background-enabled":"default","ast-page-background-meta":{"desktop":{"background-color":"var(--ast-global-color-4)","background-image":"","background-repeat":"repeat","background-position":"center center","background-size":"auto","background-attachment":"scroll","background-type":"","background-media":"","overlay-type":"","overlay-color":"","overlay-opacity":"","overlay-gradient":""},"tablet":{"background-color":"","background-image":"","background-repeat":"repeat","background-position":"center center","background-size":"auto","background-attachment":"scroll","background-type":"","background-media":"","overlay-type":"","overlay-color":"","overlay-opacity":"","overlay-gradient":""},"mobile":{"background-color":"","background-image":"","background-repeat":"repeat","background-position":"center center","background-size":"auto","background-attachment":"scroll","background-type":"","background-media":"","overlay-type":"","overlay-color":"","overlay-opacity":"","overlay-gradient":""}},"ast-content-background-meta":{"desktop":{"background-color":"var(--ast-global-color-5)","background-image":"","background-repeat":"repeat","background-position":"center center","background-size":"auto","background-attachment":"scroll","background-type":"","background-media":"","overlay-type":"","overlay-color":"","overlay-opacity":"","overlay-gradient":""},"tablet":{"background-color":"var(--ast-global-color-5)","background-image":"","background-repeat":"repeat","background-position":"center center","background-size":"auto","background-attachment":"scroll","background-type":"","background-media":"","overlay-type":"","overlay-color":"","overlay-opacity":"","overlay-gradient":""},"mobile":{"background-color":"var(--ast-global-color-5)","background-image":"","background-repeat":"repeat","background-position":"center center","background-size":"auto","background-attachment":"scroll","background-type":"","background-media":"","overlay-type":"","overlay-color":"","overlay-opacity":"","overlay-gradient":""}}},"product_brand":[],"product_cat":[213],"product_tag":[],"class_list":{"0":"post-33449","1":"product","2":"type-product","3":"status-publish","4":"has-post-thumbnail","6":"product_cat-agroquimicos","7":"pa_cantidad-1kg","8":"pa_cantidad-5kg","9":"pa_cantidad-20kg","10":"desktop-align-left","11":"tablet-align-left","12":"mobile-align-left","13":"ast-product-gallery-layout-horizontal-slider","14":"ast-magnify-disabled","15":"ast-product-single-variable","16":"ast-product-tabs-layout-horizontal","17":"ast-qv-on-image","19":"first","20":"instock","21":"taxable","22":"shipping-taxable","23":"purchasable","24":"product-type-variable","25":"has-default-attributes"},"acf":[],"yoast_head":"<!-- This site is optimized with the Yoast SEO Premium plugin v27.1 (Yoast SEO v27.1.1) - https:\/\/yoast.com\/product\/yoast-seo-premium-wordpress\/ -->\n<title>Zeolita Natural: Comprar Online - Alquera.com<\/title>\n<meta name=\"description\" content=\"ENV\u00cdOS EN 24\/48H. Comprar Zeolita Natural en Alquera. Utilizado para mejorar las caracter\u00edsticas f\u00edsicas del suelo en retenci\u00f3n de agua...\" \/>\n<meta name=\"robots\" content=\"index, follow, max-snippet:-1, max-image-preview:large, max-video-preview:-1\" \/>\n<link rel=\"canonical\" href=\"https:\/\/www.alquera.com\/fr\/zeolita-natural\/\" \/>\n<meta property=\"og:locale\" content=\"fr_FR\" \/>\n<meta property=\"og:type\" content=\"article\" \/>\n<meta property=\"og:title\" content=\"Zeolita Natural: Comprar Online - Alquera.com\" \/>\n<meta property=\"og:description\" content=\"ENV\u00cdOS EN 24\/48H. Comprar Zeolita Natural en Alquera. Utilizado para mejorar las caracter\u00edsticas f\u00edsicas del suelo en retenci\u00f3n de agua...\" \/>\n<meta property=\"og:url\" content=\"https:\/\/www.alquera.com\/fr\/zeolita-natural\/\" \/>\n<meta property=\"og:site_name\" content=\"Alquera.com\" \/>\n<meta property=\"article:publisher\" content=\"https:\/\/www.facebook.com\/alqueraciencia\" \/>\n<meta property=\"article:modified_time\" content=\"2026-03-02T15:13:07+00:00\" \/>\n<meta property=\"og:image\" content=\"https:\/\/www.alquera.com\/wp-content\/uploads\/2021\/03\/ZEOLITA-1KG_27_10.png\" \/>\n\t<meta property=\"og:image:width\" content=\"800\" \/>\n\t<meta property=\"og:image:height\" content=\"800\" \/>\n\t<meta property=\"og:image:type\" content=\"image\/png\" \/>\n<meta name=\"twitter:card\" content=\"summary_large_image\" \/>\n<meta name=\"twitter:label1\" content=\"Disponibilit\u00e9\" \/>\n\t<meta name=\"twitter:data1\" content=\"En stock\" \/>\n<script type=\"application\/ld+json\" class=\"yoast-schema-graph\">{\"@context\":\"https:\/\/schema.org\",\"@graph\":[{\"@type\":[\"WebPage\",\"ItemPage\"],\"@id\":\"https:\/\/www.alquera.com\/zeolita-natural\/\",\"url\":\"https:\/\/www.alquera.com\/zeolita-natural\/\",\"name\":\"Zeolita Natural: Comprar Online - Alquera.com\",\"isPartOf\":{\"@id\":\"https:\/\/www.alquera.com\/en\/#website\"},\"primaryImageOfPage\":{\"@id\":\"https:\/\/www.alquera.com\/zeolita-natural\/#primaryimage\"},\"image\":{\"@id\":\"https:\/\/www.alquera.com\/zeolita-natural\/#primaryimage\"},\"thumbnailUrl\":\"https:\/\/www.alquera.com\/wp-content\/uploads\/2021\/03\/ZEOLITA-1KG_27_10.png\",\"datePublished\":\"2021-03-29T10:48:54+00:00\",\"dateModified\":\"2026-03-02T15:13:07+00:00\",\"description\":\"ENV\u00cdOS EN 24\/48H. Comprar Zeolita Natural en Alquera. Utilizado para mejorar las caracter\u00edsticas f\u00edsicas del suelo en retenci\u00f3n de agua...\",\"breadcrumb\":{\"@id\":\"https:\/\/www.alquera.com\/zeolita-natural\/#breadcrumb\"},\"inLanguage\":\"fr-FR\",\"potentialAction\":[{\"@type\":\"ReadAction\",\"target\":[\"https:\/\/www.alquera.com\/zeolita-natural\/\"]}]},{\"@type\":\"ImageObject\",\"inLanguage\":\"fr-FR\",\"@id\":\"https:\/\/www.alquera.com\/zeolita-natural\/#primaryimage\",\"url\":\"https:\/\/www.alquera.com\/wp-content\/uploads\/2021\/03\/ZEOLITA-1KG_27_10.png\",\"contentUrl\":\"https:\/\/www.alquera.com\/wp-content\/uploads\/2021\/03\/ZEOLITA-1KG_27_10.png\",\"width\":800,\"height\":800,\"caption\":\"ZEOLITA NATURAL\"},{\"@type\":\"BreadcrumbList\",\"@id\":\"https:\/\/www.alquera.com\/zeolita-natural\/#breadcrumb\",\"itemListElement\":[{\"@type\":\"ListItem\",\"position\":1,\"name\":\"Inicio\",\"item\":\"https:\/\/www.alquera.com\/\"},{\"@type\":\"ListItem\",\"position\":2,\"name\":\"Alquera.com: Tienda Online de Productos Qu\u00edmicos y Material de Laboratorio\",\"item\":\"https:\/\/www.alquera.com\/en\/tienda\/\"},{\"@type\":\"ListItem\",\"position\":3,\"name\":\"Zeolita Natural\"}]},{\"@type\":\"WebSite\",\"@id\":\"https:\/\/www.alquera.com\/en\/#website\",\"url\":\"https:\/\/www.alquera.com\/en\/\",\"name\":\"Alquera.com\",\"description\":\"Tienda Online Productos Qu\u00edmicos y Material de Laboratorio\",\"publisher\":{\"@id\":\"https:\/\/www.alquera.com\/en\/#organization\"},\"potentialAction\":[{\"@type\":\"SearchAction\",\"target\":{\"@type\":\"EntryPoint\",\"urlTemplate\":\"https:\/\/www.alquera.com\/en\/?s={search_term_string}\"},\"query-input\":{\"@type\":\"PropertyValueSpecification\",\"valueRequired\":true,\"valueName\":\"search_term_string\"}}],\"inLanguage\":\"fr-FR\"},{\"@type\":\"Organization\",\"@id\":\"https:\/\/www.alquera.com\/en\/#organization\",\"name\":\"ALQUERA CIENCIA SL\",\"url\":\"https:\/\/www.alquera.com\/en\/\",\"logo\":{\"@type\":\"ImageObject\",\"inLanguage\":\"fr-FR\",\"@id\":\"https:\/\/www.alquera.com\/en\/#\/schema\/logo\/image\/\",\"url\":\"https:\/\/www.alquera.com\/wp-content\/uploads\/2020\/11\/logo_300_ancho.png\",\"contentUrl\":\"https:\/\/www.alquera.com\/wp-content\/uploads\/2020\/11\/logo_300_ancho.png\",\"width\":300,\"height\":86,\"caption\":\"ALQUERA CIENCIA SL\"},\"image\":{\"@id\":\"https:\/\/www.alquera.com\/en\/#\/schema\/logo\/image\/\"},\"sameAs\":[\"https:\/\/www.facebook.com\/alqueraciencia\",\"https:\/\/www.instagram.com\/alquera_ciencia\/\",\"https:\/\/www.youtube.com\/c\/alquera\"]}]}<\/script>\n<meta property=\"product:brand\" content=\"Alquera\" \/>\n<meta property=\"og:availability\" content=\"instock\" \/>\n<meta property=\"product:availability\" content=\"instock\" \/>\n<meta property=\"product:condition\" content=\"new\" \/>\n<!-- \/ Yoast SEO Premium plugin. -->","yoast_head_json":{"title":"Zeolite naturelle : Acheter en ligne - Alquera.com","description":"EXP\u00c9DITION EN 24\/48H. Acheter Zeolita Natural \u00e0 Alquera. Utilis\u00e9 pour am\u00e9liorer les caract\u00e9ristiques physiques du sol en r\u00e9tention d\u2019eau...","robots":{"index":"index","follow":"follow","max-snippet":"max-snippet:-1","max-image-preview":"max-image-preview:large","max-video-preview":"max-video-preview:-1"},"canonical":"https:\/\/www.alquera.com\/fr\/zeolita-natural\/","og_locale":"fr_FR","og_type":"article","og_title":"Zeolita Natural: Comprar Online - Alquera.com","og_description":"ENV\u00cdOS EN 24\/48H. Comprar Zeolita Natural en Alquera. Utilizado para mejorar las caracter\u00edsticas f\u00edsicas del suelo en retenci\u00f3n de agua...","og_url":"https:\/\/www.alquera.com\/fr\/zeolita-natural\/","og_site_name":"Alquera.com","article_publisher":"https:\/\/www.facebook.com\/alqueraciencia","article_modified_time":"2026-03-02T15:13:07+00:00","og_image":[{"width":800,"height":800,"url":"https:\/\/www.alquera.com\/wp-content\/uploads\/2021\/03\/ZEOLITA-1KG_27_10.png","type":"image\/png"}],"twitter_card":"summary_large_image","twitter_misc":{"Disponibilit\u00e9":"En stock"},"schema":{"@context":"https:\/\/schema.org","@graph":[{"@type":["WebPage","ItemPage"],"@id":"https:\/\/www.alquera.com\/zeolita-natural\/","url":"https:\/\/www.alquera.com\/zeolita-natural\/","name":"Zeolite naturelle : Acheter en ligne - Alquera.com","isPartOf":{"@id":"https:\/\/www.alquera.com\/en\/#website"},"primaryImageOfPage":{"@id":"https:\/\/www.alquera.com\/zeolita-natural\/#primaryimage"},"image":{"@id":"https:\/\/www.alquera.com\/zeolita-natural\/#primaryimage"},"thumbnailUrl":"https:\/\/www.alquera.com\/wp-content\/uploads\/2021\/03\/ZEOLITA-1KG_27_10.png","datePublished":"2021-03-29T10:48:54+00:00","dateModified":"2026-03-02T15:13:07+00:00","description":"EXP\u00c9DITION EN 24\/48H. Acheter Zeolita Natural \u00e0 Alquera. Utilis\u00e9 pour am\u00e9liorer les caract\u00e9ristiques physiques du sol en r\u00e9tention d\u2019eau...","breadcrumb":{"@id":"https:\/\/www.alquera.com\/zeolita-natural\/#breadcrumb"},"inLanguage":"fr-FR","potentialAction":[{"@type":"ReadAction","target":["https:\/\/www.alquera.com\/zeolita-natural\/"]}]},{"@type":"ImageObject","inLanguage":"fr-FR","@id":"https:\/\/www.alquera.com\/zeolita-natural\/#primaryimage","url":"https:\/\/www.alquera.com\/wp-content\/uploads\/2021\/03\/ZEOLITA-1KG_27_10.png","contentUrl":"https:\/\/www.alquera.com\/wp-content\/uploads\/2021\/03\/ZEOLITA-1KG_27_10.png","width":800,"height":800,"caption":"ZEOLITA NATURAL"},{"@type":"BreadcrumbList","@id":"https:\/\/www.alquera.com\/zeolita-natural\/#breadcrumb","itemListElement":[{"@type":"ListItem","position":1,"name":"Inicio","item":"https:\/\/www.alquera.com\/"},{"@type":"ListItem","position":2,"name":"Alquera.com: Tienda Online de Productos Qu\u00edmicos y Material de Laboratorio","item":"https:\/\/www.alquera.com\/en\/tienda\/"},{"@type":"ListItem","position":3,"name":"Zeolita Natural"}]},{"@type":"WebSite","@id":"https:\/\/www.alquera.com\/en\/#website","url":"https:\/\/www.alquera.com\/en\/","name":"Alquera.com","description":"Boutique en ligne Produits chimiques et \u00e9quipements de laboratoire","publisher":{"@id":"https:\/\/www.alquera.com\/en\/#organization"},"potentialAction":[{"@type":"SearchAction","target":{"@type":"EntryPoint","urlTemplate":"https:\/\/www.alquera.com\/en\/?s={search_term_string}"},"query-input":{"@type":"PropertyValueSpecification","valueRequired":true,"valueName":"search_term_string"}}],"inLanguage":"fr-FR"},{"@type":"Organization","@id":"https:\/\/www.alquera.com\/en\/#organization","name":"ALQUERA CIENCIA SL","url":"https:\/\/www.alquera.com\/en\/","logo":{"@type":"ImageObject","inLanguage":"fr-FR","@id":"https:\/\/www.alquera.com\/en\/#\/schema\/logo\/image\/","url":"https:\/\/www.alquera.com\/wp-content\/uploads\/2020\/11\/logo_300_ancho.png","contentUrl":"https:\/\/www.alquera.com\/wp-content\/uploads\/2020\/11\/logo_300_ancho.png","width":300,"height":86,"caption":"ALQUERA CIENCIA SL"},"image":{"@id":"https:\/\/www.alquera.com\/en\/#\/schema\/logo\/image\/"},"sameAs":["https:\/\/www.facebook.com\/alqueraciencia","https:\/\/www.instagram.com\/alquera_ciencia\/","https:\/\/www.youtube.com\/c\/alquera"]}]},"product_brand":"Alquera","og_availability":"instock","product_availability":"instock","product_condition":"new"},"_links":{"self":[{"href":"https:\/\/www.alquera.com\/fr\/wp-json\/wp\/v2\/product\/33449","targetHints":{"allow":["GET"]}}],"collection":[{"href":"https:\/\/www.alquera.com\/fr\/wp-json\/wp\/v2\/product"}],"about":[{"href":"https:\/\/www.alquera.com\/fr\/wp-json\/wp\/v2\/types\/product"}],"replies":[{"embeddable":true,"href":"https:\/\/www.alquera.com\/fr\/wp-json\/wp\/v2\/comments?post=33449"}],"wp:featuredmedia":[{"embeddable":true,"href":"https:\/\/www.alquera.com\/fr\/wp-json\/wp\/v2\/media\/35790"}],"wp:attachment":[{"href":"https:\/\/www.alquera.com\/fr\/wp-json\/wp\/v2\/media?parent=33449"}],"wp:term":[{"taxonomy":"product_brand","embeddable":true,"href":"https:\/\/www.alquera.com\/fr\/wp-json\/wp\/v2\/product_brand?post=33449"},{"taxonomy":"product_cat","embeddable":true,"href":"https:\/\/www.alquera.com\/fr\/wp-json\/wp\/v2\/product_cat?post=33449"},{"taxonomy":"product_tag","embeddable":true,"href":"https:\/\/www.alquera.com\/fr\/wp-json\/wp\/v2\/product_tag?post=33449"}],"curies":[{"name":"wp","href":"https:\/\/api.w.org\/{rel}","templated":true}]}}