{"id":33708,"date":"2021-04-28T10:45:19","date_gmt":"2021-04-28T10:45:19","guid":{"rendered":"https:\/\/www.alquera.com\/?post_type=product&#038;p=33708"},"modified":"2026-03-02T15:25:59","modified_gmt":"2026-03-02T15:25:59","slug":"tierra-de-diatomeas","status":"publish","type":"product","link":"https:\/\/www.alquera.com\/fr\/tierra-de-diatomeas\/","title":{"rendered":"Terre de Diatom\u00e9es"},"content":{"rendered":"<p><strong>Terre de Diatom\u00e9es<\/strong>en poudre, utilis\u00e9e pour saupoudrer et m\u00e9langer dans le sol de culture ou le substrat. \u00c9galement utilis\u00e9 dans les lits d\u2019animaux ou comme compl\u00e9ment alimentaire pour animaux.<\/p>\n<h2>COMPOSITION TERRE DE DIATOM\u00c9ES<\/h2>\n<p>Les richesses et la composition chimique des <strong>\u00e9l\u00e9ments les plus importants<\/strong> sont:<\/p>\n<p>Silicium (sio2)\u2026\u2026\u2026\u2026\u2026\u2026\u2026\u2026\u2026\u2026\u2026\u2026\u2026.u. 62,00%<br \/>\nCarbonate C\u00e1lcico (CaCO4)........... 34,50%<br \/>\nCalcio (CaO)\u2026\u2026\u2026\u2026\u2026\u2026\u2026\u2026\u2026\u2026\u2026\u2026\u2026\u2026\u2026\u2026\u2026. 19,30%<br \/>\nSulfate de Cal (caso4)\u2026\u2026\u2026\u2026\u2026\u2026\u2026\u2026. 0,22%<br \/>\nMagn\u00e9sium (MgO).................................................0,45%<br \/>\nFosforo (P2O5)\u2026\u2026\u2026\u2026\u2026\u2026\u2026\u2026\u2026\u2026\u2026\u2026\u2026\u2026\u2026\u2026\u2026 0,13%<br \/>\nPotassium (K2O)......................................................0,18%<br \/>\nFer (Fe2O3)...................................................0,72%<br \/>\nAluminium (Al2O3)\u2026\u2026\u2026\u2026\u2026\u2026\u2026\u2026\u2026\u2026\u2026\u2026\u2026\u2026\u20261,40%<br \/>\nChlore (Cl)...............................................................0,05%<\/p>\n<p>La Terre de Diatom\u00e9e contient jusqu\u2019\u00e0 40 nutriments min\u00e9raux. Il s\u2019agit notamment des principaux \u00e9l\u00e9ments nutritifs comme l\u2019azote, le phosphore et le potassium, ainsi que des \u00e9l\u00e9ments secondaires tels que le calcium, le magn\u00e9sium et le soufre. Treize autres oligo-\u00e9l\u00e9ments principaux et secondaires,  qui, bien que pr\u00e9sent\u00e9s en petites quantit\u00e9s, sont indispensables au d\u00e9veloppement et \u00e0 la vie des plantes.<\/p>\n<ul>\n<li>3 Nutriments principaux\u00a0: Azote (N), Phosphore (P) et Potassium (K)<\/li>\n<li>3 nutriments secondaires\u00a0: Calcio (\u00e7a), Magnesio (mg) y Azufre (S)<\/li>\n<li>6 Oligo-\u00e9l\u00e9ments principaux\u00a0: Fer  (Fe),  Mangan\u00e8se  (Mn),  Cuivre  (Cu), Zinc (Zn), Bore (B) et Molybd\u00e8ne (Mo).<\/li>\n<li>7 Oligo-\u00e9l\u00e9ments secondaires\u00a0: Silicium  (Si),  Cobalt  (Co),  Fluor  (F),Nickel (Ni), S\u00e9l\u00e9nium (Se), \u00c9tain (Sn), Iode (I) et Vanadium (V)<\/li>\n<\/ul>\n<p>&nbsp;<\/p>\n<h2>UTILISATIONS TERRE DE DIATOM\u00c9ES<\/h2>\n<h3>ACTION MULTICORRECTEUR PLANTES<\/h3>\n<p>La grande capacit\u00e9 d\u2019\u00e9change cationique  (C.I.C.)   permet \u00e0 tous les macro et micro \u00e9l\u00e9ments qu\u2019elle apporte d\u2019\u00eatre assimil\u00e9s par les plantes, ce qui en fait un grand multicorrecteur des carences que peuvent subir les plantes pendant leurs cycles de culture.<\/p>\n<p><strong>DOSE<\/strong><\/p>\n<ul>\n<li>POTAGER DOSAGE\u00a0: Saupoudrer entre 200 et 300 gr\/m2.<\/li>\n<li>SUBSTRATS\u00a0: Saupoudrer entre 10\/15gr\/litre de substrat.<\/li>\n<\/ul>\n<h3><strong>Contr\u00f4le des parasites chez les animaux et les humains.<\/strong><\/h3>\n<p>La terre de diatom\u00e9es est adapt\u00e9e \u00e0 la lutte contre les parasites chez les animaux et les humains. Les insectes tels que les poux, les tiques, les puces, les punaises de lit peuvent \u00eatre trait\u00e9s avec la terre de diatom\u00e9es.<\/p>\n<p>L'<strong> application<\/strong> serait d\u2019appliquer la poudre directement \u00e0 l\u2019aide de talc ou en saupoudrer de la main sur l\u2019animal. La dose dans ce cas serait 1g pour chaque kg d\u2019animal (!0 grammes pour chaque kg d\u2019animal). Il peut \u00e9galement \u00eatre appliqu\u00e9 \u00e0 raison de 20% - 30% sur les shampooings de nos animaux de compagnie.<\/p>\n<p>Il est \u00e9galement recommand\u00e9 de saupoudrer l\u00e9g\u00e8rement les lits des animaux, et dans l\u2019environnement humain, il peut \u00eatre appliqu\u00e9 aussi bien dans les maisons de campagne,  que dans les maisons de ville,  en saupoudrant le produit dans des placards,\u00a0 Garde-manger,  entrep\u00f4ts ou tout autre endroit \u00e0 prot\u00e9ger contre les insectes tels que les araign\u00e9es, les mites, les moustiques, les cafards, les acariens, etc.<\/p>\n<p>Il est 100% inoffensif pour les animaux et les humains.<\/p>\n<h3><strong>PROTECTEUR DE SEMENCE.<\/strong><\/h3>\n<p>Les traitements biologiques sont tr\u00e8s efficaces dans le contr\u00f4le des insectes, des bact\u00e9ries et des champignons pendant le stockage des grains de bl\u00e9, d\u2019orge, de soja, de ma\u00efs, etc et surtout contre le charan\u00e7on.<\/p>\n<p>En plus de prot\u00e9ger les graines, la terre de diatom\u00e9e augmente consid\u00e9rablement son pouvoir de germination, diminue son humidit\u00e9 et augmente son poids sp\u00e9cifique.<\/p>\n<h3>DOSE DE PROTECTION DES SEMENCES\u00a0:<\/h3>\n<p>De 2 \u00e0 3 kg par Tm de graine de grain, pour des p\u00e9riodes de stockage moyennes, c\u2019est-\u00e0-dire jusqu\u2019\u00e0 environ 12 mois, vous pouvez essentiellement conserver vos graines d\u2019une culture \u00e0 l\u2019autre.<\/p>\n<h2><strong>TERRE DE DIATOM\u00c9E FONGICIDE<\/strong><\/h2>\n<p>La terre de diatom\u00e9e est compos\u00e9e de silicium organique amorphe, c\u2019est-\u00e0-dire pas le silicium conventionnel que nous connaissons et est utilis\u00e9 dans diverses industries. Cette particularit\u00e9 amorphe en fait un inducteur de phytolexine<\/p>\n<p>C\u2019est un syst\u00e8me naturel et similaire \u00e0 celui des vaccins,  qui sont synth\u00e9tis\u00e9s avec des virus affaiblis des m\u00eames maladies contre lesquelles les animaux et les personnes sont immunis\u00e9s.\u00a0 Ceux-ci,  en produisant et en disposant des anticorps n\u00e9cessaires pour neutraliser la l\u00e9g\u00e8re infection produite par le vaccin,  ils obtiennent des d\u00e9fenses pour pr\u00e9venir toute infection, qui ne progressera pas par des d\u00e9fenses.<\/p>\n<ul>\n<li>POTAGER DOSAGE\u00a0: Saupoudrer entre 200 et 300 gr\/m2.<\/li>\n<li>SUBSTRATS\u00a0: Saupoudrer entre 10\/15gr\/litre de substrat.<\/li>\n<\/ul>\n<h2><strong>CONTR\u00d4LEUR D\u2019INSECTES EN CULTURE DE SOL<\/strong><\/h2>\n<p>La terre de diatom\u00e9es agit comme s\u00e9choir sur les insectes \u00e0 sang froid. Les insectes commencent \u00e0 se dess\u00e9cher et meurent, c\u2019est pourquoi il est un grand alli\u00e9 pour m\u00e9langer dans notre sol de culture ou de substrat et de contr\u00f4ler les insectes du sol comme, fourmis, escargots, vers de sol, etc.<\/p>\n<ul>\n<li>Acariens, Tiques, Mouches, Pucerons, Araign\u00e9es, Charan\u00e7ons, Moustiques, Taons, Limaces, Grillons, Chenilles, Termites, Escargots, Fourmis, Touffes, Punaises, Chevilliers, Hucks, Cafards, Puces, Vincouses , Papillons, Larves<\/li>\n<li>DOSE EN CESPED\u00a0: 100gr\/m2.<\/li>\n<li>DOSE DANS LE VERGER\u00a0: 250gr\/m2<\/li>\n<\/ul>\n<p>&nbsp;<\/p>","protected":false},"excerpt":{"rendered":"<p>Acheter terre de diatom\u00e9e dans sachets de 1kg et 3Kg. Le prix des diff\u00e9rents formats de terre de diatom\u00e9e vous pouvez le voir en s\u00e9lectionnant le format que vous souhaitez. La commande se r\u00e9alise directement par la web et vous devez suivre les \u00e9tapes indiqu\u00e9es. L'envoie se fait par UPS et vous le recevrez dans 4-5 jours.<\/p>","protected":false},"featured_media":35760,"comment_status":"open","ping_status":"closed","template":"","meta":{"_acf_changed":false,"site-sidebar-layout":"default","site-content-layout":"default","ast-site-content-layout":"default","site-content-style":"default","site-sidebar-style":"default","ast-global-header-display":"","ast-banner-title-visibility":"","ast-main-header-display":"","ast-hfb-above-header-display":"","ast-hfb-below-header-display":"","ast-hfb-mobile-header-display":"","site-post-title":"","ast-breadcrumbs-content":"","ast-featured-img":"","footer-sml-layout":"","ast-disable-related-posts":"","theme-transparent-header-meta":"default","adv-header-id-meta":"","stick-header-meta":"default","header-above-stick-meta":"","header-main-stick-meta":"","header-below-stick-meta":"","astra-migrate-meta-layouts":"set","ast-page-background-enabled":"default","ast-page-background-meta":{"desktop":{"background-color":"var(--ast-global-color-4)","background-image":"","background-repeat":"repeat","background-position":"center center","background-size":"auto","background-attachment":"scroll","background-type":"","background-media":"","overlay-type":"","overlay-color":"","overlay-opacity":"","overlay-gradient":""},"tablet":{"background-color":"","background-image":"","background-repeat":"repeat","background-position":"center center","background-size":"auto","background-attachment":"scroll","background-type":"","background-media":"","overlay-type":"","overlay-color":"","overlay-opacity":"","overlay-gradient":""},"mobile":{"background-color":"","background-image":"","background-repeat":"repeat","background-position":"center center","background-size":"auto","background-attachment":"scroll","background-type":"","background-media":"","overlay-type":"","overlay-color":"","overlay-opacity":"","overlay-gradient":""}},"ast-content-background-meta":{"desktop":{"background-color":"var(--ast-global-color-5)","background-image":"","background-repeat":"repeat","background-position":"center center","background-size":"auto","background-attachment":"scroll","background-type":"","background-media":"","overlay-type":"","overlay-color":"","overlay-opacity":"","overlay-gradient":""},"tablet":{"background-color":"var(--ast-global-color-5)","background-image":"","background-repeat":"repeat","background-position":"center center","background-size":"auto","background-attachment":"scroll","background-type":"","background-media":"","overlay-type":"","overlay-color":"","overlay-opacity":"","overlay-gradient":""},"mobile":{"background-color":"var(--ast-global-color-5)","background-image":"","background-repeat":"repeat","background-position":"center center","background-size":"auto","background-attachment":"scroll","background-type":"","background-media":"","overlay-type":"","overlay-color":"","overlay-opacity":"","overlay-gradient":""}}},"product_brand":[],"product_cat":[213,21],"product_tag":[],"class_list":{"0":"post-33708","1":"product","2":"type-product","3":"status-publish","4":"has-post-thumbnail","6":"product_cat-agroquimicos","7":"product_cat-productos","8":"pa_cantidad-3kg","9":"pa_cantidad-1kg","10":"desktop-align-left","11":"tablet-align-left","12":"mobile-align-left","13":"ast-product-gallery-layout-horizontal-slider","14":"ast-magnify-disabled","15":"ast-product-single-variable","16":"ast-product-tabs-layout-horizontal","17":"ast-qv-on-image","19":"first","20":"instock","21":"taxable","22":"shipping-taxable","23":"purchasable","24":"product-type-variable","25":"has-default-attributes"},"acf":[],"yoast_head":"<!-- This site is optimized with the Yoast SEO Premium plugin v27.1 (Yoast SEO v27.1.1) - https:\/\/yoast.com\/product\/yoast-seo-premium-wordpress\/ -->\n<title>Tierra de Diatomeas: Comprar Online - Alquera.com<\/title>\n<meta name=\"description\" content=\"ENVIOS EN 24\/48H. Comprar Tierra de Diatomeas. Utilizada para espolvorear y mezclar en el suelo de cultivo, como multinutriente y fungicida.\" \/>\n<meta name=\"robots\" content=\"index, follow, max-snippet:-1, max-image-preview:large, max-video-preview:-1\" \/>\n<link rel=\"canonical\" href=\"https:\/\/www.alquera.com\/fr\/tierra-de-diatomeas\/\" \/>\n<meta property=\"og:locale\" content=\"fr_FR\" \/>\n<meta property=\"og:type\" content=\"article\" \/>\n<meta property=\"og:title\" content=\"Tierra de Diatomeas: Comprar Online - Alquera.com\" \/>\n<meta property=\"og:description\" content=\"ENVIOS EN 24\/48H. Comprar Tierra de Diatomeas. Utilizada para espolvorear y mezclar en el suelo de cultivo, como multinutriente y fungicida.\" \/>\n<meta property=\"og:url\" content=\"https:\/\/www.alquera.com\/fr\/tierra-de-diatomeas\/\" \/>\n<meta property=\"og:site_name\" content=\"Alquera.com\" \/>\n<meta property=\"article:publisher\" content=\"https:\/\/www.facebook.com\/alqueraciencia\" \/>\n<meta property=\"article:modified_time\" content=\"2026-03-02T15:25:59+00:00\" \/>\n<meta property=\"og:image\" content=\"https:\/\/www.alquera.com\/wp-content\/uploads\/2021\/04\/TIERRA-DE-DIATOMEAS_22_10.png\" \/>\n\t<meta property=\"og:image:width\" content=\"800\" \/>\n\t<meta property=\"og:image:height\" content=\"800\" \/>\n\t<meta property=\"og:image:type\" content=\"image\/png\" \/>\n<meta name=\"twitter:card\" content=\"summary_large_image\" \/>\n<meta name=\"twitter:label1\" content=\"Disponibilit\u00e9\" \/>\n\t<meta name=\"twitter:data1\" content=\"En stock\" \/>\n<script type=\"application\/ld+json\" class=\"yoast-schema-graph\">{\"@context\":\"https:\/\/schema.org\",\"@graph\":[{\"@type\":[\"WebPage\",\"ItemPage\"],\"@id\":\"https:\/\/www.alquera.com\/tierra-de-diatomeas\/\",\"url\":\"https:\/\/www.alquera.com\/tierra-de-diatomeas\/\",\"name\":\"Tierra de Diatomeas: Comprar Online - Alquera.com\",\"isPartOf\":{\"@id\":\"https:\/\/www.alquera.com\/en\/#website\"},\"primaryImageOfPage\":{\"@id\":\"https:\/\/www.alquera.com\/tierra-de-diatomeas\/#primaryimage\"},\"image\":{\"@id\":\"https:\/\/www.alquera.com\/tierra-de-diatomeas\/#primaryimage\"},\"thumbnailUrl\":\"https:\/\/www.alquera.com\/wp-content\/uploads\/2021\/04\/TIERRA-DE-DIATOMEAS_22_10.png\",\"datePublished\":\"2021-04-28T10:45:19+00:00\",\"dateModified\":\"2026-03-02T15:25:59+00:00\",\"description\":\"ENVIOS EN 24\/48H. Comprar Tierra de Diatomeas. Utilizada para espolvorear y mezclar en el suelo de cultivo, como multinutriente y fungicida.\",\"breadcrumb\":{\"@id\":\"https:\/\/www.alquera.com\/tierra-de-diatomeas\/#breadcrumb\"},\"inLanguage\":\"fr-FR\",\"potentialAction\":[{\"@type\":\"ReadAction\",\"target\":[\"https:\/\/www.alquera.com\/tierra-de-diatomeas\/\"]}]},{\"@type\":\"ImageObject\",\"inLanguage\":\"fr-FR\",\"@id\":\"https:\/\/www.alquera.com\/tierra-de-diatomeas\/#primaryimage\",\"url\":\"https:\/\/www.alquera.com\/wp-content\/uploads\/2021\/04\/TIERRA-DE-DIATOMEAS_22_10.png\",\"contentUrl\":\"https:\/\/www.alquera.com\/wp-content\/uploads\/2021\/04\/TIERRA-DE-DIATOMEAS_22_10.png\",\"width\":800,\"height\":800,\"caption\":\"TIERRA DE DIATOMEAS\"},{\"@type\":\"BreadcrumbList\",\"@id\":\"https:\/\/www.alquera.com\/tierra-de-diatomeas\/#breadcrumb\",\"itemListElement\":[{\"@type\":\"ListItem\",\"position\":1,\"name\":\"Inicio\",\"item\":\"https:\/\/www.alquera.com\/\"},{\"@type\":\"ListItem\",\"position\":2,\"name\":\"Alquera.com: Tienda Online de Productos Qu\u00edmicos y Material de Laboratorio\",\"item\":\"https:\/\/www.alquera.com\/en\/tienda\/\"},{\"@type\":\"ListItem\",\"position\":3,\"name\":\"Tierra de Diatomeas\"}]},{\"@type\":\"WebSite\",\"@id\":\"https:\/\/www.alquera.com\/en\/#website\",\"url\":\"https:\/\/www.alquera.com\/en\/\",\"name\":\"Alquera.com\",\"description\":\"Tienda Online Productos Qu\u00edmicos y Material de Laboratorio\",\"publisher\":{\"@id\":\"https:\/\/www.alquera.com\/en\/#organization\"},\"potentialAction\":[{\"@type\":\"SearchAction\",\"target\":{\"@type\":\"EntryPoint\",\"urlTemplate\":\"https:\/\/www.alquera.com\/en\/?s={search_term_string}\"},\"query-input\":{\"@type\":\"PropertyValueSpecification\",\"valueRequired\":true,\"valueName\":\"search_term_string\"}}],\"inLanguage\":\"fr-FR\"},{\"@type\":\"Organization\",\"@id\":\"https:\/\/www.alquera.com\/en\/#organization\",\"name\":\"ALQUERA CIENCIA SL\",\"url\":\"https:\/\/www.alquera.com\/en\/\",\"logo\":{\"@type\":\"ImageObject\",\"inLanguage\":\"fr-FR\",\"@id\":\"https:\/\/www.alquera.com\/en\/#\/schema\/logo\/image\/\",\"url\":\"https:\/\/www.alquera.com\/wp-content\/uploads\/2020\/11\/logo_300_ancho.png\",\"contentUrl\":\"https:\/\/www.alquera.com\/wp-content\/uploads\/2020\/11\/logo_300_ancho.png\",\"width\":300,\"height\":86,\"caption\":\"ALQUERA CIENCIA SL\"},\"image\":{\"@id\":\"https:\/\/www.alquera.com\/en\/#\/schema\/logo\/image\/\"},\"sameAs\":[\"https:\/\/www.facebook.com\/alqueraciencia\",\"https:\/\/www.instagram.com\/alquera_ciencia\/\",\"https:\/\/www.youtube.com\/c\/alquera\"]}]}<\/script>\n<meta property=\"og:availability\" content=\"instock\" \/>\n<meta property=\"product:availability\" content=\"instock\" \/>\n<meta property=\"product:condition\" content=\"new\" \/>\n<!-- \/ Yoast SEO Premium plugin. -->","yoast_head_json":{"title":"Terre de diatom\u00e9es : Acheter en ligne - Alquera.com","description":"ENVIOS EN 24\/48H. Acheter Terre de Diatom\u00e9e. Utilis\u00e9 pour saupoudrer et m\u00e9langer dans le sol de culture, comme multinutriment et fongicide.","robots":{"index":"index","follow":"follow","max-snippet":"max-snippet:-1","max-image-preview":"max-image-preview:large","max-video-preview":"max-video-preview:-1"},"canonical":"https:\/\/www.alquera.com\/fr\/tierra-de-diatomeas\/","og_locale":"fr_FR","og_type":"article","og_title":"Tierra de Diatomeas: Comprar Online - Alquera.com","og_description":"ENVIOS EN 24\/48H. Comprar Tierra de Diatomeas. Utilizada para espolvorear y mezclar en el suelo de cultivo, como multinutriente y fungicida.","og_url":"https:\/\/www.alquera.com\/fr\/tierra-de-diatomeas\/","og_site_name":"Alquera.com","article_publisher":"https:\/\/www.facebook.com\/alqueraciencia","article_modified_time":"2026-03-02T15:25:59+00:00","og_image":[{"width":800,"height":800,"url":"https:\/\/www.alquera.com\/wp-content\/uploads\/2021\/04\/TIERRA-DE-DIATOMEAS_22_10.png","type":"image\/png"}],"twitter_card":"summary_large_image","twitter_misc":{"Disponibilit\u00e9":"En stock"},"schema":{"@context":"https:\/\/schema.org","@graph":[{"@type":["WebPage","ItemPage"],"@id":"https:\/\/www.alquera.com\/tierra-de-diatomeas\/","url":"https:\/\/www.alquera.com\/tierra-de-diatomeas\/","name":"Terre de diatom\u00e9es : Acheter en ligne - Alquera.com","isPartOf":{"@id":"https:\/\/www.alquera.com\/en\/#website"},"primaryImageOfPage":{"@id":"https:\/\/www.alquera.com\/tierra-de-diatomeas\/#primaryimage"},"image":{"@id":"https:\/\/www.alquera.com\/tierra-de-diatomeas\/#primaryimage"},"thumbnailUrl":"https:\/\/www.alquera.com\/wp-content\/uploads\/2021\/04\/TIERRA-DE-DIATOMEAS_22_10.png","datePublished":"2021-04-28T10:45:19+00:00","dateModified":"2026-03-02T15:25:59+00:00","description":"ENVIOS EN 24\/48H. Acheter Terre de Diatom\u00e9e. Utilis\u00e9 pour saupoudrer et m\u00e9langer dans le sol de culture, comme multinutriment et fongicide.","breadcrumb":{"@id":"https:\/\/www.alquera.com\/tierra-de-diatomeas\/#breadcrumb"},"inLanguage":"fr-FR","potentialAction":[{"@type":"ReadAction","target":["https:\/\/www.alquera.com\/tierra-de-diatomeas\/"]}]},{"@type":"ImageObject","inLanguage":"fr-FR","@id":"https:\/\/www.alquera.com\/tierra-de-diatomeas\/#primaryimage","url":"https:\/\/www.alquera.com\/wp-content\/uploads\/2021\/04\/TIERRA-DE-DIATOMEAS_22_10.png","contentUrl":"https:\/\/www.alquera.com\/wp-content\/uploads\/2021\/04\/TIERRA-DE-DIATOMEAS_22_10.png","width":800,"height":800,"caption":"TIERRA DE DIATOMEAS"},{"@type":"BreadcrumbList","@id":"https:\/\/www.alquera.com\/tierra-de-diatomeas\/#breadcrumb","itemListElement":[{"@type":"ListItem","position":1,"name":"Inicio","item":"https:\/\/www.alquera.com\/"},{"@type":"ListItem","position":2,"name":"Alquera.com: Tienda Online de Productos Qu\u00edmicos y Material de Laboratorio","item":"https:\/\/www.alquera.com\/en\/tienda\/"},{"@type":"ListItem","position":3,"name":"Tierra de Diatomeas"}]},{"@type":"WebSite","@id":"https:\/\/www.alquera.com\/en\/#website","url":"https:\/\/www.alquera.com\/en\/","name":"Alquera.com","description":"Boutique en ligne Produits chimiques et \u00e9quipements de laboratoire","publisher":{"@id":"https:\/\/www.alquera.com\/en\/#organization"},"potentialAction":[{"@type":"SearchAction","target":{"@type":"EntryPoint","urlTemplate":"https:\/\/www.alquera.com\/en\/?s={search_term_string}"},"query-input":{"@type":"PropertyValueSpecification","valueRequired":true,"valueName":"search_term_string"}}],"inLanguage":"fr-FR"},{"@type":"Organization","@id":"https:\/\/www.alquera.com\/en\/#organization","name":"ALQUERA CIENCIA SL","url":"https:\/\/www.alquera.com\/en\/","logo":{"@type":"ImageObject","inLanguage":"fr-FR","@id":"https:\/\/www.alquera.com\/en\/#\/schema\/logo\/image\/","url":"https:\/\/www.alquera.com\/wp-content\/uploads\/2020\/11\/logo_300_ancho.png","contentUrl":"https:\/\/www.alquera.com\/wp-content\/uploads\/2020\/11\/logo_300_ancho.png","width":300,"height":86,"caption":"ALQUERA CIENCIA SL"},"image":{"@id":"https:\/\/www.alquera.com\/en\/#\/schema\/logo\/image\/"},"sameAs":["https:\/\/www.facebook.com\/alqueraciencia","https:\/\/www.instagram.com\/alquera_ciencia\/","https:\/\/www.youtube.com\/c\/alquera"]}]},"og_availability":"instock","product_availability":"instock","product_condition":"new"},"_links":{"self":[{"href":"https:\/\/www.alquera.com\/fr\/wp-json\/wp\/v2\/product\/33708","targetHints":{"allow":["GET"]}}],"collection":[{"href":"https:\/\/www.alquera.com\/fr\/wp-json\/wp\/v2\/product"}],"about":[{"href":"https:\/\/www.alquera.com\/fr\/wp-json\/wp\/v2\/types\/product"}],"replies":[{"embeddable":true,"href":"https:\/\/www.alquera.com\/fr\/wp-json\/wp\/v2\/comments?post=33708"}],"wp:featuredmedia":[{"embeddable":true,"href":"https:\/\/www.alquera.com\/fr\/wp-json\/wp\/v2\/media\/35760"}],"wp:attachment":[{"href":"https:\/\/www.alquera.com\/fr\/wp-json\/wp\/v2\/media?parent=33708"}],"wp:term":[{"taxonomy":"product_brand","embeddable":true,"href":"https:\/\/www.alquera.com\/fr\/wp-json\/wp\/v2\/product_brand?post=33708"},{"taxonomy":"product_cat","embeddable":true,"href":"https:\/\/www.alquera.com\/fr\/wp-json\/wp\/v2\/product_cat?post=33708"},{"taxonomy":"product_tag","embeddable":true,"href":"https:\/\/www.alquera.com\/fr\/wp-json\/wp\/v2\/product_tag?post=33708"}],"curies":[{"name":"wp","href":"https:\/\/api.w.org\/{rel}","templated":true}]}}