{"id":33837,"date":"2021-05-11T08:36:02","date_gmt":"2021-05-11T08:36:02","guid":{"rendered":"https:\/\/www.alquera.com\/?post_type=product&#038;p=33837"},"modified":"2026-02-23T16:13:00","modified_gmt":"2026-02-23T16:13:00","slug":"cucharas-medidoras-de-plastico","status":"publish","type":"product","link":"https:\/\/www.alquera.com\/fr\/cucharas-medidoras-de-plastico\/","title":{"rendered":"Cuill\u00e8res \u00e0 Mesurer en Plastique"},"content":{"rendered":"<p>Cuill\u00e8re \u00e0 mesurer en plastique PP, capacit\u00e9 10ml, 20ml et 40ml. Convient \u00e0 l'usage alimentaire.<br \/>\nDimensions :<\/p>\n<p>Volume 10ml. Longueur=77mm, Diam\u00e8tre de la cuill\u00e8re=28mm, Hauteur=23,7mm.<br \/>\nVolume 20ml. Longueur = 92 mm. Largeur de la cuill\u00e8re = 35mm. Poids 4.55g<br \/>\nVolume 40ml. Longueur : 115 mm. Largeur de la cuill\u00e8re = 45mm. Hauteur 31 mm. Poids 5.9g<\/p>\n<p>Ils peuvent \u00eatre achet\u00e9s en paquets de 2, 50 et 500 unit\u00e9s.<\/p>","protected":false},"excerpt":{"rendered":"<p>Acheter une cuill\u00e8re \u00e0 mesurer en plastique PP, capacit\u00e9 10ml, 20ml et 40ml. Convient pour un usage alimentaire, voir les dimensions dans la description. Peut \u00eatre achet\u00e9 en Paquet de 50 unit\u00e9s ou Paquet de 500 unit\u00e9s, voir les prix lors de la s\u00e9lection du produit. Exp\u00e9dition en 24\/48h.<\/p>","protected":false},"featured_media":33840,"comment_status":"open","ping_status":"closed","template":"","meta":{"_acf_changed":false,"site-sidebar-layout":"default","site-content-layout":"default","ast-site-content-layout":"default","site-content-style":"default","site-sidebar-style":"default","ast-global-header-display":"","ast-banner-title-visibility":"","ast-main-header-display":"","ast-hfb-above-header-display":"","ast-hfb-below-header-display":"","ast-hfb-mobile-header-display":"","site-post-title":"","ast-breadcrumbs-content":"","ast-featured-img":"","footer-sml-layout":"","ast-disable-related-posts":"","theme-transparent-header-meta":"default","adv-header-id-meta":"","stick-header-meta":"default","header-above-stick-meta":"","header-main-stick-meta":"","header-below-stick-meta":"","astra-migrate-meta-layouts":"default","ast-page-background-enabled":"default","ast-page-background-meta":{"desktop":{"background-color":"var(--ast-global-color-4)","background-image":"","background-repeat":"repeat","background-position":"center center","background-size":"auto","background-attachment":"scroll","background-type":"","background-media":"","overlay-type":"","overlay-color":"","overlay-opacity":"","overlay-gradient":""},"tablet":{"background-color":"","background-image":"","background-repeat":"repeat","background-position":"center center","background-size":"auto","background-attachment":"scroll","background-type":"","background-media":"","overlay-type":"","overlay-color":"","overlay-opacity":"","overlay-gradient":""},"mobile":{"background-color":"","background-image":"","background-repeat":"repeat","background-position":"center center","background-size":"auto","background-attachment":"scroll","background-type":"","background-media":"","overlay-type":"","overlay-color":"","overlay-opacity":"","overlay-gradient":""}},"ast-content-background-meta":{"desktop":{"background-color":"var(--ast-global-color-5)","background-image":"","background-repeat":"repeat","background-position":"center center","background-size":"auto","background-attachment":"scroll","background-type":"","background-media":"","overlay-type":"","overlay-color":"","overlay-opacity":"","overlay-gradient":""},"tablet":{"background-color":"var(--ast-global-color-5)","background-image":"","background-repeat":"repeat","background-position":"center center","background-size":"auto","background-attachment":"scroll","background-type":"","background-media":"","overlay-type":"","overlay-color":"","overlay-opacity":"","overlay-gradient":""},"mobile":{"background-color":"var(--ast-global-color-5)","background-image":"","background-repeat":"repeat","background-position":"center center","background-size":"auto","background-attachment":"scroll","background-type":"","background-media":"","overlay-type":"","overlay-color":"","overlay-opacity":"","overlay-gradient":""}}},"product_brand":[],"product_cat":[21,26],"product_tag":[],"class_list":{"0":"post-33837","1":"product","2":"type-product","3":"status-publish","4":"has-post-thumbnail","6":"product_cat-productos","7":"product_cat-material-de-laboratorio","8":"pa_unidades-257","9":"pa_unidades-297","10":"pa_unidades-275","11":"pa_unidades-276","12":"desktop-align-left","13":"tablet-align-left","14":"mobile-align-left","15":"ast-product-gallery-layout-horizontal-slider","16":"ast-product-gallery-with-no-image","17":"ast-magnify-disabled","18":"ast-product-single-variable","19":"ast-product-tabs-layout-horizontal","20":"ast-qv-on-image","22":"first","23":"instock","24":"taxable","25":"shipping-taxable","26":"purchasable","27":"product-type-variable","28":"has-default-attributes"},"acf":[],"yoast_head":"<!-- This site is optimized with the Yoast SEO Premium plugin v27.1 (Yoast SEO v27.1.1) - https:\/\/yoast.com\/product\/yoast-seo-premium-wordpress\/ -->\n<title>Cucharas Medidoras de Pl\u00e1stico: Comprar Online - Alquera.com<\/title>\n<meta name=\"description\" content=\"ENV\u00cdOS EN 24\/48H. Comprar cucharas medidoras de pl\u00e1stico PP en 10ml, 20ml y 40ml. Uso alimenticio. Pack de 50 o 500 unidades.\" \/>\n<meta name=\"robots\" content=\"index, follow, max-snippet:-1, max-image-preview:large, max-video-preview:-1\" \/>\n<link rel=\"canonical\" href=\"https:\/\/www.alquera.com\/fr\/cucharas-medidoras-de-plastico\/\" \/>\n<meta property=\"og:locale\" content=\"fr_FR\" \/>\n<meta property=\"og:type\" content=\"article\" \/>\n<meta property=\"og:title\" content=\"Cucharas Medidoras de Pl\u00e1stico: Comprar Online - Alquera.com\" \/>\n<meta property=\"og:description\" content=\"ENV\u00cdOS EN 24\/48H. Comprar cucharas medidoras de pl\u00e1stico PP en 10ml, 20ml y 40ml. Uso alimenticio. Pack de 50 o 500 unidades.\" \/>\n<meta property=\"og:url\" content=\"https:\/\/www.alquera.com\/fr\/cucharas-medidoras-de-plastico\/\" \/>\n<meta property=\"og:site_name\" content=\"Alquera.com\" \/>\n<meta property=\"article:publisher\" content=\"https:\/\/www.facebook.com\/alqueraciencia\" \/>\n<meta property=\"article:modified_time\" content=\"2026-02-23T16:13:00+00:00\" \/>\n<meta property=\"og:image\" content=\"https:\/\/www.alquera.com\/wp-content\/uploads\/2021\/05\/CUCHARA_CON-MEDIDAS_-scaled.jpg\" \/>\n\t<meta property=\"og:image:width\" content=\"800\" \/>\n\t<meta property=\"og:image:height\" content=\"646\" \/>\n\t<meta property=\"og:image:type\" content=\"image\/jpeg\" \/>\n<meta name=\"twitter:card\" content=\"summary_large_image\" \/>\n<meta name=\"twitter:label1\" content=\"Disponibilit\u00e9\" \/>\n\t<meta name=\"twitter:data1\" content=\"En stock\" \/>\n<script type=\"application\/ld+json\" class=\"yoast-schema-graph\">{\"@context\":\"https:\/\/schema.org\",\"@graph\":[{\"@type\":[\"WebPage\",\"ItemPage\"],\"@id\":\"https:\/\/www.alquera.com\/cucharas-medidoras-de-plastico\/\",\"url\":\"https:\/\/www.alquera.com\/cucharas-medidoras-de-plastico\/\",\"name\":\"Cucharas Medidoras de Pl\u00e1stico: Comprar Online - Alquera.com\",\"isPartOf\":{\"@id\":\"https:\/\/www.alquera.com\/en\/#website\"},\"primaryImageOfPage\":{\"@id\":\"https:\/\/www.alquera.com\/cucharas-medidoras-de-plastico\/#primaryimage\"},\"image\":{\"@id\":\"https:\/\/www.alquera.com\/cucharas-medidoras-de-plastico\/#primaryimage\"},\"thumbnailUrl\":\"https:\/\/www.alquera.com\/wp-content\/uploads\/2021\/05\/CUCHARA_CON-MEDIDAS_-scaled.jpg\",\"datePublished\":\"2021-05-11T08:36:02+00:00\",\"dateModified\":\"2026-02-23T16:13:00+00:00\",\"description\":\"ENV\u00cdOS EN 24\/48H. Comprar cucharas medidoras de pl\u00e1stico PP en 10ml, 20ml y 40ml. Uso alimenticio. Pack de 50 o 500 unidades.\",\"breadcrumb\":{\"@id\":\"https:\/\/www.alquera.com\/cucharas-medidoras-de-plastico\/#breadcrumb\"},\"inLanguage\":\"fr-FR\",\"potentialAction\":[{\"@type\":\"ReadAction\",\"target\":[\"https:\/\/www.alquera.com\/cucharas-medidoras-de-plastico\/\"]}]},{\"@type\":\"ImageObject\",\"inLanguage\":\"fr-FR\",\"@id\":\"https:\/\/www.alquera.com\/cucharas-medidoras-de-plastico\/#primaryimage\",\"url\":\"https:\/\/www.alquera.com\/wp-content\/uploads\/2021\/05\/CUCHARA_CON-MEDIDAS_-scaled.jpg\",\"contentUrl\":\"https:\/\/www.alquera.com\/wp-content\/uploads\/2021\/05\/CUCHARA_CON-MEDIDAS_-scaled.jpg\",\"width\":800,\"height\":646,\"caption\":\"cucharas medidoras de plastico 10ml\"},{\"@type\":\"BreadcrumbList\",\"@id\":\"https:\/\/www.alquera.com\/cucharas-medidoras-de-plastico\/#breadcrumb\",\"itemListElement\":[{\"@type\":\"ListItem\",\"position\":1,\"name\":\"Inicio\",\"item\":\"https:\/\/www.alquera.com\/\"},{\"@type\":\"ListItem\",\"position\":2,\"name\":\"Alquera.com: Tienda Online de Productos Qu\u00edmicos y Material de Laboratorio\",\"item\":\"https:\/\/www.alquera.com\/en\/tienda\/\"},{\"@type\":\"ListItem\",\"position\":3,\"name\":\"Cucharas Medidoras de Pl\u00e1stico\"}]},{\"@type\":\"WebSite\",\"@id\":\"https:\/\/www.alquera.com\/en\/#website\",\"url\":\"https:\/\/www.alquera.com\/en\/\",\"name\":\"Alquera.com\",\"description\":\"Tienda Online Productos Qu\u00edmicos y Material de Laboratorio\",\"publisher\":{\"@id\":\"https:\/\/www.alquera.com\/en\/#organization\"},\"potentialAction\":[{\"@type\":\"SearchAction\",\"target\":{\"@type\":\"EntryPoint\",\"urlTemplate\":\"https:\/\/www.alquera.com\/en\/?s={search_term_string}\"},\"query-input\":{\"@type\":\"PropertyValueSpecification\",\"valueRequired\":true,\"valueName\":\"search_term_string\"}}],\"inLanguage\":\"fr-FR\"},{\"@type\":\"Organization\",\"@id\":\"https:\/\/www.alquera.com\/en\/#organization\",\"name\":\"ALQUERA CIENCIA SL\",\"url\":\"https:\/\/www.alquera.com\/en\/\",\"logo\":{\"@type\":\"ImageObject\",\"inLanguage\":\"fr-FR\",\"@id\":\"https:\/\/www.alquera.com\/en\/#\/schema\/logo\/image\/\",\"url\":\"https:\/\/www.alquera.com\/wp-content\/uploads\/2020\/11\/logo_300_ancho.png\",\"contentUrl\":\"https:\/\/www.alquera.com\/wp-content\/uploads\/2020\/11\/logo_300_ancho.png\",\"width\":300,\"height\":86,\"caption\":\"ALQUERA CIENCIA SL\"},\"image\":{\"@id\":\"https:\/\/www.alquera.com\/en\/#\/schema\/logo\/image\/\"},\"sameAs\":[\"https:\/\/www.facebook.com\/alqueraciencia\",\"https:\/\/www.instagram.com\/alquera_ciencia\/\",\"https:\/\/www.youtube.com\/c\/alquera\"]}]}<\/script>\n<meta property=\"og:availability\" content=\"instock\" \/>\n<meta property=\"product:availability\" content=\"instock\" \/>\n<meta property=\"product:condition\" content=\"new\" \/>\n<!-- \/ Yoast SEO Premium plugin. -->","yoast_head_json":{"title":"Cuill\u00e8res \u00e0 mesurer en plastique : Acheter en ligne - Alquera.com","description":"LIVRAISON 24\/48H. Acheter des cuill\u00e8res \u00e0 mesurer en plastique PP en 10ml, 20ml et 40ml. Usage alimentaire. Paquet de 50 ou 500 unit\u00e9s.","robots":{"index":"index","follow":"follow","max-snippet":"max-snippet:-1","max-image-preview":"max-image-preview:large","max-video-preview":"max-video-preview:-1"},"canonical":"https:\/\/www.alquera.com\/fr\/cucharas-medidoras-de-plastico\/","og_locale":"fr_FR","og_type":"article","og_title":"Cucharas Medidoras de Pl\u00e1stico: Comprar Online - Alquera.com","og_description":"ENV\u00cdOS EN 24\/48H. Comprar cucharas medidoras de pl\u00e1stico PP en 10ml, 20ml y 40ml. Uso alimenticio. Pack de 50 o 500 unidades.","og_url":"https:\/\/www.alquera.com\/fr\/cucharas-medidoras-de-plastico\/","og_site_name":"Alquera.com","article_publisher":"https:\/\/www.facebook.com\/alqueraciencia","article_modified_time":"2026-02-23T16:13:00+00:00","og_image":[{"width":800,"height":646,"url":"https:\/\/www.alquera.com\/wp-content\/uploads\/2021\/05\/CUCHARA_CON-MEDIDAS_-scaled.jpg","type":"image\/jpeg"}],"twitter_card":"summary_large_image","twitter_misc":{"Disponibilit\u00e9":"En stock"},"schema":{"@context":"https:\/\/schema.org","@graph":[{"@type":["WebPage","ItemPage"],"@id":"https:\/\/www.alquera.com\/cucharas-medidoras-de-plastico\/","url":"https:\/\/www.alquera.com\/cucharas-medidoras-de-plastico\/","name":"Cuill\u00e8res \u00e0 mesurer en plastique : Acheter en ligne - Alquera.com","isPartOf":{"@id":"https:\/\/www.alquera.com\/en\/#website"},"primaryImageOfPage":{"@id":"https:\/\/www.alquera.com\/cucharas-medidoras-de-plastico\/#primaryimage"},"image":{"@id":"https:\/\/www.alquera.com\/cucharas-medidoras-de-plastico\/#primaryimage"},"thumbnailUrl":"https:\/\/www.alquera.com\/wp-content\/uploads\/2021\/05\/CUCHARA_CON-MEDIDAS_-scaled.jpg","datePublished":"2021-05-11T08:36:02+00:00","dateModified":"2026-02-23T16:13:00+00:00","description":"LIVRAISON 24\/48H. Acheter des cuill\u00e8res \u00e0 mesurer en plastique PP en 10ml, 20ml et 40ml. Usage alimentaire. Paquet de 50 ou 500 unit\u00e9s.","breadcrumb":{"@id":"https:\/\/www.alquera.com\/cucharas-medidoras-de-plastico\/#breadcrumb"},"inLanguage":"fr-FR","potentialAction":[{"@type":"ReadAction","target":["https:\/\/www.alquera.com\/cucharas-medidoras-de-plastico\/"]}]},{"@type":"ImageObject","inLanguage":"fr-FR","@id":"https:\/\/www.alquera.com\/cucharas-medidoras-de-plastico\/#primaryimage","url":"https:\/\/www.alquera.com\/wp-content\/uploads\/2021\/05\/CUCHARA_CON-MEDIDAS_-scaled.jpg","contentUrl":"https:\/\/www.alquera.com\/wp-content\/uploads\/2021\/05\/CUCHARA_CON-MEDIDAS_-scaled.jpg","width":800,"height":646,"caption":"cucharas medidoras de plastico 10ml"},{"@type":"BreadcrumbList","@id":"https:\/\/www.alquera.com\/cucharas-medidoras-de-plastico\/#breadcrumb","itemListElement":[{"@type":"ListItem","position":1,"name":"Inicio","item":"https:\/\/www.alquera.com\/"},{"@type":"ListItem","position":2,"name":"Alquera.com: Tienda Online de Productos Qu\u00edmicos y Material de Laboratorio","item":"https:\/\/www.alquera.com\/en\/tienda\/"},{"@type":"ListItem","position":3,"name":"Cucharas Medidoras de Pl\u00e1stico"}]},{"@type":"WebSite","@id":"https:\/\/www.alquera.com\/en\/#website","url":"https:\/\/www.alquera.com\/en\/","name":"Alquera.com","description":"Boutique en ligne Produits chimiques et \u00e9quipements de laboratoire","publisher":{"@id":"https:\/\/www.alquera.com\/en\/#organization"},"potentialAction":[{"@type":"SearchAction","target":{"@type":"EntryPoint","urlTemplate":"https:\/\/www.alquera.com\/en\/?s={search_term_string}"},"query-input":{"@type":"PropertyValueSpecification","valueRequired":true,"valueName":"search_term_string"}}],"inLanguage":"fr-FR"},{"@type":"Organization","@id":"https:\/\/www.alquera.com\/en\/#organization","name":"ALQUERA CIENCIA SL","url":"https:\/\/www.alquera.com\/en\/","logo":{"@type":"ImageObject","inLanguage":"fr-FR","@id":"https:\/\/www.alquera.com\/en\/#\/schema\/logo\/image\/","url":"https:\/\/www.alquera.com\/wp-content\/uploads\/2020\/11\/logo_300_ancho.png","contentUrl":"https:\/\/www.alquera.com\/wp-content\/uploads\/2020\/11\/logo_300_ancho.png","width":300,"height":86,"caption":"ALQUERA CIENCIA SL"},"image":{"@id":"https:\/\/www.alquera.com\/en\/#\/schema\/logo\/image\/"},"sameAs":["https:\/\/www.facebook.com\/alqueraciencia","https:\/\/www.instagram.com\/alquera_ciencia\/","https:\/\/www.youtube.com\/c\/alquera"]}]},"og_availability":"instock","product_availability":"instock","product_condition":"new"},"_links":{"self":[{"href":"https:\/\/www.alquera.com\/fr\/wp-json\/wp\/v2\/product\/33837","targetHints":{"allow":["GET"]}}],"collection":[{"href":"https:\/\/www.alquera.com\/fr\/wp-json\/wp\/v2\/product"}],"about":[{"href":"https:\/\/www.alquera.com\/fr\/wp-json\/wp\/v2\/types\/product"}],"replies":[{"embeddable":true,"href":"https:\/\/www.alquera.com\/fr\/wp-json\/wp\/v2\/comments?post=33837"}],"wp:featuredmedia":[{"embeddable":true,"href":"https:\/\/www.alquera.com\/fr\/wp-json\/wp\/v2\/media\/33840"}],"wp:attachment":[{"href":"https:\/\/www.alquera.com\/fr\/wp-json\/wp\/v2\/media?parent=33837"}],"wp:term":[{"taxonomy":"product_brand","embeddable":true,"href":"https:\/\/www.alquera.com\/fr\/wp-json\/wp\/v2\/product_brand?post=33837"},{"taxonomy":"product_cat","embeddable":true,"href":"https:\/\/www.alquera.com\/fr\/wp-json\/wp\/v2\/product_cat?post=33837"},{"taxonomy":"product_tag","embeddable":true,"href":"https:\/\/www.alquera.com\/fr\/wp-json\/wp\/v2\/product_tag?post=33837"}],"curies":[{"name":"wp","href":"https:\/\/api.w.org\/{rel}","templated":true}]}}