{"id":34398,"date":"2021-07-13T14:04:17","date_gmt":"2021-07-13T14:04:17","guid":{"rendered":"https:\/\/www.alquera.com\/?post_type=product&#038;p=34398"},"modified":"2026-02-23T16:12:59","modified_gmt":"2026-02-23T16:12:59","slug":"sulfato-de-cobre-piedra","status":"publish","type":"product","link":"https:\/\/www.alquera.com\/fr\/sulfato-de-cobre-piedra\/","title":{"rendered":"Sulfate de Cuivre en Pierre"},"content":{"rendered":"<p>Sulfate de cuivre(II) 5-hydrate en piedra, de formule\u00a0: CuSO4 5H2O.<\/p>\n<p>Sulfate de Cuivre Pentahydrat\u00e9\/Sel Cuivrique\/Vitriol bleu.<\/p>\n<h2><strong>IDENTIFICATION ET PROPRI\u00c9T\u00c9S DE LA PIERRE DE SULFATE CUIVRIQUE<\/strong><\/h2>\n<p><strong>Nom: <\/strong>Sulfate de cuivre 5H20 dans la pierre.<br \/>\n<strong>Synonyme:\u00a0<\/strong>Sulfate de Cuivre Pentahydrat\u00e9\/Sel Cuivrique\/Vitriol bleu.<br \/>\n<strong>N. EC<\/strong>: 231-847-6<br \/>\n<strong>N. CAS<\/strong>: 7758-99-8<\/p>\n<ul>\n<li style=\"list-style-type: none;\">\n<ul>\n<li style=\"list-style-type: none;\">\n<ul>\n<li>Apparence\u00a0: Solide en Pierre bleue<\/li>\n<li>Odeur: Sans odeur<\/li>\n<\/ul>\n<\/li>\n<\/ul>\n<ul>\n<li>Seuil olfactif\u00a0: Pas de donn\u00e9es disponibles<\/li>\n<li>pH (dissolution \u00e0 10% H2O) (20 \u00b9C)\u00a0: 3,5 - 4,5<\/li>\n<li>Point de fusion\u00a0: D\u00e9compose sans fusion \u00e0 110 \u00baC<\/li>\n<li>Point d\u2019\u00e9bullition\u00a0: &gt; 110 \u00baC<\/li>\n<li>Point d\u2019\u00e9clair\u00a0: &gt; 61\u00baC<\/li>\n<li>Taux d\u2019\u00e9vaporation\u00a0: Pas de donn\u00e9es disponibles<\/li>\n<li>Inflammabilit\u00e9 (solide\/gaz): Non inflammable<\/li>\n<li>Limites d\u2019explosivit\u00e9\u00a0: Pas de donn\u00e9es disponibles<\/li>\n<li>Pression de vapeur\u00a0: Non applicable aux solides inorganiques \u00e0 des temp\u00e9ratures normales<\/li>\n<li>Densit\u00e9 de vapeur (air=1)\u00a0: Non applicable aux solides inorganiques \u00e0 des temp\u00e9ratures normales<\/li>\n<li>Densit\u00e9 relative\u00a0: 2,286 g\/cm<sup>3<\/sup><\/li>\n<li>Solubilit\u00e9 dans l\u2019eau (25 \u00baC)\u00a0: 22 g\/100 g<\/li>\n<li>Coeficiente de reparto n-octanol\/agua: No aplicable en s\u00f3lidos inorg\u00e1nicos Temperatura de auto-ignici\u00f3n:\u00a0\u00a0 No aplicable<\/li>\n<li>Temp\u00e9rature de d\u00e9composition\u00a0: &gt; 110 \u00baC<\/li>\n<li>Viscosit\u00e9: Non applicable aux solides inorganiques<\/li>\n<li>Propi\u00e9t\u00e9s explosives: Non explosif<\/li>\n<li>Propi\u00e9t\u00e9s comburantes: Non comburant<\/li>\n<\/ul>\n<h2>USAGES<\/h2>\n<p>Engrais, usage industriel, additif pour l\u2019alimentation animale.<\/p>\n<p>Il ne doit pas \u00eatre utilis\u00e9 \u00e0 d\u2019autres fins que celles d\u00e9crites dans la pr\u00e9sente fiche de donn\u00e9es de s\u00e9curit\u00e9.<\/li>\n<\/ul>","protected":false},"excerpt":{"rendered":"<p>Acheter Sulfate de Cuivre dans sachets de 1Kg jusqu'\u00e0 sacs de 25Kg. Le prix des diff\u00e9rents formats de Sulfate de Cuivre vous pouvez le voir en s\u00e9lectionnant le format que vous souhaitez. La commande se r\u00e9alise directement par la web et vous devez suivre les \u00e9tapes indiqu\u00e9es. L'envoie se fait par UPS et vous le recevrez dans 4-5 jours. <a href=\"https:\/\/www.alquera.com\/fr\/sulfato-de-cobre\/\">Sulfate de Cuivre en Poudre<\/a>.<\/p>","protected":false},"featured_media":35728,"comment_status":"open","ping_status":"closed","template":"","meta":{"_acf_changed":false,"site-sidebar-layout":"default","site-content-layout":"default","ast-site-content-layout":"default","site-content-style":"default","site-sidebar-style":"default","ast-global-header-display":"","ast-banner-title-visibility":"","ast-main-header-display":"","ast-hfb-above-header-display":"","ast-hfb-below-header-display":"","ast-hfb-mobile-header-display":"","site-post-title":"","ast-breadcrumbs-content":"","ast-featured-img":"","footer-sml-layout":"","ast-disable-related-posts":"","theme-transparent-header-meta":"default","adv-header-id-meta":"","stick-header-meta":"default","header-above-stick-meta":"","header-main-stick-meta":"","header-below-stick-meta":"","astra-migrate-meta-layouts":"set","ast-page-background-enabled":"default","ast-page-background-meta":{"desktop":{"background-color":"var(--ast-global-color-4)","background-image":"","background-repeat":"repeat","background-position":"center center","background-size":"auto","background-attachment":"scroll","background-type":"","background-media":"","overlay-type":"","overlay-color":"","overlay-opacity":"","overlay-gradient":""},"tablet":{"background-color":"","background-image":"","background-repeat":"repeat","background-position":"center center","background-size":"auto","background-attachment":"scroll","background-type":"","background-media":"","overlay-type":"","overlay-color":"","overlay-opacity":"","overlay-gradient":""},"mobile":{"background-color":"","background-image":"","background-repeat":"repeat","background-position":"center center","background-size":"auto","background-attachment":"scroll","background-type":"","background-media":"","overlay-type":"","overlay-color":"","overlay-opacity":"","overlay-gradient":""}},"ast-content-background-meta":{"desktop":{"background-color":"var(--ast-global-color-5)","background-image":"","background-repeat":"repeat","background-position":"center center","background-size":"auto","background-attachment":"scroll","background-type":"","background-media":"","overlay-type":"","overlay-color":"","overlay-opacity":"","overlay-gradient":""},"tablet":{"background-color":"var(--ast-global-color-5)","background-image":"","background-repeat":"repeat","background-position":"center center","background-size":"auto","background-attachment":"scroll","background-type":"","background-media":"","overlay-type":"","overlay-color":"","overlay-opacity":"","overlay-gradient":""},"mobile":{"background-color":"var(--ast-global-color-5)","background-image":"","background-repeat":"repeat","background-position":"center center","background-size":"auto","background-attachment":"scroll","background-type":"","background-media":"","overlay-type":"","overlay-color":"","overlay-opacity":"","overlay-gradient":""}}},"product_brand":[],"product_cat":[21],"product_tag":[],"class_list":{"0":"post-34398","1":"product","2":"type-product","3":"status-publish","4":"has-post-thumbnail","6":"product_cat-productos","7":"pa_cantidad-1kg","8":"pa_cantidad-5kg","9":"pa_cantidad-25kg","10":"desktop-align-left","11":"tablet-align-left","12":"mobile-align-left","13":"ast-product-gallery-layout-horizontal-slider","14":"ast-magnify-disabled","15":"ast-product-single-variable","16":"ast-product-tabs-layout-horizontal","17":"ast-qv-on-image","19":"first","20":"instock","21":"taxable","22":"shipping-taxable","23":"purchasable","24":"product-type-variable","25":"has-default-attributes"},"acf":[],"yoast_head":"<!-- This site is optimized with the Yoast SEO Premium plugin v27.1 (Yoast SEO v27.1.1) - https:\/\/yoast.com\/product\/yoast-seo-premium-wordpress\/ -->\n<title>Sulfato de Cobre en Piedra: Comprar Online - Alquera.com<\/title>\n<meta name=\"description\" content=\"ENV\u00cdOS EN 24\/48H. Sulfato de Cobre Pentahidratado en Piedra. Con m\u00faltiples usos en agricultura, piscinas, m\u00e1xima calidad.\" \/>\n<meta name=\"robots\" content=\"index, follow, max-snippet:-1, max-image-preview:large, max-video-preview:-1\" \/>\n<link rel=\"canonical\" href=\"https:\/\/www.alquera.com\/fr\/sulfato-de-cobre-piedra\/\" \/>\n<meta property=\"og:locale\" content=\"fr_FR\" \/>\n<meta property=\"og:type\" content=\"article\" \/>\n<meta property=\"og:title\" content=\"Sulfato de Cobre en Piedra: Comprar Online - Alquera.com\" \/>\n<meta property=\"og:description\" content=\"ENV\u00cdOS EN 24\/48H. Sulfato de Cobre Pentahidratado en Piedra. Con m\u00faltiples usos en agricultura, piscinas, m\u00e1xima calidad.\" \/>\n<meta property=\"og:url\" content=\"https:\/\/www.alquera.com\/fr\/sulfato-de-cobre-piedra\/\" \/>\n<meta property=\"og:site_name\" content=\"Alquera.com\" \/>\n<meta property=\"article:publisher\" content=\"https:\/\/www.facebook.com\/alqueraciencia\" \/>\n<meta property=\"article:modified_time\" content=\"2026-02-23T16:12:59+00:00\" \/>\n<meta property=\"og:image\" content=\"https:\/\/www.alquera.com\/wp-content\/uploads\/2021\/07\/sulfato-de-cobre-en-piedra-editada-1kg.png\" \/>\n\t<meta property=\"og:image:width\" content=\"800\" \/>\n\t<meta property=\"og:image:height\" content=\"800\" \/>\n\t<meta property=\"og:image:type\" content=\"image\/png\" \/>\n<meta name=\"twitter:card\" content=\"summary_large_image\" \/>\n<meta name=\"twitter:label1\" content=\"Disponibilit\u00e9\" \/>\n\t<meta name=\"twitter:data1\" content=\"En stock\" \/>\n<script type=\"application\/ld+json\" class=\"yoast-schema-graph\">{\"@context\":\"https:\/\/schema.org\",\"@graph\":[{\"@type\":[\"WebPage\",\"ItemPage\"],\"@id\":\"https:\/\/www.alquera.com\/sulfato-de-cobre-piedra\/\",\"url\":\"https:\/\/www.alquera.com\/sulfato-de-cobre-piedra\/\",\"name\":\"Sulfato de Cobre en Piedra: Comprar Online - Alquera.com\",\"isPartOf\":{\"@id\":\"https:\/\/www.alquera.com\/en\/#website\"},\"primaryImageOfPage\":{\"@id\":\"https:\/\/www.alquera.com\/sulfato-de-cobre-piedra\/#primaryimage\"},\"image\":{\"@id\":\"https:\/\/www.alquera.com\/sulfato-de-cobre-piedra\/#primaryimage\"},\"thumbnailUrl\":\"https:\/\/www.alquera.com\/wp-content\/uploads\/2021\/07\/sulfato-de-cobre-en-piedra-editada-1kg.png\",\"datePublished\":\"2021-07-13T14:04:17+00:00\",\"dateModified\":\"2026-02-23T16:12:59+00:00\",\"description\":\"ENV\u00cdOS EN 24\/48H. Sulfato de Cobre Pentahidratado en Piedra. Con m\u00faltiples usos en agricultura, piscinas, m\u00e1xima calidad.\",\"breadcrumb\":{\"@id\":\"https:\/\/www.alquera.com\/sulfato-de-cobre-piedra\/#breadcrumb\"},\"inLanguage\":\"fr-FR\",\"potentialAction\":[{\"@type\":\"ReadAction\",\"target\":[\"https:\/\/www.alquera.com\/sulfato-de-cobre-piedra\/\"]}]},{\"@type\":\"ImageObject\",\"inLanguage\":\"fr-FR\",\"@id\":\"https:\/\/www.alquera.com\/sulfato-de-cobre-piedra\/#primaryimage\",\"url\":\"https:\/\/www.alquera.com\/wp-content\/uploads\/2021\/07\/sulfato-de-cobre-en-piedra-editada-1kg.png\",\"contentUrl\":\"https:\/\/www.alquera.com\/wp-content\/uploads\/2021\/07\/sulfato-de-cobre-en-piedra-editada-1kg.png\",\"width\":800,\"height\":800,\"caption\":\"sulfato de cobre en piedra 1kg\"},{\"@type\":\"BreadcrumbList\",\"@id\":\"https:\/\/www.alquera.com\/sulfato-de-cobre-piedra\/#breadcrumb\",\"itemListElement\":[{\"@type\":\"ListItem\",\"position\":1,\"name\":\"Inicio\",\"item\":\"https:\/\/www.alquera.com\/\"},{\"@type\":\"ListItem\",\"position\":2,\"name\":\"Alquera.com: Tienda Online de Productos Qu\u00edmicos y Material de Laboratorio\",\"item\":\"https:\/\/www.alquera.com\/en\/tienda\/\"},{\"@type\":\"ListItem\",\"position\":3,\"name\":\"Sulfato de Cobre en Piedra\"}]},{\"@type\":\"WebSite\",\"@id\":\"https:\/\/www.alquera.com\/en\/#website\",\"url\":\"https:\/\/www.alquera.com\/en\/\",\"name\":\"Alquera.com\",\"description\":\"Tienda Online Productos Qu\u00edmicos y Material de Laboratorio\",\"publisher\":{\"@id\":\"https:\/\/www.alquera.com\/en\/#organization\"},\"potentialAction\":[{\"@type\":\"SearchAction\",\"target\":{\"@type\":\"EntryPoint\",\"urlTemplate\":\"https:\/\/www.alquera.com\/en\/?s={search_term_string}\"},\"query-input\":{\"@type\":\"PropertyValueSpecification\",\"valueRequired\":true,\"valueName\":\"search_term_string\"}}],\"inLanguage\":\"fr-FR\"},{\"@type\":\"Organization\",\"@id\":\"https:\/\/www.alquera.com\/en\/#organization\",\"name\":\"ALQUERA CIENCIA SL\",\"url\":\"https:\/\/www.alquera.com\/en\/\",\"logo\":{\"@type\":\"ImageObject\",\"inLanguage\":\"fr-FR\",\"@id\":\"https:\/\/www.alquera.com\/en\/#\/schema\/logo\/image\/\",\"url\":\"https:\/\/www.alquera.com\/wp-content\/uploads\/2020\/11\/logo_300_ancho.png\",\"contentUrl\":\"https:\/\/www.alquera.com\/wp-content\/uploads\/2020\/11\/logo_300_ancho.png\",\"width\":300,\"height\":86,\"caption\":\"ALQUERA CIENCIA SL\"},\"image\":{\"@id\":\"https:\/\/www.alquera.com\/en\/#\/schema\/logo\/image\/\"},\"sameAs\":[\"https:\/\/www.facebook.com\/alqueraciencia\",\"https:\/\/www.instagram.com\/alquera_ciencia\/\",\"https:\/\/www.youtube.com\/c\/alquera\"]}]}<\/script>\n<meta property=\"og:availability\" content=\"instock\" \/>\n<meta property=\"product:availability\" content=\"instock\" \/>\n<meta property=\"product:condition\" content=\"new\" \/>\n<!-- \/ Yoast SEO Premium plugin. -->","yoast_head_json":{"title":"Sulfate de cuivre en pierre : achat en ligne - Alquera.com","description":"ENVOIS EN 24\/48H. Sulfate de cuivre pentahydrat\u00e9 en pierre. Avec de multiples utilisations dans l\u2019agriculture, piscines, qualit\u00e9 sup\u00e9rieure.","robots":{"index":"index","follow":"follow","max-snippet":"max-snippet:-1","max-image-preview":"max-image-preview:large","max-video-preview":"max-video-preview:-1"},"canonical":"https:\/\/www.alquera.com\/fr\/sulfato-de-cobre-piedra\/","og_locale":"fr_FR","og_type":"article","og_title":"Sulfato de Cobre en Piedra: Comprar Online - Alquera.com","og_description":"ENV\u00cdOS EN 24\/48H. Sulfato de Cobre Pentahidratado en Piedra. Con m\u00faltiples usos en agricultura, piscinas, m\u00e1xima calidad.","og_url":"https:\/\/www.alquera.com\/fr\/sulfato-de-cobre-piedra\/","og_site_name":"Alquera.com","article_publisher":"https:\/\/www.facebook.com\/alqueraciencia","article_modified_time":"2026-02-23T16:12:59+00:00","og_image":[{"width":800,"height":800,"url":"https:\/\/www.alquera.com\/wp-content\/uploads\/2021\/07\/sulfato-de-cobre-en-piedra-editada-1kg.png","type":"image\/png"}],"twitter_card":"summary_large_image","twitter_misc":{"Disponibilit\u00e9":"En stock"},"schema":{"@context":"https:\/\/schema.org","@graph":[{"@type":["WebPage","ItemPage"],"@id":"https:\/\/www.alquera.com\/sulfato-de-cobre-piedra\/","url":"https:\/\/www.alquera.com\/sulfato-de-cobre-piedra\/","name":"Sulfate de cuivre en pierre : achat en ligne - Alquera.com","isPartOf":{"@id":"https:\/\/www.alquera.com\/en\/#website"},"primaryImageOfPage":{"@id":"https:\/\/www.alquera.com\/sulfato-de-cobre-piedra\/#primaryimage"},"image":{"@id":"https:\/\/www.alquera.com\/sulfato-de-cobre-piedra\/#primaryimage"},"thumbnailUrl":"https:\/\/www.alquera.com\/wp-content\/uploads\/2021\/07\/sulfato-de-cobre-en-piedra-editada-1kg.png","datePublished":"2021-07-13T14:04:17+00:00","dateModified":"2026-02-23T16:12:59+00:00","description":"ENVOIS EN 24\/48H. Sulfate de cuivre pentahydrat\u00e9 en pierre. Avec de multiples utilisations dans l\u2019agriculture, piscines, qualit\u00e9 sup\u00e9rieure.","breadcrumb":{"@id":"https:\/\/www.alquera.com\/sulfato-de-cobre-piedra\/#breadcrumb"},"inLanguage":"fr-FR","potentialAction":[{"@type":"ReadAction","target":["https:\/\/www.alquera.com\/sulfato-de-cobre-piedra\/"]}]},{"@type":"ImageObject","inLanguage":"fr-FR","@id":"https:\/\/www.alquera.com\/sulfato-de-cobre-piedra\/#primaryimage","url":"https:\/\/www.alquera.com\/wp-content\/uploads\/2021\/07\/sulfato-de-cobre-en-piedra-editada-1kg.png","contentUrl":"https:\/\/www.alquera.com\/wp-content\/uploads\/2021\/07\/sulfato-de-cobre-en-piedra-editada-1kg.png","width":800,"height":800,"caption":"sulfato de cobre en piedra 1kg"},{"@type":"BreadcrumbList","@id":"https:\/\/www.alquera.com\/sulfato-de-cobre-piedra\/#breadcrumb","itemListElement":[{"@type":"ListItem","position":1,"name":"Inicio","item":"https:\/\/www.alquera.com\/"},{"@type":"ListItem","position":2,"name":"Alquera.com: Tienda Online de Productos Qu\u00edmicos y Material de Laboratorio","item":"https:\/\/www.alquera.com\/en\/tienda\/"},{"@type":"ListItem","position":3,"name":"Sulfato de Cobre en Piedra"}]},{"@type":"WebSite","@id":"https:\/\/www.alquera.com\/en\/#website","url":"https:\/\/www.alquera.com\/en\/","name":"Alquera.com","description":"Boutique en ligne Produits chimiques et \u00e9quipements de laboratoire","publisher":{"@id":"https:\/\/www.alquera.com\/en\/#organization"},"potentialAction":[{"@type":"SearchAction","target":{"@type":"EntryPoint","urlTemplate":"https:\/\/www.alquera.com\/en\/?s={search_term_string}"},"query-input":{"@type":"PropertyValueSpecification","valueRequired":true,"valueName":"search_term_string"}}],"inLanguage":"fr-FR"},{"@type":"Organization","@id":"https:\/\/www.alquera.com\/en\/#organization","name":"ALQUERA CIENCIA SL","url":"https:\/\/www.alquera.com\/en\/","logo":{"@type":"ImageObject","inLanguage":"fr-FR","@id":"https:\/\/www.alquera.com\/en\/#\/schema\/logo\/image\/","url":"https:\/\/www.alquera.com\/wp-content\/uploads\/2020\/11\/logo_300_ancho.png","contentUrl":"https:\/\/www.alquera.com\/wp-content\/uploads\/2020\/11\/logo_300_ancho.png","width":300,"height":86,"caption":"ALQUERA CIENCIA SL"},"image":{"@id":"https:\/\/www.alquera.com\/en\/#\/schema\/logo\/image\/"},"sameAs":["https:\/\/www.facebook.com\/alqueraciencia","https:\/\/www.instagram.com\/alquera_ciencia\/","https:\/\/www.youtube.com\/c\/alquera"]}]},"og_availability":"instock","product_availability":"instock","product_condition":"new"},"_links":{"self":[{"href":"https:\/\/www.alquera.com\/fr\/wp-json\/wp\/v2\/product\/34398","targetHints":{"allow":["GET"]}}],"collection":[{"href":"https:\/\/www.alquera.com\/fr\/wp-json\/wp\/v2\/product"}],"about":[{"href":"https:\/\/www.alquera.com\/fr\/wp-json\/wp\/v2\/types\/product"}],"replies":[{"embeddable":true,"href":"https:\/\/www.alquera.com\/fr\/wp-json\/wp\/v2\/comments?post=34398"}],"wp:featuredmedia":[{"embeddable":true,"href":"https:\/\/www.alquera.com\/fr\/wp-json\/wp\/v2\/media\/35728"}],"wp:attachment":[{"href":"https:\/\/www.alquera.com\/fr\/wp-json\/wp\/v2\/media?parent=34398"}],"wp:term":[{"taxonomy":"product_brand","embeddable":true,"href":"https:\/\/www.alquera.com\/fr\/wp-json\/wp\/v2\/product_brand?post=34398"},{"taxonomy":"product_cat","embeddable":true,"href":"https:\/\/www.alquera.com\/fr\/wp-json\/wp\/v2\/product_cat?post=34398"},{"taxonomy":"product_tag","embeddable":true,"href":"https:\/\/www.alquera.com\/fr\/wp-json\/wp\/v2\/product_tag?post=34398"}],"curies":[{"name":"wp","href":"https:\/\/api.w.org\/{rel}","templated":true}]}}