{"id":35510,"date":"2021-09-30T09:11:20","date_gmt":"2021-09-30T09:11:20","guid":{"rendered":"https:\/\/www.alquera.com\/?post_type=product&#038;p=35510"},"modified":"2026-04-26T13:11:51","modified_gmt":"2026-04-26T13:11:51","slug":"alcohol-isopropilico","status":"publish","type":"product","link":"https:\/\/www.alquera.com\/fr\/alcohol-isopropilico\/","title":{"rendered":"Alcool Isopropylique"},"content":{"rendered":"<p>L'isopropanol est un solvant de haute puret\u00e9 avec plus de 99,9%. Il est \u00e9galement appel\u00e9 isopropanol, propanol et API. Sa texture est comme des autres alcools, mais quand il est \u00e0 des temp\u00e9ratures tr\u00e8s basses et extr\u00eamement froides, il est plus dense et plus \u00e9pais.\nIl a diff\u00e9rents fonctions, pour le nettoyage de certains objects, tels que les \u00e9quipaments \u00e9lectroniques et comme le d\u00e9sinfectant, en particulier comme gel hydro-alcoolique, il se utilise aussi pour \u00e9liminer les ravageurs et dans l'industrie automobile.<\/p>\n<h2><strong>IDENTIFICATION ET PROPI\u00c9T\u00c9S\u00a0<\/strong><\/h2>\n<p><strong>Nom: <\/strong>Alcool Isopropylique<br \/>\n<strong>Contenu:<\/strong> &gt;99,8%<br \/>\n<strong>Synonyme: <\/strong>IPA, Isopropanol, Sec-propanol, Dim\u00e9thyl carbinol, Alcool propylique secondaire, Propan-2-ol.<br \/>\n<strong>CAS: <\/strong>67-63-0<br \/>\n<strong>CE:\u00a0<\/strong>200-661-7<\/p>\n<ul>\n<li>Aspect (20\u00baC): Liquide incolore<\/li>\n<li>Odeur: Caract\u00e9ristique de l'alcool<\/li>\n<li>Sevil olfactif: 22-200 ppm<\/li>\n<li>Point de fusion: -90\u00baC<\/li>\n<li>Point d'\u00e9bullition: 83\u00baC<\/li>\n<li>Point de inflammation: 12\u00baC<\/li>\n<li>Inflammabilit\u00e9 (solide\/gaz): 12\u00baC<\/li>\n<li>Limites d'explosivit\u00e9: Inf\u00e9rieure: 2% Sup\u00e9rieure: 12%<\/li>\n<li>Presion de vapeur (20\u00baC): 4,4 kPa<\/li>\n<li>Densit\u00e9 de vapeur (air=1) (20\u00baC): 2,1<\/li>\n<li>Densit\u00e9 (20\u00baC): 0,787 g\/cm3<\/li>\n<li>Solubilit\u00e9 dans l'eau: Soluble<\/li>\n<li>Coefficient de partage n-octanol\/eau (25\u00baC): 0,05<\/li>\n<li>Temp\u00e9rature d'auto-inflammation: 399-455,6\u00baC<\/li>\n<li>Viscosit\u00e9, dinamique (20\u00baC): 2,3 cP<\/li>\n<li>Propi\u00e9t\u00e9s explosives: Non explosif<\/li>\n<li>Propi\u00e9t\u00e9s comburantes: Non comburant<\/li>\n<\/ul>\n<h2>USAGES<\/h2>\n<ul>\n<li>Fabrication de la substance<\/li>\n<li>Formulation et (r\u00e9)condietennement des substances et des m\u00e9langes<\/li>\n<li>Utilisations dans les rev\u00e9tements<\/li>\n<li>Utilisations dans les agents de nettoyants<\/li>\n<li>Utilisation dans les op\u00e9rations de forage et d'exploitation de gisements p\u00e9troliers<\/li>\n<li>Utilisations dans les lubrifiants<\/li>\n<li>Utilisations dans les fluides pour la m\u00e9tallurgie<\/li>\n<li>Utilisation comme agents d'expansion<\/li>\n<li>Utilisation comme liants et agents de d\u00e9moulage<\/li>\n<li>Utilisation en Agrochimie<\/li>\n<li>Utilisation comme carburant<\/li>\n<li>Utilisation comme fluides fonctionnels<\/li>\n<li>Applications de d\u00e9givrage et d'antigel<\/li>\n<li>Applications dans la construction et les routes<\/li>\n<li>Utilisation en laboratoire<\/li>\n<li>Fabrication et utilisation d'explosifs<\/li>\n<li>Production et traitement du caoutchouc<\/li>\n<li>Utilisations pour le traitement des polym\u00e8res<\/li>\n<li>Agent de traitement de l'eau<\/li>\n<li>Produits chimiques pour le traitement de l'eau<\/li>\n<li>Usages industrie mini\u00e8re<\/li>\n<li>Utilisation finale des produits cosm\u00e9tiques<\/li>\n<\/ul>\n<p>&nbsp;<\/p>\n<p>&nbsp;<\/p>\n<p>&nbsp;<\/p>\n<p>&nbsp;<\/p>","protected":false},"excerpt":{"rendered":"<p>Acheter de l'alcool isopropylique. Le prix des diff\u00e9rents formats d'Alcool Isopropylique peut \u00eatre consult\u00e9 en s\u00e9lectionnant le format souhait\u00e9. La commande est effectu\u00e9e directement sur le Web en suivant les \u00e9tapes indiqu\u00e9es, et est livr\u00e9e en 24\/48 heures.<\/p>","protected":false},"featured_media":35583,"comment_status":"open","ping_status":"closed","template":"","meta":{"_acf_changed":false,"site-sidebar-layout":"default","site-content-layout":"default","ast-site-content-layout":"default","site-content-style":"default","site-sidebar-style":"default","ast-global-header-display":"","ast-banner-title-visibility":"","ast-main-header-display":"","ast-hfb-above-header-display":"","ast-hfb-below-header-display":"","ast-hfb-mobile-header-display":"","site-post-title":"","ast-breadcrumbs-content":"","ast-featured-img":"","footer-sml-layout":"","ast-disable-related-posts":"","theme-transparent-header-meta":"default","adv-header-id-meta":"","stick-header-meta":"default","header-above-stick-meta":"","header-main-stick-meta":"","header-below-stick-meta":"","astra-migrate-meta-layouts":"set","ast-page-background-enabled":"default","ast-page-background-meta":{"desktop":{"background-color":"var(--ast-global-color-4)","background-image":"","background-repeat":"repeat","background-position":"center center","background-size":"auto","background-attachment":"scroll","background-type":"","background-media":"","overlay-type":"","overlay-color":"","overlay-opacity":"","overlay-gradient":""},"tablet":{"background-color":"","background-image":"","background-repeat":"repeat","background-position":"center center","background-size":"auto","background-attachment":"scroll","background-type":"","background-media":"","overlay-type":"","overlay-color":"","overlay-opacity":"","overlay-gradient":""},"mobile":{"background-color":"","background-image":"","background-repeat":"repeat","background-position":"center center","background-size":"auto","background-attachment":"scroll","background-type":"","background-media":"","overlay-type":"","overlay-color":"","overlay-opacity":"","overlay-gradient":""}},"ast-content-background-meta":{"desktop":{"background-color":"var(--ast-global-color-5)","background-image":"","background-repeat":"repeat","background-position":"center center","background-size":"auto","background-attachment":"scroll","background-type":"","background-media":"","overlay-type":"","overlay-color":"","overlay-opacity":"","overlay-gradient":""},"tablet":{"background-color":"var(--ast-global-color-5)","background-image":"","background-repeat":"repeat","background-position":"center center","background-size":"auto","background-attachment":"scroll","background-type":"","background-media":"","overlay-type":"","overlay-color":"","overlay-opacity":"","overlay-gradient":""},"mobile":{"background-color":"var(--ast-global-color-5)","background-image":"","background-repeat":"repeat","background-position":"center center","background-size":"auto","background-attachment":"scroll","background-type":"","background-media":"","overlay-type":"","overlay-color":"","overlay-opacity":"","overlay-gradient":""}}},"product_brand":[],"product_cat":[21],"product_tag":[],"class_list":{"0":"post-35510","1":"product","2":"type-product","3":"status-publish","4":"has-post-thumbnail","6":"product_cat-productos","7":"pa_cantidad-1l","8":"pa_cantidad-5l","9":"pa_cantidad-25l-2","10":"desktop-align-left","11":"tablet-align-left","12":"mobile-align-left","13":"ast-product-gallery-layout-horizontal-slider","14":"ast-product-gallery-with-no-image","15":"ast-magnify-disabled","16":"ast-product-single-variable","17":"ast-product-tabs-layout-horizontal","18":"ast-qv-on-image","20":"first","21":"instock","22":"taxable","23":"shipping-taxable","24":"purchasable","25":"product-type-variable","26":"has-default-attributes"},"acf":[],"yoast_head":"<!-- This site is optimized with the Yoast SEO Premium plugin v27.1 (Yoast SEO v27.1.1) - https:\/\/yoast.com\/product\/yoast-seo-premium-wordpress\/ -->\n<title>Alcohol Isoprop\u00edlico: Comprar Online - Alquera.com<\/title>\n<meta name=\"description\" content=\"ENV\u00cdOS EN 24\/48H. Comprar Alcohol Isoprop\u00edlico en Alquera. Composici\u00f3n al 99% tambi\u00e9n conocido como Propan-2-ol.\" \/>\n<meta name=\"robots\" content=\"index, follow, max-snippet:-1, max-image-preview:large, max-video-preview:-1\" \/>\n<link rel=\"canonical\" href=\"https:\/\/www.alquera.com\/fr\/alcohol-isopropilico\/\" \/>\n<meta property=\"og:locale\" content=\"fr_FR\" \/>\n<meta property=\"og:type\" content=\"article\" \/>\n<meta property=\"og:title\" content=\"Alcohol Isoprop\u00edlico: Comprar Online - Alquera.com\" \/>\n<meta property=\"og:description\" content=\"ENV\u00cdOS EN 24\/48H. Comprar Alcohol Isoprop\u00edlico en Alquera. Composici\u00f3n al 99% tambi\u00e9n conocido como Propan-2-ol.\" \/>\n<meta property=\"og:url\" content=\"https:\/\/www.alquera.com\/fr\/alcohol-isopropilico\/\" \/>\n<meta property=\"og:site_name\" content=\"Alquera.com\" \/>\n<meta property=\"article:publisher\" content=\"https:\/\/www.facebook.com\/alqueraciencia\" \/>\n<meta property=\"article:modified_time\" content=\"2026-04-26T13:11:51+00:00\" \/>\n<meta property=\"og:image\" content=\"https:\/\/www.alquera.com\/wp-content\/uploads\/2021\/09\/ALCOHOL-ISOPROPILICO.png\" \/>\n\t<meta property=\"og:image:width\" content=\"777\" \/>\n\t<meta property=\"og:image:height\" content=\"800\" \/>\n\t<meta property=\"og:image:type\" content=\"image\/png\" \/>\n<meta name=\"twitter:card\" content=\"summary_large_image\" \/>\n<meta name=\"twitter:label1\" content=\"Disponibilit\u00e9\" \/>\n\t<meta name=\"twitter:data1\" content=\"En stock\" \/>\n<script type=\"application\/ld+json\" class=\"yoast-schema-graph\">{\"@context\":\"https:\/\/schema.org\",\"@graph\":[{\"@type\":[\"WebPage\",\"ItemPage\"],\"@id\":\"https:\/\/www.alquera.com\/alcohol-isopropilico\/\",\"url\":\"https:\/\/www.alquera.com\/alcohol-isopropilico\/\",\"name\":\"Alcohol Isoprop\u00edlico: Comprar Online - Alquera.com\",\"isPartOf\":{\"@id\":\"https:\/\/www.alquera.com\/en\/#website\"},\"primaryImageOfPage\":{\"@id\":\"https:\/\/www.alquera.com\/alcohol-isopropilico\/#primaryimage\"},\"image\":{\"@id\":\"https:\/\/www.alquera.com\/alcohol-isopropilico\/#primaryimage\"},\"thumbnailUrl\":\"https:\/\/www.alquera.com\/wp-content\/uploads\/2021\/09\/ALCOHOL-ISOPROPILICO.png\",\"datePublished\":\"2021-09-30T09:11:20+00:00\",\"dateModified\":\"2026-04-26T13:11:51+00:00\",\"description\":\"ENV\u00cdOS EN 24\/48H. Comprar Alcohol Isoprop\u00edlico en Alquera. Composici\u00f3n al 99% tambi\u00e9n conocido como Propan-2-ol.\",\"breadcrumb\":{\"@id\":\"https:\/\/www.alquera.com\/alcohol-isopropilico\/#breadcrumb\"},\"inLanguage\":\"fr-FR\",\"potentialAction\":[{\"@type\":\"ReadAction\",\"target\":[\"https:\/\/www.alquera.com\/alcohol-isopropilico\/\"]}]},{\"@type\":\"ImageObject\",\"inLanguage\":\"fr-FR\",\"@id\":\"https:\/\/www.alquera.com\/alcohol-isopropilico\/#primaryimage\",\"url\":\"https:\/\/www.alquera.com\/wp-content\/uploads\/2021\/09\/ALCOHOL-ISOPROPILICO.png\",\"contentUrl\":\"https:\/\/www.alquera.com\/wp-content\/uploads\/2021\/09\/ALCOHOL-ISOPROPILICO.png\",\"width\":777,\"height\":800,\"caption\":\"alcohol isopropilico\"},{\"@type\":\"BreadcrumbList\",\"@id\":\"https:\/\/www.alquera.com\/alcohol-isopropilico\/#breadcrumb\",\"itemListElement\":[{\"@type\":\"ListItem\",\"position\":1,\"name\":\"Inicio\",\"item\":\"https:\/\/www.alquera.com\/\"},{\"@type\":\"ListItem\",\"position\":2,\"name\":\"Alquera.com: Tienda Online de Productos Qu\u00edmicos y Material de Laboratorio\",\"item\":\"https:\/\/www.alquera.com\/en\/tienda\/\"},{\"@type\":\"ListItem\",\"position\":3,\"name\":\"Alcohol Isoprop\u00edlico\"}]},{\"@type\":\"WebSite\",\"@id\":\"https:\/\/www.alquera.com\/en\/#website\",\"url\":\"https:\/\/www.alquera.com\/en\/\",\"name\":\"Alquera.com\",\"description\":\"Tienda Online Productos Qu\u00edmicos y Material de Laboratorio\",\"publisher\":{\"@id\":\"https:\/\/www.alquera.com\/en\/#organization\"},\"potentialAction\":[{\"@type\":\"SearchAction\",\"target\":{\"@type\":\"EntryPoint\",\"urlTemplate\":\"https:\/\/www.alquera.com\/en\/?s={search_term_string}\"},\"query-input\":{\"@type\":\"PropertyValueSpecification\",\"valueRequired\":true,\"valueName\":\"search_term_string\"}}],\"inLanguage\":\"fr-FR\"},{\"@type\":\"Organization\",\"@id\":\"https:\/\/www.alquera.com\/en\/#organization\",\"name\":\"ALQUERA CIENCIA SL\",\"url\":\"https:\/\/www.alquera.com\/en\/\",\"logo\":{\"@type\":\"ImageObject\",\"inLanguage\":\"fr-FR\",\"@id\":\"https:\/\/www.alquera.com\/en\/#\/schema\/logo\/image\/\",\"url\":\"https:\/\/www.alquera.com\/wp-content\/uploads\/2020\/11\/logo_300_ancho.png\",\"contentUrl\":\"https:\/\/www.alquera.com\/wp-content\/uploads\/2020\/11\/logo_300_ancho.png\",\"width\":300,\"height\":86,\"caption\":\"ALQUERA CIENCIA SL\"},\"image\":{\"@id\":\"https:\/\/www.alquera.com\/en\/#\/schema\/logo\/image\/\"},\"sameAs\":[\"https:\/\/www.facebook.com\/alqueraciencia\",\"https:\/\/www.instagram.com\/alquera_ciencia\/\",\"https:\/\/www.youtube.com\/c\/alquera\"]}]}<\/script>\n<meta property=\"og:availability\" content=\"instock\" \/>\n<meta property=\"product:availability\" content=\"instock\" \/>\n<meta property=\"product:condition\" content=\"new\" \/>\n<!-- \/ Yoast SEO Premium plugin. -->","yoast_head_json":{"title":"Alcool isopropylique : Acheter en ligne - Alquera.com","description":"ENVOIS EN 24\/48H.  Acheter de l\u2019alcool isopropylique \u00e0 Alquera. Composition \u00e0 99% \u00e9galement connu sous le nom de propane-2-ol.","robots":{"index":"index","follow":"follow","max-snippet":"max-snippet:-1","max-image-preview":"max-image-preview:large","max-video-preview":"max-video-preview:-1"},"canonical":"https:\/\/www.alquera.com\/fr\/alcohol-isopropilico\/","og_locale":"fr_FR","og_type":"article","og_title":"Alcohol Isoprop\u00edlico: Comprar Online - Alquera.com","og_description":"ENV\u00cdOS EN 24\/48H. Comprar Alcohol Isoprop\u00edlico en Alquera. Composici\u00f3n al 99% tambi\u00e9n conocido como Propan-2-ol.","og_url":"https:\/\/www.alquera.com\/fr\/alcohol-isopropilico\/","og_site_name":"Alquera.com","article_publisher":"https:\/\/www.facebook.com\/alqueraciencia","article_modified_time":"2026-04-26T13:11:51+00:00","og_image":[{"width":777,"height":800,"url":"https:\/\/www.alquera.com\/wp-content\/uploads\/2021\/09\/ALCOHOL-ISOPROPILICO.png","type":"image\/png"}],"twitter_card":"summary_large_image","twitter_misc":{"Disponibilit\u00e9":"En stock"},"schema":{"@context":"https:\/\/schema.org","@graph":[{"@type":["WebPage","ItemPage"],"@id":"https:\/\/www.alquera.com\/alcohol-isopropilico\/","url":"https:\/\/www.alquera.com\/alcohol-isopropilico\/","name":"Alcool isopropylique : Acheter en ligne - Alquera.com","isPartOf":{"@id":"https:\/\/www.alquera.com\/en\/#website"},"primaryImageOfPage":{"@id":"https:\/\/www.alquera.com\/alcohol-isopropilico\/#primaryimage"},"image":{"@id":"https:\/\/www.alquera.com\/alcohol-isopropilico\/#primaryimage"},"thumbnailUrl":"https:\/\/www.alquera.com\/wp-content\/uploads\/2021\/09\/ALCOHOL-ISOPROPILICO.png","datePublished":"2021-09-30T09:11:20+00:00","dateModified":"2026-04-26T13:11:51+00:00","description":"ENVOIS EN 24\/48H.  Acheter de l\u2019alcool isopropylique \u00e0 Alquera. Composition \u00e0 99% \u00e9galement connu sous le nom de propane-2-ol.","breadcrumb":{"@id":"https:\/\/www.alquera.com\/alcohol-isopropilico\/#breadcrumb"},"inLanguage":"fr-FR","potentialAction":[{"@type":"ReadAction","target":["https:\/\/www.alquera.com\/alcohol-isopropilico\/"]}]},{"@type":"ImageObject","inLanguage":"fr-FR","@id":"https:\/\/www.alquera.com\/alcohol-isopropilico\/#primaryimage","url":"https:\/\/www.alquera.com\/wp-content\/uploads\/2021\/09\/ALCOHOL-ISOPROPILICO.png","contentUrl":"https:\/\/www.alquera.com\/wp-content\/uploads\/2021\/09\/ALCOHOL-ISOPROPILICO.png","width":777,"height":800,"caption":"alcohol isopropilico"},{"@type":"BreadcrumbList","@id":"https:\/\/www.alquera.com\/alcohol-isopropilico\/#breadcrumb","itemListElement":[{"@type":"ListItem","position":1,"name":"Inicio","item":"https:\/\/www.alquera.com\/"},{"@type":"ListItem","position":2,"name":"Alquera.com: Tienda Online de Productos Qu\u00edmicos y Material de Laboratorio","item":"https:\/\/www.alquera.com\/en\/tienda\/"},{"@type":"ListItem","position":3,"name":"Alcohol Isoprop\u00edlico"}]},{"@type":"WebSite","@id":"https:\/\/www.alquera.com\/en\/#website","url":"https:\/\/www.alquera.com\/en\/","name":"Alquera.com","description":"Boutique en ligne Produits chimiques et \u00e9quipements de laboratoire","publisher":{"@id":"https:\/\/www.alquera.com\/en\/#organization"},"potentialAction":[{"@type":"SearchAction","target":{"@type":"EntryPoint","urlTemplate":"https:\/\/www.alquera.com\/en\/?s={search_term_string}"},"query-input":{"@type":"PropertyValueSpecification","valueRequired":true,"valueName":"search_term_string"}}],"inLanguage":"fr-FR"},{"@type":"Organization","@id":"https:\/\/www.alquera.com\/en\/#organization","name":"ALQUERA CIENCIA SL","url":"https:\/\/www.alquera.com\/en\/","logo":{"@type":"ImageObject","inLanguage":"fr-FR","@id":"https:\/\/www.alquera.com\/en\/#\/schema\/logo\/image\/","url":"https:\/\/www.alquera.com\/wp-content\/uploads\/2020\/11\/logo_300_ancho.png","contentUrl":"https:\/\/www.alquera.com\/wp-content\/uploads\/2020\/11\/logo_300_ancho.png","width":300,"height":86,"caption":"ALQUERA CIENCIA SL"},"image":{"@id":"https:\/\/www.alquera.com\/en\/#\/schema\/logo\/image\/"},"sameAs":["https:\/\/www.facebook.com\/alqueraciencia","https:\/\/www.instagram.com\/alquera_ciencia\/","https:\/\/www.youtube.com\/c\/alquera"]}]},"og_availability":"instock","product_availability":"instock","product_condition":"new"},"_links":{"self":[{"href":"https:\/\/www.alquera.com\/fr\/wp-json\/wp\/v2\/product\/35510","targetHints":{"allow":["GET"]}}],"collection":[{"href":"https:\/\/www.alquera.com\/fr\/wp-json\/wp\/v2\/product"}],"about":[{"href":"https:\/\/www.alquera.com\/fr\/wp-json\/wp\/v2\/types\/product"}],"replies":[{"embeddable":true,"href":"https:\/\/www.alquera.com\/fr\/wp-json\/wp\/v2\/comments?post=35510"}],"wp:featuredmedia":[{"embeddable":true,"href":"https:\/\/www.alquera.com\/fr\/wp-json\/wp\/v2\/media\/35583"}],"wp:attachment":[{"href":"https:\/\/www.alquera.com\/fr\/wp-json\/wp\/v2\/media?parent=35510"}],"wp:term":[{"taxonomy":"product_brand","embeddable":true,"href":"https:\/\/www.alquera.com\/fr\/wp-json\/wp\/v2\/product_brand?post=35510"},{"taxonomy":"product_cat","embeddable":true,"href":"https:\/\/www.alquera.com\/fr\/wp-json\/wp\/v2\/product_cat?post=35510"},{"taxonomy":"product_tag","embeddable":true,"href":"https:\/\/www.alquera.com\/fr\/wp-json\/wp\/v2\/product_tag?post=35510"}],"curies":[{"name":"wp","href":"https:\/\/api.w.org\/{rel}","templated":true}]}}