{"id":356,"date":"2015-03-27T17:25:19","date_gmt":"2015-03-27T17:25:19","guid":{"rendered":"http:\/\/localhost\/alquera\/productos\/producto\/12-silicato-de-sodio\/"},"modified":"2026-05-15T07:59:48","modified_gmt":"2026-05-15T07:59:48","slug":"silicato-de-sodio","status":"publish","type":"product","link":"https:\/\/www.alquera.com\/fr\/silicato-de-sodio\/","title":{"rendered":"Silicate de Sodium"},"content":{"rendered":"<p>Le silicate de sodium ou silicate de sodium, \u00e9galement connu sous le nom de verre soluble, ou cristal liquide, est une substance inorganique,  qui appara\u00eet dans les solutions aqueuses et que l\u2019on trouve \u00e9galement sous forme solide dans de nombreux compos\u00e9s, dont le ciment, les imperm\u00e9abiliseurs, les r\u00e9fracteurs, et processus textiles. Les silicates de sodium ont de nombreuses propri\u00e9t\u00e9s utiles qui ne partagent pas d\u2019autres sels alcalins. Ceci, combin\u00e9 avec le fait qu\u2019ils sont peu co\u00fbteux, entra\u00eene un large champ d\u2019utilisation dans diff\u00e9rentes industries.<\/p>\n<h2>IDENTIFICATION<\/h2>\n<p><strong>Nom:\u00a0<\/strong>Silicate de Sodium<br \/>\n<strong>Synonyme:\u00a0<\/strong>Sel de sodium de l\u2019acide silicique<br \/>\n<strong>CAS: <\/strong>1344-09-8<br \/>\n<strong>CE:\u00a0<\/strong>215-687-4<\/p>\n<h2>PROPI\u00c9T\u00c9S<\/h2>\n<p><img loading=\"lazy\" decoding=\"async\" class=\"alignnone wp-image-38411 size-full\" src=\"https:\/\/www.alquera.com\/wp-content\/uploads\/2015\/03\/silicato-de-sodio_datos-tecnicos.png\" alt=\"DATOS TECNICOS SILICATO DE SODIO\" width=\"848\" height=\"192\" srcset=\"https:\/\/www.alquera.com\/wp-content\/uploads\/2015\/03\/silicato-de-sodio_datos-tecnicos.png 848w, https:\/\/www.alquera.com\/wp-content\/uploads\/2015\/03\/silicato-de-sodio_datos-tecnicos-300x68.png 300w, https:\/\/www.alquera.com\/wp-content\/uploads\/2015\/03\/silicato-de-sodio_datos-tecnicos-768x174.png 768w, https:\/\/www.alquera.com\/wp-content\/uploads\/2015\/03\/silicato-de-sodio_datos-tecnicos-600x136.png 600w\" sizes=\"auto, (max-width: 848px) 100vw, 848px\" \/><\/p>\n<ul>\n<li>Aspect: Liquide<\/li>\n<li>Couleur\u00a0: Incolore ou l\u00e9g\u00e8rement gris<\/li>\n<li>Odeur: Sans odeur<\/li>\n<li>pH en solution aqueuse \u00e0 1% (20\u00baC)\u00a0: 10,5<\/li>\n<li>Point de fusion: &gt;300\u00baC<\/li>\n<li>Point d\u2019\u00e9bullition\u00a0: &gt;100\u00baC (100,8\u00baC)<\/li>\n<li>Inflammabilit\u00e9 (solide\/gaz): Non inflammable<\/li>\n<li>Densit\u00e9 (20\u00baC)\u00a0: 1,35 g\/cm3 (37,6 Be)<\/li>\n<li>Solubilit\u00e9 dans l\u2019eau (20\u00baC)\u00a0: Soluble. La solution aqueuse est alcaline.<\/li>\n<li>Temp\u00e9rature d'auto-inflammation: Non inflammable<\/li>\n<li>Viscosit\u00e9 (20\u00baC)\u00a0: 80+\/- 20 mPa. s<\/li>\n<li>Propi\u00e9t\u00e9s explosives: Non explosif<\/li>\n<li>Propri\u00e9t\u00e9s comburantes\u00a0: Non Oxydant.<\/li>\n<\/ul>\n<h2>USAGES<\/h2>\n<ul>\n<li>Production de silicates solubles<\/li>\n<li>Mati\u00e8re premi\u00e8re pour la production de silice pr\u00e9cipit\u00e9e, gel de silice..<\/li>\n<li>Mat\u00e9riaux c\u00e9ramiques et\/ou catalyseurs<\/li>\n<li>D\u00e9tergents et produits de nettoyage<\/li>\n<li>Adh\u00e9sifs et liants.<\/li>\n<li>Rev\u00eatement de surface\u00a0: peintures.<\/li>\n<li>C\u00e9ramique et mat\u00e9riaux de construction<\/li>\n<li>Ciments, m\u00e9langes r\u00e9fractaires, pl\u00e2tres et mortiers.<\/li>\n<li>Traitements des eaux<\/li>\n<li>Construction de tunnels et de mines<\/li>\n<li>Fabrication de papier<\/li>\n<\/ul>\n<p>&nbsp;<\/p>\n<p>&nbsp;<\/p>\n<p>&nbsp;<\/p>\n<p>&nbsp;<\/p>\n<p>&nbsp;<\/p>\n<p>&nbsp;<\/p>\n<p>&nbsp;<\/p>\n<p>&nbsp;<\/p>\n<p>&nbsp;<\/p>","protected":false},"excerpt":{"rendered":"<p>Acheter Silicate de Sodium dans les formats de 1L et 5L. Le prix des diff\u00e9rents formats de silicate de sodium vous pouvez le voir en s\u00e9lectionnant le format que vous souhaitez. La commande se r\u00e9alise directement par la web et vous devez suivre les \u00e9tapes indiqu\u00e9es. L'envoie se fait par UPS et vous le recevrez dans 4-5 jours.<\/p>","protected":false},"featured_media":8882,"comment_status":"open","ping_status":"closed","template":"","meta":{"_acf_changed":false,"site-sidebar-layout":"default","site-content-layout":"default","ast-site-content-layout":"default","site-content-style":"default","site-sidebar-style":"default","ast-global-header-display":"","ast-banner-title-visibility":"","ast-main-header-display":"","ast-hfb-above-header-display":"","ast-hfb-below-header-display":"","ast-hfb-mobile-header-display":"","site-post-title":"","ast-breadcrumbs-content":"","ast-featured-img":"","footer-sml-layout":"","ast-disable-related-posts":"","theme-transparent-header-meta":"default","adv-header-id-meta":"","stick-header-meta":"default","header-above-stick-meta":"","header-main-stick-meta":"","header-below-stick-meta":"","astra-migrate-meta-layouts":"set","ast-page-background-enabled":"default","ast-page-background-meta":{"desktop":{"background-color":"var(--ast-global-color-4)","background-image":"","background-repeat":"repeat","background-position":"center center","background-size":"auto","background-attachment":"scroll","background-type":"","background-media":"","overlay-type":"","overlay-color":"","overlay-opacity":"","overlay-gradient":""},"tablet":{"background-color":"","background-image":"","background-repeat":"repeat","background-position":"center center","background-size":"auto","background-attachment":"scroll","background-type":"","background-media":"","overlay-type":"","overlay-color":"","overlay-opacity":"","overlay-gradient":""},"mobile":{"background-color":"","background-image":"","background-repeat":"repeat","background-position":"center center","background-size":"auto","background-attachment":"scroll","background-type":"","background-media":"","overlay-type":"","overlay-color":"","overlay-opacity":"","overlay-gradient":""}},"ast-content-background-meta":{"desktop":{"background-color":"var(--ast-global-color-5)","background-image":"","background-repeat":"repeat","background-position":"center center","background-size":"auto","background-attachment":"scroll","background-type":"","background-media":"","overlay-type":"","overlay-color":"","overlay-opacity":"","overlay-gradient":""},"tablet":{"background-color":"var(--ast-global-color-5)","background-image":"","background-repeat":"repeat","background-position":"center center","background-size":"auto","background-attachment":"scroll","background-type":"","background-media":"","overlay-type":"","overlay-color":"","overlay-opacity":"","overlay-gradient":""},"mobile":{"background-color":"var(--ast-global-color-5)","background-image":"","background-repeat":"repeat","background-position":"center center","background-size":"auto","background-attachment":"scroll","background-type":"","background-media":"","overlay-type":"","overlay-color":"","overlay-opacity":"","overlay-gradient":""}}},"product_brand":[],"product_cat":[21],"product_tag":[],"class_list":{"0":"post-356","1":"product","2":"type-product","3":"status-publish","4":"has-post-thumbnail","6":"product_cat-productos","7":"pa_cantidad-1l","8":"pa_cantidad-5l","9":"pa_cantidad-25l-2","10":"desktop-align-left","11":"tablet-align-left","12":"mobile-align-left","13":"ast-product-gallery-layout-horizontal-slider","14":"ast-product-gallery-with-no-image","15":"ast-magnify-disabled","16":"ast-product-single-variable","17":"ast-product-tabs-layout-horizontal","18":"ast-qv-on-image","20":"first","21":"instock","22":"taxable","23":"shipping-taxable","24":"purchasable","25":"product-type-variable","26":"has-default-attributes"},"acf":[],"yoast_head":"<!-- This site is optimized with the Yoast SEO Premium plugin v27.1 (Yoast SEO v27.1.1) - https:\/\/yoast.com\/product\/yoast-seo-premium-wordpress\/ -->\n<title>Silicato de Sodio: Comprar Online - Alquera.com<\/title>\n<meta name=\"description\" content=\"ENV\u00cdOS EN 24\/48H. Comprar Silicato de Sodio. Su f\u00f3rmula qu\u00edmica es Na2Si3O7. Se utiliza en diferentes tipos de industrias.\" \/>\n<meta name=\"robots\" content=\"index, follow, max-snippet:-1, max-image-preview:large, max-video-preview:-1\" \/>\n<link rel=\"canonical\" href=\"https:\/\/www.alquera.com\/fr\/silicato-de-sodio\/\" \/>\n<meta property=\"og:locale\" content=\"fr_FR\" \/>\n<meta property=\"og:type\" content=\"article\" \/>\n<meta property=\"og:title\" content=\"Silicato de Sodio: Comprar Online - Alquera.com\" \/>\n<meta property=\"og:description\" content=\"ENV\u00cdOS EN 24\/48H. Comprar Silicato de Sodio. Su f\u00f3rmula qu\u00edmica es Na2Si3O7. Se utiliza en diferentes tipos de industrias.\" \/>\n<meta property=\"og:url\" content=\"https:\/\/www.alquera.com\/fr\/silicato-de-sodio\/\" \/>\n<meta property=\"og:site_name\" content=\"Alquera.com\" \/>\n<meta property=\"article:publisher\" content=\"https:\/\/www.facebook.com\/alqueraciencia\" \/>\n<meta property=\"article:modified_time\" content=\"2026-05-15T07:59:48+00:00\" \/>\n<meta property=\"og:image\" content=\"https:\/\/www.alquera.com\/wp-content\/uploads\/2015\/03\/SILICATO-DE-SODIO-__.jpg\" \/>\n\t<meta property=\"og:image:width\" content=\"800\" \/>\n\t<meta property=\"og:image:height\" content=\"800\" \/>\n\t<meta property=\"og:image:type\" content=\"image\/jpeg\" \/>\n<meta name=\"twitter:card\" content=\"summary_large_image\" \/>\n<meta name=\"twitter:label1\" content=\"Disponibilit\u00e9\" \/>\n\t<meta name=\"twitter:data1\" content=\"En stock\" \/>\n<script type=\"application\/ld+json\" class=\"yoast-schema-graph\">{\"@context\":\"https:\/\/schema.org\",\"@graph\":[{\"@type\":[\"WebPage\",\"ItemPage\"],\"@id\":\"https:\/\/www.alquera.com\/silicato-de-sodio\/\",\"url\":\"https:\/\/www.alquera.com\/silicato-de-sodio\/\",\"name\":\"Silicato de Sodio: Comprar Online - Alquera.com\",\"isPartOf\":{\"@id\":\"https:\/\/www.alquera.com\/en\/#website\"},\"primaryImageOfPage\":{\"@id\":\"https:\/\/www.alquera.com\/silicato-de-sodio\/#primaryimage\"},\"image\":{\"@id\":\"https:\/\/www.alquera.com\/silicato-de-sodio\/#primaryimage\"},\"thumbnailUrl\":\"https:\/\/www.alquera.com\/wp-content\/uploads\/2015\/03\/SILICATO-DE-SODIO-__.jpg\",\"datePublished\":\"2015-03-27T17:25:19+00:00\",\"dateModified\":\"2026-05-15T07:59:48+00:00\",\"description\":\"ENV\u00cdOS EN 24\/48H. Comprar Silicato de Sodio. Su f\u00f3rmula qu\u00edmica es Na2Si3O7. Se utiliza en diferentes tipos de industrias.\",\"breadcrumb\":{\"@id\":\"https:\/\/www.alquera.com\/silicato-de-sodio\/#breadcrumb\"},\"inLanguage\":\"fr-FR\",\"potentialAction\":[{\"@type\":\"ReadAction\",\"target\":[\"https:\/\/www.alquera.com\/silicato-de-sodio\/\"]}]},{\"@type\":\"ImageObject\",\"inLanguage\":\"fr-FR\",\"@id\":\"https:\/\/www.alquera.com\/silicato-de-sodio\/#primaryimage\",\"url\":\"https:\/\/www.alquera.com\/wp-content\/uploads\/2015\/03\/SILICATO-DE-SODIO-__.jpg\",\"contentUrl\":\"https:\/\/www.alquera.com\/wp-content\/uploads\/2015\/03\/SILICATO-DE-SODIO-__.jpg\",\"width\":800,\"height\":800,\"caption\":\"Silicato de potasio\"},{\"@type\":\"BreadcrumbList\",\"@id\":\"https:\/\/www.alquera.com\/silicato-de-sodio\/#breadcrumb\",\"itemListElement\":[{\"@type\":\"ListItem\",\"position\":1,\"name\":\"Inicio\",\"item\":\"https:\/\/www.alquera.com\/\"},{\"@type\":\"ListItem\",\"position\":2,\"name\":\"Alquera.com: Tienda Online de Productos Qu\u00edmicos y Material de Laboratorio\",\"item\":\"https:\/\/www.alquera.com\/en\/tienda\/\"},{\"@type\":\"ListItem\",\"position\":3,\"name\":\"Silicato de Sodio\"}]},{\"@type\":\"WebSite\",\"@id\":\"https:\/\/www.alquera.com\/en\/#website\",\"url\":\"https:\/\/www.alquera.com\/en\/\",\"name\":\"Alquera.com\",\"description\":\"Tienda Online Productos Qu\u00edmicos y Material de Laboratorio\",\"publisher\":{\"@id\":\"https:\/\/www.alquera.com\/en\/#organization\"},\"potentialAction\":[{\"@type\":\"SearchAction\",\"target\":{\"@type\":\"EntryPoint\",\"urlTemplate\":\"https:\/\/www.alquera.com\/en\/?s={search_term_string}\"},\"query-input\":{\"@type\":\"PropertyValueSpecification\",\"valueRequired\":true,\"valueName\":\"search_term_string\"}}],\"inLanguage\":\"fr-FR\"},{\"@type\":\"Organization\",\"@id\":\"https:\/\/www.alquera.com\/en\/#organization\",\"name\":\"ALQUERA CIENCIA SL\",\"url\":\"https:\/\/www.alquera.com\/en\/\",\"logo\":{\"@type\":\"ImageObject\",\"inLanguage\":\"fr-FR\",\"@id\":\"https:\/\/www.alquera.com\/en\/#\/schema\/logo\/image\/\",\"url\":\"https:\/\/www.alquera.com\/wp-content\/uploads\/2020\/11\/logo_300_ancho.png\",\"contentUrl\":\"https:\/\/www.alquera.com\/wp-content\/uploads\/2020\/11\/logo_300_ancho.png\",\"width\":300,\"height\":86,\"caption\":\"ALQUERA CIENCIA SL\"},\"image\":{\"@id\":\"https:\/\/www.alquera.com\/en\/#\/schema\/logo\/image\/\"},\"sameAs\":[\"https:\/\/www.facebook.com\/alqueraciencia\",\"https:\/\/www.instagram.com\/alquera_ciencia\/\",\"https:\/\/www.youtube.com\/c\/alquera\"]}]}<\/script>\n<meta property=\"og:availability\" content=\"instock\" \/>\n<meta property=\"product:availability\" content=\"instock\" \/>\n<meta property=\"product:retailer_item_id\" content=\"AL100141\" \/>\n<meta property=\"product:condition\" content=\"new\" \/>\n<!-- \/ Yoast SEO Premium plugin. -->","yoast_head_json":{"title":"Silicate de sodium : Acheter en ligne - Alquera.com","description":"EXP\u00c9DITION EN 24\/48H. Acheter du silicate de sodium. Sa formule chimique est Na2Si3O7. Il est utilis\u00e9 dans diff\u00e9rents types d\u2019industries.","robots":{"index":"index","follow":"follow","max-snippet":"max-snippet:-1","max-image-preview":"max-image-preview:large","max-video-preview":"max-video-preview:-1"},"canonical":"https:\/\/www.alquera.com\/fr\/silicato-de-sodio\/","og_locale":"fr_FR","og_type":"article","og_title":"Silicato de Sodio: Comprar Online - Alquera.com","og_description":"ENV\u00cdOS EN 24\/48H. Comprar Silicato de Sodio. Su f\u00f3rmula qu\u00edmica es Na2Si3O7. Se utiliza en diferentes tipos de industrias.","og_url":"https:\/\/www.alquera.com\/fr\/silicato-de-sodio\/","og_site_name":"Alquera.com","article_publisher":"https:\/\/www.facebook.com\/alqueraciencia","article_modified_time":"2026-05-15T07:59:48+00:00","og_image":[{"width":800,"height":800,"url":"https:\/\/www.alquera.com\/wp-content\/uploads\/2015\/03\/SILICATO-DE-SODIO-__.jpg","type":"image\/jpeg"}],"twitter_card":"summary_large_image","twitter_misc":{"Disponibilit\u00e9":"En stock"},"schema":{"@context":"https:\/\/schema.org","@graph":[{"@type":["WebPage","ItemPage"],"@id":"https:\/\/www.alquera.com\/silicato-de-sodio\/","url":"https:\/\/www.alquera.com\/silicato-de-sodio\/","name":"Silicate de sodium : Acheter en ligne - Alquera.com","isPartOf":{"@id":"https:\/\/www.alquera.com\/en\/#website"},"primaryImageOfPage":{"@id":"https:\/\/www.alquera.com\/silicato-de-sodio\/#primaryimage"},"image":{"@id":"https:\/\/www.alquera.com\/silicato-de-sodio\/#primaryimage"},"thumbnailUrl":"https:\/\/www.alquera.com\/wp-content\/uploads\/2015\/03\/SILICATO-DE-SODIO-__.jpg","datePublished":"2015-03-27T17:25:19+00:00","dateModified":"2026-05-15T07:59:48+00:00","description":"EXP\u00c9DITION EN 24\/48H. Acheter du silicate de sodium. Sa formule chimique est Na2Si3O7. Il est utilis\u00e9 dans diff\u00e9rents types d\u2019industries.","breadcrumb":{"@id":"https:\/\/www.alquera.com\/silicato-de-sodio\/#breadcrumb"},"inLanguage":"fr-FR","potentialAction":[{"@type":"ReadAction","target":["https:\/\/www.alquera.com\/silicato-de-sodio\/"]}]},{"@type":"ImageObject","inLanguage":"fr-FR","@id":"https:\/\/www.alquera.com\/silicato-de-sodio\/#primaryimage","url":"https:\/\/www.alquera.com\/wp-content\/uploads\/2015\/03\/SILICATO-DE-SODIO-__.jpg","contentUrl":"https:\/\/www.alquera.com\/wp-content\/uploads\/2015\/03\/SILICATO-DE-SODIO-__.jpg","width":800,"height":800,"caption":"Silicato de potasio"},{"@type":"BreadcrumbList","@id":"https:\/\/www.alquera.com\/silicato-de-sodio\/#breadcrumb","itemListElement":[{"@type":"ListItem","position":1,"name":"Inicio","item":"https:\/\/www.alquera.com\/"},{"@type":"ListItem","position":2,"name":"Alquera.com: Tienda Online de Productos Qu\u00edmicos y Material de Laboratorio","item":"https:\/\/www.alquera.com\/en\/tienda\/"},{"@type":"ListItem","position":3,"name":"Silicato de Sodio"}]},{"@type":"WebSite","@id":"https:\/\/www.alquera.com\/en\/#website","url":"https:\/\/www.alquera.com\/en\/","name":"Alquera.com","description":"Boutique en ligne Produits chimiques et \u00e9quipements de laboratoire","publisher":{"@id":"https:\/\/www.alquera.com\/en\/#organization"},"potentialAction":[{"@type":"SearchAction","target":{"@type":"EntryPoint","urlTemplate":"https:\/\/www.alquera.com\/en\/?s={search_term_string}"},"query-input":{"@type":"PropertyValueSpecification","valueRequired":true,"valueName":"search_term_string"}}],"inLanguage":"fr-FR"},{"@type":"Organization","@id":"https:\/\/www.alquera.com\/en\/#organization","name":"ALQUERA CIENCIA SL","url":"https:\/\/www.alquera.com\/en\/","logo":{"@type":"ImageObject","inLanguage":"fr-FR","@id":"https:\/\/www.alquera.com\/en\/#\/schema\/logo\/image\/","url":"https:\/\/www.alquera.com\/wp-content\/uploads\/2020\/11\/logo_300_ancho.png","contentUrl":"https:\/\/www.alquera.com\/wp-content\/uploads\/2020\/11\/logo_300_ancho.png","width":300,"height":86,"caption":"ALQUERA CIENCIA SL"},"image":{"@id":"https:\/\/www.alquera.com\/en\/#\/schema\/logo\/image\/"},"sameAs":["https:\/\/www.facebook.com\/alqueraciencia","https:\/\/www.instagram.com\/alquera_ciencia\/","https:\/\/www.youtube.com\/c\/alquera"]}]},"og_availability":"instock","product_availability":"instock","product_retailer_item_id":"AL100141","product_condition":"new"},"_links":{"self":[{"href":"https:\/\/www.alquera.com\/fr\/wp-json\/wp\/v2\/product\/356","targetHints":{"allow":["GET"]}}],"collection":[{"href":"https:\/\/www.alquera.com\/fr\/wp-json\/wp\/v2\/product"}],"about":[{"href":"https:\/\/www.alquera.com\/fr\/wp-json\/wp\/v2\/types\/product"}],"replies":[{"embeddable":true,"href":"https:\/\/www.alquera.com\/fr\/wp-json\/wp\/v2\/comments?post=356"}],"wp:featuredmedia":[{"embeddable":true,"href":"https:\/\/www.alquera.com\/fr\/wp-json\/wp\/v2\/media\/8882"}],"wp:attachment":[{"href":"https:\/\/www.alquera.com\/fr\/wp-json\/wp\/v2\/media?parent=356"}],"wp:term":[{"taxonomy":"product_brand","embeddable":true,"href":"https:\/\/www.alquera.com\/fr\/wp-json\/wp\/v2\/product_brand?post=356"},{"taxonomy":"product_cat","embeddable":true,"href":"https:\/\/www.alquera.com\/fr\/wp-json\/wp\/v2\/product_cat?post=356"},{"taxonomy":"product_tag","embeddable":true,"href":"https:\/\/www.alquera.com\/fr\/wp-json\/wp\/v2\/product_tag?post=356"}],"curies":[{"name":"wp","href":"https:\/\/api.w.org\/{rel}","templated":true}]}}