{"id":373,"date":"2015-04-09T12:04:21","date_gmt":"2015-04-09T12:04:21","guid":{"rendered":"http:\/\/localhost\/alquera\/productos\/producto\/kit-experimento-hacer-un-liquido-fluorescente\/"},"modified":"2026-03-26T08:36:06","modified_gmt":"2026-03-26T08:36:06","slug":"kit-experimento-hacer-un-liquido-fluorescente","status":"publish","type":"product","link":"https:\/\/www.alquera.com\/fr\/kit-experimento-hacer-un-liquido-fluorescente\/","title":{"rendered":"Fluorescence - Fluorescence Kit de fabrication de liquide de fluorescence. #Exp1"},"content":{"rendered":"<p>Ce kit contient les \u00e9l\u00e9ments n\u00e9cessaires pour r\u00e9aliser l'exp\u00e9rience permettant de fabriquer un liquide fluorescent (voir la vid\u00e9o ci-dessous).<\/p>\n<p>Les mat\u00e9riaux contenus dans le kit sont les suivants :<\/p>\n<ul>\n<li>B\u00e9cher - Verre 250ml<\/li>\n<li>Spatule en acier inoxydable<\/li>\n<li>Lumi\u00e8re ultraviolette - lampe \u00e0 9 LED<\/li>\n<li>Fluoresc\u00e9ine sodique - 20 grammes<\/li>\n<\/ul>\n<p>Vous pouvez voir comment l'exp\u00e9rience a \u00e9t\u00e9 r\u00e9alis\u00e9e dans cette vid\u00e9o :<\/p>\n<p><iframe loading=\"lazy\" src=\"https:\/\/www.youtube.com\/embed\/zsq1paqbVls?rel=0\" width=\"560\" height=\"315\" frameborder=\"0\"><\/iframe><\/p>\n<p>Il est n\u00e9cessaire de traiter ces \u00e9l\u00e9ments avec une extr\u00eame prudence, il est n\u00e9cessaire de lire attentivement les indications (jointes ci-dessous dans la zone de t\u00e9l\u00e9chargement, pour chaque mat\u00e9riel). Ne pas toucher avec les mains ou inhaler \u00e0 tout moment.<\/p>\n<div class=\"rte2\">\n<h2>Exp\u00e9rience de fabrication d'un liquide fluorescent \u00e9tape par \u00e9tape<\/h2>\n<h3>\u00c9tape 1<\/h3>\n<p>Prenez le b\u00e9cher fourni dans le kit, et remplissez-le d'eau. De pr\u00e9f\u00e9rence de l'eau distill\u00e9e avec 1 goutte d'ammoniaque (c'est l\u00e0 que la fluoresc\u00e9ine \u00e9met le mieux). Vous pouvez \u00e9galement utiliser de l'eau du robinet sans ammoniaque.<\/p>\n<h3>\u00c9tape 2<\/h3>\n<p>Avec la spatule, prendre quelques poudres de fluoresc\u00e9ine, et les introduire<\/p>\n<h3>\u00c9tape 3<\/h3>\n<p>Avec la lumi\u00e8re ultraviolette, illuminez la solution, et soyez surpris par l'effet que vous obtiendrez. Profitez de l'occasion pour r\u00e9aliser l'exp\u00e9rience dans une pi\u00e8ce sombre, afin de voir l'effet encore plus clairement.<\/p>\n<h3>Extras<\/h3>\n<p>La fluorescence de la fluoresc\u00e9ine est la plus forte lorsque le pH est de 8. Nous recommandons donc d'utiliser une goutte d'ammoniaque dans la solution (cela augmentera l\u00e9g\u00e8rement le pH). Bien que l'utilisation de l'eau du robinet convienne parfaitement, si vous souhaitez mesurer le pH de la solution, vous pouvez consulter notre rubrique\u00a0<a href=\"https:\/\/www.alquera.com\/fr\/tiras-papel-ph\/\">Bandes de test de pH<\/a>.<\/p>\n<p>Ne vous contentez pas de fabriquer un liquide fluorescent, utilisez votre imagination pour cr\u00e9er d'autres objets fluorescents. Vous pouvez \u00e9galement utiliser <a href=\"https:\/\/www.alquera.com\/fr\/hidrogel\/\">l'hydrogel<\/a>\u00a0(en les introduisant dans le liquide) et cr\u00e9er des cristaux fluorescents.<\/p>\n<\/div>","protected":false},"excerpt":{"rendered":"<p>Ce kit contient les \u00e9l\u00e9ments n\u00e9cessaires pour r\u00e9aliser l'exp\u00e9rience de fabrication d'un liquide fluorescent. Vous pouvez voir dans la description les d\u00e9tails de ce que contient le kit.<\/p>","protected":false},"featured_media":9062,"comment_status":"open","ping_status":"closed","template":"","meta":{"_acf_changed":false,"site-sidebar-layout":"default","site-content-layout":"default","ast-site-content-layout":"default","site-content-style":"default","site-sidebar-style":"default","ast-global-header-display":"","ast-banner-title-visibility":"","ast-main-header-display":"","ast-hfb-above-header-display":"","ast-hfb-below-header-display":"","ast-hfb-mobile-header-display":"","site-post-title":"","ast-breadcrumbs-content":"","ast-featured-img":"","footer-sml-layout":"","ast-disable-related-posts":"","theme-transparent-header-meta":"default","adv-header-id-meta":"","stick-header-meta":"default","header-above-stick-meta":"","header-main-stick-meta":"","header-below-stick-meta":"","astra-migrate-meta-layouts":"default","ast-page-background-enabled":"default","ast-page-background-meta":{"desktop":{"background-color":"var(--ast-global-color-4)","background-image":"","background-repeat":"repeat","background-position":"center center","background-size":"auto","background-attachment":"scroll","background-type":"","background-media":"","overlay-type":"","overlay-color":"","overlay-opacity":"","overlay-gradient":""},"tablet":{"background-color":"","background-image":"","background-repeat":"repeat","background-position":"center center","background-size":"auto","background-attachment":"scroll","background-type":"","background-media":"","overlay-type":"","overlay-color":"","overlay-opacity":"","overlay-gradient":""},"mobile":{"background-color":"","background-image":"","background-repeat":"repeat","background-position":"center center","background-size":"auto","background-attachment":"scroll","background-type":"","background-media":"","overlay-type":"","overlay-color":"","overlay-opacity":"","overlay-gradient":""}},"ast-content-background-meta":{"desktop":{"background-color":"var(--ast-global-color-5)","background-image":"","background-repeat":"repeat","background-position":"center center","background-size":"auto","background-attachment":"scroll","background-type":"","background-media":"","overlay-type":"","overlay-color":"","overlay-opacity":"","overlay-gradient":""},"tablet":{"background-color":"var(--ast-global-color-5)","background-image":"","background-repeat":"repeat","background-position":"center center","background-size":"auto","background-attachment":"scroll","background-type":"","background-media":"","overlay-type":"","overlay-color":"","overlay-opacity":"","overlay-gradient":""},"mobile":{"background-color":"var(--ast-global-color-5)","background-image":"","background-repeat":"repeat","background-position":"center center","background-size":"auto","background-attachment":"scroll","background-type":"","background-media":"","overlay-type":"","overlay-color":"","overlay-opacity":"","overlay-gradient":""}}},"product_brand":[],"product_cat":[329],"product_tag":[],"class_list":{"0":"post-373","1":"product","2":"type-product","3":"status-publish","4":"has-post-thumbnail","6":"product_cat-experimentos-ciencias","7":"desktop-align-left","8":"tablet-align-left","9":"mobile-align-left","10":"ast-product-gallery-layout-horizontal-slider","11":"ast-product-gallery-with-no-image","12":"ast-magnify-disabled","13":"ast-product-tabs-layout-horizontal","14":"ast-qv-on-image","16":"first","17":"instock","18":"taxable","19":"shipping-taxable","20":"purchasable","21":"product-type-simple"},"acf":[],"yoast_head":"<!-- This site is optimized with the Yoast SEO Premium plugin v27.1 (Yoast SEO v27.1.1) - https:\/\/yoast.com\/product\/yoast-seo-premium-wordpress\/ -->\n<title>Fluorescencia - Kit para Hacer un l\u00edquido fluorescente. #Exp1: Comprar Online - Alquera.com<\/title>\n<meta name=\"robots\" content=\"index, follow, max-snippet:-1, max-image-preview:large, max-video-preview:-1\" \/>\n<link rel=\"canonical\" href=\"https:\/\/www.alquera.com\/fr\/kit-experimento-hacer-un-liquido-fluorescente\/\" \/>\n<meta property=\"og:locale\" content=\"fr_FR\" \/>\n<meta property=\"og:type\" content=\"article\" \/>\n<meta property=\"og:title\" content=\"Fluorescencia - Kit para Hacer un l\u00edquido fluorescente. #Exp1: Comprar Online - Alquera.com\" \/>\n<meta property=\"og:description\" content=\"Este kit contiene los elementos necesarios para realizar el\u00a0experimento de\u00a0hacer un l\u00edquido fluorescente. Puedes ver en la descripci\u00f3n el detalle de lo que contiene el kit.\" \/>\n<meta property=\"og:url\" content=\"https:\/\/www.alquera.com\/fr\/kit-experimento-hacer-un-liquido-fluorescente\/\" \/>\n<meta property=\"og:site_name\" content=\"Alquera.com\" \/>\n<meta property=\"article:publisher\" content=\"https:\/\/www.facebook.com\/alqueraciencia\" \/>\n<meta property=\"article:modified_time\" content=\"2026-03-26T08:36:06+00:00\" \/>\n<meta property=\"og:image\" content=\"https:\/\/www.alquera.com\/wp-content\/uploads\/2015\/04\/kit-experimento-hacer-un-liquido-fluorescente.jpg\" \/>\n\t<meta property=\"og:image:width\" content=\"800\" \/>\n\t<meta property=\"og:image:height\" content=\"800\" \/>\n\t<meta property=\"og:image:type\" content=\"image\/jpeg\" \/>\n<meta name=\"twitter:card\" content=\"summary_large_image\" \/>\n<meta name=\"twitter:label1\" content=\"Prix\" \/>\n\t<meta name=\"twitter:data1\" content=\"26,90&euro;\" \/>\n\t<meta name=\"twitter:label2\" content=\"Disponibilit\u00e9\" \/>\n\t<meta name=\"twitter:data2\" content=\"En stock\" \/>\n<script type=\"application\/ld+json\" class=\"yoast-schema-graph\">{\"@context\":\"https:\/\/schema.org\",\"@graph\":[{\"@type\":[\"WebPage\",\"ItemPage\"],\"@id\":\"https:\/\/www.alquera.com\/kit-experimento-hacer-un-liquido-fluorescente\/\",\"url\":\"https:\/\/www.alquera.com\/kit-experimento-hacer-un-liquido-fluorescente\/\",\"name\":\"Fluorescencia - Kit para Hacer un l\u00edquido fluorescente. #Exp1: Comprar Online - Alquera.com\",\"isPartOf\":{\"@id\":\"https:\/\/www.alquera.com\/en\/#website\"},\"primaryImageOfPage\":{\"@id\":\"https:\/\/www.alquera.com\/kit-experimento-hacer-un-liquido-fluorescente\/#primaryimage\"},\"image\":{\"@id\":\"https:\/\/www.alquera.com\/kit-experimento-hacer-un-liquido-fluorescente\/#primaryimage\"},\"thumbnailUrl\":\"https:\/\/www.alquera.com\/wp-content\/uploads\/2015\/04\/kit-experimento-hacer-un-liquido-fluorescente.jpg\",\"datePublished\":\"2015-04-09T12:04:21+00:00\",\"dateModified\":\"2026-03-26T08:36:06+00:00\",\"breadcrumb\":{\"@id\":\"https:\/\/www.alquera.com\/kit-experimento-hacer-un-liquido-fluorescente\/#breadcrumb\"},\"inLanguage\":\"fr-FR\",\"potentialAction\":[{\"@type\":\"ReadAction\",\"target\":[\"https:\/\/www.alquera.com\/kit-experimento-hacer-un-liquido-fluorescente\/\"]}]},{\"@type\":\"ImageObject\",\"inLanguage\":\"fr-FR\",\"@id\":\"https:\/\/www.alquera.com\/kit-experimento-hacer-un-liquido-fluorescente\/#primaryimage\",\"url\":\"https:\/\/www.alquera.com\/wp-content\/uploads\/2015\/04\/kit-experimento-hacer-un-liquido-fluorescente.jpg\",\"contentUrl\":\"https:\/\/www.alquera.com\/wp-content\/uploads\/2015\/04\/kit-experimento-hacer-un-liquido-fluorescente.jpg\",\"width\":800,\"height\":800,\"caption\":\"kit hacer liquido fluorescente\"},{\"@type\":\"BreadcrumbList\",\"@id\":\"https:\/\/www.alquera.com\/kit-experimento-hacer-un-liquido-fluorescente\/#breadcrumb\",\"itemListElement\":[{\"@type\":\"ListItem\",\"position\":1,\"name\":\"Inicio\",\"item\":\"https:\/\/www.alquera.com\/\"},{\"@type\":\"ListItem\",\"position\":2,\"name\":\"Alquera.com: Tienda Online de Productos Qu\u00edmicos y Material de Laboratorio\",\"item\":\"https:\/\/www.alquera.com\/en\/tienda\/\"},{\"@type\":\"ListItem\",\"position\":3,\"name\":\"Fluorescencia &#8211; Kit para Hacer un l\u00edquido fluorescente. #Exp1\"}]},{\"@type\":\"WebSite\",\"@id\":\"https:\/\/www.alquera.com\/en\/#website\",\"url\":\"https:\/\/www.alquera.com\/en\/\",\"name\":\"Alquera.com\",\"description\":\"Tienda Online Productos Qu\u00edmicos y Material de Laboratorio\",\"publisher\":{\"@id\":\"https:\/\/www.alquera.com\/en\/#organization\"},\"potentialAction\":[{\"@type\":\"SearchAction\",\"target\":{\"@type\":\"EntryPoint\",\"urlTemplate\":\"https:\/\/www.alquera.com\/en\/?s={search_term_string}\"},\"query-input\":{\"@type\":\"PropertyValueSpecification\",\"valueRequired\":true,\"valueName\":\"search_term_string\"}}],\"inLanguage\":\"fr-FR\"},{\"@type\":\"Organization\",\"@id\":\"https:\/\/www.alquera.com\/en\/#organization\",\"name\":\"ALQUERA CIENCIA SL\",\"url\":\"https:\/\/www.alquera.com\/en\/\",\"logo\":{\"@type\":\"ImageObject\",\"inLanguage\":\"fr-FR\",\"@id\":\"https:\/\/www.alquera.com\/en\/#\/schema\/logo\/image\/\",\"url\":\"https:\/\/www.alquera.com\/wp-content\/uploads\/2020\/11\/logo_300_ancho.png\",\"contentUrl\":\"https:\/\/www.alquera.com\/wp-content\/uploads\/2020\/11\/logo_300_ancho.png\",\"width\":300,\"height\":86,\"caption\":\"ALQUERA CIENCIA SL\"},\"image\":{\"@id\":\"https:\/\/www.alquera.com\/en\/#\/schema\/logo\/image\/\"},\"sameAs\":[\"https:\/\/www.facebook.com\/alqueraciencia\",\"https:\/\/www.instagram.com\/alquera_ciencia\/\",\"https:\/\/www.youtube.com\/c\/alquera\"]}]}<\/script>\n<meta property=\"product:price:amount\" content=\"26.90\" \/>\n<meta property=\"product:price:currency\" content=\"EUR\" \/>\n<meta property=\"og:availability\" content=\"instock\" \/>\n<meta property=\"product:availability\" content=\"instock\" \/>\n<meta property=\"product:retailer_item_id\" content=\"AL30001\" \/>\n<meta property=\"product:condition\" content=\"new\" \/>\n<!-- \/ Yoast SEO Premium plugin. -->","yoast_head_json":{"title":"Fluorescence - Kit pour l'\u00e9laboration d'un liquide fluorescent. #Exp1 : Acheter en ligne - Alquera.com","robots":{"index":"index","follow":"follow","max-snippet":"max-snippet:-1","max-image-preview":"max-image-preview:large","max-video-preview":"max-video-preview:-1"},"canonical":"https:\/\/www.alquera.com\/fr\/kit-experimento-hacer-un-liquido-fluorescente\/","og_locale":"fr_FR","og_type":"article","og_title":"Fluorescencia - Kit para Hacer un l\u00edquido fluorescente. #Exp1: Comprar Online - Alquera.com","og_description":"Este kit contiene los elementos necesarios para realizar el\u00a0experimento de\u00a0hacer un l\u00edquido fluorescente. Puedes ver en la descripci\u00f3n el detalle de lo que contiene el kit.","og_url":"https:\/\/www.alquera.com\/fr\/kit-experimento-hacer-un-liquido-fluorescente\/","og_site_name":"Alquera.com","article_publisher":"https:\/\/www.facebook.com\/alqueraciencia","article_modified_time":"2026-03-26T08:36:06+00:00","og_image":[{"width":800,"height":800,"url":"https:\/\/www.alquera.com\/wp-content\/uploads\/2015\/04\/kit-experimento-hacer-un-liquido-fluorescente.jpg","type":"image\/jpeg"}],"twitter_card":"summary_large_image","twitter_misc":{"Prix":"26,90&euro;","Disponibilit\u00e9":"En stock"},"schema":{"@context":"https:\/\/schema.org","@graph":[{"@type":["WebPage","ItemPage"],"@id":"https:\/\/www.alquera.com\/kit-experimento-hacer-un-liquido-fluorescente\/","url":"https:\/\/www.alquera.com\/kit-experimento-hacer-un-liquido-fluorescente\/","name":"Fluorescence - Kit pour l'\u00e9laboration d'un liquide fluorescent. #Exp1 : Acheter en ligne - Alquera.com","isPartOf":{"@id":"https:\/\/www.alquera.com\/en\/#website"},"primaryImageOfPage":{"@id":"https:\/\/www.alquera.com\/kit-experimento-hacer-un-liquido-fluorescente\/#primaryimage"},"image":{"@id":"https:\/\/www.alquera.com\/kit-experimento-hacer-un-liquido-fluorescente\/#primaryimage"},"thumbnailUrl":"https:\/\/www.alquera.com\/wp-content\/uploads\/2015\/04\/kit-experimento-hacer-un-liquido-fluorescente.jpg","datePublished":"2015-04-09T12:04:21+00:00","dateModified":"2026-03-26T08:36:06+00:00","breadcrumb":{"@id":"https:\/\/www.alquera.com\/kit-experimento-hacer-un-liquido-fluorescente\/#breadcrumb"},"inLanguage":"fr-FR","potentialAction":[{"@type":"ReadAction","target":["https:\/\/www.alquera.com\/kit-experimento-hacer-un-liquido-fluorescente\/"]}]},{"@type":"ImageObject","inLanguage":"fr-FR","@id":"https:\/\/www.alquera.com\/kit-experimento-hacer-un-liquido-fluorescente\/#primaryimage","url":"https:\/\/www.alquera.com\/wp-content\/uploads\/2015\/04\/kit-experimento-hacer-un-liquido-fluorescente.jpg","contentUrl":"https:\/\/www.alquera.com\/wp-content\/uploads\/2015\/04\/kit-experimento-hacer-un-liquido-fluorescente.jpg","width":800,"height":800,"caption":"kit hacer liquido fluorescente"},{"@type":"BreadcrumbList","@id":"https:\/\/www.alquera.com\/kit-experimento-hacer-un-liquido-fluorescente\/#breadcrumb","itemListElement":[{"@type":"ListItem","position":1,"name":"Inicio","item":"https:\/\/www.alquera.com\/"},{"@type":"ListItem","position":2,"name":"Alquera.com: Tienda Online de Productos Qu\u00edmicos y Material de Laboratorio","item":"https:\/\/www.alquera.com\/en\/tienda\/"},{"@type":"ListItem","position":3,"name":"Fluorescencia &#8211; Kit para Hacer un l\u00edquido fluorescente. #Exp1"}]},{"@type":"WebSite","@id":"https:\/\/www.alquera.com\/en\/#website","url":"https:\/\/www.alquera.com\/en\/","name":"Alquera.com","description":"Boutique en ligne Produits chimiques et \u00e9quipements de laboratoire","publisher":{"@id":"https:\/\/www.alquera.com\/en\/#organization"},"potentialAction":[{"@type":"SearchAction","target":{"@type":"EntryPoint","urlTemplate":"https:\/\/www.alquera.com\/en\/?s={search_term_string}"},"query-input":{"@type":"PropertyValueSpecification","valueRequired":true,"valueName":"search_term_string"}}],"inLanguage":"fr-FR"},{"@type":"Organization","@id":"https:\/\/www.alquera.com\/en\/#organization","name":"ALQUERA CIENCIA SL","url":"https:\/\/www.alquera.com\/en\/","logo":{"@type":"ImageObject","inLanguage":"fr-FR","@id":"https:\/\/www.alquera.com\/en\/#\/schema\/logo\/image\/","url":"https:\/\/www.alquera.com\/wp-content\/uploads\/2020\/11\/logo_300_ancho.png","contentUrl":"https:\/\/www.alquera.com\/wp-content\/uploads\/2020\/11\/logo_300_ancho.png","width":300,"height":86,"caption":"ALQUERA CIENCIA SL"},"image":{"@id":"https:\/\/www.alquera.com\/en\/#\/schema\/logo\/image\/"},"sameAs":["https:\/\/www.facebook.com\/alqueraciencia","https:\/\/www.instagram.com\/alquera_ciencia\/","https:\/\/www.youtube.com\/c\/alquera"]}]},"product_price_amount":"26.90","product_price_currency":"EUR","og_availability":"instock","product_availability":"instock","product_retailer_item_id":"AL30001","product_condition":"new"},"_links":{"self":[{"href":"https:\/\/www.alquera.com\/fr\/wp-json\/wp\/v2\/product\/373","targetHints":{"allow":["GET"]}}],"collection":[{"href":"https:\/\/www.alquera.com\/fr\/wp-json\/wp\/v2\/product"}],"about":[{"href":"https:\/\/www.alquera.com\/fr\/wp-json\/wp\/v2\/types\/product"}],"replies":[{"embeddable":true,"href":"https:\/\/www.alquera.com\/fr\/wp-json\/wp\/v2\/comments?post=373"}],"wp:featuredmedia":[{"embeddable":true,"href":"https:\/\/www.alquera.com\/fr\/wp-json\/wp\/v2\/media\/9062"}],"wp:attachment":[{"href":"https:\/\/www.alquera.com\/fr\/wp-json\/wp\/v2\/media?parent=373"}],"wp:term":[{"taxonomy":"product_brand","embeddable":true,"href":"https:\/\/www.alquera.com\/fr\/wp-json\/wp\/v2\/product_brand?post=373"},{"taxonomy":"product_cat","embeddable":true,"href":"https:\/\/www.alquera.com\/fr\/wp-json\/wp\/v2\/product_cat?post=373"},{"taxonomy":"product_tag","embeddable":true,"href":"https:\/\/www.alquera.com\/fr\/wp-json\/wp\/v2\/product_tag?post=373"}],"curies":[{"name":"wp","href":"https:\/\/api.w.org\/{rel}","templated":true}]}}