{"id":37303,"date":"2022-03-24T09:09:58","date_gmt":"2022-03-24T09:09:58","guid":{"rendered":"https:\/\/www.alquera.com\/?post_type=product&#038;p=37303"},"modified":"2023-03-17T10:05:46","modified_gmt":"2023-03-17T10:05:46","slug":"medidor-de-tds-solidos-disueltos","status":"publish","type":"product","link":"https:\/\/www.alquera.com\/fr\/medidor-de-tds-solidos-disueltos\/","title":{"rendered":"Compteur de solides dissous. TDS"},"content":{"rendered":"<h2>QU'EST-CE QUE LE TDS ?<\/h2>\n<p>Les mati\u00e8res dissoutes totales (TDS) sont le poids total de toutes les mati\u00e8res solides (min\u00e9raux, sels ou m\u00e9taux) dissoutes dans un volume d'eau donn\u00e9, exprim\u00e9 en milligrammes par litre (mg\/L) ou en parties par million (PPM).<\/p>\n<h2>PROPI\u00c9T\u00c9S<\/h2>\n<ul>\n<li>100% nouveau et de haute qualit\u00e9.<\/li>\n<li>Cet article peut \u00eatre utilis\u00e9 dans : les purificateurs d'eau et les filtres, le contr\u00f4le de la qualit\u00e9 des aliments (l\u00e9gumes, fruits) et des boissons, les piscines et les spas, les aquariums, l'hydroponie.<\/li>\n<li>Fonction Hold : sauvegarde des mesures pour faciliter la lecture et l'enregistrement.<\/li>\n<li>Fonction d'extinction automatique : l'instrument s'\u00e9teint automatiquement apr\u00e8s 10 minutes d'inutilisation.<\/li>\n<li>Double gamme : mesure de 0 \u00e0 999 ppm, avec une r\u00e9solution de 1 ppm. De 1 000 \u00e0 9 990 ppm, la r\u00e9solution est de 10 ppm, indiqu\u00e9e par l'image \"x 10\", calibr\u00e9e en usine.<\/li>\n<li>Plage : 0-9990 ppm, r\u00e9solution de 1 ppm, de 1000-9990 ppm, r\u00e9solution de 10 ppm.<\/li>\n<li>Pr\u00e9cision : +\/-2%.<\/li>\n<li>Batterie : <strong>2 piles bouton de 1,5 V (non incluses).<\/strong><\/li>\n<li>Dimensions de l'article : 154 mm x 29 mm x 19 mm.<\/li>\n<li>Poids : 72 g (2.3 oz).<\/li>\n<\/ul>\n<div><img loading=\"lazy\" decoding=\"async\" class=\"aligncenter wp-image-41691\" src=\"https:\/\/www.alquera.com\/wp-content\/uploads\/2022\/03\/BATERIAS-300x258.png\" alt=\"BATERIAS\" width=\"600\" height=\"517\" srcset=\"https:\/\/www.alquera.com\/wp-content\/uploads\/2022\/03\/BATERIAS-300x258.png 300w, https:\/\/www.alquera.com\/wp-content\/uploads\/2022\/03\/BATERIAS-14x12.png 14w, https:\/\/www.alquera.com\/wp-content\/uploads\/2022\/03\/BATERIAS-600x517.png 600w, https:\/\/www.alquera.com\/wp-content\/uploads\/2022\/03\/BATERIAS.png 678w\" sizes=\"auto, (max-width: 600px) 100vw, 600px\" \/><\/div>\n<div><\/div>\n<h2>COMMENT UTILISER LE TDS<\/h2>\n<ol>\n<li>Retirez le capuchon de protection et mettez le lecteur en marche.<\/li>\n<li>Immergez le lecteur dans la solution (le niveau d'immersion maximal est de 5 cm).<\/li>\n<li>Secouez l\u00e9g\u00e8rement le glycom\u00e8tre pour faire sortir les \u00e9ventuelles bulles d'air. Attendez que l'affichage se stabilise. Appuyez sur la touche HOLD pour verrouiller la lecture.<\/li>\n<li>Apr\u00e8s utilisation, secouez l'exc\u00e9dent d'eau dans le lecteur et remettez le couvercle en place.<\/li>\n<\/ol>\n<p>NOTE :<\/p>\n<ol>\n<li>N'immergez pas l'ensemble de l'appareil de mesure du TDS dans l'eau et ne le plongez pas au-del\u00e0 du niveau d'immersion maximal. L'appareil n'est pas \u00e9tanche.<\/li>\n<li>Ne pas stocker l'instrument \u00e0 des temp\u00e9ratures \u00e9lev\u00e9es ou \u00e0 la lumi\u00e8re directe du soleil.<\/li>\n<li>Ne pas frapper, appuyer ou faire tomber cet instrument.<\/li>\n<\/ol>\n<p><img loading=\"lazy\" decoding=\"async\" class=\"aligncenter wp-image-41689\" src=\"https:\/\/www.alquera.com\/wp-content\/uploads\/2022\/03\/MODO-DE-USO-TDS-300x198.png\" alt=\"MODO DE USO\" width=\"600\" height=\"395\" srcset=\"https:\/\/www.alquera.com\/wp-content\/uploads\/2022\/03\/MODO-DE-USO-TDS-300x198.png 300w, https:\/\/www.alquera.com\/wp-content\/uploads\/2022\/03\/MODO-DE-USO-TDS-768x506.png 768w, https:\/\/www.alquera.com\/wp-content\/uploads\/2022\/03\/MODO-DE-USO-TDS-18x12.png 18w, https:\/\/www.alquera.com\/wp-content\/uploads\/2022\/03\/MODO-DE-USO-TDS-600x395.png 600w, https:\/\/www.alquera.com\/wp-content\/uploads\/2022\/03\/MODO-DE-USO-TDS.png 800w\" sizes=\"auto, (max-width: 600px) 100vw, 600px\" \/><\/p>\n<p>&nbsp;<\/p>\n<p>&nbsp;<\/p>","protected":false},"excerpt":{"rendered":"<p>Acheter un compteur de solides dissous. \u00c9galement connu sous le nom de TDS (Total dissolved solids). Vous pouvez voir le prix lorsque vous s\u00e9lectionnez le produit. La commande est faite directement par le Web en suivant les \u00e9tapes indiqu\u00e9es, \u00e9tant la livraison dans 24\/48 heures.<\/p>","protected":false},"featured_media":37312,"comment_status":"open","ping_status":"closed","template":"","meta":{"_acf_changed":false,"site-sidebar-layout":"default","site-content-layout":"default","ast-site-content-layout":"default","site-content-style":"default","site-sidebar-style":"default","ast-global-header-display":"","ast-banner-title-visibility":"","ast-main-header-display":"","ast-hfb-above-header-display":"","ast-hfb-below-header-display":"","ast-hfb-mobile-header-display":"","site-post-title":"","ast-breadcrumbs-content":"","ast-featured-img":"","footer-sml-layout":"","ast-disable-related-posts":"","theme-transparent-header-meta":"default","adv-header-id-meta":"","stick-header-meta":"default","header-above-stick-meta":"","header-main-stick-meta":"","header-below-stick-meta":"","astra-migrate-meta-layouts":"default","ast-page-background-enabled":"default","ast-page-background-meta":{"desktop":{"background-color":"var(--ast-global-color-4)","background-image":"","background-repeat":"repeat","background-position":"center center","background-size":"auto","background-attachment":"scroll","background-type":"","background-media":"","overlay-type":"","overlay-color":"","overlay-opacity":"","overlay-gradient":""},"tablet":{"background-color":"","background-image":"","background-repeat":"repeat","background-position":"center center","background-size":"auto","background-attachment":"scroll","background-type":"","background-media":"","overlay-type":"","overlay-color":"","overlay-opacity":"","overlay-gradient":""},"mobile":{"background-color":"","background-image":"","background-repeat":"repeat","background-position":"center center","background-size":"auto","background-attachment":"scroll","background-type":"","background-media":"","overlay-type":"","overlay-color":"","overlay-opacity":"","overlay-gradient":""}},"ast-content-background-meta":{"desktop":{"background-color":"var(--ast-global-color-5)","background-image":"","background-repeat":"repeat","background-position":"center center","background-size":"auto","background-attachment":"scroll","background-type":"","background-media":"","overlay-type":"","overlay-color":"","overlay-opacity":"","overlay-gradient":""},"tablet":{"background-color":"var(--ast-global-color-5)","background-image":"","background-repeat":"repeat","background-position":"center center","background-size":"auto","background-attachment":"scroll","background-type":"","background-media":"","overlay-type":"","overlay-color":"","overlay-opacity":"","overlay-gradient":""},"mobile":{"background-color":"var(--ast-global-color-5)","background-image":"","background-repeat":"repeat","background-position":"center center","background-size":"auto","background-attachment":"scroll","background-type":"","background-media":"","overlay-type":"","overlay-color":"","overlay-opacity":"","overlay-gradient":""}}},"product_brand":[],"product_cat":[315,21],"product_tag":[],"class_list":{"0":"post-37303","1":"product","2":"type-product","3":"status-publish","4":"has-post-thumbnail","6":"product_cat-medidor-de-ph","7":"product_cat-productos","8":"desktop-align-left","9":"tablet-align-left","10":"mobile-align-left","11":"ast-product-gallery-layout-horizontal-slider","12":"ast-magnify-disabled","13":"ast-product-tabs-layout-horizontal","14":"ast-qv-on-image","16":"first","17":"instock","18":"taxable","19":"shipping-taxable","20":"purchasable","21":"product-type-simple"},"acf":[],"yoast_head":"<!-- This site is optimized with the Yoast SEO Premium plugin v27.1 (Yoast SEO v27.1.1) - https:\/\/yoast.com\/product\/yoast-seo-premium-wordpress\/ -->\n<title>Medidor de s\u00f3lidos disueltos. TDS: Comprar Online - Alquera.com<\/title>\n<meta name=\"description\" content=\"ENV\u00cdOS EN 24\/48H. Comprar medidor de s\u00f3lidos disueltos. TDS Total dissolved solids. Usado en filtros de agua, alimentos, piscinas, acuarios\" \/>\n<meta name=\"robots\" content=\"index, follow, max-snippet:-1, max-image-preview:large, max-video-preview:-1\" \/>\n<link rel=\"canonical\" href=\"https:\/\/www.alquera.com\/fr\/medidor-de-tds-solidos-disueltos\/\" \/>\n<meta property=\"og:locale\" content=\"fr_FR\" \/>\n<meta property=\"og:type\" content=\"article\" \/>\n<meta property=\"og:title\" content=\"Medidor de s\u00f3lidos disueltos. TDS: Comprar Online - Alquera.com\" \/>\n<meta property=\"og:description\" content=\"ENV\u00cdOS EN 24\/48H. Comprar medidor de s\u00f3lidos disueltos. TDS Total dissolved solids. Usado en filtros de agua, alimentos, piscinas, acuarios\" \/>\n<meta property=\"og:url\" content=\"https:\/\/www.alquera.com\/fr\/medidor-de-tds-solidos-disueltos\/\" \/>\n<meta property=\"og:site_name\" content=\"Alquera.com\" \/>\n<meta property=\"article:publisher\" content=\"https:\/\/www.facebook.com\/alqueraciencia\" \/>\n<meta property=\"article:modified_time\" content=\"2023-03-17T10:05:46+00:00\" \/>\n<meta property=\"og:image\" content=\"https:\/\/www.alquera.com\/wp-content\/uploads\/2022\/03\/HTB17aWcaiLxK1Rjy0Ffq6zYdVXat.jpg\" \/>\n\t<meta property=\"og:image:width\" content=\"800\" \/>\n\t<meta property=\"og:image:height\" content=\"800\" \/>\n\t<meta property=\"og:image:type\" content=\"image\/jpeg\" \/>\n<meta name=\"twitter:card\" content=\"summary_large_image\" \/>\n<meta name=\"twitter:label1\" content=\"Prix\" \/>\n\t<meta name=\"twitter:data1\" content=\"10,90&euro;\" \/>\n\t<meta name=\"twitter:label2\" content=\"Disponibilit\u00e9\" \/>\n\t<meta name=\"twitter:data2\" content=\"En stock\" \/>\n<script type=\"application\/ld+json\" class=\"yoast-schema-graph\">{\"@context\":\"https:\/\/schema.org\",\"@graph\":[{\"@type\":[\"WebPage\",\"ItemPage\"],\"@id\":\"https:\/\/www.alquera.com\/medidor-de-tds-solidos-disueltos\/\",\"url\":\"https:\/\/www.alquera.com\/medidor-de-tds-solidos-disueltos\/\",\"name\":\"Medidor de s\u00f3lidos disueltos. TDS: Comprar Online - Alquera.com\",\"isPartOf\":{\"@id\":\"https:\/\/www.alquera.com\/en\/#website\"},\"primaryImageOfPage\":{\"@id\":\"https:\/\/www.alquera.com\/medidor-de-tds-solidos-disueltos\/#primaryimage\"},\"image\":{\"@id\":\"https:\/\/www.alquera.com\/medidor-de-tds-solidos-disueltos\/#primaryimage\"},\"thumbnailUrl\":\"https:\/\/www.alquera.com\/wp-content\/uploads\/2022\/03\/HTB17aWcaiLxK1Rjy0Ffq6zYdVXat.jpg\",\"datePublished\":\"2022-03-24T09:09:58+00:00\",\"dateModified\":\"2023-03-17T10:05:46+00:00\",\"description\":\"ENV\u00cdOS EN 24\/48H. Comprar medidor de s\u00f3lidos disueltos. TDS Total dissolved solids. Usado en filtros de agua, alimentos, piscinas, acuarios\",\"breadcrumb\":{\"@id\":\"https:\/\/www.alquera.com\/medidor-de-tds-solidos-disueltos\/#breadcrumb\"},\"inLanguage\":\"fr-FR\",\"potentialAction\":[{\"@type\":\"ReadAction\",\"target\":[\"https:\/\/www.alquera.com\/medidor-de-tds-solidos-disueltos\/\"]}]},{\"@type\":\"ImageObject\",\"inLanguage\":\"fr-FR\",\"@id\":\"https:\/\/www.alquera.com\/medidor-de-tds-solidos-disueltos\/#primaryimage\",\"url\":\"https:\/\/www.alquera.com\/wp-content\/uploads\/2022\/03\/HTB17aWcaiLxK1Rjy0Ffq6zYdVXat.jpg\",\"contentUrl\":\"https:\/\/www.alquera.com\/wp-content\/uploads\/2022\/03\/HTB17aWcaiLxK1Rjy0Ffq6zYdVXat.jpg\",\"width\":800,\"height\":800,\"caption\":\"ph\"},{\"@type\":\"BreadcrumbList\",\"@id\":\"https:\/\/www.alquera.com\/medidor-de-tds-solidos-disueltos\/#breadcrumb\",\"itemListElement\":[{\"@type\":\"ListItem\",\"position\":1,\"name\":\"Inicio\",\"item\":\"https:\/\/www.alquera.com\/\"},{\"@type\":\"ListItem\",\"position\":2,\"name\":\"Alquera.com: Tienda Online de Productos Qu\u00edmicos y Material de Laboratorio\",\"item\":\"https:\/\/www.alquera.com\/en\/tienda\/\"},{\"@type\":\"ListItem\",\"position\":3,\"name\":\"Medidor de s\u00f3lidos disueltos. TDS\"}]},{\"@type\":\"WebSite\",\"@id\":\"https:\/\/www.alquera.com\/en\/#website\",\"url\":\"https:\/\/www.alquera.com\/en\/\",\"name\":\"Alquera.com\",\"description\":\"Tienda Online Productos Qu\u00edmicos y Material de Laboratorio\",\"publisher\":{\"@id\":\"https:\/\/www.alquera.com\/en\/#organization\"},\"potentialAction\":[{\"@type\":\"SearchAction\",\"target\":{\"@type\":\"EntryPoint\",\"urlTemplate\":\"https:\/\/www.alquera.com\/en\/?s={search_term_string}\"},\"query-input\":{\"@type\":\"PropertyValueSpecification\",\"valueRequired\":true,\"valueName\":\"search_term_string\"}}],\"inLanguage\":\"fr-FR\"},{\"@type\":\"Organization\",\"@id\":\"https:\/\/www.alquera.com\/en\/#organization\",\"name\":\"ALQUERA CIENCIA SL\",\"url\":\"https:\/\/www.alquera.com\/en\/\",\"logo\":{\"@type\":\"ImageObject\",\"inLanguage\":\"fr-FR\",\"@id\":\"https:\/\/www.alquera.com\/en\/#\/schema\/logo\/image\/\",\"url\":\"https:\/\/www.alquera.com\/wp-content\/uploads\/2020\/11\/logo_300_ancho.png\",\"contentUrl\":\"https:\/\/www.alquera.com\/wp-content\/uploads\/2020\/11\/logo_300_ancho.png\",\"width\":300,\"height\":86,\"caption\":\"ALQUERA CIENCIA SL\"},\"image\":{\"@id\":\"https:\/\/www.alquera.com\/en\/#\/schema\/logo\/image\/\"},\"sameAs\":[\"https:\/\/www.facebook.com\/alqueraciencia\",\"https:\/\/www.instagram.com\/alquera_ciencia\/\",\"https:\/\/www.youtube.com\/c\/alquera\"]}]}<\/script>\n<meta property=\"product:price:amount\" content=\"10.90\" \/>\n<meta property=\"product:price:currency\" content=\"EUR\" \/>\n<meta property=\"og:availability\" content=\"instock\" \/>\n<meta property=\"product:availability\" content=\"instock\" \/>\n<meta property=\"product:retailer_item_id\" content=\"ALQ0100_PH\" \/>\n<meta property=\"product:condition\" content=\"new\" \/>\n<!-- \/ Yoast SEO Premium plugin. -->","yoast_head_json":{"title":"Mesureur de solides dissous. TDS : Acheter en ligne - Alquera.com","description":"EXP\u00c9DITION EN 24\/48H. Acheter un compteur de solides dissous. TDS Total des solides dissous. Utilis\u00e9 dans les filtres \u00e0 eau, les aliments, les piscines, les aquariums.","robots":{"index":"index","follow":"follow","max-snippet":"max-snippet:-1","max-image-preview":"max-image-preview:large","max-video-preview":"max-video-preview:-1"},"canonical":"https:\/\/www.alquera.com\/fr\/medidor-de-tds-solidos-disueltos\/","og_locale":"fr_FR","og_type":"article","og_title":"Medidor de s\u00f3lidos disueltos. TDS: Comprar Online - Alquera.com","og_description":"ENV\u00cdOS EN 24\/48H. Comprar medidor de s\u00f3lidos disueltos. TDS Total dissolved solids. Usado en filtros de agua, alimentos, piscinas, acuarios","og_url":"https:\/\/www.alquera.com\/fr\/medidor-de-tds-solidos-disueltos\/","og_site_name":"Alquera.com","article_publisher":"https:\/\/www.facebook.com\/alqueraciencia","article_modified_time":"2023-03-17T10:05:46+00:00","og_image":[{"width":800,"height":800,"url":"https:\/\/www.alquera.com\/wp-content\/uploads\/2022\/03\/HTB17aWcaiLxK1Rjy0Ffq6zYdVXat.jpg","type":"image\/jpeg"}],"twitter_card":"summary_large_image","twitter_misc":{"Prix":"10,90&euro;","Disponibilit\u00e9":"En stock"},"schema":{"@context":"https:\/\/schema.org","@graph":[{"@type":["WebPage","ItemPage"],"@id":"https:\/\/www.alquera.com\/medidor-de-tds-solidos-disueltos\/","url":"https:\/\/www.alquera.com\/medidor-de-tds-solidos-disueltos\/","name":"Mesureur de solides dissous. TDS : Acheter en ligne - Alquera.com","isPartOf":{"@id":"https:\/\/www.alquera.com\/en\/#website"},"primaryImageOfPage":{"@id":"https:\/\/www.alquera.com\/medidor-de-tds-solidos-disueltos\/#primaryimage"},"image":{"@id":"https:\/\/www.alquera.com\/medidor-de-tds-solidos-disueltos\/#primaryimage"},"thumbnailUrl":"https:\/\/www.alquera.com\/wp-content\/uploads\/2022\/03\/HTB17aWcaiLxK1Rjy0Ffq6zYdVXat.jpg","datePublished":"2022-03-24T09:09:58+00:00","dateModified":"2023-03-17T10:05:46+00:00","description":"EXP\u00c9DITION EN 24\/48H. Acheter un compteur de solides dissous. TDS Total des solides dissous. Utilis\u00e9 dans les filtres \u00e0 eau, les aliments, les piscines, les aquariums.","breadcrumb":{"@id":"https:\/\/www.alquera.com\/medidor-de-tds-solidos-disueltos\/#breadcrumb"},"inLanguage":"fr-FR","potentialAction":[{"@type":"ReadAction","target":["https:\/\/www.alquera.com\/medidor-de-tds-solidos-disueltos\/"]}]},{"@type":"ImageObject","inLanguage":"fr-FR","@id":"https:\/\/www.alquera.com\/medidor-de-tds-solidos-disueltos\/#primaryimage","url":"https:\/\/www.alquera.com\/wp-content\/uploads\/2022\/03\/HTB17aWcaiLxK1Rjy0Ffq6zYdVXat.jpg","contentUrl":"https:\/\/www.alquera.com\/wp-content\/uploads\/2022\/03\/HTB17aWcaiLxK1Rjy0Ffq6zYdVXat.jpg","width":800,"height":800,"caption":"ph"},{"@type":"BreadcrumbList","@id":"https:\/\/www.alquera.com\/medidor-de-tds-solidos-disueltos\/#breadcrumb","itemListElement":[{"@type":"ListItem","position":1,"name":"Inicio","item":"https:\/\/www.alquera.com\/"},{"@type":"ListItem","position":2,"name":"Alquera.com: Tienda Online de Productos Qu\u00edmicos y Material de Laboratorio","item":"https:\/\/www.alquera.com\/en\/tienda\/"},{"@type":"ListItem","position":3,"name":"Medidor de s\u00f3lidos disueltos. TDS"}]},{"@type":"WebSite","@id":"https:\/\/www.alquera.com\/en\/#website","url":"https:\/\/www.alquera.com\/en\/","name":"Alquera.com","description":"Boutique en ligne Produits chimiques et \u00e9quipements de laboratoire","publisher":{"@id":"https:\/\/www.alquera.com\/en\/#organization"},"potentialAction":[{"@type":"SearchAction","target":{"@type":"EntryPoint","urlTemplate":"https:\/\/www.alquera.com\/en\/?s={search_term_string}"},"query-input":{"@type":"PropertyValueSpecification","valueRequired":true,"valueName":"search_term_string"}}],"inLanguage":"fr-FR"},{"@type":"Organization","@id":"https:\/\/www.alquera.com\/en\/#organization","name":"ALQUERA CIENCIA SL","url":"https:\/\/www.alquera.com\/en\/","logo":{"@type":"ImageObject","inLanguage":"fr-FR","@id":"https:\/\/www.alquera.com\/en\/#\/schema\/logo\/image\/","url":"https:\/\/www.alquera.com\/wp-content\/uploads\/2020\/11\/logo_300_ancho.png","contentUrl":"https:\/\/www.alquera.com\/wp-content\/uploads\/2020\/11\/logo_300_ancho.png","width":300,"height":86,"caption":"ALQUERA CIENCIA SL"},"image":{"@id":"https:\/\/www.alquera.com\/en\/#\/schema\/logo\/image\/"},"sameAs":["https:\/\/www.facebook.com\/alqueraciencia","https:\/\/www.instagram.com\/alquera_ciencia\/","https:\/\/www.youtube.com\/c\/alquera"]}]},"product_price_amount":"10.90","product_price_currency":"EUR","og_availability":"instock","product_availability":"instock","product_retailer_item_id":"ALQ0100_PH","product_condition":"new"},"_links":{"self":[{"href":"https:\/\/www.alquera.com\/fr\/wp-json\/wp\/v2\/product\/37303","targetHints":{"allow":["GET"]}}],"collection":[{"href":"https:\/\/www.alquera.com\/fr\/wp-json\/wp\/v2\/product"}],"about":[{"href":"https:\/\/www.alquera.com\/fr\/wp-json\/wp\/v2\/types\/product"}],"replies":[{"embeddable":true,"href":"https:\/\/www.alquera.com\/fr\/wp-json\/wp\/v2\/comments?post=37303"}],"wp:featuredmedia":[{"embeddable":true,"href":"https:\/\/www.alquera.com\/fr\/wp-json\/wp\/v2\/media\/37312"}],"wp:attachment":[{"href":"https:\/\/www.alquera.com\/fr\/wp-json\/wp\/v2\/media?parent=37303"}],"wp:term":[{"taxonomy":"product_brand","embeddable":true,"href":"https:\/\/www.alquera.com\/fr\/wp-json\/wp\/v2\/product_brand?post=37303"},{"taxonomy":"product_cat","embeddable":true,"href":"https:\/\/www.alquera.com\/fr\/wp-json\/wp\/v2\/product_cat?post=37303"},{"taxonomy":"product_tag","embeddable":true,"href":"https:\/\/www.alquera.com\/fr\/wp-json\/wp\/v2\/product_tag?post=37303"}],"curies":[{"name":"wp","href":"https:\/\/api.w.org\/{rel}","templated":true}]}}