{"id":37968,"date":"2022-05-20T10:39:31","date_gmt":"2022-05-20T10:39:31","guid":{"rendered":"https:\/\/www.alquera.com\/?post_type=product&#038;p=37968"},"modified":"2026-02-23T16:12:29","modified_gmt":"2026-02-23T16:12:29","slug":"micorrizas-polvo","status":"publish","type":"product","link":"https:\/\/www.alquera.com\/fr\/micorrizas-polvo\/","title":{"rendered":"Mycorhize en poudre"},"content":{"rendered":"<h2>Qu\u2019est-ce que la poudre de mycorhizes?<\/h2>\n<p>Il s\u2019agit d\u2019un produit naturel qui est compos\u00e9 de prop\u00e1gulos de champignons formant des endomycorhizes m\u00e9lang\u00e9s avec des substrats organiques min\u00e9raux. Il comprend des compos\u00e9s naturels d\u2019origine v\u00e9g\u00e9tale et un agent super absorbant de l\u2019eau.<\/p>\n<p><strong>Caract\u00e9ristiques g\u00e9n\u00e9rales et mode d\u2019action<\/strong><\/p>\n<p>Il s\u2019agit d\u2019une formule tr\u00e8s pens\u00e9e pour la pratique rapide des champignons dans les plantes en p\u00e9pini\u00e8re ou en champ (dans les plantes d\u00e9j\u00e0 \u00e9tablies ou pendant la transplantation). Certains des avantages qu\u2019il apporte aux plantes comprennent\u00a0: une meilleure absorption de l\u2019eau et des min\u00e9raux du sol, une meilleure survie, une r\u00e9sistance accrue et\/ou une tol\u00e9rance aux d\u00e9terminateurs pathog\u00e8nes du sol, ainsi qu\u2019au stress hydrique et salin. Les autres avantages sont d\u2019augmenter le syst\u00e8me racinaire de la plante et de r\u00e9duire les apports d\u2019eau et d\u2019engrais.<\/p>\n<h2>application<\/h2>\n<p>Il est formul\u00e9 pour toutes les cultures sem\u00e9es en champ ou en p\u00e9pini\u00e8re.<\/p>\n<p>Bien m\u00e9langer le produit avec l\u2019eau que nous utilisons habituellement pour l\u2019irrigation et l\u2019engrais des plantes. Apr\u00e8s l\u2019application, arrosez doucement pour compl\u00e9ter l\u2019absorption du produit. Un pour cent du produit est insoluble dans l\u2019eau, de sorte que les filtres de moins de 150 microm\u00e8tres de taille doivent \u00eatre retir\u00e9s du syst\u00e8me d\u2019irrigation pour \u00e9viter les obstructions.<\/p>\n<p><strong>Dose:<\/strong><\/p>\n<ul>\n<li>Plante horticole p\u00e9pini\u00e8re\u00a0: 0,2-0,4 g.<\/li>\n<li>Plante 1 an\u00a0: 1g.<\/li>\n<li>Plante 2-5 ans 2 g.<\/li>\n<li>Plante 10-20 ans 4 g\/plante.<\/li>\n<li>Arbres monumentaux\u00a0: 10g\/plante<\/li>\n<\/ul>","protected":false},"excerpt":{"rendered":"<p>Acheter Mycorhizes en poudre dans sachets de 100g jusqu'\u00e0 500g. Le prix des diff\u00e9rents formats de mycorhizes en poudre vous pouvez le voir en s\u00e9lectionnant le format que vous souhaitez. La commande se r\u00e9alise directement par la web et vous devez suivre les \u00e9tapes indiqu\u00e9es. L'envoie se fait par UPS et vous le recevrez dans 4-5 jours. <a href=\"https:\/\/www.alquera.com\/fr\/micorrizas\/\">mycorhizes en comprim\u00e9s\u00a0<\/a><\/p>","protected":false},"featured_media":38354,"comment_status":"open","ping_status":"closed","template":"","meta":{"_acf_changed":false,"site-sidebar-layout":"default","site-content-layout":"default","ast-site-content-layout":"default","site-content-style":"default","site-sidebar-style":"default","ast-global-header-display":"","ast-banner-title-visibility":"","ast-main-header-display":"","ast-hfb-above-header-display":"","ast-hfb-below-header-display":"","ast-hfb-mobile-header-display":"","site-post-title":"","ast-breadcrumbs-content":"","ast-featured-img":"","footer-sml-layout":"","ast-disable-related-posts":"","theme-transparent-header-meta":"default","adv-header-id-meta":"","stick-header-meta":"default","header-above-stick-meta":"","header-main-stick-meta":"","header-below-stick-meta":"","astra-migrate-meta-layouts":"default","ast-page-background-enabled":"default","ast-page-background-meta":{"desktop":{"background-color":"var(--ast-global-color-4)","background-image":"","background-repeat":"repeat","background-position":"center center","background-size":"auto","background-attachment":"scroll","background-type":"","background-media":"","overlay-type":"","overlay-color":"","overlay-opacity":"","overlay-gradient":""},"tablet":{"background-color":"","background-image":"","background-repeat":"repeat","background-position":"center center","background-size":"auto","background-attachment":"scroll","background-type":"","background-media":"","overlay-type":"","overlay-color":"","overlay-opacity":"","overlay-gradient":""},"mobile":{"background-color":"","background-image":"","background-repeat":"repeat","background-position":"center center","background-size":"auto","background-attachment":"scroll","background-type":"","background-media":"","overlay-type":"","overlay-color":"","overlay-opacity":"","overlay-gradient":""}},"ast-content-background-meta":{"desktop":{"background-color":"var(--ast-global-color-5)","background-image":"","background-repeat":"repeat","background-position":"center center","background-size":"auto","background-attachment":"scroll","background-type":"","background-media":"","overlay-type":"","overlay-color":"","overlay-opacity":"","overlay-gradient":""},"tablet":{"background-color":"var(--ast-global-color-5)","background-image":"","background-repeat":"repeat","background-position":"center center","background-size":"auto","background-attachment":"scroll","background-type":"","background-media":"","overlay-type":"","overlay-color":"","overlay-opacity":"","overlay-gradient":""},"mobile":{"background-color":"var(--ast-global-color-5)","background-image":"","background-repeat":"repeat","background-position":"center center","background-size":"auto","background-attachment":"scroll","background-type":"","background-media":"","overlay-type":"","overlay-color":"","overlay-opacity":"","overlay-gradient":""}}},"product_brand":[],"product_cat":[213,21],"product_tag":[],"class_list":{"0":"post-37968","1":"product","2":"type-product","3":"status-publish","4":"has-post-thumbnail","6":"product_cat-agroquimicos","7":"product_cat-productos","8":"pa_cantidad-100g","9":"pa_cantidad-250g","10":"pa_cantidad-500g","11":"desktop-align-left","12":"tablet-align-left","13":"mobile-align-left","14":"ast-product-gallery-layout-horizontal-slider","15":"ast-product-gallery-with-no-image","16":"ast-magnify-disabled","17":"ast-product-single-variable","18":"ast-product-tabs-layout-horizontal","19":"ast-qv-on-image","21":"first","22":"instock","23":"taxable","24":"shipping-taxable","25":"purchasable","26":"product-type-variable","27":"has-default-attributes"},"acf":[],"yoast_head":"<!-- This site is optimized with the Yoast SEO Premium plugin v27.1 (Yoast SEO v27.1.1) - https:\/\/yoast.com\/product\/yoast-seo-premium-wordpress\/ -->\n<title>Micorrizas en Polvo: Comprar Online - Alquera.com<\/title>\n<meta name=\"description\" content=\"ENV\u00cdOS EN 24\/48H. Comprar Polvo de Micorrizas en Alquera, para favorecer el crecimiento de la planta. En 100, 250 y 500g.\" \/>\n<meta name=\"robots\" content=\"index, follow, max-snippet:-1, max-image-preview:large, max-video-preview:-1\" \/>\n<link rel=\"canonical\" href=\"https:\/\/www.alquera.com\/fr\/micorrizas-polvo\/\" \/>\n<meta property=\"og:locale\" content=\"fr_FR\" \/>\n<meta property=\"og:type\" content=\"article\" \/>\n<meta property=\"og:title\" content=\"Micorrizas en Polvo: Comprar Online - Alquera.com\" \/>\n<meta property=\"og:description\" content=\"ENV\u00cdOS EN 24\/48H. Comprar Polvo de Micorrizas en Alquera, para favorecer el crecimiento de la planta. En 100, 250 y 500g.\" \/>\n<meta property=\"og:url\" content=\"https:\/\/www.alquera.com\/fr\/micorrizas-polvo\/\" \/>\n<meta property=\"og:site_name\" content=\"Alquera.com\" \/>\n<meta property=\"article:publisher\" content=\"https:\/\/www.facebook.com\/alqueraciencia\" \/>\n<meta property=\"article:modified_time\" content=\"2026-02-23T16:12:29+00:00\" \/>\n<meta property=\"og:image\" content=\"https:\/\/www.alquera.com\/wp-content\/uploads\/2022\/05\/Polvo-micorriza.png\" \/>\n\t<meta property=\"og:image:width\" content=\"600\" \/>\n\t<meta property=\"og:image:height\" content=\"555\" \/>\n\t<meta property=\"og:image:type\" content=\"image\/png\" \/>\n<meta name=\"twitter:card\" content=\"summary_large_image\" \/>\n<meta name=\"twitter:label1\" content=\"Disponibilit\u00e9\" \/>\n\t<meta name=\"twitter:data1\" content=\"En stock\" \/>\n<script type=\"application\/ld+json\" class=\"yoast-schema-graph\">{\"@context\":\"https:\/\/schema.org\",\"@graph\":[{\"@type\":[\"WebPage\",\"ItemPage\"],\"@id\":\"https:\/\/www.alquera.com\/micorrizas-polvo\/\",\"url\":\"https:\/\/www.alquera.com\/micorrizas-polvo\/\",\"name\":\"Micorrizas en Polvo: Comprar Online - Alquera.com\",\"isPartOf\":{\"@id\":\"https:\/\/www.alquera.com\/en\/#website\"},\"primaryImageOfPage\":{\"@id\":\"https:\/\/www.alquera.com\/micorrizas-polvo\/#primaryimage\"},\"image\":{\"@id\":\"https:\/\/www.alquera.com\/micorrizas-polvo\/#primaryimage\"},\"thumbnailUrl\":\"https:\/\/www.alquera.com\/wp-content\/uploads\/2022\/05\/Polvo-micorriza.png\",\"datePublished\":\"2022-05-20T10:39:31+00:00\",\"dateModified\":\"2026-02-23T16:12:29+00:00\",\"description\":\"ENV\u00cdOS EN 24\/48H. Comprar Polvo de Micorrizas en Alquera, para favorecer el crecimiento de la planta. En 100, 250 y 500g.\",\"breadcrumb\":{\"@id\":\"https:\/\/www.alquera.com\/micorrizas-polvo\/#breadcrumb\"},\"inLanguage\":\"fr-FR\",\"potentialAction\":[{\"@type\":\"ReadAction\",\"target\":[\"https:\/\/www.alquera.com\/micorrizas-polvo\/\"]}]},{\"@type\":\"ImageObject\",\"inLanguage\":\"fr-FR\",\"@id\":\"https:\/\/www.alquera.com\/micorrizas-polvo\/#primaryimage\",\"url\":\"https:\/\/www.alquera.com\/wp-content\/uploads\/2022\/05\/Polvo-micorriza.png\",\"contentUrl\":\"https:\/\/www.alquera.com\/wp-content\/uploads\/2022\/05\/Polvo-micorriza.png\",\"width\":600,\"height\":555,\"caption\":\"Polvo micorriza\"},{\"@type\":\"BreadcrumbList\",\"@id\":\"https:\/\/www.alquera.com\/micorrizas-polvo\/#breadcrumb\",\"itemListElement\":[{\"@type\":\"ListItem\",\"position\":1,\"name\":\"Inicio\",\"item\":\"https:\/\/www.alquera.com\/\"},{\"@type\":\"ListItem\",\"position\":2,\"name\":\"Alquera.com: Tienda Online de Productos Qu\u00edmicos y Material de Laboratorio\",\"item\":\"https:\/\/www.alquera.com\/en\/tienda\/\"},{\"@type\":\"ListItem\",\"position\":3,\"name\":\"Micorrizas en Polvo\"}]},{\"@type\":\"WebSite\",\"@id\":\"https:\/\/www.alquera.com\/en\/#website\",\"url\":\"https:\/\/www.alquera.com\/en\/\",\"name\":\"Alquera.com\",\"description\":\"Tienda Online Productos Qu\u00edmicos y Material de Laboratorio\",\"publisher\":{\"@id\":\"https:\/\/www.alquera.com\/en\/#organization\"},\"potentialAction\":[{\"@type\":\"SearchAction\",\"target\":{\"@type\":\"EntryPoint\",\"urlTemplate\":\"https:\/\/www.alquera.com\/en\/?s={search_term_string}\"},\"query-input\":{\"@type\":\"PropertyValueSpecification\",\"valueRequired\":true,\"valueName\":\"search_term_string\"}}],\"inLanguage\":\"fr-FR\"},{\"@type\":\"Organization\",\"@id\":\"https:\/\/www.alquera.com\/en\/#organization\",\"name\":\"ALQUERA CIENCIA SL\",\"url\":\"https:\/\/www.alquera.com\/en\/\",\"logo\":{\"@type\":\"ImageObject\",\"inLanguage\":\"fr-FR\",\"@id\":\"https:\/\/www.alquera.com\/en\/#\/schema\/logo\/image\/\",\"url\":\"https:\/\/www.alquera.com\/wp-content\/uploads\/2020\/11\/logo_300_ancho.png\",\"contentUrl\":\"https:\/\/www.alquera.com\/wp-content\/uploads\/2020\/11\/logo_300_ancho.png\",\"width\":300,\"height\":86,\"caption\":\"ALQUERA CIENCIA SL\"},\"image\":{\"@id\":\"https:\/\/www.alquera.com\/en\/#\/schema\/logo\/image\/\"},\"sameAs\":[\"https:\/\/www.facebook.com\/alqueraciencia\",\"https:\/\/www.instagram.com\/alquera_ciencia\/\",\"https:\/\/www.youtube.com\/c\/alquera\"]}]}<\/script>\n<meta property=\"og:availability\" content=\"instock\" \/>\n<meta property=\"product:availability\" content=\"instock\" \/>\n<meta property=\"product:condition\" content=\"new\" \/>\n<!-- \/ Yoast SEO Premium plugin. -->","yoast_head_json":{"title":"Poudre de mycorhize : Acheter en ligne - Alquera.com","description":"EXP\u00c9DITION EN 24\/48H. Acheter Poudre de Mycorhizes \u00e0 Alquera, pour favoriser la croissance de la plante. \u00c0 100, 250 et 500g.","robots":{"index":"index","follow":"follow","max-snippet":"max-snippet:-1","max-image-preview":"max-image-preview:large","max-video-preview":"max-video-preview:-1"},"canonical":"https:\/\/www.alquera.com\/fr\/micorrizas-polvo\/","og_locale":"fr_FR","og_type":"article","og_title":"Micorrizas en Polvo: Comprar Online - Alquera.com","og_description":"ENV\u00cdOS EN 24\/48H. Comprar Polvo de Micorrizas en Alquera, para favorecer el crecimiento de la planta. En 100, 250 y 500g.","og_url":"https:\/\/www.alquera.com\/fr\/micorrizas-polvo\/","og_site_name":"Alquera.com","article_publisher":"https:\/\/www.facebook.com\/alqueraciencia","article_modified_time":"2026-02-23T16:12:29+00:00","og_image":[{"width":600,"height":555,"url":"https:\/\/www.alquera.com\/wp-content\/uploads\/2022\/05\/Polvo-micorriza.png","type":"image\/png"}],"twitter_card":"summary_large_image","twitter_misc":{"Disponibilit\u00e9":"En stock"},"schema":{"@context":"https:\/\/schema.org","@graph":[{"@type":["WebPage","ItemPage"],"@id":"https:\/\/www.alquera.com\/micorrizas-polvo\/","url":"https:\/\/www.alquera.com\/micorrizas-polvo\/","name":"Poudre de mycorhize : Acheter en ligne - Alquera.com","isPartOf":{"@id":"https:\/\/www.alquera.com\/en\/#website"},"primaryImageOfPage":{"@id":"https:\/\/www.alquera.com\/micorrizas-polvo\/#primaryimage"},"image":{"@id":"https:\/\/www.alquera.com\/micorrizas-polvo\/#primaryimage"},"thumbnailUrl":"https:\/\/www.alquera.com\/wp-content\/uploads\/2022\/05\/Polvo-micorriza.png","datePublished":"2022-05-20T10:39:31+00:00","dateModified":"2026-02-23T16:12:29+00:00","description":"EXP\u00c9DITION EN 24\/48H. Acheter Poudre de Mycorhizes \u00e0 Alquera, pour favoriser la croissance de la plante. \u00c0 100, 250 et 500g.","breadcrumb":{"@id":"https:\/\/www.alquera.com\/micorrizas-polvo\/#breadcrumb"},"inLanguage":"fr-FR","potentialAction":[{"@type":"ReadAction","target":["https:\/\/www.alquera.com\/micorrizas-polvo\/"]}]},{"@type":"ImageObject","inLanguage":"fr-FR","@id":"https:\/\/www.alquera.com\/micorrizas-polvo\/#primaryimage","url":"https:\/\/www.alquera.com\/wp-content\/uploads\/2022\/05\/Polvo-micorriza.png","contentUrl":"https:\/\/www.alquera.com\/wp-content\/uploads\/2022\/05\/Polvo-micorriza.png","width":600,"height":555,"caption":"Polvo micorriza"},{"@type":"BreadcrumbList","@id":"https:\/\/www.alquera.com\/micorrizas-polvo\/#breadcrumb","itemListElement":[{"@type":"ListItem","position":1,"name":"Inicio","item":"https:\/\/www.alquera.com\/"},{"@type":"ListItem","position":2,"name":"Alquera.com: Tienda Online de Productos Qu\u00edmicos y Material de Laboratorio","item":"https:\/\/www.alquera.com\/en\/tienda\/"},{"@type":"ListItem","position":3,"name":"Micorrizas en Polvo"}]},{"@type":"WebSite","@id":"https:\/\/www.alquera.com\/en\/#website","url":"https:\/\/www.alquera.com\/en\/","name":"Alquera.com","description":"Boutique en ligne Produits chimiques et \u00e9quipements de laboratoire","publisher":{"@id":"https:\/\/www.alquera.com\/en\/#organization"},"potentialAction":[{"@type":"SearchAction","target":{"@type":"EntryPoint","urlTemplate":"https:\/\/www.alquera.com\/en\/?s={search_term_string}"},"query-input":{"@type":"PropertyValueSpecification","valueRequired":true,"valueName":"search_term_string"}}],"inLanguage":"fr-FR"},{"@type":"Organization","@id":"https:\/\/www.alquera.com\/en\/#organization","name":"ALQUERA CIENCIA SL","url":"https:\/\/www.alquera.com\/en\/","logo":{"@type":"ImageObject","inLanguage":"fr-FR","@id":"https:\/\/www.alquera.com\/en\/#\/schema\/logo\/image\/","url":"https:\/\/www.alquera.com\/wp-content\/uploads\/2020\/11\/logo_300_ancho.png","contentUrl":"https:\/\/www.alquera.com\/wp-content\/uploads\/2020\/11\/logo_300_ancho.png","width":300,"height":86,"caption":"ALQUERA CIENCIA SL"},"image":{"@id":"https:\/\/www.alquera.com\/en\/#\/schema\/logo\/image\/"},"sameAs":["https:\/\/www.facebook.com\/alqueraciencia","https:\/\/www.instagram.com\/alquera_ciencia\/","https:\/\/www.youtube.com\/c\/alquera"]}]},"og_availability":"instock","product_availability":"instock","product_condition":"new"},"_links":{"self":[{"href":"https:\/\/www.alquera.com\/fr\/wp-json\/wp\/v2\/product\/37968","targetHints":{"allow":["GET"]}}],"collection":[{"href":"https:\/\/www.alquera.com\/fr\/wp-json\/wp\/v2\/product"}],"about":[{"href":"https:\/\/www.alquera.com\/fr\/wp-json\/wp\/v2\/types\/product"}],"replies":[{"embeddable":true,"href":"https:\/\/www.alquera.com\/fr\/wp-json\/wp\/v2\/comments?post=37968"}],"wp:featuredmedia":[{"embeddable":true,"href":"https:\/\/www.alquera.com\/fr\/wp-json\/wp\/v2\/media\/38354"}],"wp:attachment":[{"href":"https:\/\/www.alquera.com\/fr\/wp-json\/wp\/v2\/media?parent=37968"}],"wp:term":[{"taxonomy":"product_brand","embeddable":true,"href":"https:\/\/www.alquera.com\/fr\/wp-json\/wp\/v2\/product_brand?post=37968"},{"taxonomy":"product_cat","embeddable":true,"href":"https:\/\/www.alquera.com\/fr\/wp-json\/wp\/v2\/product_cat?post=37968"},{"taxonomy":"product_tag","embeddable":true,"href":"https:\/\/www.alquera.com\/fr\/wp-json\/wp\/v2\/product_tag?post=37968"}],"curies":[{"name":"wp","href":"https:\/\/api.w.org\/{rel}","templated":true}]}}